{"id":19077,"date":"2026-01-21T13:43:30","date_gmt":"2026-01-21T13:43:30","guid":{"rendered":"https:\/\/orvikpower.com\/?post_type=product&#038;p=19077"},"modified":"2026-01-21T13:44:07","modified_gmt":"2026-01-21T13:44:07","slug":"as700-plus-electric-ride-on-floor-scrubber-industrial-cleaning-wholesale-orvik","status":"publish","type":"product","link":"https:\/\/orvikpower.com\/ar\/product\/as700-plus-electric-ride-on-floor-scrubber-industrial-cleaning-wholesale-orvik","title":{"rendered":"\u0645\u0627\u0643\u064a\u0646\u0629 \u062a\u0646\u0638\u064a\u0641 \u0627\u0644\u0623\u0631\u0636\u064a\u0627\u062a \u0627\u0644\u0643\u0647\u0631\u0628\u0627\u0626\u064a\u0629 AS700 PLUS \u0627\u0644\u0642\u0627\u0628\u0644\u0629 \u0644\u0644\u0631\u0643\u0648\u0628 \u0639\u0644\u0649 \u0627\u0644\u0623\u0631\u0636\u064a\u0627\u062a | \u0627\u0644\u062a\u0646\u0638\u064a\u0641 \u0627\u0644\u0635\u0646\u0627\u0639\u064a \u0628\u0627\u0644\u062c\u0645\u0644\u0629 - ORVIK"},"content":{"rendered":"<p dir=\"auto\">\u0625\u0646 <strong>AS700 PLUS<\/strong> \u0635\u064f\u0645\u0645\u062a \u0644\u062a\u062d\u0644 \u0645\u062d\u0644 \u0627\u0644\u062a\u0646\u0638\u064a\u0641 \u0627\u0644\u064a\u062f\u0648\u064a \u0627\u0644\u0630\u064a \u064a\u062a\u0637\u0644\u0628 \u0639\u0645\u0627\u0644\u0629 \u0643\u062b\u064a\u0641\u0629 \u0628\u0643\u0641\u0627\u0621\u0629 \u0635\u0646\u0627\u0639\u064a\u0629. \u064a\u062a\u0645\u064a\u0632 \u0628\u0640 <strong>\u0633\u0639\u0629 \u062a\u0646\u0638\u064a\u0641 3600 \u0645\u062a\u0631 \u0645\u0631\u0628\u0639\/\u0633\u0627\u0639\u0629<\/strong> \u0648\u0646\u0638\u0627\u0645 \u0627\u0644\u0641\u0631\u0634\u0627\u0629 \u0627\u0644\u0645\u0632\u062f\u0648\u062c\u0629 (\u0645\u064a\u0632\u0629)\u060c \u062a\u0642\u0644\u0644 \u0645\u0627\u0643\u064a\u0646\u0629 \u0627\u0644\u062a\u0646\u0638\u064a\u0641 \u0627\u0644\u062a\u064a \u062a\u064f\u0631\u0643\u0628 \u0639\u0644\u0649 \u0627\u0644\u062f\u0631\u0627\u062c\u0629 \u0628\u0634\u0643\u0644 \u0643\u0628\u064a\u0631 \u0645\u0646 \u0627\u0644\u0648\u0642\u062a \u0627\u0644\u0644\u0627\u0632\u0645 \u0644\u0635\u064a\u0627\u0646\u0629 \u0645\u0633\u0627\u062d\u0627\u062a \u0627\u0644\u0623\u0631\u0636\u064a\u0627\u062a \u0627\u0644\u0643\u0628\u064a\u0631\u0629 \u0645\u062b\u0644 \u0627\u0644\u0645\u0633\u062a\u0648\u062f\u0639\u0627\u062a \u0648\u0627\u0644\u0645\u0633\u062a\u0634\u0641\u064a\u0627\u062a \u0648\u0623\u0631\u0636\u064a\u0627\u062a \u0627\u0644\u0645\u0635\u0627\u0646\u0639 (\u0645\u064a\u0632\u0629).<\/p>\n<div class=\"my-2\"><\/div>\n<p dir=\"auto\">\u0628\u0646\u064a\u062a \u0645\u0639 <strong>\u0647\u064a\u0643\u0644 \u0645\u0635\u0628\u0648\u0628 \u062f\u0648\u0627\u0631 \u0648\u0647\u064a\u0643\u0644 \u0641\u0648\u0644\u0627\u0630\u064a \u0645\u0639\u0627\u0644\u062c \u0628\u0627\u0644\u0643\u0647\u0631\u0628\u0627\u0621<\/strong>, \u064a\u0642\u0627\u0648\u0645 AS700 \u0627\u0644\u0635\u062f\u0645\u0627\u062a \u0648\u0627\u0644\u062a\u0622\u0643\u0644\u060c \u0645\u0645\u0627 \u064a\u0636\u0645\u0646 \u0639\u0645\u0631 \u062e\u062f\u0645\u0629 \u0637\u0648\u064a\u0644 \u062d\u062a\u0649 \u0641\u064a \u0627\u0644\u0628\u064a\u0626\u0627\u062a \u0627\u0644\u0642\u0627\u0633\u064a\u0629. \u064a\u0633\u0645\u062d \u062a\u0635\u0645\u064a\u0645 \u0627\u0644\u0641\u0631\u0634\u0627\u0629 \u0627\u0644\u0645\u063a\u0646\u0627\u0637\u064a\u0633\u064a\u0629 \u0628\u0627\u0633\u062a\u0628\u062f\u0627\u0644\u0647\u0627 \u0628\u062f\u0648\u0646 \u0623\u062f\u0648\u0627\u062a\u060c \u0645\u0645\u0627 \u064a\u0642\u0644\u0644 \u0645\u0646 \u0648\u0642\u062a \u062a\u0639\u0637\u0644 \u0627\u0644\u0635\u064a\u0627\u0646\u0629 (\u0641\u0627\u0626\u062f\u0629). \u0633\u0648\u0627\u0621\u064b \u0644\u0644\u062a\u062d\u0643\u0645 \u0641\u064a \u0627\u0644\u063a\u0628\u0627\u0631 \u0623\u0648 \u0627\u0644\u062a\u0646\u0638\u064a\u0641 \u0627\u0644\u0639\u0645\u064a\u0642\u060c \u062a\u0645 \u062a\u0635\u0645\u064a\u0645 AS700 \u0644\u062c\u0639\u0644 \u0639\u0645\u0644\u0643 \u064a\u062a\u062f\u0641\u0642.<\/p>\n<div class=\"my-2\"><\/div>\n<ul dir=\"auto\">\n<li class=\"text-start\"><strong>\u062a\u062e\u0635\u064a\u0635 \u0627\u0644\u0637\u0627\u0642\u0629:<\/strong> \u064a\u0645\u0643\u0646 \u062a\u062e\u0635\u064a\u0635 \u0642\u0648\u0629 \u0627\u0644\u0645\u062d\u0631\u0643 \u0648\u0639\u0632\u0645 \u0627\u0644\u062f\u0648\u0631\u0627\u0646 \u0644\u062a\u0644\u0628\u064a\u0629 \u0645\u062a\u0637\u0644\u0628\u0627\u062a \u0627\u0644\u0627\u0646\u062d\u062f\u0627\u0631 \u0627\u0644\u0645\u062d\u062f\u062f\u0629.<\/li>\n<li class=\"text-start\"><strong>\u062e\u064a\u0627\u0631\u0627\u062a \u0627\u0644\u0628\u0637\u0627\u0631\u064a\u0629:<\/strong> \u0645\u062c\u0647\u0632 \u0628\u0634\u0643\u0644 \u0642\u064a\u0627\u0633\u064a \u0628\u062d\u0645\u0636 \u0631\u0635\u0627\u0635\u064a 24 \u0641\u0648\u0644\u062a\u061b \u064a\u0645\u0643\u0646 \u062a\u0631\u0642\u064a\u062a\u0647 \u0625\u0644\u0649 LiFePO4 \u0644\u0646\u0648\u0628\u0627\u062a \u0623\u0637\u0648\u0644 \u0648\u0634\u062d\u0646 \u0633\u0631\u064a\u0639.<\/li>\n<\/ul>\n<table class=\"table table-striped-white table-bordered\" data-anchor-id=\"zgd0\">\n<thead>\n<tr>\n<th>\u0627\u0644\u0645\u064a\u0632\u0629<\/th>\n<th>\u0627\u0644\u0645\u0648\u0627\u0635\u0641\u0627\u062a<\/th>\n<\/tr>\n<\/thead>\n<tbody>\n<tr>\n<td><strong>\u0627\u0644\u0637\u0631\u0627\u0632<\/strong><\/td>\n<td>AS700 PLUS (\u0641\u0631\u0634\u0627\u0629 \u0645\u0632\u062f\u0648\u062c\u0629)<\/td>\n<\/tr>\n<tr>\n<td><strong>\u0627\u0644\u0623\u0628\u0639\u0627\u062f (\u0627\u0644\u0637\u0648\u0644*\u0627\u0644\u0639\u0631\u0636*\u0627\u0644\u0627\u0631\u062a\u0641\u0627\u0639)<\/strong><\/td>\n<td>1500 \u00d7 950 \u00d7 1150 \u00d7 1150 \u0645\u0645<\/td>\n<\/tr>\n<tr>\n<td><strong>\u0643\u0641\u0627\u0621\u0629 \u0627\u0644\u062a\u0646\u0638\u064a\u0641<\/strong><\/td>\n<td>3600 \u0645\u062a\u0631 \u0645\u0631\u0628\u0639\/\u0633\u0627\u0639\u0629<\/td>\n<\/tr>\n<tr>\n<td><strong>\u0639\u0631\u0636 \u0627\u0644\u062a\u0646\u0638\u064a\u0641<\/strong><\/td>\n<td>\u0627\u0644\u062a\u0646\u0638\u064a\u0641: 660 \u0645\u0645<\/td>\n<\/tr>\n<tr>\n<td><strong>\u0633\u0639\u0629 \u0627\u0644\u062e\u0632\u0627\u0646<\/strong><\/td>\n<td>\u0627\u0644\u0645\u064a\u0627\u0647 \u0627\u0644\u0646\u0638\u064a\u0641\u0629: 90 \u0644\u062a\u0631<\/td>\n<\/tr>\n<tr>\n<td><strong>\u062c\u0647\u062f \u0627\u0644\u0646\u0638\u0627\u0645<\/strong><\/td>\n<td>24V<\/td>\n<\/tr>\n<tr>\n<td><strong>\u0633\u0639\u0629 \u0627\u0644\u0628\u0637\u0627\u0631\u064a\u0629<\/strong><\/td>\n<td>100 \u0623\u0645\u0628\u064a\u0631 (\u062d\u0645\u0636 \u0627\u0644\u0631\u0635\u0627\u0635 \u0627\u0644\u0642\u064a\u0627\u0633\u064a \/ LiFePO4 \u0627\u0644\u0627\u062e\u062a\u064a\u0627\u0631\u064a)<\/td>\n<\/tr>\n<tr>\n<td><strong>\u0642\u0648\u0629 \u0627\u0644\u0645\u062d\u0631\u0643<\/strong><\/td>\n<td>\u0645\u062d\u0631\u0643 \u0627\u0644\u0623\u0642\u0631\u0627\u0635 500W<\/td>\n<\/tr>\n<tr>\n<td><strong>\u0648\u0642\u062a \u0627\u0644\u062a\u0634\u063a\u064a\u0644<\/strong><\/td>\n<td>2-3 \u0633\u0627\u0639\u0627\u062a (\u062d\u0632\u0645\u0629 \u0642\u064a\u0627\u0633\u064a\u0629)<\/td>\n<\/tr>\n<tr>\n<td><strong>\u0627\u0644\u0634\u0627\u0633\u064a\u0647 \u0648\u0627\u0644\u0647\u064a\u0643\u0644<\/strong><\/td>\n<td>\u0647\u064a\u0643\u0644 \u0641\u0648\u0644\u0627\u0630\u064a \u0643\u0647\u0631\u0628\u0627\u0626\u064a + \u0647\u064a\u0643\u0644 \u0645\u0635\u0628\u0648\u0628 \u062f\u0648\u0627\u0631<\/td>\n<\/tr>\n<tr>\n<td><strong>\u0646\u0648\u0639 \u0627\u0644\u0625\u0637\u0627\u0631<\/strong><\/td>\n<td>\u0645\u0637\u0627\u0637 + \u0628\u0648\u0644\u064a \u064a\u0648\u0631\u064a\u062b\u0627\u0646 (\u0628\u0644\u0627 \u0639\u0644\u0627\u0645\u0627\u062a)<\/td>\n<\/tr>\n<tr>\n<td><strong>\u062a\u062d\u0645\u064a\u0644 \u0627\u0644\u0643\u0645\u064a\u0629 (40HQ)<\/strong><\/td>\n<td><em>\u0627\u0644\u0627\u062a\u0635\u0627\u0644 \u0644\u062e\u0637\u0629 \u0627\u0644\u062a\u062d\u0645\u064a\u0644 \u0627\u0644\u0645\u062d\u0633\u0648\u0628\u0629<\/em><\/td>\n<\/tr>\n<\/tbody>\n<\/table>","protected":false},"excerpt":{"rendered":"<p>\u0642\u0645 \u0628\u0632\u064a\u0627\u062f\u0629 \u0643\u0641\u0627\u0621\u0629 \u0627\u0644\u0646\u0638\u0627\u0641\u0629 \u0625\u0644\u0649 \u0623\u0642\u0635\u0649 \u062d\u062f \u0645\u0645\u0643\u0646 \u0645\u0639 \u0645\u0627\u0643\u064a\u0646\u0629 \u0627\u0644\u062a\u0646\u0638\u064a\u0641 AS700 \u0627\u0644\u0642\u0627\u0628\u0644\u0629 \u0644\u0644\u0631\u0643\u0648\u0628. \u062a\u062a\u0645\u064a\u0632 \u0628\u0645\u0639\u062f\u0644 \u062a\u0646\u0638\u064a\u0641 3600 \u0645\u062a\u0631 \u0645\u0631\u0628\u0639\/\u0633\u0627\u0639\u0629 \u0648\u062e\u0632\u0627\u0646 \u0633\u0639\u0629 90 \u0644\u062a\u0631\u064b\u0627 \u0648\u0647\u064a\u0643\u0644 \u0642\u0648\u064a \u0645\u0635\u0628\u0648\u0628 \u062f\u0648\u0627\u0631. \u062a\u0648\u0631\u064a\u062f FCL \u0645\u0628\u0627\u0634\u0631\u0629 \u0645\u0646 \u0627\u0644\u0645\u0635\u0646\u0639. <strong>\u0627\u0633\u062a\u0641\u0633\u0631 \u0639\u0646 \u0633\u0639\u0631 FCL.<\/strong><\/p>","protected":false},"featured_media":19078,"comment_status":"open","ping_status":"closed","template":"","meta":{"_eb_attr":""},"product_brand":[],"product_cat":[75,74],"product_tag":[92,118,124,91,120,123],"class_list":{"0":"post-19077","1":"product","2":"type-product","3":"status-publish","4":"has-post-thumbnail","6":"product_cat-electric-street-sweepers","7":"product_cat-specialized-service-vehicles","8":"product_tag-factory-floor","9":"product_tag-hospital","10":"product_tag-hotel-resort","11":"product_tag-industrial-park","12":"product_tag-shopping-mall","13":"product_tag-warehouse","15":"first","16":"instock","17":"shipping-taxable","18":"product-type-simple"},"yoast_head":"<!-- This site is optimized with the Yoast SEO plugin v26.9 - https:\/\/yoast.com\/product\/yoast-seo-wordpress\/ -->\n<title>AS700 PLUS Electric Ride-on Floor Scrubber | Industrial Cleaning Wholesale - ORVIK | ORVIK|Light Commercial Electric Vehicles<\/title>\n<meta name=\"robots\" content=\"index, follow, max-snippet:-1, max-image-preview:large, max-video-preview:-1\" \/>\n<link rel=\"canonical\" href=\"https:\/\/orvikpower.com\/ar\/product\/as700-plus-electric-ride-on-floor-scrubber-industrial-cleaning-wholesale-orvik\" \/>\n<meta property=\"og:locale\" content=\"ar_AR\" \/>\n<meta property=\"og:type\" content=\"article\" \/>\n<meta property=\"og:title\" content=\"AS700 PLUS Electric Ride-on Floor Scrubber | Industrial Cleaning Wholesale - ORVIK | ORVIK|Light Commercial Electric Vehicles\" \/>\n<meta property=\"og:description\" content=\"Maximize hygiene efficiency with the AS700 Ride-on Scrubber. Features 3600m\u00b2\/h cleaning rate, 90L tank, and robust rotomolded body. Factory direct FCL supply. Inquire for FCL Price.\" \/>\n<meta property=\"og:url\" content=\"https:\/\/orvikpower.com\/ar\/product\/as700-plus-electric-ride-on-floor-scrubber-industrial-cleaning-wholesale-orvik\" \/>\n<meta property=\"og:site_name\" content=\"ORVIK|Light Commercial Electric Vehicles\" \/>\n<meta property=\"article:modified_time\" content=\"2026-01-21T13:44:07+00:00\" \/>\n<meta property=\"og:image\" content=\"https:\/\/orvikpower.com\/wp-content\/uploads\/2026\/01\/AS700-PLUS-Electric-Ride-on-Floor-Scrubber-Industrial-Cleaning-Wholesale-ORVIK.jpeg\" \/>\n\t<meta property=\"og:image:width\" content=\"1385\" \/>\n\t<meta property=\"og:image:height\" content=\"1280\" \/>\n\t<meta property=\"og:image:type\" content=\"image\/jpeg\" \/>\n<meta name=\"twitter:card\" content=\"summary_large_image\" \/>\n<meta name=\"twitter:label1\" content=\"\u0648\u0642\u062a \u0627\u0644\u0642\u0631\u0627\u0621\u0629 \u0627\u0644\u0645\u064f\u0642\u062f\u0651\u0631\" \/>\n\t<meta name=\"twitter:data1\" content=\"\u062f\u0642\u064a\u0642\u0629 \u0648\u0627\u062d\u062f\u0629\" \/>\n<script type=\"application\/ld+json\" class=\"yoast-schema-graph\">{\"@context\":\"https:\/\/schema.org\",\"@graph\":[{\"@type\":\"WebPage\",\"@id\":\"https:\/\/orvikpower.com\/product\/as700-plus-electric-ride-on-floor-scrubber-industrial-cleaning-wholesale-orvik\",\"url\":\"https:\/\/orvikpower.com\/product\/as700-plus-electric-ride-on-floor-scrubber-industrial-cleaning-wholesale-orvik\",\"name\":\"AS700 PLUS Electric Ride-on Floor Scrubber | Industrial Cleaning Wholesale - ORVIK | ORVIK|Light Commercial Electric Vehicles\",\"isPartOf\":{\"@id\":\"https:\/\/orvikpower.com\/#website\"},\"primaryImageOfPage\":{\"@id\":\"https:\/\/orvikpower.com\/product\/as700-plus-electric-ride-on-floor-scrubber-industrial-cleaning-wholesale-orvik#primaryimage\"},\"image\":{\"@id\":\"https:\/\/orvikpower.com\/product\/as700-plus-electric-ride-on-floor-scrubber-industrial-cleaning-wholesale-orvik#primaryimage\"},\"thumbnailUrl\":\"https:\/\/orvikpower.com\/wp-content\/uploads\/2026\/01\/AS700-PLUS-Electric-Ride-on-Floor-Scrubber-Industrial-Cleaning-Wholesale-ORVIK.jpeg\",\"datePublished\":\"2026-01-21T13:43:30+00:00\",\"dateModified\":\"2026-01-21T13:44:07+00:00\",\"breadcrumb\":{\"@id\":\"https:\/\/orvikpower.com\/product\/as700-plus-electric-ride-on-floor-scrubber-industrial-cleaning-wholesale-orvik#breadcrumb\"},\"inLanguage\":\"ar\",\"potentialAction\":[{\"@type\":\"ReadAction\",\"target\":[\"https:\/\/orvikpower.com\/product\/as700-plus-electric-ride-on-floor-scrubber-industrial-cleaning-wholesale-orvik\"]}]},{\"@type\":\"ImageObject\",\"inLanguage\":\"ar\",\"@id\":\"https:\/\/orvikpower.com\/product\/as700-plus-electric-ride-on-floor-scrubber-industrial-cleaning-wholesale-orvik#primaryimage\",\"url\":\"https:\/\/orvikpower.com\/wp-content\/uploads\/2026\/01\/AS700-PLUS-Electric-Ride-on-Floor-Scrubber-Industrial-Cleaning-Wholesale-ORVIK.jpeg\",\"contentUrl\":\"https:\/\/orvikpower.com\/wp-content\/uploads\/2026\/01\/AS700-PLUS-Electric-Ride-on-Floor-Scrubber-Industrial-Cleaning-Wholesale-ORVIK.jpeg\",\"width\":1385,\"height\":1280},{\"@type\":\"BreadcrumbList\",\"@id\":\"https:\/\/orvikpower.com\/product\/as700-plus-electric-ride-on-floor-scrubber-industrial-cleaning-wholesale-orvik#breadcrumb\",\"itemListElement\":[{\"@type\":\"ListItem\",\"position\":1,\"name\":\"Home\",\"item\":\"https:\/\/orvikpower.com\/\"},{\"@type\":\"ListItem\",\"position\":2,\"name\":\"SHOP\",\"item\":\"https:\/\/orvikpower.com\/shop\"},{\"@type\":\"ListItem\",\"position\":3,\"name\":\"AS700 PLUS Electric Ride-on Floor Scrubber | Industrial Cleaning Wholesale &#8211; ORVIK\"}]},{\"@type\":\"WebSite\",\"@id\":\"https:\/\/orvikpower.com\/#website\",\"url\":\"https:\/\/orvikpower.com\/\",\"name\":\"ORVIK | Light Commercial Electric Vehicles\",\"description\":\"Premier Manufacturer of Off-road Electric Utility Vehicles, Pickups &amp; Mini Trucks. High-Temp &amp; Arctic Ready designs for farms &amp; mines. Save costs with Factory-Direct FCL. Make work flow. Get a Quote.\",\"publisher\":{\"@id\":\"https:\/\/orvikpower.com\/#organization\"},\"potentialAction\":[{\"@type\":\"SearchAction\",\"target\":{\"@type\":\"EntryPoint\",\"urlTemplate\":\"https:\/\/orvikpower.com\/?s={search_term_string}\"},\"query-input\":{\"@type\":\"PropertyValueSpecification\",\"valueRequired\":true,\"valueName\":\"search_term_string\"}}],\"inLanguage\":\"ar\"},{\"@type\":\"Organization\",\"@id\":\"https:\/\/orvikpower.com\/#organization\",\"name\":\"ORVIK | Light Commercial Electric Vehicles\",\"url\":\"https:\/\/orvikpower.com\/\",\"logo\":{\"@type\":\"ImageObject\",\"inLanguage\":\"ar\",\"@id\":\"https:\/\/orvikpower.com\/#\/schema\/logo\/image\/\",\"url\":\"https:\/\/orvikpower.com\/wp-content\/uploads\/2026\/01\/cropped-logo-h-main-small.png\",\"contentUrl\":\"https:\/\/orvikpower.com\/wp-content\/uploads\/2026\/01\/cropped-logo-h-main-small.png\",\"width\":512,\"height\":512,\"caption\":\"ORVIK | Light Commercial Electric Vehicles\"},\"image\":{\"@id\":\"https:\/\/orvikpower.com\/#\/schema\/logo\/image\/\"},\"sameAs\":[\"https:\/\/www.youtube.com\/@ORVIKOrvikPower\",\"https:\/\/www.pinterest.com\/OrvikPower\/\"]}]}<\/script>\n<!-- \/ Yoast SEO plugin. -->","yoast_head_json":{"title":"\u0645\u0627\u0643\u064a\u0646\u0629 \u062a\u0646\u0638\u064a\u0641 \u0627\u0644\u0623\u0631\u0636\u064a\u0627\u062a \u0627\u0644\u0643\u0647\u0631\u0628\u0627\u0626\u064a\u0629 AS700 PLUS \u0627\u0644\u0642\u0627\u0628\u0644\u0629 \u0644\u0644\u0631\u0643\u0648\u0628 | \u0627\u0644\u062a\u0646\u0638\u064a\u0641 \u0627\u0644\u0635\u0646\u0627\u0639\u064a \u0628\u0627\u0644\u062c\u0645\u0644\u0629 - ORVIK | ORVIK| \u0627\u0644\u0645\u0631\u0643\u0628\u0627\u062a \u0627\u0644\u0643\u0647\u0631\u0628\u0627\u0626\u064a\u0629 \u0627\u0644\u062a\u062c\u0627\u0631\u064a\u0629 \u0627\u0644\u062e\u0641\u064a\u0641\u0629","robots":{"index":"index","follow":"follow","max-snippet":"max-snippet:-1","max-image-preview":"max-image-preview:large","max-video-preview":"max-video-preview:-1"},"canonical":"https:\/\/orvikpower.com\/ar\/product\/as700-plus-electric-ride-on-floor-scrubber-industrial-cleaning-wholesale-orvik","og_locale":"ar_AR","og_type":"article","og_title":"AS700 PLUS Electric Ride-on Floor Scrubber | Industrial Cleaning Wholesale - ORVIK | ORVIK|Light Commercial Electric Vehicles","og_description":"Maximize hygiene efficiency with the AS700 Ride-on Scrubber. Features 3600m\u00b2\/h cleaning rate, 90L tank, and robust rotomolded body. Factory direct FCL supply. Inquire for FCL Price.","og_url":"https:\/\/orvikpower.com\/ar\/product\/as700-plus-electric-ride-on-floor-scrubber-industrial-cleaning-wholesale-orvik","og_site_name":"ORVIK|Light Commercial Electric Vehicles","article_modified_time":"2026-01-21T13:44:07+00:00","og_image":[{"width":1385,"height":1280,"url":"https:\/\/orvikpower.com\/wp-content\/uploads\/2026\/01\/AS700-PLUS-Electric-Ride-on-Floor-Scrubber-Industrial-Cleaning-Wholesale-ORVIK.jpeg","type":"image\/jpeg"}],"twitter_card":"summary_large_image","twitter_misc":{"\u0648\u0642\u062a \u0627\u0644\u0642\u0631\u0627\u0621\u0629 \u0627\u0644\u0645\u064f\u0642\u062f\u0651\u0631":"\u062f\u0642\u064a\u0642\u0629 \u0648\u0627\u062d\u062f\u0629"},"schema":{"@context":"https:\/\/schema.org","@graph":[{"@type":"WebPage","@id":"https:\/\/orvikpower.com\/product\/as700-plus-electric-ride-on-floor-scrubber-industrial-cleaning-wholesale-orvik","url":"https:\/\/orvikpower.com\/product\/as700-plus-electric-ride-on-floor-scrubber-industrial-cleaning-wholesale-orvik","name":"\u0645\u0627\u0643\u064a\u0646\u0629 \u062a\u0646\u0638\u064a\u0641 \u0627\u0644\u0623\u0631\u0636\u064a\u0627\u062a \u0627\u0644\u0643\u0647\u0631\u0628\u0627\u0626\u064a\u0629 AS700 PLUS \u0627\u0644\u0642\u0627\u0628\u0644\u0629 \u0644\u0644\u0631\u0643\u0648\u0628 | \u0627\u0644\u062a\u0646\u0638\u064a\u0641 \u0627\u0644\u0635\u0646\u0627\u0639\u064a \u0628\u0627\u0644\u062c\u0645\u0644\u0629 - ORVIK | ORVIK| \u0627\u0644\u0645\u0631\u0643\u0628\u0627\u062a \u0627\u0644\u0643\u0647\u0631\u0628\u0627\u0626\u064a\u0629 \u0627\u0644\u062a\u062c\u0627\u0631\u064a\u0629 \u0627\u0644\u062e\u0641\u064a\u0641\u0629","isPartOf":{"@id":"https:\/\/orvikpower.com\/#website"},"primaryImageOfPage":{"@id":"https:\/\/orvikpower.com\/product\/as700-plus-electric-ride-on-floor-scrubber-industrial-cleaning-wholesale-orvik#primaryimage"},"image":{"@id":"https:\/\/orvikpower.com\/product\/as700-plus-electric-ride-on-floor-scrubber-industrial-cleaning-wholesale-orvik#primaryimage"},"thumbnailUrl":"https:\/\/orvikpower.com\/wp-content\/uploads\/2026\/01\/AS700-PLUS-Electric-Ride-on-Floor-Scrubber-Industrial-Cleaning-Wholesale-ORVIK.jpeg","datePublished":"2026-01-21T13:43:30+00:00","dateModified":"2026-01-21T13:44:07+00:00","breadcrumb":{"@id":"https:\/\/orvikpower.com\/product\/as700-plus-electric-ride-on-floor-scrubber-industrial-cleaning-wholesale-orvik#breadcrumb"},"inLanguage":"ar","potentialAction":[{"@type":"ReadAction","target":["https:\/\/orvikpower.com\/product\/as700-plus-electric-ride-on-floor-scrubber-industrial-cleaning-wholesale-orvik"]}]},{"@type":"ImageObject","inLanguage":"ar","@id":"https:\/\/orvikpower.com\/product\/as700-plus-electric-ride-on-floor-scrubber-industrial-cleaning-wholesale-orvik#primaryimage","url":"https:\/\/orvikpower.com\/wp-content\/uploads\/2026\/01\/AS700-PLUS-Electric-Ride-on-Floor-Scrubber-Industrial-Cleaning-Wholesale-ORVIK.jpeg","contentUrl":"https:\/\/orvikpower.com\/wp-content\/uploads\/2026\/01\/AS700-PLUS-Electric-Ride-on-Floor-Scrubber-Industrial-Cleaning-Wholesale-ORVIK.jpeg","width":1385,"height":1280},{"@type":"BreadcrumbList","@id":"https:\/\/orvikpower.com\/product\/as700-plus-electric-ride-on-floor-scrubber-industrial-cleaning-wholesale-orvik#breadcrumb","itemListElement":[{"@type":"ListItem","position":1,"name":"Home","item":"https:\/\/orvikpower.com\/"},{"@type":"ListItem","position":2,"name":"SHOP","item":"https:\/\/orvikpower.com\/shop"},{"@type":"ListItem","position":3,"name":"AS700 PLUS Electric Ride-on Floor Scrubber | Industrial Cleaning Wholesale &#8211; ORVIK"}]},{"@type":"WebSite","@id":"https:\/\/orvikpower.com\/#website","url":"https:\/\/orvikpower.com\/","name":"ORVIK | \u0627\u0644\u0633\u064a\u0627\u0631\u0627\u062a \u0627\u0644\u0643\u0647\u0631\u0628\u0627\u0626\u064a\u0629 \u0627\u0644\u062a\u062c\u0627\u0631\u064a\u0629 \u0627\u0644\u062e\u0641\u064a\u0641\u0629","description":"\u0627\u0644\u0634\u0631\u0643\u0629 \u0627\u0644\u0645\u0635\u0646\u0639\u0629 \u0627\u0644\u0623\u0648\u0644\u0649 \u0644\u0644\u0645\u0631\u0643\u0628\u0627\u062a \u0627\u0644\u0643\u0647\u0631\u0628\u0627\u0626\u064a\u0629 \u0645\u062a\u0639\u062f\u062f\u0629 \u0627\u0644\u0627\u0633\u062a\u062e\u062f\u0627\u0645\u0627\u062a \u0644\u0644\u0637\u0631\u0642 \u0627\u0644\u0648\u0639\u0631\u0629 \u0648\u0627\u0644\u0634\u0627\u062d\u0646\u0627\u062a \u0627\u0644\u0635\u063a\u064a\u0631\u0629 \u0648\u0627\u0644\u0634\u0627\u062d\u0646\u0627\u062a \u0627\u0644\u0635\u063a\u064a\u0631\u0629. \u062a\u0635\u0645\u064a\u0645\u0627\u062a \u0639\u0627\u0644\u064a\u0629 \u0627\u0644\u062d\u0631\u0627\u0631\u0629 \u0648\u062c\u0627\u0647\u0632\u0629 \u0644\u0644\u0642\u0637\u0628 \u0627\u0644\u0634\u0645\u0627\u0644\u064a \u0644\u0644\u0645\u0632\u0627\u0631\u0639 \u0648\u0627\u0644\u0645\u0646\u0627\u062c\u0645. \u0648\u0641\u0651\u0631 \u0627\u0644\u062a\u0643\u0627\u0644\u064a\u0641 \u0645\u0639 \u0634\u0627\u062d\u0646\u0627\u062a FCL \u0627\u0644\u0645\u0628\u0627\u0634\u0631\u0629 \u0645\u0646 \u0627\u0644\u0645\u0635\u0646\u0639. \u0627\u062c\u0639\u0644 \u0627\u0644\u0639\u0645\u0644 \u064a\u062a\u062f\u0641\u0642. \u0627\u062d\u0635\u0644 \u0639\u0644\u0649 \u0639\u0631\u0636 \u0623\u0633\u0639\u0627\u0631.","publisher":{"@id":"https:\/\/orvikpower.com\/#organization"},"potentialAction":[{"@type":"SearchAction","target":{"@type":"EntryPoint","urlTemplate":"https:\/\/orvikpower.com\/?s={search_term_string}"},"query-input":{"@type":"PropertyValueSpecification","valueRequired":true,"valueName":"search_term_string"}}],"inLanguage":"ar"},{"@type":"Organization","@id":"https:\/\/orvikpower.com\/#organization","name":"ORVIK | \u0627\u0644\u0633\u064a\u0627\u0631\u0627\u062a \u0627\u0644\u0643\u0647\u0631\u0628\u0627\u0626\u064a\u0629 \u0627\u0644\u062a\u062c\u0627\u0631\u064a\u0629 \u0627\u0644\u062e\u0641\u064a\u0641\u0629","url":"https:\/\/orvikpower.com\/","logo":{"@type":"ImageObject","inLanguage":"ar","@id":"https:\/\/orvikpower.com\/#\/schema\/logo\/image\/","url":"https:\/\/orvikpower.com\/wp-content\/uploads\/2026\/01\/cropped-logo-h-main-small.png","contentUrl":"https:\/\/orvikpower.com\/wp-content\/uploads\/2026\/01\/cropped-logo-h-main-small.png","width":512,"height":512,"caption":"ORVIK | Light Commercial Electric Vehicles"},"image":{"@id":"https:\/\/orvikpower.com\/#\/schema\/logo\/image\/"},"sameAs":["https:\/\/www.youtube.com\/@ORVIKOrvikPower","https:\/\/www.pinterest.com\/OrvikPower\/"]}]}},"_links":{"self":[{"href":"https:\/\/orvikpower.com\/ar\/wp-json\/wp\/v2\/product\/19077","targetHints":{"allow":["GET"]}}],"collection":[{"href":"https:\/\/orvikpower.com\/ar\/wp-json\/wp\/v2\/product"}],"about":[{"href":"https:\/\/orvikpower.com\/ar\/wp-json\/wp\/v2\/types\/product"}],"replies":[{"embeddable":true,"href":"https:\/\/orvikpower.com\/ar\/wp-json\/wp\/v2\/comments?post=19077"}],"wp:featuredmedia":[{"embeddable":true,"href":"https:\/\/orvikpower.com\/ar\/wp-json\/wp\/v2\/media\/19078"}],"wp:attachment":[{"href":"https:\/\/orvikpower.com\/ar\/wp-json\/wp\/v2\/media?parent=19077"}],"wp:term":[{"taxonomy":"product_brand","embeddable":true,"href":"https:\/\/orvikpower.com\/ar\/wp-json\/wp\/v2\/product_brand?post=19077"},{"taxonomy":"product_cat","embeddable":true,"href":"https:\/\/orvikpower.com\/ar\/wp-json\/wp\/v2\/product_cat?post=19077"},{"taxonomy":"product_tag","embeddable":true,"href":"https:\/\/orvikpower.com\/ar\/wp-json\/wp\/v2\/product_tag?post=19077"}],"curies":[{"name":"\u062f\u0628\u0644\u064a\u0648 \u0628\u064a","href":"https:\/\/api.w.org\/{rel}","templated":true}]}}