{"id":18923,"date":"2026-01-19T07:26:40","date_gmt":"2026-01-19T07:26:40","guid":{"rendered":"https:\/\/orvikpower.com\/?post_type=product&#038;p=18923"},"modified":"2026-01-19T08:46:34","modified_gmt":"2026-01-19T08:46:34","slug":"s1400-electric-ride-on-sweeper-industrial-cleaning-factory-direct-orvik","status":"publish","type":"product","link":"https:\/\/orvikpower.com\/es\/product\/s1400-electric-ride-on-sweeper-industrial-cleaning-factory-direct-orvik","title":{"rendered":"S1400 Barredora El\u00e9ctrica Sobre Ruedas | Limpieza Industrial | Directo de F\u00e1brica - ORVIK"},"content":{"rendered":"<p dir=\"auto\">En <strong>S1400 Barredora industrial compacta<\/strong> est\u00e1 dise\u00f1ado para gestores de instalaciones que exigen m\u00e1s durabilidad que est\u00e9tica.<\/p>\n<ul dir=\"auto\">\n<li class=\"text-start\">Cuenta con un chasis de acero totalmente decapado y tratado electrofor\u00e9ticamente y neum\u00e1ticos macizos a prueba de pinchazos.<\/li>\n<li class=\"text-start\">Esta construcci\u00f3n de calidad industrial proporciona una resistencia superior a la corrosi\u00f3n (\u00f3xido) y a los residuos afilados que suelen encontrarse en las explotaciones mineras o en los suelos de las f\u00e1bricas.<\/li>\n<li class=\"text-start\">Obtendr\u00e1 un activo de limpieza fiable que resiste entornos dif\u00edciles, reduciendo significativamente el tiempo de inactividad por mantenimiento y los costes de sustituci\u00f3n en comparaci\u00f3n con las barredoras comerciales con carrocer\u00eda de pl\u00e1stico.<\/li>\n<li class=\"text-start\"><strong>Dise\u00f1ado para que su trabajo fluya.<\/strong><\/li>\n<\/ul>\n<table class=\"table table-striped-white table-bordered\" data-anchor-id=\"yvsn\">\n<thead>\n<tr>\n<th>Especificaci\u00f3n Art\u00edculo<\/th>\n<th>Detalles<\/th>\n<\/tr>\n<\/thead>\n<tbody>\n<tr>\n<td><strong>Modelo<\/strong><\/td>\n<td>S1400 Barredora industrial compacta<\/td>\n<\/tr>\n<tr>\n<td><strong>Dimensiones (L*A*Al)<\/strong><\/td>\n<td>1810 \u00d7 1400 \u00d7 1520 mm<\/td>\n<\/tr>\n<tr>\n<td><strong>Anchura de barrido<\/strong><\/td>\n<td>1400 mm<\/td>\n<\/tr>\n<tr>\n<td><strong>Eficiencia laboral<\/strong><\/td>\n<td>2 - 3 horas de funcionamiento continuo<\/td>\n<\/tr>\n<tr>\n<td><strong>Sistema de bater\u00edas<\/strong><\/td>\n<td>48V \/ 70Ah (plomo \u00e1cido sin mantenimiento)<\/td>\n<\/tr>\n<tr>\n<td><strong>Configuraci\u00f3n del motor<\/strong><\/td>\n<td><strong>Conduce:<\/strong>\u00a01200W |\u00a0<strong>Cepillo lateral:<\/strong>\u00a0800W |\u00a0<strong>Cepillo principal:<\/strong>\u00a0200W (100*2) |\u00a0<strong>Fan:<\/strong>\u00a0200W |\u00a0<strong>Agitador:<\/strong>\u00a0500W<\/td>\n<\/tr>\n<tr>\n<td><strong>Capacidad del dep\u00f3sito<\/strong><\/td>\n<td><strong>Agua:<\/strong>\u00a050L |\u00a0<strong>Contenedor de polvo:<\/strong>\u00a0180L<\/td>\n<\/tr>\n<tr>\n<td><strong>Tratamiento del chasis<\/strong><\/td>\n<td>Decapado \u00e1cido + Electroforesis + Recubrimiento en polvo a alta temperatura (anticorrosi\u00f3n)<\/td>\n<\/tr>\n<tr>\n<td><strong>Neum\u00e1ticos<\/strong><\/td>\n<td>Neum\u00e1ticos industriales macizos (antipinchazos)<\/td>\n<\/tr>\n<tr>\n<td><strong>Sistema de frenado<\/strong><\/td>\n<td>Frenos de doble disco hidr\u00e1ulicos<\/td>\n<\/tr>\n<tr>\n<td><strong>Impermeabilizaci\u00f3n<\/strong><\/td>\n<td>Todos los mazos de cables incluyen conectores y envoltorios impermeables<\/td>\n<\/tr>\n<tr>\n<td><strong>Escalada m\u00e1xima<\/strong><\/td>\n<td>25%<\/td>\n<\/tr>\n<tr>\n<td><strong>Cantidad de carga (40HQ)<\/strong><\/td>\n<td><em>Consulte con Ventas el plan de carga<\/em><\/td>\n<\/tr>\n<\/tbody>\n<\/table>","protected":false},"excerpt":{"rendered":"<p>Barredora el\u00e9ctrica de 1400 mm de anchura con chasis anticorrosi\u00f3n y neum\u00e1ticos macizos. Dise\u00f1o robusto para f\u00e1bricas y complejos tur\u00edsticos. Bajo mantenimiento. Pregunte por el precio de f\u00e1brica FCL.<\/p>","protected":false},"featured_media":18947,"comment_status":"open","ping_status":"closed","template":"","meta":{"_eb_attr":""},"product_brand":[],"product_cat":[75,74],"product_tag":[83,86,85,84],"class_list":{"0":"post-18923","1":"product","2":"type-product","3":"status-publish","4":"has-post-thumbnail","6":"product_cat-electric-street-sweepers","7":"product_cat-specialized-service-vehicles","8":"product_tag-industrial-parks","9":"product_tag-private-campuses","10":"product_tag-resorts","11":"product_tag-warehouses","13":"first","14":"instock","15":"shipping-taxable","16":"product-type-simple"},"yoast_head":"<!-- This site is optimized with the Yoast SEO plugin v26.9 - https:\/\/yoast.com\/product\/yoast-seo-wordpress\/ -->\n<title>S1400 Electric Ride-On Sweeper | Industrial Cleaning | Factory Direct - ORVIK | ORVIK|Light Commercial Electric Vehicles<\/title>\n<meta name=\"robots\" content=\"index, follow, max-snippet:-1, max-image-preview:large, max-video-preview:-1\" \/>\n<link rel=\"canonical\" href=\"https:\/\/orvikpower.com\/es\/product\/s1400-electric-ride-on-sweeper-industrial-cleaning-factory-direct-orvik\" \/>\n<meta property=\"og:locale\" content=\"es_ES\" \/>\n<meta property=\"og:type\" content=\"article\" \/>\n<meta property=\"og:title\" content=\"S1400 Electric Ride-On Sweeper | Industrial Cleaning | Factory Direct - ORVIK | ORVIK|Light Commercial Electric Vehicles\" \/>\n<meta property=\"og:description\" content=\"1400mm width electric sweeper with anti-corrosion chassis and solid tires. Rugged design for factories &amp; resorts. Low maintenance. Inquire for Factory FCL Price.\" \/>\n<meta property=\"og:url\" content=\"https:\/\/orvikpower.com\/es\/product\/s1400-electric-ride-on-sweeper-industrial-cleaning-factory-direct-orvik\" \/>\n<meta property=\"og:site_name\" content=\"ORVIK|Light Commercial Electric Vehicles\" \/>\n<meta property=\"article:modified_time\" content=\"2026-01-19T08:46:34+00:00\" \/>\n<meta property=\"og:image\" content=\"https:\/\/orvikpower.com\/wp-content\/uploads\/2026\/01\/S1400-Electric-Industrial-Sweeper-Factory-Direct-FCL-ORVIK-2.jpg\" \/>\n\t<meta property=\"og:image:width\" content=\"1516\" \/>\n\t<meta property=\"og:image:height\" content=\"1264\" \/>\n\t<meta property=\"og:image:type\" content=\"image\/jpeg\" \/>\n<meta name=\"twitter:card\" content=\"summary_large_image\" \/>\n<meta name=\"twitter:label1\" content=\"Tiempo de lectura\" \/>\n\t<meta name=\"twitter:data1\" content=\"1 minuto\" \/>\n<script type=\"application\/ld+json\" class=\"yoast-schema-graph\">{\"@context\":\"https:\/\/schema.org\",\"@graph\":[{\"@type\":\"WebPage\",\"@id\":\"https:\/\/orvikpower.com\/product\/s1400-electric-ride-on-sweeper-industrial-cleaning-factory-direct-orvik\",\"url\":\"https:\/\/orvikpower.com\/product\/s1400-electric-ride-on-sweeper-industrial-cleaning-factory-direct-orvik\",\"name\":\"S1400 Electric Ride-On Sweeper | Industrial Cleaning | Factory Direct - ORVIK | ORVIK|Light Commercial Electric Vehicles\",\"isPartOf\":{\"@id\":\"https:\/\/orvikpower.com\/#website\"},\"primaryImageOfPage\":{\"@id\":\"https:\/\/orvikpower.com\/product\/s1400-electric-ride-on-sweeper-industrial-cleaning-factory-direct-orvik#primaryimage\"},\"image\":{\"@id\":\"https:\/\/orvikpower.com\/product\/s1400-electric-ride-on-sweeper-industrial-cleaning-factory-direct-orvik#primaryimage\"},\"thumbnailUrl\":\"https:\/\/orvikpower.com\/wp-content\/uploads\/2026\/01\/S1400-Electric-Industrial-Sweeper-Factory-Direct-FCL-ORVIK-2.jpg\",\"datePublished\":\"2026-01-19T07:26:40+00:00\",\"dateModified\":\"2026-01-19T08:46:34+00:00\",\"breadcrumb\":{\"@id\":\"https:\/\/orvikpower.com\/product\/s1400-electric-ride-on-sweeper-industrial-cleaning-factory-direct-orvik#breadcrumb\"},\"inLanguage\":\"es\",\"potentialAction\":[{\"@type\":\"ReadAction\",\"target\":[\"https:\/\/orvikpower.com\/product\/s1400-electric-ride-on-sweeper-industrial-cleaning-factory-direct-orvik\"]}]},{\"@type\":\"ImageObject\",\"inLanguage\":\"es\",\"@id\":\"https:\/\/orvikpower.com\/product\/s1400-electric-ride-on-sweeper-industrial-cleaning-factory-direct-orvik#primaryimage\",\"url\":\"https:\/\/orvikpower.com\/wp-content\/uploads\/2026\/01\/S1400-Electric-Industrial-Sweeper-Factory-Direct-FCL-ORVIK-2.jpg\",\"contentUrl\":\"https:\/\/orvikpower.com\/wp-content\/uploads\/2026\/01\/S1400-Electric-Industrial-Sweeper-Factory-Direct-FCL-ORVIK-2.jpg\",\"width\":1516,\"height\":1264,\"caption\":\"1400mm width electric sweeper with anti-corrosion chassis and solid tires. Rugged design for factories & resorts. Low maintenance. Inquire for Factory FCL Price.\"},{\"@type\":\"BreadcrumbList\",\"@id\":\"https:\/\/orvikpower.com\/product\/s1400-electric-ride-on-sweeper-industrial-cleaning-factory-direct-orvik#breadcrumb\",\"itemListElement\":[{\"@type\":\"ListItem\",\"position\":1,\"name\":\"Home\",\"item\":\"https:\/\/orvikpower.com\/\"},{\"@type\":\"ListItem\",\"position\":2,\"name\":\"SHOP\",\"item\":\"https:\/\/orvikpower.com\/shop\"},{\"@type\":\"ListItem\",\"position\":3,\"name\":\"S1400 Electric Ride-On Sweeper | Industrial Cleaning | Factory Direct &#8211; ORVIK\"}]},{\"@type\":\"WebSite\",\"@id\":\"https:\/\/orvikpower.com\/#website\",\"url\":\"https:\/\/orvikpower.com\/\",\"name\":\"ORVIK | Light Commercial Electric Vehicles\",\"description\":\"Premier Manufacturer of Off-road Electric Utility Vehicles, Pickups &amp; Mini Trucks. High-Temp &amp; Arctic Ready designs for farms &amp; mines. Save costs with Factory-Direct FCL. Make work flow. Get a Quote.\",\"publisher\":{\"@id\":\"https:\/\/orvikpower.com\/#organization\"},\"potentialAction\":[{\"@type\":\"SearchAction\",\"target\":{\"@type\":\"EntryPoint\",\"urlTemplate\":\"https:\/\/orvikpower.com\/?s={search_term_string}\"},\"query-input\":{\"@type\":\"PropertyValueSpecification\",\"valueRequired\":true,\"valueName\":\"search_term_string\"}}],\"inLanguage\":\"es\"},{\"@type\":\"Organization\",\"@id\":\"https:\/\/orvikpower.com\/#organization\",\"name\":\"ORVIK | Light Commercial Electric Vehicles\",\"url\":\"https:\/\/orvikpower.com\/\",\"logo\":{\"@type\":\"ImageObject\",\"inLanguage\":\"es\",\"@id\":\"https:\/\/orvikpower.com\/#\/schema\/logo\/image\/\",\"url\":\"https:\/\/orvikpower.com\/wp-content\/uploads\/2026\/01\/cropped-logo-h-main-small.png\",\"contentUrl\":\"https:\/\/orvikpower.com\/wp-content\/uploads\/2026\/01\/cropped-logo-h-main-small.png\",\"width\":512,\"height\":512,\"caption\":\"ORVIK | Light Commercial Electric Vehicles\"},\"image\":{\"@id\":\"https:\/\/orvikpower.com\/#\/schema\/logo\/image\/\"},\"sameAs\":[\"https:\/\/www.youtube.com\/@ORVIKOrvikPower\",\"https:\/\/www.pinterest.com\/OrvikPower\/\"]}]}<\/script>\n<!-- \/ Yoast SEO plugin. -->","yoast_head_json":{"title":"S1400 Barredora El\u00e9ctrica Autom\u00e1tica | Limpieza Industrial | Directo de F\u00e1brica - ORVIK | ORVIK| Veh\u00edculos El\u00e9ctricos Comerciales Ligeros","robots":{"index":"index","follow":"follow","max-snippet":"max-snippet:-1","max-image-preview":"max-image-preview:large","max-video-preview":"max-video-preview:-1"},"canonical":"https:\/\/orvikpower.com\/es\/product\/s1400-electric-ride-on-sweeper-industrial-cleaning-factory-direct-orvik","og_locale":"es_ES","og_type":"article","og_title":"S1400 Electric Ride-On Sweeper | Industrial Cleaning | Factory Direct - ORVIK | ORVIK|Light Commercial Electric Vehicles","og_description":"1400mm width electric sweeper with anti-corrosion chassis and solid tires. Rugged design for factories &amp; resorts. Low maintenance. Inquire for Factory FCL Price.","og_url":"https:\/\/orvikpower.com\/es\/product\/s1400-electric-ride-on-sweeper-industrial-cleaning-factory-direct-orvik","og_site_name":"ORVIK|Light Commercial Electric Vehicles","article_modified_time":"2026-01-19T08:46:34+00:00","og_image":[{"width":1516,"height":1264,"url":"https:\/\/orvikpower.com\/wp-content\/uploads\/2026\/01\/S1400-Electric-Industrial-Sweeper-Factory-Direct-FCL-ORVIK-2.jpg","type":"image\/jpeg"}],"twitter_card":"summary_large_image","twitter_misc":{"Tiempo de lectura":"1 minuto"},"schema":{"@context":"https:\/\/schema.org","@graph":[{"@type":"WebPage","@id":"https:\/\/orvikpower.com\/product\/s1400-electric-ride-on-sweeper-industrial-cleaning-factory-direct-orvik","url":"https:\/\/orvikpower.com\/product\/s1400-electric-ride-on-sweeper-industrial-cleaning-factory-direct-orvik","name":"S1400 Barredora El\u00e9ctrica Autom\u00e1tica | Limpieza Industrial | Directo de F\u00e1brica - ORVIK | ORVIK| Veh\u00edculos El\u00e9ctricos Comerciales Ligeros","isPartOf":{"@id":"https:\/\/orvikpower.com\/#website"},"primaryImageOfPage":{"@id":"https:\/\/orvikpower.com\/product\/s1400-electric-ride-on-sweeper-industrial-cleaning-factory-direct-orvik#primaryimage"},"image":{"@id":"https:\/\/orvikpower.com\/product\/s1400-electric-ride-on-sweeper-industrial-cleaning-factory-direct-orvik#primaryimage"},"thumbnailUrl":"https:\/\/orvikpower.com\/wp-content\/uploads\/2026\/01\/S1400-Electric-Industrial-Sweeper-Factory-Direct-FCL-ORVIK-2.jpg","datePublished":"2026-01-19T07:26:40+00:00","dateModified":"2026-01-19T08:46:34+00:00","breadcrumb":{"@id":"https:\/\/orvikpower.com\/product\/s1400-electric-ride-on-sweeper-industrial-cleaning-factory-direct-orvik#breadcrumb"},"inLanguage":"es","potentialAction":[{"@type":"ReadAction","target":["https:\/\/orvikpower.com\/product\/s1400-electric-ride-on-sweeper-industrial-cleaning-factory-direct-orvik"]}]},{"@type":"ImageObject","inLanguage":"es","@id":"https:\/\/orvikpower.com\/product\/s1400-electric-ride-on-sweeper-industrial-cleaning-factory-direct-orvik#primaryimage","url":"https:\/\/orvikpower.com\/wp-content\/uploads\/2026\/01\/S1400-Electric-Industrial-Sweeper-Factory-Direct-FCL-ORVIK-2.jpg","contentUrl":"https:\/\/orvikpower.com\/wp-content\/uploads\/2026\/01\/S1400-Electric-Industrial-Sweeper-Factory-Direct-FCL-ORVIK-2.jpg","width":1516,"height":1264,"caption":"1400mm width electric sweeper with anti-corrosion chassis and solid tires. Rugged design for factories & resorts. Low maintenance. Inquire for Factory FCL Price."},{"@type":"BreadcrumbList","@id":"https:\/\/orvikpower.com\/product\/s1400-electric-ride-on-sweeper-industrial-cleaning-factory-direct-orvik#breadcrumb","itemListElement":[{"@type":"ListItem","position":1,"name":"Home","item":"https:\/\/orvikpower.com\/"},{"@type":"ListItem","position":2,"name":"SHOP","item":"https:\/\/orvikpower.com\/shop"},{"@type":"ListItem","position":3,"name":"S1400 Electric Ride-On Sweeper | Industrial Cleaning | Factory Direct &#8211; ORVIK"}]},{"@type":"WebSite","@id":"https:\/\/orvikpower.com\/#website","url":"https:\/\/orvikpower.com\/","name":"ORVIK | Veh\u00edculos el\u00e9ctricos comerciales ligeros","description":"Primer fabricante de veh\u00edculos utilitarios el\u00e9ctricos todoterreno, camionetas y minicamiones. Dise\u00f1os de alta temperatura y preparados para el \u00c1rtico para granjas y minas. Ahorre costes con FCL directo de f\u00e1brica. Haga que el trabajo fluya. Obtenga una cotizaci\u00f3n.","publisher":{"@id":"https:\/\/orvikpower.com\/#organization"},"potentialAction":[{"@type":"SearchAction","target":{"@type":"EntryPoint","urlTemplate":"https:\/\/orvikpower.com\/?s={search_term_string}"},"query-input":{"@type":"PropertyValueSpecification","valueRequired":true,"valueName":"search_term_string"}}],"inLanguage":"es"},{"@type":"Organization","@id":"https:\/\/orvikpower.com\/#organization","name":"ORVIK | Veh\u00edculos el\u00e9ctricos comerciales ligeros","url":"https:\/\/orvikpower.com\/","logo":{"@type":"ImageObject","inLanguage":"es","@id":"https:\/\/orvikpower.com\/#\/schema\/logo\/image\/","url":"https:\/\/orvikpower.com\/wp-content\/uploads\/2026\/01\/cropped-logo-h-main-small.png","contentUrl":"https:\/\/orvikpower.com\/wp-content\/uploads\/2026\/01\/cropped-logo-h-main-small.png","width":512,"height":512,"caption":"ORVIK | Light Commercial Electric Vehicles"},"image":{"@id":"https:\/\/orvikpower.com\/#\/schema\/logo\/image\/"},"sameAs":["https:\/\/www.youtube.com\/@ORVIKOrvikPower","https:\/\/www.pinterest.com\/OrvikPower\/"]}]}},"_links":{"self":[{"href":"https:\/\/orvikpower.com\/es\/wp-json\/wp\/v2\/product\/18923","targetHints":{"allow":["GET"]}}],"collection":[{"href":"https:\/\/orvikpower.com\/es\/wp-json\/wp\/v2\/product"}],"about":[{"href":"https:\/\/orvikpower.com\/es\/wp-json\/wp\/v2\/types\/product"}],"replies":[{"embeddable":true,"href":"https:\/\/orvikpower.com\/es\/wp-json\/wp\/v2\/comments?post=18923"}],"wp:featuredmedia":[{"embeddable":true,"href":"https:\/\/orvikpower.com\/es\/wp-json\/wp\/v2\/media\/18947"}],"wp:attachment":[{"href":"https:\/\/orvikpower.com\/es\/wp-json\/wp\/v2\/media?parent=18923"}],"wp:term":[{"taxonomy":"product_brand","embeddable":true,"href":"https:\/\/orvikpower.com\/es\/wp-json\/wp\/v2\/product_brand?post=18923"},{"taxonomy":"product_cat","embeddable":true,"href":"https:\/\/orvikpower.com\/es\/wp-json\/wp\/v2\/product_cat?post=18923"},{"taxonomy":"product_tag","embeddable":true,"href":"https:\/\/orvikpower.com\/es\/wp-json\/wp\/v2\/product_tag?post=18923"}],"curies":[{"name":"wp","href":"https:\/\/api.w.org\/{rel}","templated":true}]}}