{"id":19043,"date":"2026-01-20T14:46:09","date_gmt":"2026-01-20T14:46:09","guid":{"rendered":"https:\/\/orvikpower.com\/?post_type=product&#038;p=19043"},"modified":"2026-01-20T14:47:18","modified_gmt":"2026-01-20T14:47:18","slug":"electric-street-sweeper-s1400-with-canopy-factory-direct-wholesale-orvik","status":"publish","type":"product","link":"https:\/\/orvikpower.com\/es\/product\/electric-street-sweeper-s1400-with-canopy-factory-direct-wholesale-orvik","title":{"rendered":"Barredora de calles el\u00e9ctrica S1400 con toldo | Venta directa de f\u00e1brica al por mayor - ORVIK"},"content":{"rendered":"<p dir=\"auto\">En <strong>ORVIK S1400 Canopy Edition<\/strong> equilibra la comodidad del operador con la eficiencia operativa. A diferencia de los modelos totalmente cerrados, esta barredora semicerrada cuenta con un <strong>robusto techo duro de pl\u00e1stico t\u00e9cnico y parabrisas de cristal templado<\/strong>. Este dise\u00f1o proporciona una protecci\u00f3n esencial contra el sol abrasador y la lluvia ligera (Caracter\u00edstica) a la vez que mantiene los laterales abiertos para una ventilaci\u00f3n m\u00e1xima y una entrada\/salida f\u00e1cil (Ventaja), lo que la convierte en la elecci\u00f3n ideal para climas c\u00e1lidos o tareas que requieran paradas frecuentes.<\/p>\n<div class=\"my-2\"><\/div>\n<p dir=\"auto\">Alimentada por un sistema de 48 V de alta resistencia, la S1400 ofrece un recorrido de limpieza de 1400 mm con sus cepillos laterales dobles y su potente cepillo principal. El chasis se somete a un estricto proceso de decapado y electroforesis para resistir la corrosi\u00f3n, lo que garantiza su longevidad incluso en entornos h\u00famedos o costeros.<\/p>\n<ul dir=\"auto\">\n<li class=\"text-start\"><strong>Visibilidad:<\/strong> El dise\u00f1o abierto elimina los \u00e1ngulos muertos para un funcionamiento m\u00e1s seguro en zonas concurridas.<\/li>\n<li class=\"text-start\"><strong>Sistema de alimentaci\u00f3n:<\/strong> Motor de accionamiento de 1200W + Motores de barrido personalizables.<br \/>\nDise\u00f1ado para que su trabajo fluya.<\/li>\n<\/ul>\n<table class=\"table table-striped-white table-bordered\" data-anchor-id=\"kn99\">\n<thead>\n<tr>\n<th>Par\u00e1metro<\/th>\n<th>Especificaci\u00f3n<\/th>\n<\/tr>\n<\/thead>\n<tbody>\n<tr>\n<td><strong>Modelo\u00a0<\/strong><\/td>\n<td>Toldo ORVIK S1400<\/td>\n<\/tr>\n<tr>\n<td><strong>Dimensiones (L*A*Al)<\/strong><\/td>\n<td>1810 \u00d7 1400 \u00d7 2000 mm<\/td>\n<\/tr>\n<tr>\n<td><strong>Anchura de barrido\u00a0<\/strong><\/td>\n<td>1400 mm<\/td>\n<\/tr>\n<tr>\n<td><strong>Peso del veh\u00edculo\u00a0<\/strong><\/td>\n<td>550 kg<\/td>\n<\/tr>\n<tr>\n<td><strong>Motor de accionamiento\u00a0<\/strong><\/td>\n<td>1200W<\/td>\n<\/tr>\n<tr>\n<td><strong>Sistema de motor de escobillas<\/strong><\/td>\n<td>Principal: 800 W | Lateral: 100 W \u00d7 2\u00a0<em>(Corregido)<\/em><\/td>\n<\/tr>\n<tr>\n<td><strong>Ventilador\/Motor de vac\u00edo<\/strong><\/td>\n<td>500W (Sacudida de polvo: 500W)<\/td>\n<\/tr>\n<tr>\n<td><strong>Bater\u00eda<\/strong><\/td>\n<td>48V 70Ah (Plomo-\u00e1cido) | LiFePO4 Opcional<\/td>\n<\/tr>\n<tr>\n<td><strong>Horario de trabajo\u00a0<\/strong><\/td>\n<td>2 - 3 horas<\/td>\n<\/tr>\n<tr>\n<td><strong>Cubo de basura\u00a0<\/strong><\/td>\n<td>180 L<\/td>\n<\/tr>\n<tr>\n<td><strong>Dep\u00f3sito de agua\u00a0<\/strong><\/td>\n<td>50 L<\/td>\n<\/tr>\n<tr>\n<td><strong>Tipo de cabina\u00a0<\/strong><\/td>\n<td><strong>Capota semicerrada \/ r\u00edgida\u00a0<\/strong><\/td>\n<\/tr>\n<tr>\n<td><strong>Capacidad de escalada<\/strong><\/td>\n<td>25%<\/td>\n<\/tr>\n<tr>\n<td><strong>Frenado\u00a0<\/strong><\/td>\n<td>Doble disco hidr\u00e1ulico<\/td>\n<\/tr>\n<tr>\n<td><strong>Neum\u00e1ticos\u00a0<\/strong><\/td>\n<td>Neum\u00e1ticos macizos<\/td>\n<\/tr>\n<tr>\n<td><strong>Cantidad de carga (40HQ)<\/strong><\/td>\n<td>Contacto para el c\u00e1lculo de FCL<\/td>\n<\/tr>\n<\/tbody>\n<\/table>","protected":false},"excerpt":{"rendered":"<p>Barredora el\u00e9ctrica semicerrada S1400 con techo r\u00edgido. Protege a los operarios del sol y la lluvia a la vez que garantiza la circulaci\u00f3n del aire. 1400mm de ancho, 180L bin. Obtener presupuesto FCL.<\/p>","protected":false},"featured_media":19044,"comment_status":"open","ping_status":"closed","template":"","meta":{"_eb_attr":""},"product_brand":[],"product_cat":[75,74],"product_tag":[89,87,90,88],"class_list":{"0":"post-19043","1":"product","2":"type-product","3":"status-publish","4":"has-post-thumbnail","6":"product_cat-electric-street-sweepers","7":"product_cat-specialized-service-vehicles","8":"product_tag-campus","9":"product_tag-municipal","10":"product_tag-open-air-factory","11":"product_tag-resort","13":"first","14":"instock","15":"shipping-taxable","16":"product-type-simple"},"yoast_head":"<!-- This site is optimized with the Yoast SEO plugin v26.9 - https:\/\/yoast.com\/product\/yoast-seo-wordpress\/ -->\n<title>Electric Street Sweeper S1400 with Canopy | Factory Direct Wholesale - ORVIK | ORVIK|Light Commercial Electric Vehicles<\/title>\n<meta name=\"robots\" content=\"index, follow, max-snippet:-1, max-image-preview:large, max-video-preview:-1\" \/>\n<link rel=\"canonical\" href=\"https:\/\/orvikpower.com\/es\/product\/electric-street-sweeper-s1400-with-canopy-factory-direct-wholesale-orvik\" \/>\n<meta property=\"og:locale\" content=\"es_ES\" \/>\n<meta property=\"og:type\" content=\"article\" \/>\n<meta property=\"og:title\" content=\"Electric Street Sweeper S1400 with Canopy | Factory Direct Wholesale - ORVIK | ORVIK|Light Commercial Electric Vehicles\" \/>\n<meta property=\"og:description\" content=\"S1400 semi-enclosed electric sweeper with hardtop canopy. Protects operators from sun &amp; rain while ensuring airflow. 1400mm width, 180L bin. Get FCL Quote.\" \/>\n<meta property=\"og:url\" content=\"https:\/\/orvikpower.com\/es\/product\/electric-street-sweeper-s1400-with-canopy-factory-direct-wholesale-orvik\" \/>\n<meta property=\"og:site_name\" content=\"ORVIK|Light Commercial Electric Vehicles\" \/>\n<meta property=\"article:modified_time\" content=\"2026-01-20T14:47:18+00:00\" \/>\n<meta property=\"og:image\" content=\"https:\/\/orvikpower.com\/wp-content\/uploads\/2026\/01\/Electric-Street-Sweeper-S1400-with-Canopy-Factory-Direct-Wholesale-ORVIK.jpg\" \/>\n\t<meta property=\"og:image:width\" content=\"1264\" \/>\n\t<meta property=\"og:image:height\" content=\"1458\" \/>\n\t<meta property=\"og:image:type\" content=\"image\/jpeg\" \/>\n<meta name=\"twitter:card\" content=\"summary_large_image\" \/>\n<meta name=\"twitter:label1\" content=\"Tiempo de lectura\" \/>\n\t<meta name=\"twitter:data1\" content=\"1 minuto\" \/>\n<script type=\"application\/ld+json\" class=\"yoast-schema-graph\">{\"@context\":\"https:\/\/schema.org\",\"@graph\":[{\"@type\":\"WebPage\",\"@id\":\"https:\/\/orvikpower.com\/product\/electric-street-sweeper-s1400-with-canopy-factory-direct-wholesale-orvik\",\"url\":\"https:\/\/orvikpower.com\/product\/electric-street-sweeper-s1400-with-canopy-factory-direct-wholesale-orvik\",\"name\":\"Electric Street Sweeper S1400 with Canopy | Factory Direct Wholesale - ORVIK | ORVIK|Light Commercial Electric Vehicles\",\"isPartOf\":{\"@id\":\"https:\/\/orvikpower.com\/#website\"},\"primaryImageOfPage\":{\"@id\":\"https:\/\/orvikpower.com\/product\/electric-street-sweeper-s1400-with-canopy-factory-direct-wholesale-orvik#primaryimage\"},\"image\":{\"@id\":\"https:\/\/orvikpower.com\/product\/electric-street-sweeper-s1400-with-canopy-factory-direct-wholesale-orvik#primaryimage\"},\"thumbnailUrl\":\"https:\/\/orvikpower.com\/wp-content\/uploads\/2026\/01\/Electric-Street-Sweeper-S1400-with-Canopy-Factory-Direct-Wholesale-ORVIK.jpg\",\"datePublished\":\"2026-01-20T14:46:09+00:00\",\"dateModified\":\"2026-01-20T14:47:18+00:00\",\"breadcrumb\":{\"@id\":\"https:\/\/orvikpower.com\/product\/electric-street-sweeper-s1400-with-canopy-factory-direct-wholesale-orvik#breadcrumb\"},\"inLanguage\":\"es\",\"potentialAction\":[{\"@type\":\"ReadAction\",\"target\":[\"https:\/\/orvikpower.com\/product\/electric-street-sweeper-s1400-with-canopy-factory-direct-wholesale-orvik\"]}]},{\"@type\":\"ImageObject\",\"inLanguage\":\"es\",\"@id\":\"https:\/\/orvikpower.com\/product\/electric-street-sweeper-s1400-with-canopy-factory-direct-wholesale-orvik#primaryimage\",\"url\":\"https:\/\/orvikpower.com\/wp-content\/uploads\/2026\/01\/Electric-Street-Sweeper-S1400-with-Canopy-Factory-Direct-Wholesale-ORVIK.jpg\",\"contentUrl\":\"https:\/\/orvikpower.com\/wp-content\/uploads\/2026\/01\/Electric-Street-Sweeper-S1400-with-Canopy-Factory-Direct-Wholesale-ORVIK.jpg\",\"width\":1264,\"height\":1458,\"caption\":\"S1400 semi-enclosed electric sweeper with hardtop canopy. Protects operators from sun & rain while ensuring airflow. 1400mm width, 180L bin. Get FCL Quote.\"},{\"@type\":\"BreadcrumbList\",\"@id\":\"https:\/\/orvikpower.com\/product\/electric-street-sweeper-s1400-with-canopy-factory-direct-wholesale-orvik#breadcrumb\",\"itemListElement\":[{\"@type\":\"ListItem\",\"position\":1,\"name\":\"Home\",\"item\":\"https:\/\/orvikpower.com\/\"},{\"@type\":\"ListItem\",\"position\":2,\"name\":\"SHOP\",\"item\":\"https:\/\/orvikpower.com\/shop\"},{\"@type\":\"ListItem\",\"position\":3,\"name\":\"Electric Street Sweeper S1400 with Canopy | Factory Direct Wholesale &#8211; ORVIK\"}]},{\"@type\":\"WebSite\",\"@id\":\"https:\/\/orvikpower.com\/#website\",\"url\":\"https:\/\/orvikpower.com\/\",\"name\":\"ORVIK | Light Commercial Electric Vehicles\",\"description\":\"Premier Manufacturer of Off-road Electric Utility Vehicles, Pickups &amp; Mini Trucks. High-Temp &amp; Arctic Ready designs for farms &amp; mines. Save costs with Factory-Direct FCL. Make work flow. Get a Quote.\",\"publisher\":{\"@id\":\"https:\/\/orvikpower.com\/#organization\"},\"potentialAction\":[{\"@type\":\"SearchAction\",\"target\":{\"@type\":\"EntryPoint\",\"urlTemplate\":\"https:\/\/orvikpower.com\/?s={search_term_string}\"},\"query-input\":{\"@type\":\"PropertyValueSpecification\",\"valueRequired\":true,\"valueName\":\"search_term_string\"}}],\"inLanguage\":\"es\"},{\"@type\":\"Organization\",\"@id\":\"https:\/\/orvikpower.com\/#organization\",\"name\":\"ORVIK | Light Commercial Electric Vehicles\",\"url\":\"https:\/\/orvikpower.com\/\",\"logo\":{\"@type\":\"ImageObject\",\"inLanguage\":\"es\",\"@id\":\"https:\/\/orvikpower.com\/#\/schema\/logo\/image\/\",\"url\":\"https:\/\/orvikpower.com\/wp-content\/uploads\/2026\/01\/cropped-logo-h-main-small.png\",\"contentUrl\":\"https:\/\/orvikpower.com\/wp-content\/uploads\/2026\/01\/cropped-logo-h-main-small.png\",\"width\":512,\"height\":512,\"caption\":\"ORVIK | Light Commercial Electric Vehicles\"},\"image\":{\"@id\":\"https:\/\/orvikpower.com\/#\/schema\/logo\/image\/\"},\"sameAs\":[\"https:\/\/www.youtube.com\/@ORVIKOrvikPower\",\"https:\/\/www.pinterest.com\/OrvikPower\/\"]}]}<\/script>\n<!-- \/ Yoast SEO plugin. -->","yoast_head_json":{"title":"Barredora de calles el\u00e9ctrica S1400 con toldo | Venta directa de f\u00e1brica al por mayor - ORVIK | ORVIK|Light Commercial Electric Vehicles","robots":{"index":"index","follow":"follow","max-snippet":"max-snippet:-1","max-image-preview":"max-image-preview:large","max-video-preview":"max-video-preview:-1"},"canonical":"https:\/\/orvikpower.com\/es\/product\/electric-street-sweeper-s1400-with-canopy-factory-direct-wholesale-orvik","og_locale":"es_ES","og_type":"article","og_title":"Electric Street Sweeper S1400 with Canopy | Factory Direct Wholesale - ORVIK | ORVIK|Light Commercial Electric Vehicles","og_description":"S1400 semi-enclosed electric sweeper with hardtop canopy. Protects operators from sun &amp; rain while ensuring airflow. 1400mm width, 180L bin. Get FCL Quote.","og_url":"https:\/\/orvikpower.com\/es\/product\/electric-street-sweeper-s1400-with-canopy-factory-direct-wholesale-orvik","og_site_name":"ORVIK|Light Commercial Electric Vehicles","article_modified_time":"2026-01-20T14:47:18+00:00","og_image":[{"width":1264,"height":1458,"url":"https:\/\/orvikpower.com\/wp-content\/uploads\/2026\/01\/Electric-Street-Sweeper-S1400-with-Canopy-Factory-Direct-Wholesale-ORVIK.jpg","type":"image\/jpeg"}],"twitter_card":"summary_large_image","twitter_misc":{"Tiempo de lectura":"1 minuto"},"schema":{"@context":"https:\/\/schema.org","@graph":[{"@type":"WebPage","@id":"https:\/\/orvikpower.com\/product\/electric-street-sweeper-s1400-with-canopy-factory-direct-wholesale-orvik","url":"https:\/\/orvikpower.com\/product\/electric-street-sweeper-s1400-with-canopy-factory-direct-wholesale-orvik","name":"Barredora de calles el\u00e9ctrica S1400 con toldo | Venta directa de f\u00e1brica al por mayor - ORVIK | ORVIK|Light Commercial Electric Vehicles","isPartOf":{"@id":"https:\/\/orvikpower.com\/#website"},"primaryImageOfPage":{"@id":"https:\/\/orvikpower.com\/product\/electric-street-sweeper-s1400-with-canopy-factory-direct-wholesale-orvik#primaryimage"},"image":{"@id":"https:\/\/orvikpower.com\/product\/electric-street-sweeper-s1400-with-canopy-factory-direct-wholesale-orvik#primaryimage"},"thumbnailUrl":"https:\/\/orvikpower.com\/wp-content\/uploads\/2026\/01\/Electric-Street-Sweeper-S1400-with-Canopy-Factory-Direct-Wholesale-ORVIK.jpg","datePublished":"2026-01-20T14:46:09+00:00","dateModified":"2026-01-20T14:47:18+00:00","breadcrumb":{"@id":"https:\/\/orvikpower.com\/product\/electric-street-sweeper-s1400-with-canopy-factory-direct-wholesale-orvik#breadcrumb"},"inLanguage":"es","potentialAction":[{"@type":"ReadAction","target":["https:\/\/orvikpower.com\/product\/electric-street-sweeper-s1400-with-canopy-factory-direct-wholesale-orvik"]}]},{"@type":"ImageObject","inLanguage":"es","@id":"https:\/\/orvikpower.com\/product\/electric-street-sweeper-s1400-with-canopy-factory-direct-wholesale-orvik#primaryimage","url":"https:\/\/orvikpower.com\/wp-content\/uploads\/2026\/01\/Electric-Street-Sweeper-S1400-with-Canopy-Factory-Direct-Wholesale-ORVIK.jpg","contentUrl":"https:\/\/orvikpower.com\/wp-content\/uploads\/2026\/01\/Electric-Street-Sweeper-S1400-with-Canopy-Factory-Direct-Wholesale-ORVIK.jpg","width":1264,"height":1458,"caption":"S1400 semi-enclosed electric sweeper with hardtop canopy. Protects operators from sun & rain while ensuring airflow. 1400mm width, 180L bin. Get FCL Quote."},{"@type":"BreadcrumbList","@id":"https:\/\/orvikpower.com\/product\/electric-street-sweeper-s1400-with-canopy-factory-direct-wholesale-orvik#breadcrumb","itemListElement":[{"@type":"ListItem","position":1,"name":"Home","item":"https:\/\/orvikpower.com\/"},{"@type":"ListItem","position":2,"name":"SHOP","item":"https:\/\/orvikpower.com\/shop"},{"@type":"ListItem","position":3,"name":"Electric Street Sweeper S1400 with Canopy | Factory Direct Wholesale &#8211; ORVIK"}]},{"@type":"WebSite","@id":"https:\/\/orvikpower.com\/#website","url":"https:\/\/orvikpower.com\/","name":"ORVIK | Veh\u00edculos el\u00e9ctricos comerciales ligeros","description":"Primer fabricante de veh\u00edculos utilitarios el\u00e9ctricos todoterreno, camionetas y minicamiones. Dise\u00f1os de alta temperatura y preparados para el \u00c1rtico para granjas y minas. Ahorre costes con FCL directo de f\u00e1brica. Haga que el trabajo fluya. Obtenga una cotizaci\u00f3n.","publisher":{"@id":"https:\/\/orvikpower.com\/#organization"},"potentialAction":[{"@type":"SearchAction","target":{"@type":"EntryPoint","urlTemplate":"https:\/\/orvikpower.com\/?s={search_term_string}"},"query-input":{"@type":"PropertyValueSpecification","valueRequired":true,"valueName":"search_term_string"}}],"inLanguage":"es"},{"@type":"Organization","@id":"https:\/\/orvikpower.com\/#organization","name":"ORVIK | Veh\u00edculos el\u00e9ctricos comerciales ligeros","url":"https:\/\/orvikpower.com\/","logo":{"@type":"ImageObject","inLanguage":"es","@id":"https:\/\/orvikpower.com\/#\/schema\/logo\/image\/","url":"https:\/\/orvikpower.com\/wp-content\/uploads\/2026\/01\/cropped-logo-h-main-small.png","contentUrl":"https:\/\/orvikpower.com\/wp-content\/uploads\/2026\/01\/cropped-logo-h-main-small.png","width":512,"height":512,"caption":"ORVIK | Light Commercial Electric Vehicles"},"image":{"@id":"https:\/\/orvikpower.com\/#\/schema\/logo\/image\/"},"sameAs":["https:\/\/www.youtube.com\/@ORVIKOrvikPower","https:\/\/www.pinterest.com\/OrvikPower\/"]}]}},"_links":{"self":[{"href":"https:\/\/orvikpower.com\/es\/wp-json\/wp\/v2\/product\/19043","targetHints":{"allow":["GET"]}}],"collection":[{"href":"https:\/\/orvikpower.com\/es\/wp-json\/wp\/v2\/product"}],"about":[{"href":"https:\/\/orvikpower.com\/es\/wp-json\/wp\/v2\/types\/product"}],"replies":[{"embeddable":true,"href":"https:\/\/orvikpower.com\/es\/wp-json\/wp\/v2\/comments?post=19043"}],"wp:featuredmedia":[{"embeddable":true,"href":"https:\/\/orvikpower.com\/es\/wp-json\/wp\/v2\/media\/19044"}],"wp:attachment":[{"href":"https:\/\/orvikpower.com\/es\/wp-json\/wp\/v2\/media?parent=19043"}],"wp:term":[{"taxonomy":"product_brand","embeddable":true,"href":"https:\/\/orvikpower.com\/es\/wp-json\/wp\/v2\/product_brand?post=19043"},{"taxonomy":"product_cat","embeddable":true,"href":"https:\/\/orvikpower.com\/es\/wp-json\/wp\/v2\/product_cat?post=19043"},{"taxonomy":"product_tag","embeddable":true,"href":"https:\/\/orvikpower.com\/es\/wp-json\/wp\/v2\/product_tag?post=19043"}],"curies":[{"name":"wp","href":"https:\/\/api.w.org\/{rel}","templated":true}]}}