{"id":19064,"date":"2026-01-21T09:45:02","date_gmt":"2026-01-21T09:45:02","guid":{"rendered":"https:\/\/orvikpower.com\/?post_type=product&#038;p=19064"},"modified":"2026-01-21T09:45:55","modified_gmt":"2026-01-21T09:45:55","slug":"hm4-electric-street-sweeper-with-fog-cannon-factory-direct-wholesale-orvik","status":"publish","type":"product","link":"https:\/\/orvikpower.com\/es\/product\/hm4-electric-street-sweeper-with-fog-cannon-factory-direct-wholesale-orvik","title":{"rendered":"HM4 Barredora El\u00e9ctrica con Ca\u00f1\u00f3n de Niebla | Venta directa de f\u00e1brica al por mayor - ORVIK"},"content":{"rendered":"<p dir=\"auto\"><strong>Maximice su eficiencia de limpieza con potencia de grado industrial.<\/strong><br \/>\nLa serie Titan de ORVIK no es s\u00f3lo una barredora; es una soluci\u00f3n integral de control de polvo dise\u00f1ada para entornos industriales dif\u00edciles.<\/p>\n<ul dir=\"auto\">\n<li class=\"text-start\"><strong>Caracter\u00edstica:<\/strong> Equipado con una trayectoria de barrido ultra ancha de 2300 mm, un dep\u00f3sito de agua de 300 L y un <strong>Ca\u00f1\u00f3n de niebla de alta presi\u00f3n<\/strong>. El chasis se somete a un riguroso proceso de decapado, electroforesis y recubrimiento de polvo a alta temperatura.<\/li>\n<li class=\"text-start\"><strong>Ventaja:<\/strong> El ca\u00f1\u00f3n de niebla integrado suprime eficazmente el polvo suspendido en el aire en explotaciones mineras u obras de construcci\u00f3n, mientras que el tratamiento anticorrosi\u00f3n garantiza que el veh\u00edculo resista entornos h\u00famedos o \u00e1cidos sin oxidarse. La cabina cerrada con cristal templado garantiza la seguridad del operador en condiciones meteorol\u00f3gicas extremas.<\/li>\n<li class=\"text-start\"><strong>Beneficio:<\/strong> Sustituya entre 10 y 15 trabajadores manuales por una sola m\u00e1quina, reduciendo significativamente sus gastos generales de explotaci\u00f3n (TCO). La robusta estructura minimiza el tiempo de inactividad, garantizando que sus instalaciones cumplan la normativa medioambiental sobre polvo.<\/li>\n<li class=\"text-start\"><strong>Personalizaci\u00f3n:<\/strong> La capacidad de la bater\u00eda (plomo-\u00e1cido\/litio) y la potencia del motor pueden personalizarse para satisfacer sus requisitos espec\u00edficos de graduabilidad.<br \/>\n<strong>Dise\u00f1ado para que su trabajo fluya.<\/strong><\/li>\n<\/ul>","protected":false},"excerpt":{"rendered":"<p>Barredora el\u00e9ctrica de alta resistencia con 2300 mm de anchura de limpieza y ca\u00f1\u00f3n de niebla de alta presi\u00f3n. Dispone de chasis anticorrosi\u00f3n y dep\u00f3sito de agua de 300L. Ideal para miner\u00eda y parques industriales. <strong>Pregunte por el precio FCL.<\/strong><\/p>","protected":false},"featured_media":19065,"comment_status":"open","ping_status":"closed","template":"","meta":{"_eb_attr":""},"product_brand":[],"product_cat":[75,74],"product_tag":[116,114,115,94],"class_list":{"0":"post-19064","1":"product","2":"type-product","3":"status-publish","4":"has-post-thumbnail","6":"product_cat-electric-street-sweepers","7":"product_cat-specialized-service-vehicles","8":"product_tag-construction-site","9":"product_tag-industrial-park-cleaning","10":"product_tag-mining-site-dust-control","11":"product_tag-municipal-services","13":"first","14":"instock","15":"shipping-taxable","16":"product-type-simple"},"yoast_head":"<!-- This site is optimized with the Yoast SEO plugin v26.9 - https:\/\/yoast.com\/product\/yoast-seo-wordpress\/ -->\n<title>HM4 Electric Street Sweeper with Fog Cannon | Factory Direct Wholesale - ORVIK | ORVIK|Light Commercial Electric Vehicles<\/title>\n<meta name=\"robots\" content=\"index, follow, max-snippet:-1, max-image-preview:large, max-video-preview:-1\" \/>\n<link rel=\"canonical\" href=\"https:\/\/orvikpower.com\/es\/product\/hm4-electric-street-sweeper-with-fog-cannon-factory-direct-wholesale-orvik\" \/>\n<meta property=\"og:locale\" content=\"es_ES\" \/>\n<meta property=\"og:type\" content=\"article\" \/>\n<meta property=\"og:title\" content=\"HM4 Electric Street Sweeper with Fog Cannon | Factory Direct Wholesale - ORVIK | ORVIK|Light Commercial Electric Vehicles\" \/>\n<meta property=\"og:description\" content=\"Heavy-duty electric sweeper with 2300mm cleaning width and high-pressure fog cannon. Features anti-corrosion chassis and 300L water tank. Ideal for mining and industrial parks. Inquire for FCL Price.\" \/>\n<meta property=\"og:url\" content=\"https:\/\/orvikpower.com\/es\/product\/hm4-electric-street-sweeper-with-fog-cannon-factory-direct-wholesale-orvik\" \/>\n<meta property=\"og:site_name\" content=\"ORVIK|Light Commercial Electric Vehicles\" \/>\n<meta property=\"article:modified_time\" content=\"2026-01-21T09:45:55+00:00\" \/>\n<meta property=\"og:image\" content=\"https:\/\/orvikpower.com\/wp-content\/uploads\/2026\/01\/Electric-Street-Sweeper-with-Fog-Cannon-Factory-Direct-Wholesale-ORVIK.jpeg\" \/>\n\t<meta property=\"og:image:width\" content=\"1869\" \/>\n\t<meta property=\"og:image:height\" content=\"1520\" \/>\n\t<meta property=\"og:image:type\" content=\"image\/jpeg\" \/>\n<meta name=\"twitter:card\" content=\"summary_large_image\" \/>\n<meta name=\"twitter:label1\" content=\"Tiempo de lectura\" \/>\n\t<meta name=\"twitter:data1\" content=\"1 minuto\" \/>\n<script type=\"application\/ld+json\" class=\"yoast-schema-graph\">{\"@context\":\"https:\/\/schema.org\",\"@graph\":[{\"@type\":\"WebPage\",\"@id\":\"https:\/\/orvikpower.com\/product\/hm4-electric-street-sweeper-with-fog-cannon-factory-direct-wholesale-orvik\",\"url\":\"https:\/\/orvikpower.com\/product\/hm4-electric-street-sweeper-with-fog-cannon-factory-direct-wholesale-orvik\",\"name\":\"HM4 Electric Street Sweeper with Fog Cannon | Factory Direct Wholesale - ORVIK | ORVIK|Light Commercial Electric Vehicles\",\"isPartOf\":{\"@id\":\"https:\/\/orvikpower.com\/#website\"},\"primaryImageOfPage\":{\"@id\":\"https:\/\/orvikpower.com\/product\/hm4-electric-street-sweeper-with-fog-cannon-factory-direct-wholesale-orvik#primaryimage\"},\"image\":{\"@id\":\"https:\/\/orvikpower.com\/product\/hm4-electric-street-sweeper-with-fog-cannon-factory-direct-wholesale-orvik#primaryimage\"},\"thumbnailUrl\":\"https:\/\/orvikpower.com\/wp-content\/uploads\/2026\/01\/Electric-Street-Sweeper-with-Fog-Cannon-Factory-Direct-Wholesale-ORVIK.jpeg\",\"datePublished\":\"2026-01-21T09:45:02+00:00\",\"dateModified\":\"2026-01-21T09:45:55+00:00\",\"breadcrumb\":{\"@id\":\"https:\/\/orvikpower.com\/product\/hm4-electric-street-sweeper-with-fog-cannon-factory-direct-wholesale-orvik#breadcrumb\"},\"inLanguage\":\"es\",\"potentialAction\":[{\"@type\":\"ReadAction\",\"target\":[\"https:\/\/orvikpower.com\/product\/hm4-electric-street-sweeper-with-fog-cannon-factory-direct-wholesale-orvik\"]}]},{\"@type\":\"ImageObject\",\"inLanguage\":\"es\",\"@id\":\"https:\/\/orvikpower.com\/product\/hm4-electric-street-sweeper-with-fog-cannon-factory-direct-wholesale-orvik#primaryimage\",\"url\":\"https:\/\/orvikpower.com\/wp-content\/uploads\/2026\/01\/Electric-Street-Sweeper-with-Fog-Cannon-Factory-Direct-Wholesale-ORVIK.jpeg\",\"contentUrl\":\"https:\/\/orvikpower.com\/wp-content\/uploads\/2026\/01\/Electric-Street-Sweeper-with-Fog-Cannon-Factory-Direct-Wholesale-ORVIK.jpeg\",\"width\":1869,\"height\":1520},{\"@type\":\"BreadcrumbList\",\"@id\":\"https:\/\/orvikpower.com\/product\/hm4-electric-street-sweeper-with-fog-cannon-factory-direct-wholesale-orvik#breadcrumb\",\"itemListElement\":[{\"@type\":\"ListItem\",\"position\":1,\"name\":\"Home\",\"item\":\"https:\/\/orvikpower.com\/\"},{\"@type\":\"ListItem\",\"position\":2,\"name\":\"SHOP\",\"item\":\"https:\/\/orvikpower.com\/shop\"},{\"@type\":\"ListItem\",\"position\":3,\"name\":\"HM4 Electric Street Sweeper with Fog Cannon | Factory Direct Wholesale &#8211; ORVIK\"}]},{\"@type\":\"WebSite\",\"@id\":\"https:\/\/orvikpower.com\/#website\",\"url\":\"https:\/\/orvikpower.com\/\",\"name\":\"ORVIK | Light Commercial Electric Vehicles\",\"description\":\"Premier Manufacturer of Off-road Electric Utility Vehicles, Pickups &amp; Mini Trucks. High-Temp &amp; Arctic Ready designs for farms &amp; mines. Save costs with Factory-Direct FCL. Make work flow. Get a Quote.\",\"publisher\":{\"@id\":\"https:\/\/orvikpower.com\/#organization\"},\"potentialAction\":[{\"@type\":\"SearchAction\",\"target\":{\"@type\":\"EntryPoint\",\"urlTemplate\":\"https:\/\/orvikpower.com\/?s={search_term_string}\"},\"query-input\":{\"@type\":\"PropertyValueSpecification\",\"valueRequired\":true,\"valueName\":\"search_term_string\"}}],\"inLanguage\":\"es\"},{\"@type\":\"Organization\",\"@id\":\"https:\/\/orvikpower.com\/#organization\",\"name\":\"ORVIK | Light Commercial Electric Vehicles\",\"url\":\"https:\/\/orvikpower.com\/\",\"logo\":{\"@type\":\"ImageObject\",\"inLanguage\":\"es\",\"@id\":\"https:\/\/orvikpower.com\/#\/schema\/logo\/image\/\",\"url\":\"https:\/\/orvikpower.com\/wp-content\/uploads\/2026\/01\/cropped-logo-h-main-small.png\",\"contentUrl\":\"https:\/\/orvikpower.com\/wp-content\/uploads\/2026\/01\/cropped-logo-h-main-small.png\",\"width\":512,\"height\":512,\"caption\":\"ORVIK | Light Commercial Electric Vehicles\"},\"image\":{\"@id\":\"https:\/\/orvikpower.com\/#\/schema\/logo\/image\/\"},\"sameAs\":[\"https:\/\/www.youtube.com\/@ORVIKOrvikPower\",\"https:\/\/www.pinterest.com\/OrvikPower\/\"]}]}<\/script>\n<!-- \/ Yoast SEO plugin. -->","yoast_head_json":{"title":"Barredora de calles el\u00e9ctrica HM4 con ca\u00f1\u00f3n de niebla | Venta directa de f\u00e1brica al por mayor - ORVIK | ORVIK| Veh\u00edculos el\u00e9ctricos comerciales ligeros","robots":{"index":"index","follow":"follow","max-snippet":"max-snippet:-1","max-image-preview":"max-image-preview:large","max-video-preview":"max-video-preview:-1"},"canonical":"https:\/\/orvikpower.com\/es\/product\/hm4-electric-street-sweeper-with-fog-cannon-factory-direct-wholesale-orvik","og_locale":"es_ES","og_type":"article","og_title":"HM4 Electric Street Sweeper with Fog Cannon | Factory Direct Wholesale - ORVIK | ORVIK|Light Commercial Electric Vehicles","og_description":"Heavy-duty electric sweeper with 2300mm cleaning width and high-pressure fog cannon. Features anti-corrosion chassis and 300L water tank. Ideal for mining and industrial parks. Inquire for FCL Price.","og_url":"https:\/\/orvikpower.com\/es\/product\/hm4-electric-street-sweeper-with-fog-cannon-factory-direct-wholesale-orvik","og_site_name":"ORVIK|Light Commercial Electric Vehicles","article_modified_time":"2026-01-21T09:45:55+00:00","og_image":[{"width":1869,"height":1520,"url":"https:\/\/orvikpower.com\/wp-content\/uploads\/2026\/01\/Electric-Street-Sweeper-with-Fog-Cannon-Factory-Direct-Wholesale-ORVIK.jpeg","type":"image\/jpeg"}],"twitter_card":"summary_large_image","twitter_misc":{"Tiempo de lectura":"1 minuto"},"schema":{"@context":"https:\/\/schema.org","@graph":[{"@type":"WebPage","@id":"https:\/\/orvikpower.com\/product\/hm4-electric-street-sweeper-with-fog-cannon-factory-direct-wholesale-orvik","url":"https:\/\/orvikpower.com\/product\/hm4-electric-street-sweeper-with-fog-cannon-factory-direct-wholesale-orvik","name":"Barredora de calles el\u00e9ctrica HM4 con ca\u00f1\u00f3n de niebla | Venta directa de f\u00e1brica al por mayor - ORVIK | ORVIK| Veh\u00edculos el\u00e9ctricos comerciales ligeros","isPartOf":{"@id":"https:\/\/orvikpower.com\/#website"},"primaryImageOfPage":{"@id":"https:\/\/orvikpower.com\/product\/hm4-electric-street-sweeper-with-fog-cannon-factory-direct-wholesale-orvik#primaryimage"},"image":{"@id":"https:\/\/orvikpower.com\/product\/hm4-electric-street-sweeper-with-fog-cannon-factory-direct-wholesale-orvik#primaryimage"},"thumbnailUrl":"https:\/\/orvikpower.com\/wp-content\/uploads\/2026\/01\/Electric-Street-Sweeper-with-Fog-Cannon-Factory-Direct-Wholesale-ORVIK.jpeg","datePublished":"2026-01-21T09:45:02+00:00","dateModified":"2026-01-21T09:45:55+00:00","breadcrumb":{"@id":"https:\/\/orvikpower.com\/product\/hm4-electric-street-sweeper-with-fog-cannon-factory-direct-wholesale-orvik#breadcrumb"},"inLanguage":"es","potentialAction":[{"@type":"ReadAction","target":["https:\/\/orvikpower.com\/product\/hm4-electric-street-sweeper-with-fog-cannon-factory-direct-wholesale-orvik"]}]},{"@type":"ImageObject","inLanguage":"es","@id":"https:\/\/orvikpower.com\/product\/hm4-electric-street-sweeper-with-fog-cannon-factory-direct-wholesale-orvik#primaryimage","url":"https:\/\/orvikpower.com\/wp-content\/uploads\/2026\/01\/Electric-Street-Sweeper-with-Fog-Cannon-Factory-Direct-Wholesale-ORVIK.jpeg","contentUrl":"https:\/\/orvikpower.com\/wp-content\/uploads\/2026\/01\/Electric-Street-Sweeper-with-Fog-Cannon-Factory-Direct-Wholesale-ORVIK.jpeg","width":1869,"height":1520},{"@type":"BreadcrumbList","@id":"https:\/\/orvikpower.com\/product\/hm4-electric-street-sweeper-with-fog-cannon-factory-direct-wholesale-orvik#breadcrumb","itemListElement":[{"@type":"ListItem","position":1,"name":"Home","item":"https:\/\/orvikpower.com\/"},{"@type":"ListItem","position":2,"name":"SHOP","item":"https:\/\/orvikpower.com\/shop"},{"@type":"ListItem","position":3,"name":"HM4 Electric Street Sweeper with Fog Cannon | Factory Direct Wholesale &#8211; ORVIK"}]},{"@type":"WebSite","@id":"https:\/\/orvikpower.com\/#website","url":"https:\/\/orvikpower.com\/","name":"ORVIK | Veh\u00edculos el\u00e9ctricos comerciales ligeros","description":"Primer fabricante de veh\u00edculos utilitarios el\u00e9ctricos todoterreno, camionetas y minicamiones. Dise\u00f1os de alta temperatura y preparados para el \u00c1rtico para granjas y minas. Ahorre costes con FCL directo de f\u00e1brica. Haga que el trabajo fluya. Obtenga una cotizaci\u00f3n.","publisher":{"@id":"https:\/\/orvikpower.com\/#organization"},"potentialAction":[{"@type":"SearchAction","target":{"@type":"EntryPoint","urlTemplate":"https:\/\/orvikpower.com\/?s={search_term_string}"},"query-input":{"@type":"PropertyValueSpecification","valueRequired":true,"valueName":"search_term_string"}}],"inLanguage":"es"},{"@type":"Organization","@id":"https:\/\/orvikpower.com\/#organization","name":"ORVIK | Veh\u00edculos el\u00e9ctricos comerciales ligeros","url":"https:\/\/orvikpower.com\/","logo":{"@type":"ImageObject","inLanguage":"es","@id":"https:\/\/orvikpower.com\/#\/schema\/logo\/image\/","url":"https:\/\/orvikpower.com\/wp-content\/uploads\/2026\/01\/cropped-logo-h-main-small.png","contentUrl":"https:\/\/orvikpower.com\/wp-content\/uploads\/2026\/01\/cropped-logo-h-main-small.png","width":512,"height":512,"caption":"ORVIK | Light Commercial Electric Vehicles"},"image":{"@id":"https:\/\/orvikpower.com\/#\/schema\/logo\/image\/"},"sameAs":["https:\/\/www.youtube.com\/@ORVIKOrvikPower","https:\/\/www.pinterest.com\/OrvikPower\/"]}]}},"_links":{"self":[{"href":"https:\/\/orvikpower.com\/es\/wp-json\/wp\/v2\/product\/19064","targetHints":{"allow":["GET"]}}],"collection":[{"href":"https:\/\/orvikpower.com\/es\/wp-json\/wp\/v2\/product"}],"about":[{"href":"https:\/\/orvikpower.com\/es\/wp-json\/wp\/v2\/types\/product"}],"replies":[{"embeddable":true,"href":"https:\/\/orvikpower.com\/es\/wp-json\/wp\/v2\/comments?post=19064"}],"wp:featuredmedia":[{"embeddable":true,"href":"https:\/\/orvikpower.com\/es\/wp-json\/wp\/v2\/media\/19065"}],"wp:attachment":[{"href":"https:\/\/orvikpower.com\/es\/wp-json\/wp\/v2\/media?parent=19064"}],"wp:term":[{"taxonomy":"product_brand","embeddable":true,"href":"https:\/\/orvikpower.com\/es\/wp-json\/wp\/v2\/product_brand?post=19064"},{"taxonomy":"product_cat","embeddable":true,"href":"https:\/\/orvikpower.com\/es\/wp-json\/wp\/v2\/product_cat?post=19064"},{"taxonomy":"product_tag","embeddable":true,"href":"https:\/\/orvikpower.com\/es\/wp-json\/wp\/v2\/product_tag?post=19064"}],"curies":[{"name":"wp","href":"https:\/\/api.w.org\/{rel}","templated":true}]}}