{"id":19067,"date":"2026-01-21T10:58:49","date_gmt":"2026-01-21T10:58:49","guid":{"rendered":"https:\/\/orvikpower.com\/?post_type=product&#038;p=19067"},"modified":"2026-01-21T10:58:49","modified_gmt":"2026-01-21T10:58:49","slug":"as560-electric-walk-behind-floor-scrubber-industrial-cleaning-oem-orvik","status":"publish","type":"product","link":"https:\/\/orvikpower.com\/es\/product\/as560-electric-walk-behind-floor-scrubber-industrial-cleaning-oem-orvik","title":{"rendered":"Fregadora de suelos el\u00e9ctrica con conductor a pie AS560 | Limpieza industrial OEM - ORVIK"},"content":{"rendered":"<p dir=\"auto\"><strong>Cuidado profesional de suelos, simplificado.<\/strong><br \/>\nLa AS560 es la respuesta de ORVIK al mantenimiento intensivo de suelos. Dise\u00f1ada para instalaciones que requieren est\u00e1ndares de higiene constantes, esta fregadora con conductor a pie combina durabilidad industrial con facilidad de manejo.<\/p>\n<div class=\"my-2\"><\/div>\n<ul dir=\"auto\">\n<li class=\"text-start\"><strong>Caracter\u00edstica (construcci\u00f3n robusta):<\/strong> El chasis se somete a decapado \u00e1cido, electroforesis y recubrimiento de polvo a alta temperatura, mientras que la carrocer\u00eda utiliza tecnolog\u00eda de moldeo rotacional.<\/li>\n<li class=\"text-start\"><strong>Ventaja (Durabilidad):<\/strong> Esto garantiza que la m\u00e1quina sea totalmente resistente a los impactos, la corrosi\u00f3n y el \u00f3xido, incluso en entornos h\u00famedos o con una fuerte exposici\u00f3n a productos qu\u00edmicos.<\/li>\n<li class=\"text-start\"><strong>Beneficio (ROI):<\/strong> Para los gestores de las instalaciones, esto significa una vida \u00fatil significativamente m\u00e1s larga y una frecuencia de sustituci\u00f3n reducida en comparaci\u00f3n con los modelos de inyecci\u00f3n de pl\u00e1stico m\u00e1s baratos.<\/li>\n<\/ul>\n<div class=\"my-2\"><\/div>\n<p dir=\"auto\">El sistema el\u00e9ctrico del veh\u00edculo presenta un dise\u00f1o totalmente impermeable, que protege los circuitos cr\u00edticos de la entrada de agua durante el funcionamiento.<\/p>\n<ul dir=\"auto\">\n<li class=\"text-start\"><strong>Opciones de bater\u00eda:<\/strong> Plomo-\u00e1cido est\u00e1ndar de 24 V y 100 Ah (bajo coste) o LiFePO4 personalizable (carga r\u00e1pida).<\/li>\n<li class=\"text-start\"><strong>Personalizaci\u00f3n de la potencia:<\/strong> La potencia del motor de escobillas puede ajustarse en funci\u00f3n de los requisitos espec\u00edficos de los fabricantes de equipos originales.<\/li>\n<\/ul>\n<div class=\"my-2\"><\/div>\n<p dir=\"auto\"><strong>Dise\u00f1ado para que su trabajo fluya.<\/strong><\/p>\n<p dir=\"auto\">\n<table class=\"table table-striped-white table-bordered\" data-anchor-id=\"zgd0\">\n<thead>\n<tr>\n<th>Par\u00e1metro<\/th>\n<th>Especificaci\u00f3n<\/th>\n<\/tr>\n<\/thead>\n<tbody>\n<tr>\n<td><strong>Modelo<\/strong><\/td>\n<td>Fregadora de conductor acompa\u00f1ante AS560<\/td>\n<\/tr>\n<tr>\n<td><strong>Dimensiones (L*A*Al)<\/strong><\/td>\n<td>1400 \u00d7 830 \u00d7 1020 mm<\/td>\n<\/tr>\n<tr>\n<td><strong>Eficacia de la limpieza<\/strong><\/td>\n<td>2.600 m\u00b2\/h<\/td>\n<\/tr>\n<tr>\n<td><strong>Ancho de limpieza<\/strong><\/td>\n<td>520 mm (Cepillo) \/ 830 mm (Rasqueta)<\/td>\n<\/tr>\n<tr>\n<td><strong>Motor de disco de cepillo<\/strong><\/td>\n<td>550 W (est\u00e1ndar) -\u00a0<em>Personalizable<\/em><\/td>\n<\/tr>\n<tr>\n<td><strong>Motor de aspiraci\u00f3n<\/strong><\/td>\n<td>500W<\/td>\n<\/tr>\n<tr>\n<td><strong>Sistema de bater\u00edas<\/strong><\/td>\n<td>24V 100Ah (Plomo-\u00e1cido est\u00e1ndar \/ Li-ion opcional)<\/td>\n<\/tr>\n<tr>\n<td><strong>Tiempo de ejecuci\u00f3n<\/strong><\/td>\n<td>2 - 3 horas<\/td>\n<\/tr>\n<tr>\n<td><strong>Capacidad del dep\u00f3sito<\/strong><\/td>\n<td>55L (agua limpia) \/ 60L (agua sucia)<\/td>\n<\/tr>\n<tr>\n<td><strong>Peso de la m\u00e1quina<\/strong><\/td>\n<td>150 KG<\/td>\n<\/tr>\n<tr>\n<td><strong>Tecnolog\u00eda de chasis<\/strong><\/td>\n<td>Decapado \u00e1cido + Electroforesis + Recubrimiento en polvo<\/td>\n<\/tr>\n<tr>\n<td><strong>Material del cuerpo<\/strong><\/td>\n<td>Polietileno rotomoldeado (resistente a los impactos)<\/td>\n<\/tr>\n<tr>\n<td><strong>Neum\u00e1ticos<\/strong><\/td>\n<td>Caucho + PU (no deja marcas)<\/td>\n<\/tr>\n<tr>\n<td><strong>Cantidad de carga (40HQ)<\/strong><\/td>\n<td><em>Contacto para un plan de embalaje optimizado<\/em><\/td>\n<\/tr>\n<\/tbody>\n<\/table>","protected":false},"excerpt":{"rendered":"<p dir=\"auto\">Maximice la eficacia de la limpieza con la fregadora de conductor acompa\u00f1ante AS560 (2600 m\u00b2\/h). Dispone de un cuerpo rotomoldeado duradero, dep\u00f3sitos de 55L\/60L y electr\u00f3nica impermeable. Ideal para almacenes y hospitales. Pregunte por el precio de f\u00e1brica FCL.<\/p>\n<div class=\"my-2\"><\/div>\n<p dir=\"auto\">","protected":false},"featured_media":19074,"comment_status":"open","ping_status":"closed","template":"","meta":{"_eb_attr":""},"product_brand":[],"product_cat":[75,74],"product_tag":[92,118,121,117,119,120],"class_list":{"0":"post-19067","1":"product","2":"type-product","3":"status-publish","4":"has-post-thumbnail","6":"product_cat-electric-street-sweepers","7":"product_cat-specialized-service-vehicles","8":"product_tag-factory-floor","9":"product_tag-hospital","10":"product_tag-hotel-lobby","11":"product_tag-industrial-warehouse","12":"product_tag-school-campus","13":"product_tag-shopping-mall","15":"first","16":"instock","17":"shipping-taxable","18":"product-type-simple"},"yoast_head":"<!-- This site is optimized with the Yoast SEO plugin v26.9 - https:\/\/yoast.com\/product\/yoast-seo-wordpress\/ -->\n<title>AS560 Electric Walk-Behind Floor Scrubber | Industrial Cleaning OEM - ORVIK | ORVIK|Light Commercial Electric Vehicles<\/title>\n<meta name=\"robots\" content=\"index, follow, max-snippet:-1, max-image-preview:large, max-video-preview:-1\" \/>\n<link rel=\"canonical\" href=\"https:\/\/orvikpower.com\/es\/product\/as560-electric-walk-behind-floor-scrubber-industrial-cleaning-oem-orvik\" \/>\n<meta property=\"og:locale\" content=\"es_ES\" \/>\n<meta property=\"og:type\" content=\"article\" \/>\n<meta property=\"og:title\" content=\"AS560 Electric Walk-Behind Floor Scrubber | Industrial Cleaning OEM - ORVIK | ORVIK|Light Commercial Electric Vehicles\" \/>\n<meta property=\"og:description\" content=\"Maximize cleaning efficiency with the AS560 Walk-Behind Scrubber (2600m\u00b2\/h). Features a durable rotomolded body, 55L\/60L tanks, and waterproof electronics. Ideal for warehouses and hospitals. Inquire for FCL factory price.\" \/>\n<meta property=\"og:url\" content=\"https:\/\/orvikpower.com\/es\/product\/as560-electric-walk-behind-floor-scrubber-industrial-cleaning-oem-orvik\" \/>\n<meta property=\"og:site_name\" content=\"ORVIK|Light Commercial Electric Vehicles\" \/>\n<meta property=\"og:image\" content=\"https:\/\/orvikpower.com\/wp-content\/uploads\/2026\/01\/AS560-Electric-Walk-Behind-Floor-Scrubber-Industrial-Cleaning-OEM-ORVIK.jpeg\" \/>\n\t<meta property=\"og:image:width\" content=\"2340\" \/>\n\t<meta property=\"og:image:height\" content=\"2197\" \/>\n\t<meta property=\"og:image:type\" content=\"image\/jpeg\" \/>\n<meta name=\"twitter:card\" content=\"summary_large_image\" \/>\n<meta name=\"twitter:label1\" content=\"Tiempo de lectura\" \/>\n\t<meta name=\"twitter:data1\" content=\"1 minuto\" \/>\n<script type=\"application\/ld+json\" class=\"yoast-schema-graph\">{\"@context\":\"https:\/\/schema.org\",\"@graph\":[{\"@type\":\"WebPage\",\"@id\":\"https:\/\/orvikpower.com\/product\/as560-electric-walk-behind-floor-scrubber-industrial-cleaning-oem-orvik\",\"url\":\"https:\/\/orvikpower.com\/product\/as560-electric-walk-behind-floor-scrubber-industrial-cleaning-oem-orvik\",\"name\":\"AS560 Electric Walk-Behind Floor Scrubber | Industrial Cleaning OEM - ORVIK | ORVIK|Light Commercial Electric Vehicles\",\"isPartOf\":{\"@id\":\"https:\/\/orvikpower.com\/#website\"},\"primaryImageOfPage\":{\"@id\":\"https:\/\/orvikpower.com\/product\/as560-electric-walk-behind-floor-scrubber-industrial-cleaning-oem-orvik#primaryimage\"},\"image\":{\"@id\":\"https:\/\/orvikpower.com\/product\/as560-electric-walk-behind-floor-scrubber-industrial-cleaning-oem-orvik#primaryimage\"},\"thumbnailUrl\":\"https:\/\/orvikpower.com\/wp-content\/uploads\/2026\/01\/AS560-Electric-Walk-Behind-Floor-Scrubber-Industrial-Cleaning-OEM-ORVIK.jpeg\",\"datePublished\":\"2026-01-21T10:58:49+00:00\",\"breadcrumb\":{\"@id\":\"https:\/\/orvikpower.com\/product\/as560-electric-walk-behind-floor-scrubber-industrial-cleaning-oem-orvik#breadcrumb\"},\"inLanguage\":\"es\",\"potentialAction\":[{\"@type\":\"ReadAction\",\"target\":[\"https:\/\/orvikpower.com\/product\/as560-electric-walk-behind-floor-scrubber-industrial-cleaning-oem-orvik\"]}]},{\"@type\":\"ImageObject\",\"inLanguage\":\"es\",\"@id\":\"https:\/\/orvikpower.com\/product\/as560-electric-walk-behind-floor-scrubber-industrial-cleaning-oem-orvik#primaryimage\",\"url\":\"https:\/\/orvikpower.com\/wp-content\/uploads\/2026\/01\/AS560-Electric-Walk-Behind-Floor-Scrubber-Industrial-Cleaning-OEM-ORVIK.jpeg\",\"contentUrl\":\"https:\/\/orvikpower.com\/wp-content\/uploads\/2026\/01\/AS560-Electric-Walk-Behind-Floor-Scrubber-Industrial-Cleaning-OEM-ORVIK.jpeg\",\"width\":2340,\"height\":2197},{\"@type\":\"BreadcrumbList\",\"@id\":\"https:\/\/orvikpower.com\/product\/as560-electric-walk-behind-floor-scrubber-industrial-cleaning-oem-orvik#breadcrumb\",\"itemListElement\":[{\"@type\":\"ListItem\",\"position\":1,\"name\":\"Home\",\"item\":\"https:\/\/orvikpower.com\/\"},{\"@type\":\"ListItem\",\"position\":2,\"name\":\"SHOP\",\"item\":\"https:\/\/orvikpower.com\/shop\"},{\"@type\":\"ListItem\",\"position\":3,\"name\":\"AS560 Electric Walk-Behind Floor Scrubber | Industrial Cleaning OEM &#8211; ORVIK\"}]},{\"@type\":\"WebSite\",\"@id\":\"https:\/\/orvikpower.com\/#website\",\"url\":\"https:\/\/orvikpower.com\/\",\"name\":\"ORVIK | Light Commercial Electric Vehicles\",\"description\":\"Premier Manufacturer of Off-road Electric Utility Vehicles, Pickups &amp; Mini Trucks. High-Temp &amp; Arctic Ready designs for farms &amp; mines. Save costs with Factory-Direct FCL. Make work flow. Get a Quote.\",\"publisher\":{\"@id\":\"https:\/\/orvikpower.com\/#organization\"},\"potentialAction\":[{\"@type\":\"SearchAction\",\"target\":{\"@type\":\"EntryPoint\",\"urlTemplate\":\"https:\/\/orvikpower.com\/?s={search_term_string}\"},\"query-input\":{\"@type\":\"PropertyValueSpecification\",\"valueRequired\":true,\"valueName\":\"search_term_string\"}}],\"inLanguage\":\"es\"},{\"@type\":\"Organization\",\"@id\":\"https:\/\/orvikpower.com\/#organization\",\"name\":\"ORVIK | Light Commercial Electric Vehicles\",\"url\":\"https:\/\/orvikpower.com\/\",\"logo\":{\"@type\":\"ImageObject\",\"inLanguage\":\"es\",\"@id\":\"https:\/\/orvikpower.com\/#\/schema\/logo\/image\/\",\"url\":\"https:\/\/orvikpower.com\/wp-content\/uploads\/2026\/01\/cropped-logo-h-main-small.png\",\"contentUrl\":\"https:\/\/orvikpower.com\/wp-content\/uploads\/2026\/01\/cropped-logo-h-main-small.png\",\"width\":512,\"height\":512,\"caption\":\"ORVIK | Light Commercial Electric Vehicles\"},\"image\":{\"@id\":\"https:\/\/orvikpower.com\/#\/schema\/logo\/image\/\"},\"sameAs\":[\"https:\/\/www.youtube.com\/@ORVIKOrvikPower\",\"https:\/\/www.pinterest.com\/OrvikPower\/\"]}]}<\/script>\n<!-- \/ Yoast SEO plugin. -->","yoast_head_json":{"title":"Fregadora de suelos el\u00e9ctrica con conductor a pie AS560 | Limpieza industrial OEM - ORVIK | ORVIK| Veh\u00edculos el\u00e9ctricos comerciales ligeros","robots":{"index":"index","follow":"follow","max-snippet":"max-snippet:-1","max-image-preview":"max-image-preview:large","max-video-preview":"max-video-preview:-1"},"canonical":"https:\/\/orvikpower.com\/es\/product\/as560-electric-walk-behind-floor-scrubber-industrial-cleaning-oem-orvik","og_locale":"es_ES","og_type":"article","og_title":"AS560 Electric Walk-Behind Floor Scrubber | Industrial Cleaning OEM - ORVIK | ORVIK|Light Commercial Electric Vehicles","og_description":"Maximize cleaning efficiency with the AS560 Walk-Behind Scrubber (2600m\u00b2\/h). Features a durable rotomolded body, 55L\/60L tanks, and waterproof electronics. Ideal for warehouses and hospitals. Inquire for FCL factory price.","og_url":"https:\/\/orvikpower.com\/es\/product\/as560-electric-walk-behind-floor-scrubber-industrial-cleaning-oem-orvik","og_site_name":"ORVIK|Light Commercial Electric Vehicles","og_image":[{"width":2340,"height":2197,"url":"https:\/\/orvikpower.com\/wp-content\/uploads\/2026\/01\/AS560-Electric-Walk-Behind-Floor-Scrubber-Industrial-Cleaning-OEM-ORVIK.jpeg","type":"image\/jpeg"}],"twitter_card":"summary_large_image","twitter_misc":{"Tiempo de lectura":"1 minuto"},"schema":{"@context":"https:\/\/schema.org","@graph":[{"@type":"WebPage","@id":"https:\/\/orvikpower.com\/product\/as560-electric-walk-behind-floor-scrubber-industrial-cleaning-oem-orvik","url":"https:\/\/orvikpower.com\/product\/as560-electric-walk-behind-floor-scrubber-industrial-cleaning-oem-orvik","name":"Fregadora de suelos el\u00e9ctrica con conductor a pie AS560 | Limpieza industrial OEM - ORVIK | ORVIK| Veh\u00edculos el\u00e9ctricos comerciales ligeros","isPartOf":{"@id":"https:\/\/orvikpower.com\/#website"},"primaryImageOfPage":{"@id":"https:\/\/orvikpower.com\/product\/as560-electric-walk-behind-floor-scrubber-industrial-cleaning-oem-orvik#primaryimage"},"image":{"@id":"https:\/\/orvikpower.com\/product\/as560-electric-walk-behind-floor-scrubber-industrial-cleaning-oem-orvik#primaryimage"},"thumbnailUrl":"https:\/\/orvikpower.com\/wp-content\/uploads\/2026\/01\/AS560-Electric-Walk-Behind-Floor-Scrubber-Industrial-Cleaning-OEM-ORVIK.jpeg","datePublished":"2026-01-21T10:58:49+00:00","breadcrumb":{"@id":"https:\/\/orvikpower.com\/product\/as560-electric-walk-behind-floor-scrubber-industrial-cleaning-oem-orvik#breadcrumb"},"inLanguage":"es","potentialAction":[{"@type":"ReadAction","target":["https:\/\/orvikpower.com\/product\/as560-electric-walk-behind-floor-scrubber-industrial-cleaning-oem-orvik"]}]},{"@type":"ImageObject","inLanguage":"es","@id":"https:\/\/orvikpower.com\/product\/as560-electric-walk-behind-floor-scrubber-industrial-cleaning-oem-orvik#primaryimage","url":"https:\/\/orvikpower.com\/wp-content\/uploads\/2026\/01\/AS560-Electric-Walk-Behind-Floor-Scrubber-Industrial-Cleaning-OEM-ORVIK.jpeg","contentUrl":"https:\/\/orvikpower.com\/wp-content\/uploads\/2026\/01\/AS560-Electric-Walk-Behind-Floor-Scrubber-Industrial-Cleaning-OEM-ORVIK.jpeg","width":2340,"height":2197},{"@type":"BreadcrumbList","@id":"https:\/\/orvikpower.com\/product\/as560-electric-walk-behind-floor-scrubber-industrial-cleaning-oem-orvik#breadcrumb","itemListElement":[{"@type":"ListItem","position":1,"name":"Home","item":"https:\/\/orvikpower.com\/"},{"@type":"ListItem","position":2,"name":"SHOP","item":"https:\/\/orvikpower.com\/shop"},{"@type":"ListItem","position":3,"name":"AS560 Electric Walk-Behind Floor Scrubber | Industrial Cleaning OEM &#8211; ORVIK"}]},{"@type":"WebSite","@id":"https:\/\/orvikpower.com\/#website","url":"https:\/\/orvikpower.com\/","name":"ORVIK | Veh\u00edculos el\u00e9ctricos comerciales ligeros","description":"Primer fabricante de veh\u00edculos utilitarios el\u00e9ctricos todoterreno, camionetas y minicamiones. Dise\u00f1os de alta temperatura y preparados para el \u00c1rtico para granjas y minas. Ahorre costes con FCL directo de f\u00e1brica. Haga que el trabajo fluya. Obtenga una cotizaci\u00f3n.","publisher":{"@id":"https:\/\/orvikpower.com\/#organization"},"potentialAction":[{"@type":"SearchAction","target":{"@type":"EntryPoint","urlTemplate":"https:\/\/orvikpower.com\/?s={search_term_string}"},"query-input":{"@type":"PropertyValueSpecification","valueRequired":true,"valueName":"search_term_string"}}],"inLanguage":"es"},{"@type":"Organization","@id":"https:\/\/orvikpower.com\/#organization","name":"ORVIK | Veh\u00edculos el\u00e9ctricos comerciales ligeros","url":"https:\/\/orvikpower.com\/","logo":{"@type":"ImageObject","inLanguage":"es","@id":"https:\/\/orvikpower.com\/#\/schema\/logo\/image\/","url":"https:\/\/orvikpower.com\/wp-content\/uploads\/2026\/01\/cropped-logo-h-main-small.png","contentUrl":"https:\/\/orvikpower.com\/wp-content\/uploads\/2026\/01\/cropped-logo-h-main-small.png","width":512,"height":512,"caption":"ORVIK | Light Commercial Electric Vehicles"},"image":{"@id":"https:\/\/orvikpower.com\/#\/schema\/logo\/image\/"},"sameAs":["https:\/\/www.youtube.com\/@ORVIKOrvikPower","https:\/\/www.pinterest.com\/OrvikPower\/"]}]}},"_links":{"self":[{"href":"https:\/\/orvikpower.com\/es\/wp-json\/wp\/v2\/product\/19067","targetHints":{"allow":["GET"]}}],"collection":[{"href":"https:\/\/orvikpower.com\/es\/wp-json\/wp\/v2\/product"}],"about":[{"href":"https:\/\/orvikpower.com\/es\/wp-json\/wp\/v2\/types\/product"}],"replies":[{"embeddable":true,"href":"https:\/\/orvikpower.com\/es\/wp-json\/wp\/v2\/comments?post=19067"}],"wp:featuredmedia":[{"embeddable":true,"href":"https:\/\/orvikpower.com\/es\/wp-json\/wp\/v2\/media\/19074"}],"wp:attachment":[{"href":"https:\/\/orvikpower.com\/es\/wp-json\/wp\/v2\/media?parent=19067"}],"wp:term":[{"taxonomy":"product_brand","embeddable":true,"href":"https:\/\/orvikpower.com\/es\/wp-json\/wp\/v2\/product_brand?post=19067"},{"taxonomy":"product_cat","embeddable":true,"href":"https:\/\/orvikpower.com\/es\/wp-json\/wp\/v2\/product_cat?post=19067"},{"taxonomy":"product_tag","embeddable":true,"href":"https:\/\/orvikpower.com\/es\/wp-json\/wp\/v2\/product_tag?post=19067"}],"curies":[{"name":"wp","href":"https:\/\/api.w.org\/{rel}","templated":true}]}}