{"id":19075,"date":"2026-01-21T11:06:00","date_gmt":"2026-01-21T11:06:00","guid":{"rendered":"https:\/\/orvikpower.com\/?post_type=product&#038;p=19075"},"modified":"2026-01-21T11:06:00","modified_gmt":"2026-01-21T11:06:00","slug":"as700-ride-on-electric-floor-scrubber-industrial-warehouse-cleaning-factory-direct-orvik","status":"publish","type":"product","link":"https:\/\/orvikpower.com\/es\/product\/as700-ride-on-electric-floor-scrubber-industrial-warehouse-cleaning-factory-direct-orvik","title":{"rendered":"AS700 Fregadora de Suelos El\u00e9ctrica sobre Ruedas | Limpieza de Almacenes Industriales | Directo de F\u00e1brica - ORVIK"},"content":{"rendered":"<p dir=\"auto\">he <strong>Fregadora de suelos el\u00e9ctrica con conductor a bordo AS700<\/strong> es la soluci\u00f3n robusta para la limpieza de interiores a gran escala.<\/p>\n<ul dir=\"auto\">\n<li class=\"text-start\"><strong>Caracter\u00edstica<\/strong>: Construido con un cuerpo rotomoldeado duradero y un chasis de acero decapado al \u00e1cido y tratado con electroforesis.<\/li>\n<li class=\"text-start\"><strong>Ventaja<\/strong>: Esta construcci\u00f3n \u201ctipo dep\u00f3sito\u201d ofrece una resistencia superior a los impactos y protecci\u00f3n contra la corrosi\u00f3n qu\u00edmica, mientras que el dep\u00f3sito de agua limpia de 90 L reduce la frecuencia de rellenado.<\/li>\n<li class=\"text-start\"><strong>Beneficio<\/strong>: Su equipo puede limpiar hasta <strong>3.000 m\u00b2\/h<\/strong>, reduciendo dr\u00e1sticamente las horas de trabajo y el tiempo de inactividad en comparaci\u00f3n con el fregado manual.<\/li>\n<li class=\"text-start\"><strong>Personalizaci\u00f3n<\/strong>: Disponible con bater\u00edas de plomo est\u00e1ndar o mejoradas. <strong>Bater\u00edas LiFePO4<\/strong> para operaciones 24\/7; la potencia del motor puede ajustarse para requisitos espec\u00edficos de pendiente.<\/li>\n<li>\u00a0<strong>Dise\u00f1ado para que su trabajo fluya.<\/strong><\/li>\n<\/ul>\n<p>&nbsp;<\/p>\n<table class=\"table table-striped-white table-bordered\" data-anchor-id=\"zgd0\">\n<thead>\n<tr>\n<th>Especificaci\u00f3n<\/th>\n<th>Par\u00e1metros<\/th>\n<\/tr>\n<\/thead>\n<tbody>\n<tr>\n<td><strong>Modelo<\/strong><\/td>\n<td>AS700 Cepillo simple<\/td>\n<\/tr>\n<tr>\n<td><strong>Dimensiones<\/strong><\/td>\n<td>1500 x 950 x 1150 mm<\/td>\n<\/tr>\n<tr>\n<td><strong>Eficacia de la limpieza<\/strong><\/td>\n<td>3000 m\u00b2\/h<\/td>\n<\/tr>\n<tr>\n<td><strong>Ancho de limpieza<\/strong><\/td>\n<td>Fregado: 560mm (22\u2033) \/ Escobilla de goma: 920mm<\/td>\n<\/tr>\n<tr>\n<td><strong>Capacidad del dep\u00f3sito<\/strong><\/td>\n<td>Limpio: 90L \/ Sucio: 80L<\/td>\n<\/tr>\n<tr>\n<td><strong>Potencia total del motor<\/strong><\/td>\n<td>Accionamiento: 500W<\/td>\n<\/tr>\n<tr>\n<td><strong>Tensi\u00f3n del sistema<\/strong><\/td>\n<td>24V<\/td>\n<\/tr>\n<tr>\n<td><strong>Especificaciones de la bater\u00eda<\/strong><\/td>\n<td>100Ah Plomo-\u00e1cido (Est\u00e1ndar) \/\u00a0<strong>LiFePO4 Opcional<\/strong><\/td>\n<\/tr>\n<tr>\n<td><strong>Tiempo m\u00e1ximo de funcionamiento<\/strong><\/td>\n<td>2-3 horas (seg\u00fan el tipo de suelo y la bater\u00eda elegida)<\/td>\n<\/tr>\n<tr>\n<td>**Material del chasis<\/td>\n<td>Acero tratado por electroforesis<\/td>\n<\/tr>\n<tr>\n<td><strong>Material del cuerpo<\/strong><\/td>\n<td>Rotomoldeo (resistente a los impactos)<\/td>\n<\/tr>\n<tr>\n<td>**Cantidad de carga 40HQ**<\/td>\n<td>Aprox. 32 unidades (Sujeto a embalaje\/envasado)<\/td>\n<\/tr>\n<\/tbody>\n<\/table>","protected":false},"excerpt":{"rendered":"<p dir=\"auto\">Maximice la higiene de sus instalaciones con la fregadora AS700 Ride-On. Eficacia de 3000 m\u00b2\/h, dep\u00f3sito de 90 l y cuerpo rotomoldeado anticorrosi\u00f3n. Bajo mantenimiento, alto retorno de la inversi\u00f3n. <strong>Pregunte por el precio al por mayor de FCL.<\/strong><\/p>\n<div class=\"my-2\"><\/div>\n<p dir=\"auto\">","protected":false},"featured_media":19076,"comment_status":"open","ping_status":"closed","template":"","meta":{"_eb_attr":""},"product_brand":[],"product_cat":[75,74],"product_tag":[92,118,117,120,122],"class_list":{"0":"post-19075","1":"product","2":"type-product","3":"status-publish","4":"has-post-thumbnail","6":"product_cat-electric-street-sweepers","7":"product_cat-specialized-service-vehicles","8":"product_tag-factory-floor","9":"product_tag-hospital","10":"product_tag-industrial-warehouse","11":"product_tag-shopping-mall","12":"product_tag-underground-parking","14":"first","15":"instock","16":"shipping-taxable","17":"product-type-simple"},"yoast_head":"<!-- This site is optimized with the Yoast SEO plugin v26.9 - https:\/\/yoast.com\/product\/yoast-seo-wordpress\/ -->\n<title>AS700 Ride-On Electric Floor Scrubber | Industrial Warehouse Cleaning | Factory Direct - ORVIK | ORVIK|Light Commercial Electric Vehicles<\/title>\n<meta name=\"robots\" content=\"index, follow, max-snippet:-1, max-image-preview:large, max-video-preview:-1\" \/>\n<link rel=\"canonical\" href=\"https:\/\/orvikpower.com\/es\/product\/as700-ride-on-electric-floor-scrubber-industrial-warehouse-cleaning-factory-direct-orvik\" \/>\n<meta property=\"og:locale\" content=\"es_ES\" \/>\n<meta property=\"og:type\" content=\"article\" \/>\n<meta property=\"og:title\" content=\"AS700 Ride-On Electric Floor Scrubber | Industrial Warehouse Cleaning | Factory Direct - ORVIK | ORVIK|Light Commercial Electric Vehicles\" \/>\n<meta property=\"og:description\" content=\"Maximize facility hygiene with the AS700 Ride-On Scrubber. Features 3000m\u00b2\/h efficiency, 90L tank, and rotomolded anti-corrosion body. Low maintenance, high ROI. Inquire for FCL Wholesale Price.\" \/>\n<meta property=\"og:url\" content=\"https:\/\/orvikpower.com\/es\/product\/as700-ride-on-electric-floor-scrubber-industrial-warehouse-cleaning-factory-direct-orvik\" \/>\n<meta property=\"og:site_name\" content=\"ORVIK|Light Commercial Electric Vehicles\" \/>\n<meta property=\"og:image\" content=\"https:\/\/orvikpower.com\/wp-content\/uploads\/2026\/01\/AS700-Ride-On-Electric-Floor-Scrubber-Industrial-Warehouse-Cleaning-Factory-Direct-ORVIK.jpeg\" \/>\n\t<meta property=\"og:image:width\" content=\"1338\" \/>\n\t<meta property=\"og:image:height\" content=\"1279\" \/>\n\t<meta property=\"og:image:type\" content=\"image\/jpeg\" \/>\n<meta name=\"twitter:card\" content=\"summary_large_image\" \/>\n<meta name=\"twitter:label1\" content=\"Tiempo de lectura\" \/>\n\t<meta name=\"twitter:data1\" content=\"1 minuto\" \/>\n<script type=\"application\/ld+json\" class=\"yoast-schema-graph\">{\"@context\":\"https:\/\/schema.org\",\"@graph\":[{\"@type\":\"WebPage\",\"@id\":\"https:\/\/orvikpower.com\/product\/as700-ride-on-electric-floor-scrubber-industrial-warehouse-cleaning-factory-direct-orvik\",\"url\":\"https:\/\/orvikpower.com\/product\/as700-ride-on-electric-floor-scrubber-industrial-warehouse-cleaning-factory-direct-orvik\",\"name\":\"AS700 Ride-On Electric Floor Scrubber | Industrial Warehouse Cleaning | Factory Direct - ORVIK | ORVIK|Light Commercial Electric Vehicles\",\"isPartOf\":{\"@id\":\"https:\/\/orvikpower.com\/#website\"},\"primaryImageOfPage\":{\"@id\":\"https:\/\/orvikpower.com\/product\/as700-ride-on-electric-floor-scrubber-industrial-warehouse-cleaning-factory-direct-orvik#primaryimage\"},\"image\":{\"@id\":\"https:\/\/orvikpower.com\/product\/as700-ride-on-electric-floor-scrubber-industrial-warehouse-cleaning-factory-direct-orvik#primaryimage\"},\"thumbnailUrl\":\"https:\/\/orvikpower.com\/wp-content\/uploads\/2026\/01\/AS700-Ride-On-Electric-Floor-Scrubber-Industrial-Warehouse-Cleaning-Factory-Direct-ORVIK.jpeg\",\"datePublished\":\"2026-01-21T11:06:00+00:00\",\"breadcrumb\":{\"@id\":\"https:\/\/orvikpower.com\/product\/as700-ride-on-electric-floor-scrubber-industrial-warehouse-cleaning-factory-direct-orvik#breadcrumb\"},\"inLanguage\":\"es\",\"potentialAction\":[{\"@type\":\"ReadAction\",\"target\":[\"https:\/\/orvikpower.com\/product\/as700-ride-on-electric-floor-scrubber-industrial-warehouse-cleaning-factory-direct-orvik\"]}]},{\"@type\":\"ImageObject\",\"inLanguage\":\"es\",\"@id\":\"https:\/\/orvikpower.com\/product\/as700-ride-on-electric-floor-scrubber-industrial-warehouse-cleaning-factory-direct-orvik#primaryimage\",\"url\":\"https:\/\/orvikpower.com\/wp-content\/uploads\/2026\/01\/AS700-Ride-On-Electric-Floor-Scrubber-Industrial-Warehouse-Cleaning-Factory-Direct-ORVIK.jpeg\",\"contentUrl\":\"https:\/\/orvikpower.com\/wp-content\/uploads\/2026\/01\/AS700-Ride-On-Electric-Floor-Scrubber-Industrial-Warehouse-Cleaning-Factory-Direct-ORVIK.jpeg\",\"width\":1338,\"height\":1279,\"caption\":\"Maximize facility hygiene with the AS700 Ride-On Scrubber. Features 3000m\u00b2\/h efficiency, 90L tank, and rotomolded anti-corrosion body. Low maintenance, high ROI. Inquire for FCL Wholesale Price.\"},{\"@type\":\"BreadcrumbList\",\"@id\":\"https:\/\/orvikpower.com\/product\/as700-ride-on-electric-floor-scrubber-industrial-warehouse-cleaning-factory-direct-orvik#breadcrumb\",\"itemListElement\":[{\"@type\":\"ListItem\",\"position\":1,\"name\":\"Home\",\"item\":\"https:\/\/orvikpower.com\/\"},{\"@type\":\"ListItem\",\"position\":2,\"name\":\"SHOP\",\"item\":\"https:\/\/orvikpower.com\/shop\"},{\"@type\":\"ListItem\",\"position\":3,\"name\":\"AS700 Ride-On Electric Floor Scrubber | Industrial Warehouse Cleaning | Factory Direct &#8211; ORVIK\"}]},{\"@type\":\"WebSite\",\"@id\":\"https:\/\/orvikpower.com\/#website\",\"url\":\"https:\/\/orvikpower.com\/\",\"name\":\"ORVIK | Light Commercial Electric Vehicles\",\"description\":\"Premier Manufacturer of Off-road Electric Utility Vehicles, Pickups &amp; Mini Trucks. High-Temp &amp; Arctic Ready designs for farms &amp; mines. Save costs with Factory-Direct FCL. Make work flow. Get a Quote.\",\"publisher\":{\"@id\":\"https:\/\/orvikpower.com\/#organization\"},\"potentialAction\":[{\"@type\":\"SearchAction\",\"target\":{\"@type\":\"EntryPoint\",\"urlTemplate\":\"https:\/\/orvikpower.com\/?s={search_term_string}\"},\"query-input\":{\"@type\":\"PropertyValueSpecification\",\"valueRequired\":true,\"valueName\":\"search_term_string\"}}],\"inLanguage\":\"es\"},{\"@type\":\"Organization\",\"@id\":\"https:\/\/orvikpower.com\/#organization\",\"name\":\"ORVIK | Light Commercial Electric Vehicles\",\"url\":\"https:\/\/orvikpower.com\/\",\"logo\":{\"@type\":\"ImageObject\",\"inLanguage\":\"es\",\"@id\":\"https:\/\/orvikpower.com\/#\/schema\/logo\/image\/\",\"url\":\"https:\/\/orvikpower.com\/wp-content\/uploads\/2026\/01\/cropped-logo-h-main-small.png\",\"contentUrl\":\"https:\/\/orvikpower.com\/wp-content\/uploads\/2026\/01\/cropped-logo-h-main-small.png\",\"width\":512,\"height\":512,\"caption\":\"ORVIK | Light Commercial Electric Vehicles\"},\"image\":{\"@id\":\"https:\/\/orvikpower.com\/#\/schema\/logo\/image\/\"},\"sameAs\":[\"https:\/\/www.youtube.com\/@ORVIKOrvikPower\",\"https:\/\/www.pinterest.com\/OrvikPower\/\"]}]}<\/script>\n<!-- \/ Yoast SEO plugin. -->","yoast_head_json":{"title":"AS700 Fregadora de Suelos El\u00e9ctrica sobre Ruedas | Limpieza de Almacenes Industriales | Directo de F\u00e1brica - ORVIK | ORVIK| Veh\u00edculos El\u00e9ctricos Comerciales Ligeros","robots":{"index":"index","follow":"follow","max-snippet":"max-snippet:-1","max-image-preview":"max-image-preview:large","max-video-preview":"max-video-preview:-1"},"canonical":"https:\/\/orvikpower.com\/es\/product\/as700-ride-on-electric-floor-scrubber-industrial-warehouse-cleaning-factory-direct-orvik","og_locale":"es_ES","og_type":"article","og_title":"AS700 Ride-On Electric Floor Scrubber | Industrial Warehouse Cleaning | Factory Direct - ORVIK | ORVIK|Light Commercial Electric Vehicles","og_description":"Maximize facility hygiene with the AS700 Ride-On Scrubber. Features 3000m\u00b2\/h efficiency, 90L tank, and rotomolded anti-corrosion body. Low maintenance, high ROI. Inquire for FCL Wholesale Price.","og_url":"https:\/\/orvikpower.com\/es\/product\/as700-ride-on-electric-floor-scrubber-industrial-warehouse-cleaning-factory-direct-orvik","og_site_name":"ORVIK|Light Commercial Electric Vehicles","og_image":[{"width":1338,"height":1279,"url":"https:\/\/orvikpower.com\/wp-content\/uploads\/2026\/01\/AS700-Ride-On-Electric-Floor-Scrubber-Industrial-Warehouse-Cleaning-Factory-Direct-ORVIK.jpeg","type":"image\/jpeg"}],"twitter_card":"summary_large_image","twitter_misc":{"Tiempo de lectura":"1 minuto"},"schema":{"@context":"https:\/\/schema.org","@graph":[{"@type":"WebPage","@id":"https:\/\/orvikpower.com\/product\/as700-ride-on-electric-floor-scrubber-industrial-warehouse-cleaning-factory-direct-orvik","url":"https:\/\/orvikpower.com\/product\/as700-ride-on-electric-floor-scrubber-industrial-warehouse-cleaning-factory-direct-orvik","name":"AS700 Fregadora de Suelos El\u00e9ctrica sobre Ruedas | Limpieza de Almacenes Industriales | Directo de F\u00e1brica - ORVIK | ORVIK| Veh\u00edculos El\u00e9ctricos Comerciales Ligeros","isPartOf":{"@id":"https:\/\/orvikpower.com\/#website"},"primaryImageOfPage":{"@id":"https:\/\/orvikpower.com\/product\/as700-ride-on-electric-floor-scrubber-industrial-warehouse-cleaning-factory-direct-orvik#primaryimage"},"image":{"@id":"https:\/\/orvikpower.com\/product\/as700-ride-on-electric-floor-scrubber-industrial-warehouse-cleaning-factory-direct-orvik#primaryimage"},"thumbnailUrl":"https:\/\/orvikpower.com\/wp-content\/uploads\/2026\/01\/AS700-Ride-On-Electric-Floor-Scrubber-Industrial-Warehouse-Cleaning-Factory-Direct-ORVIK.jpeg","datePublished":"2026-01-21T11:06:00+00:00","breadcrumb":{"@id":"https:\/\/orvikpower.com\/product\/as700-ride-on-electric-floor-scrubber-industrial-warehouse-cleaning-factory-direct-orvik#breadcrumb"},"inLanguage":"es","potentialAction":[{"@type":"ReadAction","target":["https:\/\/orvikpower.com\/product\/as700-ride-on-electric-floor-scrubber-industrial-warehouse-cleaning-factory-direct-orvik"]}]},{"@type":"ImageObject","inLanguage":"es","@id":"https:\/\/orvikpower.com\/product\/as700-ride-on-electric-floor-scrubber-industrial-warehouse-cleaning-factory-direct-orvik#primaryimage","url":"https:\/\/orvikpower.com\/wp-content\/uploads\/2026\/01\/AS700-Ride-On-Electric-Floor-Scrubber-Industrial-Warehouse-Cleaning-Factory-Direct-ORVIK.jpeg","contentUrl":"https:\/\/orvikpower.com\/wp-content\/uploads\/2026\/01\/AS700-Ride-On-Electric-Floor-Scrubber-Industrial-Warehouse-Cleaning-Factory-Direct-ORVIK.jpeg","width":1338,"height":1279,"caption":"Maximize facility hygiene with the AS700 Ride-On Scrubber. Features 3000m\u00b2\/h efficiency, 90L tank, and rotomolded anti-corrosion body. Low maintenance, high ROI. Inquire for FCL Wholesale Price."},{"@type":"BreadcrumbList","@id":"https:\/\/orvikpower.com\/product\/as700-ride-on-electric-floor-scrubber-industrial-warehouse-cleaning-factory-direct-orvik#breadcrumb","itemListElement":[{"@type":"ListItem","position":1,"name":"Home","item":"https:\/\/orvikpower.com\/"},{"@type":"ListItem","position":2,"name":"SHOP","item":"https:\/\/orvikpower.com\/shop"},{"@type":"ListItem","position":3,"name":"AS700 Ride-On Electric Floor Scrubber | Industrial Warehouse Cleaning | Factory Direct &#8211; ORVIK"}]},{"@type":"WebSite","@id":"https:\/\/orvikpower.com\/#website","url":"https:\/\/orvikpower.com\/","name":"ORVIK | Veh\u00edculos el\u00e9ctricos comerciales ligeros","description":"Primer fabricante de veh\u00edculos utilitarios el\u00e9ctricos todoterreno, camionetas y minicamiones. Dise\u00f1os de alta temperatura y preparados para el \u00c1rtico para granjas y minas. Ahorre costes con FCL directo de f\u00e1brica. Haga que el trabajo fluya. Obtenga una cotizaci\u00f3n.","publisher":{"@id":"https:\/\/orvikpower.com\/#organization"},"potentialAction":[{"@type":"SearchAction","target":{"@type":"EntryPoint","urlTemplate":"https:\/\/orvikpower.com\/?s={search_term_string}"},"query-input":{"@type":"PropertyValueSpecification","valueRequired":true,"valueName":"search_term_string"}}],"inLanguage":"es"},{"@type":"Organization","@id":"https:\/\/orvikpower.com\/#organization","name":"ORVIK | Veh\u00edculos el\u00e9ctricos comerciales ligeros","url":"https:\/\/orvikpower.com\/","logo":{"@type":"ImageObject","inLanguage":"es","@id":"https:\/\/orvikpower.com\/#\/schema\/logo\/image\/","url":"https:\/\/orvikpower.com\/wp-content\/uploads\/2026\/01\/cropped-logo-h-main-small.png","contentUrl":"https:\/\/orvikpower.com\/wp-content\/uploads\/2026\/01\/cropped-logo-h-main-small.png","width":512,"height":512,"caption":"ORVIK | Light Commercial Electric Vehicles"},"image":{"@id":"https:\/\/orvikpower.com\/#\/schema\/logo\/image\/"},"sameAs":["https:\/\/www.youtube.com\/@ORVIKOrvikPower","https:\/\/www.pinterest.com\/OrvikPower\/"]}]}},"_links":{"self":[{"href":"https:\/\/orvikpower.com\/es\/wp-json\/wp\/v2\/product\/19075","targetHints":{"allow":["GET"]}}],"collection":[{"href":"https:\/\/orvikpower.com\/es\/wp-json\/wp\/v2\/product"}],"about":[{"href":"https:\/\/orvikpower.com\/es\/wp-json\/wp\/v2\/types\/product"}],"replies":[{"embeddable":true,"href":"https:\/\/orvikpower.com\/es\/wp-json\/wp\/v2\/comments?post=19075"}],"wp:featuredmedia":[{"embeddable":true,"href":"https:\/\/orvikpower.com\/es\/wp-json\/wp\/v2\/media\/19076"}],"wp:attachment":[{"href":"https:\/\/orvikpower.com\/es\/wp-json\/wp\/v2\/media?parent=19075"}],"wp:term":[{"taxonomy":"product_brand","embeddable":true,"href":"https:\/\/orvikpower.com\/es\/wp-json\/wp\/v2\/product_brand?post=19075"},{"taxonomy":"product_cat","embeddable":true,"href":"https:\/\/orvikpower.com\/es\/wp-json\/wp\/v2\/product_cat?post=19075"},{"taxonomy":"product_tag","embeddable":true,"href":"https:\/\/orvikpower.com\/es\/wp-json\/wp\/v2\/product_tag?post=19075"}],"curies":[{"name":"wp","href":"https:\/\/api.w.org\/{rel}","templated":true}]}}