{"id":19077,"date":"2026-01-21T13:43:30","date_gmt":"2026-01-21T13:43:30","guid":{"rendered":"https:\/\/orvikpower.com\/?post_type=product&#038;p=19077"},"modified":"2026-01-21T13:44:07","modified_gmt":"2026-01-21T13:44:07","slug":"as700-plus-electric-ride-on-floor-scrubber-industrial-cleaning-wholesale-orvik","status":"publish","type":"product","link":"https:\/\/orvikpower.com\/es\/product\/as700-plus-electric-ride-on-floor-scrubber-industrial-cleaning-wholesale-orvik","title":{"rendered":"AS700 PLUS Fregadora de suelos el\u00e9ctrica con conductor sentado - ORVIK"},"content":{"rendered":"<p dir=\"auto\">En <strong>AS700 PLUS<\/strong> est\u00e1 dise\u00f1ada para sustituir la laboriosa limpieza manual por una eficacia de nivel industrial. Con un <strong>Capacidad de limpieza de 3600 m\u00b2\/h<\/strong> y un sistema de doble cepillo (Caracter\u00edstica), esta fregadora con conductor a bordo reduce dr\u00e1sticamente el tiempo necesario para mantener grandes superficies de suelo como almacenes, hospitales y suelos de f\u00e1bricas (Ventaja).<\/p>\n<div class=\"my-2\"><\/div>\n<p dir=\"auto\">Construido con un <strong>cuerpo rotomoldeado y chasis de acero tratado por electroforesis<\/strong>, la AS700 resiste los impactos y la corrosi\u00f3n, lo que garantiza una larga vida \u00fatil incluso en entornos dif\u00edciles. El dise\u00f1o del cepillo magn\u00e9tico permite la sustituci\u00f3n sin herramientas, minimizando el tiempo de inactividad por mantenimiento (Beneficio). Tanto para el control del polvo como para el fregado en profundidad, la AS700 est\u00e1 dise\u00f1ada para hacer que su trabajo fluya.<\/p>\n<div class=\"my-2\"><\/div>\n<ul dir=\"auto\">\n<li class=\"text-start\"><strong>Personalizaci\u00f3n de la potencia:<\/strong> La potencia y el par del motor pueden adaptarse a las necesidades espec\u00edficas de cada pendiente.<\/li>\n<li class=\"text-start\"><strong>Opciones de bater\u00eda:<\/strong> Equipado de serie con bater\u00edas de plomo de 24 V; actualizable a LiFePO4 para turnos m\u00e1s largos y carga r\u00e1pida.<\/li>\n<\/ul>\n<table class=\"table table-striped-white table-bordered\" data-anchor-id=\"zgd0\">\n<thead>\n<tr>\n<th>Caracter\u00edstica<\/th>\n<th>Especificaci\u00f3n<\/th>\n<\/tr>\n<\/thead>\n<tbody>\n<tr>\n<td><strong>Modelo<\/strong><\/td>\n<td>AS700 PLUS (Cepillo doble)<\/td>\n<\/tr>\n<tr>\n<td><strong>Dimensiones (L*A*Al)<\/strong><\/td>\n<td>1500 \u00d7 950 \u00d7 1150 mm<\/td>\n<\/tr>\n<tr>\n<td><strong>Eficacia de la limpieza<\/strong><\/td>\n<td>3600 m\u00b2\/h<\/td>\n<\/tr>\n<tr>\n<td><strong>Ancho de limpieza<\/strong><\/td>\n<td>Fregado: 660 mm<\/td>\n<\/tr>\n<tr>\n<td><strong>Capacidad del dep\u00f3sito<\/strong><\/td>\n<td>Agua limpia: 90L<\/td>\n<\/tr>\n<tr>\n<td><strong>Tensi\u00f3n del sistema<\/strong><\/td>\n<td>24V<\/td>\n<\/tr>\n<tr>\n<td><strong>Capacidad de la bater\u00eda<\/strong><\/td>\n<td>100Ah (plomo-\u00e1cido est\u00e1ndar \/ LiFePO4 opcional)<\/td>\n<\/tr>\n<tr>\n<td><strong>Potencia del motor<\/strong><\/td>\n<td>Accionamiento: 500W<\/td>\n<\/tr>\n<tr>\n<td><strong>Tiempo de ejecuci\u00f3n<\/strong><\/td>\n<td>2-3 horas (paquete est\u00e1ndar)<\/td>\n<\/tr>\n<tr>\n<td><strong>Chasis y carrocer\u00eda<\/strong><\/td>\n<td>Electroforesis Chasis de acero + cuerpo rotomoldeado<\/td>\n<\/tr>\n<tr>\n<td><strong>Tipo de neum\u00e1tico<\/strong><\/td>\n<td>Caucho + PU (no deja marcas)<\/td>\n<\/tr>\n<tr>\n<td><strong>Cantidad de carga (40HQ)<\/strong><\/td>\n<td><em>Contacto para el plan de carga calculado<\/em><\/td>\n<\/tr>\n<\/tbody>\n<\/table>","protected":false},"excerpt":{"rendered":"<p>Maximice la eficacia higi\u00e9nica con la fregadora con conductor acompa\u00f1ante AS700. Dispone de una capacidad de limpieza de 3600 m\u00b2\/h, un dep\u00f3sito de 90 l y un robusto cuerpo rotomoldeado. Suministro FCL directo de f\u00e1brica. <strong>Pregunte por el precio FCL.<\/strong><\/p>","protected":false},"featured_media":19078,"comment_status":"open","ping_status":"closed","template":"","meta":{"_eb_attr":""},"product_brand":[],"product_cat":[75,74],"product_tag":[92,118,124,91,120,123],"class_list":{"0":"post-19077","1":"product","2":"type-product","3":"status-publish","4":"has-post-thumbnail","6":"product_cat-electric-street-sweepers","7":"product_cat-specialized-service-vehicles","8":"product_tag-factory-floor","9":"product_tag-hospital","10":"product_tag-hotel-resort","11":"product_tag-industrial-park","12":"product_tag-shopping-mall","13":"product_tag-warehouse","15":"first","16":"instock","17":"shipping-taxable","18":"product-type-simple"},"yoast_head":"<!-- This site is optimized with the Yoast SEO plugin v26.9 - https:\/\/yoast.com\/product\/yoast-seo-wordpress\/ -->\n<title>AS700 PLUS Electric Ride-on Floor Scrubber | Industrial Cleaning Wholesale - ORVIK | ORVIK|Light Commercial Electric Vehicles<\/title>\n<meta name=\"robots\" content=\"index, follow, max-snippet:-1, max-image-preview:large, max-video-preview:-1\" \/>\n<link rel=\"canonical\" href=\"https:\/\/orvikpower.com\/es\/product\/as700-plus-electric-ride-on-floor-scrubber-industrial-cleaning-wholesale-orvik\" \/>\n<meta property=\"og:locale\" content=\"es_ES\" \/>\n<meta property=\"og:type\" content=\"article\" \/>\n<meta property=\"og:title\" content=\"AS700 PLUS Electric Ride-on Floor Scrubber | Industrial Cleaning Wholesale - ORVIK | ORVIK|Light Commercial Electric Vehicles\" \/>\n<meta property=\"og:description\" content=\"Maximize hygiene efficiency with the AS700 Ride-on Scrubber. Features 3600m\u00b2\/h cleaning rate, 90L tank, and robust rotomolded body. Factory direct FCL supply. Inquire for FCL Price.\" \/>\n<meta property=\"og:url\" content=\"https:\/\/orvikpower.com\/es\/product\/as700-plus-electric-ride-on-floor-scrubber-industrial-cleaning-wholesale-orvik\" \/>\n<meta property=\"og:site_name\" content=\"ORVIK|Light Commercial Electric Vehicles\" \/>\n<meta property=\"article:modified_time\" content=\"2026-01-21T13:44:07+00:00\" \/>\n<meta property=\"og:image\" content=\"https:\/\/orvikpower.com\/wp-content\/uploads\/2026\/01\/AS700-PLUS-Electric-Ride-on-Floor-Scrubber-Industrial-Cleaning-Wholesale-ORVIK.jpeg\" \/>\n\t<meta property=\"og:image:width\" content=\"1385\" \/>\n\t<meta property=\"og:image:height\" content=\"1280\" \/>\n\t<meta property=\"og:image:type\" content=\"image\/jpeg\" \/>\n<meta name=\"twitter:card\" content=\"summary_large_image\" \/>\n<meta name=\"twitter:label1\" content=\"Tiempo de lectura\" \/>\n\t<meta name=\"twitter:data1\" content=\"1 minuto\" \/>\n<script type=\"application\/ld+json\" class=\"yoast-schema-graph\">{\"@context\":\"https:\/\/schema.org\",\"@graph\":[{\"@type\":\"WebPage\",\"@id\":\"https:\/\/orvikpower.com\/product\/as700-plus-electric-ride-on-floor-scrubber-industrial-cleaning-wholesale-orvik\",\"url\":\"https:\/\/orvikpower.com\/product\/as700-plus-electric-ride-on-floor-scrubber-industrial-cleaning-wholesale-orvik\",\"name\":\"AS700 PLUS Electric Ride-on Floor Scrubber | Industrial Cleaning Wholesale - ORVIK | ORVIK|Light Commercial Electric Vehicles\",\"isPartOf\":{\"@id\":\"https:\/\/orvikpower.com\/#website\"},\"primaryImageOfPage\":{\"@id\":\"https:\/\/orvikpower.com\/product\/as700-plus-electric-ride-on-floor-scrubber-industrial-cleaning-wholesale-orvik#primaryimage\"},\"image\":{\"@id\":\"https:\/\/orvikpower.com\/product\/as700-plus-electric-ride-on-floor-scrubber-industrial-cleaning-wholesale-orvik#primaryimage\"},\"thumbnailUrl\":\"https:\/\/orvikpower.com\/wp-content\/uploads\/2026\/01\/AS700-PLUS-Electric-Ride-on-Floor-Scrubber-Industrial-Cleaning-Wholesale-ORVIK.jpeg\",\"datePublished\":\"2026-01-21T13:43:30+00:00\",\"dateModified\":\"2026-01-21T13:44:07+00:00\",\"breadcrumb\":{\"@id\":\"https:\/\/orvikpower.com\/product\/as700-plus-electric-ride-on-floor-scrubber-industrial-cleaning-wholesale-orvik#breadcrumb\"},\"inLanguage\":\"es\",\"potentialAction\":[{\"@type\":\"ReadAction\",\"target\":[\"https:\/\/orvikpower.com\/product\/as700-plus-electric-ride-on-floor-scrubber-industrial-cleaning-wholesale-orvik\"]}]},{\"@type\":\"ImageObject\",\"inLanguage\":\"es\",\"@id\":\"https:\/\/orvikpower.com\/product\/as700-plus-electric-ride-on-floor-scrubber-industrial-cleaning-wholesale-orvik#primaryimage\",\"url\":\"https:\/\/orvikpower.com\/wp-content\/uploads\/2026\/01\/AS700-PLUS-Electric-Ride-on-Floor-Scrubber-Industrial-Cleaning-Wholesale-ORVIK.jpeg\",\"contentUrl\":\"https:\/\/orvikpower.com\/wp-content\/uploads\/2026\/01\/AS700-PLUS-Electric-Ride-on-Floor-Scrubber-Industrial-Cleaning-Wholesale-ORVIK.jpeg\",\"width\":1385,\"height\":1280},{\"@type\":\"BreadcrumbList\",\"@id\":\"https:\/\/orvikpower.com\/product\/as700-plus-electric-ride-on-floor-scrubber-industrial-cleaning-wholesale-orvik#breadcrumb\",\"itemListElement\":[{\"@type\":\"ListItem\",\"position\":1,\"name\":\"Home\",\"item\":\"https:\/\/orvikpower.com\/\"},{\"@type\":\"ListItem\",\"position\":2,\"name\":\"SHOP\",\"item\":\"https:\/\/orvikpower.com\/shop\"},{\"@type\":\"ListItem\",\"position\":3,\"name\":\"AS700 PLUS Electric Ride-on Floor Scrubber | Industrial Cleaning Wholesale &#8211; ORVIK\"}]},{\"@type\":\"WebSite\",\"@id\":\"https:\/\/orvikpower.com\/#website\",\"url\":\"https:\/\/orvikpower.com\/\",\"name\":\"ORVIK | Light Commercial Electric Vehicles\",\"description\":\"Premier Manufacturer of Off-road Electric Utility Vehicles, Pickups &amp; Mini Trucks. High-Temp &amp; Arctic Ready designs for farms &amp; mines. Save costs with Factory-Direct FCL. Make work flow. Get a Quote.\",\"publisher\":{\"@id\":\"https:\/\/orvikpower.com\/#organization\"},\"potentialAction\":[{\"@type\":\"SearchAction\",\"target\":{\"@type\":\"EntryPoint\",\"urlTemplate\":\"https:\/\/orvikpower.com\/?s={search_term_string}\"},\"query-input\":{\"@type\":\"PropertyValueSpecification\",\"valueRequired\":true,\"valueName\":\"search_term_string\"}}],\"inLanguage\":\"es\"},{\"@type\":\"Organization\",\"@id\":\"https:\/\/orvikpower.com\/#organization\",\"name\":\"ORVIK | Light Commercial Electric Vehicles\",\"url\":\"https:\/\/orvikpower.com\/\",\"logo\":{\"@type\":\"ImageObject\",\"inLanguage\":\"es\",\"@id\":\"https:\/\/orvikpower.com\/#\/schema\/logo\/image\/\",\"url\":\"https:\/\/orvikpower.com\/wp-content\/uploads\/2026\/01\/cropped-logo-h-main-small.png\",\"contentUrl\":\"https:\/\/orvikpower.com\/wp-content\/uploads\/2026\/01\/cropped-logo-h-main-small.png\",\"width\":512,\"height\":512,\"caption\":\"ORVIK | Light Commercial Electric Vehicles\"},\"image\":{\"@id\":\"https:\/\/orvikpower.com\/#\/schema\/logo\/image\/\"},\"sameAs\":[\"https:\/\/www.youtube.com\/@ORVIKOrvikPower\",\"https:\/\/www.pinterest.com\/OrvikPower\/\"]}]}<\/script>\n<!-- \/ Yoast SEO plugin. -->","yoast_head_json":{"title":"Fregadora de suelos el\u00e9ctrica con conductor a bordo AS700 PLUS | Mayoristas de Limpieza Industrial - ORVIK | ORVIK| Veh\u00edculos el\u00e9ctricos comerciales ligeros","robots":{"index":"index","follow":"follow","max-snippet":"max-snippet:-1","max-image-preview":"max-image-preview:large","max-video-preview":"max-video-preview:-1"},"canonical":"https:\/\/orvikpower.com\/es\/product\/as700-plus-electric-ride-on-floor-scrubber-industrial-cleaning-wholesale-orvik","og_locale":"es_ES","og_type":"article","og_title":"AS700 PLUS Electric Ride-on Floor Scrubber | Industrial Cleaning Wholesale - ORVIK | ORVIK|Light Commercial Electric Vehicles","og_description":"Maximize hygiene efficiency with the AS700 Ride-on Scrubber. Features 3600m\u00b2\/h cleaning rate, 90L tank, and robust rotomolded body. Factory direct FCL supply. Inquire for FCL Price.","og_url":"https:\/\/orvikpower.com\/es\/product\/as700-plus-electric-ride-on-floor-scrubber-industrial-cleaning-wholesale-orvik","og_site_name":"ORVIK|Light Commercial Electric Vehicles","article_modified_time":"2026-01-21T13:44:07+00:00","og_image":[{"width":1385,"height":1280,"url":"https:\/\/orvikpower.com\/wp-content\/uploads\/2026\/01\/AS700-PLUS-Electric-Ride-on-Floor-Scrubber-Industrial-Cleaning-Wholesale-ORVIK.jpeg","type":"image\/jpeg"}],"twitter_card":"summary_large_image","twitter_misc":{"Tiempo de lectura":"1 minuto"},"schema":{"@context":"https:\/\/schema.org","@graph":[{"@type":"WebPage","@id":"https:\/\/orvikpower.com\/product\/as700-plus-electric-ride-on-floor-scrubber-industrial-cleaning-wholesale-orvik","url":"https:\/\/orvikpower.com\/product\/as700-plus-electric-ride-on-floor-scrubber-industrial-cleaning-wholesale-orvik","name":"Fregadora de suelos el\u00e9ctrica con conductor a bordo AS700 PLUS | Mayoristas de Limpieza Industrial - ORVIK | ORVIK| Veh\u00edculos el\u00e9ctricos comerciales ligeros","isPartOf":{"@id":"https:\/\/orvikpower.com\/#website"},"primaryImageOfPage":{"@id":"https:\/\/orvikpower.com\/product\/as700-plus-electric-ride-on-floor-scrubber-industrial-cleaning-wholesale-orvik#primaryimage"},"image":{"@id":"https:\/\/orvikpower.com\/product\/as700-plus-electric-ride-on-floor-scrubber-industrial-cleaning-wholesale-orvik#primaryimage"},"thumbnailUrl":"https:\/\/orvikpower.com\/wp-content\/uploads\/2026\/01\/AS700-PLUS-Electric-Ride-on-Floor-Scrubber-Industrial-Cleaning-Wholesale-ORVIK.jpeg","datePublished":"2026-01-21T13:43:30+00:00","dateModified":"2026-01-21T13:44:07+00:00","breadcrumb":{"@id":"https:\/\/orvikpower.com\/product\/as700-plus-electric-ride-on-floor-scrubber-industrial-cleaning-wholesale-orvik#breadcrumb"},"inLanguage":"es","potentialAction":[{"@type":"ReadAction","target":["https:\/\/orvikpower.com\/product\/as700-plus-electric-ride-on-floor-scrubber-industrial-cleaning-wholesale-orvik"]}]},{"@type":"ImageObject","inLanguage":"es","@id":"https:\/\/orvikpower.com\/product\/as700-plus-electric-ride-on-floor-scrubber-industrial-cleaning-wholesale-orvik#primaryimage","url":"https:\/\/orvikpower.com\/wp-content\/uploads\/2026\/01\/AS700-PLUS-Electric-Ride-on-Floor-Scrubber-Industrial-Cleaning-Wholesale-ORVIK.jpeg","contentUrl":"https:\/\/orvikpower.com\/wp-content\/uploads\/2026\/01\/AS700-PLUS-Electric-Ride-on-Floor-Scrubber-Industrial-Cleaning-Wholesale-ORVIK.jpeg","width":1385,"height":1280},{"@type":"BreadcrumbList","@id":"https:\/\/orvikpower.com\/product\/as700-plus-electric-ride-on-floor-scrubber-industrial-cleaning-wholesale-orvik#breadcrumb","itemListElement":[{"@type":"ListItem","position":1,"name":"Home","item":"https:\/\/orvikpower.com\/"},{"@type":"ListItem","position":2,"name":"SHOP","item":"https:\/\/orvikpower.com\/shop"},{"@type":"ListItem","position":3,"name":"AS700 PLUS Electric Ride-on Floor Scrubber | Industrial Cleaning Wholesale &#8211; ORVIK"}]},{"@type":"WebSite","@id":"https:\/\/orvikpower.com\/#website","url":"https:\/\/orvikpower.com\/","name":"ORVIK | Veh\u00edculos el\u00e9ctricos comerciales ligeros","description":"Primer fabricante de veh\u00edculos utilitarios el\u00e9ctricos todoterreno, camionetas y minicamiones. Dise\u00f1os de alta temperatura y preparados para el \u00c1rtico para granjas y minas. Ahorre costes con FCL directo de f\u00e1brica. Haga que el trabajo fluya. Obtenga una cotizaci\u00f3n.","publisher":{"@id":"https:\/\/orvikpower.com\/#organization"},"potentialAction":[{"@type":"SearchAction","target":{"@type":"EntryPoint","urlTemplate":"https:\/\/orvikpower.com\/?s={search_term_string}"},"query-input":{"@type":"PropertyValueSpecification","valueRequired":true,"valueName":"search_term_string"}}],"inLanguage":"es"},{"@type":"Organization","@id":"https:\/\/orvikpower.com\/#organization","name":"ORVIK | Veh\u00edculos el\u00e9ctricos comerciales ligeros","url":"https:\/\/orvikpower.com\/","logo":{"@type":"ImageObject","inLanguage":"es","@id":"https:\/\/orvikpower.com\/#\/schema\/logo\/image\/","url":"https:\/\/orvikpower.com\/wp-content\/uploads\/2026\/01\/cropped-logo-h-main-small.png","contentUrl":"https:\/\/orvikpower.com\/wp-content\/uploads\/2026\/01\/cropped-logo-h-main-small.png","width":512,"height":512,"caption":"ORVIK | Light Commercial Electric Vehicles"},"image":{"@id":"https:\/\/orvikpower.com\/#\/schema\/logo\/image\/"},"sameAs":["https:\/\/www.youtube.com\/@ORVIKOrvikPower","https:\/\/www.pinterest.com\/OrvikPower\/"]}]}},"_links":{"self":[{"href":"https:\/\/orvikpower.com\/es\/wp-json\/wp\/v2\/product\/19077","targetHints":{"allow":["GET"]}}],"collection":[{"href":"https:\/\/orvikpower.com\/es\/wp-json\/wp\/v2\/product"}],"about":[{"href":"https:\/\/orvikpower.com\/es\/wp-json\/wp\/v2\/types\/product"}],"replies":[{"embeddable":true,"href":"https:\/\/orvikpower.com\/es\/wp-json\/wp\/v2\/comments?post=19077"}],"wp:featuredmedia":[{"embeddable":true,"href":"https:\/\/orvikpower.com\/es\/wp-json\/wp\/v2\/media\/19078"}],"wp:attachment":[{"href":"https:\/\/orvikpower.com\/es\/wp-json\/wp\/v2\/media?parent=19077"}],"wp:term":[{"taxonomy":"product_brand","embeddable":true,"href":"https:\/\/orvikpower.com\/es\/wp-json\/wp\/v2\/product_brand?post=19077"},{"taxonomy":"product_cat","embeddable":true,"href":"https:\/\/orvikpower.com\/es\/wp-json\/wp\/v2\/product_cat?post=19077"},{"taxonomy":"product_tag","embeddable":true,"href":"https:\/\/orvikpower.com\/es\/wp-json\/wp\/v2\/product_tag?post=19077"}],"curies":[{"name":"wp","href":"https:\/\/api.w.org\/{rel}","templated":true}]}}