{"id":19079,"date":"2026-01-21T13:48:24","date_gmt":"2026-01-21T13:48:24","guid":{"rendered":"https:\/\/orvikpower.com\/?post_type=product&#038;p=19079"},"modified":"2026-01-21T13:48:24","modified_gmt":"2026-01-21T13:48:24","slug":"as800-electric-ride-on-floor-scrubber-industrial-cleaning-factory-direct-orvik","status":"publish","type":"product","link":"https:\/\/orvikpower.com\/es\/product\/as800-electric-ride-on-floor-scrubber-industrial-cleaning-factory-direct-orvik","title":{"rendered":"AS800 Fregadora de suelos el\u00e9ctrica con conductor a bordo - ORVIK"},"content":{"rendered":"<p dir=\"auto\">Dise\u00f1ada para el mantenimiento de instalaciones a gran escala, la fregadora de suelos con conductor ORVIK AS800 es la soluci\u00f3n definitiva para mantener impecables los suelos industriales y comerciales.<\/p>\n<div class=\"my-2\"><\/div>\n<p dir=\"auto\">Esta m\u00e1quina cuenta con un robusto <strong>cuerpo rotomoldeado<\/strong> y un <strong>decapado + chasis tratado por electroforesis<\/strong> (Caracter\u00edstica), lo que garantiza una resistencia excepcional a los impactos y la corrosi\u00f3n incluso en entornos h\u00famedos o con productos qu\u00edmicos agresivos (Ventaja). Con una eficacia de limpieza de <strong>4600 m\u00b2\/h<\/strong> y masiva <strong>Dep\u00f3sitos de 110L\/120L<\/strong>, la AS800 reduce dr\u00e1sticamente la frecuencia de rellenado y sustituye la mano de obra de un equipo de limpieza de 10 personas (Beneficio).<\/p>\n<div class=\"my-2\"><\/div>\n<p dir=\"auto\">Ofrecemos <strong>Sistemas de bater\u00edas<\/strong> (plomo-\u00e1cido o LiFePO4) para adaptarse a su presupuesto y a sus requisitos de ciclo de vida, as\u00ed como ajustables <strong>Potencia del motor<\/strong> configuraciones para tipos de suelo espec\u00edficos. Ya sea para un almac\u00e9n polvoriento o para un hospital con mucho tr\u00e1fico, la AS800 est\u00e1 fabricada con est\u00e1ndares fiables.<\/p>\n<div class=\"my-2\"><\/div>\n<p dir=\"auto\"><strong>Dise\u00f1ado para que su trabajo fluya.<\/strong><\/p>\n<p dir=\"auto\">\n<table class=\"table table-striped-white table-bordered\" data-anchor-id=\"zgd0\">\n<thead>\n<tr>\n<th>Caracter\u00edstica<\/th>\n<th>Especificaci\u00f3n<\/th>\n<\/tr>\n<\/thead>\n<tbody>\n<tr>\n<td><strong>Modelo<\/strong><\/td>\n<td>AS800 Cepillo doble<\/td>\n<\/tr>\n<tr>\n<td><strong>Dimensiones (L*A*Al)<\/strong><\/td>\n<td>1600mm * 1080mm * 1300mm\u00a0<em>(Altura corregida)<\/em><\/td>\n<\/tr>\n<tr>\n<td><strong>Peso del veh\u00edculo<\/strong><\/td>\n<td>310 KG<\/td>\n<\/tr>\n<tr>\n<td><strong>Eficacia de la limpieza<\/strong><\/td>\n<td>4600 m\u00b2\/h<\/td>\n<\/tr>\n<tr>\n<td><strong>Anchura de trabajo<\/strong><\/td>\n<td>Fregado: 760 mm<\/td>\n<\/tr>\n<tr>\n<td><strong>Capacidad del dep\u00f3sito<\/strong><\/td>\n<td>Agua limpia: 110L<\/td>\n<\/tr>\n<tr>\n<td><strong>Sistema de bater\u00edas<\/strong><\/td>\n<td>24V 150Ah (Plomo-\u00e1cido est\u00e1ndar \/ LiFePO4 opcional)<\/td>\n<\/tr>\n<tr>\n<td><strong>Potencia del motor<\/strong><\/td>\n<td>Accionamiento: 700W<\/td>\n<\/tr>\n<tr>\n<td><strong>Tiempo de ejecuci\u00f3n<\/strong><\/td>\n<td>3 - 4 horas<\/td>\n<\/tr>\n<tr>\n<td><strong>Material del chasis<\/strong><\/td>\n<td>Acero tratado por electroforesis + cuerpo rotomoldeado<\/td>\n<\/tr>\n<tr>\n<td><strong>Impermeabilizaci\u00f3n<\/strong><\/td>\n<td>Cableado y conectores con clasificaci\u00f3n IP<\/td>\n<\/tr>\n<tr>\n<td><strong>Cantidad de carga (40HQ)<\/strong><\/td>\n<td><em>[Contacto para el plan de carga]<\/em><\/td>\n<\/tr>\n<\/tbody>\n<\/table>","protected":false},"excerpt":{"rendered":"<p dir=\"auto\">Maximice la higiene con la fregadora el\u00e9ctrica AS800. Presenta un rendimiento de 4600 m\u00b2\/h, un dep\u00f3sito de 120 l y un cuerpo rotomoldeado anticorrosi\u00f3n. Bajo mantenimiento y alto retorno de la inversi\u00f3n. Pregunte por el precio FCL.<\/p>\n<div class=\"my-2\"><\/div>\n<p dir=\"auto\">","protected":false},"featured_media":19080,"comment_status":"open","ping_status":"closed","template":"","meta":{"_eb_attr":""},"product_brand":[],"product_cat":[75,74],"product_tag":[126,125,118,91,120,122,123],"class_list":{"0":"post-19079","1":"product","2":"type-product","3":"status-publish","4":"has-post-thumbnail","6":"product_cat-electric-street-sweepers","7":"product_cat-specialized-service-vehicles","8":"product_tag-airport","9":"product_tag-factory","10":"product_tag-hospital","11":"product_tag-industrial-park","12":"product_tag-shopping-mall","13":"product_tag-underground-parking","14":"product_tag-warehouse","16":"first","17":"instock","18":"shipping-taxable","19":"product-type-simple"},"yoast_head":"<!-- This site is optimized with the Yoast SEO plugin v26.9 - https:\/\/yoast.com\/product\/yoast-seo-wordpress\/ -->\n<title>AS800 Electric Ride-on Floor Scrubber | Industrial Cleaning Factory Direct - ORVIK | ORVIK|Light Commercial Electric Vehicles<\/title>\n<meta name=\"robots\" content=\"index, follow, max-snippet:-1, max-image-preview:large, max-video-preview:-1\" \/>\n<link rel=\"canonical\" href=\"https:\/\/orvikpower.com\/es\/product\/as800-electric-ride-on-floor-scrubber-industrial-cleaning-factory-direct-orvik\" \/>\n<meta property=\"og:locale\" content=\"es_ES\" \/>\n<meta property=\"og:type\" content=\"article\" \/>\n<meta property=\"og:title\" content=\"AS800 Electric Ride-on Floor Scrubber | Industrial Cleaning Factory Direct - ORVIK | ORVIK|Light Commercial Electric Vehicles\" \/>\n<meta property=\"og:description\" content=\"Maximize hygiene with the AS800 Electric Scrubber. Features 4600m\u00b2\/h efficiency, 120L tank, and rotomolded anti-corrosion body. Low maintenance &amp; high ROI. Inquire for FCL Price.\" \/>\n<meta property=\"og:url\" content=\"https:\/\/orvikpower.com\/es\/product\/as800-electric-ride-on-floor-scrubber-industrial-cleaning-factory-direct-orvik\" \/>\n<meta property=\"og:site_name\" content=\"ORVIK|Light Commercial Electric Vehicles\" \/>\n<meta property=\"og:image\" content=\"https:\/\/orvikpower.com\/wp-content\/uploads\/2026\/01\/AS800-Electric-Ride-on-Floor-Scrubber-Industrial-Cleaning-Factory-Direct-ORVIK.png\" \/>\n\t<meta property=\"og:image:width\" content=\"1394\" \/>\n\t<meta property=\"og:image:height\" content=\"1279\" \/>\n\t<meta property=\"og:image:type\" content=\"image\/png\" \/>\n<meta name=\"twitter:card\" content=\"summary_large_image\" \/>\n<meta name=\"twitter:label1\" content=\"Tiempo de lectura\" \/>\n\t<meta name=\"twitter:data1\" content=\"1 minuto\" \/>\n<script type=\"application\/ld+json\" class=\"yoast-schema-graph\">{\"@context\":\"https:\/\/schema.org\",\"@graph\":[{\"@type\":\"WebPage\",\"@id\":\"https:\/\/orvikpower.com\/product\/as800-electric-ride-on-floor-scrubber-industrial-cleaning-factory-direct-orvik\",\"url\":\"https:\/\/orvikpower.com\/product\/as800-electric-ride-on-floor-scrubber-industrial-cleaning-factory-direct-orvik\",\"name\":\"AS800 Electric Ride-on Floor Scrubber | Industrial Cleaning Factory Direct - ORVIK | ORVIK|Light Commercial Electric Vehicles\",\"isPartOf\":{\"@id\":\"https:\/\/orvikpower.com\/#website\"},\"primaryImageOfPage\":{\"@id\":\"https:\/\/orvikpower.com\/product\/as800-electric-ride-on-floor-scrubber-industrial-cleaning-factory-direct-orvik#primaryimage\"},\"image\":{\"@id\":\"https:\/\/orvikpower.com\/product\/as800-electric-ride-on-floor-scrubber-industrial-cleaning-factory-direct-orvik#primaryimage\"},\"thumbnailUrl\":\"https:\/\/orvikpower.com\/wp-content\/uploads\/2026\/01\/AS800-Electric-Ride-on-Floor-Scrubber-Industrial-Cleaning-Factory-Direct-ORVIK.png\",\"datePublished\":\"2026-01-21T13:48:24+00:00\",\"breadcrumb\":{\"@id\":\"https:\/\/orvikpower.com\/product\/as800-electric-ride-on-floor-scrubber-industrial-cleaning-factory-direct-orvik#breadcrumb\"},\"inLanguage\":\"es\",\"potentialAction\":[{\"@type\":\"ReadAction\",\"target\":[\"https:\/\/orvikpower.com\/product\/as800-electric-ride-on-floor-scrubber-industrial-cleaning-factory-direct-orvik\"]}]},{\"@type\":\"ImageObject\",\"inLanguage\":\"es\",\"@id\":\"https:\/\/orvikpower.com\/product\/as800-electric-ride-on-floor-scrubber-industrial-cleaning-factory-direct-orvik#primaryimage\",\"url\":\"https:\/\/orvikpower.com\/wp-content\/uploads\/2026\/01\/AS800-Electric-Ride-on-Floor-Scrubber-Industrial-Cleaning-Factory-Direct-ORVIK.png\",\"contentUrl\":\"https:\/\/orvikpower.com\/wp-content\/uploads\/2026\/01\/AS800-Electric-Ride-on-Floor-Scrubber-Industrial-Cleaning-Factory-Direct-ORVIK.png\",\"width\":1394,\"height\":1279,\"caption\":\"Maximize hygiene with the AS800 Electric Scrubber. Features 4600m\u00b2\/h efficiency, 120L tank, and rotomolded anti-corrosion body. Low maintenance & high ROI. Inquire for FCL Price.\"},{\"@type\":\"BreadcrumbList\",\"@id\":\"https:\/\/orvikpower.com\/product\/as800-electric-ride-on-floor-scrubber-industrial-cleaning-factory-direct-orvik#breadcrumb\",\"itemListElement\":[{\"@type\":\"ListItem\",\"position\":1,\"name\":\"Home\",\"item\":\"https:\/\/orvikpower.com\/\"},{\"@type\":\"ListItem\",\"position\":2,\"name\":\"SHOP\",\"item\":\"https:\/\/orvikpower.com\/shop\"},{\"@type\":\"ListItem\",\"position\":3,\"name\":\"AS800 Electric Ride-on Floor Scrubber | Industrial Cleaning Factory Direct &#8211; ORVIK\"}]},{\"@type\":\"WebSite\",\"@id\":\"https:\/\/orvikpower.com\/#website\",\"url\":\"https:\/\/orvikpower.com\/\",\"name\":\"ORVIK | Light Commercial Electric Vehicles\",\"description\":\"Premier Manufacturer of Off-road Electric Utility Vehicles, Pickups &amp; Mini Trucks. High-Temp &amp; Arctic Ready designs for farms &amp; mines. Save costs with Factory-Direct FCL. Make work flow. Get a Quote.\",\"publisher\":{\"@id\":\"https:\/\/orvikpower.com\/#organization\"},\"potentialAction\":[{\"@type\":\"SearchAction\",\"target\":{\"@type\":\"EntryPoint\",\"urlTemplate\":\"https:\/\/orvikpower.com\/?s={search_term_string}\"},\"query-input\":{\"@type\":\"PropertyValueSpecification\",\"valueRequired\":true,\"valueName\":\"search_term_string\"}}],\"inLanguage\":\"es\"},{\"@type\":\"Organization\",\"@id\":\"https:\/\/orvikpower.com\/#organization\",\"name\":\"ORVIK | Light Commercial Electric Vehicles\",\"url\":\"https:\/\/orvikpower.com\/\",\"logo\":{\"@type\":\"ImageObject\",\"inLanguage\":\"es\",\"@id\":\"https:\/\/orvikpower.com\/#\/schema\/logo\/image\/\",\"url\":\"https:\/\/orvikpower.com\/wp-content\/uploads\/2026\/01\/cropped-logo-h-main-small.png\",\"contentUrl\":\"https:\/\/orvikpower.com\/wp-content\/uploads\/2026\/01\/cropped-logo-h-main-small.png\",\"width\":512,\"height\":512,\"caption\":\"ORVIK | Light Commercial Electric Vehicles\"},\"image\":{\"@id\":\"https:\/\/orvikpower.com\/#\/schema\/logo\/image\/\"},\"sameAs\":[\"https:\/\/www.youtube.com\/@ORVIKOrvikPower\",\"https:\/\/www.pinterest.com\/OrvikPower\/\"]}]}<\/script>\n<!-- \/ Yoast SEO plugin. -->","yoast_head_json":{"title":"Fregadora de suelos el\u00e9ctrica con conductor a bordo AS800 | Industrial Cleaning Factory Direct - ORVIK | ORVIK|Light Commercial Electric Vehicles","robots":{"index":"index","follow":"follow","max-snippet":"max-snippet:-1","max-image-preview":"max-image-preview:large","max-video-preview":"max-video-preview:-1"},"canonical":"https:\/\/orvikpower.com\/es\/product\/as800-electric-ride-on-floor-scrubber-industrial-cleaning-factory-direct-orvik","og_locale":"es_ES","og_type":"article","og_title":"AS800 Electric Ride-on Floor Scrubber | Industrial Cleaning Factory Direct - ORVIK | ORVIK|Light Commercial Electric Vehicles","og_description":"Maximize hygiene with the AS800 Electric Scrubber. Features 4600m\u00b2\/h efficiency, 120L tank, and rotomolded anti-corrosion body. Low maintenance &amp; high ROI. Inquire for FCL Price.","og_url":"https:\/\/orvikpower.com\/es\/product\/as800-electric-ride-on-floor-scrubber-industrial-cleaning-factory-direct-orvik","og_site_name":"ORVIK|Light Commercial Electric Vehicles","og_image":[{"width":1394,"height":1279,"url":"https:\/\/orvikpower.com\/wp-content\/uploads\/2026\/01\/AS800-Electric-Ride-on-Floor-Scrubber-Industrial-Cleaning-Factory-Direct-ORVIK.png","type":"image\/png"}],"twitter_card":"summary_large_image","twitter_misc":{"Tiempo de lectura":"1 minuto"},"schema":{"@context":"https:\/\/schema.org","@graph":[{"@type":"WebPage","@id":"https:\/\/orvikpower.com\/product\/as800-electric-ride-on-floor-scrubber-industrial-cleaning-factory-direct-orvik","url":"https:\/\/orvikpower.com\/product\/as800-electric-ride-on-floor-scrubber-industrial-cleaning-factory-direct-orvik","name":"Fregadora de suelos el\u00e9ctrica con conductor a bordo AS800 | Industrial Cleaning Factory Direct - ORVIK | ORVIK|Light Commercial Electric Vehicles","isPartOf":{"@id":"https:\/\/orvikpower.com\/#website"},"primaryImageOfPage":{"@id":"https:\/\/orvikpower.com\/product\/as800-electric-ride-on-floor-scrubber-industrial-cleaning-factory-direct-orvik#primaryimage"},"image":{"@id":"https:\/\/orvikpower.com\/product\/as800-electric-ride-on-floor-scrubber-industrial-cleaning-factory-direct-orvik#primaryimage"},"thumbnailUrl":"https:\/\/orvikpower.com\/wp-content\/uploads\/2026\/01\/AS800-Electric-Ride-on-Floor-Scrubber-Industrial-Cleaning-Factory-Direct-ORVIK.png","datePublished":"2026-01-21T13:48:24+00:00","breadcrumb":{"@id":"https:\/\/orvikpower.com\/product\/as800-electric-ride-on-floor-scrubber-industrial-cleaning-factory-direct-orvik#breadcrumb"},"inLanguage":"es","potentialAction":[{"@type":"ReadAction","target":["https:\/\/orvikpower.com\/product\/as800-electric-ride-on-floor-scrubber-industrial-cleaning-factory-direct-orvik"]}]},{"@type":"ImageObject","inLanguage":"es","@id":"https:\/\/orvikpower.com\/product\/as800-electric-ride-on-floor-scrubber-industrial-cleaning-factory-direct-orvik#primaryimage","url":"https:\/\/orvikpower.com\/wp-content\/uploads\/2026\/01\/AS800-Electric-Ride-on-Floor-Scrubber-Industrial-Cleaning-Factory-Direct-ORVIK.png","contentUrl":"https:\/\/orvikpower.com\/wp-content\/uploads\/2026\/01\/AS800-Electric-Ride-on-Floor-Scrubber-Industrial-Cleaning-Factory-Direct-ORVIK.png","width":1394,"height":1279,"caption":"Maximize hygiene with the AS800 Electric Scrubber. Features 4600m\u00b2\/h efficiency, 120L tank, and rotomolded anti-corrosion body. Low maintenance & high ROI. Inquire for FCL Price."},{"@type":"BreadcrumbList","@id":"https:\/\/orvikpower.com\/product\/as800-electric-ride-on-floor-scrubber-industrial-cleaning-factory-direct-orvik#breadcrumb","itemListElement":[{"@type":"ListItem","position":1,"name":"Home","item":"https:\/\/orvikpower.com\/"},{"@type":"ListItem","position":2,"name":"SHOP","item":"https:\/\/orvikpower.com\/shop"},{"@type":"ListItem","position":3,"name":"AS800 Electric Ride-on Floor Scrubber | Industrial Cleaning Factory Direct &#8211; ORVIK"}]},{"@type":"WebSite","@id":"https:\/\/orvikpower.com\/#website","url":"https:\/\/orvikpower.com\/","name":"ORVIK | Veh\u00edculos el\u00e9ctricos comerciales ligeros","description":"Primer fabricante de veh\u00edculos utilitarios el\u00e9ctricos todoterreno, camionetas y minicamiones. Dise\u00f1os de alta temperatura y preparados para el \u00c1rtico para granjas y minas. Ahorre costes con FCL directo de f\u00e1brica. Haga que el trabajo fluya. Obtenga una cotizaci\u00f3n.","publisher":{"@id":"https:\/\/orvikpower.com\/#organization"},"potentialAction":[{"@type":"SearchAction","target":{"@type":"EntryPoint","urlTemplate":"https:\/\/orvikpower.com\/?s={search_term_string}"},"query-input":{"@type":"PropertyValueSpecification","valueRequired":true,"valueName":"search_term_string"}}],"inLanguage":"es"},{"@type":"Organization","@id":"https:\/\/orvikpower.com\/#organization","name":"ORVIK | Veh\u00edculos el\u00e9ctricos comerciales ligeros","url":"https:\/\/orvikpower.com\/","logo":{"@type":"ImageObject","inLanguage":"es","@id":"https:\/\/orvikpower.com\/#\/schema\/logo\/image\/","url":"https:\/\/orvikpower.com\/wp-content\/uploads\/2026\/01\/cropped-logo-h-main-small.png","contentUrl":"https:\/\/orvikpower.com\/wp-content\/uploads\/2026\/01\/cropped-logo-h-main-small.png","width":512,"height":512,"caption":"ORVIK | Light Commercial Electric Vehicles"},"image":{"@id":"https:\/\/orvikpower.com\/#\/schema\/logo\/image\/"},"sameAs":["https:\/\/www.youtube.com\/@ORVIKOrvikPower","https:\/\/www.pinterest.com\/OrvikPower\/"]}]}},"_links":{"self":[{"href":"https:\/\/orvikpower.com\/es\/wp-json\/wp\/v2\/product\/19079","targetHints":{"allow":["GET"]}}],"collection":[{"href":"https:\/\/orvikpower.com\/es\/wp-json\/wp\/v2\/product"}],"about":[{"href":"https:\/\/orvikpower.com\/es\/wp-json\/wp\/v2\/types\/product"}],"replies":[{"embeddable":true,"href":"https:\/\/orvikpower.com\/es\/wp-json\/wp\/v2\/comments?post=19079"}],"wp:featuredmedia":[{"embeddable":true,"href":"https:\/\/orvikpower.com\/es\/wp-json\/wp\/v2\/media\/19080"}],"wp:attachment":[{"href":"https:\/\/orvikpower.com\/es\/wp-json\/wp\/v2\/media?parent=19079"}],"wp:term":[{"taxonomy":"product_brand","embeddable":true,"href":"https:\/\/orvikpower.com\/es\/wp-json\/wp\/v2\/product_brand?post=19079"},{"taxonomy":"product_cat","embeddable":true,"href":"https:\/\/orvikpower.com\/es\/wp-json\/wp\/v2\/product_cat?post=19079"},{"taxonomy":"product_tag","embeddable":true,"href":"https:\/\/orvikpower.com\/es\/wp-json\/wp\/v2\/product_tag?post=19079"}],"curies":[{"name":"wp","href":"https:\/\/api.w.org\/{rel}","templated":true}]}}