{"id":19081,"date":"2026-01-21T13:51:33","date_gmt":"2026-01-21T13:51:33","guid":{"rendered":"https:\/\/orvikpower.com\/?post_type=product&#038;p=19081"},"modified":"2026-01-21T13:51:34","modified_gmt":"2026-01-21T13:51:34","slug":"as900-ride-on-electric-floor-scrubber-5600m%c2%b2-h-factory-direct-wholesale-orvik","status":"publish","type":"product","link":"https:\/\/orvikpower.com\/es\/product\/as900-ride-on-electric-floor-scrubber-5600m%c2%b2-h-factory-direct-wholesale-orvik","title":{"rendered":"AS900 Fregadora de Suelos El\u00e9ctrica 5600m\u00b2\/h | Venta Directa de F\u00e1brica - ORVIK"},"content":{"rendered":"<p dir=\"auto\">En <strong>Fregadora de suelos con conductor ORVIK AS900<\/strong> es una soluci\u00f3n de limpieza industrial dise\u00f1ada para la gesti\u00f3n de instalaciones a gran escala. Con un motor de accionamiento de 800 W y dos motores de cepillo de 550 W, esta m\u00e1quina ofrece una enorme anchura de fregado de 860 mm, capaz de limpiar 5.600 metros cuadrados por hora (<strong>Caracter\u00edstica<\/strong>).<\/p>\n<div class=\"my-2\"><\/div>\n<p dir=\"auto\">Construida sobre un chasis tratado con electroforesis de decapado y recubrimiento de polvo a alta temperatura, la AS900 resiste la corrosi\u00f3n incluso en entornos qu\u00edmicos o h\u00famedos agresivos. Su cuerpo rotomoldeado ofrece una resistencia superior a los impactos en comparaci\u00f3n con las carcasas de pl\u00e1stico est\u00e1ndar (<strong>Ventaja<\/strong>).<\/p>\n<div class=\"my-2\"><\/div>\n<p dir=\"auto\">Para los gestores de instalaciones, esto se traduce en una reducci\u00f3n dr\u00e1stica de los costes de mano de obra. Una AS900 puede sustituir a un equipo de 10 limpiadores manuales, garantizando un r\u00e1pido retorno de la inversi\u00f3n (ROI) y manteniendo unos est\u00e1ndares de higiene impecables en almacenes, hospitales y f\u00e1bricas (<strong>Beneficio<\/strong>).<\/p>\n<div class=\"my-2\"><\/div>\n<ul dir=\"auto\">\n<li class=\"text-start\"><strong>Personalizaci\u00f3n de la potencia<\/strong>: La potencia y el par del motor se pueden adaptar a los requisitos espec\u00edficos de la pendiente o la superficie.<\/li>\n<li class=\"text-start\"><strong>Opciones de bater\u00eda<\/strong>: Equipado de serie con bater\u00edas de plomo-\u00e1cido de 24 V; actualizable a bater\u00edas de litio LiFePO4 para ciclos de vida m\u00e1s largos y carga r\u00e1pida.<\/li>\n<\/ul>\n<div class=\"my-2\"><\/div>\n<p dir=\"auto\"><strong>Dise\u00f1ado para que su trabajo fluya.<\/strong><\/p>\n<table class=\"table table-striped-white table-bordered\" data-anchor-id=\"zgd0\">\n<thead>\n<tr>\n<th>Especificaci\u00f3n<\/th>\n<th>Detalles<\/th>\n<\/tr>\n<\/thead>\n<tbody>\n<tr>\n<td><strong>Modelo<\/strong><\/td>\n<td>AS900 Cepillo doble<\/td>\n<\/tr>\n<tr>\n<td><strong>Dimensiones (L*A*Al)<\/strong><\/td>\n<td>1750mm * 1260mm * 1450mm<\/td>\n<\/tr>\n<tr>\n<td><strong>Peso del veh\u00edculo<\/strong><\/td>\n<td>410 KG<\/td>\n<\/tr>\n<tr>\n<td><strong>Eficacia de la limpieza<\/strong><\/td>\n<td>5600 m\u00b2\/h<\/td>\n<\/tr>\n<tr>\n<td><strong>Anchura de fregado<\/strong><\/td>\n<td>860 mm (cepillos dobles de 17 pulgadas)<\/td>\n<\/tr>\n<tr>\n<td><strong>Anchura de la escobilla de goma<\/strong><\/td>\n<td>1200 mm<\/td>\n<\/tr>\n<tr>\n<td><strong>Capacidad del dep\u00f3sito<\/strong><\/td>\n<td>Agua limpia: 165L \/ Agua sucia: 170L<\/td>\n<\/tr>\n<tr>\n<td><strong>Duraci\u00f3n del trabajo<\/strong><\/td>\n<td>4-5 horas<\/td>\n<\/tr>\n<tr>\n<td><strong>Sistema el\u00e9ctrico<\/strong><\/td>\n<td>Accionamiento: 800W \/ Cepillo: 550W*2 \/ Succi\u00f3n: 600W<\/td>\n<\/tr>\n<tr>\n<td><strong>Tipo de bater\u00eda<\/strong><\/td>\n<td>24V 200Ah (Plomo-\u00e1cido est\u00e1ndar \/ Litio opcional)<\/td>\n<\/tr>\n<tr>\n<td><strong>Tecnolog\u00eda de chasis<\/strong><\/td>\n<td>Decapado Electroforesis + Recubrimiento en polvo<\/td>\n<\/tr>\n<tr>\n<td><strong>Cantidad de carga (40HQ)<\/strong><\/td>\n<td><em>Pendiente de confirmaci\u00f3n en funci\u00f3n del embalaje<\/em><\/td>\n<\/tr>\n<\/tbody>\n<\/table>","protected":false},"excerpt":{"rendered":"<p dir=\"auto\">La fregadora de suelos el\u00e9ctrica industrial AS900 cuenta con cepillos dobles y un rendimiento de limpieza de 5600 m\u00b2\/h. Equipada con cuerpo rotomoldeado y cableado impermeable para un bajo mantenimiento. Pregunte por el precio FCL.<\/p>\n<div class=\"my-2\"><\/div>\n<p dir=\"auto\">","protected":false},"featured_media":19082,"comment_status":"open","ping_status":"closed","template":"","meta":{"_eb_attr":""},"product_brand":[],"product_cat":[75,74],"product_tag":[126,125,118,91,120,123],"class_list":{"0":"post-19081","1":"product","2":"type-product","3":"status-publish","4":"has-post-thumbnail","6":"product_cat-electric-street-sweepers","7":"product_cat-specialized-service-vehicles","8":"product_tag-airport","9":"product_tag-factory","10":"product_tag-hospital","11":"product_tag-industrial-park","12":"product_tag-shopping-mall","13":"product_tag-warehouse","15":"first","16":"instock","17":"shipping-taxable","18":"product-type-simple"},"yoast_head":"<!-- This site is optimized with the Yoast SEO plugin v26.9 - https:\/\/yoast.com\/product\/yoast-seo-wordpress\/ -->\n<title>AS900 Ride-on Electric Floor Scrubber 5600m\u00b2\/h | Factory Direct Wholesale - ORVIK | ORVIK|Light Commercial Electric Vehicles<\/title>\n<meta name=\"robots\" content=\"index, follow, max-snippet:-1, max-image-preview:large, max-video-preview:-1\" \/>\n<link rel=\"canonical\" href=\"https:\/\/orvikpower.com\/es\/product\/as900-ride-on-electric-floor-scrubber-5600m\u00b2-h-factory-direct-wholesale-orvik\" \/>\n<meta property=\"og:locale\" content=\"es_ES\" \/>\n<meta property=\"og:type\" content=\"article\" \/>\n<meta property=\"og:title\" content=\"AS900 Ride-on Electric Floor Scrubber 5600m\u00b2\/h | Factory Direct Wholesale - ORVIK | ORVIK|Light Commercial Electric Vehicles\" \/>\n<meta property=\"og:description\" content=\"Industrial AS900 electric floor scrubber features dual brushes and 5600m\u00b2\/h cleaning efficiency. Equipped with rotomolded body and waterproof wiring for low maintenance. Inquire for FCL Price.\" \/>\n<meta property=\"og:url\" content=\"https:\/\/orvikpower.com\/es\/product\/as900-ride-on-electric-floor-scrubber-5600m\u00b2-h-factory-direct-wholesale-orvik\" \/>\n<meta property=\"og:site_name\" content=\"ORVIK|Light Commercial Electric Vehicles\" \/>\n<meta property=\"article:modified_time\" content=\"2026-01-21T13:51:34+00:00\" \/>\n<meta property=\"og:image\" content=\"https:\/\/orvikpower.com\/wp-content\/uploads\/2026\/01\/AS900-Ride-on-Electric-Floor-Scrubber-5600m\u00b2h-Factory-Direct-Wholesale-ORVIK.jpeg\" \/>\n\t<meta property=\"og:image:width\" content=\"1443\" \/>\n\t<meta property=\"og:image:height\" content=\"1279\" \/>\n\t<meta property=\"og:image:type\" content=\"image\/jpeg\" \/>\n<meta name=\"twitter:card\" content=\"summary_large_image\" \/>\n<meta name=\"twitter:label1\" content=\"Tiempo de lectura\" \/>\n\t<meta name=\"twitter:data1\" content=\"1 minuto\" \/>\n<script type=\"application\/ld+json\" class=\"yoast-schema-graph\">{\"@context\":\"https:\/\/schema.org\",\"@graph\":[{\"@type\":\"WebPage\",\"@id\":\"https:\/\/orvikpower.com\/product\/as900-ride-on-electric-floor-scrubber-5600m%c2%b2-h-factory-direct-wholesale-orvik\",\"url\":\"https:\/\/orvikpower.com\/product\/as900-ride-on-electric-floor-scrubber-5600m%c2%b2-h-factory-direct-wholesale-orvik\",\"name\":\"AS900 Ride-on Electric Floor Scrubber 5600m\u00b2\/h | Factory Direct Wholesale - ORVIK | ORVIK|Light Commercial Electric Vehicles\",\"isPartOf\":{\"@id\":\"https:\/\/orvikpower.com\/#website\"},\"primaryImageOfPage\":{\"@id\":\"https:\/\/orvikpower.com\/product\/as900-ride-on-electric-floor-scrubber-5600m%c2%b2-h-factory-direct-wholesale-orvik#primaryimage\"},\"image\":{\"@id\":\"https:\/\/orvikpower.com\/product\/as900-ride-on-electric-floor-scrubber-5600m%c2%b2-h-factory-direct-wholesale-orvik#primaryimage\"},\"thumbnailUrl\":\"https:\/\/orvikpower.com\/wp-content\/uploads\/2026\/01\/AS900-Ride-on-Electric-Floor-Scrubber-5600m\u00b2h-Factory-Direct-Wholesale-ORVIK.jpeg\",\"datePublished\":\"2026-01-21T13:51:33+00:00\",\"dateModified\":\"2026-01-21T13:51:34+00:00\",\"breadcrumb\":{\"@id\":\"https:\/\/orvikpower.com\/product\/as900-ride-on-electric-floor-scrubber-5600m%c2%b2-h-factory-direct-wholesale-orvik#breadcrumb\"},\"inLanguage\":\"es\",\"potentialAction\":[{\"@type\":\"ReadAction\",\"target\":[\"https:\/\/orvikpower.com\/product\/as900-ride-on-electric-floor-scrubber-5600m%c2%b2-h-factory-direct-wholesale-orvik\"]}]},{\"@type\":\"ImageObject\",\"inLanguage\":\"es\",\"@id\":\"https:\/\/orvikpower.com\/product\/as900-ride-on-electric-floor-scrubber-5600m%c2%b2-h-factory-direct-wholesale-orvik#primaryimage\",\"url\":\"https:\/\/orvikpower.com\/wp-content\/uploads\/2026\/01\/AS900-Ride-on-Electric-Floor-Scrubber-5600m\u00b2h-Factory-Direct-Wholesale-ORVIK.jpeg\",\"contentUrl\":\"https:\/\/orvikpower.com\/wp-content\/uploads\/2026\/01\/AS900-Ride-on-Electric-Floor-Scrubber-5600m\u00b2h-Factory-Direct-Wholesale-ORVIK.jpeg\",\"width\":1443,\"height\":1279},{\"@type\":\"BreadcrumbList\",\"@id\":\"https:\/\/orvikpower.com\/product\/as900-ride-on-electric-floor-scrubber-5600m%c2%b2-h-factory-direct-wholesale-orvik#breadcrumb\",\"itemListElement\":[{\"@type\":\"ListItem\",\"position\":1,\"name\":\"Home\",\"item\":\"https:\/\/orvikpower.com\/\"},{\"@type\":\"ListItem\",\"position\":2,\"name\":\"SHOP\",\"item\":\"https:\/\/orvikpower.com\/shop\"},{\"@type\":\"ListItem\",\"position\":3,\"name\":\"AS900 Ride-on Electric Floor Scrubber 5600m\u00b2\/h | Factory Direct Wholesale &#8211; ORVIK\"}]},{\"@type\":\"WebSite\",\"@id\":\"https:\/\/orvikpower.com\/#website\",\"url\":\"https:\/\/orvikpower.com\/\",\"name\":\"ORVIK | Light Commercial Electric Vehicles\",\"description\":\"Premier Manufacturer of Off-road Electric Utility Vehicles, Pickups &amp; Mini Trucks. High-Temp &amp; Arctic Ready designs for farms &amp; mines. Save costs with Factory-Direct FCL. Make work flow. Get a Quote.\",\"publisher\":{\"@id\":\"https:\/\/orvikpower.com\/#organization\"},\"potentialAction\":[{\"@type\":\"SearchAction\",\"target\":{\"@type\":\"EntryPoint\",\"urlTemplate\":\"https:\/\/orvikpower.com\/?s={search_term_string}\"},\"query-input\":{\"@type\":\"PropertyValueSpecification\",\"valueRequired\":true,\"valueName\":\"search_term_string\"}}],\"inLanguage\":\"es\"},{\"@type\":\"Organization\",\"@id\":\"https:\/\/orvikpower.com\/#organization\",\"name\":\"ORVIK | Light Commercial Electric Vehicles\",\"url\":\"https:\/\/orvikpower.com\/\",\"logo\":{\"@type\":\"ImageObject\",\"inLanguage\":\"es\",\"@id\":\"https:\/\/orvikpower.com\/#\/schema\/logo\/image\/\",\"url\":\"https:\/\/orvikpower.com\/wp-content\/uploads\/2026\/01\/cropped-logo-h-main-small.png\",\"contentUrl\":\"https:\/\/orvikpower.com\/wp-content\/uploads\/2026\/01\/cropped-logo-h-main-small.png\",\"width\":512,\"height\":512,\"caption\":\"ORVIK | Light Commercial Electric Vehicles\"},\"image\":{\"@id\":\"https:\/\/orvikpower.com\/#\/schema\/logo\/image\/\"},\"sameAs\":[\"https:\/\/www.youtube.com\/@ORVIKOrvikPower\",\"https:\/\/www.pinterest.com\/OrvikPower\/\"]}]}<\/script>\n<!-- \/ Yoast SEO plugin. -->","yoast_head_json":{"title":"AS900 Ride-on Electric Floor Scrubber 5600m\u00b2\/h | Venta directa de f\u00e1brica al por mayor - ORVIK | ORVIK|Light Commercial Electric Vehicles","robots":{"index":"index","follow":"follow","max-snippet":"max-snippet:-1","max-image-preview":"max-image-preview:large","max-video-preview":"max-video-preview:-1"},"canonical":"https:\/\/orvikpower.com\/es\/product\/as900-ride-on-electric-floor-scrubber-5600m\u00b2-h-factory-direct-wholesale-orvik","og_locale":"es_ES","og_type":"article","og_title":"AS900 Ride-on Electric Floor Scrubber 5600m\u00b2\/h | Factory Direct Wholesale - ORVIK | ORVIK|Light Commercial Electric Vehicles","og_description":"Industrial AS900 electric floor scrubber features dual brushes and 5600m\u00b2\/h cleaning efficiency. Equipped with rotomolded body and waterproof wiring for low maintenance. Inquire for FCL Price.","og_url":"https:\/\/orvikpower.com\/es\/product\/as900-ride-on-electric-floor-scrubber-5600m\u00b2-h-factory-direct-wholesale-orvik","og_site_name":"ORVIK|Light Commercial Electric Vehicles","article_modified_time":"2026-01-21T13:51:34+00:00","og_image":[{"width":1443,"height":1279,"url":"https:\/\/orvikpower.com\/wp-content\/uploads\/2026\/01\/AS900-Ride-on-Electric-Floor-Scrubber-5600m\u00b2h-Factory-Direct-Wholesale-ORVIK.jpeg","type":"image\/jpeg"}],"twitter_card":"summary_large_image","twitter_misc":{"Tiempo de lectura":"1 minuto"},"schema":{"@context":"https:\/\/schema.org","@graph":[{"@type":"WebPage","@id":"https:\/\/orvikpower.com\/product\/as900-ride-on-electric-floor-scrubber-5600m%c2%b2-h-factory-direct-wholesale-orvik","url":"https:\/\/orvikpower.com\/product\/as900-ride-on-electric-floor-scrubber-5600m%c2%b2-h-factory-direct-wholesale-orvik","name":"AS900 Ride-on Electric Floor Scrubber 5600m\u00b2\/h | Venta directa de f\u00e1brica al por mayor - ORVIK | ORVIK|Light Commercial Electric Vehicles","isPartOf":{"@id":"https:\/\/orvikpower.com\/#website"},"primaryImageOfPage":{"@id":"https:\/\/orvikpower.com\/product\/as900-ride-on-electric-floor-scrubber-5600m%c2%b2-h-factory-direct-wholesale-orvik#primaryimage"},"image":{"@id":"https:\/\/orvikpower.com\/product\/as900-ride-on-electric-floor-scrubber-5600m%c2%b2-h-factory-direct-wholesale-orvik#primaryimage"},"thumbnailUrl":"https:\/\/orvikpower.com\/wp-content\/uploads\/2026\/01\/AS900-Ride-on-Electric-Floor-Scrubber-5600m\u00b2h-Factory-Direct-Wholesale-ORVIK.jpeg","datePublished":"2026-01-21T13:51:33+00:00","dateModified":"2026-01-21T13:51:34+00:00","breadcrumb":{"@id":"https:\/\/orvikpower.com\/product\/as900-ride-on-electric-floor-scrubber-5600m%c2%b2-h-factory-direct-wholesale-orvik#breadcrumb"},"inLanguage":"es","potentialAction":[{"@type":"ReadAction","target":["https:\/\/orvikpower.com\/product\/as900-ride-on-electric-floor-scrubber-5600m%c2%b2-h-factory-direct-wholesale-orvik"]}]},{"@type":"ImageObject","inLanguage":"es","@id":"https:\/\/orvikpower.com\/product\/as900-ride-on-electric-floor-scrubber-5600m%c2%b2-h-factory-direct-wholesale-orvik#primaryimage","url":"https:\/\/orvikpower.com\/wp-content\/uploads\/2026\/01\/AS900-Ride-on-Electric-Floor-Scrubber-5600m\u00b2h-Factory-Direct-Wholesale-ORVIK.jpeg","contentUrl":"https:\/\/orvikpower.com\/wp-content\/uploads\/2026\/01\/AS900-Ride-on-Electric-Floor-Scrubber-5600m\u00b2h-Factory-Direct-Wholesale-ORVIK.jpeg","width":1443,"height":1279},{"@type":"BreadcrumbList","@id":"https:\/\/orvikpower.com\/product\/as900-ride-on-electric-floor-scrubber-5600m%c2%b2-h-factory-direct-wholesale-orvik#breadcrumb","itemListElement":[{"@type":"ListItem","position":1,"name":"Home","item":"https:\/\/orvikpower.com\/"},{"@type":"ListItem","position":2,"name":"SHOP","item":"https:\/\/orvikpower.com\/shop"},{"@type":"ListItem","position":3,"name":"AS900 Ride-on Electric Floor Scrubber 5600m\u00b2\/h | Factory Direct Wholesale &#8211; ORVIK"}]},{"@type":"WebSite","@id":"https:\/\/orvikpower.com\/#website","url":"https:\/\/orvikpower.com\/","name":"ORVIK | Veh\u00edculos el\u00e9ctricos comerciales ligeros","description":"Primer fabricante de veh\u00edculos utilitarios el\u00e9ctricos todoterreno, camionetas y minicamiones. Dise\u00f1os de alta temperatura y preparados para el \u00c1rtico para granjas y minas. Ahorre costes con FCL directo de f\u00e1brica. Haga que el trabajo fluya. Obtenga una cotizaci\u00f3n.","publisher":{"@id":"https:\/\/orvikpower.com\/#organization"},"potentialAction":[{"@type":"SearchAction","target":{"@type":"EntryPoint","urlTemplate":"https:\/\/orvikpower.com\/?s={search_term_string}"},"query-input":{"@type":"PropertyValueSpecification","valueRequired":true,"valueName":"search_term_string"}}],"inLanguage":"es"},{"@type":"Organization","@id":"https:\/\/orvikpower.com\/#organization","name":"ORVIK | Veh\u00edculos el\u00e9ctricos comerciales ligeros","url":"https:\/\/orvikpower.com\/","logo":{"@type":"ImageObject","inLanguage":"es","@id":"https:\/\/orvikpower.com\/#\/schema\/logo\/image\/","url":"https:\/\/orvikpower.com\/wp-content\/uploads\/2026\/01\/cropped-logo-h-main-small.png","contentUrl":"https:\/\/orvikpower.com\/wp-content\/uploads\/2026\/01\/cropped-logo-h-main-small.png","width":512,"height":512,"caption":"ORVIK | Light Commercial Electric Vehicles"},"image":{"@id":"https:\/\/orvikpower.com\/#\/schema\/logo\/image\/"},"sameAs":["https:\/\/www.youtube.com\/@ORVIKOrvikPower","https:\/\/www.pinterest.com\/OrvikPower\/"]}]}},"_links":{"self":[{"href":"https:\/\/orvikpower.com\/es\/wp-json\/wp\/v2\/product\/19081","targetHints":{"allow":["GET"]}}],"collection":[{"href":"https:\/\/orvikpower.com\/es\/wp-json\/wp\/v2\/product"}],"about":[{"href":"https:\/\/orvikpower.com\/es\/wp-json\/wp\/v2\/types\/product"}],"replies":[{"embeddable":true,"href":"https:\/\/orvikpower.com\/es\/wp-json\/wp\/v2\/comments?post=19081"}],"wp:featuredmedia":[{"embeddable":true,"href":"https:\/\/orvikpower.com\/es\/wp-json\/wp\/v2\/media\/19082"}],"wp:attachment":[{"href":"https:\/\/orvikpower.com\/es\/wp-json\/wp\/v2\/media?parent=19081"}],"wp:term":[{"taxonomy":"product_brand","embeddable":true,"href":"https:\/\/orvikpower.com\/es\/wp-json\/wp\/v2\/product_brand?post=19081"},{"taxonomy":"product_cat","embeddable":true,"href":"https:\/\/orvikpower.com\/es\/wp-json\/wp\/v2\/product_cat?post=19081"},{"taxonomy":"product_tag","embeddable":true,"href":"https:\/\/orvikpower.com\/es\/wp-json\/wp\/v2\/product_tag?post=19081"}],"curies":[{"name":"wp","href":"https:\/\/api.w.org\/{rel}","templated":true}]}}