{"id":19085,"date":"2026-01-21T14:04:27","date_gmt":"2026-01-21T14:04:27","guid":{"rendered":"https:\/\/orvikpower.com\/?post_type=product&#038;p=19085"},"modified":"2026-01-21T14:04:27","modified_gmt":"2026-01-21T14:04:27","slug":"industrial-electric-sweeper-s13-plus-factory-direct-fcl-orvik","status":"publish","type":"product","link":"https:\/\/orvikpower.com\/es\/product\/industrial-electric-sweeper-s13-plus-factory-direct-fcl-orvik","title":{"rendered":"Barredora El\u00e9ctrica Industrial S13 Plus | Factory Direct FCL - ORVIK"},"content":{"rendered":"<p dir=\"auto\">En <strong>ORVIK S13 Plus Barredora El\u00e9ctrica Cerrada<\/strong> se ha dise\u00f1ado para sustituir el trabajo manual en entornos dif\u00edciles, desde suelos polvorientos de f\u00e1bricas hasta caminos tur\u00edsticos.<\/p>\n<ul dir=\"auto\">\n<li class=\"text-start\"><strong>Caracter\u00edstica<\/strong>: Construido sobre un chasis de acero decapado al \u00e1cido y tratado por electroforesis con un cuerpo rotomoldeado y cableado impermeable con clasificaci\u00f3n IP.<\/li>\n<li class=\"text-start\"><strong>Ventaja<\/strong>: Resiste la corrosi\u00f3n y los impactos, al tiempo que gestiona eficazmente el polvo mediante un motor agitador vibratorio espec\u00edfico de 500 W, incluso en condiciones h\u00famedas.<\/li>\n<li class=\"text-start\"><strong>Beneficio<\/strong>: Reduzca los costes de gesti\u00f3n de sus instalaciones sustituyendo hasta 6 limpiadores manuales por una sola unidad, garantizando un entorno m\u00e1s limpio y un r\u00e1pido retorno de la inversi\u00f3n.<\/li>\n<li class=\"text-start\"><strong>Personalizaci\u00f3n<\/strong>: La potencia de salida y los sistemas de bater\u00edas (plomo-\u00e1cido o litio) pueden personalizarse para satisfacer sus requisitos espec\u00edficos de duraci\u00f3n de turnos.<br \/>\n<strong>Dise\u00f1ado para que su trabajo fluya.<\/strong><\/li>\n<\/ul>\n<table class=\"table table-striped-white table-bordered\" data-anchor-id=\"zgd0\">\n<thead>\n<tr>\n<th>Par\u00e1metro<\/th>\n<th>Valor<\/th>\n<\/tr>\n<\/thead>\n<tbody>\n<tr>\n<td><strong>Nombre del modelo<\/strong><\/td>\n<td>Barredora El\u00e9ctrica Cerrada S13 Plus<\/td>\n<\/tr>\n<tr>\n<td><strong>Dimensiones (L*A*Al)<\/strong><\/td>\n<td>1550 \u00d7 1300 \u00d7 1850 mm<\/td>\n<\/tr>\n<tr>\n<td><strong>Ancho de limpieza<\/strong><\/td>\n<td>1300 mm (cepillos laterales + cepillo principal)<\/td>\n<\/tr>\n<tr>\n<td><strong>Tipo de bater\u00eda<\/strong><\/td>\n<td>48V 45Ah Plomo-\u00e1cido (Est\u00e1ndar) \/\u00a0<strong>Litio Opcional<\/strong><\/td>\n<\/tr>\n<tr>\n<td><strong>Sistema de motor<\/strong><\/td>\n<td><strong>Conduce:<\/strong>\u00a0800W \/\u00a0<strong>Barriendo:<\/strong>\u00a0700 W (lateral) + 100 W (principal) + 200 W (ventilador)<\/td>\n<\/tr>\n<tr>\n<td><strong>Control del polvo<\/strong><\/td>\n<td>Motor vibratorio de 500 W<\/td>\n<\/tr>\n<tr>\n<td><strong>Capacidad de trabajo<\/strong><\/td>\n<td>Dep\u00f3sito de agua: 30L \/ Cubo de basura: 80L<\/td>\n<\/tr>\n<tr>\n<td><strong>Neum\u00e1ticos<\/strong><\/td>\n<td>Neum\u00e1ticos macizos (antipinchazos para zonas industriales)<\/td>\n<\/tr>\n<tr>\n<td><strong>Tecnolog\u00eda de chasis<\/strong><\/td>\n<td>Electroforesis + Recubrimiento en polvo a alta temperatura (antioxidante)<\/td>\n<\/tr>\n<tr>\n<td><strong>Gradeabilidad m\u00e1xima<\/strong><\/td>\n<td>20%<\/td>\n<\/tr>\n<tr>\n<td><strong>Horario de trabajo<\/strong><\/td>\n<td>2 \u00b1 0,5 Horas (Est\u00e1ndar) \/ Actualizable<\/td>\n<\/tr>\n<tr>\n<td><strong>Cantidad de carga (40HQ)<\/strong><\/td>\n<td>Aprox. 14-18 Unidades (SKD\/Techo Independiente) -\u00a0<em>Contacto para el plan de carga<\/em><\/td>\n<\/tr>\n<\/tbody>\n<\/table>","protected":false},"excerpt":{"rendered":"<p>Barredora el\u00e9ctrica compacta S13 para f\u00e1bricas y complejos tur\u00edsticos. Presenta una anchura de limpieza de 1300 mm, chasis resistente a los \u00e1cidos y neum\u00e1ticos macizos. Bajo mantenimiento. Pregunte por el precio FCL.<\/p>","protected":false},"featured_media":19086,"comment_status":"open","ping_status":"closed","template":"","meta":{"_eb_attr":""},"product_brand":[],"product_cat":[75,74],"product_tag":[128,91,87,127,88,123],"class_list":{"0":"post-19085","1":"product","2":"type-product","3":"status-publish","4":"has-post-thumbnail","6":"product_cat-electric-street-sweepers","7":"product_cat-specialized-service-vehicles","8":"product_tag-factory-cleaning","9":"product_tag-industrial-park","10":"product_tag-municipal","11":"product_tag-property-management","12":"product_tag-resort","13":"product_tag-warehouse","15":"first","16":"instock","17":"shipping-taxable","18":"product-type-simple"},"yoast_head":"<!-- This site is optimized with the Yoast SEO plugin v26.9 - https:\/\/yoast.com\/product\/yoast-seo-wordpress\/ -->\n<title>Industrial Electric Sweeper S13 Plus | Factory Direct FCL - ORVIK | ORVIK|Light Commercial Electric Vehicles<\/title>\n<meta name=\"robots\" content=\"index, follow, max-snippet:-1, max-image-preview:large, max-video-preview:-1\" \/>\n<link rel=\"canonical\" href=\"https:\/\/orvikpower.com\/es\/product\/industrial-electric-sweeper-s13-plus-factory-direct-fcl-orvik\" \/>\n<meta property=\"og:locale\" content=\"es_ES\" \/>\n<meta property=\"og:type\" content=\"article\" \/>\n<meta property=\"og:title\" content=\"Industrial Electric Sweeper S13 Plus | Factory Direct FCL - ORVIK | ORVIK|Light Commercial Electric Vehicles\" \/>\n<meta property=\"og:description\" content=\"Compact S13 electric sweeper for factories &amp; resorts. Features 1300mm cleaning width, acid-proof chassis, and solid tires. Low maintenance. Inquire for FCL Price.\" \/>\n<meta property=\"og:url\" content=\"https:\/\/orvikpower.com\/es\/product\/industrial-electric-sweeper-s13-plus-factory-direct-fcl-orvik\" \/>\n<meta property=\"og:site_name\" content=\"ORVIK|Light Commercial Electric Vehicles\" \/>\n<meta property=\"og:image\" content=\"https:\/\/orvikpower.com\/wp-content\/uploads\/2026\/01\/S13-Electric-Floor-Sweeper-for-Industrial-Resort-Factory-Direct-Wholesale-ORVIK-1.jpg\" \/>\n\t<meta property=\"og:image:width\" content=\"1392\" \/>\n\t<meta property=\"og:image:height\" content=\"1153\" \/>\n\t<meta property=\"og:image:type\" content=\"image\/jpeg\" \/>\n<meta name=\"twitter:card\" content=\"summary_large_image\" \/>\n<meta name=\"twitter:label1\" content=\"Tiempo de lectura\" \/>\n\t<meta name=\"twitter:data1\" content=\"1 minuto\" \/>\n<script type=\"application\/ld+json\" class=\"yoast-schema-graph\">{\"@context\":\"https:\/\/schema.org\",\"@graph\":[{\"@type\":\"WebPage\",\"@id\":\"https:\/\/orvikpower.com\/product\/industrial-electric-sweeper-s13-plus-factory-direct-fcl-orvik\",\"url\":\"https:\/\/orvikpower.com\/product\/industrial-electric-sweeper-s13-plus-factory-direct-fcl-orvik\",\"name\":\"Industrial Electric Sweeper S13 Plus | Factory Direct FCL - ORVIK | ORVIK|Light Commercial Electric Vehicles\",\"isPartOf\":{\"@id\":\"https:\/\/orvikpower.com\/#website\"},\"primaryImageOfPage\":{\"@id\":\"https:\/\/orvikpower.com\/product\/industrial-electric-sweeper-s13-plus-factory-direct-fcl-orvik#primaryimage\"},\"image\":{\"@id\":\"https:\/\/orvikpower.com\/product\/industrial-electric-sweeper-s13-plus-factory-direct-fcl-orvik#primaryimage\"},\"thumbnailUrl\":\"https:\/\/orvikpower.com\/wp-content\/uploads\/2026\/01\/S13-Electric-Floor-Sweeper-for-Industrial-Resort-Factory-Direct-Wholesale-ORVIK-1.jpg\",\"datePublished\":\"2026-01-21T14:04:27+00:00\",\"breadcrumb\":{\"@id\":\"https:\/\/orvikpower.com\/product\/industrial-electric-sweeper-s13-plus-factory-direct-fcl-orvik#breadcrumb\"},\"inLanguage\":\"es\",\"potentialAction\":[{\"@type\":\"ReadAction\",\"target\":[\"https:\/\/orvikpower.com\/product\/industrial-electric-sweeper-s13-plus-factory-direct-fcl-orvik\"]}]},{\"@type\":\"ImageObject\",\"inLanguage\":\"es\",\"@id\":\"https:\/\/orvikpower.com\/product\/industrial-electric-sweeper-s13-plus-factory-direct-fcl-orvik#primaryimage\",\"url\":\"https:\/\/orvikpower.com\/wp-content\/uploads\/2026\/01\/S13-Electric-Floor-Sweeper-for-Industrial-Resort-Factory-Direct-Wholesale-ORVIK-1.jpg\",\"contentUrl\":\"https:\/\/orvikpower.com\/wp-content\/uploads\/2026\/01\/S13-Electric-Floor-Sweeper-for-Industrial-Resort-Factory-Direct-Wholesale-ORVIK-1.jpg\",\"width\":1392,\"height\":1153,\"caption\":\"Compact S13 Plus electric sweeper for factories & resorts. Features 1300mm cleaning width, acid-proof chassis, and solid tires. Low maintenance. Inquire for FCL Price.\"},{\"@type\":\"BreadcrumbList\",\"@id\":\"https:\/\/orvikpower.com\/product\/industrial-electric-sweeper-s13-plus-factory-direct-fcl-orvik#breadcrumb\",\"itemListElement\":[{\"@type\":\"ListItem\",\"position\":1,\"name\":\"Home\",\"item\":\"https:\/\/orvikpower.com\/\"},{\"@type\":\"ListItem\",\"position\":2,\"name\":\"SHOP\",\"item\":\"https:\/\/orvikpower.com\/shop\"},{\"@type\":\"ListItem\",\"position\":3,\"name\":\"Industrial Electric Sweeper S13 Plus | Factory Direct FCL &#8211; ORVIK\"}]},{\"@type\":\"WebSite\",\"@id\":\"https:\/\/orvikpower.com\/#website\",\"url\":\"https:\/\/orvikpower.com\/\",\"name\":\"ORVIK | Light Commercial Electric Vehicles\",\"description\":\"Premier Manufacturer of Off-road Electric Utility Vehicles, Pickups &amp; Mini Trucks. High-Temp &amp; Arctic Ready designs for farms &amp; mines. Save costs with Factory-Direct FCL. Make work flow. Get a Quote.\",\"publisher\":{\"@id\":\"https:\/\/orvikpower.com\/#organization\"},\"potentialAction\":[{\"@type\":\"SearchAction\",\"target\":{\"@type\":\"EntryPoint\",\"urlTemplate\":\"https:\/\/orvikpower.com\/?s={search_term_string}\"},\"query-input\":{\"@type\":\"PropertyValueSpecification\",\"valueRequired\":true,\"valueName\":\"search_term_string\"}}],\"inLanguage\":\"es\"},{\"@type\":\"Organization\",\"@id\":\"https:\/\/orvikpower.com\/#organization\",\"name\":\"ORVIK | Light Commercial Electric Vehicles\",\"url\":\"https:\/\/orvikpower.com\/\",\"logo\":{\"@type\":\"ImageObject\",\"inLanguage\":\"es\",\"@id\":\"https:\/\/orvikpower.com\/#\/schema\/logo\/image\/\",\"url\":\"https:\/\/orvikpower.com\/wp-content\/uploads\/2026\/01\/cropped-logo-h-main-small.png\",\"contentUrl\":\"https:\/\/orvikpower.com\/wp-content\/uploads\/2026\/01\/cropped-logo-h-main-small.png\",\"width\":512,\"height\":512,\"caption\":\"ORVIK | Light Commercial Electric Vehicles\"},\"image\":{\"@id\":\"https:\/\/orvikpower.com\/#\/schema\/logo\/image\/\"},\"sameAs\":[\"https:\/\/www.youtube.com\/@ORVIKOrvikPower\",\"https:\/\/www.pinterest.com\/OrvikPower\/\"]}]}<\/script>\n<!-- \/ Yoast SEO plugin. -->","yoast_head_json":{"title":"Barredora El\u00e9ctrica Industrial S13 Plus | Factory Direct FCL - ORVIK | ORVIK|Veh\u00edculos El\u00e9ctricos Comerciales Ligeros","robots":{"index":"index","follow":"follow","max-snippet":"max-snippet:-1","max-image-preview":"max-image-preview:large","max-video-preview":"max-video-preview:-1"},"canonical":"https:\/\/orvikpower.com\/es\/product\/industrial-electric-sweeper-s13-plus-factory-direct-fcl-orvik","og_locale":"es_ES","og_type":"article","og_title":"Industrial Electric Sweeper S13 Plus | Factory Direct FCL - ORVIK | ORVIK|Light Commercial Electric Vehicles","og_description":"Compact S13 electric sweeper for factories &amp; resorts. Features 1300mm cleaning width, acid-proof chassis, and solid tires. Low maintenance. Inquire for FCL Price.","og_url":"https:\/\/orvikpower.com\/es\/product\/industrial-electric-sweeper-s13-plus-factory-direct-fcl-orvik","og_site_name":"ORVIK|Light Commercial Electric Vehicles","og_image":[{"width":1392,"height":1153,"url":"https:\/\/orvikpower.com\/wp-content\/uploads\/2026\/01\/S13-Electric-Floor-Sweeper-for-Industrial-Resort-Factory-Direct-Wholesale-ORVIK-1.jpg","type":"image\/jpeg"}],"twitter_card":"summary_large_image","twitter_misc":{"Tiempo de lectura":"1 minuto"},"schema":{"@context":"https:\/\/schema.org","@graph":[{"@type":"WebPage","@id":"https:\/\/orvikpower.com\/product\/industrial-electric-sweeper-s13-plus-factory-direct-fcl-orvik","url":"https:\/\/orvikpower.com\/product\/industrial-electric-sweeper-s13-plus-factory-direct-fcl-orvik","name":"Barredora El\u00e9ctrica Industrial S13 Plus | Factory Direct FCL - ORVIK | ORVIK|Veh\u00edculos El\u00e9ctricos Comerciales Ligeros","isPartOf":{"@id":"https:\/\/orvikpower.com\/#website"},"primaryImageOfPage":{"@id":"https:\/\/orvikpower.com\/product\/industrial-electric-sweeper-s13-plus-factory-direct-fcl-orvik#primaryimage"},"image":{"@id":"https:\/\/orvikpower.com\/product\/industrial-electric-sweeper-s13-plus-factory-direct-fcl-orvik#primaryimage"},"thumbnailUrl":"https:\/\/orvikpower.com\/wp-content\/uploads\/2026\/01\/S13-Electric-Floor-Sweeper-for-Industrial-Resort-Factory-Direct-Wholesale-ORVIK-1.jpg","datePublished":"2026-01-21T14:04:27+00:00","breadcrumb":{"@id":"https:\/\/orvikpower.com\/product\/industrial-electric-sweeper-s13-plus-factory-direct-fcl-orvik#breadcrumb"},"inLanguage":"es","potentialAction":[{"@type":"ReadAction","target":["https:\/\/orvikpower.com\/product\/industrial-electric-sweeper-s13-plus-factory-direct-fcl-orvik"]}]},{"@type":"ImageObject","inLanguage":"es","@id":"https:\/\/orvikpower.com\/product\/industrial-electric-sweeper-s13-plus-factory-direct-fcl-orvik#primaryimage","url":"https:\/\/orvikpower.com\/wp-content\/uploads\/2026\/01\/S13-Electric-Floor-Sweeper-for-Industrial-Resort-Factory-Direct-Wholesale-ORVIK-1.jpg","contentUrl":"https:\/\/orvikpower.com\/wp-content\/uploads\/2026\/01\/S13-Electric-Floor-Sweeper-for-Industrial-Resort-Factory-Direct-Wholesale-ORVIK-1.jpg","width":1392,"height":1153,"caption":"Compact S13 Plus electric sweeper for factories & resorts. Features 1300mm cleaning width, acid-proof chassis, and solid tires. Low maintenance. Inquire for FCL Price."},{"@type":"BreadcrumbList","@id":"https:\/\/orvikpower.com\/product\/industrial-electric-sweeper-s13-plus-factory-direct-fcl-orvik#breadcrumb","itemListElement":[{"@type":"ListItem","position":1,"name":"Home","item":"https:\/\/orvikpower.com\/"},{"@type":"ListItem","position":2,"name":"SHOP","item":"https:\/\/orvikpower.com\/shop"},{"@type":"ListItem","position":3,"name":"Industrial Electric Sweeper S13 Plus | Factory Direct FCL &#8211; ORVIK"}]},{"@type":"WebSite","@id":"https:\/\/orvikpower.com\/#website","url":"https:\/\/orvikpower.com\/","name":"ORVIK | Veh\u00edculos el\u00e9ctricos comerciales ligeros","description":"Primer fabricante de veh\u00edculos utilitarios el\u00e9ctricos todoterreno, camionetas y minicamiones. Dise\u00f1os de alta temperatura y preparados para el \u00c1rtico para granjas y minas. Ahorre costes con FCL directo de f\u00e1brica. Haga que el trabajo fluya. Obtenga una cotizaci\u00f3n.","publisher":{"@id":"https:\/\/orvikpower.com\/#organization"},"potentialAction":[{"@type":"SearchAction","target":{"@type":"EntryPoint","urlTemplate":"https:\/\/orvikpower.com\/?s={search_term_string}"},"query-input":{"@type":"PropertyValueSpecification","valueRequired":true,"valueName":"search_term_string"}}],"inLanguage":"es"},{"@type":"Organization","@id":"https:\/\/orvikpower.com\/#organization","name":"ORVIK | Veh\u00edculos el\u00e9ctricos comerciales ligeros","url":"https:\/\/orvikpower.com\/","logo":{"@type":"ImageObject","inLanguage":"es","@id":"https:\/\/orvikpower.com\/#\/schema\/logo\/image\/","url":"https:\/\/orvikpower.com\/wp-content\/uploads\/2026\/01\/cropped-logo-h-main-small.png","contentUrl":"https:\/\/orvikpower.com\/wp-content\/uploads\/2026\/01\/cropped-logo-h-main-small.png","width":512,"height":512,"caption":"ORVIK | Light Commercial Electric Vehicles"},"image":{"@id":"https:\/\/orvikpower.com\/#\/schema\/logo\/image\/"},"sameAs":["https:\/\/www.youtube.com\/@ORVIKOrvikPower","https:\/\/www.pinterest.com\/OrvikPower\/"]}]}},"_links":{"self":[{"href":"https:\/\/orvikpower.com\/es\/wp-json\/wp\/v2\/product\/19085","targetHints":{"allow":["GET"]}}],"collection":[{"href":"https:\/\/orvikpower.com\/es\/wp-json\/wp\/v2\/product"}],"about":[{"href":"https:\/\/orvikpower.com\/es\/wp-json\/wp\/v2\/types\/product"}],"replies":[{"embeddable":true,"href":"https:\/\/orvikpower.com\/es\/wp-json\/wp\/v2\/comments?post=19085"}],"wp:featuredmedia":[{"embeddable":true,"href":"https:\/\/orvikpower.com\/es\/wp-json\/wp\/v2\/media\/19086"}],"wp:attachment":[{"href":"https:\/\/orvikpower.com\/es\/wp-json\/wp\/v2\/media?parent=19085"}],"wp:term":[{"taxonomy":"product_brand","embeddable":true,"href":"https:\/\/orvikpower.com\/es\/wp-json\/wp\/v2\/product_brand?post=19085"},{"taxonomy":"product_cat","embeddable":true,"href":"https:\/\/orvikpower.com\/es\/wp-json\/wp\/v2\/product_cat?post=19085"},{"taxonomy":"product_tag","embeddable":true,"href":"https:\/\/orvikpower.com\/es\/wp-json\/wp\/v2\/product_tag?post=19085"}],"curies":[{"name":"wp","href":"https:\/\/api.w.org\/{rel}","templated":true}]}}