{"id":19095,"date":"2026-01-21T15:16:00","date_gmt":"2026-01-21T15:16:00","guid":{"rendered":"https:\/\/orvikpower.com\/?post_type=product&#038;p=19095"},"modified":"2026-01-21T15:16:00","modified_gmt":"2026-01-21T15:16:00","slug":"orvik-x3-electric-street-sweeper-2300mm-industrial-cleaning-vehicle-factory-direct","status":"publish","type":"product","link":"https:\/\/orvikpower.com\/es\/product\/orvik-x3-electric-street-sweeper-2300mm-industrial-cleaning-vehicle-factory-direct","title":{"rendered":"ORVIK X3 Barredora El\u00e9ctrica 2300mm | Veh\u00edculo de Limpieza Industrial Directo de F\u00e1brica"},"content":{"rendered":"<p dir=\"auto\"><strong>Maximice la cobertura, minimice el tiempo de inactividad.<\/strong><br \/>\nORVIK X3 es una soluci\u00f3n de saneamiento industrial dise\u00f1ada para sustituir el trabajo manual en entornos a gran escala, como parques municipales, complejos industriales y complejos tur\u00edsticos.<\/p>\n<div class=\"my-2\"><\/div>\n<ul dir=\"auto\">\n<li class=\"text-start\"><strong>Construcci\u00f3n robusta (caracter\u00edstica):<\/strong> Todo el chasis del veh\u00edculo se somete a decapado, electroforesis y recubrimiento de polvo a alta temperatura.<\/li>\n<li class=\"text-start\"><strong>Resistencia a la intemperie (Ventaja):<\/strong> Este proceso de calidad automovil\u00edstica garantiza una resistencia superior a la corrosi\u00f3n, por lo que el X3 es capaz de soportar climas costeros h\u00famedos o entornos industriales duros sin oxidarse.<\/li>\n<li class=\"text-start\"><strong>Eficiencia operativa (beneficio):<\/strong> Con una enorme anchura de barrido de 2.300 mm y un dep\u00f3sito de agua de 300 l, la X3 reduce la frecuencia de rellenado y cubre m\u00e1s terreno por hora, lo que reduce significativamente el coste total de propiedad (TCO).<\/li>\n<\/ul>\n<div class=\"my-2\"><\/div>\n<p dir=\"auto\"><strong>Personalizaci\u00f3n:<\/strong> Los sistemas de alimentaci\u00f3n pueden personalizarse en funci\u00f3n de los requisitos del terreno. Las opciones de bater\u00eda incluyen bater\u00edas de plomo-\u00e1cido est\u00e1ndar o LiFePO4 mejoradas para ciclos de vida m\u00e1s largos.<br \/>\n<strong>Dise\u00f1ado para que su trabajo fluya.<\/strong><\/p>\n<p dir=\"auto\">\n<p dir=\"auto\">\n<table class=\"table table-striped-white table-bordered\" data-anchor-id=\"yp8i\">\n<thead>\n<tr>\n<th>Caracter\u00edstica<\/th>\n<th>Especificaci\u00f3n<\/th>\n<\/tr>\n<\/thead>\n<tbody>\n<tr>\n<td><strong>Modelo<\/strong><\/td>\n<td>ORVIK X3<\/td>\n<\/tr>\n<tr>\n<td><strong>Dimensiones (L*A*Al)<\/strong><\/td>\n<td>2400 \u00d7 2300 \u00d7 2160 mm<\/td>\n<\/tr>\n<tr>\n<td><strong>Anchura de barrido<\/strong><\/td>\n<td>2300 mm<\/td>\n<\/tr>\n<tr>\n<td><strong>Potencia del motor<\/strong><\/td>\n<td><strong>Conduce:<\/strong>\u00a02000W |\u00a0<strong>Cepillo lateral:<\/strong>\u00a01100W |\u00a0<strong>Cepillo principal:<\/strong>\u00a0150W<\/td>\n<\/tr>\n<tr>\n<td><strong>Sistema de bater\u00edas<\/strong><\/td>\n<td>48V 150Ah (Plomo-\u00e1cido est\u00e1ndar \/ LiFePO4 opcional)<\/td>\n<\/tr>\n<tr>\n<td><strong>Cargando<\/strong><\/td>\n<td>Cargador inteligente (opciones disponibles sin conexi\u00f3n a la red y preparado para energ\u00eda solar)<\/td>\n<\/tr>\n<tr>\n<td><strong>Alcance m\u00e1ximo \/ Tiempo de trabajo<\/strong><\/td>\n<td>3 - 5 horas (funcionamiento continuo)<\/td>\n<\/tr>\n<tr>\n<td><strong>Capacidad del dep\u00f3sito<\/strong><\/td>\n<td><strong>Agua:<\/strong>\u00a0300L |\u00a0<strong>Basura:<\/strong>\u00a0240L<\/td>\n<\/tr>\n<tr>\n<td><strong>Capacidad de escalada<\/strong><\/td>\n<td>30%<\/td>\n<\/tr>\n<tr>\n<td><strong>Sistema de frenado<\/strong><\/td>\n<td>Freno hidr\u00e1ulico de doble disco + freno electr\u00f3nico inteligente<\/td>\n<\/tr>\n<tr>\n<td><strong>Neum\u00e1ticos<\/strong><\/td>\n<td>Neum\u00e1ticos macizos (antipinchazos)<\/td>\n<\/tr>\n<tr>\n<td><strong>Protecci\u00f3n del chasis<\/strong><\/td>\n<td>Decapado \u00e1cido + Electroforesis + Recubrimiento en polvo<\/td>\n<\/tr>\n<tr>\n<td><strong>Impermeabilizaci\u00f3n<\/strong><\/td>\n<td>Mazo de cables y conectores estancos IP67<\/td>\n<\/tr>\n<tr>\n<td><strong>Cantidad de carga (40HQ)<\/strong><\/td>\n<td><em>Contacto para el c\u00e1lculo de SKD (debido a la anchura de 2,3 m)<\/em><\/td>\n<\/tr>\n<\/tbody>\n<\/table>","protected":false},"excerpt":{"rendered":"<p dir=\"auto\">Mejore la higiene de sus instalaciones con ORVIK X3. Con un ancho de barrido de 2300 mm, dep\u00f3sito de agua de 300 l y chasis con revestimiento anticorrosi\u00f3n. Ideal para complejos tur\u00edsticos y parques industriales. Pregunte por el precio FCL.<\/p>\n<div class=\"my-2\"><\/div>\n<p dir=\"auto\">","protected":false},"featured_media":19096,"comment_status":"open","ping_status":"closed","template":"","meta":{"_eb_attr":""},"product_brand":[],"product_cat":[75,74],"product_tag":[89,125,91,87,127,88],"class_list":{"0":"post-19095","1":"product","2":"type-product","3":"status-publish","4":"has-post-thumbnail","6":"product_cat-electric-street-sweepers","7":"product_cat-specialized-service-vehicles","8":"product_tag-campus","9":"product_tag-factory","10":"product_tag-industrial-park","11":"product_tag-municipal","12":"product_tag-property-management","13":"product_tag-resort","15":"first","16":"instock","17":"shipping-taxable","18":"product-type-simple"},"yoast_head":"<!-- This site is optimized with the Yoast SEO plugin v26.9 - https:\/\/yoast.com\/product\/yoast-seo-wordpress\/ -->\n<title>ORVIK X3 Electric Street Sweeper 2300mm | Industrial Cleaning Vehicle Factory Direct | ORVIK|Light Commercial Electric Vehicles<\/title>\n<meta name=\"robots\" content=\"index, follow, max-snippet:-1, max-image-preview:large, max-video-preview:-1\" \/>\n<link rel=\"canonical\" href=\"https:\/\/orvikpower.com\/es\/product\/orvik-x3-electric-street-sweeper-2300mm-industrial-cleaning-vehicle-factory-direct\" \/>\n<meta property=\"og:locale\" content=\"es_ES\" \/>\n<meta property=\"og:type\" content=\"article\" \/>\n<meta property=\"og:title\" content=\"ORVIK X3 Electric Street Sweeper 2300mm | Industrial Cleaning Vehicle Factory Direct | ORVIK|Light Commercial Electric Vehicles\" \/>\n<meta property=\"og:description\" content=\"Boost facility hygiene with ORVIK X3. Features 2300mm sweeping width, 300L water tank, and anti-corrosion E-coating chassis. Ideal for resorts and industrial parks. Inquire for FCL Price.\" \/>\n<meta property=\"og:url\" content=\"https:\/\/orvikpower.com\/es\/product\/orvik-x3-electric-street-sweeper-2300mm-industrial-cleaning-vehicle-factory-direct\" \/>\n<meta property=\"og:site_name\" content=\"ORVIK|Light Commercial Electric Vehicles\" \/>\n<meta property=\"og:image\" content=\"https:\/\/orvikpower.com\/wp-content\/uploads\/2026\/01\/ORVIK-X3-Electric-Street-Sweeper-2300mm-Industrial-Cleaning-Vehicle-Factory-Direct.jpg\" \/>\n\t<meta property=\"og:image:width\" content=\"1787\" \/>\n\t<meta property=\"og:image:height\" content=\"1589\" \/>\n\t<meta property=\"og:image:type\" content=\"image\/jpeg\" \/>\n<meta name=\"twitter:card\" content=\"summary_large_image\" \/>\n<meta name=\"twitter:label1\" content=\"Tiempo de lectura\" \/>\n\t<meta name=\"twitter:data1\" content=\"1 minuto\" \/>\n<script type=\"application\/ld+json\" class=\"yoast-schema-graph\">{\"@context\":\"https:\/\/schema.org\",\"@graph\":[{\"@type\":\"WebPage\",\"@id\":\"https:\/\/orvikpower.com\/product\/orvik-x3-electric-street-sweeper-2300mm-industrial-cleaning-vehicle-factory-direct\",\"url\":\"https:\/\/orvikpower.com\/product\/orvik-x3-electric-street-sweeper-2300mm-industrial-cleaning-vehicle-factory-direct\",\"name\":\"ORVIK X3 Electric Street Sweeper 2300mm | Industrial Cleaning Vehicle Factory Direct | ORVIK|Light Commercial Electric Vehicles\",\"isPartOf\":{\"@id\":\"https:\/\/orvikpower.com\/#website\"},\"primaryImageOfPage\":{\"@id\":\"https:\/\/orvikpower.com\/product\/orvik-x3-electric-street-sweeper-2300mm-industrial-cleaning-vehicle-factory-direct#primaryimage\"},\"image\":{\"@id\":\"https:\/\/orvikpower.com\/product\/orvik-x3-electric-street-sweeper-2300mm-industrial-cleaning-vehicle-factory-direct#primaryimage\"},\"thumbnailUrl\":\"https:\/\/orvikpower.com\/wp-content\/uploads\/2026\/01\/ORVIK-X3-Electric-Street-Sweeper-2300mm-Industrial-Cleaning-Vehicle-Factory-Direct.jpg\",\"datePublished\":\"2026-01-21T15:16:00+00:00\",\"breadcrumb\":{\"@id\":\"https:\/\/orvikpower.com\/product\/orvik-x3-electric-street-sweeper-2300mm-industrial-cleaning-vehicle-factory-direct#breadcrumb\"},\"inLanguage\":\"es\",\"potentialAction\":[{\"@type\":\"ReadAction\",\"target\":[\"https:\/\/orvikpower.com\/product\/orvik-x3-electric-street-sweeper-2300mm-industrial-cleaning-vehicle-factory-direct\"]}]},{\"@type\":\"ImageObject\",\"inLanguage\":\"es\",\"@id\":\"https:\/\/orvikpower.com\/product\/orvik-x3-electric-street-sweeper-2300mm-industrial-cleaning-vehicle-factory-direct#primaryimage\",\"url\":\"https:\/\/orvikpower.com\/wp-content\/uploads\/2026\/01\/ORVIK-X3-Electric-Street-Sweeper-2300mm-Industrial-Cleaning-Vehicle-Factory-Direct.jpg\",\"contentUrl\":\"https:\/\/orvikpower.com\/wp-content\/uploads\/2026\/01\/ORVIK-X3-Electric-Street-Sweeper-2300mm-Industrial-Cleaning-Vehicle-Factory-Direct.jpg\",\"width\":1787,\"height\":1589,\"caption\":\"Boost facility hygiene with ORVIK X3. Features 2300mm sweeping width, 300L water tank, and anti-corrosion E-coating chassis. Ideal for resorts and industrial parks. Inquire for FCL Price.\"},{\"@type\":\"BreadcrumbList\",\"@id\":\"https:\/\/orvikpower.com\/product\/orvik-x3-electric-street-sweeper-2300mm-industrial-cleaning-vehicle-factory-direct#breadcrumb\",\"itemListElement\":[{\"@type\":\"ListItem\",\"position\":1,\"name\":\"Home\",\"item\":\"https:\/\/orvikpower.com\/\"},{\"@type\":\"ListItem\",\"position\":2,\"name\":\"SHOP\",\"item\":\"https:\/\/orvikpower.com\/shop\"},{\"@type\":\"ListItem\",\"position\":3,\"name\":\"ORVIK X3 Electric Street Sweeper 2300mm | Industrial Cleaning Vehicle Factory Direct\"}]},{\"@type\":\"WebSite\",\"@id\":\"https:\/\/orvikpower.com\/#website\",\"url\":\"https:\/\/orvikpower.com\/\",\"name\":\"ORVIK | Light Commercial Electric Vehicles\",\"description\":\"Premier Manufacturer of Off-road Electric Utility Vehicles, Pickups &amp; Mini Trucks. High-Temp &amp; Arctic Ready designs for farms &amp; mines. Save costs with Factory-Direct FCL. Make work flow. Get a Quote.\",\"publisher\":{\"@id\":\"https:\/\/orvikpower.com\/#organization\"},\"potentialAction\":[{\"@type\":\"SearchAction\",\"target\":{\"@type\":\"EntryPoint\",\"urlTemplate\":\"https:\/\/orvikpower.com\/?s={search_term_string}\"},\"query-input\":{\"@type\":\"PropertyValueSpecification\",\"valueRequired\":true,\"valueName\":\"search_term_string\"}}],\"inLanguage\":\"es\"},{\"@type\":\"Organization\",\"@id\":\"https:\/\/orvikpower.com\/#organization\",\"name\":\"ORVIK | Light Commercial Electric Vehicles\",\"url\":\"https:\/\/orvikpower.com\/\",\"logo\":{\"@type\":\"ImageObject\",\"inLanguage\":\"es\",\"@id\":\"https:\/\/orvikpower.com\/#\/schema\/logo\/image\/\",\"url\":\"https:\/\/orvikpower.com\/wp-content\/uploads\/2026\/01\/cropped-logo-h-main-small.png\",\"contentUrl\":\"https:\/\/orvikpower.com\/wp-content\/uploads\/2026\/01\/cropped-logo-h-main-small.png\",\"width\":512,\"height\":512,\"caption\":\"ORVIK | Light Commercial Electric Vehicles\"},\"image\":{\"@id\":\"https:\/\/orvikpower.com\/#\/schema\/logo\/image\/\"},\"sameAs\":[\"https:\/\/www.youtube.com\/@ORVIKOrvikPower\",\"https:\/\/www.pinterest.com\/OrvikPower\/\"]}]}<\/script>\n<!-- \/ Yoast SEO plugin. -->","yoast_head_json":{"title":"ORVIK X3 Barredora El\u00e9ctrica 2300mm | Veh\u00edculo de Limpieza Industrial Directo de F\u00e1brica | ORVIK| Veh\u00edculos El\u00e9ctricos Comerciales Ligeros","robots":{"index":"index","follow":"follow","max-snippet":"max-snippet:-1","max-image-preview":"max-image-preview:large","max-video-preview":"max-video-preview:-1"},"canonical":"https:\/\/orvikpower.com\/es\/product\/orvik-x3-electric-street-sweeper-2300mm-industrial-cleaning-vehicle-factory-direct","og_locale":"es_ES","og_type":"article","og_title":"ORVIK X3 Electric Street Sweeper 2300mm | Industrial Cleaning Vehicle Factory Direct | ORVIK|Light Commercial Electric Vehicles","og_description":"Boost facility hygiene with ORVIK X3. Features 2300mm sweeping width, 300L water tank, and anti-corrosion E-coating chassis. Ideal for resorts and industrial parks. Inquire for FCL Price.","og_url":"https:\/\/orvikpower.com\/es\/product\/orvik-x3-electric-street-sweeper-2300mm-industrial-cleaning-vehicle-factory-direct","og_site_name":"ORVIK|Light Commercial Electric Vehicles","og_image":[{"width":1787,"height":1589,"url":"https:\/\/orvikpower.com\/wp-content\/uploads\/2026\/01\/ORVIK-X3-Electric-Street-Sweeper-2300mm-Industrial-Cleaning-Vehicle-Factory-Direct.jpg","type":"image\/jpeg"}],"twitter_card":"summary_large_image","twitter_misc":{"Tiempo de lectura":"1 minuto"},"schema":{"@context":"https:\/\/schema.org","@graph":[{"@type":"WebPage","@id":"https:\/\/orvikpower.com\/product\/orvik-x3-electric-street-sweeper-2300mm-industrial-cleaning-vehicle-factory-direct","url":"https:\/\/orvikpower.com\/product\/orvik-x3-electric-street-sweeper-2300mm-industrial-cleaning-vehicle-factory-direct","name":"ORVIK X3 Barredora El\u00e9ctrica 2300mm | Veh\u00edculo de Limpieza Industrial Directo de F\u00e1brica | ORVIK| Veh\u00edculos El\u00e9ctricos Comerciales Ligeros","isPartOf":{"@id":"https:\/\/orvikpower.com\/#website"},"primaryImageOfPage":{"@id":"https:\/\/orvikpower.com\/product\/orvik-x3-electric-street-sweeper-2300mm-industrial-cleaning-vehicle-factory-direct#primaryimage"},"image":{"@id":"https:\/\/orvikpower.com\/product\/orvik-x3-electric-street-sweeper-2300mm-industrial-cleaning-vehicle-factory-direct#primaryimage"},"thumbnailUrl":"https:\/\/orvikpower.com\/wp-content\/uploads\/2026\/01\/ORVIK-X3-Electric-Street-Sweeper-2300mm-Industrial-Cleaning-Vehicle-Factory-Direct.jpg","datePublished":"2026-01-21T15:16:00+00:00","breadcrumb":{"@id":"https:\/\/orvikpower.com\/product\/orvik-x3-electric-street-sweeper-2300mm-industrial-cleaning-vehicle-factory-direct#breadcrumb"},"inLanguage":"es","potentialAction":[{"@type":"ReadAction","target":["https:\/\/orvikpower.com\/product\/orvik-x3-electric-street-sweeper-2300mm-industrial-cleaning-vehicle-factory-direct"]}]},{"@type":"ImageObject","inLanguage":"es","@id":"https:\/\/orvikpower.com\/product\/orvik-x3-electric-street-sweeper-2300mm-industrial-cleaning-vehicle-factory-direct#primaryimage","url":"https:\/\/orvikpower.com\/wp-content\/uploads\/2026\/01\/ORVIK-X3-Electric-Street-Sweeper-2300mm-Industrial-Cleaning-Vehicle-Factory-Direct.jpg","contentUrl":"https:\/\/orvikpower.com\/wp-content\/uploads\/2026\/01\/ORVIK-X3-Electric-Street-Sweeper-2300mm-Industrial-Cleaning-Vehicle-Factory-Direct.jpg","width":1787,"height":1589,"caption":"Boost facility hygiene with ORVIK X3. Features 2300mm sweeping width, 300L water tank, and anti-corrosion E-coating chassis. Ideal for resorts and industrial parks. Inquire for FCL Price."},{"@type":"BreadcrumbList","@id":"https:\/\/orvikpower.com\/product\/orvik-x3-electric-street-sweeper-2300mm-industrial-cleaning-vehicle-factory-direct#breadcrumb","itemListElement":[{"@type":"ListItem","position":1,"name":"Home","item":"https:\/\/orvikpower.com\/"},{"@type":"ListItem","position":2,"name":"SHOP","item":"https:\/\/orvikpower.com\/shop"},{"@type":"ListItem","position":3,"name":"ORVIK X3 Electric Street Sweeper 2300mm | Industrial Cleaning Vehicle Factory Direct"}]},{"@type":"WebSite","@id":"https:\/\/orvikpower.com\/#website","url":"https:\/\/orvikpower.com\/","name":"ORVIK | Veh\u00edculos el\u00e9ctricos comerciales ligeros","description":"Primer fabricante de veh\u00edculos utilitarios el\u00e9ctricos todoterreno, camionetas y minicamiones. Dise\u00f1os de alta temperatura y preparados para el \u00c1rtico para granjas y minas. Ahorre costes con FCL directo de f\u00e1brica. Haga que el trabajo fluya. Obtenga una cotizaci\u00f3n.","publisher":{"@id":"https:\/\/orvikpower.com\/#organization"},"potentialAction":[{"@type":"SearchAction","target":{"@type":"EntryPoint","urlTemplate":"https:\/\/orvikpower.com\/?s={search_term_string}"},"query-input":{"@type":"PropertyValueSpecification","valueRequired":true,"valueName":"search_term_string"}}],"inLanguage":"es"},{"@type":"Organization","@id":"https:\/\/orvikpower.com\/#organization","name":"ORVIK | Veh\u00edculos el\u00e9ctricos comerciales ligeros","url":"https:\/\/orvikpower.com\/","logo":{"@type":"ImageObject","inLanguage":"es","@id":"https:\/\/orvikpower.com\/#\/schema\/logo\/image\/","url":"https:\/\/orvikpower.com\/wp-content\/uploads\/2026\/01\/cropped-logo-h-main-small.png","contentUrl":"https:\/\/orvikpower.com\/wp-content\/uploads\/2026\/01\/cropped-logo-h-main-small.png","width":512,"height":512,"caption":"ORVIK | Light Commercial Electric Vehicles"},"image":{"@id":"https:\/\/orvikpower.com\/#\/schema\/logo\/image\/"},"sameAs":["https:\/\/www.youtube.com\/@ORVIKOrvikPower","https:\/\/www.pinterest.com\/OrvikPower\/"]}]}},"_links":{"self":[{"href":"https:\/\/orvikpower.com\/es\/wp-json\/wp\/v2\/product\/19095","targetHints":{"allow":["GET"]}}],"collection":[{"href":"https:\/\/orvikpower.com\/es\/wp-json\/wp\/v2\/product"}],"about":[{"href":"https:\/\/orvikpower.com\/es\/wp-json\/wp\/v2\/types\/product"}],"replies":[{"embeddable":true,"href":"https:\/\/orvikpower.com\/es\/wp-json\/wp\/v2\/comments?post=19095"}],"wp:featuredmedia":[{"embeddable":true,"href":"https:\/\/orvikpower.com\/es\/wp-json\/wp\/v2\/media\/19096"}],"wp:attachment":[{"href":"https:\/\/orvikpower.com\/es\/wp-json\/wp\/v2\/media?parent=19095"}],"wp:term":[{"taxonomy":"product_brand","embeddable":true,"href":"https:\/\/orvikpower.com\/es\/wp-json\/wp\/v2\/product_brand?post=19095"},{"taxonomy":"product_cat","embeddable":true,"href":"https:\/\/orvikpower.com\/es\/wp-json\/wp\/v2\/product_cat?post=19095"},{"taxonomy":"product_tag","embeddable":true,"href":"https:\/\/orvikpower.com\/es\/wp-json\/wp\/v2\/product_tag?post=19095"}],"curies":[{"name":"wp","href":"https:\/\/api.w.org\/{rel}","templated":true}]}}