{"id":19122,"date":"2026-01-21T15:55:00","date_gmt":"2026-01-21T15:55:00","guid":{"rendered":"https:\/\/orvikpower.com\/?post_type=product&#038;p=19122"},"modified":"2026-01-21T15:55:00","modified_gmt":"2026-01-21T15:55:00","slug":"orvik-22-seater-electric-golf-cart-resort-villa-factory-direct-fcl","status":"publish","type":"product","link":"https:\/\/orvikpower.com\/es\/product\/orvik-22-seater-electric-golf-cart-resort-villa-factory-direct-fcl","title":{"rendered":"ORVIK 2+2 Seater Electric Golf Cart | Resort &amp; Villa | Factory Direct FCL"},"content":{"rendered":"<p dir=\"auto\"><strong>Modelo: ORVIK Tipo-A (2+2 Plazas)<\/strong><br \/>\n<strong>Dise\u00f1ados para durar, construidos para ser c\u00f3modos.<\/strong><\/p>\n<div class=\"my-2\"><\/div>\n<p dir=\"auto\">El ORVIK Type-A no es s\u00f3lo un carrito de golf; es una robusta soluci\u00f3n de transporte de personal dise\u00f1ada para propiedades privadas, resorts de lujo y comunidades cerradas.<\/p>\n<ul dir=\"auto\">\n<li class=\"text-start\"><strong>Caracter\u00edstica<\/strong>: El veh\u00edculo est\u00e1 construido sobre un <strong>Chasis de acero galvanizado de 3 mm de espesor<\/strong> combinado con un cuerpo de pl\u00e1stico duro PP de grado de ingenier\u00eda.<\/li>\n<li class=\"text-start\"><strong>Ventaja<\/strong>: Esta arquitectura \u201ca prueba de \u00f3xido\u201d garantiza una resistencia superior a la humedad y la corrosi\u00f3n, especialmente en entornos tur\u00edsticos costeros, a diferencia de los carros con armaz\u00f3n de hierro est\u00e1ndar.<\/li>\n<li class=\"text-start\"><strong>Beneficio<\/strong>: Obtendr\u00e1 una vida \u00fatil significativamente m\u00e1s larga y menores costes de mantenimiento estructural, protegiendo la inversi\u00f3n de su flota a lo largo del tiempo.<\/li>\n<\/ul>\n<div class=\"my-2\"><\/div>\n<p dir=\"auto\"><strong>Opciones de personalizaci\u00f3n:<\/strong><\/p>\n<ul dir=\"auto\">\n<li class=\"text-start\"><strong>Sistema el\u00e9ctrico<\/strong>: Motor de CA est\u00e1ndar de 3,5 kW. Hay disponibles configuraciones de potencia personalizadas para adaptarse a pendientes de terreno espec\u00edficas.<\/li>\n<li class=\"text-start\"><strong>Sistema de bater\u00edas<\/strong>: Viene con 60V de plomo-\u00e1cido est\u00e1ndar. <strong>Actualizaci\u00f3n opcional a bater\u00eda de litio LiFePO4<\/strong> para una carga r\u00e1pida y ciclos de vida m\u00e1s largos.<\/li>\n<\/ul>\n<div class=\"my-2\"><\/div>\n<p dir=\"auto\"><strong>Dise\u00f1ado para que su trabajo fluya.<\/strong><\/p>","protected":false},"excerpt":{"rendered":"<p>Construido sobre un chasis de acero galvanizado de 3 mm para una durabilidad a prueba de \u00f3xido. Este carro el\u00e9ctrico de 2+2 plazas cuenta con un motor de 3,5 kW y una autonom\u00eda de m\u00e1s de 80 km. Ideal para complejos tur\u00edsticos y gesti\u00f3n de propiedades. Opciones disponibles para altas temperaturas. <strong>Pregunte por el precio de f\u00e1brica de FCL.<\/strong><\/p>","protected":false},"featured_media":19134,"comment_status":"open","ping_status":"closed","template":"","meta":{"_eb_attr":""},"product_brand":[],"product_cat":[71,70],"product_tag":[141,142,140,88,138],"class_list":{"0":"post-19122","1":"product","2":"type-product","3":"status-publish","4":"has-post-thumbnail","6":"product_cat-electric-golf-carts","7":"product_cat-lsev-passenger-mobility","8":"product_tag-golf-course","9":"product_tag-hotel-reception","10":"product_tag-real-estate","11":"product_tag-resort","12":"product_tag-villa","14":"first","15":"instock","16":"shipping-taxable","17":"product-type-simple"},"yoast_head":"<!-- This site is optimized with the Yoast SEO plugin v26.9 - https:\/\/yoast.com\/product\/yoast-seo-wordpress\/ -->\n<title>ORVIK 2+2 Seater Electric Golf Cart | Resort &amp; Villa | Factory Direct FCL | ORVIK|Light Commercial Electric Vehicles<\/title>\n<meta name=\"robots\" content=\"index, follow, max-snippet:-1, max-image-preview:large, max-video-preview:-1\" \/>\n<link rel=\"canonical\" href=\"https:\/\/orvikpower.com\/es\/product\/orvik-22-seater-electric-golf-cart-resort-villa-factory-direct-fcl\" \/>\n<meta property=\"og:locale\" content=\"es_ES\" \/>\n<meta property=\"og:type\" content=\"article\" \/>\n<meta property=\"og:title\" content=\"ORVIK 2+2 Seater Electric Golf Cart | Resort &amp; Villa | Factory Direct FCL | ORVIK|Light Commercial Electric Vehicles\" \/>\n<meta property=\"og:description\" content=\"Built on a 3mm galvanized steel chassis for rust-proof durability. This 2+2 seater electric cart features a 3.5KW motor and &gt;80km range. Ideal for resorts and property management. High-temp ready options available. Inquire for FCL Factory Price.\" \/>\n<meta property=\"og:url\" content=\"https:\/\/orvikpower.com\/es\/product\/orvik-22-seater-electric-golf-cart-resort-villa-factory-direct-fcl\" \/>\n<meta property=\"og:site_name\" content=\"ORVIK|Light Commercial Electric Vehicles\" \/>\n<meta property=\"og:image\" content=\"https:\/\/orvikpower.com\/wp-content\/uploads\/2026\/01\/ORVIK-22-Seater-Electric-Golf-Cart-Resort-Villa-Factory-Direct-FCL.jpeg\" \/>\n\t<meta property=\"og:image:width\" content=\"1200\" \/>\n\t<meta property=\"og:image:height\" content=\"1200\" \/>\n\t<meta property=\"og:image:type\" content=\"image\/jpeg\" \/>\n<meta name=\"twitter:card\" content=\"summary_large_image\" \/>\n<meta name=\"twitter:label1\" content=\"Tiempo de lectura\" \/>\n\t<meta name=\"twitter:data1\" content=\"1 minuto\" \/>\n<script type=\"application\/ld+json\" class=\"yoast-schema-graph\">{\"@context\":\"https:\/\/schema.org\",\"@graph\":[{\"@type\":\"WebPage\",\"@id\":\"https:\/\/orvikpower.com\/product\/orvik-22-seater-electric-golf-cart-resort-villa-factory-direct-fcl\",\"url\":\"https:\/\/orvikpower.com\/product\/orvik-22-seater-electric-golf-cart-resort-villa-factory-direct-fcl\",\"name\":\"ORVIK 2+2 Seater Electric Golf Cart | Resort & Villa | Factory Direct FCL | ORVIK|Light Commercial Electric Vehicles\",\"isPartOf\":{\"@id\":\"https:\/\/orvikpower.com\/#website\"},\"primaryImageOfPage\":{\"@id\":\"https:\/\/orvikpower.com\/product\/orvik-22-seater-electric-golf-cart-resort-villa-factory-direct-fcl#primaryimage\"},\"image\":{\"@id\":\"https:\/\/orvikpower.com\/product\/orvik-22-seater-electric-golf-cart-resort-villa-factory-direct-fcl#primaryimage\"},\"thumbnailUrl\":\"https:\/\/orvikpower.com\/wp-content\/uploads\/2026\/01\/ORVIK-22-Seater-Electric-Golf-Cart-Resort-Villa-Factory-Direct-FCL.jpeg\",\"datePublished\":\"2026-01-21T15:55:00+00:00\",\"breadcrumb\":{\"@id\":\"https:\/\/orvikpower.com\/product\/orvik-22-seater-electric-golf-cart-resort-villa-factory-direct-fcl#breadcrumb\"},\"inLanguage\":\"es\",\"potentialAction\":[{\"@type\":\"ReadAction\",\"target\":[\"https:\/\/orvikpower.com\/product\/orvik-22-seater-electric-golf-cart-resort-villa-factory-direct-fcl\"]}]},{\"@type\":\"ImageObject\",\"inLanguage\":\"es\",\"@id\":\"https:\/\/orvikpower.com\/product\/orvik-22-seater-electric-golf-cart-resort-villa-factory-direct-fcl#primaryimage\",\"url\":\"https:\/\/orvikpower.com\/wp-content\/uploads\/2026\/01\/ORVIK-22-Seater-Electric-Golf-Cart-Resort-Villa-Factory-Direct-FCL.jpeg\",\"contentUrl\":\"https:\/\/orvikpower.com\/wp-content\/uploads\/2026\/01\/ORVIK-22-Seater-Electric-Golf-Cart-Resort-Villa-Factory-Direct-FCL.jpeg\",\"width\":1200,\"height\":1200},{\"@type\":\"BreadcrumbList\",\"@id\":\"https:\/\/orvikpower.com\/product\/orvik-22-seater-electric-golf-cart-resort-villa-factory-direct-fcl#breadcrumb\",\"itemListElement\":[{\"@type\":\"ListItem\",\"position\":1,\"name\":\"Home\",\"item\":\"https:\/\/orvikpower.com\/\"},{\"@type\":\"ListItem\",\"position\":2,\"name\":\"SHOP\",\"item\":\"https:\/\/orvikpower.com\/shop\"},{\"@type\":\"ListItem\",\"position\":3,\"name\":\"ORVIK 2+2 Seater Electric Golf Cart | Resort &#038; Villa | Factory Direct FCL\"}]},{\"@type\":\"WebSite\",\"@id\":\"https:\/\/orvikpower.com\/#website\",\"url\":\"https:\/\/orvikpower.com\/\",\"name\":\"ORVIK | Light Commercial Electric Vehicles\",\"description\":\"Premier Manufacturer of Off-road Electric Utility Vehicles, Pickups &amp; Mini Trucks. High-Temp &amp; Arctic Ready designs for farms &amp; mines. Save costs with Factory-Direct FCL. Make work flow. Get a Quote.\",\"publisher\":{\"@id\":\"https:\/\/orvikpower.com\/#organization\"},\"potentialAction\":[{\"@type\":\"SearchAction\",\"target\":{\"@type\":\"EntryPoint\",\"urlTemplate\":\"https:\/\/orvikpower.com\/?s={search_term_string}\"},\"query-input\":{\"@type\":\"PropertyValueSpecification\",\"valueRequired\":true,\"valueName\":\"search_term_string\"}}],\"inLanguage\":\"es\"},{\"@type\":\"Organization\",\"@id\":\"https:\/\/orvikpower.com\/#organization\",\"name\":\"ORVIK | Light Commercial Electric Vehicles\",\"url\":\"https:\/\/orvikpower.com\/\",\"logo\":{\"@type\":\"ImageObject\",\"inLanguage\":\"es\",\"@id\":\"https:\/\/orvikpower.com\/#\/schema\/logo\/image\/\",\"url\":\"https:\/\/orvikpower.com\/wp-content\/uploads\/2026\/01\/cropped-logo-h-main-small.png\",\"contentUrl\":\"https:\/\/orvikpower.com\/wp-content\/uploads\/2026\/01\/cropped-logo-h-main-small.png\",\"width\":512,\"height\":512,\"caption\":\"ORVIK | Light Commercial Electric Vehicles\"},\"image\":{\"@id\":\"https:\/\/orvikpower.com\/#\/schema\/logo\/image\/\"},\"sameAs\":[\"https:\/\/www.youtube.com\/@ORVIKOrvikPower\",\"https:\/\/www.pinterest.com\/OrvikPower\/\"]}]}<\/script>\n<!-- \/ Yoast SEO plugin. -->","yoast_head_json":{"title":"ORVIK Carrito de Golf El\u00e9ctrico de 2+2 Plazas | Resort &amp; Villa | FCL Directo de F\u00e1brica | ORVIK|Veh\u00edculos El\u00e9ctricos Comerciales Ligeros","robots":{"index":"index","follow":"follow","max-snippet":"max-snippet:-1","max-image-preview":"max-image-preview:large","max-video-preview":"max-video-preview:-1"},"canonical":"https:\/\/orvikpower.com\/es\/product\/orvik-22-seater-electric-golf-cart-resort-villa-factory-direct-fcl","og_locale":"es_ES","og_type":"article","og_title":"ORVIK 2+2 Seater Electric Golf Cart | Resort & Villa | Factory Direct FCL | ORVIK|Light Commercial Electric Vehicles","og_description":"Built on a 3mm galvanized steel chassis for rust-proof durability. This 2+2 seater electric cart features a 3.5KW motor and &gt;80km range. Ideal for resorts and property management. High-temp ready options available. Inquire for FCL Factory Price.","og_url":"https:\/\/orvikpower.com\/es\/product\/orvik-22-seater-electric-golf-cart-resort-villa-factory-direct-fcl","og_site_name":"ORVIK|Light Commercial Electric Vehicles","og_image":[{"width":1200,"height":1200,"url":"https:\/\/orvikpower.com\/wp-content\/uploads\/2026\/01\/ORVIK-22-Seater-Electric-Golf-Cart-Resort-Villa-Factory-Direct-FCL.jpeg","type":"image\/jpeg"}],"twitter_card":"summary_large_image","twitter_misc":{"Tiempo de lectura":"1 minuto"},"schema":{"@context":"https:\/\/schema.org","@graph":[{"@type":"WebPage","@id":"https:\/\/orvikpower.com\/product\/orvik-22-seater-electric-golf-cart-resort-villa-factory-direct-fcl","url":"https:\/\/orvikpower.com\/product\/orvik-22-seater-electric-golf-cart-resort-villa-factory-direct-fcl","name":"ORVIK Carrito de Golf El\u00e9ctrico de 2+2 Plazas | Resort &amp; Villa | FCL Directo de F\u00e1brica | ORVIK|Veh\u00edculos El\u00e9ctricos Comerciales Ligeros","isPartOf":{"@id":"https:\/\/orvikpower.com\/#website"},"primaryImageOfPage":{"@id":"https:\/\/orvikpower.com\/product\/orvik-22-seater-electric-golf-cart-resort-villa-factory-direct-fcl#primaryimage"},"image":{"@id":"https:\/\/orvikpower.com\/product\/orvik-22-seater-electric-golf-cart-resort-villa-factory-direct-fcl#primaryimage"},"thumbnailUrl":"https:\/\/orvikpower.com\/wp-content\/uploads\/2026\/01\/ORVIK-22-Seater-Electric-Golf-Cart-Resort-Villa-Factory-Direct-FCL.jpeg","datePublished":"2026-01-21T15:55:00+00:00","breadcrumb":{"@id":"https:\/\/orvikpower.com\/product\/orvik-22-seater-electric-golf-cart-resort-villa-factory-direct-fcl#breadcrumb"},"inLanguage":"es","potentialAction":[{"@type":"ReadAction","target":["https:\/\/orvikpower.com\/product\/orvik-22-seater-electric-golf-cart-resort-villa-factory-direct-fcl"]}]},{"@type":"ImageObject","inLanguage":"es","@id":"https:\/\/orvikpower.com\/product\/orvik-22-seater-electric-golf-cart-resort-villa-factory-direct-fcl#primaryimage","url":"https:\/\/orvikpower.com\/wp-content\/uploads\/2026\/01\/ORVIK-22-Seater-Electric-Golf-Cart-Resort-Villa-Factory-Direct-FCL.jpeg","contentUrl":"https:\/\/orvikpower.com\/wp-content\/uploads\/2026\/01\/ORVIK-22-Seater-Electric-Golf-Cart-Resort-Villa-Factory-Direct-FCL.jpeg","width":1200,"height":1200},{"@type":"BreadcrumbList","@id":"https:\/\/orvikpower.com\/product\/orvik-22-seater-electric-golf-cart-resort-villa-factory-direct-fcl#breadcrumb","itemListElement":[{"@type":"ListItem","position":1,"name":"Home","item":"https:\/\/orvikpower.com\/"},{"@type":"ListItem","position":2,"name":"SHOP","item":"https:\/\/orvikpower.com\/shop"},{"@type":"ListItem","position":3,"name":"ORVIK 2+2 Seater Electric Golf Cart | Resort &#038; Villa | Factory Direct FCL"}]},{"@type":"WebSite","@id":"https:\/\/orvikpower.com\/#website","url":"https:\/\/orvikpower.com\/","name":"ORVIK | Veh\u00edculos el\u00e9ctricos comerciales ligeros","description":"Primer fabricante de veh\u00edculos utilitarios el\u00e9ctricos todoterreno, camionetas y minicamiones. Dise\u00f1os de alta temperatura y preparados para el \u00c1rtico para granjas y minas. Ahorre costes con FCL directo de f\u00e1brica. Haga que el trabajo fluya. Obtenga una cotizaci\u00f3n.","publisher":{"@id":"https:\/\/orvikpower.com\/#organization"},"potentialAction":[{"@type":"SearchAction","target":{"@type":"EntryPoint","urlTemplate":"https:\/\/orvikpower.com\/?s={search_term_string}"},"query-input":{"@type":"PropertyValueSpecification","valueRequired":true,"valueName":"search_term_string"}}],"inLanguage":"es"},{"@type":"Organization","@id":"https:\/\/orvikpower.com\/#organization","name":"ORVIK | Veh\u00edculos el\u00e9ctricos comerciales ligeros","url":"https:\/\/orvikpower.com\/","logo":{"@type":"ImageObject","inLanguage":"es","@id":"https:\/\/orvikpower.com\/#\/schema\/logo\/image\/","url":"https:\/\/orvikpower.com\/wp-content\/uploads\/2026\/01\/cropped-logo-h-main-small.png","contentUrl":"https:\/\/orvikpower.com\/wp-content\/uploads\/2026\/01\/cropped-logo-h-main-small.png","width":512,"height":512,"caption":"ORVIK | Light Commercial Electric Vehicles"},"image":{"@id":"https:\/\/orvikpower.com\/#\/schema\/logo\/image\/"},"sameAs":["https:\/\/www.youtube.com\/@ORVIKOrvikPower","https:\/\/www.pinterest.com\/OrvikPower\/"]}]}},"_links":{"self":[{"href":"https:\/\/orvikpower.com\/es\/wp-json\/wp\/v2\/product\/19122","targetHints":{"allow":["GET"]}}],"collection":[{"href":"https:\/\/orvikpower.com\/es\/wp-json\/wp\/v2\/product"}],"about":[{"href":"https:\/\/orvikpower.com\/es\/wp-json\/wp\/v2\/types\/product"}],"replies":[{"embeddable":true,"href":"https:\/\/orvikpower.com\/es\/wp-json\/wp\/v2\/comments?post=19122"}],"wp:featuredmedia":[{"embeddable":true,"href":"https:\/\/orvikpower.com\/es\/wp-json\/wp\/v2\/media\/19134"}],"wp:attachment":[{"href":"https:\/\/orvikpower.com\/es\/wp-json\/wp\/v2\/media?parent=19122"}],"wp:term":[{"taxonomy":"product_brand","embeddable":true,"href":"https:\/\/orvikpower.com\/es\/wp-json\/wp\/v2\/product_brand?post=19122"},{"taxonomy":"product_cat","embeddable":true,"href":"https:\/\/orvikpower.com\/es\/wp-json\/wp\/v2\/product_cat?post=19122"},{"taxonomy":"product_tag","embeddable":true,"href":"https:\/\/orvikpower.com\/es\/wp-json\/wp\/v2\/product_tag?post=19122"}],"curies":[{"name":"wp","href":"https:\/\/api.w.org\/{rel}","templated":true}]}}