{"id":19135,"date":"2026-01-21T16:02:44","date_gmt":"2026-01-21T16:02:44","guid":{"rendered":"https:\/\/orvikpower.com\/?post_type=product&#038;p=19135"},"modified":"2026-01-21T16:02:44","modified_gmt":"2026-01-21T16:02:44","slug":"type-ga-4-seater-electric-golf-cart-for-resorts-factory-direct-wholesale-orvik","status":"publish","type":"product","link":"https:\/\/orvikpower.com\/es\/product\/type-ga-4-seater-electric-golf-cart-for-resorts-factory-direct-wholesale-orvik","title":{"rendered":"Carrito de Golf El\u00e9ctrico de 4 Plazas Tipo GA para Resorts | Venta Directa de F\u00e1brica al por Mayor - ORVIK"},"content":{"rendered":"<p dir=\"auto\">El ORVIK GA4 es m\u00e1s que un simple transportador; es un activo duradero dise\u00f1ado para optimizar la movilidad del personal en complejos tur\u00edsticos a gran escala y fincas privadas. Construido sobre una <strong>Chasis de acero galvanizado reforzado de 3 mm<\/strong> (Caracter\u00edstica), este veh\u00edculo ofrece una resistencia superior al \u00f3xido y la corrosi\u00f3n incluso en entornos costeros h\u00famedos (Ventaja), lo que prolonga significativamente la vida \u00fatil de la flota y reduce sus costes de sustituci\u00f3n a largo plazo (Ventaja). La carrocer\u00eda de PP de calidad industrial es resistente a los impactos y requiere un mantenimiento cosm\u00e9tico m\u00ednimo en comparaci\u00f3n con las carrocer\u00edas met\u00e1licas pintadas.<\/p>\n<div class=\"my-2\"><\/div>\n<p dir=\"auto\">Para satisfacer diversas necesidades operativas, ofrecemos <strong>sistemas de alimentaci\u00f3n personalizables<\/strong>, El motor est\u00e1 equipado con una bater\u00eda de plomo-\u00e1cido de 60 V est\u00e1ndar, lo que le permite aumentar la potencia del motor para terrenos m\u00e1s escarpados. Mientras est\u00e1 equipado con una bater\u00eda est\u00e1ndar de plomo de 60V, <strong>Actualizaciones de bater\u00eda de litio (LiFePO4) disponibles<\/strong> para ciclos de vida m\u00e1s largos y una carga m\u00e1s r\u00e1pida. Fiable, robusto y preparado para el calor. Dise\u00f1ado para que su trabajo fluya<\/p>\n<table class=\"table table-striped-white table-bordered\" data-anchor-id=\"jmsv\">\n<thead>\n<tr>\n<th>Especificaci\u00f3n<\/th>\n<th>Detalles<\/th>\n<\/tr>\n<\/thead>\n<tbody>\n<tr>\n<td><strong>Modelo<\/strong><\/td>\n<td>GA4 (Tipo A 4 plazas)<\/td>\n<\/tr>\n<tr>\n<td><strong>Dimensiones (L*A*Al)<\/strong><\/td>\n<td>3100 * 1200 * 1950 mm<\/td>\n<\/tr>\n<tr>\n<td><strong>Potencia del motor<\/strong><\/td>\n<td>3,5 KW CA (personalizable)<\/td>\n<\/tr>\n<tr>\n<td><strong>Tipo de bater\u00eda<\/strong><\/td>\n<td>60V 100AH Plomo-\u00e1cido (Litio opcional)<\/td>\n<\/tr>\n<tr>\n<td><strong>Alcance m\u00e1ximo<\/strong><\/td>\n<td>\n<blockquote class=\"white-blockquote\"><p>70 km<\/p><\/blockquote>\n<\/td>\n<\/tr>\n<tr>\n<td><strong>Velocidad m\u00e1xima<\/strong><\/td>\n<td>30 km\/h (ajustable)<\/td>\n<\/tr>\n<tr>\n<td><strong>Capacidad de carga<\/strong><\/td>\n<td>4 Pasajeros<\/td>\n<\/tr>\n<tr>\n<td><strong>Material del chasis<\/strong><\/td>\n<td>Acero galvanizado (3 mm de grosor)<\/td>\n<\/tr>\n<tr>\n<td><strong>Sistema de frenos<\/strong><\/td>\n<td>Freno de tambor en las 4 ruedas + hidr\u00e1ulico<\/td>\n<\/tr>\n<tr>\n<td><strong>Suspensi\u00f3n<\/strong><\/td>\n<td>Delantero: Semiflotante \/ Trasera: Ballesta + Amortiguador<\/td>\n<\/tr>\n<tr>\n<td><strong>Gradiente m\u00e1ximo<\/strong><\/td>\n<td>20%<\/td>\n<\/tr>\n<tr>\n<td><strong>Cantidad de carga (40HQ)<\/strong><\/td>\n<td><em>Solicite informaci\u00f3n sobre el dise\u00f1o<\/em><\/td>\n<\/tr>\n<\/tbody>\n<\/table>","protected":false},"excerpt":{"rendered":"<p dir=\"auto\">Compre carritos de golf el\u00e9ctricos de 4 plazas directamente de f\u00e1brica. Chasis galvanizado de 3 mm y carrocer\u00eda preparada para altas temperaturas. Ideal para centros tur\u00edsticos. Pregunte por el precio FCL ahora.<\/p>\n<div class=\"my-2\"><\/div>\n<p dir=\"auto\">","protected":false},"featured_media":19148,"template":"","meta":{"_eb_attr":""},"product_brand":[],"product_cat":[71,70],"product_tag":[89,141,143,88,138],"class_list":{"0":"post-19135","1":"product","2":"type-product","3":"status-publish","4":"has-post-thumbnail","6":"product_cat-electric-golf-carts","7":"product_cat-lsev-passenger-mobility","8":"product_tag-campus","9":"product_tag-golf-course","10":"product_tag-hotel","11":"product_tag-resort","12":"product_tag-villa","14":"first","15":"instock","16":"shipping-taxable","17":"product-type-simple"},"yoast_head":"<!-- This site is optimized with the Yoast SEO plugin v26.9 - https:\/\/yoast.com\/product\/yoast-seo-wordpress\/ -->\n<title>Type GA 4-Seater Electric Golf Cart for Resorts | Factory Direct Wholesale - ORVIK | ORVIK|Light Commercial Electric Vehicles<\/title>\n<meta name=\"robots\" content=\"index, follow, max-snippet:-1, max-image-preview:large, max-video-preview:-1\" \/>\n<link rel=\"canonical\" href=\"https:\/\/orvikpower.com\/es\/product\/type-ga-4-seater-electric-golf-cart-for-resorts-factory-direct-wholesale-orvik\" \/>\n<meta property=\"og:locale\" content=\"es_ES\" \/>\n<meta property=\"og:type\" content=\"article\" \/>\n<meta property=\"og:title\" content=\"Type GA 4-Seater Electric Golf Cart for Resorts | Factory Direct Wholesale - ORVIK | ORVIK|Light Commercial Electric Vehicles\" \/>\n<meta property=\"og:description\" content=\"Buy 4-seater electric golf carts direct from the factory. Features 3mm galvanized chassis and high-temp ready body. Ideal for resorts. Inquire for FCL price now.\" \/>\n<meta property=\"og:url\" content=\"https:\/\/orvikpower.com\/es\/product\/type-ga-4-seater-electric-golf-cart-for-resorts-factory-direct-wholesale-orvik\" \/>\n<meta property=\"og:site_name\" content=\"ORVIK|Light Commercial Electric Vehicles\" \/>\n<meta property=\"og:image\" content=\"https:\/\/orvikpower.com\/wp-content\/uploads\/2026\/01\/4-Seater-Electric-Golf-Cart-for-Resorts-Factory-Direct-Wholesale-ORVIK.jpg\" \/>\n\t<meta property=\"og:image:width\" content=\"1600\" \/>\n\t<meta property=\"og:image:height\" content=\"1600\" \/>\n\t<meta property=\"og:image:type\" content=\"image\/jpeg\" \/>\n<meta name=\"twitter:card\" content=\"summary_large_image\" \/>\n<meta name=\"twitter:label1\" content=\"Tiempo de lectura\" \/>\n\t<meta name=\"twitter:data1\" content=\"1 minuto\" \/>\n<script type=\"application\/ld+json\" class=\"yoast-schema-graph\">{\"@context\":\"https:\/\/schema.org\",\"@graph\":[{\"@type\":\"WebPage\",\"@id\":\"https:\/\/orvikpower.com\/product\/type-ga-4-seater-electric-golf-cart-for-resorts-factory-direct-wholesale-orvik\",\"url\":\"https:\/\/orvikpower.com\/product\/type-ga-4-seater-electric-golf-cart-for-resorts-factory-direct-wholesale-orvik\",\"name\":\"Type GA 4-Seater Electric Golf Cart for Resorts | Factory Direct Wholesale - ORVIK | ORVIK|Light Commercial Electric Vehicles\",\"isPartOf\":{\"@id\":\"https:\/\/orvikpower.com\/#website\"},\"primaryImageOfPage\":{\"@id\":\"https:\/\/orvikpower.com\/product\/type-ga-4-seater-electric-golf-cart-for-resorts-factory-direct-wholesale-orvik#primaryimage\"},\"image\":{\"@id\":\"https:\/\/orvikpower.com\/product\/type-ga-4-seater-electric-golf-cart-for-resorts-factory-direct-wholesale-orvik#primaryimage\"},\"thumbnailUrl\":\"https:\/\/orvikpower.com\/wp-content\/uploads\/2026\/01\/4-Seater-Electric-Golf-Cart-for-Resorts-Factory-Direct-Wholesale-ORVIK.jpg\",\"datePublished\":\"2026-01-21T16:02:44+00:00\",\"breadcrumb\":{\"@id\":\"https:\/\/orvikpower.com\/product\/type-ga-4-seater-electric-golf-cart-for-resorts-factory-direct-wholesale-orvik#breadcrumb\"},\"inLanguage\":\"es\",\"potentialAction\":[{\"@type\":\"ReadAction\",\"target\":[\"https:\/\/orvikpower.com\/product\/type-ga-4-seater-electric-golf-cart-for-resorts-factory-direct-wholesale-orvik\"]}]},{\"@type\":\"ImageObject\",\"inLanguage\":\"es\",\"@id\":\"https:\/\/orvikpower.com\/product\/type-ga-4-seater-electric-golf-cart-for-resorts-factory-direct-wholesale-orvik#primaryimage\",\"url\":\"https:\/\/orvikpower.com\/wp-content\/uploads\/2026\/01\/4-Seater-Electric-Golf-Cart-for-Resorts-Factory-Direct-Wholesale-ORVIK.jpg\",\"contentUrl\":\"https:\/\/orvikpower.com\/wp-content\/uploads\/2026\/01\/4-Seater-Electric-Golf-Cart-for-Resorts-Factory-Direct-Wholesale-ORVIK.jpg\",\"width\":1600,\"height\":1600,\"caption\":\"Buy 4-seater electric golf carts direct from the factory. Features 3mm galvanized chassis and high-temp ready body. Ideal for resorts. Inquire for FCL price now.\"},{\"@type\":\"BreadcrumbList\",\"@id\":\"https:\/\/orvikpower.com\/product\/type-ga-4-seater-electric-golf-cart-for-resorts-factory-direct-wholesale-orvik#breadcrumb\",\"itemListElement\":[{\"@type\":\"ListItem\",\"position\":1,\"name\":\"Home\",\"item\":\"https:\/\/orvikpower.com\/\"},{\"@type\":\"ListItem\",\"position\":2,\"name\":\"SHOP\",\"item\":\"https:\/\/orvikpower.com\/shop\"},{\"@type\":\"ListItem\",\"position\":3,\"name\":\"Type GA 4-Seater Electric Golf Cart for Resorts | Factory Direct Wholesale &#8211; ORVIK\"}]},{\"@type\":\"WebSite\",\"@id\":\"https:\/\/orvikpower.com\/#website\",\"url\":\"https:\/\/orvikpower.com\/\",\"name\":\"ORVIK | Light Commercial Electric Vehicles\",\"description\":\"Premier Manufacturer of Off-road Electric Utility Vehicles, Pickups &amp; Mini Trucks. High-Temp &amp; Arctic Ready designs for farms &amp; mines. Save costs with Factory-Direct FCL. Make work flow. Get a Quote.\",\"publisher\":{\"@id\":\"https:\/\/orvikpower.com\/#organization\"},\"potentialAction\":[{\"@type\":\"SearchAction\",\"target\":{\"@type\":\"EntryPoint\",\"urlTemplate\":\"https:\/\/orvikpower.com\/?s={search_term_string}\"},\"query-input\":{\"@type\":\"PropertyValueSpecification\",\"valueRequired\":true,\"valueName\":\"search_term_string\"}}],\"inLanguage\":\"es\"},{\"@type\":\"Organization\",\"@id\":\"https:\/\/orvikpower.com\/#organization\",\"name\":\"ORVIK | Light Commercial Electric Vehicles\",\"url\":\"https:\/\/orvikpower.com\/\",\"logo\":{\"@type\":\"ImageObject\",\"inLanguage\":\"es\",\"@id\":\"https:\/\/orvikpower.com\/#\/schema\/logo\/image\/\",\"url\":\"https:\/\/orvikpower.com\/wp-content\/uploads\/2026\/01\/cropped-logo-h-main-small.png\",\"contentUrl\":\"https:\/\/orvikpower.com\/wp-content\/uploads\/2026\/01\/cropped-logo-h-main-small.png\",\"width\":512,\"height\":512,\"caption\":\"ORVIK | Light Commercial Electric Vehicles\"},\"image\":{\"@id\":\"https:\/\/orvikpower.com\/#\/schema\/logo\/image\/\"},\"sameAs\":[\"https:\/\/www.youtube.com\/@ORVIKOrvikPower\",\"https:\/\/www.pinterest.com\/OrvikPower\/\"]}]}<\/script>\n<!-- \/ Yoast SEO plugin. -->","yoast_head_json":{"title":"Carro de golf el\u00e9ctrico de 4 plazas tipo GA para complejos tur\u00edsticos | Venta directa de f\u00e1brica al por mayor - ORVIK | ORVIK|Light Commercial Electric Vehicles","robots":{"index":"index","follow":"follow","max-snippet":"max-snippet:-1","max-image-preview":"max-image-preview:large","max-video-preview":"max-video-preview:-1"},"canonical":"https:\/\/orvikpower.com\/es\/product\/type-ga-4-seater-electric-golf-cart-for-resorts-factory-direct-wholesale-orvik","og_locale":"es_ES","og_type":"article","og_title":"Type GA 4-Seater Electric Golf Cart for Resorts | Factory Direct Wholesale - ORVIK | ORVIK|Light Commercial Electric Vehicles","og_description":"Buy 4-seater electric golf carts direct from the factory. Features 3mm galvanized chassis and high-temp ready body. Ideal for resorts. Inquire for FCL price now.","og_url":"https:\/\/orvikpower.com\/es\/product\/type-ga-4-seater-electric-golf-cart-for-resorts-factory-direct-wholesale-orvik","og_site_name":"ORVIK|Light Commercial Electric Vehicles","og_image":[{"width":1600,"height":1600,"url":"https:\/\/orvikpower.com\/wp-content\/uploads\/2026\/01\/4-Seater-Electric-Golf-Cart-for-Resorts-Factory-Direct-Wholesale-ORVIK.jpg","type":"image\/jpeg"}],"twitter_card":"summary_large_image","twitter_misc":{"Tiempo de lectura":"1 minuto"},"schema":{"@context":"https:\/\/schema.org","@graph":[{"@type":"WebPage","@id":"https:\/\/orvikpower.com\/product\/type-ga-4-seater-electric-golf-cart-for-resorts-factory-direct-wholesale-orvik","url":"https:\/\/orvikpower.com\/product\/type-ga-4-seater-electric-golf-cart-for-resorts-factory-direct-wholesale-orvik","name":"Carro de golf el\u00e9ctrico de 4 plazas tipo GA para complejos tur\u00edsticos | Venta directa de f\u00e1brica al por mayor - ORVIK | ORVIK|Light Commercial Electric Vehicles","isPartOf":{"@id":"https:\/\/orvikpower.com\/#website"},"primaryImageOfPage":{"@id":"https:\/\/orvikpower.com\/product\/type-ga-4-seater-electric-golf-cart-for-resorts-factory-direct-wholesale-orvik#primaryimage"},"image":{"@id":"https:\/\/orvikpower.com\/product\/type-ga-4-seater-electric-golf-cart-for-resorts-factory-direct-wholesale-orvik#primaryimage"},"thumbnailUrl":"https:\/\/orvikpower.com\/wp-content\/uploads\/2026\/01\/4-Seater-Electric-Golf-Cart-for-Resorts-Factory-Direct-Wholesale-ORVIK.jpg","datePublished":"2026-01-21T16:02:44+00:00","breadcrumb":{"@id":"https:\/\/orvikpower.com\/product\/type-ga-4-seater-electric-golf-cart-for-resorts-factory-direct-wholesale-orvik#breadcrumb"},"inLanguage":"es","potentialAction":[{"@type":"ReadAction","target":["https:\/\/orvikpower.com\/product\/type-ga-4-seater-electric-golf-cart-for-resorts-factory-direct-wholesale-orvik"]}]},{"@type":"ImageObject","inLanguage":"es","@id":"https:\/\/orvikpower.com\/product\/type-ga-4-seater-electric-golf-cart-for-resorts-factory-direct-wholesale-orvik#primaryimage","url":"https:\/\/orvikpower.com\/wp-content\/uploads\/2026\/01\/4-Seater-Electric-Golf-Cart-for-Resorts-Factory-Direct-Wholesale-ORVIK.jpg","contentUrl":"https:\/\/orvikpower.com\/wp-content\/uploads\/2026\/01\/4-Seater-Electric-Golf-Cart-for-Resorts-Factory-Direct-Wholesale-ORVIK.jpg","width":1600,"height":1600,"caption":"Buy 4-seater electric golf carts direct from the factory. Features 3mm galvanized chassis and high-temp ready body. Ideal for resorts. Inquire for FCL price now."},{"@type":"BreadcrumbList","@id":"https:\/\/orvikpower.com\/product\/type-ga-4-seater-electric-golf-cart-for-resorts-factory-direct-wholesale-orvik#breadcrumb","itemListElement":[{"@type":"ListItem","position":1,"name":"Home","item":"https:\/\/orvikpower.com\/"},{"@type":"ListItem","position":2,"name":"SHOP","item":"https:\/\/orvikpower.com\/shop"},{"@type":"ListItem","position":3,"name":"Type GA 4-Seater Electric Golf Cart for Resorts | Factory Direct Wholesale &#8211; ORVIK"}]},{"@type":"WebSite","@id":"https:\/\/orvikpower.com\/#website","url":"https:\/\/orvikpower.com\/","name":"ORVIK | Veh\u00edculos el\u00e9ctricos comerciales ligeros","description":"Primer fabricante de veh\u00edculos utilitarios el\u00e9ctricos todoterreno, camionetas y minicamiones. Dise\u00f1os de alta temperatura y preparados para el \u00c1rtico para granjas y minas. Ahorre costes con FCL directo de f\u00e1brica. Haga que el trabajo fluya. Obtenga una cotizaci\u00f3n.","publisher":{"@id":"https:\/\/orvikpower.com\/#organization"},"potentialAction":[{"@type":"SearchAction","target":{"@type":"EntryPoint","urlTemplate":"https:\/\/orvikpower.com\/?s={search_term_string}"},"query-input":{"@type":"PropertyValueSpecification","valueRequired":true,"valueName":"search_term_string"}}],"inLanguage":"es"},{"@type":"Organization","@id":"https:\/\/orvikpower.com\/#organization","name":"ORVIK | Veh\u00edculos el\u00e9ctricos comerciales ligeros","url":"https:\/\/orvikpower.com\/","logo":{"@type":"ImageObject","inLanguage":"es","@id":"https:\/\/orvikpower.com\/#\/schema\/logo\/image\/","url":"https:\/\/orvikpower.com\/wp-content\/uploads\/2026\/01\/cropped-logo-h-main-small.png","contentUrl":"https:\/\/orvikpower.com\/wp-content\/uploads\/2026\/01\/cropped-logo-h-main-small.png","width":512,"height":512,"caption":"ORVIK | Light Commercial Electric Vehicles"},"image":{"@id":"https:\/\/orvikpower.com\/#\/schema\/logo\/image\/"},"sameAs":["https:\/\/www.youtube.com\/@ORVIKOrvikPower","https:\/\/www.pinterest.com\/OrvikPower\/"]}]}},"_links":{"self":[{"href":"https:\/\/orvikpower.com\/es\/wp-json\/wp\/v2\/product\/19135","targetHints":{"allow":["GET"]}}],"collection":[{"href":"https:\/\/orvikpower.com\/es\/wp-json\/wp\/v2\/product"}],"about":[{"href":"https:\/\/orvikpower.com\/es\/wp-json\/wp\/v2\/types\/product"}],"wp:featuredmedia":[{"embeddable":true,"href":"https:\/\/orvikpower.com\/es\/wp-json\/wp\/v2\/media\/19148"}],"wp:attachment":[{"href":"https:\/\/orvikpower.com\/es\/wp-json\/wp\/v2\/media?parent=19135"}],"wp:term":[{"taxonomy":"product_brand","embeddable":true,"href":"https:\/\/orvikpower.com\/es\/wp-json\/wp\/v2\/product_brand?post=19135"},{"taxonomy":"product_cat","embeddable":true,"href":"https:\/\/orvikpower.com\/es\/wp-json\/wp\/v2\/product_cat?post=19135"},{"taxonomy":"product_tag","embeddable":true,"href":"https:\/\/orvikpower.com\/es\/wp-json\/wp\/v2\/product_tag?post=19135"}],"curies":[{"name":"wp","href":"https:\/\/api.w.org\/{rel}","templated":true}]}}