{"id":19210,"date":"2026-01-22T09:24:54","date_gmt":"2026-01-22T09:24:54","guid":{"rendered":"https:\/\/orvikpower.com\/?post_type=product&#038;p=19210"},"modified":"2026-01-22T09:24:54","modified_gmt":"2026-01-22T09:24:54","slug":"off-road-electric-shuttle-series-2-10-seats-resort-mining-utility-factory-direct-orvik","status":"publish","type":"product","link":"https:\/\/orvikpower.com\/es\/product\/off-road-electric-shuttle-series-2-10-seats-resort-mining-utility-factory-direct-orvik","title":{"rendered":"Off-Road Electric Shuttle Series (2-10 Asientos) | Resort &amp; Mining Utility | Directo de F\u00e1brica - ORVIK"},"content":{"rendered":"<p dir=\"auto\"><strong>Dise\u00f1ado para la dureza. Dise\u00f1ado para la fiabilidad.<\/strong><br \/>\nEl ORVIK Off-Road Shuttle Series no es un carrito de golf est\u00e1ndar; es un veh\u00edculo de transporte de personal de alta resistencia dise\u00f1ado para terrenos dif\u00edciles.<\/p>\n<ul dir=\"auto\">\n<li class=\"text-start\"><strong>Caracter\u00edstica<\/strong>: El veh\u00edculo cuenta con un chasis de acero galvanizado reforzado e integrado (3 mm de grosor) y una suspensi\u00f3n independiente McPherson elevada acoplada a neum\u00e1ticos de 23 pulgadas de dibujo minero.<\/li>\n<li class=\"text-start\"><strong>Ventaja<\/strong>: A diferencia de los carros est\u00e1ndar, permite una mayor distancia al suelo (240 mm) y tracci\u00f3n en grava, arena y superficies industriales irregulares, mientras que el revestimiento electrofor\u00e9tico tratado con l\u00e1ser evita la oxidaci\u00f3n incluso en entornos h\u00famedos o costeros.<\/li>\n<li class=\"text-start\"><strong>Beneficio<\/strong>: Conseguir\u00e1 una mayor vida \u00fatil de la flota y reducir\u00e1 significativamente los tiempos de inactividad por mantenimiento, garantizando que sus invitados o trabajadores sean transportados de forma segura y sin interrupciones.<\/li>\n<\/ul>\n<div class=\"my-2\"><\/div>\n<p dir=\"auto\"><em>Nota: El sistema de potencia (kW del motor) y el tipo de bater\u00eda (plomo-\u00e1cido o LiFePO4) pueden personalizarse en funci\u00f3n de los requisitos de su proyecto.<\/em><br \/>\n<strong>Dise\u00f1ado para que su trabajo fluya.<\/strong><\/p>\n<p dir=\"auto\"><strong>Nota de correcci\u00f3n<\/strong>:<\/p>\n<ol dir=\"auto\" start=\"1\">\n<li class=\"text-start\"><strong>Cantidad de carga<\/strong>: C\u00e1lculo basado en las dimensiones internas est\u00e1ndar de 40HQ. La cantidad real puede variar en +\/- 2 unidades dependiendo del m\u00e9todo de embalaje (CBU vs SKD).<\/li>\n<li class=\"text-start\"><strong>Configuraciones<\/strong>: \u201c2+2\u201d, \u201c4+2\u201d, etc. se refieren a asientos orientados hacia delante + asientos abatibles orientados hacia atr\u00e1s.<\/li>\n<\/ol>\n<div id=\"preview-button-bar\" class=\"preview-button-bar\"><\/div>\n<div id=\"wmd-panel-preview\" class=\"wmd-panel-preview preview-container\">\n<div class=\"md-section-divider\"><\/div>\n<div id=\"wmd-preview\" class=\"wmd-preview\" data-medium-element=\"true\">\n<table class=\"table table-striped-white table-bordered\" data-anchor-id=\"tp5c\">\n<thead>\n<tr>\n<th>Configuraci\u00f3n del modelo<\/th>\n<th><strong>2 plazas<\/strong><\/th>\n<th><strong>2+2 plazas<\/strong><\/th>\n<th><strong>4 plazas<\/strong><\/th>\n<th><strong>4+2 plazas<\/strong><\/th>\n<th><strong>6 plazas<\/strong><\/th>\n<th><strong>6+2 plazas<\/strong><\/th>\n<th><strong>8 plazas<\/strong><\/th>\n<th><strong>8+2 plazas<\/strong><\/th>\n<\/tr>\n<\/thead>\n<tbody>\n<tr>\n<td><strong>Dimensiones (mm)<\/strong><\/td>\n<td>2500\u00d71350\u00d72000<\/td>\n<td>2950\u00d71350\u00d72150<\/td>\n<td>3150\u00d71350\u00d72150<\/td>\n<td>3700\u00d71350\u00d72150<\/td>\n<td>3900\u00d71350\u00d72150<\/td>\n<td>4300\u00d71350\u00d72150<\/td>\n<td>4700\u00d71350\u00d72150<\/td>\n<td>5000\u00d71350\u00d72150<\/td>\n<\/tr>\n<tr>\n<td><strong>Peso en vac\u00edo<\/strong><\/td>\n<td>450 kg<\/td>\n<td>570 kg<\/td>\n<td>570 kg<\/td>\n<td>690 kg<\/td>\n<td>690 kg<\/td>\n<td>830 kg<\/td>\n<td>830 kg<\/td>\n<td>980 kg<\/td>\n<\/tr>\n<tr>\n<td><strong>Capacidad de pasajeros<\/strong><\/td>\n<td>2<\/td>\n<td>4<\/td>\n<td>4<\/td>\n<td>6<\/td>\n<td>6<\/td>\n<td>8<\/td>\n<td>8<\/td>\n<td>10<\/td>\n<\/tr>\n<tr>\n<td><strong>Potencia del motor<\/strong><\/td>\n<td>5 KW CA<\/td>\n<td>5 KW CA<\/td>\n<td>5 KW CA<\/td>\n<td>5 KW CA<\/td>\n<td>5 KW CA<\/td>\n<td>7,5 KW CA<\/td>\n<td>7,5 KW CA<\/td>\n<td>7,5 KW CA<\/td>\n<\/tr>\n<tr>\n<td><strong>Tensi\u00f3n del sistema<\/strong><\/td>\n<td>48V<\/td>\n<td>48V<\/td>\n<td>48V<\/td>\n<td>48V<\/td>\n<td>48V<\/td>\n<td>72V<\/td>\n<td>72V<\/td>\n<td>72V<\/td>\n<\/tr>\n<tr>\n<td><strong>Bater\u00eda est\u00e1ndar<\/strong><\/td>\n<td>Plomo-\u00e1cido 150AH<\/td>\n<td>Plomo-\u00e1cido 150AH<\/td>\n<td>Plomo-\u00e1cido 150AH<\/td>\n<td>Plomo-\u00e1cido 150AH<\/td>\n<td>Plomo-\u00e1cido 150AH<\/td>\n<td>Plomo-\u00e1cido 150AH<\/td>\n<td>Plomo-\u00e1cido 150AH<\/td>\n<td>Plomo-\u00e1cido 150AH<\/td>\n<\/tr>\n<tr>\n<td><strong>Opci\u00f3n de bater\u00eda<\/strong><\/td>\n<td><em>LiFePO4 Disponible<\/em><\/td>\n<td><em>LiFePO4 Disponible<\/em><\/td>\n<td><em>LiFePO4 Disponible<\/em><\/td>\n<td><em>LiFePO4 Disponible<\/em><\/td>\n<td><em>LiFePO4 Disponible<\/em><\/td>\n<td><em>LiFePO4 Disponible<\/em><\/td>\n<td><em>LiFePO4 Disponible<\/em><\/td>\n<td><em>LiFePO4 Disponible<\/em><\/td>\n<\/tr>\n<tr>\n<td><strong>Alcance m\u00e1ximo<\/strong><\/td>\n<td>\n<blockquote class=\"white-blockquote\"><p>80 km<\/p><\/blockquote>\n<\/td>\n<td>\n<blockquote class=\"white-blockquote\"><p>80 km<\/p><\/blockquote>\n<\/td>\n<td>\n<blockquote class=\"white-blockquote\"><p>80 km<\/p><\/blockquote>\n<\/td>\n<td>\n<blockquote class=\"white-blockquote\"><p>70 km<\/p><\/blockquote>\n<\/td>\n<td>\n<blockquote class=\"white-blockquote\"><p>70 km<\/p><\/blockquote>\n<\/td>\n<td>\n<blockquote class=\"white-blockquote\"><p>70 km<\/p><\/blockquote>\n<\/td>\n<td>\n<blockquote class=\"white-blockquote\"><p>70 km<\/p><\/blockquote>\n<\/td>\n<td>\n<blockquote class=\"white-blockquote\"><p>70 km<\/p><\/blockquote>\n<\/td>\n<\/tr>\n<tr>\n<td><strong>Velocidad m\u00e1xima<\/strong><\/td>\n<td>40 km\/h<\/td>\n<td>40 km\/h<\/td>\n<td>40 km\/h<\/td>\n<td>40 km\/h<\/td>\n<td>40 km\/h<\/td>\n<td>40 km\/h<\/td>\n<td>40 km\/h<\/td>\n<td>40 km\/h<\/td>\n<\/tr>\n<tr>\n<td><strong>Capacidad de escalada<\/strong><\/td>\n<td>25\u00b0<\/td>\n<td>25\u00b0<\/td>\n<td>25\u00b0<\/td>\n<td>20\u00b0<\/td>\n<td>20\u00b0<\/td>\n<td>20\u00b0<\/td>\n<td>20\u00b0<\/td>\n<td>20\u00b0<\/td>\n<\/tr>\n<tr>\n<td><strong>Distancia entre ejes (mm)<\/strong><\/td>\n<td>1680<\/td>\n<td>1680<\/td>\n<td>2460<\/td>\n<td>2460<\/td>\n<td>3220<\/td>\n<td>3220<\/td>\n<td>3980<\/td>\n<td>3980<\/td>\n<\/tr>\n<tr>\n<td><strong>Neum\u00e1ticos<\/strong><\/td>\n<td>23\u00d710-14 (Off-road)<\/td>\n<td>23\u00d710-14 (Off-road)<\/td>\n<td>23\u00d710-14 (Off-road)<\/td>\n<td>23\u00d710-14 (Off-road)<\/td>\n<td>23\u00d710-14 (Off-road)<\/td>\n<td>23\u00d710-14 (Off-road)<\/td>\n<td>23\u00d710-14 (Off-road)<\/td>\n<td>23\u00d710-14 (Off-road)<\/td>\n<\/tr>\n<tr>\n<td><strong>Distancia al suelo<\/strong><\/td>\n<td>240 mm<\/td>\n<td>240 mm<\/td>\n<td>240 mm<\/td>\n<td>240 mm<\/td>\n<td>240 mm<\/td>\n<td>240 mm<\/td>\n<td>240 mm<\/td>\n<td>240 mm<\/td>\n<\/tr>\n<tr>\n<td><strong>Material del chasis<\/strong><\/td>\n<td>Acero galvanizado<\/td>\n<td>Acero galvanizado<\/td>\n<td>Acero galvanizado<\/td>\n<td>Acero galvanizado<\/td>\n<td>Acero galvanizado<\/td>\n<td>Acero galvanizado<\/td>\n<td>Acero galvanizado<\/td>\n<td>Acero galvanizado<\/td>\n<\/tr>\n<tr>\n<td><strong>Cantidad de carga (40HQ)<\/strong><\/td>\n<td><em>Contacto para el Plan<\/em><\/td>\n<td><em>Contacto para el Plan<\/em><\/td>\n<td><em>Contacto para el Plan<\/em><\/td>\n<td><em>Contacto para el Plan<\/em><\/td>\n<td><em>Contacto para el Plan<\/em><\/td>\n<td><em>Contacto para el Plan<\/em><\/td>\n<td><em>Contacto para el Plan<\/em><\/td>\n<td><em>Contacto para el Plan<\/em><\/td>\n<\/tr>\n<\/tbody>\n<\/table>\n<\/div>\n<\/div>","protected":false},"excerpt":{"rendered":"<p>Veh\u00edculos utilitarios el\u00e9ctricos de alta resistencia con suspensi\u00f3n McPherson elevada y chasis galvanizado. Disponibles en configuraciones de 2 a 10 plazas. Ideales para complejos tur\u00edsticos, explotaciones mineras y parques industriales. Preparados para altas temperaturas. <strong>Pregunte por el precio FCL.<\/strong><\/p>","protected":false},"featured_media":19211,"comment_status":"open","ping_status":"closed","template":"","meta":{"_eb_attr":""},"product_brand":[],"product_cat":[71,72,70,73,77],"product_tag":[91,100,146,88,145],"class_list":{"0":"post-19210","1":"product","2":"type-product","3":"status-publish","4":"has-post-thumbnail","6":"product_cat-electric-golf-carts","7":"product_cat-lsev-commuter-vehicles","8":"product_cat-lsev-passenger-mobility","9":"product_cat-sightseeing-shuttle-buses","10":"product_cat-utility-logistics","11":"product_tag-industrial-park","12":"product_tag-mining-site","13":"product_tag-off-road-patrol","14":"product_tag-resort","15":"product_tag-villa-complex","17":"first","18":"instock","19":"shipping-taxable","20":"product-type-simple"},"yoast_head":"<!-- This site is optimized with the Yoast SEO plugin v26.9 - https:\/\/yoast.com\/product\/yoast-seo-wordpress\/ -->\n<title>Off-Road Electric Shuttle Series (2-10 Seats) | Resort &amp; Mining Utility | Factory Direct - ORVIK | ORVIK|Light Commercial Electric Vehicles<\/title>\n<meta name=\"robots\" content=\"index, follow, max-snippet:-1, max-image-preview:large, max-video-preview:-1\" \/>\n<link rel=\"canonical\" href=\"https:\/\/orvikpower.com\/es\/product\/off-road-electric-shuttle-series-2-10-seats-resort-mining-utility-factory-direct-orvik\" \/>\n<meta property=\"og:locale\" content=\"es_ES\" \/>\n<meta property=\"og:type\" content=\"article\" \/>\n<meta property=\"og:title\" content=\"Off-Road Electric Shuttle Series (2-10 Seats) | Resort &amp; Mining Utility | Factory Direct - ORVIK | ORVIK|Light Commercial Electric Vehicles\" \/>\n<meta property=\"og:description\" content=\"Heavy-duty electric utility vehicles featuring elevated McPherson suspension and galvanized chassis. Available in 2 to 10-seater configurations. Ideal for resorts, mining sites, and industrial parks. High-temp ready. Inquire for FCL Price.\" \/>\n<meta property=\"og:url\" content=\"https:\/\/orvikpower.com\/es\/product\/off-road-electric-shuttle-series-2-10-seats-resort-mining-utility-factory-direct-orvik\" \/>\n<meta property=\"og:site_name\" content=\"ORVIK|Light Commercial Electric Vehicles\" \/>\n<meta property=\"og:image\" content=\"https:\/\/orvikpower.com\/wp-content\/uploads\/2026\/01\/Off-Road-Electric-Shuttle-Series-2-10-Seats-Resort-Mining-Utility-Factory-Direct-ORVIK.jpeg\" \/>\n\t<meta property=\"og:image:width\" content=\"800\" \/>\n\t<meta property=\"og:image:height\" content=\"800\" \/>\n\t<meta property=\"og:image:type\" content=\"image\/jpeg\" \/>\n<meta name=\"twitter:card\" content=\"summary_large_image\" \/>\n<meta name=\"twitter:label1\" content=\"Tiempo de lectura\" \/>\n\t<meta name=\"twitter:data1\" content=\"2 minutos\" \/>\n<script type=\"application\/ld+json\" class=\"yoast-schema-graph\">{\"@context\":\"https:\/\/schema.org\",\"@graph\":[{\"@type\":\"WebPage\",\"@id\":\"https:\/\/orvikpower.com\/product\/off-road-electric-shuttle-series-2-10-seats-resort-mining-utility-factory-direct-orvik\",\"url\":\"https:\/\/orvikpower.com\/product\/off-road-electric-shuttle-series-2-10-seats-resort-mining-utility-factory-direct-orvik\",\"name\":\"Off-Road Electric Shuttle Series (2-10 Seats) | Resort & Mining Utility | Factory Direct - ORVIK | ORVIK|Light Commercial Electric Vehicles\",\"isPartOf\":{\"@id\":\"https:\/\/orvikpower.com\/#website\"},\"primaryImageOfPage\":{\"@id\":\"https:\/\/orvikpower.com\/product\/off-road-electric-shuttle-series-2-10-seats-resort-mining-utility-factory-direct-orvik#primaryimage\"},\"image\":{\"@id\":\"https:\/\/orvikpower.com\/product\/off-road-electric-shuttle-series-2-10-seats-resort-mining-utility-factory-direct-orvik#primaryimage\"},\"thumbnailUrl\":\"https:\/\/orvikpower.com\/wp-content\/uploads\/2026\/01\/Off-Road-Electric-Shuttle-Series-2-10-Seats-Resort-Mining-Utility-Factory-Direct-ORVIK.jpeg\",\"datePublished\":\"2026-01-22T09:24:54+00:00\",\"breadcrumb\":{\"@id\":\"https:\/\/orvikpower.com\/product\/off-road-electric-shuttle-series-2-10-seats-resort-mining-utility-factory-direct-orvik#breadcrumb\"},\"inLanguage\":\"es\",\"potentialAction\":[{\"@type\":\"ReadAction\",\"target\":[\"https:\/\/orvikpower.com\/product\/off-road-electric-shuttle-series-2-10-seats-resort-mining-utility-factory-direct-orvik\"]}]},{\"@type\":\"ImageObject\",\"inLanguage\":\"es\",\"@id\":\"https:\/\/orvikpower.com\/product\/off-road-electric-shuttle-series-2-10-seats-resort-mining-utility-factory-direct-orvik#primaryimage\",\"url\":\"https:\/\/orvikpower.com\/wp-content\/uploads\/2026\/01\/Off-Road-Electric-Shuttle-Series-2-10-Seats-Resort-Mining-Utility-Factory-Direct-ORVIK.jpeg\",\"contentUrl\":\"https:\/\/orvikpower.com\/wp-content\/uploads\/2026\/01\/Off-Road-Electric-Shuttle-Series-2-10-Seats-Resort-Mining-Utility-Factory-Direct-ORVIK.jpeg\",\"width\":800,\"height\":800,\"caption\":\"Heavy-duty electric utility vehicles featuring elevated McPherson suspension and galvanized chassis. Available in 2 to 10-seater configurations. Ideal for resorts, mining sites, and industrial parks. High-temp ready. Inquire for FCL Price.\"},{\"@type\":\"BreadcrumbList\",\"@id\":\"https:\/\/orvikpower.com\/product\/off-road-electric-shuttle-series-2-10-seats-resort-mining-utility-factory-direct-orvik#breadcrumb\",\"itemListElement\":[{\"@type\":\"ListItem\",\"position\":1,\"name\":\"Home\",\"item\":\"https:\/\/orvikpower.com\/\"},{\"@type\":\"ListItem\",\"position\":2,\"name\":\"SHOP\",\"item\":\"https:\/\/orvikpower.com\/shop\"},{\"@type\":\"ListItem\",\"position\":3,\"name\":\"Off-Road Electric Shuttle Series (2-10 Seats) | Resort &#038; Mining Utility | Factory Direct &#8211; ORVIK\"}]},{\"@type\":\"WebSite\",\"@id\":\"https:\/\/orvikpower.com\/#website\",\"url\":\"https:\/\/orvikpower.com\/\",\"name\":\"ORVIK | Light Commercial Electric Vehicles\",\"description\":\"Premier Manufacturer of Off-road Electric Utility Vehicles, Pickups &amp; Mini Trucks. High-Temp &amp; Arctic Ready designs for farms &amp; mines. Save costs with Factory-Direct FCL. Make work flow. Get a Quote.\",\"publisher\":{\"@id\":\"https:\/\/orvikpower.com\/#organization\"},\"potentialAction\":[{\"@type\":\"SearchAction\",\"target\":{\"@type\":\"EntryPoint\",\"urlTemplate\":\"https:\/\/orvikpower.com\/?s={search_term_string}\"},\"query-input\":{\"@type\":\"PropertyValueSpecification\",\"valueRequired\":true,\"valueName\":\"search_term_string\"}}],\"inLanguage\":\"es\"},{\"@type\":\"Organization\",\"@id\":\"https:\/\/orvikpower.com\/#organization\",\"name\":\"ORVIK | Light Commercial Electric Vehicles\",\"url\":\"https:\/\/orvikpower.com\/\",\"logo\":{\"@type\":\"ImageObject\",\"inLanguage\":\"es\",\"@id\":\"https:\/\/orvikpower.com\/#\/schema\/logo\/image\/\",\"url\":\"https:\/\/orvikpower.com\/wp-content\/uploads\/2026\/01\/cropped-logo-h-main-small.png\",\"contentUrl\":\"https:\/\/orvikpower.com\/wp-content\/uploads\/2026\/01\/cropped-logo-h-main-small.png\",\"width\":512,\"height\":512,\"caption\":\"ORVIK | Light Commercial Electric Vehicles\"},\"image\":{\"@id\":\"https:\/\/orvikpower.com\/#\/schema\/logo\/image\/\"},\"sameAs\":[\"https:\/\/www.youtube.com\/@ORVIKOrvikPower\",\"https:\/\/www.pinterest.com\/OrvikPower\/\"]}]}<\/script>\n<!-- \/ Yoast SEO plugin. -->","yoast_head_json":{"title":"Off-Road Electric Shuttle Series (2-10 Asientos) | Resort &amp; Mining Utility | Directo de F\u00e1brica - ORVIK | ORVIK|Veh\u00edculos El\u00e9ctricos Comerciales Ligeros","robots":{"index":"index","follow":"follow","max-snippet":"max-snippet:-1","max-image-preview":"max-image-preview:large","max-video-preview":"max-video-preview:-1"},"canonical":"https:\/\/orvikpower.com\/es\/product\/off-road-electric-shuttle-series-2-10-seats-resort-mining-utility-factory-direct-orvik","og_locale":"es_ES","og_type":"article","og_title":"Off-Road Electric Shuttle Series (2-10 Seats) | Resort & Mining Utility | Factory Direct - ORVIK | ORVIK|Light Commercial Electric Vehicles","og_description":"Heavy-duty electric utility vehicles featuring elevated McPherson suspension and galvanized chassis. Available in 2 to 10-seater configurations. Ideal for resorts, mining sites, and industrial parks. High-temp ready. Inquire for FCL Price.","og_url":"https:\/\/orvikpower.com\/es\/product\/off-road-electric-shuttle-series-2-10-seats-resort-mining-utility-factory-direct-orvik","og_site_name":"ORVIK|Light Commercial Electric Vehicles","og_image":[{"width":800,"height":800,"url":"https:\/\/orvikpower.com\/wp-content\/uploads\/2026\/01\/Off-Road-Electric-Shuttle-Series-2-10-Seats-Resort-Mining-Utility-Factory-Direct-ORVIK.jpeg","type":"image\/jpeg"}],"twitter_card":"summary_large_image","twitter_misc":{"Tiempo de lectura":"2 minutos"},"schema":{"@context":"https:\/\/schema.org","@graph":[{"@type":"WebPage","@id":"https:\/\/orvikpower.com\/product\/off-road-electric-shuttle-series-2-10-seats-resort-mining-utility-factory-direct-orvik","url":"https:\/\/orvikpower.com\/product\/off-road-electric-shuttle-series-2-10-seats-resort-mining-utility-factory-direct-orvik","name":"Off-Road Electric Shuttle Series (2-10 Asientos) | Resort &amp; Mining Utility | Directo de F\u00e1brica - ORVIK | ORVIK|Veh\u00edculos El\u00e9ctricos Comerciales Ligeros","isPartOf":{"@id":"https:\/\/orvikpower.com\/#website"},"primaryImageOfPage":{"@id":"https:\/\/orvikpower.com\/product\/off-road-electric-shuttle-series-2-10-seats-resort-mining-utility-factory-direct-orvik#primaryimage"},"image":{"@id":"https:\/\/orvikpower.com\/product\/off-road-electric-shuttle-series-2-10-seats-resort-mining-utility-factory-direct-orvik#primaryimage"},"thumbnailUrl":"https:\/\/orvikpower.com\/wp-content\/uploads\/2026\/01\/Off-Road-Electric-Shuttle-Series-2-10-Seats-Resort-Mining-Utility-Factory-Direct-ORVIK.jpeg","datePublished":"2026-01-22T09:24:54+00:00","breadcrumb":{"@id":"https:\/\/orvikpower.com\/product\/off-road-electric-shuttle-series-2-10-seats-resort-mining-utility-factory-direct-orvik#breadcrumb"},"inLanguage":"es","potentialAction":[{"@type":"ReadAction","target":["https:\/\/orvikpower.com\/product\/off-road-electric-shuttle-series-2-10-seats-resort-mining-utility-factory-direct-orvik"]}]},{"@type":"ImageObject","inLanguage":"es","@id":"https:\/\/orvikpower.com\/product\/off-road-electric-shuttle-series-2-10-seats-resort-mining-utility-factory-direct-orvik#primaryimage","url":"https:\/\/orvikpower.com\/wp-content\/uploads\/2026\/01\/Off-Road-Electric-Shuttle-Series-2-10-Seats-Resort-Mining-Utility-Factory-Direct-ORVIK.jpeg","contentUrl":"https:\/\/orvikpower.com\/wp-content\/uploads\/2026\/01\/Off-Road-Electric-Shuttle-Series-2-10-Seats-Resort-Mining-Utility-Factory-Direct-ORVIK.jpeg","width":800,"height":800,"caption":"Heavy-duty electric utility vehicles featuring elevated McPherson suspension and galvanized chassis. Available in 2 to 10-seater configurations. Ideal for resorts, mining sites, and industrial parks. High-temp ready. Inquire for FCL Price."},{"@type":"BreadcrumbList","@id":"https:\/\/orvikpower.com\/product\/off-road-electric-shuttle-series-2-10-seats-resort-mining-utility-factory-direct-orvik#breadcrumb","itemListElement":[{"@type":"ListItem","position":1,"name":"Home","item":"https:\/\/orvikpower.com\/"},{"@type":"ListItem","position":2,"name":"SHOP","item":"https:\/\/orvikpower.com\/shop"},{"@type":"ListItem","position":3,"name":"Off-Road Electric Shuttle Series (2-10 Seats) | Resort &#038; Mining Utility | Factory Direct &#8211; ORVIK"}]},{"@type":"WebSite","@id":"https:\/\/orvikpower.com\/#website","url":"https:\/\/orvikpower.com\/","name":"ORVIK | Veh\u00edculos el\u00e9ctricos comerciales ligeros","description":"Primer fabricante de veh\u00edculos utilitarios el\u00e9ctricos todoterreno, camionetas y minicamiones. Dise\u00f1os de alta temperatura y preparados para el \u00c1rtico para granjas y minas. Ahorre costes con FCL directo de f\u00e1brica. Haga que el trabajo fluya. Obtenga una cotizaci\u00f3n.","publisher":{"@id":"https:\/\/orvikpower.com\/#organization"},"potentialAction":[{"@type":"SearchAction","target":{"@type":"EntryPoint","urlTemplate":"https:\/\/orvikpower.com\/?s={search_term_string}"},"query-input":{"@type":"PropertyValueSpecification","valueRequired":true,"valueName":"search_term_string"}}],"inLanguage":"es"},{"@type":"Organization","@id":"https:\/\/orvikpower.com\/#organization","name":"ORVIK | Veh\u00edculos el\u00e9ctricos comerciales ligeros","url":"https:\/\/orvikpower.com\/","logo":{"@type":"ImageObject","inLanguage":"es","@id":"https:\/\/orvikpower.com\/#\/schema\/logo\/image\/","url":"https:\/\/orvikpower.com\/wp-content\/uploads\/2026\/01\/cropped-logo-h-main-small.png","contentUrl":"https:\/\/orvikpower.com\/wp-content\/uploads\/2026\/01\/cropped-logo-h-main-small.png","width":512,"height":512,"caption":"ORVIK | Light Commercial Electric Vehicles"},"image":{"@id":"https:\/\/orvikpower.com\/#\/schema\/logo\/image\/"},"sameAs":["https:\/\/www.youtube.com\/@ORVIKOrvikPower","https:\/\/www.pinterest.com\/OrvikPower\/"]}]}},"_links":{"self":[{"href":"https:\/\/orvikpower.com\/es\/wp-json\/wp\/v2\/product\/19210","targetHints":{"allow":["GET"]}}],"collection":[{"href":"https:\/\/orvikpower.com\/es\/wp-json\/wp\/v2\/product"}],"about":[{"href":"https:\/\/orvikpower.com\/es\/wp-json\/wp\/v2\/types\/product"}],"replies":[{"embeddable":true,"href":"https:\/\/orvikpower.com\/es\/wp-json\/wp\/v2\/comments?post=19210"}],"wp:featuredmedia":[{"embeddable":true,"href":"https:\/\/orvikpower.com\/es\/wp-json\/wp\/v2\/media\/19211"}],"wp:attachment":[{"href":"https:\/\/orvikpower.com\/es\/wp-json\/wp\/v2\/media?parent=19210"}],"wp:term":[{"taxonomy":"product_brand","embeddable":true,"href":"https:\/\/orvikpower.com\/es\/wp-json\/wp\/v2\/product_brand?post=19210"},{"taxonomy":"product_cat","embeddable":true,"href":"https:\/\/orvikpower.com\/es\/wp-json\/wp\/v2\/product_cat?post=19210"},{"taxonomy":"product_tag","embeddable":true,"href":"https:\/\/orvikpower.com\/es\/wp-json\/wp\/v2\/product_tag?post=19210"}],"curies":[{"name":"wp","href":"https:\/\/api.w.org\/{rel}","templated":true}]}}