{"id":19889,"date":"2026-04-08T02:13:45","date_gmt":"2026-04-08T02:13:45","guid":{"rendered":"https:\/\/orvikpower.com\/?post_type=product&#038;p=19889"},"modified":"2026-04-08T02:13:45","modified_gmt":"2026-04-08T02:13:45","slug":"1-9m-tall-enclosed-passenger-trike-6-seater-factory-fcl-orvik","status":"publish","type":"product","link":"https:\/\/orvikpower.com\/es\/product\/1-9m-tall-enclosed-passenger-trike-6-seater-factory-fcl-orvik","title":{"rendered":"Triciclo cerrado para pasajeros de 1,9 m de altura (6 plazas) | FCL de f\u00e1brica - ORVIK"},"content":{"rendered":"<p dir=\"auto\">El ORVIK DDC IV ofrece una ventaja geom\u00e9trica \u00fanica para el transporte tur\u00edstico e industrial fuera de carretera: un perfil estrecho muy maniobrable (1010 mm de anchura) combinado con una cabina excepcionalmente alta (1900 mm de altura). Este dise\u00f1o espec\u00edfico permite que el veh\u00edculo recorra f\u00e1cilmente los estrechos caminos de los campus o los angostos pasillos de las f\u00e1bricas, a la vez que transporta c\u00f3modamente de 5 a 6 pasajeros con un espacio superior para la cabeza de nivel VIP. La cabina, totalmente cerrada y sellada a la intemperie, cuenta con un calefactor integrado que proporciona una protecci\u00f3n absoluta contra los ambientes helados o las polvorientas explotaciones mineras.<\/p>\n<div class=\"my-2\"><\/div>\n<p dir=\"auto\">Construido sobre una robusta estructura con suspensi\u00f3n trasera de ballestas y un sistema de frenos de disco en las tres ruedas, este veh\u00edculo garantiza una conducci\u00f3n estable y segura incluso en terrenos irregulares. Al adoptar una cadena cinem\u00e1tica el\u00e9ctrica, se elimina el mantenimiento y el ruido del motor de combusti\u00f3n interna, lo que reduce dr\u00e1sticamente el coste total de propiedad (TCO). Para adaptarse a los distintos climas del mundo, el sistema de bater\u00edas es totalmente personalizable (plomo-\u00e1cido o LiFePO4 para temperaturas extremas). Aunque est\u00e1 equipado con un motor est\u00e1ndar de 1.000 W, recomendamos encarecidamente personalizar la potencia de salida para pendientes pronunciadas, o a\u00f1adir extensores de autonom\u00eda h\u00edbridos opcionales y paneles solares para una resistencia sin conexi\u00f3n a la red. Dise\u00f1ado para espacios reducidos. Construido directamente. Dise\u00f1ado para que su trabajo fluya.<\/p>\n<table>\n<thead>\n<tr>\n<th>Categor\u00eda de par\u00e1metros<\/th>\n<th>Especificaciones<\/th>\n<\/tr>\n<\/thead>\n<tbody>\n<tr>\n<td><strong>Dimensiones totales (L*A*A)<\/strong><\/td>\n<td>2850 <em>1010 <\/em>1900 mm<\/td>\n<\/tr>\n<tr>\n<td><strong>Capacidad de pasajeros<\/strong><\/td>\n<td>5 - 6 Personas (Incluido Conductor)<\/td>\n<\/tr>\n<tr>\n<td><strong>Tensi\u00f3n<\/strong><\/td>\n<td>60-72V Universal<\/td>\n<\/tr>\n<tr>\n<td><strong>Potencia del motor<\/strong><\/td>\n<td>1000 W de serie (se recomiendan ampliaciones de potencia personalizadas para cargas de 6 pax)<\/td>\n<\/tr>\n<tr>\n<td><strong>Controlador<\/strong><\/td>\n<td>Controlador doble de 18 tubos<\/td>\n<\/tr>\n<tr>\n<td><strong>Tipo de bater\u00eda<\/strong><\/td>\n<td>Personalizable (Plomo-\u00e1cido \/ LiFePO4)<\/td>\n<\/tr>\n<tr>\n<td><strong>Suspensi\u00f3n<\/strong><\/td>\n<td>Placa de acero para ballesta delantera hidr\u00e1ulica \/ trasera<\/td>\n<\/tr>\n<tr>\n<td><strong>Sistema de frenado<\/strong><\/td>\n<td>Frenos de disco en las tres ruedas<\/td>\n<\/tr>\n<tr>\n<td><strong>Tama\u00f1o del neum\u00e1tico<\/strong><\/td>\n<td>Delantero: 3.75-12 \/ Trasero: 4.00-12<\/td>\n<\/tr>\n<tr>\n<td><strong>Configuraciones principales<\/strong><\/td>\n<td>Salpicadero LCD integrado, c\u00e1mara de visi\u00f3n trasera, calefacci\u00f3n del habit\u00e1culo, radio<\/td>\n<\/tr>\n<tr>\n<td><strong>Mejoras opcionales<\/strong><\/td>\n<td>Extensor de alcance h\u00edbrido, techo de generaci\u00f3n de energ\u00eda solar<\/td>\n<\/tr>\n<tr>\n<td><strong>Velocidad m\u00e1xima<\/strong><\/td>\n<td>Estrictamente limitado (uso fuera de carretera \/ propiedad privada \u00fanicamente)<\/td>\n<\/tr>\n<tr>\n<td><strong>Cantidad de carga (40HQ)<\/strong><\/td>\n<td>Aprox. 20-25 Unidades (SKD - Contactar para disposici\u00f3n precisa del contenedor debido a la altura extrema de 1,9m)<\/td>\n<\/tr>\n<\/tbody>\n<\/table>","protected":false},"excerpt":{"rendered":"<p>Triciclo el\u00e9ctrico para pasajeros (6 plazas) con un perfil estrecho de 1 m y cabina de 1,9 m de altura. Calentador incorporado y preparado para el \u00c1rtico. Obtener cotizaciones de f\u00e1brica FCL.<\/p>","protected":false},"featured_media":19895,"comment_status":"open","ping_status":"closed","template":"","meta":{"_eb_attr":""},"product_brand":[],"product_cat":[70,73],"product_tag":[160,167,159,166,149,88],"class_list":{"0":"post-19889","1":"product","2":"type-product","3":"status-publish","4":"has-post-thumbnail","6":"product_cat-lsev-passenger-mobility","7":"product_cat-sightseeing-shuttle-buses","8":"product_tag-cold-climate-transit","9":"product_tag-high-headroom-shuttle","10":"product_tag-industrial-campus","11":"product_tag-narrow-pathway-transit","12":"product_tag-off-road","13":"product_tag-resort","15":"first","16":"instock","17":"shipping-taxable","18":"product-type-simple"},"yoast_head":"<!-- This site is optimized with the Yoast SEO plugin v26.9 - https:\/\/yoast.com\/product\/yoast-seo-wordpress\/ -->\n<title>1.9m Tall Enclosed Passenger Trike (6-Seater) | Factory FCL - ORVIK | ORVIK|Light Commercial Electric Vehicles<\/title>\n<meta name=\"robots\" content=\"index, follow, max-snippet:-1, max-image-preview:large, max-video-preview:-1\" \/>\n<link rel=\"canonical\" href=\"https:\/\/orvikpower.com\/es\/product\/1-9m-tall-enclosed-passenger-trike-6-seater-factory-fcl-orvik\" \/>\n<meta property=\"og:locale\" content=\"es_ES\" \/>\n<meta property=\"og:type\" content=\"article\" \/>\n<meta property=\"og:title\" content=\"1.9m Tall Enclosed Passenger Trike (6-Seater) | Factory FCL - ORVIK | ORVIK|Light Commercial Electric Vehicles\" \/>\n<meta property=\"og:description\" content=\"Wholesale enclosed electric passenger trike (6-seater) with a narrow 1m profile &amp; 1.9m tall cabin. Built-in heater &amp; Arctic-ready. Get factory FCL quotes.\" \/>\n<meta property=\"og:url\" content=\"https:\/\/orvikpower.com\/es\/product\/1-9m-tall-enclosed-passenger-trike-6-seater-factory-fcl-orvik\" \/>\n<meta property=\"og:site_name\" content=\"ORVIK|Light Commercial Electric Vehicles\" \/>\n<meta property=\"og:image\" content=\"https:\/\/orvikpower.com\/wp-content\/uploads\/2026\/04\/main-4.png\" \/>\n\t<meta property=\"og:image:width\" content=\"707\" \/>\n\t<meta property=\"og:image:height\" content=\"707\" \/>\n\t<meta property=\"og:image:type\" content=\"image\/png\" \/>\n<meta name=\"twitter:card\" content=\"summary_large_image\" \/>\n<meta name=\"twitter:label1\" content=\"Tiempo de lectura\" \/>\n\t<meta name=\"twitter:data1\" content=\"2 minutos\" \/>\n<script type=\"application\/ld+json\" class=\"yoast-schema-graph\">{\"@context\":\"https:\/\/schema.org\",\"@graph\":[{\"@type\":\"WebPage\",\"@id\":\"https:\/\/orvikpower.com\/product\/1-9m-tall-enclosed-passenger-trike-6-seater-factory-fcl-orvik\",\"url\":\"https:\/\/orvikpower.com\/product\/1-9m-tall-enclosed-passenger-trike-6-seater-factory-fcl-orvik\",\"name\":\"1.9m Tall Enclosed Passenger Trike (6-Seater) | Factory FCL - ORVIK | ORVIK|Light Commercial Electric Vehicles\",\"isPartOf\":{\"@id\":\"https:\/\/orvikpower.com\/#website\"},\"primaryImageOfPage\":{\"@id\":\"https:\/\/orvikpower.com\/product\/1-9m-tall-enclosed-passenger-trike-6-seater-factory-fcl-orvik#primaryimage\"},\"image\":{\"@id\":\"https:\/\/orvikpower.com\/product\/1-9m-tall-enclosed-passenger-trike-6-seater-factory-fcl-orvik#primaryimage\"},\"thumbnailUrl\":\"https:\/\/orvikpower.com\/wp-content\/uploads\/2026\/04\/main-4.png\",\"datePublished\":\"2026-04-08T02:13:45+00:00\",\"breadcrumb\":{\"@id\":\"https:\/\/orvikpower.com\/product\/1-9m-tall-enclosed-passenger-trike-6-seater-factory-fcl-orvik#breadcrumb\"},\"inLanguage\":\"es\",\"potentialAction\":[{\"@type\":\"ReadAction\",\"target\":[\"https:\/\/orvikpower.com\/product\/1-9m-tall-enclosed-passenger-trike-6-seater-factory-fcl-orvik\"]}]},{\"@type\":\"ImageObject\",\"inLanguage\":\"es\",\"@id\":\"https:\/\/orvikpower.com\/product\/1-9m-tall-enclosed-passenger-trike-6-seater-factory-fcl-orvik#primaryimage\",\"url\":\"https:\/\/orvikpower.com\/wp-content\/uploads\/2026\/04\/main-4.png\",\"contentUrl\":\"https:\/\/orvikpower.com\/wp-content\/uploads\/2026\/04\/main-4.png\",\"width\":707,\"height\":707,\"caption\":\"Wholesale enclosed electric passenger trike (6-seater) with a narrow 1m profile & 1.9m tall cabin. Built-in heater & Arctic-ready. Get factory FCL quotes.\"},{\"@type\":\"BreadcrumbList\",\"@id\":\"https:\/\/orvikpower.com\/product\/1-9m-tall-enclosed-passenger-trike-6-seater-factory-fcl-orvik#breadcrumb\",\"itemListElement\":[{\"@type\":\"ListItem\",\"position\":1,\"name\":\"Home\",\"item\":\"https:\/\/orvikpower.com\/\"},{\"@type\":\"ListItem\",\"position\":2,\"name\":\"SHOP\",\"item\":\"https:\/\/orvikpower.com\/shop\"},{\"@type\":\"ListItem\",\"position\":3,\"name\":\"1.9m Tall Enclosed Passenger Trike (6-Seater) | Factory FCL &#8211; ORVIK\"}]},{\"@type\":\"WebSite\",\"@id\":\"https:\/\/orvikpower.com\/#website\",\"url\":\"https:\/\/orvikpower.com\/\",\"name\":\"ORVIK | Light Commercial Electric Vehicles\",\"description\":\"Premier Manufacturer of Off-road Electric Utility Vehicles, Pickups &amp; Mini Trucks. High-Temp &amp; Arctic Ready designs for farms &amp; mines. Save costs with Factory-Direct FCL. Make work flow. Get a Quote.\",\"publisher\":{\"@id\":\"https:\/\/orvikpower.com\/#organization\"},\"potentialAction\":[{\"@type\":\"SearchAction\",\"target\":{\"@type\":\"EntryPoint\",\"urlTemplate\":\"https:\/\/orvikpower.com\/?s={search_term_string}\"},\"query-input\":{\"@type\":\"PropertyValueSpecification\",\"valueRequired\":true,\"valueName\":\"search_term_string\"}}],\"inLanguage\":\"es\"},{\"@type\":\"Organization\",\"@id\":\"https:\/\/orvikpower.com\/#organization\",\"name\":\"ORVIK | Light Commercial Electric Vehicles\",\"url\":\"https:\/\/orvikpower.com\/\",\"logo\":{\"@type\":\"ImageObject\",\"inLanguage\":\"es\",\"@id\":\"https:\/\/orvikpower.com\/#\/schema\/logo\/image\/\",\"url\":\"https:\/\/orvikpower.com\/wp-content\/uploads\/2026\/01\/cropped-logo-h-main-small.png\",\"contentUrl\":\"https:\/\/orvikpower.com\/wp-content\/uploads\/2026\/01\/cropped-logo-h-main-small.png\",\"width\":512,\"height\":512,\"caption\":\"ORVIK | Light Commercial Electric Vehicles\"},\"image\":{\"@id\":\"https:\/\/orvikpower.com\/#\/schema\/logo\/image\/\"},\"sameAs\":[\"https:\/\/www.youtube.com\/@ORVIKOrvikPower\",\"https:\/\/www.pinterest.com\/OrvikPower\/\"]}]}<\/script>\n<!-- \/ Yoast SEO plugin. -->","yoast_head_json":{"title":"Triciclo cerrado para pasajeros de 1,9 m de altura (6 plazas) | FCL de f\u00e1brica - ORVIK | ORVIK|Veh\u00edculos el\u00e9ctricos comerciales ligeros","robots":{"index":"index","follow":"follow","max-snippet":"max-snippet:-1","max-image-preview":"max-image-preview:large","max-video-preview":"max-video-preview:-1"},"canonical":"https:\/\/orvikpower.com\/es\/product\/1-9m-tall-enclosed-passenger-trike-6-seater-factory-fcl-orvik","og_locale":"es_ES","og_type":"article","og_title":"1.9m Tall Enclosed Passenger Trike (6-Seater) | Factory FCL - ORVIK | ORVIK|Light Commercial Electric Vehicles","og_description":"Wholesale enclosed electric passenger trike (6-seater) with a narrow 1m profile &amp; 1.9m tall cabin. Built-in heater &amp; Arctic-ready. Get factory FCL quotes.","og_url":"https:\/\/orvikpower.com\/es\/product\/1-9m-tall-enclosed-passenger-trike-6-seater-factory-fcl-orvik","og_site_name":"ORVIK|Light Commercial Electric Vehicles","og_image":[{"width":707,"height":707,"url":"https:\/\/orvikpower.com\/wp-content\/uploads\/2026\/04\/main-4.png","type":"image\/png"}],"twitter_card":"summary_large_image","twitter_misc":{"Tiempo de lectura":"2 minutos"},"schema":{"@context":"https:\/\/schema.org","@graph":[{"@type":"WebPage","@id":"https:\/\/orvikpower.com\/product\/1-9m-tall-enclosed-passenger-trike-6-seater-factory-fcl-orvik","url":"https:\/\/orvikpower.com\/product\/1-9m-tall-enclosed-passenger-trike-6-seater-factory-fcl-orvik","name":"Triciclo cerrado para pasajeros de 1,9 m de altura (6 plazas) | FCL de f\u00e1brica - ORVIK | ORVIK|Veh\u00edculos el\u00e9ctricos comerciales ligeros","isPartOf":{"@id":"https:\/\/orvikpower.com\/#website"},"primaryImageOfPage":{"@id":"https:\/\/orvikpower.com\/product\/1-9m-tall-enclosed-passenger-trike-6-seater-factory-fcl-orvik#primaryimage"},"image":{"@id":"https:\/\/orvikpower.com\/product\/1-9m-tall-enclosed-passenger-trike-6-seater-factory-fcl-orvik#primaryimage"},"thumbnailUrl":"https:\/\/orvikpower.com\/wp-content\/uploads\/2026\/04\/main-4.png","datePublished":"2026-04-08T02:13:45+00:00","breadcrumb":{"@id":"https:\/\/orvikpower.com\/product\/1-9m-tall-enclosed-passenger-trike-6-seater-factory-fcl-orvik#breadcrumb"},"inLanguage":"es","potentialAction":[{"@type":"ReadAction","target":["https:\/\/orvikpower.com\/product\/1-9m-tall-enclosed-passenger-trike-6-seater-factory-fcl-orvik"]}]},{"@type":"ImageObject","inLanguage":"es","@id":"https:\/\/orvikpower.com\/product\/1-9m-tall-enclosed-passenger-trike-6-seater-factory-fcl-orvik#primaryimage","url":"https:\/\/orvikpower.com\/wp-content\/uploads\/2026\/04\/main-4.png","contentUrl":"https:\/\/orvikpower.com\/wp-content\/uploads\/2026\/04\/main-4.png","width":707,"height":707,"caption":"Wholesale enclosed electric passenger trike (6-seater) with a narrow 1m profile & 1.9m tall cabin. Built-in heater & Arctic-ready. Get factory FCL quotes."},{"@type":"BreadcrumbList","@id":"https:\/\/orvikpower.com\/product\/1-9m-tall-enclosed-passenger-trike-6-seater-factory-fcl-orvik#breadcrumb","itemListElement":[{"@type":"ListItem","position":1,"name":"Home","item":"https:\/\/orvikpower.com\/"},{"@type":"ListItem","position":2,"name":"SHOP","item":"https:\/\/orvikpower.com\/shop"},{"@type":"ListItem","position":3,"name":"1.9m Tall Enclosed Passenger Trike (6-Seater) | Factory FCL &#8211; ORVIK"}]},{"@type":"WebSite","@id":"https:\/\/orvikpower.com\/#website","url":"https:\/\/orvikpower.com\/","name":"ORVIK | Veh\u00edculos el\u00e9ctricos comerciales ligeros","description":"Primer fabricante de veh\u00edculos utilitarios el\u00e9ctricos todoterreno, camionetas y minicamiones. Dise\u00f1os de alta temperatura y preparados para el \u00c1rtico para granjas y minas. Ahorre costes con FCL directo de f\u00e1brica. Haga que el trabajo fluya. Obtenga una cotizaci\u00f3n.","publisher":{"@id":"https:\/\/orvikpower.com\/#organization"},"potentialAction":[{"@type":"SearchAction","target":{"@type":"EntryPoint","urlTemplate":"https:\/\/orvikpower.com\/?s={search_term_string}"},"query-input":{"@type":"PropertyValueSpecification","valueRequired":true,"valueName":"search_term_string"}}],"inLanguage":"es"},{"@type":"Organization","@id":"https:\/\/orvikpower.com\/#organization","name":"ORVIK | Veh\u00edculos el\u00e9ctricos comerciales ligeros","url":"https:\/\/orvikpower.com\/","logo":{"@type":"ImageObject","inLanguage":"es","@id":"https:\/\/orvikpower.com\/#\/schema\/logo\/image\/","url":"https:\/\/orvikpower.com\/wp-content\/uploads\/2026\/01\/cropped-logo-h-main-small.png","contentUrl":"https:\/\/orvikpower.com\/wp-content\/uploads\/2026\/01\/cropped-logo-h-main-small.png","width":512,"height":512,"caption":"ORVIK | Light Commercial Electric Vehicles"},"image":{"@id":"https:\/\/orvikpower.com\/#\/schema\/logo\/image\/"},"sameAs":["https:\/\/www.youtube.com\/@ORVIKOrvikPower","https:\/\/www.pinterest.com\/OrvikPower\/"]}]}},"_links":{"self":[{"href":"https:\/\/orvikpower.com\/es\/wp-json\/wp\/v2\/product\/19889","targetHints":{"allow":["GET"]}}],"collection":[{"href":"https:\/\/orvikpower.com\/es\/wp-json\/wp\/v2\/product"}],"about":[{"href":"https:\/\/orvikpower.com\/es\/wp-json\/wp\/v2\/types\/product"}],"replies":[{"embeddable":true,"href":"https:\/\/orvikpower.com\/es\/wp-json\/wp\/v2\/comments?post=19889"}],"wp:featuredmedia":[{"embeddable":true,"href":"https:\/\/orvikpower.com\/es\/wp-json\/wp\/v2\/media\/19895"}],"wp:attachment":[{"href":"https:\/\/orvikpower.com\/es\/wp-json\/wp\/v2\/media?parent=19889"}],"wp:term":[{"taxonomy":"product_brand","embeddable":true,"href":"https:\/\/orvikpower.com\/es\/wp-json\/wp\/v2\/product_brand?post=19889"},{"taxonomy":"product_cat","embeddable":true,"href":"https:\/\/orvikpower.com\/es\/wp-json\/wp\/v2\/product_cat?post=19889"},{"taxonomy":"product_tag","embeddable":true,"href":"https:\/\/orvikpower.com\/es\/wp-json\/wp\/v2\/product_tag?post=19889"}],"curies":[{"name":"wp","href":"https:\/\/api.w.org\/{rel}","templated":true}]}}