{"id":19896,"date":"2026-04-08T02:20:44","date_gmt":"2026-04-08T02:20:44","guid":{"rendered":"https:\/\/orvikpower.com\/?post_type=product&#038;p=19896"},"modified":"2026-04-08T02:20:44","modified_gmt":"2026-04-08T02:20:44","slug":"3-seat-enclosed-passenger-trike-for-resorts-factory-fcl-orvik","status":"publish","type":"product","link":"https:\/\/orvikpower.com\/es\/product\/3-seat-enclosed-passenger-trike-for-resorts-factory-fcl-orvik","title":{"rendered":"Triciclo cerrado de 3 asientos para pasajeros para Resorts | Factory FCL - ORVIK"},"content":{"rendered":"<p dir=\"auto\">El ORVIK L3 es un triciclo el\u00e9ctrico para pasajeros, compacto y totalmente cerrado, con una configuraci\u00f3n muy pr\u00e1ctica de 3 puertas y 3 asientos. Dise\u00f1ado estrictamente para el tr\u00e1nsito fuera de carretera, campus privados y parques industriales, su cabina sellada a la intemperie viene de serie con un calentador y ofrece aire acondicionado opcional. Esto garantiza el confort de los pasajeros durante todo el a\u00f1o, protegiendo a sus clientes y a su personal tanto en los g\u00e9lidos inviernos rusos como en los abrasadores veranos de Oriente Medio. Mec\u00e1nicamente, la robusta suspensi\u00f3n trasera de ballestas se adapta sin esfuerzo a los caminos irregulares de grava o tierra dentro de las propiedades privadas.<\/p>\n<div class=\"my-2\"><\/div>\n<p dir=\"auto\">Al cambiar a este modelo el\u00e9ctrico cerrado, elimina los motores de combusti\u00f3n interna de alto mantenimiento, reduciendo dr\u00e1sticamente el tiempo de inactividad operativa de su flota y el coste total de propiedad (TCO). Para adaptarse a los distintos climas del mundo, el sistema de bater\u00edas es totalmente personalizable (elija bater\u00edas de plomo-\u00e1cido est\u00e1ndar para una eficiencia econ\u00f3mica o LiFePO4 de alta densidad para temperaturas extremas). Adem\u00e1s, aunque est\u00e1 equipado con un eficiente motor de 650 W, la potencia de salida se puede personalizar y actualizar a una configuraci\u00f3n de 800 W para afrontar sin problemas las pendientes m\u00e1s pronunciadas del campus. Compacto. Fabricado directamente. Dise\u00f1ado para que su trabajo fluya.<\/p>\n<table>\n<thead>\n<tr>\n<th>Categor\u00eda de par\u00e1metros<\/th>\n<th>Especificaciones<\/th>\n<\/tr>\n<\/thead>\n<tbody>\n<tr>\n<td><strong>Dimensiones totales (L*A*A)<\/strong><\/td>\n<td>2175 <em>1150 <\/em>1650 mm<\/td>\n<\/tr>\n<tr>\n<td><strong>Estructura corporal<\/strong><\/td>\n<td>Cabina cerrada: Tres puertas y tres asientos<\/td>\n<\/tr>\n<tr>\n<td><strong>Tensi\u00f3n<\/strong><\/td>\n<td>48-60V Universal<\/td>\n<\/tr>\n<tr>\n<td><strong>Potencia del motor<\/strong><\/td>\n<td>650 W est\u00e1ndar (personalizable hasta 800 W)<\/td>\n<\/tr>\n<tr>\n<td><strong>Controlador<\/strong><\/td>\n<td>Controlador inteligente<\/td>\n<\/tr>\n<tr>\n<td><strong>Tipo de bater\u00eda<\/strong><\/td>\n<td>Personalizable (Plomo-\u00e1cido \/ LiFePO4)<\/td>\n<\/tr>\n<tr>\n<td><strong>Suspensi\u00f3n<\/strong><\/td>\n<td>Placa de acero para ballesta trasera<\/td>\n<\/tr>\n<tr>\n<td><strong>Sistema de frenado<\/strong><\/td>\n<td>Freno de tambor trasero<\/td>\n<\/tr>\n<tr>\n<td><strong>Cubo de rueda<\/strong><\/td>\n<td>3,50 Llantas de aleaci\u00f3n de aluminio<\/td>\n<\/tr>\n<tr>\n<td><strong>Configuraciones principales<\/strong><\/td>\n<td>Salpicadero LCD integrado, c\u00e1mara de visi\u00f3n trasera, calefacci\u00f3n del habit\u00e1culo, ventilador del techo solar, radio, faros LED, sistema multimedia, puerto USB<\/td>\n<\/tr>\n<tr>\n<td><strong>Mejoras opcionales<\/strong><\/td>\n<td>Aire acondicionado (calefacci\u00f3n y refrigeraci\u00f3n)<\/td>\n<\/tr>\n<tr>\n<td><strong>Velocidad m\u00e1xima<\/strong><\/td>\n<td>Estrictamente limitado (uso fuera de carretera \/ propiedad privada \u00fanicamente)<\/td>\n<\/tr>\n<tr>\n<td><strong>Cantidad de carga (40HQ)<\/strong><\/td>\n<td>Aprox. 35-45 Unidades (SKD - Contactar para disposici\u00f3n precisa de contenedores)<\/td>\n<\/tr>\n<\/tbody>\n<\/table>","protected":false},"excerpt":{"rendered":"<p>Triciclo el\u00e9ctrico de 3 plazas para pasajeros. Caracter\u00edsticas opcionales de aire acondicionado y calefacci\u00f3n para el \u00c1rtico \/ Desierto campus de tr\u00e1nsito. Pregunte por el precio de f\u00e1brica FCL hoy.<\/p>","protected":false},"featured_media":19902,"comment_status":"open","ping_status":"closed","template":"","meta":{"_eb_attr":""},"product_brand":[],"product_cat":[70,73],"product_tag":[155,160,91,149,169,168],"class_list":{"0":"post-19896","1":"product","2":"type-product","3":"status-publish","4":"has-post-thumbnail","6":"product_cat-lsev-passenger-mobility","7":"product_cat-sightseeing-shuttle-buses","8":"product_tag-campus-shuttle","9":"product_tag-cold-climate-transit","10":"product_tag-industrial-park","11":"product_tag-off-road","12":"product_tag-real-estate-viewing","13":"product_tag-resort-transit","15":"first","16":"instock","17":"shipping-taxable","18":"product-type-simple"},"yoast_head":"<!-- This site is optimized with the Yoast SEO plugin v26.9 - https:\/\/yoast.com\/product\/yoast-seo-wordpress\/ -->\n<title>3-Seat Enclosed Passenger Trike for Resorts | Factory FCL - ORVIK | ORVIK|Light Commercial Electric Vehicles<\/title>\n<meta name=\"robots\" content=\"index, follow, max-snippet:-1, max-image-preview:large, max-video-preview:-1\" \/>\n<link rel=\"canonical\" href=\"https:\/\/orvikpower.com\/es\/product\/3-seat-enclosed-passenger-trike-for-resorts-factory-fcl-orvik\" \/>\n<meta property=\"og:locale\" content=\"es_ES\" \/>\n<meta property=\"og:type\" content=\"article\" \/>\n<meta property=\"og:title\" content=\"3-Seat Enclosed Passenger Trike for Resorts | Factory FCL - ORVIK | ORVIK|Light Commercial Electric Vehicles\" \/>\n<meta property=\"og:description\" content=\"Wholesale 3-seat enclosed electric passenger trike. Features optional A\/C &amp; heater for Arctic\/Desert campus transit. Inquire for factory FCL price today.\" \/>\n<meta property=\"og:url\" content=\"https:\/\/orvikpower.com\/es\/product\/3-seat-enclosed-passenger-trike-for-resorts-factory-fcl-orvik\" \/>\n<meta property=\"og:site_name\" content=\"ORVIK|Light Commercial Electric Vehicles\" \/>\n<meta property=\"og:image\" content=\"https:\/\/orvikpower.com\/wp-content\/uploads\/2026\/04\/main-5.png\" \/>\n\t<meta property=\"og:image:width\" content=\"1276\" \/>\n\t<meta property=\"og:image:height\" content=\"1276\" \/>\n\t<meta property=\"og:image:type\" content=\"image\/png\" \/>\n<meta name=\"twitter:card\" content=\"summary_large_image\" \/>\n<meta name=\"twitter:label1\" content=\"Tiempo de lectura\" \/>\n\t<meta name=\"twitter:data1\" content=\"2 minutos\" \/>\n<script type=\"application\/ld+json\" class=\"yoast-schema-graph\">{\"@context\":\"https:\/\/schema.org\",\"@graph\":[{\"@type\":\"WebPage\",\"@id\":\"https:\/\/orvikpower.com\/product\/3-seat-enclosed-passenger-trike-for-resorts-factory-fcl-orvik\",\"url\":\"https:\/\/orvikpower.com\/product\/3-seat-enclosed-passenger-trike-for-resorts-factory-fcl-orvik\",\"name\":\"3-Seat Enclosed Passenger Trike for Resorts | Factory FCL - ORVIK | ORVIK|Light Commercial Electric Vehicles\",\"isPartOf\":{\"@id\":\"https:\/\/orvikpower.com\/#website\"},\"primaryImageOfPage\":{\"@id\":\"https:\/\/orvikpower.com\/product\/3-seat-enclosed-passenger-trike-for-resorts-factory-fcl-orvik#primaryimage\"},\"image\":{\"@id\":\"https:\/\/orvikpower.com\/product\/3-seat-enclosed-passenger-trike-for-resorts-factory-fcl-orvik#primaryimage\"},\"thumbnailUrl\":\"https:\/\/orvikpower.com\/wp-content\/uploads\/2026\/04\/main-5.png\",\"datePublished\":\"2026-04-08T02:20:44+00:00\",\"breadcrumb\":{\"@id\":\"https:\/\/orvikpower.com\/product\/3-seat-enclosed-passenger-trike-for-resorts-factory-fcl-orvik#breadcrumb\"},\"inLanguage\":\"es\",\"potentialAction\":[{\"@type\":\"ReadAction\",\"target\":[\"https:\/\/orvikpower.com\/product\/3-seat-enclosed-passenger-trike-for-resorts-factory-fcl-orvik\"]}]},{\"@type\":\"ImageObject\",\"inLanguage\":\"es\",\"@id\":\"https:\/\/orvikpower.com\/product\/3-seat-enclosed-passenger-trike-for-resorts-factory-fcl-orvik#primaryimage\",\"url\":\"https:\/\/orvikpower.com\/wp-content\/uploads\/2026\/04\/main-5.png\",\"contentUrl\":\"https:\/\/orvikpower.com\/wp-content\/uploads\/2026\/04\/main-5.png\",\"width\":1276,\"height\":1276,\"caption\":\"Wholesale 3-seat enclosed electric passenger trike. Features optional A\/C & heater for Arctic\/Desert campus transit. Inquire for factory FCL price today.\"},{\"@type\":\"BreadcrumbList\",\"@id\":\"https:\/\/orvikpower.com\/product\/3-seat-enclosed-passenger-trike-for-resorts-factory-fcl-orvik#breadcrumb\",\"itemListElement\":[{\"@type\":\"ListItem\",\"position\":1,\"name\":\"Home\",\"item\":\"https:\/\/orvikpower.com\/\"},{\"@type\":\"ListItem\",\"position\":2,\"name\":\"SHOP\",\"item\":\"https:\/\/orvikpower.com\/shop\"},{\"@type\":\"ListItem\",\"position\":3,\"name\":\"3-Seat Enclosed Passenger Trike for Resorts | Factory FCL &#8211; ORVIK\"}]},{\"@type\":\"WebSite\",\"@id\":\"https:\/\/orvikpower.com\/#website\",\"url\":\"https:\/\/orvikpower.com\/\",\"name\":\"ORVIK | Light Commercial Electric Vehicles\",\"description\":\"Premier Manufacturer of Off-road Electric Utility Vehicles, Pickups &amp; Mini Trucks. High-Temp &amp; Arctic Ready designs for farms &amp; mines. Save costs with Factory-Direct FCL. Make work flow. Get a Quote.\",\"publisher\":{\"@id\":\"https:\/\/orvikpower.com\/#organization\"},\"potentialAction\":[{\"@type\":\"SearchAction\",\"target\":{\"@type\":\"EntryPoint\",\"urlTemplate\":\"https:\/\/orvikpower.com\/?s={search_term_string}\"},\"query-input\":{\"@type\":\"PropertyValueSpecification\",\"valueRequired\":true,\"valueName\":\"search_term_string\"}}],\"inLanguage\":\"es\"},{\"@type\":\"Organization\",\"@id\":\"https:\/\/orvikpower.com\/#organization\",\"name\":\"ORVIK | Light Commercial Electric Vehicles\",\"url\":\"https:\/\/orvikpower.com\/\",\"logo\":{\"@type\":\"ImageObject\",\"inLanguage\":\"es\",\"@id\":\"https:\/\/orvikpower.com\/#\/schema\/logo\/image\/\",\"url\":\"https:\/\/orvikpower.com\/wp-content\/uploads\/2026\/01\/cropped-logo-h-main-small.png\",\"contentUrl\":\"https:\/\/orvikpower.com\/wp-content\/uploads\/2026\/01\/cropped-logo-h-main-small.png\",\"width\":512,\"height\":512,\"caption\":\"ORVIK | Light Commercial Electric Vehicles\"},\"image\":{\"@id\":\"https:\/\/orvikpower.com\/#\/schema\/logo\/image\/\"},\"sameAs\":[\"https:\/\/www.youtube.com\/@ORVIKOrvikPower\",\"https:\/\/www.pinterest.com\/OrvikPower\/\"]}]}<\/script>\n<!-- \/ Yoast SEO plugin. -->","yoast_head_json":{"title":"Triciclo Cerrado de 3 Asientos para Pasajeros para Resorts | Factory FCL - ORVIK | ORVIK|Light Commercial Electric Vehicles","robots":{"index":"index","follow":"follow","max-snippet":"max-snippet:-1","max-image-preview":"max-image-preview:large","max-video-preview":"max-video-preview:-1"},"canonical":"https:\/\/orvikpower.com\/es\/product\/3-seat-enclosed-passenger-trike-for-resorts-factory-fcl-orvik","og_locale":"es_ES","og_type":"article","og_title":"3-Seat Enclosed Passenger Trike for Resorts | Factory FCL - ORVIK | ORVIK|Light Commercial Electric Vehicles","og_description":"Wholesale 3-seat enclosed electric passenger trike. Features optional A\/C &amp; heater for Arctic\/Desert campus transit. Inquire for factory FCL price today.","og_url":"https:\/\/orvikpower.com\/es\/product\/3-seat-enclosed-passenger-trike-for-resorts-factory-fcl-orvik","og_site_name":"ORVIK|Light Commercial Electric Vehicles","og_image":[{"width":1276,"height":1276,"url":"https:\/\/orvikpower.com\/wp-content\/uploads\/2026\/04\/main-5.png","type":"image\/png"}],"twitter_card":"summary_large_image","twitter_misc":{"Tiempo de lectura":"2 minutos"},"schema":{"@context":"https:\/\/schema.org","@graph":[{"@type":"WebPage","@id":"https:\/\/orvikpower.com\/product\/3-seat-enclosed-passenger-trike-for-resorts-factory-fcl-orvik","url":"https:\/\/orvikpower.com\/product\/3-seat-enclosed-passenger-trike-for-resorts-factory-fcl-orvik","name":"Triciclo Cerrado de 3 Asientos para Pasajeros para Resorts | Factory FCL - ORVIK | ORVIK|Light Commercial Electric Vehicles","isPartOf":{"@id":"https:\/\/orvikpower.com\/#website"},"primaryImageOfPage":{"@id":"https:\/\/orvikpower.com\/product\/3-seat-enclosed-passenger-trike-for-resorts-factory-fcl-orvik#primaryimage"},"image":{"@id":"https:\/\/orvikpower.com\/product\/3-seat-enclosed-passenger-trike-for-resorts-factory-fcl-orvik#primaryimage"},"thumbnailUrl":"https:\/\/orvikpower.com\/wp-content\/uploads\/2026\/04\/main-5.png","datePublished":"2026-04-08T02:20:44+00:00","breadcrumb":{"@id":"https:\/\/orvikpower.com\/product\/3-seat-enclosed-passenger-trike-for-resorts-factory-fcl-orvik#breadcrumb"},"inLanguage":"es","potentialAction":[{"@type":"ReadAction","target":["https:\/\/orvikpower.com\/product\/3-seat-enclosed-passenger-trike-for-resorts-factory-fcl-orvik"]}]},{"@type":"ImageObject","inLanguage":"es","@id":"https:\/\/orvikpower.com\/product\/3-seat-enclosed-passenger-trike-for-resorts-factory-fcl-orvik#primaryimage","url":"https:\/\/orvikpower.com\/wp-content\/uploads\/2026\/04\/main-5.png","contentUrl":"https:\/\/orvikpower.com\/wp-content\/uploads\/2026\/04\/main-5.png","width":1276,"height":1276,"caption":"Wholesale 3-seat enclosed electric passenger trike. Features optional A\/C & heater for Arctic\/Desert campus transit. Inquire for factory FCL price today."},{"@type":"BreadcrumbList","@id":"https:\/\/orvikpower.com\/product\/3-seat-enclosed-passenger-trike-for-resorts-factory-fcl-orvik#breadcrumb","itemListElement":[{"@type":"ListItem","position":1,"name":"Home","item":"https:\/\/orvikpower.com\/"},{"@type":"ListItem","position":2,"name":"SHOP","item":"https:\/\/orvikpower.com\/shop"},{"@type":"ListItem","position":3,"name":"3-Seat Enclosed Passenger Trike for Resorts | Factory FCL &#8211; ORVIK"}]},{"@type":"WebSite","@id":"https:\/\/orvikpower.com\/#website","url":"https:\/\/orvikpower.com\/","name":"ORVIK | Veh\u00edculos el\u00e9ctricos comerciales ligeros","description":"Primer fabricante de veh\u00edculos utilitarios el\u00e9ctricos todoterreno, camionetas y minicamiones. Dise\u00f1os de alta temperatura y preparados para el \u00c1rtico para granjas y minas. Ahorre costes con FCL directo de f\u00e1brica. Haga que el trabajo fluya. Obtenga una cotizaci\u00f3n.","publisher":{"@id":"https:\/\/orvikpower.com\/#organization"},"potentialAction":[{"@type":"SearchAction","target":{"@type":"EntryPoint","urlTemplate":"https:\/\/orvikpower.com\/?s={search_term_string}"},"query-input":{"@type":"PropertyValueSpecification","valueRequired":true,"valueName":"search_term_string"}}],"inLanguage":"es"},{"@type":"Organization","@id":"https:\/\/orvikpower.com\/#organization","name":"ORVIK | Veh\u00edculos el\u00e9ctricos comerciales ligeros","url":"https:\/\/orvikpower.com\/","logo":{"@type":"ImageObject","inLanguage":"es","@id":"https:\/\/orvikpower.com\/#\/schema\/logo\/image\/","url":"https:\/\/orvikpower.com\/wp-content\/uploads\/2026\/01\/cropped-logo-h-main-small.png","contentUrl":"https:\/\/orvikpower.com\/wp-content\/uploads\/2026\/01\/cropped-logo-h-main-small.png","width":512,"height":512,"caption":"ORVIK | Light Commercial Electric Vehicles"},"image":{"@id":"https:\/\/orvikpower.com\/#\/schema\/logo\/image\/"},"sameAs":["https:\/\/www.youtube.com\/@ORVIKOrvikPower","https:\/\/www.pinterest.com\/OrvikPower\/"]}]}},"_links":{"self":[{"href":"https:\/\/orvikpower.com\/es\/wp-json\/wp\/v2\/product\/19896","targetHints":{"allow":["GET"]}}],"collection":[{"href":"https:\/\/orvikpower.com\/es\/wp-json\/wp\/v2\/product"}],"about":[{"href":"https:\/\/orvikpower.com\/es\/wp-json\/wp\/v2\/types\/product"}],"replies":[{"embeddable":true,"href":"https:\/\/orvikpower.com\/es\/wp-json\/wp\/v2\/comments?post=19896"}],"wp:featuredmedia":[{"embeddable":true,"href":"https:\/\/orvikpower.com\/es\/wp-json\/wp\/v2\/media\/19902"}],"wp:attachment":[{"href":"https:\/\/orvikpower.com\/es\/wp-json\/wp\/v2\/media?parent=19896"}],"wp:term":[{"taxonomy":"product_brand","embeddable":true,"href":"https:\/\/orvikpower.com\/es\/wp-json\/wp\/v2\/product_brand?post=19896"},{"taxonomy":"product_cat","embeddable":true,"href":"https:\/\/orvikpower.com\/es\/wp-json\/wp\/v2\/product_cat?post=19896"},{"taxonomy":"product_tag","embeddable":true,"href":"https:\/\/orvikpower.com\/es\/wp-json\/wp\/v2\/product_tag?post=19896"}],"curies":[{"name":"wp","href":"https:\/\/api.w.org\/{rel}","templated":true}]}}