{"id":19903,"date":"2026-04-08T05:59:52","date_gmt":"2026-04-08T05:59:52","guid":{"rendered":"https:\/\/orvikpower.com\/?post_type=product&#038;p=19903"},"modified":"2026-04-08T05:59:52","modified_gmt":"2026-04-08T05:59:52","slug":"5-door-enclosed-passenger-trike-for-resorts-factory-fcl-orvik","status":"publish","type":"product","link":"https:\/\/orvikpower.com\/es\/product\/5-door-enclosed-passenger-trike-for-resorts-factory-fcl-orvik","title":{"rendered":"Triciclo de 5 puertas cerrado para pasajeros para Resorts | Factory FCL - ORVIK"},"content":{"rendered":"<p dir=\"auto\">El ORVIK 5-Door Enclosed Trike es un veh\u00edculo el\u00e9ctrico de pasajeros muy vers\u00e1til dise\u00f1ado estrictamente para el uso fuera de la carretera, la propiedad privada, y el tr\u00e1nsito del campus. Con una configuraci\u00f3n \u00fanica de 5 puertas y 3 asientos, ofrece una facilidad de acceso sin precedentes para los pasajeros, al tiempo que proporciona una protecci\u00f3n completa contra los elementos externos. Equipado con un calefactor de cabina integrado y aire acondicionado opcional, este transbordador garantiza un viaje de primera calidad con climatizaci\u00f3n controlada, tanto si su flota opera en los g\u00e9lidos inviernos rusos como en el extremo calor veraniego de Oriente Medio.<\/p>\n<div class=\"my-2\"><\/div>\n<p dir=\"auto\">Mec\u00e1nicamente, la combinaci\u00f3n de una robusta suspensi\u00f3n del eje trasero y un avanzado sistema de frenos de disco en las tres ruedas garantiza la seguridad y la estabilidad en carreteras privadas irregulares. Al pasar a este VE totalmente cerrado, los operadores de flotas eliminan el mantenimiento del motor de combusti\u00f3n interna, lo que reduce significativamente el tiempo de inactividad operativa y el coste total de propiedad (TCO). Para adaptarse a los diversos climas del mundo, el sistema de bater\u00edas es totalmente personalizable (elija bater\u00edas de plomo-\u00e1cido est\u00e1ndar para una eficiencia econ\u00f3mica o LiFePO4 de alta densidad para temperaturas extremas). Adem\u00e1s, aunque el motor est\u00e1ndar de 1.000 W ofrece un rendimiento diario fiable, ofrecemos actualizaciones personalizadas de la potencia del motor para superar sin esfuerzo las pendientes pronunciadas del campus. Vers\u00e1til. Fabricado directamente. Dise\u00f1ada para que su trabajo fluya.<\/p>\n<table>\n<thead>\n<tr>\n<th>Categor\u00eda de par\u00e1metros<\/th>\n<th>Especificaciones<\/th>\n<\/tr>\n<\/thead>\n<tbody>\n<tr>\n<td><strong>Dimensiones totales (L*A*A)<\/strong><\/td>\n<td>2450 <em>1150 <\/em>1600 mm<\/td>\n<\/tr>\n<tr>\n<td><strong>Estructura corporal<\/strong><\/td>\n<td>Cabina cerrada: Cinco puertas y tres asientos<\/td>\n<\/tr>\n<tr>\n<td><strong>Tensi\u00f3n<\/strong><\/td>\n<td>48V \/ 60V \/ 72V Universal<\/td>\n<\/tr>\n<tr>\n<td><strong>Potencia del motor<\/strong><\/td>\n<td>1000W Est\u00e1ndar (Potencias de motor personalizadas disponibles)<\/td>\n<\/tr>\n<tr>\n<td><strong>Controlador<\/strong><\/td>\n<td>Controlador inteligente<\/td>\n<\/tr>\n<tr>\n<td><strong>Tipo de bater\u00eda<\/strong><\/td>\n<td>Personalizable (Plomo-\u00e1cido \/ LiFePO4)<\/td>\n<\/tr>\n<tr>\n<td><strong>Suspensi\u00f3n<\/strong><\/td>\n<td>Suspensi\u00f3n del puente del eje trasero<\/td>\n<\/tr>\n<tr>\n<td><strong>Sistema de frenado<\/strong><\/td>\n<td>Frenos de disco en las tres ruedas<\/td>\n<\/tr>\n<tr>\n<td><strong>Tama\u00f1o del neum\u00e1tico<\/strong><\/td>\n<td>4.00 - 10<\/td>\n<\/tr>\n<tr>\n<td><strong>Configuraciones principales<\/strong><\/td>\n<td>Ventanas enrollables manuales, cierre centralizado, pantalla multimedia, radar de aparcamiento trasero, c\u00e1mara de visi\u00f3n trasera, calefacci\u00f3n del habit\u00e1culo, mando a distancia, puerto USB, radio, faros LED, asientos Premium ajustables<\/td>\n<\/tr>\n<tr>\n<td><strong>Mejoras opcionales<\/strong><\/td>\n<td>Aire acondicionado, mejora de la potencia del motor<\/td>\n<\/tr>\n<tr>\n<td><strong>Velocidad m\u00e1xima<\/strong><\/td>\n<td>35 - 45 km\/h (Estrictamente fuera de carretera \/ Uso exclusivo en propiedad privada)<\/td>\n<\/tr>\n<tr>\n<td><strong>Cantidad de carga (40HQ)<\/strong><\/td>\n<td>Aprox. 30-35 Unidades (SKD - Contactar para disposici\u00f3n precisa de contenedores)<\/td>\n<\/tr>\n<\/tbody>\n<\/table>","protected":false},"excerpt":{"rendered":"<p>Venta al por mayor 1000W 5-puerta cerrada triciclo el\u00e9ctrico de pasajeros. Caracter\u00edsticas A \/ C opciones, calefacci\u00f3n y chasis \u00c1rtico listo para el tr\u00e1nsito del campus. Obtenga cotizaciones FCL de f\u00e1brica.<\/p>","protected":false},"featured_media":19908,"comment_status":"open","ping_status":"closed","template":"","meta":{"_eb_attr":""},"product_brand":[],"product_cat":[70,73],"product_tag":[160,159,149,169,168,170],"class_list":{"0":"post-19903","1":"product","2":"type-product","3":"status-publish","4":"has-post-thumbnail","6":"product_cat-lsev-passenger-mobility","7":"product_cat-sightseeing-shuttle-buses","8":"product_tag-cold-climate-transit","9":"product_tag-industrial-campus","10":"product_tag-off-road","11":"product_tag-real-estate-viewing","12":"product_tag-resort-transit","13":"product_tag-vip-shuttle","15":"first","16":"instock","17":"shipping-taxable","18":"product-type-simple"},"yoast_head":"<!-- This site is optimized with the Yoast SEO plugin v26.9 - https:\/\/yoast.com\/product\/yoast-seo-wordpress\/ -->\n<title>5-Door Enclosed Passenger Trike for Resorts | Factory FCL - ORVIK | ORVIK|Light Commercial Electric Vehicles<\/title>\n<meta name=\"robots\" content=\"index, follow, max-snippet:-1, max-image-preview:large, max-video-preview:-1\" \/>\n<link rel=\"canonical\" href=\"https:\/\/orvikpower.com\/es\/product\/5-door-enclosed-passenger-trike-for-resorts-factory-fcl-orvik\" \/>\n<meta property=\"og:locale\" content=\"es_ES\" \/>\n<meta property=\"og:type\" content=\"article\" \/>\n<meta property=\"og:title\" content=\"5-Door Enclosed Passenger Trike for Resorts | Factory FCL - ORVIK | ORVIK|Light Commercial Electric Vehicles\" \/>\n<meta property=\"og:description\" content=\"Wholesale 1000W 5-door enclosed electric passenger trike. Features A\/C options, heater &amp; Arctic-ready chassis for campus transit. Get factory FCL quotes.\" \/>\n<meta property=\"og:url\" content=\"https:\/\/orvikpower.com\/es\/product\/5-door-enclosed-passenger-trike-for-resorts-factory-fcl-orvik\" \/>\n<meta property=\"og:site_name\" content=\"ORVIK|Light Commercial Electric Vehicles\" \/>\n<meta property=\"og:image\" content=\"https:\/\/orvikpower.com\/wp-content\/uploads\/2026\/04\/\u7b2c14\u9875-93.png\" \/>\n\t<meta property=\"og:image:width\" content=\"2008\" \/>\n\t<meta property=\"og:image:height\" content=\"2008\" \/>\n\t<meta property=\"og:image:type\" content=\"image\/png\" \/>\n<meta name=\"twitter:card\" content=\"summary_large_image\" \/>\n<meta name=\"twitter:label1\" content=\"Tiempo de lectura\" \/>\n\t<meta name=\"twitter:data1\" content=\"2 minutos\" \/>\n<script type=\"application\/ld+json\" class=\"yoast-schema-graph\">{\"@context\":\"https:\/\/schema.org\",\"@graph\":[{\"@type\":\"WebPage\",\"@id\":\"https:\/\/orvikpower.com\/product\/5-door-enclosed-passenger-trike-for-resorts-factory-fcl-orvik\",\"url\":\"https:\/\/orvikpower.com\/product\/5-door-enclosed-passenger-trike-for-resorts-factory-fcl-orvik\",\"name\":\"5-Door Enclosed Passenger Trike for Resorts | Factory FCL - ORVIK | ORVIK|Light Commercial Electric Vehicles\",\"isPartOf\":{\"@id\":\"https:\/\/orvikpower.com\/#website\"},\"primaryImageOfPage\":{\"@id\":\"https:\/\/orvikpower.com\/product\/5-door-enclosed-passenger-trike-for-resorts-factory-fcl-orvik#primaryimage\"},\"image\":{\"@id\":\"https:\/\/orvikpower.com\/product\/5-door-enclosed-passenger-trike-for-resorts-factory-fcl-orvik#primaryimage\"},\"thumbnailUrl\":\"https:\/\/orvikpower.com\/wp-content\/uploads\/2026\/04\/\u7b2c14\u9875-93.png\",\"datePublished\":\"2026-04-08T05:59:52+00:00\",\"breadcrumb\":{\"@id\":\"https:\/\/orvikpower.com\/product\/5-door-enclosed-passenger-trike-for-resorts-factory-fcl-orvik#breadcrumb\"},\"inLanguage\":\"es\",\"potentialAction\":[{\"@type\":\"ReadAction\",\"target\":[\"https:\/\/orvikpower.com\/product\/5-door-enclosed-passenger-trike-for-resorts-factory-fcl-orvik\"]}]},{\"@type\":\"ImageObject\",\"inLanguage\":\"es\",\"@id\":\"https:\/\/orvikpower.com\/product\/5-door-enclosed-passenger-trike-for-resorts-factory-fcl-orvik#primaryimage\",\"url\":\"https:\/\/orvikpower.com\/wp-content\/uploads\/2026\/04\/\u7b2c14\u9875-93.png\",\"contentUrl\":\"https:\/\/orvikpower.com\/wp-content\/uploads\/2026\/04\/\u7b2c14\u9875-93.png\",\"width\":2008,\"height\":2008,\"caption\":\"Wholesale 1000W 5-door enclosed electric passenger trike. Features A\/C options, heater & Arctic-ready chassis for campus transit. Get factory FCL quotes.\"},{\"@type\":\"BreadcrumbList\",\"@id\":\"https:\/\/orvikpower.com\/product\/5-door-enclosed-passenger-trike-for-resorts-factory-fcl-orvik#breadcrumb\",\"itemListElement\":[{\"@type\":\"ListItem\",\"position\":1,\"name\":\"Home\",\"item\":\"https:\/\/orvikpower.com\/\"},{\"@type\":\"ListItem\",\"position\":2,\"name\":\"SHOP\",\"item\":\"https:\/\/orvikpower.com\/shop\"},{\"@type\":\"ListItem\",\"position\":3,\"name\":\"5-Door Enclosed Passenger Trike for Resorts | Factory FCL &#8211; ORVIK\"}]},{\"@type\":\"WebSite\",\"@id\":\"https:\/\/orvikpower.com\/#website\",\"url\":\"https:\/\/orvikpower.com\/\",\"name\":\"ORVIK | Light Commercial Electric Vehicles\",\"description\":\"Premier Manufacturer of Off-road Electric Utility Vehicles, Pickups &amp; Mini Trucks. High-Temp &amp; Arctic Ready designs for farms &amp; mines. Save costs with Factory-Direct FCL. Make work flow. Get a Quote.\",\"publisher\":{\"@id\":\"https:\/\/orvikpower.com\/#organization\"},\"potentialAction\":[{\"@type\":\"SearchAction\",\"target\":{\"@type\":\"EntryPoint\",\"urlTemplate\":\"https:\/\/orvikpower.com\/?s={search_term_string}\"},\"query-input\":{\"@type\":\"PropertyValueSpecification\",\"valueRequired\":true,\"valueName\":\"search_term_string\"}}],\"inLanguage\":\"es\"},{\"@type\":\"Organization\",\"@id\":\"https:\/\/orvikpower.com\/#organization\",\"name\":\"ORVIK | Light Commercial Electric Vehicles\",\"url\":\"https:\/\/orvikpower.com\/\",\"logo\":{\"@type\":\"ImageObject\",\"inLanguage\":\"es\",\"@id\":\"https:\/\/orvikpower.com\/#\/schema\/logo\/image\/\",\"url\":\"https:\/\/orvikpower.com\/wp-content\/uploads\/2026\/01\/cropped-logo-h-main-small.png\",\"contentUrl\":\"https:\/\/orvikpower.com\/wp-content\/uploads\/2026\/01\/cropped-logo-h-main-small.png\",\"width\":512,\"height\":512,\"caption\":\"ORVIK | Light Commercial Electric Vehicles\"},\"image\":{\"@id\":\"https:\/\/orvikpower.com\/#\/schema\/logo\/image\/\"},\"sameAs\":[\"https:\/\/www.youtube.com\/@ORVIKOrvikPower\",\"https:\/\/www.pinterest.com\/OrvikPower\/\"]}]}<\/script>\n<!-- \/ Yoast SEO plugin. -->","yoast_head_json":{"title":"Triciclo Cerrado de 5 Puertas para Pasajeros en Resorts | Factory FCL - ORVIK | ORVIK|Light Commercial Electric Vehicles","robots":{"index":"index","follow":"follow","max-snippet":"max-snippet:-1","max-image-preview":"max-image-preview:large","max-video-preview":"max-video-preview:-1"},"canonical":"https:\/\/orvikpower.com\/es\/product\/5-door-enclosed-passenger-trike-for-resorts-factory-fcl-orvik","og_locale":"es_ES","og_type":"article","og_title":"5-Door Enclosed Passenger Trike for Resorts | Factory FCL - ORVIK | ORVIK|Light Commercial Electric Vehicles","og_description":"Wholesale 1000W 5-door enclosed electric passenger trike. Features A\/C options, heater &amp; Arctic-ready chassis for campus transit. Get factory FCL quotes.","og_url":"https:\/\/orvikpower.com\/es\/product\/5-door-enclosed-passenger-trike-for-resorts-factory-fcl-orvik","og_site_name":"ORVIK|Light Commercial Electric Vehicles","og_image":[{"width":2008,"height":2008,"url":"https:\/\/orvikpower.com\/wp-content\/uploads\/2026\/04\/\u7b2c14\u9875-93.png","type":"image\/png"}],"twitter_card":"summary_large_image","twitter_misc":{"Tiempo de lectura":"2 minutos"},"schema":{"@context":"https:\/\/schema.org","@graph":[{"@type":"WebPage","@id":"https:\/\/orvikpower.com\/product\/5-door-enclosed-passenger-trike-for-resorts-factory-fcl-orvik","url":"https:\/\/orvikpower.com\/product\/5-door-enclosed-passenger-trike-for-resorts-factory-fcl-orvik","name":"Triciclo Cerrado de 5 Puertas para Pasajeros en Resorts | Factory FCL - ORVIK | ORVIK|Light Commercial Electric Vehicles","isPartOf":{"@id":"https:\/\/orvikpower.com\/#website"},"primaryImageOfPage":{"@id":"https:\/\/orvikpower.com\/product\/5-door-enclosed-passenger-trike-for-resorts-factory-fcl-orvik#primaryimage"},"image":{"@id":"https:\/\/orvikpower.com\/product\/5-door-enclosed-passenger-trike-for-resorts-factory-fcl-orvik#primaryimage"},"thumbnailUrl":"https:\/\/orvikpower.com\/wp-content\/uploads\/2026\/04\/\u7b2c14\u9875-93.png","datePublished":"2026-04-08T05:59:52+00:00","breadcrumb":{"@id":"https:\/\/orvikpower.com\/product\/5-door-enclosed-passenger-trike-for-resorts-factory-fcl-orvik#breadcrumb"},"inLanguage":"es","potentialAction":[{"@type":"ReadAction","target":["https:\/\/orvikpower.com\/product\/5-door-enclosed-passenger-trike-for-resorts-factory-fcl-orvik"]}]},{"@type":"ImageObject","inLanguage":"es","@id":"https:\/\/orvikpower.com\/product\/5-door-enclosed-passenger-trike-for-resorts-factory-fcl-orvik#primaryimage","url":"https:\/\/orvikpower.com\/wp-content\/uploads\/2026\/04\/\u7b2c14\u9875-93.png","contentUrl":"https:\/\/orvikpower.com\/wp-content\/uploads\/2026\/04\/\u7b2c14\u9875-93.png","width":2008,"height":2008,"caption":"Wholesale 1000W 5-door enclosed electric passenger trike. Features A\/C options, heater & Arctic-ready chassis for campus transit. Get factory FCL quotes."},{"@type":"BreadcrumbList","@id":"https:\/\/orvikpower.com\/product\/5-door-enclosed-passenger-trike-for-resorts-factory-fcl-orvik#breadcrumb","itemListElement":[{"@type":"ListItem","position":1,"name":"Home","item":"https:\/\/orvikpower.com\/"},{"@type":"ListItem","position":2,"name":"SHOP","item":"https:\/\/orvikpower.com\/shop"},{"@type":"ListItem","position":3,"name":"5-Door Enclosed Passenger Trike for Resorts | Factory FCL &#8211; ORVIK"}]},{"@type":"WebSite","@id":"https:\/\/orvikpower.com\/#website","url":"https:\/\/orvikpower.com\/","name":"ORVIK | Veh\u00edculos el\u00e9ctricos comerciales ligeros","description":"Primer fabricante de veh\u00edculos utilitarios el\u00e9ctricos todoterreno, camionetas y minicamiones. Dise\u00f1os de alta temperatura y preparados para el \u00c1rtico para granjas y minas. Ahorre costes con FCL directo de f\u00e1brica. Haga que el trabajo fluya. Obtenga una cotizaci\u00f3n.","publisher":{"@id":"https:\/\/orvikpower.com\/#organization"},"potentialAction":[{"@type":"SearchAction","target":{"@type":"EntryPoint","urlTemplate":"https:\/\/orvikpower.com\/?s={search_term_string}"},"query-input":{"@type":"PropertyValueSpecification","valueRequired":true,"valueName":"search_term_string"}}],"inLanguage":"es"},{"@type":"Organization","@id":"https:\/\/orvikpower.com\/#organization","name":"ORVIK | Veh\u00edculos el\u00e9ctricos comerciales ligeros","url":"https:\/\/orvikpower.com\/","logo":{"@type":"ImageObject","inLanguage":"es","@id":"https:\/\/orvikpower.com\/#\/schema\/logo\/image\/","url":"https:\/\/orvikpower.com\/wp-content\/uploads\/2026\/01\/cropped-logo-h-main-small.png","contentUrl":"https:\/\/orvikpower.com\/wp-content\/uploads\/2026\/01\/cropped-logo-h-main-small.png","width":512,"height":512,"caption":"ORVIK | Light Commercial Electric Vehicles"},"image":{"@id":"https:\/\/orvikpower.com\/#\/schema\/logo\/image\/"},"sameAs":["https:\/\/www.youtube.com\/@ORVIKOrvikPower","https:\/\/www.pinterest.com\/OrvikPower\/"]}]}},"_links":{"self":[{"href":"https:\/\/orvikpower.com\/es\/wp-json\/wp\/v2\/product\/19903","targetHints":{"allow":["GET"]}}],"collection":[{"href":"https:\/\/orvikpower.com\/es\/wp-json\/wp\/v2\/product"}],"about":[{"href":"https:\/\/orvikpower.com\/es\/wp-json\/wp\/v2\/types\/product"}],"replies":[{"embeddable":true,"href":"https:\/\/orvikpower.com\/es\/wp-json\/wp\/v2\/comments?post=19903"}],"wp:featuredmedia":[{"embeddable":true,"href":"https:\/\/orvikpower.com\/es\/wp-json\/wp\/v2\/media\/19908"}],"wp:attachment":[{"href":"https:\/\/orvikpower.com\/es\/wp-json\/wp\/v2\/media?parent=19903"}],"wp:term":[{"taxonomy":"product_brand","embeddable":true,"href":"https:\/\/orvikpower.com\/es\/wp-json\/wp\/v2\/product_brand?post=19903"},{"taxonomy":"product_cat","embeddable":true,"href":"https:\/\/orvikpower.com\/es\/wp-json\/wp\/v2\/product_cat?post=19903"},{"taxonomy":"product_tag","embeddable":true,"href":"https:\/\/orvikpower.com\/es\/wp-json\/wp\/v2\/product_tag?post=19903"}],"curies":[{"name":"wp","href":"https:\/\/api.w.org\/{rel}","templated":true}]}}