{"id":19912,"date":"2026-04-08T06:19:34","date_gmt":"2026-04-08T06:19:34","guid":{"rendered":"https:\/\/orvikpower.com\/?post_type=product&#038;p=19912"},"modified":"2026-04-08T06:19:34","modified_gmt":"2026-04-08T06:19:34","slug":"premium-abs-enclosed-passenger-trike-1200w-factory-fcl-orvik","status":"publish","type":"product","link":"https:\/\/orvikpower.com\/es\/product\/premium-abs-enclosed-passenger-trike-1200w-factory-fcl-orvik","title":{"rendered":"Triciclo de Pasajeros Cerrado ABS Premium (1200W) | FCL de F\u00e1brica - ORVIK"},"content":{"rendered":"<p dir=\"auto\">El ORVIK 2-Door Premium Enclosed Trike redefine el tr\u00e1nsito de propiedad privada mediante la utilizaci\u00f3n avanzada de grado automotriz ABS moldeado por inyecci\u00f3n sobre un marco reforzado de alta resistencia. Dise\u00f1ado estrictamente para el uso fuera de carretera y el campus, este m\u00e9todo de construcci\u00f3n no s\u00f3lo reduce significativamente el peso del veh\u00edculo para maximizar la eficiencia de la bater\u00eda, sino que tambi\u00e9n proporciona una resistencia superior a la oxidaci\u00f3n y la corrosi\u00f3n, por lo que es la mejor opci\u00f3n para los centros tur\u00edsticos costeros o ambientes muy h\u00famedos.<\/p>\n<div class=\"my-2\"><\/div>\n<p dir=\"auto\">La seguridad y la experiencia de los pasajeros son primordiales. El veh\u00edculo est\u00e1 equipado con un sistema de frenos de doble disco delantero y trasero de gran capacidad de respuesta y una cabina de primera calidad con elevalunas el\u00e9ctricos, cierre centralizado, audio Bluetooth y aire acondicionado opcional (calefacci\u00f3n y refrigeraci\u00f3n). Al cambiar su flota de lanzaderas VIP a este modelo el\u00e9ctrico, elimina el ruido del motor y el mantenimiento, lo que reduce directamente el coste total de propiedad (TCO). Para adaptarse a sus demandas operativas espec\u00edficas, el sistema de bater\u00edas es completamente personalizable (elija plomo-\u00e1cido para el presupuesto o LiFePO4 para climas extremos). Aunque cuenta con un robusto motor est\u00e1ndar de 1200 W, ofrecemos mejoras de potencia personalizadas para superar pendientes pronunciadas. Fabricado de primera calidad. Fabricado directamente. Dise\u00f1ado para que su trabajo fluya.<\/p>\n<table>\n<thead>\n<tr>\n<th>Categor\u00eda de par\u00e1metros<\/th>\n<th>Especificaciones<\/th>\n<\/tr>\n<\/thead>\n<tbody>\n<tr>\n<td><strong>Dimensiones totales (L*A*A)<\/strong><\/td>\n<td>2330 <em>1200 <\/em>1630 mm<\/td>\n<\/tr>\n<tr>\n<td><strong>Estructura corporal<\/strong><\/td>\n<td>Dos puertas, tres plazas (moldeado por inyecci\u00f3n de ABS de calidad automovil\u00edstica)<\/td>\n<\/tr>\n<tr>\n<td><strong>Tensi\u00f3n<\/strong><\/td>\n<td>60V \/ 72V Universal<\/td>\n<\/tr>\n<tr>\n<td><strong>Potencia del motor<\/strong><\/td>\n<td>1200 W est\u00e1ndar (actualizaciones de potencia personalizables disponibles)<\/td>\n<\/tr>\n<tr>\n<td><strong>Controlador<\/strong><\/td>\n<td>Controlador inteligente<\/td>\n<\/tr>\n<tr>\n<td><strong>Tipo de bater\u00eda<\/strong><\/td>\n<td>Personalizable (Plomo-\u00e1cido \/ LiFePO4)<\/td>\n<\/tr>\n<tr>\n<td><strong>Suspensi\u00f3n<\/strong><\/td>\n<td>Suspensi\u00f3n del puente del eje trasero<\/td>\n<\/tr>\n<tr>\n<td><strong>Sistema de frenado<\/strong><\/td>\n<td>Frenos de disco delanteros y traseros<\/td>\n<\/tr>\n<tr>\n<td><strong>Tama\u00f1o del neum\u00e1tico<\/strong><\/td>\n<td>Delantero: 130-70R12 \/ Trasero: 135-70R12<\/td>\n<\/tr>\n<tr>\n<td><strong>Configuraciones principales<\/strong><\/td>\n<td>Elevalunas El\u00e9ctricos, Cierre Centralizado\/Antirrobo Integrado, Push-to-Start, Carrocer\u00eda de Pl\u00e1stico ABS, Interior Cromado, Audio Bluetooth, Limpiaparabrisas Sin Escobillas, Techo Solar con Ventilador, Iluminaci\u00f3n Interior, Carga USB, C\u00e1mara de Visi\u00f3n Trasera HD.<\/td>\n<\/tr>\n<\/tbody>\n<\/table>","protected":false},"excerpt":{"rendered":"<p>Triciclo el\u00e9ctrico de 1200W para pasajeros con carrocer\u00eda ABS de calidad automovil\u00edstica y frenos de disco dobles. A \/ C opciones disponibles. Obtenga cotizaciones FCL de f\u00e1brica.<\/p>","protected":false},"featured_media":19917,"comment_status":"open","ping_status":"closed","template":"","meta":{"_eb_attr":""},"product_brand":[],"product_cat":[70,73],"product_tag":[173,159,149,171,172],"class_list":{"0":"post-19912","1":"product","2":"type-product","3":"status-publish","4":"has-post-thumbnail","6":"product_cat-lsev-passenger-mobility","7":"product_cat-sightseeing-shuttle-buses","8":"product_tag-coastal-property-transit","9":"product_tag-industrial-campus","10":"product_tag-off-road","11":"product_tag-premium-resort-shuttle","12":"product_tag-real-estate-vip-viewing","14":"first","15":"instock","16":"shipping-taxable","17":"product-type-simple"},"yoast_head":"<!-- This site is optimized with the Yoast SEO plugin v26.9 - https:\/\/yoast.com\/product\/yoast-seo-wordpress\/ -->\n<title>Premium ABS Enclosed Passenger Trike (1200W) | Factory FCL - ORVIK | ORVIK|Light Commercial Electric Vehicles<\/title>\n<meta name=\"robots\" content=\"index, follow, max-snippet:-1, max-image-preview:large, max-video-preview:-1\" \/>\n<link rel=\"canonical\" href=\"https:\/\/orvikpower.com\/es\/product\/premium-abs-enclosed-passenger-trike-1200w-factory-fcl-orvik\" \/>\n<meta property=\"og:locale\" content=\"es_ES\" \/>\n<meta property=\"og:type\" content=\"article\" \/>\n<meta property=\"og:title\" content=\"Premium ABS Enclosed Passenger Trike (1200W) | Factory FCL - ORVIK | ORVIK|Light Commercial Electric Vehicles\" \/>\n<meta property=\"og:description\" content=\"Wholesale 1200W enclosed electric passenger trike featuring an automotive-grade ABS body and dual disc brakes. A\/C options available. Get factory FCL quotes.\" \/>\n<meta property=\"og:url\" content=\"https:\/\/orvikpower.com\/es\/product\/premium-abs-enclosed-passenger-trike-1200w-factory-fcl-orvik\" \/>\n<meta property=\"og:site_name\" content=\"ORVIK|Light Commercial Electric Vehicles\" \/>\n<meta property=\"og:image\" content=\"https:\/\/orvikpower.com\/wp-content\/uploads\/2026\/04\/\u7b2c15\u9875-99.png\" \/>\n\t<meta property=\"og:image:width\" content=\"2008\" \/>\n\t<meta property=\"og:image:height\" content=\"2008\" \/>\n\t<meta property=\"og:image:type\" content=\"image\/png\" \/>\n<meta name=\"twitter:card\" content=\"summary_large_image\" \/>\n<meta name=\"twitter:label1\" content=\"Tiempo de lectura\" \/>\n\t<meta name=\"twitter:data1\" content=\"2 minutos\" \/>\n<script type=\"application\/ld+json\" class=\"yoast-schema-graph\">{\"@context\":\"https:\/\/schema.org\",\"@graph\":[{\"@type\":\"WebPage\",\"@id\":\"https:\/\/orvikpower.com\/product\/premium-abs-enclosed-passenger-trike-1200w-factory-fcl-orvik\",\"url\":\"https:\/\/orvikpower.com\/product\/premium-abs-enclosed-passenger-trike-1200w-factory-fcl-orvik\",\"name\":\"Premium ABS Enclosed Passenger Trike (1200W) | Factory FCL - ORVIK | ORVIK|Light Commercial Electric Vehicles\",\"isPartOf\":{\"@id\":\"https:\/\/orvikpower.com\/#website\"},\"primaryImageOfPage\":{\"@id\":\"https:\/\/orvikpower.com\/product\/premium-abs-enclosed-passenger-trike-1200w-factory-fcl-orvik#primaryimage\"},\"image\":{\"@id\":\"https:\/\/orvikpower.com\/product\/premium-abs-enclosed-passenger-trike-1200w-factory-fcl-orvik#primaryimage\"},\"thumbnailUrl\":\"https:\/\/orvikpower.com\/wp-content\/uploads\/2026\/04\/\u7b2c15\u9875-99.png\",\"datePublished\":\"2026-04-08T06:19:34+00:00\",\"breadcrumb\":{\"@id\":\"https:\/\/orvikpower.com\/product\/premium-abs-enclosed-passenger-trike-1200w-factory-fcl-orvik#breadcrumb\"},\"inLanguage\":\"es\",\"potentialAction\":[{\"@type\":\"ReadAction\",\"target\":[\"https:\/\/orvikpower.com\/product\/premium-abs-enclosed-passenger-trike-1200w-factory-fcl-orvik\"]}]},{\"@type\":\"ImageObject\",\"inLanguage\":\"es\",\"@id\":\"https:\/\/orvikpower.com\/product\/premium-abs-enclosed-passenger-trike-1200w-factory-fcl-orvik#primaryimage\",\"url\":\"https:\/\/orvikpower.com\/wp-content\/uploads\/2026\/04\/\u7b2c15\u9875-99.png\",\"contentUrl\":\"https:\/\/orvikpower.com\/wp-content\/uploads\/2026\/04\/\u7b2c15\u9875-99.png\",\"width\":2008,\"height\":2008,\"caption\":\"Wholesale 1200W enclosed electric passenger trike featuring an automotive-grade ABS body and dual disc brakes. A\/C options available. Get factory FCL quotes.\"},{\"@type\":\"BreadcrumbList\",\"@id\":\"https:\/\/orvikpower.com\/product\/premium-abs-enclosed-passenger-trike-1200w-factory-fcl-orvik#breadcrumb\",\"itemListElement\":[{\"@type\":\"ListItem\",\"position\":1,\"name\":\"Home\",\"item\":\"https:\/\/orvikpower.com\/\"},{\"@type\":\"ListItem\",\"position\":2,\"name\":\"SHOP\",\"item\":\"https:\/\/orvikpower.com\/shop\"},{\"@type\":\"ListItem\",\"position\":3,\"name\":\"Premium ABS Enclosed Passenger Trike (1200W) | Factory FCL &#8211; ORVIK\"}]},{\"@type\":\"WebSite\",\"@id\":\"https:\/\/orvikpower.com\/#website\",\"url\":\"https:\/\/orvikpower.com\/\",\"name\":\"ORVIK | Light Commercial Electric Vehicles\",\"description\":\"Premier Manufacturer of Off-road Electric Utility Vehicles, Pickups &amp; Mini Trucks. High-Temp &amp; Arctic Ready designs for farms &amp; mines. Save costs with Factory-Direct FCL. Make work flow. Get a Quote.\",\"publisher\":{\"@id\":\"https:\/\/orvikpower.com\/#organization\"},\"potentialAction\":[{\"@type\":\"SearchAction\",\"target\":{\"@type\":\"EntryPoint\",\"urlTemplate\":\"https:\/\/orvikpower.com\/?s={search_term_string}\"},\"query-input\":{\"@type\":\"PropertyValueSpecification\",\"valueRequired\":true,\"valueName\":\"search_term_string\"}}],\"inLanguage\":\"es\"},{\"@type\":\"Organization\",\"@id\":\"https:\/\/orvikpower.com\/#organization\",\"name\":\"ORVIK | Light Commercial Electric Vehicles\",\"url\":\"https:\/\/orvikpower.com\/\",\"logo\":{\"@type\":\"ImageObject\",\"inLanguage\":\"es\",\"@id\":\"https:\/\/orvikpower.com\/#\/schema\/logo\/image\/\",\"url\":\"https:\/\/orvikpower.com\/wp-content\/uploads\/2026\/01\/cropped-logo-h-main-small.png\",\"contentUrl\":\"https:\/\/orvikpower.com\/wp-content\/uploads\/2026\/01\/cropped-logo-h-main-small.png\",\"width\":512,\"height\":512,\"caption\":\"ORVIK | Light Commercial Electric Vehicles\"},\"image\":{\"@id\":\"https:\/\/orvikpower.com\/#\/schema\/logo\/image\/\"},\"sameAs\":[\"https:\/\/www.youtube.com\/@ORVIKOrvikPower\",\"https:\/\/www.pinterest.com\/OrvikPower\/\"]}]}<\/script>\n<!-- \/ Yoast SEO plugin. -->","yoast_head_json":{"title":"Premium ABS Enclosed Passenger Trike (1200W) | Factory FCL - ORVIK | ORVIK|Light Commercial Electric Vehicles","robots":{"index":"index","follow":"follow","max-snippet":"max-snippet:-1","max-image-preview":"max-image-preview:large","max-video-preview":"max-video-preview:-1"},"canonical":"https:\/\/orvikpower.com\/es\/product\/premium-abs-enclosed-passenger-trike-1200w-factory-fcl-orvik","og_locale":"es_ES","og_type":"article","og_title":"Premium ABS Enclosed Passenger Trike (1200W) | Factory FCL - ORVIK | ORVIK|Light Commercial Electric Vehicles","og_description":"Wholesale 1200W enclosed electric passenger trike featuring an automotive-grade ABS body and dual disc brakes. A\/C options available. Get factory FCL quotes.","og_url":"https:\/\/orvikpower.com\/es\/product\/premium-abs-enclosed-passenger-trike-1200w-factory-fcl-orvik","og_site_name":"ORVIK|Light Commercial Electric Vehicles","og_image":[{"width":2008,"height":2008,"url":"https:\/\/orvikpower.com\/wp-content\/uploads\/2026\/04\/\u7b2c15\u9875-99.png","type":"image\/png"}],"twitter_card":"summary_large_image","twitter_misc":{"Tiempo de lectura":"2 minutos"},"schema":{"@context":"https:\/\/schema.org","@graph":[{"@type":"WebPage","@id":"https:\/\/orvikpower.com\/product\/premium-abs-enclosed-passenger-trike-1200w-factory-fcl-orvik","url":"https:\/\/orvikpower.com\/product\/premium-abs-enclosed-passenger-trike-1200w-factory-fcl-orvik","name":"Premium ABS Enclosed Passenger Trike (1200W) | Factory FCL - ORVIK | ORVIK|Light Commercial Electric Vehicles","isPartOf":{"@id":"https:\/\/orvikpower.com\/#website"},"primaryImageOfPage":{"@id":"https:\/\/orvikpower.com\/product\/premium-abs-enclosed-passenger-trike-1200w-factory-fcl-orvik#primaryimage"},"image":{"@id":"https:\/\/orvikpower.com\/product\/premium-abs-enclosed-passenger-trike-1200w-factory-fcl-orvik#primaryimage"},"thumbnailUrl":"https:\/\/orvikpower.com\/wp-content\/uploads\/2026\/04\/\u7b2c15\u9875-99.png","datePublished":"2026-04-08T06:19:34+00:00","breadcrumb":{"@id":"https:\/\/orvikpower.com\/product\/premium-abs-enclosed-passenger-trike-1200w-factory-fcl-orvik#breadcrumb"},"inLanguage":"es","potentialAction":[{"@type":"ReadAction","target":["https:\/\/orvikpower.com\/product\/premium-abs-enclosed-passenger-trike-1200w-factory-fcl-orvik"]}]},{"@type":"ImageObject","inLanguage":"es","@id":"https:\/\/orvikpower.com\/product\/premium-abs-enclosed-passenger-trike-1200w-factory-fcl-orvik#primaryimage","url":"https:\/\/orvikpower.com\/wp-content\/uploads\/2026\/04\/\u7b2c15\u9875-99.png","contentUrl":"https:\/\/orvikpower.com\/wp-content\/uploads\/2026\/04\/\u7b2c15\u9875-99.png","width":2008,"height":2008,"caption":"Wholesale 1200W enclosed electric passenger trike featuring an automotive-grade ABS body and dual disc brakes. A\/C options available. Get factory FCL quotes."},{"@type":"BreadcrumbList","@id":"https:\/\/orvikpower.com\/product\/premium-abs-enclosed-passenger-trike-1200w-factory-fcl-orvik#breadcrumb","itemListElement":[{"@type":"ListItem","position":1,"name":"Home","item":"https:\/\/orvikpower.com\/"},{"@type":"ListItem","position":2,"name":"SHOP","item":"https:\/\/orvikpower.com\/shop"},{"@type":"ListItem","position":3,"name":"Premium ABS Enclosed Passenger Trike (1200W) | Factory FCL &#8211; ORVIK"}]},{"@type":"WebSite","@id":"https:\/\/orvikpower.com\/#website","url":"https:\/\/orvikpower.com\/","name":"ORVIK | Veh\u00edculos el\u00e9ctricos comerciales ligeros","description":"Primer fabricante de veh\u00edculos utilitarios el\u00e9ctricos todoterreno, camionetas y minicamiones. Dise\u00f1os de alta temperatura y preparados para el \u00c1rtico para granjas y minas. Ahorre costes con FCL directo de f\u00e1brica. Haga que el trabajo fluya. Obtenga una cotizaci\u00f3n.","publisher":{"@id":"https:\/\/orvikpower.com\/#organization"},"potentialAction":[{"@type":"SearchAction","target":{"@type":"EntryPoint","urlTemplate":"https:\/\/orvikpower.com\/?s={search_term_string}"},"query-input":{"@type":"PropertyValueSpecification","valueRequired":true,"valueName":"search_term_string"}}],"inLanguage":"es"},{"@type":"Organization","@id":"https:\/\/orvikpower.com\/#organization","name":"ORVIK | Veh\u00edculos el\u00e9ctricos comerciales ligeros","url":"https:\/\/orvikpower.com\/","logo":{"@type":"ImageObject","inLanguage":"es","@id":"https:\/\/orvikpower.com\/#\/schema\/logo\/image\/","url":"https:\/\/orvikpower.com\/wp-content\/uploads\/2026\/01\/cropped-logo-h-main-small.png","contentUrl":"https:\/\/orvikpower.com\/wp-content\/uploads\/2026\/01\/cropped-logo-h-main-small.png","width":512,"height":512,"caption":"ORVIK | Light Commercial Electric Vehicles"},"image":{"@id":"https:\/\/orvikpower.com\/#\/schema\/logo\/image\/"},"sameAs":["https:\/\/www.youtube.com\/@ORVIKOrvikPower","https:\/\/www.pinterest.com\/OrvikPower\/"]}]}},"_links":{"self":[{"href":"https:\/\/orvikpower.com\/es\/wp-json\/wp\/v2\/product\/19912","targetHints":{"allow":["GET"]}}],"collection":[{"href":"https:\/\/orvikpower.com\/es\/wp-json\/wp\/v2\/product"}],"about":[{"href":"https:\/\/orvikpower.com\/es\/wp-json\/wp\/v2\/types\/product"}],"replies":[{"embeddable":true,"href":"https:\/\/orvikpower.com\/es\/wp-json\/wp\/v2\/comments?post=19912"}],"wp:featuredmedia":[{"embeddable":true,"href":"https:\/\/orvikpower.com\/es\/wp-json\/wp\/v2\/media\/19917"}],"wp:attachment":[{"href":"https:\/\/orvikpower.com\/es\/wp-json\/wp\/v2\/media?parent=19912"}],"wp:term":[{"taxonomy":"product_brand","embeddable":true,"href":"https:\/\/orvikpower.com\/es\/wp-json\/wp\/v2\/product_brand?post=19912"},{"taxonomy":"product_cat","embeddable":true,"href":"https:\/\/orvikpower.com\/es\/wp-json\/wp\/v2\/product_cat?post=19912"},{"taxonomy":"product_tag","embeddable":true,"href":"https:\/\/orvikpower.com\/es\/wp-json\/wp\/v2\/product_tag?post=19912"}],"curies":[{"name":"wp","href":"https:\/\/api.w.org\/{rel}","templated":true}]}}