{"id":19926,"date":"2026-04-08T06:41:20","date_gmt":"2026-04-08T06:41:20","guid":{"rendered":"https:\/\/orvikpower.com\/?post_type=product&#038;p=19926"},"modified":"2026-04-08T06:41:20","modified_gmt":"2026-04-08T06:41:20","slug":"4-passenger-enclosed-electric-shuttle-1000w-factory-fcl-orvik","status":"publish","type":"product","link":"https:\/\/orvikpower.com\/es\/product\/4-passenger-enclosed-electric-shuttle-1000w-factory-fcl-orvik","title":{"rendered":"Lanzadera el\u00e9ctrica cerrada para 4 pasajeros (1000W) | Factory FCL - ORVIK"},"content":{"rendered":"<p dir=\"auto\">El ORVIK 2-Door, 4-Passenger Enclosed Shuttle es un veh\u00edculo el\u00e9ctrico muy vers\u00e1til y resistente a la intemperie dise\u00f1ado para los centros tur\u00edsticos fuera de carretera, la visualizaci\u00f3n de bienes ra\u00edces, y el tr\u00e1nsito del campus industrial. Con una cabina totalmente cerrada con un calentador integrado de serie, que garantiza la comodidad de los pasajeros durante los inviernos helados, mientras que el control de clima opcional A \/ C asegura una experiencia VIP de primera calidad en ambientes des\u00e9rticos abrasadores. Construido sobre un chasis de alta resistencia con suspensi\u00f3n trasera de ballestas, este veh\u00edculo se desplaza sin problemas por los caminos de grava y tierra irregulares habituales en las propiedades privadas.<\/p>\n<div class=\"my-2\"><\/div>\n<p dir=\"auto\">La transici\u00f3n de su flota a este modelo el\u00e9ctrico elimina por completo el mantenimiento del motor de combusti\u00f3n interna y la contaminaci\u00f3n ac\u00fastica, reduciendo dr\u00e1sticamente el coste total de propiedad (TCO). Para adaptarse a su entorno operativo, el sistema de bater\u00edas es totalmente personalizable (puede elegir entre bater\u00edas de plomo-\u00e1cido econ\u00f3micas o LiFePO4 para temperaturas extremas). Lo que distingue a este modelo es su extrema modularidad: de serie con manillar y un motor de 1.000 W, los compradores de B2B pueden personalizarlo de f\u00e1brica con un volante, un motor de 1.500 W, marchas altas\/bajas de doble relaci\u00f3n para pendientes pronunciadas e incluso un techo solar para una resistencia sin conexi\u00f3n a la red. Creado para adaptarse. Construida directamente. Dise\u00f1ado para que su trabajo fluya.<\/p>\n<table>\n<thead>\n<tr>\n<th>Categor\u00eda de par\u00e1metros<\/th>\n<th>Especificaciones<\/th>\n<\/tr>\n<\/thead>\n<tbody>\n<tr>\n<td><strong>Dimensiones totales (L*A*A)<\/strong><\/td>\n<td>2450 <em>1250 <\/em>1650 mm<\/td>\n<\/tr>\n<tr>\n<td><strong>Estructura corporal<\/strong><\/td>\n<td>Cabina cerrada de dos puertas y cuatro plazas<\/td>\n<\/tr>\n<tr>\n<td><strong>Tensi\u00f3n<\/strong><\/td>\n<td>60-72V Universal<\/td>\n<\/tr>\n<tr>\n<td><strong>Potencia del motor<\/strong><\/td>\n<td>1000 W est\u00e1ndar (personalizable hasta 1500 W)<\/td>\n<\/tr>\n<tr>\n<td><strong>Controlador<\/strong><\/td>\n<td>Controlador doble de 18 tubos<\/td>\n<\/tr>\n<tr>\n<td><strong>Tipo de bater\u00eda<\/strong><\/td>\n<td>Personalizable (Plomo-\u00e1cido \/ LiFePO4)<\/td>\n<\/tr>\n<tr>\n<td><strong>Suspensi\u00f3n<\/strong><\/td>\n<td>Eje trasero Suspensi\u00f3n por ballestas<\/td>\n<\/tr>\n<tr>\n<td><strong>Sistema de frenado<\/strong><\/td>\n<td>Frenos de doble disco (actualizables a disco en las 4 ruedas)<\/td>\n<\/tr>\n<tr>\n<td><strong>Tama\u00f1o del neum\u00e1tico<\/strong><\/td>\n<td>4,00 - 10 (Llantas de aleaci\u00f3n de aluminio)<\/td>\n<\/tr>\n<tr>\n<td><strong>Configuraciones principales<\/strong><\/td>\n<td>Salpicadero LCD integrado, c\u00e1mara de visi\u00f3n trasera, calefacci\u00f3n del habit\u00e1culo, ventilador del techo solar, mando a distancia, radio, elevalunas manual<\/td>\n<\/tr>\n<tr>\n<td><strong>Mejoras opcionales<\/strong><\/td>\n<td>Motor de 1500 W, marchas altas\/bajas, volante, asientos divididos, aire acondicionado (calefacci\u00f3n y refrigeraci\u00f3n), paneles solares, extensor de autonom\u00eda<\/td>\n<\/tr>\n<tr>\n<td><strong>Colores disponibles<\/strong><\/td>\n<td>Personalizable a petici\u00f3n<\/td>\n<\/tr>\n<tr>\n<td><strong>Velocidad m\u00e1xima<\/strong><\/td>\n<td>Estrictamente limitado (uso fuera de carretera \/ propiedad privada \u00fanicamente)<\/td>\n<\/tr>\n<tr>\n<td><strong>Cantidad de carga (40HQ)<\/strong><\/td>\n<td>Aprox. 30-35 Unidades (SKD - Contactar para disposici\u00f3n precisa de contenedores)<\/td>\n<\/tr>\n<\/tbody>\n<\/table>","protected":false},"excerpt":{"rendered":"<p>Transbordador el\u00e9ctrico cerrado de 1000 W al por mayor (2 puertas, 4 plazas). Dispone de calefacci\u00f3n de cabina est\u00e1ndar, A \/ C opcional y techo solar para los centros tur\u00edsticos fuera de la red. Obtenga cotizaciones FCL.<\/p>","protected":false},"featured_media":19927,"comment_status":"open","ping_status":"closed","template":"","meta":{"_eb_attr":""},"product_brand":[],"product_cat":[70,73],"product_tag":[159,176,149,158,148,175],"class_list":{"0":"post-19926","1":"product","2":"type-product","3":"status-publish","4":"has-post-thumbnail","6":"product_cat-lsev-passenger-mobility","7":"product_cat-sightseeing-shuttle-buses","8":"product_tag-industrial-campus","9":"product_tag-off-grid-transit","10":"product_tag-off-road","11":"product_tag-resort-shuttle","12":"product_tag-security-patrol","13":"product_tag-vip-real-estate-viewing","15":"first","16":"instock","17":"shipping-taxable","18":"product-type-simple"},"yoast_head":"<!-- This site is optimized with the Yoast SEO plugin v26.9 - https:\/\/yoast.com\/product\/yoast-seo-wordpress\/ -->\n<title>4-Passenger Enclosed Electric Shuttle (1000W) | Factory FCL - ORVIK | ORVIK|Light Commercial Electric Vehicles<\/title>\n<meta name=\"robots\" content=\"index, follow, max-snippet:-1, max-image-preview:large, max-video-preview:-1\" \/>\n<link rel=\"canonical\" href=\"https:\/\/orvikpower.com\/es\/product\/4-passenger-enclosed-electric-shuttle-1000w-factory-fcl-orvik\" \/>\n<meta property=\"og:locale\" content=\"es_ES\" \/>\n<meta property=\"og:type\" content=\"article\" \/>\n<meta property=\"og:title\" content=\"4-Passenger Enclosed Electric Shuttle (1000W) | Factory FCL - ORVIK | ORVIK|Light Commercial Electric Vehicles\" \/>\n<meta property=\"og:description\" content=\"Wholesale 1000W enclosed electric shuttle (2-door, 4-seater). Features standard cabin heater, optional A\/C &amp; solar roof for off-grid resorts. Get FCL quotes.\" \/>\n<meta property=\"og:url\" content=\"https:\/\/orvikpower.com\/es\/product\/4-passenger-enclosed-electric-shuttle-1000w-factory-fcl-orvik\" \/>\n<meta property=\"og:site_name\" content=\"ORVIK|Light Commercial Electric Vehicles\" \/>\n<meta property=\"og:image\" content=\"https:\/\/orvikpower.com\/wp-content\/uploads\/2026\/04\/\u7b2c17\u9875-109-1024x1024.png\" \/>\n\t<meta property=\"og:image:width\" content=\"1024\" \/>\n\t<meta property=\"og:image:height\" content=\"1024\" \/>\n\t<meta property=\"og:image:type\" content=\"image\/png\" \/>\n<meta name=\"twitter:card\" content=\"summary_large_image\" \/>\n<meta name=\"twitter:label1\" content=\"Tiempo de lectura\" \/>\n\t<meta name=\"twitter:data1\" content=\"2 minutos\" \/>\n<script type=\"application\/ld+json\" class=\"yoast-schema-graph\">{\"@context\":\"https:\/\/schema.org\",\"@graph\":[{\"@type\":\"WebPage\",\"@id\":\"https:\/\/orvikpower.com\/product\/4-passenger-enclosed-electric-shuttle-1000w-factory-fcl-orvik\",\"url\":\"https:\/\/orvikpower.com\/product\/4-passenger-enclosed-electric-shuttle-1000w-factory-fcl-orvik\",\"name\":\"4-Passenger Enclosed Electric Shuttle (1000W) | Factory FCL - ORVIK | ORVIK|Light Commercial Electric Vehicles\",\"isPartOf\":{\"@id\":\"https:\/\/orvikpower.com\/#website\"},\"primaryImageOfPage\":{\"@id\":\"https:\/\/orvikpower.com\/product\/4-passenger-enclosed-electric-shuttle-1000w-factory-fcl-orvik#primaryimage\"},\"image\":{\"@id\":\"https:\/\/orvikpower.com\/product\/4-passenger-enclosed-electric-shuttle-1000w-factory-fcl-orvik#primaryimage\"},\"thumbnailUrl\":\"https:\/\/orvikpower.com\/wp-content\/uploads\/2026\/04\/\u7b2c17\u9875-109.png\",\"datePublished\":\"2026-04-08T06:41:20+00:00\",\"breadcrumb\":{\"@id\":\"https:\/\/orvikpower.com\/product\/4-passenger-enclosed-electric-shuttle-1000w-factory-fcl-orvik#breadcrumb\"},\"inLanguage\":\"es\",\"potentialAction\":[{\"@type\":\"ReadAction\",\"target\":[\"https:\/\/orvikpower.com\/product\/4-passenger-enclosed-electric-shuttle-1000w-factory-fcl-orvik\"]}]},{\"@type\":\"ImageObject\",\"inLanguage\":\"es\",\"@id\":\"https:\/\/orvikpower.com\/product\/4-passenger-enclosed-electric-shuttle-1000w-factory-fcl-orvik#primaryimage\",\"url\":\"https:\/\/orvikpower.com\/wp-content\/uploads\/2026\/04\/\u7b2c17\u9875-109.png\",\"contentUrl\":\"https:\/\/orvikpower.com\/wp-content\/uploads\/2026\/04\/\u7b2c17\u9875-109.png\",\"width\":2008,\"height\":2008,\"caption\":\"Wholesale 1000W enclosed electric shuttle (2-door, 4-seater). Features standard cabin heater, optional A\/C & solar roof for off-grid resorts. Get FCL quotes.\"},{\"@type\":\"BreadcrumbList\",\"@id\":\"https:\/\/orvikpower.com\/product\/4-passenger-enclosed-electric-shuttle-1000w-factory-fcl-orvik#breadcrumb\",\"itemListElement\":[{\"@type\":\"ListItem\",\"position\":1,\"name\":\"Home\",\"item\":\"https:\/\/orvikpower.com\/\"},{\"@type\":\"ListItem\",\"position\":2,\"name\":\"SHOP\",\"item\":\"https:\/\/orvikpower.com\/shop\"},{\"@type\":\"ListItem\",\"position\":3,\"name\":\"4-Passenger Enclosed Electric Shuttle (1000W) | Factory FCL &#8211; ORVIK\"}]},{\"@type\":\"WebSite\",\"@id\":\"https:\/\/orvikpower.com\/#website\",\"url\":\"https:\/\/orvikpower.com\/\",\"name\":\"ORVIK | Light Commercial Electric Vehicles\",\"description\":\"Premier Manufacturer of Off-road Electric Utility Vehicles, Pickups &amp; Mini Trucks. High-Temp &amp; Arctic Ready designs for farms &amp; mines. Save costs with Factory-Direct FCL. Make work flow. Get a Quote.\",\"publisher\":{\"@id\":\"https:\/\/orvikpower.com\/#organization\"},\"potentialAction\":[{\"@type\":\"SearchAction\",\"target\":{\"@type\":\"EntryPoint\",\"urlTemplate\":\"https:\/\/orvikpower.com\/?s={search_term_string}\"},\"query-input\":{\"@type\":\"PropertyValueSpecification\",\"valueRequired\":true,\"valueName\":\"search_term_string\"}}],\"inLanguage\":\"es\"},{\"@type\":\"Organization\",\"@id\":\"https:\/\/orvikpower.com\/#organization\",\"name\":\"ORVIK | Light Commercial Electric Vehicles\",\"url\":\"https:\/\/orvikpower.com\/\",\"logo\":{\"@type\":\"ImageObject\",\"inLanguage\":\"es\",\"@id\":\"https:\/\/orvikpower.com\/#\/schema\/logo\/image\/\",\"url\":\"https:\/\/orvikpower.com\/wp-content\/uploads\/2026\/01\/cropped-logo-h-main-small.png\",\"contentUrl\":\"https:\/\/orvikpower.com\/wp-content\/uploads\/2026\/01\/cropped-logo-h-main-small.png\",\"width\":512,\"height\":512,\"caption\":\"ORVIK | Light Commercial Electric Vehicles\"},\"image\":{\"@id\":\"https:\/\/orvikpower.com\/#\/schema\/logo\/image\/\"},\"sameAs\":[\"https:\/\/www.youtube.com\/@ORVIKOrvikPower\",\"https:\/\/www.pinterest.com\/OrvikPower\/\"]}]}<\/script>\n<!-- \/ Yoast SEO plugin. -->","yoast_head_json":{"title":"4-Passenger Enclosed Electric Shuttle (1000W) | Factory FCL - ORVIK | ORVIK|Light Commercial Electric Vehicles","robots":{"index":"index","follow":"follow","max-snippet":"max-snippet:-1","max-image-preview":"max-image-preview:large","max-video-preview":"max-video-preview:-1"},"canonical":"https:\/\/orvikpower.com\/es\/product\/4-passenger-enclosed-electric-shuttle-1000w-factory-fcl-orvik","og_locale":"es_ES","og_type":"article","og_title":"4-Passenger Enclosed Electric Shuttle (1000W) | Factory FCL - ORVIK | ORVIK|Light Commercial Electric Vehicles","og_description":"Wholesale 1000W enclosed electric shuttle (2-door, 4-seater). Features standard cabin heater, optional A\/C &amp; solar roof for off-grid resorts. Get FCL quotes.","og_url":"https:\/\/orvikpower.com\/es\/product\/4-passenger-enclosed-electric-shuttle-1000w-factory-fcl-orvik","og_site_name":"ORVIK|Light Commercial Electric Vehicles","og_image":[{"width":1024,"height":1024,"url":"https:\/\/orvikpower.com\/wp-content\/uploads\/2026\/04\/\u7b2c17\u9875-109-1024x1024.png","type":"image\/png"}],"twitter_card":"summary_large_image","twitter_misc":{"Tiempo de lectura":"2 minutos"},"schema":{"@context":"https:\/\/schema.org","@graph":[{"@type":"WebPage","@id":"https:\/\/orvikpower.com\/product\/4-passenger-enclosed-electric-shuttle-1000w-factory-fcl-orvik","url":"https:\/\/orvikpower.com\/product\/4-passenger-enclosed-electric-shuttle-1000w-factory-fcl-orvik","name":"4-Passenger Enclosed Electric Shuttle (1000W) | Factory FCL - ORVIK | ORVIK|Light Commercial Electric Vehicles","isPartOf":{"@id":"https:\/\/orvikpower.com\/#website"},"primaryImageOfPage":{"@id":"https:\/\/orvikpower.com\/product\/4-passenger-enclosed-electric-shuttle-1000w-factory-fcl-orvik#primaryimage"},"image":{"@id":"https:\/\/orvikpower.com\/product\/4-passenger-enclosed-electric-shuttle-1000w-factory-fcl-orvik#primaryimage"},"thumbnailUrl":"https:\/\/orvikpower.com\/wp-content\/uploads\/2026\/04\/\u7b2c17\u9875-109.png","datePublished":"2026-04-08T06:41:20+00:00","breadcrumb":{"@id":"https:\/\/orvikpower.com\/product\/4-passenger-enclosed-electric-shuttle-1000w-factory-fcl-orvik#breadcrumb"},"inLanguage":"es","potentialAction":[{"@type":"ReadAction","target":["https:\/\/orvikpower.com\/product\/4-passenger-enclosed-electric-shuttle-1000w-factory-fcl-orvik"]}]},{"@type":"ImageObject","inLanguage":"es","@id":"https:\/\/orvikpower.com\/product\/4-passenger-enclosed-electric-shuttle-1000w-factory-fcl-orvik#primaryimage","url":"https:\/\/orvikpower.com\/wp-content\/uploads\/2026\/04\/\u7b2c17\u9875-109.png","contentUrl":"https:\/\/orvikpower.com\/wp-content\/uploads\/2026\/04\/\u7b2c17\u9875-109.png","width":2008,"height":2008,"caption":"Wholesale 1000W enclosed electric shuttle (2-door, 4-seater). Features standard cabin heater, optional A\/C & solar roof for off-grid resorts. Get FCL quotes."},{"@type":"BreadcrumbList","@id":"https:\/\/orvikpower.com\/product\/4-passenger-enclosed-electric-shuttle-1000w-factory-fcl-orvik#breadcrumb","itemListElement":[{"@type":"ListItem","position":1,"name":"Home","item":"https:\/\/orvikpower.com\/"},{"@type":"ListItem","position":2,"name":"SHOP","item":"https:\/\/orvikpower.com\/shop"},{"@type":"ListItem","position":3,"name":"4-Passenger Enclosed Electric Shuttle (1000W) | Factory FCL &#8211; ORVIK"}]},{"@type":"WebSite","@id":"https:\/\/orvikpower.com\/#website","url":"https:\/\/orvikpower.com\/","name":"ORVIK | Veh\u00edculos el\u00e9ctricos comerciales ligeros","description":"Primer fabricante de veh\u00edculos utilitarios el\u00e9ctricos todoterreno, camionetas y minicamiones. Dise\u00f1os de alta temperatura y preparados para el \u00c1rtico para granjas y minas. Ahorre costes con FCL directo de f\u00e1brica. Haga que el trabajo fluya. Obtenga una cotizaci\u00f3n.","publisher":{"@id":"https:\/\/orvikpower.com\/#organization"},"potentialAction":[{"@type":"SearchAction","target":{"@type":"EntryPoint","urlTemplate":"https:\/\/orvikpower.com\/?s={search_term_string}"},"query-input":{"@type":"PropertyValueSpecification","valueRequired":true,"valueName":"search_term_string"}}],"inLanguage":"es"},{"@type":"Organization","@id":"https:\/\/orvikpower.com\/#organization","name":"ORVIK | Veh\u00edculos el\u00e9ctricos comerciales ligeros","url":"https:\/\/orvikpower.com\/","logo":{"@type":"ImageObject","inLanguage":"es","@id":"https:\/\/orvikpower.com\/#\/schema\/logo\/image\/","url":"https:\/\/orvikpower.com\/wp-content\/uploads\/2026\/01\/cropped-logo-h-main-small.png","contentUrl":"https:\/\/orvikpower.com\/wp-content\/uploads\/2026\/01\/cropped-logo-h-main-small.png","width":512,"height":512,"caption":"ORVIK | Light Commercial Electric Vehicles"},"image":{"@id":"https:\/\/orvikpower.com\/#\/schema\/logo\/image\/"},"sameAs":["https:\/\/www.youtube.com\/@ORVIKOrvikPower","https:\/\/www.pinterest.com\/OrvikPower\/"]}]}},"_links":{"self":[{"href":"https:\/\/orvikpower.com\/es\/wp-json\/wp\/v2\/product\/19926","targetHints":{"allow":["GET"]}}],"collection":[{"href":"https:\/\/orvikpower.com\/es\/wp-json\/wp\/v2\/product"}],"about":[{"href":"https:\/\/orvikpower.com\/es\/wp-json\/wp\/v2\/types\/product"}],"replies":[{"embeddable":true,"href":"https:\/\/orvikpower.com\/es\/wp-json\/wp\/v2\/comments?post=19926"}],"wp:featuredmedia":[{"embeddable":true,"href":"https:\/\/orvikpower.com\/es\/wp-json\/wp\/v2\/media\/19927"}],"wp:attachment":[{"href":"https:\/\/orvikpower.com\/es\/wp-json\/wp\/v2\/media?parent=19926"}],"wp:term":[{"taxonomy":"product_brand","embeddable":true,"href":"https:\/\/orvikpower.com\/es\/wp-json\/wp\/v2\/product_brand?post=19926"},{"taxonomy":"product_cat","embeddable":true,"href":"https:\/\/orvikpower.com\/es\/wp-json\/wp\/v2\/product_cat?post=19926"},{"taxonomy":"product_tag","embeddable":true,"href":"https:\/\/orvikpower.com\/es\/wp-json\/wp\/v2\/product_tag?post=19926"}],"curies":[{"name":"wp","href":"https:\/\/api.w.org\/{rel}","templated":true}]}}