{"id":19940,"date":"2026-04-08T07:07:30","date_gmt":"2026-04-08T07:07:30","guid":{"rendered":"https:\/\/orvikpower.com\/?post_type=product&#038;p=19940"},"modified":"2026-04-08T07:07:30","modified_gmt":"2026-04-08T07:07:30","slug":"1-4m-wide-body-enclosed-passenger-trike-4-seater-factory-fcl-orvik","status":"publish","type":"product","link":"https:\/\/orvikpower.com\/es\/product\/1-4m-wide-body-enclosed-passenger-trike-4-seater-factory-fcl-orvik","title":{"rendered":"Triciclo cerrado para pasajeros de 1,4 m (4 plazas) | FCL de f\u00e1brica - ORVIK"},"content":{"rendered":"<p dir=\"auto\">El ORVIK Wide-Body Enclosed Shuttle es un veh\u00edculo el\u00e9ctrico premium de 2 puertas y 4 plazas dise\u00f1ado espec\u00edficamente para resorts todoterreno y visitas VIP a propiedades privadas. Lo que diferencia a este modelo es su anchura expansiva 1400mm y 2600mm de longitud, proporcionando a los pasajeros con espacio para los hombros superior y una verdadera \u201cprimera clase\u201d experiencia de cabina en comparaci\u00f3n con las lanzaderas estrechas est\u00e1ndar. La cabina sellada a la intemperie viene de serie con un calefactor integrado para combatir los inviernos g\u00e9lidos, mientras que el aire acondicionado climatizado opcional garantiza un confort absoluto durante los abrasadores veranos de Oriente Medio.<\/p>\n<div class=\"my-2\"><\/div>\n<p dir=\"auto\">Construido sobre un chasis de alta resistencia con suspensi\u00f3n trasera de ballestas, el veh\u00edculo absorbe sin esfuerzo los impactos en caminos irregulares de grava o tierra, garantizando una conducci\u00f3n estable y segura. La transici\u00f3n de su flota VIP a este modelo el\u00e9ctrico elimina el ruido y el mantenimiento del motor de combusti\u00f3n, reduciendo dr\u00e1sticamente el coste total de propiedad (TCO). Para adaptarse a los diversos climas del mundo, el sistema de bater\u00edas es totalmente personalizable (puede elegir entre bater\u00edas de plomo-\u00e1cido econ\u00f3micas o LiFePO4 para temperaturas extremas). Con un dise\u00f1o altamente modular, el motor est\u00e1ndar de 1.000 W puede ampliarse de f\u00e1brica a 1.500 W con marchas de doble relaci\u00f3n alta\/baja para pendientes pronunciadas. Los compradores tambi\u00e9n pueden sustituir el manillar est\u00e1ndar por un volante de autom\u00f3vil e integrar techos solares para operaciones sin conexi\u00f3n a la red. Construida a lo ancho. Construida directamente. Dise\u00f1ada para que su trabajo fluya.<\/p>\n<table>\n<thead>\n<tr>\n<th>Categor\u00eda de par\u00e1metros<\/th>\n<th>Especificaciones<\/th>\n<\/tr>\n<\/thead>\n<tbody>\n<tr>\n<td><strong>Dimensiones totales (L*A*A)<\/strong><\/td>\n<td>2600 <em>1400 <\/em>1650 mm (chasis de carrocer\u00eda ancha)<\/td>\n<\/tr>\n<tr>\n<td><strong>Estructura corporal<\/strong><\/td>\n<td>Cabina cerrada de dos puertas y cuatro plazas<\/td>\n<\/tr>\n<tr>\n<td><strong>Tensi\u00f3n<\/strong><\/td>\n<td>60-72V Universal<\/td>\n<\/tr>\n<tr>\n<td><strong>Potencia del motor<\/strong><\/td>\n<td>1000 W est\u00e1ndar (personalizable hasta 1500 W)<\/td>\n<\/tr>\n<tr>\n<td><strong>Controlador<\/strong><\/td>\n<td>Controlador doble de 18 tubos<\/td>\n<\/tr>\n<tr>\n<td><strong>Tipo de bater\u00eda<\/strong><\/td>\n<td>Personalizable (Plomo-\u00e1cido \/ LiFePO4)<\/td>\n<\/tr>\n<tr>\n<td><strong>Suspensi\u00f3n<\/strong><\/td>\n<td>Eje trasero Suspensi\u00f3n por ballestas<\/td>\n<\/tr>\n<tr>\n<td><strong>Sistema de frenado<\/strong><\/td>\n<td>Frenos de doble disco (actualizables a disco en las 4 ruedas)<\/td>\n<\/tr>\n<tr>\n<td><strong>Tama\u00f1o del neum\u00e1tico<\/strong><\/td>\n<td>4,00 - 10 (Llantas de aleaci\u00f3n de aluminio)<\/td>\n<\/tr>\n<tr>\n<td><strong>Configuraciones principales<\/strong><\/td>\n<td>Salpicadero LCD integrado, c\u00e1mara de visi\u00f3n trasera, calefacci\u00f3n del habit\u00e1culo, ventilador del techo solar, mando a distancia, radio, elevalunas manual<\/td>\n<\/tr>\n<tr>\n<td><strong>Mejoras opcionales<\/strong><\/td>\n<td>Motor de 1500 W, marchas altas\/bajas, volante, asientos divididos, aire acondicionado (calefacci\u00f3n y refrigeraci\u00f3n), paneles solares, extensor de autonom\u00eda, frenos de disco en las 4 ruedas<\/td>\n<\/tr>\n<\/tbody>\n<\/table>","protected":false},"excerpt":{"rendered":"<p>Triciclo el\u00e9ctrico cerrado para pasajeros (4 plazas) de 1,4 m de ancho. Caracter\u00edsticas incorporado en el calentador, opcional A \/ C y suspensi\u00f3n de alta resistencia. Obtener cotizaciones de f\u00e1brica FCL.<\/p>","protected":false},"featured_media":19941,"comment_status":"open","ping_status":"closed","template":"","meta":{"_eb_attr":""},"product_brand":[],"product_cat":[70,73],"product_tag":[178,159,176,149,175,177],"class_list":{"0":"post-19940","1":"product","2":"type-product","3":"status-publish","4":"has-post-thumbnail","6":"product_cat-lsev-passenger-mobility","7":"product_cat-sightseeing-shuttle-buses","8":"product_tag-high-end-resort","9":"product_tag-industrial-campus","10":"product_tag-off-grid-transit","11":"product_tag-off-road","12":"product_tag-vip-real-estate-viewing","13":"product_tag-wide-body-shuttle","15":"first","16":"instock","17":"shipping-taxable","18":"product-type-simple"},"yoast_head":"<!-- This site is optimized with the Yoast SEO plugin v26.9 - https:\/\/yoast.com\/product\/yoast-seo-wordpress\/ -->\n<title>1.4m Wide-Body Enclosed Passenger Trike (4-Seater) | Factory FCL - ORVIK | ORVIK|Light Commercial Electric Vehicles<\/title>\n<meta name=\"robots\" content=\"index, follow, max-snippet:-1, max-image-preview:large, max-video-preview:-1\" \/>\n<link rel=\"canonical\" href=\"https:\/\/orvikpower.com\/es\/product\/1-4m-wide-body-enclosed-passenger-trike-4-seater-factory-fcl-orvik\" \/>\n<meta property=\"og:locale\" content=\"es_ES\" \/>\n<meta property=\"og:type\" content=\"article\" \/>\n<meta property=\"og:title\" content=\"1.4m Wide-Body Enclosed Passenger Trike (4-Seater) | Factory FCL - ORVIK | ORVIK|Light Commercial Electric Vehicles\" \/>\n<meta property=\"og:description\" content=\"Wholesale 1.4m wide-body enclosed electric passenger trike (4-seater). Features built-in heater, optional A\/C &amp; heavy-duty suspension. Get factory FCL quotes.\" \/>\n<meta property=\"og:url\" content=\"https:\/\/orvikpower.com\/es\/product\/1-4m-wide-body-enclosed-passenger-trike-4-seater-factory-fcl-orvik\" \/>\n<meta property=\"og:site_name\" content=\"ORVIK|Light Commercial Electric Vehicles\" \/>\n<meta property=\"og:image\" content=\"https:\/\/orvikpower.com\/wp-content\/uploads\/2026\/04\/\u7b2c19\u9875-123.png\" \/>\n\t<meta property=\"og:image:width\" content=\"2008\" \/>\n\t<meta property=\"og:image:height\" content=\"2008\" \/>\n\t<meta property=\"og:image:type\" content=\"image\/png\" \/>\n<meta name=\"twitter:card\" content=\"summary_large_image\" \/>\n<meta name=\"twitter:label1\" content=\"Tiempo de lectura\" \/>\n\t<meta name=\"twitter:data1\" content=\"2 minutos\" \/>\n<script type=\"application\/ld+json\" class=\"yoast-schema-graph\">{\"@context\":\"https:\/\/schema.org\",\"@graph\":[{\"@type\":\"WebPage\",\"@id\":\"https:\/\/orvikpower.com\/product\/1-4m-wide-body-enclosed-passenger-trike-4-seater-factory-fcl-orvik\",\"url\":\"https:\/\/orvikpower.com\/product\/1-4m-wide-body-enclosed-passenger-trike-4-seater-factory-fcl-orvik\",\"name\":\"1.4m Wide-Body Enclosed Passenger Trike (4-Seater) | Factory FCL - ORVIK | ORVIK|Light Commercial Electric Vehicles\",\"isPartOf\":{\"@id\":\"https:\/\/orvikpower.com\/#website\"},\"primaryImageOfPage\":{\"@id\":\"https:\/\/orvikpower.com\/product\/1-4m-wide-body-enclosed-passenger-trike-4-seater-factory-fcl-orvik#primaryimage\"},\"image\":{\"@id\":\"https:\/\/orvikpower.com\/product\/1-4m-wide-body-enclosed-passenger-trike-4-seater-factory-fcl-orvik#primaryimage\"},\"thumbnailUrl\":\"https:\/\/orvikpower.com\/wp-content\/uploads\/2026\/04\/\u7b2c19\u9875-123.png\",\"datePublished\":\"2026-04-08T07:07:30+00:00\",\"breadcrumb\":{\"@id\":\"https:\/\/orvikpower.com\/product\/1-4m-wide-body-enclosed-passenger-trike-4-seater-factory-fcl-orvik#breadcrumb\"},\"inLanguage\":\"es\",\"potentialAction\":[{\"@type\":\"ReadAction\",\"target\":[\"https:\/\/orvikpower.com\/product\/1-4m-wide-body-enclosed-passenger-trike-4-seater-factory-fcl-orvik\"]}]},{\"@type\":\"ImageObject\",\"inLanguage\":\"es\",\"@id\":\"https:\/\/orvikpower.com\/product\/1-4m-wide-body-enclosed-passenger-trike-4-seater-factory-fcl-orvik#primaryimage\",\"url\":\"https:\/\/orvikpower.com\/wp-content\/uploads\/2026\/04\/\u7b2c19\u9875-123.png\",\"contentUrl\":\"https:\/\/orvikpower.com\/wp-content\/uploads\/2026\/04\/\u7b2c19\u9875-123.png\",\"width\":2008,\"height\":2008,\"caption\":\"Wholesale 1.4m wide-body enclosed electric passenger trike (4-seater). Features built-in heater, optional A\/C & heavy-duty suspension. Get factory FCL quotes.\"},{\"@type\":\"BreadcrumbList\",\"@id\":\"https:\/\/orvikpower.com\/product\/1-4m-wide-body-enclosed-passenger-trike-4-seater-factory-fcl-orvik#breadcrumb\",\"itemListElement\":[{\"@type\":\"ListItem\",\"position\":1,\"name\":\"Home\",\"item\":\"https:\/\/orvikpower.com\/\"},{\"@type\":\"ListItem\",\"position\":2,\"name\":\"SHOP\",\"item\":\"https:\/\/orvikpower.com\/shop\"},{\"@type\":\"ListItem\",\"position\":3,\"name\":\"1.4m Wide-Body Enclosed Passenger Trike (4-Seater) | Factory FCL &#8211; ORVIK\"}]},{\"@type\":\"WebSite\",\"@id\":\"https:\/\/orvikpower.com\/#website\",\"url\":\"https:\/\/orvikpower.com\/\",\"name\":\"ORVIK | Light Commercial Electric Vehicles\",\"description\":\"Premier Manufacturer of Off-road Electric Utility Vehicles, Pickups &amp; Mini Trucks. High-Temp &amp; Arctic Ready designs for farms &amp; mines. Save costs with Factory-Direct FCL. Make work flow. Get a Quote.\",\"publisher\":{\"@id\":\"https:\/\/orvikpower.com\/#organization\"},\"potentialAction\":[{\"@type\":\"SearchAction\",\"target\":{\"@type\":\"EntryPoint\",\"urlTemplate\":\"https:\/\/orvikpower.com\/?s={search_term_string}\"},\"query-input\":{\"@type\":\"PropertyValueSpecification\",\"valueRequired\":true,\"valueName\":\"search_term_string\"}}],\"inLanguage\":\"es\"},{\"@type\":\"Organization\",\"@id\":\"https:\/\/orvikpower.com\/#organization\",\"name\":\"ORVIK | Light Commercial Electric Vehicles\",\"url\":\"https:\/\/orvikpower.com\/\",\"logo\":{\"@type\":\"ImageObject\",\"inLanguage\":\"es\",\"@id\":\"https:\/\/orvikpower.com\/#\/schema\/logo\/image\/\",\"url\":\"https:\/\/orvikpower.com\/wp-content\/uploads\/2026\/01\/cropped-logo-h-main-small.png\",\"contentUrl\":\"https:\/\/orvikpower.com\/wp-content\/uploads\/2026\/01\/cropped-logo-h-main-small.png\",\"width\":512,\"height\":512,\"caption\":\"ORVIK | Light Commercial Electric Vehicles\"},\"image\":{\"@id\":\"https:\/\/orvikpower.com\/#\/schema\/logo\/image\/\"},\"sameAs\":[\"https:\/\/www.youtube.com\/@ORVIKOrvikPower\",\"https:\/\/www.pinterest.com\/OrvikPower\/\"]}]}<\/script>\n<!-- \/ Yoast SEO plugin. -->","yoast_head_json":{"title":"Triciclo cerrado para pasajeros de 1,4 m (4 plazas) | FCL de f\u00e1brica - ORVIK | ORVIK|Veh\u00edculos el\u00e9ctricos comerciales ligeros","robots":{"index":"index","follow":"follow","max-snippet":"max-snippet:-1","max-image-preview":"max-image-preview:large","max-video-preview":"max-video-preview:-1"},"canonical":"https:\/\/orvikpower.com\/es\/product\/1-4m-wide-body-enclosed-passenger-trike-4-seater-factory-fcl-orvik","og_locale":"es_ES","og_type":"article","og_title":"1.4m Wide-Body Enclosed Passenger Trike (4-Seater) | Factory FCL - ORVIK | ORVIK|Light Commercial Electric Vehicles","og_description":"Wholesale 1.4m wide-body enclosed electric passenger trike (4-seater). Features built-in heater, optional A\/C &amp; heavy-duty suspension. Get factory FCL quotes.","og_url":"https:\/\/orvikpower.com\/es\/product\/1-4m-wide-body-enclosed-passenger-trike-4-seater-factory-fcl-orvik","og_site_name":"ORVIK|Light Commercial Electric Vehicles","og_image":[{"width":2008,"height":2008,"url":"https:\/\/orvikpower.com\/wp-content\/uploads\/2026\/04\/\u7b2c19\u9875-123.png","type":"image\/png"}],"twitter_card":"summary_large_image","twitter_misc":{"Tiempo de lectura":"2 minutos"},"schema":{"@context":"https:\/\/schema.org","@graph":[{"@type":"WebPage","@id":"https:\/\/orvikpower.com\/product\/1-4m-wide-body-enclosed-passenger-trike-4-seater-factory-fcl-orvik","url":"https:\/\/orvikpower.com\/product\/1-4m-wide-body-enclosed-passenger-trike-4-seater-factory-fcl-orvik","name":"Triciclo cerrado para pasajeros de 1,4 m (4 plazas) | FCL de f\u00e1brica - ORVIK | ORVIK|Veh\u00edculos el\u00e9ctricos comerciales ligeros","isPartOf":{"@id":"https:\/\/orvikpower.com\/#website"},"primaryImageOfPage":{"@id":"https:\/\/orvikpower.com\/product\/1-4m-wide-body-enclosed-passenger-trike-4-seater-factory-fcl-orvik#primaryimage"},"image":{"@id":"https:\/\/orvikpower.com\/product\/1-4m-wide-body-enclosed-passenger-trike-4-seater-factory-fcl-orvik#primaryimage"},"thumbnailUrl":"https:\/\/orvikpower.com\/wp-content\/uploads\/2026\/04\/\u7b2c19\u9875-123.png","datePublished":"2026-04-08T07:07:30+00:00","breadcrumb":{"@id":"https:\/\/orvikpower.com\/product\/1-4m-wide-body-enclosed-passenger-trike-4-seater-factory-fcl-orvik#breadcrumb"},"inLanguage":"es","potentialAction":[{"@type":"ReadAction","target":["https:\/\/orvikpower.com\/product\/1-4m-wide-body-enclosed-passenger-trike-4-seater-factory-fcl-orvik"]}]},{"@type":"ImageObject","inLanguage":"es","@id":"https:\/\/orvikpower.com\/product\/1-4m-wide-body-enclosed-passenger-trike-4-seater-factory-fcl-orvik#primaryimage","url":"https:\/\/orvikpower.com\/wp-content\/uploads\/2026\/04\/\u7b2c19\u9875-123.png","contentUrl":"https:\/\/orvikpower.com\/wp-content\/uploads\/2026\/04\/\u7b2c19\u9875-123.png","width":2008,"height":2008,"caption":"Wholesale 1.4m wide-body enclosed electric passenger trike (4-seater). Features built-in heater, optional A\/C & heavy-duty suspension. Get factory FCL quotes."},{"@type":"BreadcrumbList","@id":"https:\/\/orvikpower.com\/product\/1-4m-wide-body-enclosed-passenger-trike-4-seater-factory-fcl-orvik#breadcrumb","itemListElement":[{"@type":"ListItem","position":1,"name":"Home","item":"https:\/\/orvikpower.com\/"},{"@type":"ListItem","position":2,"name":"SHOP","item":"https:\/\/orvikpower.com\/shop"},{"@type":"ListItem","position":3,"name":"1.4m Wide-Body Enclosed Passenger Trike (4-Seater) | Factory FCL &#8211; ORVIK"}]},{"@type":"WebSite","@id":"https:\/\/orvikpower.com\/#website","url":"https:\/\/orvikpower.com\/","name":"ORVIK | Veh\u00edculos el\u00e9ctricos comerciales ligeros","description":"Primer fabricante de veh\u00edculos utilitarios el\u00e9ctricos todoterreno, camionetas y minicamiones. Dise\u00f1os de alta temperatura y preparados para el \u00c1rtico para granjas y minas. Ahorre costes con FCL directo de f\u00e1brica. Haga que el trabajo fluya. Obtenga una cotizaci\u00f3n.","publisher":{"@id":"https:\/\/orvikpower.com\/#organization"},"potentialAction":[{"@type":"SearchAction","target":{"@type":"EntryPoint","urlTemplate":"https:\/\/orvikpower.com\/?s={search_term_string}"},"query-input":{"@type":"PropertyValueSpecification","valueRequired":true,"valueName":"search_term_string"}}],"inLanguage":"es"},{"@type":"Organization","@id":"https:\/\/orvikpower.com\/#organization","name":"ORVIK | Veh\u00edculos el\u00e9ctricos comerciales ligeros","url":"https:\/\/orvikpower.com\/","logo":{"@type":"ImageObject","inLanguage":"es","@id":"https:\/\/orvikpower.com\/#\/schema\/logo\/image\/","url":"https:\/\/orvikpower.com\/wp-content\/uploads\/2026\/01\/cropped-logo-h-main-small.png","contentUrl":"https:\/\/orvikpower.com\/wp-content\/uploads\/2026\/01\/cropped-logo-h-main-small.png","width":512,"height":512,"caption":"ORVIK | Light Commercial Electric Vehicles"},"image":{"@id":"https:\/\/orvikpower.com\/#\/schema\/logo\/image\/"},"sameAs":["https:\/\/www.youtube.com\/@ORVIKOrvikPower","https:\/\/www.pinterest.com\/OrvikPower\/"]}]}},"_links":{"self":[{"href":"https:\/\/orvikpower.com\/es\/wp-json\/wp\/v2\/product\/19940","targetHints":{"allow":["GET"]}}],"collection":[{"href":"https:\/\/orvikpower.com\/es\/wp-json\/wp\/v2\/product"}],"about":[{"href":"https:\/\/orvikpower.com\/es\/wp-json\/wp\/v2\/types\/product"}],"replies":[{"embeddable":true,"href":"https:\/\/orvikpower.com\/es\/wp-json\/wp\/v2\/comments?post=19940"}],"wp:featuredmedia":[{"embeddable":true,"href":"https:\/\/orvikpower.com\/es\/wp-json\/wp\/v2\/media\/19941"}],"wp:attachment":[{"href":"https:\/\/orvikpower.com\/es\/wp-json\/wp\/v2\/media?parent=19940"}],"wp:term":[{"taxonomy":"product_brand","embeddable":true,"href":"https:\/\/orvikpower.com\/es\/wp-json\/wp\/v2\/product_brand?post=19940"},{"taxonomy":"product_cat","embeddable":true,"href":"https:\/\/orvikpower.com\/es\/wp-json\/wp\/v2\/product_cat?post=19940"},{"taxonomy":"product_tag","embeddable":true,"href":"https:\/\/orvikpower.com\/es\/wp-json\/wp\/v2\/product_tag?post=19940"}],"curies":[{"name":"wp","href":"https:\/\/api.w.org\/{rel}","templated":true}]}}