{"id":48,"date":"2022-07-01T09:40:35","date_gmt":"2022-07-01T09:40:35","guid":{"rendered":"http:\/\/localhost\/promotors\/?page_id=48"},"modified":"2026-02-05T07:52:25","modified_gmt":"2026-02-05T07:52:25","slug":"services-list","status":"publish","type":"page","link":"https:\/\/orvikpower.com\/fr\/services-list","title":{"rendered":"SERVICES"},"content":{"rendered":"<div data-elementor-type=\"wp-page\" data-elementor-id=\"48\" class=\"elementor elementor-48\">\n\t\t\t\t<div data-particle_enable=\"false\" data-particle-mobile-disabled=\"false\" class=\"elementor-element elementor-element-f55740f e-con-full e-flex e-con e-parent\" data-id=\"f55740f\" data-element_type=\"container\">\n\t\t<div data-particle_enable=\"false\" data-particle-mobile-disabled=\"false\" class=\"elementor-element elementor-element-b18ea49 e-con-full e-flex e-con e-child\" data-id=\"b18ea49\" data-element_type=\"container\">\n\t\t\t\t<div class=\"elementor-element elementor-element-388fdff elementor-widget elementor-widget-ct_service_grid\" data-id=\"388fdff\" data-element_type=\"widget\" data-widget_type=\"ct_service_grid.default\">\n\t\t\t\t<div class=\"elementor-widget-container\">\n\t\t\t\t\t\r\n<div id=\"ct_service_grid-388fdff\" class=\"ct-grid ct-service-grid1\" data-layout=\"masonry\" data-start-page=\"1\" data-max-pages=\"1\" data-total=\"6\" data-perpage=\"12\" data-next-link=\"\">\r\n    \r\n    <div class=\"ct-grid-inner ct-grid-masonry row animation-time\" data-gutter=\"15\">\r\n                        <div class=\"grid-item col-xl-4 col-lg-4 col-md-4 col-sm-6 col-12\">\r\n                    <div class=\"grid-item-inner active\">\r\n                        <div class=\"item-body\">\r\n                                                                                        <div class=\"item-image\">\r\n                                    <img decoding=\"async\" width=\"80\" height=\"80\" src=\"https:\/\/orvikpower.com\/wp-content\/uploads\/2022\/07\/Icon-4a.png\" class=\"img-main attachment-full\" alt=\"\" \/><img decoding=\"async\" width=\"80\" height=\"80\" src=\"https:\/\/orvikpower.com\/wp-content\/uploads\/2022\/07\/Icon-4b.png\" class=\"img-hover attachment-full\" alt=\"\" \/>                                <\/div>\r\n                                                                                        <h5 class=\"item-title\"><a href=\"https:\/\/orvikpower.com\/fr\/service\/bulk-vehicle-supply\">Approvisionnement de v\u00e9hicules en vrac<\/a><\/h5>\r\n                                                                                        <div class=\"item-excerpt\" >\r\n                                    V\u00e9hicules finis en direct de l'usine, optimis\u00e9s pour l'exp\u00e9dition FCL. Nous proposons la structure de prix de gros la plus comp\u00e9titive pour les distributeurs mondiaux.                                <\/div>\r\n                                                                                        <div class=\"item-readmore\">\r\n                                    <a class=\"btn-readmore\" href=\"https:\/\/orvikpower.com\/fr\/service\/bulk-vehicle-supply\">\r\n                                        <span>\r\n                                            SERVICE DE D\u00c9TAIL                                        <\/span>\r\n                                    <\/a>\r\n                                <\/div>\r\n                                                    <\/div>\r\n                    <\/div>\r\n                <\/div>\r\n                                <div class=\"grid-item col-xl-4 col-lg-4 col-md-4 col-sm-6 col-12\">\r\n                    <div class=\"grid-item-inner\">\r\n                        <div class=\"item-body\">\r\n                                                                                        <div class=\"item-image\">\r\n                                    <img decoding=\"async\" width=\"80\" height=\"80\" src=\"https:\/\/orvikpower.com\/wp-content\/uploads\/2022\/07\/Icon-1a.png\" class=\"img-main attachment-full\" alt=\"\" \/><img loading=\"lazy\" decoding=\"async\" width=\"80\" height=\"80\" src=\"https:\/\/orvikpower.com\/wp-content\/uploads\/2022\/07\/Icon-1b.png\" class=\"img-hover attachment-full\" alt=\"\" \/>                                <\/div>\r\n                                                                                        <h5 class=\"item-title\"><a href=\"https:\/\/orvikpower.com\/fr\/service\/oem-odm-customization\">Personnalisation OEM\/ODM<\/a><\/h5>\r\n                                                                                        <div class=\"item-excerpt\" >\r\n                                    Fabrication en marque blanche de bout en bout. De la modification du ch\u00e2ssis au placement du logo, nous construisons des v\u00e9hicules qui correspondent \u00e0 l'identit\u00e9 sp\u00e9cifique de votre marque.                                <\/div>\r\n                                                                                        <div class=\"item-readmore\">\r\n                                    <a class=\"btn-readmore\" href=\"https:\/\/orvikpower.com\/fr\/service\/oem-odm-customization\">\r\n                                        <span>\r\n                                            SERVICE DE D\u00c9TAIL                                        <\/span>\r\n                                    <\/a>\r\n                                <\/div>\r\n                                                    <\/div>\r\n                    <\/div>\r\n                <\/div>\r\n                                <div class=\"grid-item col-xl-4 col-lg-4 col-md-4 col-sm-6 col-12\">\r\n                    <div class=\"grid-item-inner\">\r\n                        <div class=\"item-body\">\r\n                                                                                        <div class=\"item-image\">\r\n                                    <img loading=\"lazy\" decoding=\"async\" width=\"80\" height=\"80\" src=\"https:\/\/orvikpower.com\/wp-content\/uploads\/2022\/07\/Icon-5a.png\" class=\"img-main attachment-full\" alt=\"\" \/><img loading=\"lazy\" decoding=\"async\" width=\"80\" height=\"80\" src=\"https:\/\/orvikpower.com\/wp-content\/uploads\/2022\/07\/Icon-5b.png\" class=\"img-hover attachment-full\" alt=\"\" \/>                                <\/div>\r\n                                                                                        <h5 class=\"item-title\"><a href=\"https:\/\/orvikpower.com\/fr\/service\/skd-ckd-export-support\">Soutien \u00e0 l'exportation SKD\/CKD<\/a><\/h5>\r\n                                                                                        <div class=\"item-excerpt\" >\r\n                                    R\u00e9duire les droits d'importation gr\u00e2ce \u00e0 nos solutions SKD\/CKD. Nous aidons les partenaires d'assemblage locaux \u00e0 optimiser les co\u00fbts au d\u00e9barquement et les structures fiscales.                                <\/div>\r\n                                                                                        <div class=\"item-readmore\">\r\n                                    <a class=\"btn-readmore\" href=\"https:\/\/orvikpower.com\/fr\/service\/skd-ckd-export-support\">\r\n                                        <span>\r\n                                            SERVICE DE D\u00c9TAIL                                        <\/span>\r\n                                    <\/a>\r\n                                <\/div>\r\n                                                    <\/div>\r\n                    <\/div>\r\n                <\/div>\r\n                                <div class=\"grid-item col-xl-4 col-lg-4 col-md-4 col-sm-6 col-12\">\r\n                    <div class=\"grid-item-inner\">\r\n                        <div class=\"item-body\">\r\n                                                                                        <div class=\"item-image\">\r\n                                    <img loading=\"lazy\" decoding=\"async\" width=\"80\" height=\"80\" src=\"https:\/\/orvikpower.com\/wp-content\/uploads\/2022\/07\/Icon-2a.png\" class=\"img-main attachment-full\" alt=\"\" \/><img loading=\"lazy\" decoding=\"async\" width=\"80\" height=\"80\" src=\"https:\/\/orvikpower.com\/wp-content\/uploads\/2022\/07\/Icon-2b.png\" class=\"img-hover attachment-full\" alt=\"\" \/>                                <\/div>\r\n                                                                                        <h5 class=\"item-title\"><a href=\"https:\/\/orvikpower.com\/fr\/service\/off-grid-energy-ecosystem\">\u00c9cosyst\u00e8me \u00e9nerg\u00e9tique hors r\u00e9seau<\/a><\/h5>\r\n                                                                                        <div class=\"item-excerpt\" >\r\n                                    Alimentez votre flotte n'importe o\u00f9. Nous fournissons des solutions int\u00e9gr\u00e9es de charge photovolta\u00efque et d'\u00e9change de batteries con\u00e7ues pour les sites dont l'acc\u00e8s au r\u00e9seau est instable.                                <\/div>\r\n                                                                                        <div class=\"item-readmore\">\r\n                                    <a class=\"btn-readmore\" href=\"https:\/\/orvikpower.com\/fr\/service\/off-grid-energy-ecosystem\">\r\n                                        <span>\r\n                                            SERVICE DE D\u00c9TAIL                                        <\/span>\r\n                                    <\/a>\r\n                                <\/div>\r\n                                                    <\/div>\r\n                    <\/div>\r\n                <\/div>\r\n                                <div class=\"grid-item col-xl-4 col-lg-4 col-md-4 col-sm-6 col-12\">\r\n                    <div class=\"grid-item-inner\">\r\n                        <div class=\"item-body\">\r\n                                                                                        <div class=\"item-image\">\r\n                                    <img decoding=\"async\" width=\"80\" height=\"80\" src=\"https:\/\/orvikpower.com\/wp-content\/uploads\/2022\/07\/Icon-1a.png\" class=\"img-main attachment-full\" alt=\"\" \/><img loading=\"lazy\" decoding=\"async\" width=\"80\" height=\"80\" src=\"https:\/\/orvikpower.com\/wp-content\/uploads\/2022\/07\/Icon-1b.png\" class=\"img-hover attachment-full\" alt=\"\" \/>                                <\/div>\r\n                                                                                        <h5 class=\"item-title\"><a href=\"https:\/\/orvikpower.com\/fr\/service\/climate-terrain-engineering\">Ing\u00e9nierie du climat et du terrain<\/a><\/h5>\r\n                                                                                        <div class=\"item-excerpt\" >\r\n                                    Ing\u00e9nierie sp\u00e9cialis\u00e9e pour les extr\u00eames. De la gestion thermique \u00e0 haute temp\u00e9rature aux syst\u00e8mes de d\u00e9marrage \u00e0 froid dans l'Arctique, nous veillons \u00e0 ce que les v\u00e9hicules survivent l\u00e0 o\u00f9 d'autres \u00e9chouent.                                <\/div>\r\n                                                                                        <div class=\"item-readmore\">\r\n                                    <a class=\"btn-readmore\" href=\"https:\/\/orvikpower.com\/fr\/service\/climate-terrain-engineering\">\r\n                                        <span>\r\n                                            SERVICE DE D\u00c9TAIL                                        <\/span>\r\n                                    <\/a>\r\n                                <\/div>\r\n                                                    <\/div>\r\n                    <\/div>\r\n                <\/div>\r\n                                <div class=\"grid-item col-xl-4 col-lg-4 col-md-4 col-sm-6 col-12\">\r\n                    <div class=\"grid-item-inner\">\r\n                        <div class=\"item-body\">\r\n                                                                                        <div class=\"item-image\">\r\n                                    <img loading=\"lazy\" decoding=\"async\" width=\"80\" height=\"80\" src=\"https:\/\/orvikpower.com\/wp-content\/uploads\/2022\/07\/Icon-6a.png\" class=\"img-main attachment-full\" alt=\"\" \/><img loading=\"lazy\" decoding=\"async\" width=\"80\" height=\"80\" src=\"https:\/\/orvikpower.com\/wp-content\/uploads\/2022\/07\/Icon-6b.png\" class=\"img-hover attachment-full\" alt=\"\" \/>                                <\/div>\r\n                                                                                        <h5 class=\"item-title\"><a href=\"https:\/\/orvikpower.com\/fr\/service\/lifecycle-parts-supply-service\">Approvisionnement en pi\u00e8ces pour le cycle de vie<\/a><\/h5>\r\n                                                                                        <div class=\"item-excerpt\" >\r\n                                    Assurer un fonctionnement \u00e0 long terme. Nous exp\u00e9dions des kits de pi\u00e8ces de rechange strat\u00e9giques avec chaque commande et maintenons un approvisionnement constant en consommables.                                <\/div>\r\n                                                                                        <div class=\"item-readmore\">\r\n                                    <a class=\"btn-readmore\" href=\"https:\/\/orvikpower.com\/fr\/service\/lifecycle-parts-supply-service\">\r\n                                        <span>\r\n                                            SERVICE DE D\u00c9TAIL                                        <\/span>\r\n                                    <\/a>\r\n                                <\/div>\r\n                                                    <\/div>\r\n                    <\/div>\r\n                <\/div>\r\n                                    <div class=\"grid-sizer col-xl-4 col-lg-4 col-md-4 col-sm-6 col-12\"><\/div>\r\n            <\/div>\r\n        <\/div>\t\t\t\t<\/div>\n\t\t\t\t<\/div>\n\t\t\t\t<\/div>\n\t\t<div data-particle_enable=\"false\" data-particle-mobile-disabled=\"false\" class=\"elementor-element elementor-element-38cc30d e-con-full e-flex e-con e-child\" data-id=\"38cc30d\" data-element_type=\"container\">\n\t\t\t\t<div class=\"elementor-element elementor-element-4ff9c92 animated-slow elementor-invisible elementor-widget elementor-widget-ct_contact_info\" data-id=\"4ff9c92\" data-element_type=\"widget\" data-settings=\"{&quot;_animation&quot;:&quot;bounceInRight&quot;,&quot;_animation_delay&quot;:100}\" data-widget_type=\"ct_contact_info.default\">\n\t\t\t\t<div class=\"elementor-widget-container\">\n\t\t\t\t\t    <div id=\"ct_contact_info-4ff9c92\" class=\"ct-contact-info ct-contact-info2 style1\" data-wow-duration=\"1.2s\">\r\n        <div class=\"ct-contact-content\">\r\n                            <label class=\"ct-contact-title\">ADRESSE<\/label>\r\n            \r\n                            <div class=\"ct-contact-list\">\r\n                                                                        <span>Zone industrielle de Shanxian, province de Shandong, Chine.<\/span>\r\n                                                            <\/div>\r\n            \r\n                    <\/div>\r\n    <\/div>\r\n\t\t\t\t<\/div>\n\t\t\t\t<\/div>\n\t\t\t\t<div class=\"elementor-element elementor-element-0f260ef animated-slow elementor-invisible elementor-widget elementor-widget-ct_contact_info\" data-id=\"0f260ef\" data-element_type=\"widget\" data-settings=\"{&quot;_animation&quot;:&quot;bounceInRight&quot;,&quot;_animation_delay&quot;:200}\" data-widget_type=\"ct_contact_info.default\">\n\t\t\t\t<div class=\"elementor-widget-container\">\n\t\t\t\t\t    <div id=\"ct_contact_info-0f260ef\" class=\"ct-contact-info ct-contact-info2 style1\" data-wow-duration=\"1.2s\">\r\n        <div class=\"ct-contact-content\">\r\n                            <label class=\"ct-contact-title\">CONTACTEZ-NOUS<\/label>\r\n            \r\n                            <div class=\"ct-contact-list\">\r\n                                            <a href=\"https:\/\/wa.me\/8613310852231\">                            <span>What's App : +86 13310852231<\/span>\r\n                        <\/a>                                    <\/div>\r\n            \r\n                            <div class=\"ct-contact-list\">\r\n                                            <a href=\"mailto:contact@orvikpower.com\">                        <span>contact@orvikpower.com<\/span>\r\n                        <\/a>                                    <\/div>\r\n                    <\/div>\r\n    <\/div>\r\n\t\t\t\t<\/div>\n\t\t\t\t<\/div>\n\t\t\t\t<\/div>\n\t\t\t\t<\/div>\n\t\t\t\t<\/div>","protected":false},"excerpt":{"rendered":"<p>Fourniture de v\u00e9hicules en vrac V\u00e9hicules finis en direct de l'usine, optimis\u00e9s pour l'exp\u00e9dition FCL. Nous offrons la structure de prix de gros la plus comp\u00e9titive pour les distributeurs mondiaux. D\u00c9TAILS SERVICE Personnalisation OEM\/ODM Fabrication en marque blanche de bout en bout. De la modification du ch\u00e2ssis au placement du logo, nous construisons des v\u00e9hicules qui correspondent \u00e0 l'identit\u00e9 sp\u00e9cifique de votre marque. D\u00c9TAILS SERVICE Soutien \u00e0 l'exportation SKD\/CKD R\u00e9duisez les droits d'importation gr\u00e2ce \u00e0 nos solutions SKD\/CKD. [...]<\/p>","protected":false},"author":1,"featured_media":0,"parent":0,"menu_order":0,"comment_status":"closed","ping_status":"closed","template":"","meta":{"_eb_attr":"","footnotes":""},"class_list":["post-48","page","type-page","status-publish","hentry"],"yoast_head":"<!-- This site is optimized with the Yoast SEO plugin v26.9 - https:\/\/yoast.com\/product\/yoast-seo-wordpress\/ -->\n<title>SERVICES | ORVIK|Light Commercial Electric Vehicles<\/title>\n<meta name=\"robots\" content=\"index, follow, max-snippet:-1, max-image-preview:large, max-video-preview:-1\" \/>\n<link rel=\"canonical\" href=\"https:\/\/orvikpower.com\/fr\/services-list\" \/>\n<meta property=\"og:locale\" content=\"fr_FR\" \/>\n<meta property=\"og:type\" content=\"article\" \/>\n<meta property=\"og:title\" content=\"SERVICES | ORVIK|Light Commercial Electric Vehicles\" \/>\n<meta property=\"og:description\" content=\"Bulk Vehicle Supply Factory-direct finished vehicles optimized for FCL shipping. We deliver the most competitive wholesale pricing structure for global distributors. DETAILS SERVICE OEM\/ODM Customization End-to-end white-label manufacturing. From chassis modification to logo placement, we build vehicles that fit your specific brand identity. DETAILS SERVICE SKD\/CKD Export Support Reduce import duties with our SKD\/CKD solutions. [&hellip;]\" \/>\n<meta property=\"og:url\" content=\"https:\/\/orvikpower.com\/fr\/services-list\" \/>\n<meta property=\"og:site_name\" content=\"ORVIK|Light Commercial Electric Vehicles\" \/>\n<meta property=\"article:modified_time\" content=\"2026-02-05T07:52:25+00:00\" \/>\n<meta property=\"og:image\" content=\"https:\/\/orvikpower.com\/wp-content\/uploads\/2022\/07\/Icon-4a.png\" \/>\n<meta name=\"twitter:card\" content=\"summary_large_image\" \/>\n<meta name=\"twitter:label1\" content=\"Dur\u00e9e de lecture estim\u00e9e\" \/>\n\t<meta name=\"twitter:data1\" content=\"1 minute\" \/>\n<script type=\"application\/ld+json\" class=\"yoast-schema-graph\">{\"@context\":\"https:\/\/schema.org\",\"@graph\":[{\"@type\":\"WebPage\",\"@id\":\"https:\/\/orvikpower.com\/services-list\",\"url\":\"https:\/\/orvikpower.com\/services-list\",\"name\":\"SERVICES | ORVIK|Light Commercial Electric Vehicles\",\"isPartOf\":{\"@id\":\"https:\/\/orvikpower.com\/#website\"},\"primaryImageOfPage\":{\"@id\":\"https:\/\/orvikpower.com\/services-list#primaryimage\"},\"image\":{\"@id\":\"https:\/\/orvikpower.com\/services-list#primaryimage\"},\"thumbnailUrl\":\"https:\/\/orvikpower.com\/wp-content\/uploads\/2022\/07\/Icon-4a.png\",\"datePublished\":\"2022-07-01T09:40:35+00:00\",\"dateModified\":\"2026-02-05T07:52:25+00:00\",\"breadcrumb\":{\"@id\":\"https:\/\/orvikpower.com\/services-list#breadcrumb\"},\"inLanguage\":\"fr-FR\",\"potentialAction\":[{\"@type\":\"ReadAction\",\"target\":[\"https:\/\/orvikpower.com\/services-list\"]}]},{\"@type\":\"ImageObject\",\"inLanguage\":\"fr-FR\",\"@id\":\"https:\/\/orvikpower.com\/services-list#primaryimage\",\"url\":\"https:\/\/orvikpower.com\/wp-content\/uploads\/2022\/07\/Icon-4a.png\",\"contentUrl\":\"https:\/\/orvikpower.com\/wp-content\/uploads\/2022\/07\/Icon-4a.png\"},{\"@type\":\"BreadcrumbList\",\"@id\":\"https:\/\/orvikpower.com\/services-list#breadcrumb\",\"itemListElement\":[{\"@type\":\"ListItem\",\"position\":1,\"name\":\"Home\",\"item\":\"https:\/\/orvikpower.com\/\"},{\"@type\":\"ListItem\",\"position\":2,\"name\":\"SERVICES\"}]},{\"@type\":\"WebSite\",\"@id\":\"https:\/\/orvikpower.com\/#website\",\"url\":\"https:\/\/orvikpower.com\/\",\"name\":\"ORVIK | Light Commercial Electric Vehicles\",\"description\":\"Premier Manufacturer of Off-road Electric Utility Vehicles, Pickups &amp; Mini Trucks. High-Temp &amp; Arctic Ready designs for farms &amp; mines. Save costs with Factory-Direct FCL. Make work flow. Get a Quote.\",\"publisher\":{\"@id\":\"https:\/\/orvikpower.com\/#organization\"},\"potentialAction\":[{\"@type\":\"SearchAction\",\"target\":{\"@type\":\"EntryPoint\",\"urlTemplate\":\"https:\/\/orvikpower.com\/?s={search_term_string}\"},\"query-input\":{\"@type\":\"PropertyValueSpecification\",\"valueRequired\":true,\"valueName\":\"search_term_string\"}}],\"inLanguage\":\"fr-FR\"},{\"@type\":\"Organization\",\"@id\":\"https:\/\/orvikpower.com\/#organization\",\"name\":\"ORVIK | Light Commercial Electric Vehicles\",\"url\":\"https:\/\/orvikpower.com\/\",\"logo\":{\"@type\":\"ImageObject\",\"inLanguage\":\"fr-FR\",\"@id\":\"https:\/\/orvikpower.com\/#\/schema\/logo\/image\/\",\"url\":\"https:\/\/orvikpower.com\/wp-content\/uploads\/2026\/01\/cropped-logo-h-main-small.png\",\"contentUrl\":\"https:\/\/orvikpower.com\/wp-content\/uploads\/2026\/01\/cropped-logo-h-main-small.png\",\"width\":512,\"height\":512,\"caption\":\"ORVIK | Light Commercial Electric Vehicles\"},\"image\":{\"@id\":\"https:\/\/orvikpower.com\/#\/schema\/logo\/image\/\"},\"sameAs\":[\"https:\/\/www.youtube.com\/@ORVIKOrvikPower\",\"https:\/\/www.pinterest.com\/OrvikPower\/\"]}]}<\/script>\n<!-- \/ Yoast SEO plugin. -->","yoast_head_json":{"title":"SERVICES | ORVIK|V\u00e9hicules \u00e9lectriques utilitaires l\u00e9gers","robots":{"index":"index","follow":"follow","max-snippet":"max-snippet:-1","max-image-preview":"max-image-preview:large","max-video-preview":"max-video-preview:-1"},"canonical":"https:\/\/orvikpower.com\/fr\/services-list","og_locale":"fr_FR","og_type":"article","og_title":"SERVICES | ORVIK|Light Commercial Electric Vehicles","og_description":"Bulk Vehicle Supply Factory-direct finished vehicles optimized for FCL shipping. We deliver the most competitive wholesale pricing structure for global distributors. DETAILS SERVICE OEM\/ODM Customization End-to-end white-label manufacturing. From chassis modification to logo placement, we build vehicles that fit your specific brand identity. DETAILS SERVICE SKD\/CKD Export Support Reduce import duties with our SKD\/CKD solutions. [&hellip;]","og_url":"https:\/\/orvikpower.com\/fr\/services-list","og_site_name":"ORVIK|Light Commercial Electric Vehicles","article_modified_time":"2026-02-05T07:52:25+00:00","og_image":[{"url":"https:\/\/orvikpower.com\/wp-content\/uploads\/2022\/07\/Icon-4a.png","type":"","width":"","height":""}],"twitter_card":"summary_large_image","twitter_misc":{"Dur\u00e9e de lecture estim\u00e9e":"1 minute"},"schema":{"@context":"https:\/\/schema.org","@graph":[{"@type":"WebPage","@id":"https:\/\/orvikpower.com\/services-list","url":"https:\/\/orvikpower.com\/services-list","name":"SERVICES | ORVIK|V\u00e9hicules \u00e9lectriques utilitaires l\u00e9gers","isPartOf":{"@id":"https:\/\/orvikpower.com\/#website"},"primaryImageOfPage":{"@id":"https:\/\/orvikpower.com\/services-list#primaryimage"},"image":{"@id":"https:\/\/orvikpower.com\/services-list#primaryimage"},"thumbnailUrl":"https:\/\/orvikpower.com\/wp-content\/uploads\/2022\/07\/Icon-4a.png","datePublished":"2022-07-01T09:40:35+00:00","dateModified":"2026-02-05T07:52:25+00:00","breadcrumb":{"@id":"https:\/\/orvikpower.com\/services-list#breadcrumb"},"inLanguage":"fr-FR","potentialAction":[{"@type":"ReadAction","target":["https:\/\/orvikpower.com\/services-list"]}]},{"@type":"ImageObject","inLanguage":"fr-FR","@id":"https:\/\/orvikpower.com\/services-list#primaryimage","url":"https:\/\/orvikpower.com\/wp-content\/uploads\/2022\/07\/Icon-4a.png","contentUrl":"https:\/\/orvikpower.com\/wp-content\/uploads\/2022\/07\/Icon-4a.png"},{"@type":"BreadcrumbList","@id":"https:\/\/orvikpower.com\/services-list#breadcrumb","itemListElement":[{"@type":"ListItem","position":1,"name":"Home","item":"https:\/\/orvikpower.com\/"},{"@type":"ListItem","position":2,"name":"SERVICES"}]},{"@type":"WebSite","@id":"https:\/\/orvikpower.com\/#website","url":"https:\/\/orvikpower.com\/","name":"ORVIK | V\u00e9hicules \u00e9lectriques utilitaires l\u00e9gers","description":"Premier fabricant de v\u00e9hicules utilitaires \u00e9lectriques tout-terrain, de camionnettes et de mini-camions. Conceptions r\u00e9sistantes aux temp\u00e9ratures \u00e9lev\u00e9es et adapt\u00e9es \u00e0 l'Arctique pour les fermes et les mines. R\u00e9duisez vos co\u00fbts gr\u00e2ce \u00e0 la livraison directe \u00e0 l'usine. Rendre le travail plus fluide. Obtenir un devis.","publisher":{"@id":"https:\/\/orvikpower.com\/#organization"},"potentialAction":[{"@type":"SearchAction","target":{"@type":"EntryPoint","urlTemplate":"https:\/\/orvikpower.com\/?s={search_term_string}"},"query-input":{"@type":"PropertyValueSpecification","valueRequired":true,"valueName":"search_term_string"}}],"inLanguage":"fr-FR"},{"@type":"Organization","@id":"https:\/\/orvikpower.com\/#organization","name":"ORVIK | V\u00e9hicules \u00e9lectriques utilitaires l\u00e9gers","url":"https:\/\/orvikpower.com\/","logo":{"@type":"ImageObject","inLanguage":"fr-FR","@id":"https:\/\/orvikpower.com\/#\/schema\/logo\/image\/","url":"https:\/\/orvikpower.com\/wp-content\/uploads\/2026\/01\/cropped-logo-h-main-small.png","contentUrl":"https:\/\/orvikpower.com\/wp-content\/uploads\/2026\/01\/cropped-logo-h-main-small.png","width":512,"height":512,"caption":"ORVIK | Light Commercial Electric Vehicles"},"image":{"@id":"https:\/\/orvikpower.com\/#\/schema\/logo\/image\/"},"sameAs":["https:\/\/www.youtube.com\/@ORVIKOrvikPower","https:\/\/www.pinterest.com\/OrvikPower\/"]}]}},"_links":{"self":[{"href":"https:\/\/orvikpower.com\/fr\/wp-json\/wp\/v2\/pages\/48","targetHints":{"allow":["GET"]}}],"collection":[{"href":"https:\/\/orvikpower.com\/fr\/wp-json\/wp\/v2\/pages"}],"about":[{"href":"https:\/\/orvikpower.com\/fr\/wp-json\/wp\/v2\/types\/page"}],"author":[{"embeddable":true,"href":"https:\/\/orvikpower.com\/fr\/wp-json\/wp\/v2\/users\/1"}],"replies":[{"embeddable":true,"href":"https:\/\/orvikpower.com\/fr\/wp-json\/wp\/v2\/comments?post=48"}],"version-history":[{"count":3,"href":"https:\/\/orvikpower.com\/fr\/wp-json\/wp\/v2\/pages\/48\/revisions"}],"predecessor-version":[{"id":19635,"href":"https:\/\/orvikpower.com\/fr\/wp-json\/wp\/v2\/pages\/48\/revisions\/19635"}],"wp:attachment":[{"href":"https:\/\/orvikpower.com\/fr\/wp-json\/wp\/v2\/media?parent=48"}],"curies":[{"name":"wp","href":"https:\/\/api.w.org\/{rel}","templated":true}]}}