{"id":18923,"date":"2026-01-19T07:26:40","date_gmt":"2026-01-19T07:26:40","guid":{"rendered":"https:\/\/orvikpower.com\/?post_type=product&#038;p=18923"},"modified":"2026-01-19T08:46:34","modified_gmt":"2026-01-19T08:46:34","slug":"s1400-electric-ride-on-sweeper-industrial-cleaning-factory-direct-orvik","status":"publish","type":"product","link":"https:\/\/orvikpower.com\/fr\/product\/s1400-electric-ride-on-sweeper-industrial-cleaning-factory-direct-orvik","title":{"rendered":"Balayeuse \u00e9lectrique autoport\u00e9e S1400 | Nettoyage industriel | Factory Direct - ORVIK"},"content":{"rendered":"<p dir=\"auto\">Le <strong>Balayeuse industrielle compacte S1400<\/strong> est con\u00e7u pour les gestionnaires d'installations qui privil\u00e9gient la durabilit\u00e9 \u00e0 l'esth\u00e9tique.<\/p>\n<ul dir=\"auto\">\n<li class=\"text-start\">Il est dot\u00e9 d'un ch\u00e2ssis en acier enti\u00e8rement d\u00e9cap\u00e9 et trait\u00e9 par \u00e9lectrophor\u00e8se et de pneus pleins increvables.<\/li>\n<li class=\"text-start\">Cette construction de qualit\u00e9 industrielle offre une r\u00e9sistance sup\u00e9rieure \u00e0 la corrosion (rouille) et aux d\u00e9bris tranchants que l'on trouve couramment sur les sites miniers ou dans les usines.<\/li>\n<li class=\"text-start\">Vous disposez d'un outil de nettoyage fiable qui r\u00e9siste aux environnements difficiles, ce qui r\u00e9duit consid\u00e9rablement les temps d'immobilisation et les co\u00fbts de remplacement par rapport aux balayeuses commerciales \u00e0 carrosserie en plastique.<\/li>\n<li class=\"text-start\"><strong>Con\u00e7u pour faciliter votre travail.<\/strong><\/li>\n<\/ul>\n<table class=\"table table-striped-white table-bordered\" data-anchor-id=\"yvsn\">\n<thead>\n<tr>\n<th>\u00c9l\u00e9ment de sp\u00e9cification<\/th>\n<th>D\u00e9tails<\/th>\n<\/tr>\n<\/thead>\n<tbody>\n<tr>\n<td><strong>Mod\u00e8le<\/strong><\/td>\n<td>Balayeuse industrielle compacte S1400<\/td>\n<\/tr>\n<tr>\n<td><strong>Dimensions (L*L*H)<\/strong><\/td>\n<td>1810 \u00d7 1400 \u00d7 1520 mm<\/td>\n<\/tr>\n<tr>\n<td><strong>Largeur de balayage<\/strong><\/td>\n<td>1400 mm<\/td>\n<\/tr>\n<tr>\n<td><strong>Efficacit\u00e9 du travail<\/strong><\/td>\n<td>2 - 3 heures de fonctionnement continu<\/td>\n<\/tr>\n<tr>\n<td><strong>Syst\u00e8me de batterie<\/strong><\/td>\n<td>48V \/ 70Ah (acide de plomb sans entretien)<\/td>\n<\/tr>\n<tr>\n<td><strong>Configuration du moteur<\/strong><\/td>\n<td><strong>Conduire :<\/strong>\u00a01200W |\u00a0<strong>Brosse lat\u00e9rale :<\/strong>\u00a0800W |\u00a0<strong>Brosse principale :<\/strong>\u00a0200W (100*2) |\u00a0<strong>Ventilateur :<\/strong>\u00a0200W |\u00a0<strong>Agitateur :<\/strong>\u00a0500W<\/td>\n<\/tr>\n<tr>\n<td><strong>Capacit\u00e9 du r\u00e9servoir<\/strong><\/td>\n<td><strong>L'eau :<\/strong>\u00a050L |\u00a0<strong>Bac \u00e0 poussi\u00e8re :<\/strong>\u00a0180L<\/td>\n<\/tr>\n<tr>\n<td><strong>Traitement du ch\u00e2ssis<\/strong><\/td>\n<td>D\u00e9capage acide + \u00e9lectrophor\u00e8se + rev\u00eatement par poudre \u00e0 haute temp\u00e9rature (anticorrosion)<\/td>\n<\/tr>\n<tr>\n<td><strong>Pneus<\/strong><\/td>\n<td>Pneus industriels solides (anti-crevaison)<\/td>\n<\/tr>\n<tr>\n<td><strong>Syst\u00e8me de freinage<\/strong><\/td>\n<td>Freins hydrauliques \u00e0 double disque<\/td>\n<\/tr>\n<tr>\n<td><strong>\u00c9tanch\u00e9it\u00e9<\/strong><\/td>\n<td>Tous les faisceaux de c\u00e2bles sont dot\u00e9s de connecteurs et d'enveloppes \u00e9tanches.<\/td>\n<\/tr>\n<tr>\n<td><strong>Max Climbing<\/strong><\/td>\n<td>25%<\/td>\n<\/tr>\n<tr>\n<td><strong>Qt\u00e9 de chargement (40HQ)<\/strong><\/td>\n<td><em>Consulter le service des ventes pour le plan de charge<\/em><\/td>\n<\/tr>\n<\/tbody>\n<\/table>","protected":false},"excerpt":{"rendered":"<p>Balayeuse \u00e9lectrique de 1400 mm de large avec ch\u00e2ssis anticorrosion et pneus solides. Conception robuste pour les usines et les centres de vill\u00e9giature. Peu d'entretien. Demandez le prix FCL de l'usine.<\/p>","protected":false},"featured_media":18947,"comment_status":"open","ping_status":"closed","template":"","meta":{"_eb_attr":""},"product_brand":[],"product_cat":[75,74],"product_tag":[83,86,85,84],"class_list":{"0":"post-18923","1":"product","2":"type-product","3":"status-publish","4":"has-post-thumbnail","6":"product_cat-electric-street-sweepers","7":"product_cat-specialized-service-vehicles","8":"product_tag-industrial-parks","9":"product_tag-private-campuses","10":"product_tag-resorts","11":"product_tag-warehouses","13":"first","14":"instock","15":"shipping-taxable","16":"product-type-simple"},"yoast_head":"<!-- This site is optimized with the Yoast SEO plugin v26.9 - https:\/\/yoast.com\/product\/yoast-seo-wordpress\/ -->\n<title>S1400 Electric Ride-On Sweeper | Industrial Cleaning | Factory Direct - ORVIK | ORVIK|Light Commercial Electric Vehicles<\/title>\n<meta name=\"robots\" content=\"index, follow, max-snippet:-1, max-image-preview:large, max-video-preview:-1\" \/>\n<link rel=\"canonical\" href=\"https:\/\/orvikpower.com\/fr\/product\/s1400-electric-ride-on-sweeper-industrial-cleaning-factory-direct-orvik\" \/>\n<meta property=\"og:locale\" content=\"fr_FR\" \/>\n<meta property=\"og:type\" content=\"article\" \/>\n<meta property=\"og:title\" content=\"S1400 Electric Ride-On Sweeper | Industrial Cleaning | Factory Direct - ORVIK | ORVIK|Light Commercial Electric Vehicles\" \/>\n<meta property=\"og:description\" content=\"1400mm width electric sweeper with anti-corrosion chassis and solid tires. Rugged design for factories &amp; resorts. Low maintenance. Inquire for Factory FCL Price.\" \/>\n<meta property=\"og:url\" content=\"https:\/\/orvikpower.com\/fr\/product\/s1400-electric-ride-on-sweeper-industrial-cleaning-factory-direct-orvik\" \/>\n<meta property=\"og:site_name\" content=\"ORVIK|Light Commercial Electric Vehicles\" \/>\n<meta property=\"article:modified_time\" content=\"2026-01-19T08:46:34+00:00\" \/>\n<meta property=\"og:image\" content=\"https:\/\/orvikpower.com\/wp-content\/uploads\/2026\/01\/S1400-Electric-Industrial-Sweeper-Factory-Direct-FCL-ORVIK-2.jpg\" \/>\n\t<meta property=\"og:image:width\" content=\"1516\" \/>\n\t<meta property=\"og:image:height\" content=\"1264\" \/>\n\t<meta property=\"og:image:type\" content=\"image\/jpeg\" \/>\n<meta name=\"twitter:card\" content=\"summary_large_image\" \/>\n<meta name=\"twitter:label1\" content=\"Dur\u00e9e de lecture estim\u00e9e\" \/>\n\t<meta name=\"twitter:data1\" content=\"1 minute\" \/>\n<script type=\"application\/ld+json\" class=\"yoast-schema-graph\">{\"@context\":\"https:\/\/schema.org\",\"@graph\":[{\"@type\":\"WebPage\",\"@id\":\"https:\/\/orvikpower.com\/product\/s1400-electric-ride-on-sweeper-industrial-cleaning-factory-direct-orvik\",\"url\":\"https:\/\/orvikpower.com\/product\/s1400-electric-ride-on-sweeper-industrial-cleaning-factory-direct-orvik\",\"name\":\"S1400 Electric Ride-On Sweeper | Industrial Cleaning | Factory Direct - ORVIK | ORVIK|Light Commercial Electric Vehicles\",\"isPartOf\":{\"@id\":\"https:\/\/orvikpower.com\/#website\"},\"primaryImageOfPage\":{\"@id\":\"https:\/\/orvikpower.com\/product\/s1400-electric-ride-on-sweeper-industrial-cleaning-factory-direct-orvik#primaryimage\"},\"image\":{\"@id\":\"https:\/\/orvikpower.com\/product\/s1400-electric-ride-on-sweeper-industrial-cleaning-factory-direct-orvik#primaryimage\"},\"thumbnailUrl\":\"https:\/\/orvikpower.com\/wp-content\/uploads\/2026\/01\/S1400-Electric-Industrial-Sweeper-Factory-Direct-FCL-ORVIK-2.jpg\",\"datePublished\":\"2026-01-19T07:26:40+00:00\",\"dateModified\":\"2026-01-19T08:46:34+00:00\",\"breadcrumb\":{\"@id\":\"https:\/\/orvikpower.com\/product\/s1400-electric-ride-on-sweeper-industrial-cleaning-factory-direct-orvik#breadcrumb\"},\"inLanguage\":\"fr-FR\",\"potentialAction\":[{\"@type\":\"ReadAction\",\"target\":[\"https:\/\/orvikpower.com\/product\/s1400-electric-ride-on-sweeper-industrial-cleaning-factory-direct-orvik\"]}]},{\"@type\":\"ImageObject\",\"inLanguage\":\"fr-FR\",\"@id\":\"https:\/\/orvikpower.com\/product\/s1400-electric-ride-on-sweeper-industrial-cleaning-factory-direct-orvik#primaryimage\",\"url\":\"https:\/\/orvikpower.com\/wp-content\/uploads\/2026\/01\/S1400-Electric-Industrial-Sweeper-Factory-Direct-FCL-ORVIK-2.jpg\",\"contentUrl\":\"https:\/\/orvikpower.com\/wp-content\/uploads\/2026\/01\/S1400-Electric-Industrial-Sweeper-Factory-Direct-FCL-ORVIK-2.jpg\",\"width\":1516,\"height\":1264,\"caption\":\"1400mm width electric sweeper with anti-corrosion chassis and solid tires. Rugged design for factories & resorts. Low maintenance. Inquire for Factory FCL Price.\"},{\"@type\":\"BreadcrumbList\",\"@id\":\"https:\/\/orvikpower.com\/product\/s1400-electric-ride-on-sweeper-industrial-cleaning-factory-direct-orvik#breadcrumb\",\"itemListElement\":[{\"@type\":\"ListItem\",\"position\":1,\"name\":\"Home\",\"item\":\"https:\/\/orvikpower.com\/\"},{\"@type\":\"ListItem\",\"position\":2,\"name\":\"SHOP\",\"item\":\"https:\/\/orvikpower.com\/shop\"},{\"@type\":\"ListItem\",\"position\":3,\"name\":\"S1400 Electric Ride-On Sweeper | Industrial Cleaning | Factory Direct &#8211; ORVIK\"}]},{\"@type\":\"WebSite\",\"@id\":\"https:\/\/orvikpower.com\/#website\",\"url\":\"https:\/\/orvikpower.com\/\",\"name\":\"ORVIK | Light Commercial Electric Vehicles\",\"description\":\"Premier Manufacturer of Off-road Electric Utility Vehicles, Pickups &amp; Mini Trucks. High-Temp &amp; Arctic Ready designs for farms &amp; mines. Save costs with Factory-Direct FCL. Make work flow. Get a Quote.\",\"publisher\":{\"@id\":\"https:\/\/orvikpower.com\/#organization\"},\"potentialAction\":[{\"@type\":\"SearchAction\",\"target\":{\"@type\":\"EntryPoint\",\"urlTemplate\":\"https:\/\/orvikpower.com\/?s={search_term_string}\"},\"query-input\":{\"@type\":\"PropertyValueSpecification\",\"valueRequired\":true,\"valueName\":\"search_term_string\"}}],\"inLanguage\":\"fr-FR\"},{\"@type\":\"Organization\",\"@id\":\"https:\/\/orvikpower.com\/#organization\",\"name\":\"ORVIK | Light Commercial Electric Vehicles\",\"url\":\"https:\/\/orvikpower.com\/\",\"logo\":{\"@type\":\"ImageObject\",\"inLanguage\":\"fr-FR\",\"@id\":\"https:\/\/orvikpower.com\/#\/schema\/logo\/image\/\",\"url\":\"https:\/\/orvikpower.com\/wp-content\/uploads\/2026\/01\/cropped-logo-h-main-small.png\",\"contentUrl\":\"https:\/\/orvikpower.com\/wp-content\/uploads\/2026\/01\/cropped-logo-h-main-small.png\",\"width\":512,\"height\":512,\"caption\":\"ORVIK | Light Commercial Electric Vehicles\"},\"image\":{\"@id\":\"https:\/\/orvikpower.com\/#\/schema\/logo\/image\/\"},\"sameAs\":[\"https:\/\/www.youtube.com\/@ORVIKOrvikPower\",\"https:\/\/www.pinterest.com\/OrvikPower\/\"]}]}<\/script>\n<!-- \/ Yoast SEO plugin. -->","yoast_head_json":{"title":"S1400 Balayeuse \u00e9lectrique autoport\u00e9e | Nettoyage industriel | Factory Direct - ORVIK | ORVIK|V\u00e9hicules \u00e9lectriques utilitaires l\u00e9gers","robots":{"index":"index","follow":"follow","max-snippet":"max-snippet:-1","max-image-preview":"max-image-preview:large","max-video-preview":"max-video-preview:-1"},"canonical":"https:\/\/orvikpower.com\/fr\/product\/s1400-electric-ride-on-sweeper-industrial-cleaning-factory-direct-orvik","og_locale":"fr_FR","og_type":"article","og_title":"S1400 Electric Ride-On Sweeper | Industrial Cleaning | Factory Direct - ORVIK | ORVIK|Light Commercial Electric Vehicles","og_description":"1400mm width electric sweeper with anti-corrosion chassis and solid tires. Rugged design for factories &amp; resorts. Low maintenance. Inquire for Factory FCL Price.","og_url":"https:\/\/orvikpower.com\/fr\/product\/s1400-electric-ride-on-sweeper-industrial-cleaning-factory-direct-orvik","og_site_name":"ORVIK|Light Commercial Electric Vehicles","article_modified_time":"2026-01-19T08:46:34+00:00","og_image":[{"width":1516,"height":1264,"url":"https:\/\/orvikpower.com\/wp-content\/uploads\/2026\/01\/S1400-Electric-Industrial-Sweeper-Factory-Direct-FCL-ORVIK-2.jpg","type":"image\/jpeg"}],"twitter_card":"summary_large_image","twitter_misc":{"Dur\u00e9e de lecture estim\u00e9e":"1 minute"},"schema":{"@context":"https:\/\/schema.org","@graph":[{"@type":"WebPage","@id":"https:\/\/orvikpower.com\/product\/s1400-electric-ride-on-sweeper-industrial-cleaning-factory-direct-orvik","url":"https:\/\/orvikpower.com\/product\/s1400-electric-ride-on-sweeper-industrial-cleaning-factory-direct-orvik","name":"S1400 Balayeuse \u00e9lectrique autoport\u00e9e | Nettoyage industriel | Factory Direct - ORVIK | ORVIK|V\u00e9hicules \u00e9lectriques utilitaires l\u00e9gers","isPartOf":{"@id":"https:\/\/orvikpower.com\/#website"},"primaryImageOfPage":{"@id":"https:\/\/orvikpower.com\/product\/s1400-electric-ride-on-sweeper-industrial-cleaning-factory-direct-orvik#primaryimage"},"image":{"@id":"https:\/\/orvikpower.com\/product\/s1400-electric-ride-on-sweeper-industrial-cleaning-factory-direct-orvik#primaryimage"},"thumbnailUrl":"https:\/\/orvikpower.com\/wp-content\/uploads\/2026\/01\/S1400-Electric-Industrial-Sweeper-Factory-Direct-FCL-ORVIK-2.jpg","datePublished":"2026-01-19T07:26:40+00:00","dateModified":"2026-01-19T08:46:34+00:00","breadcrumb":{"@id":"https:\/\/orvikpower.com\/product\/s1400-electric-ride-on-sweeper-industrial-cleaning-factory-direct-orvik#breadcrumb"},"inLanguage":"fr-FR","potentialAction":[{"@type":"ReadAction","target":["https:\/\/orvikpower.com\/product\/s1400-electric-ride-on-sweeper-industrial-cleaning-factory-direct-orvik"]}]},{"@type":"ImageObject","inLanguage":"fr-FR","@id":"https:\/\/orvikpower.com\/product\/s1400-electric-ride-on-sweeper-industrial-cleaning-factory-direct-orvik#primaryimage","url":"https:\/\/orvikpower.com\/wp-content\/uploads\/2026\/01\/S1400-Electric-Industrial-Sweeper-Factory-Direct-FCL-ORVIK-2.jpg","contentUrl":"https:\/\/orvikpower.com\/wp-content\/uploads\/2026\/01\/S1400-Electric-Industrial-Sweeper-Factory-Direct-FCL-ORVIK-2.jpg","width":1516,"height":1264,"caption":"1400mm width electric sweeper with anti-corrosion chassis and solid tires. Rugged design for factories & resorts. Low maintenance. Inquire for Factory FCL Price."},{"@type":"BreadcrumbList","@id":"https:\/\/orvikpower.com\/product\/s1400-electric-ride-on-sweeper-industrial-cleaning-factory-direct-orvik#breadcrumb","itemListElement":[{"@type":"ListItem","position":1,"name":"Home","item":"https:\/\/orvikpower.com\/"},{"@type":"ListItem","position":2,"name":"SHOP","item":"https:\/\/orvikpower.com\/shop"},{"@type":"ListItem","position":3,"name":"S1400 Electric Ride-On Sweeper | Industrial Cleaning | Factory Direct &#8211; ORVIK"}]},{"@type":"WebSite","@id":"https:\/\/orvikpower.com\/#website","url":"https:\/\/orvikpower.com\/","name":"ORVIK | V\u00e9hicules \u00e9lectriques utilitaires l\u00e9gers","description":"Premier fabricant de v\u00e9hicules utilitaires \u00e9lectriques tout-terrain, de camionnettes et de mini-camions. Conceptions r\u00e9sistantes aux temp\u00e9ratures \u00e9lev\u00e9es et adapt\u00e9es \u00e0 l'Arctique pour les fermes et les mines. R\u00e9duisez vos co\u00fbts gr\u00e2ce \u00e0 la livraison directe \u00e0 l'usine. Rendre le travail plus fluide. Obtenir un devis.","publisher":{"@id":"https:\/\/orvikpower.com\/#organization"},"potentialAction":[{"@type":"SearchAction","target":{"@type":"EntryPoint","urlTemplate":"https:\/\/orvikpower.com\/?s={search_term_string}"},"query-input":{"@type":"PropertyValueSpecification","valueRequired":true,"valueName":"search_term_string"}}],"inLanguage":"fr-FR"},{"@type":"Organization","@id":"https:\/\/orvikpower.com\/#organization","name":"ORVIK | V\u00e9hicules \u00e9lectriques utilitaires l\u00e9gers","url":"https:\/\/orvikpower.com\/","logo":{"@type":"ImageObject","inLanguage":"fr-FR","@id":"https:\/\/orvikpower.com\/#\/schema\/logo\/image\/","url":"https:\/\/orvikpower.com\/wp-content\/uploads\/2026\/01\/cropped-logo-h-main-small.png","contentUrl":"https:\/\/orvikpower.com\/wp-content\/uploads\/2026\/01\/cropped-logo-h-main-small.png","width":512,"height":512,"caption":"ORVIK | Light Commercial Electric Vehicles"},"image":{"@id":"https:\/\/orvikpower.com\/#\/schema\/logo\/image\/"},"sameAs":["https:\/\/www.youtube.com\/@ORVIKOrvikPower","https:\/\/www.pinterest.com\/OrvikPower\/"]}]}},"_links":{"self":[{"href":"https:\/\/orvikpower.com\/fr\/wp-json\/wp\/v2\/product\/18923","targetHints":{"allow":["GET"]}}],"collection":[{"href":"https:\/\/orvikpower.com\/fr\/wp-json\/wp\/v2\/product"}],"about":[{"href":"https:\/\/orvikpower.com\/fr\/wp-json\/wp\/v2\/types\/product"}],"replies":[{"embeddable":true,"href":"https:\/\/orvikpower.com\/fr\/wp-json\/wp\/v2\/comments?post=18923"}],"wp:featuredmedia":[{"embeddable":true,"href":"https:\/\/orvikpower.com\/fr\/wp-json\/wp\/v2\/media\/18947"}],"wp:attachment":[{"href":"https:\/\/orvikpower.com\/fr\/wp-json\/wp\/v2\/media?parent=18923"}],"wp:term":[{"taxonomy":"product_brand","embeddable":true,"href":"https:\/\/orvikpower.com\/fr\/wp-json\/wp\/v2\/product_brand?post=18923"},{"taxonomy":"product_cat","embeddable":true,"href":"https:\/\/orvikpower.com\/fr\/wp-json\/wp\/v2\/product_cat?post=18923"},{"taxonomy":"product_tag","embeddable":true,"href":"https:\/\/orvikpower.com\/fr\/wp-json\/wp\/v2\/product_tag?post=18923"}],"curies":[{"name":"wp","href":"https:\/\/api.w.org\/{rel}","templated":true}]}}