{"id":19043,"date":"2026-01-20T14:46:09","date_gmt":"2026-01-20T14:46:09","guid":{"rendered":"https:\/\/orvikpower.com\/?post_type=product&#038;p=19043"},"modified":"2026-01-20T14:47:18","modified_gmt":"2026-01-20T14:47:18","slug":"electric-street-sweeper-s1400-with-canopy-factory-direct-wholesale-orvik","status":"publish","type":"product","link":"https:\/\/orvikpower.com\/fr\/product\/electric-street-sweeper-s1400-with-canopy-factory-direct-wholesale-orvik","title":{"rendered":"Balayeuse \u00e9lectrique S1400 avec canopy | Factory Direct Wholesale - ORVIK"},"content":{"rendered":"<p dir=\"auto\">Le <strong>ORVIK S1400 Canopy Edition<\/strong> \u00e9quilibre le confort de l'op\u00e9rateur et l'efficacit\u00e9 op\u00e9rationnelle. Contrairement aux mod\u00e8les enti\u00e8rement ferm\u00e9s, cette balayeuse semi-ferm\u00e9e est dot\u00e9e d'un syst\u00e8me d'aspiration et d'\u00e9vacuation des eaux us\u00e9es. <strong>toit rigide en plastique technique robuste et pare-brise en verre tremp\u00e9<\/strong>. Cette conception offre une protection essentielle contre le soleil br\u00fblant et la pluie fine (caract\u00e9ristique) tout en conservant des c\u00f4t\u00e9s ouverts pour une ventilation maximale et une entr\u00e9e\/sortie facile (avantage), ce qui en fait le choix id\u00e9al pour les climats chauds ou les t\u00e2ches n\u00e9cessitant des arr\u00eats fr\u00e9quents.<\/p>\n<div class=\"my-2\"><\/div>\n<p dir=\"auto\">Aliment\u00e9 par un syst\u00e8me 48V robuste, le S1400 offre une trajectoire de nettoyage de 1400 mm gr\u00e2ce \u00e0 ses deux brosses lat\u00e9rales et \u00e0 sa puissante brosse principale. Le ch\u00e2ssis est soumis \u00e0 un processus strict de d\u00e9capage et d'\u00e9lectrophor\u00e8se pour r\u00e9sister \u00e0 la corrosion, ce qui garantit sa long\u00e9vit\u00e9, m\u00eame dans les environnements humides ou c\u00f4tiers.<\/p>\n<ul dir=\"auto\">\n<li class=\"text-start\"><strong>Visibilit\u00e9 :<\/strong> La conception ouverte \u00e9limine les angles morts pour une utilisation plus s\u00fbre dans les zones encombr\u00e9es.<\/li>\n<li class=\"text-start\"><strong>Syst\u00e8me d'alimentation :<\/strong> Moteur d'entra\u00eenement 1200W + moteurs de balayage personnalisables.<br \/>\nCon\u00e7u pour faciliter votre travail.<\/li>\n<\/ul>\n<table class=\"table table-striped-white table-bordered\" data-anchor-id=\"kn99\">\n<thead>\n<tr>\n<th>Param\u00e8tres<\/th>\n<th>Sp\u00e9cifications<\/th>\n<\/tr>\n<\/thead>\n<tbody>\n<tr>\n<td><strong>Mod\u00e8le\u00a0<\/strong><\/td>\n<td>Canopy ORVIK S1400<\/td>\n<\/tr>\n<tr>\n<td><strong>Dimensions (L*L*H)<\/strong><\/td>\n<td>1810 \u00d7 1400 \u00d7 2000 mm<\/td>\n<\/tr>\n<tr>\n<td><strong>Largeur de balayage\u00a0<\/strong><\/td>\n<td>1400 mm<\/td>\n<\/tr>\n<tr>\n<td><strong>Poids du v\u00e9hicule\u00a0<\/strong><\/td>\n<td>550 kg<\/td>\n<\/tr>\n<tr>\n<td><strong>Moteur d'entra\u00eenement\u00a0<\/strong><\/td>\n<td>1200W<\/td>\n<\/tr>\n<tr>\n<td><strong>Syst\u00e8me de moteur \u00e0 brosse<\/strong><\/td>\n<td>Principal : 800W | Lat\u00e9ral : 100W \u00d7 2\u00a0<em>(Corrig\u00e9)<\/em><\/td>\n<\/tr>\n<tr>\n<td><strong>Moteur du ventilateur\/de l'aspirateur<\/strong><\/td>\n<td>500W (secouage de poussi\u00e8re : 500W)<\/td>\n<\/tr>\n<tr>\n<td><strong>Batterie<\/strong><\/td>\n<td>48V 70Ah (plomb-acide) | LiFePO4 En option<\/td>\n<\/tr>\n<tr>\n<td><strong>Heures de travail\u00a0<\/strong><\/td>\n<td>2 - 3 heures<\/td>\n<\/tr>\n<tr>\n<td><strong>Poubelle\u00a0<\/strong><\/td>\n<td>180 L<\/td>\n<\/tr>\n<tr>\n<td><strong>R\u00e9servoir d'eau\u00a0<\/strong><\/td>\n<td>50 L<\/td>\n<\/tr>\n<tr>\n<td><strong>Type de cabine\u00a0<\/strong><\/td>\n<td><strong>Auvent semi-ferm\u00e9 \/ toit rigide\u00a0<\/strong><\/td>\n<\/tr>\n<tr>\n<td><strong>Capacit\u00e9 d'escalade<\/strong><\/td>\n<td>25%<\/td>\n<\/tr>\n<tr>\n<td><strong>Freinage\u00a0<\/strong><\/td>\n<td>Double disque hydraulique<\/td>\n<\/tr>\n<tr>\n<td><strong>Pneus\u00a0<\/strong><\/td>\n<td>Pneus solides<\/td>\n<\/tr>\n<tr>\n<td><strong>Qt\u00e9 de chargement (40HQ)<\/strong><\/td>\n<td>Contact pour le calcul du FCL<\/td>\n<\/tr>\n<\/tbody>\n<\/table>","protected":false},"excerpt":{"rendered":"<p>Balayeuse \u00e9lectrique semi-ferm\u00e9e S1400 avec toit rigide. Prot\u00e8ge l'op\u00e9rateur du soleil et de la pluie tout en assurant la circulation de l'air. Largeur 1400mm, bac 180L. Obtenir un devis FCL.<\/p>","protected":false},"featured_media":19044,"comment_status":"open","ping_status":"closed","template":"","meta":{"_eb_attr":""},"product_brand":[],"product_cat":[75,74],"product_tag":[89,87,90,88],"class_list":{"0":"post-19043","1":"product","2":"type-product","3":"status-publish","4":"has-post-thumbnail","6":"product_cat-electric-street-sweepers","7":"product_cat-specialized-service-vehicles","8":"product_tag-campus","9":"product_tag-municipal","10":"product_tag-open-air-factory","11":"product_tag-resort","13":"first","14":"instock","15":"shipping-taxable","16":"product-type-simple"},"yoast_head":"<!-- This site is optimized with the Yoast SEO plugin v26.9 - https:\/\/yoast.com\/product\/yoast-seo-wordpress\/ -->\n<title>Electric Street Sweeper S1400 with Canopy | Factory Direct Wholesale - ORVIK | ORVIK|Light Commercial Electric Vehicles<\/title>\n<meta name=\"robots\" content=\"index, follow, max-snippet:-1, max-image-preview:large, max-video-preview:-1\" \/>\n<link rel=\"canonical\" href=\"https:\/\/orvikpower.com\/fr\/product\/electric-street-sweeper-s1400-with-canopy-factory-direct-wholesale-orvik\" \/>\n<meta property=\"og:locale\" content=\"fr_FR\" \/>\n<meta property=\"og:type\" content=\"article\" \/>\n<meta property=\"og:title\" content=\"Electric Street Sweeper S1400 with Canopy | Factory Direct Wholesale - ORVIK | ORVIK|Light Commercial Electric Vehicles\" \/>\n<meta property=\"og:description\" content=\"S1400 semi-enclosed electric sweeper with hardtop canopy. Protects operators from sun &amp; rain while ensuring airflow. 1400mm width, 180L bin. Get FCL Quote.\" \/>\n<meta property=\"og:url\" content=\"https:\/\/orvikpower.com\/fr\/product\/electric-street-sweeper-s1400-with-canopy-factory-direct-wholesale-orvik\" \/>\n<meta property=\"og:site_name\" content=\"ORVIK|Light Commercial Electric Vehicles\" \/>\n<meta property=\"article:modified_time\" content=\"2026-01-20T14:47:18+00:00\" \/>\n<meta property=\"og:image\" content=\"https:\/\/orvikpower.com\/wp-content\/uploads\/2026\/01\/Electric-Street-Sweeper-S1400-with-Canopy-Factory-Direct-Wholesale-ORVIK.jpg\" \/>\n\t<meta property=\"og:image:width\" content=\"1264\" \/>\n\t<meta property=\"og:image:height\" content=\"1458\" \/>\n\t<meta property=\"og:image:type\" content=\"image\/jpeg\" \/>\n<meta name=\"twitter:card\" content=\"summary_large_image\" \/>\n<meta name=\"twitter:label1\" content=\"Dur\u00e9e de lecture estim\u00e9e\" \/>\n\t<meta name=\"twitter:data1\" content=\"1 minute\" \/>\n<script type=\"application\/ld+json\" class=\"yoast-schema-graph\">{\"@context\":\"https:\/\/schema.org\",\"@graph\":[{\"@type\":\"WebPage\",\"@id\":\"https:\/\/orvikpower.com\/product\/electric-street-sweeper-s1400-with-canopy-factory-direct-wholesale-orvik\",\"url\":\"https:\/\/orvikpower.com\/product\/electric-street-sweeper-s1400-with-canopy-factory-direct-wholesale-orvik\",\"name\":\"Electric Street Sweeper S1400 with Canopy | Factory Direct Wholesale - ORVIK | ORVIK|Light Commercial Electric Vehicles\",\"isPartOf\":{\"@id\":\"https:\/\/orvikpower.com\/#website\"},\"primaryImageOfPage\":{\"@id\":\"https:\/\/orvikpower.com\/product\/electric-street-sweeper-s1400-with-canopy-factory-direct-wholesale-orvik#primaryimage\"},\"image\":{\"@id\":\"https:\/\/orvikpower.com\/product\/electric-street-sweeper-s1400-with-canopy-factory-direct-wholesale-orvik#primaryimage\"},\"thumbnailUrl\":\"https:\/\/orvikpower.com\/wp-content\/uploads\/2026\/01\/Electric-Street-Sweeper-S1400-with-Canopy-Factory-Direct-Wholesale-ORVIK.jpg\",\"datePublished\":\"2026-01-20T14:46:09+00:00\",\"dateModified\":\"2026-01-20T14:47:18+00:00\",\"breadcrumb\":{\"@id\":\"https:\/\/orvikpower.com\/product\/electric-street-sweeper-s1400-with-canopy-factory-direct-wholesale-orvik#breadcrumb\"},\"inLanguage\":\"fr-FR\",\"potentialAction\":[{\"@type\":\"ReadAction\",\"target\":[\"https:\/\/orvikpower.com\/product\/electric-street-sweeper-s1400-with-canopy-factory-direct-wholesale-orvik\"]}]},{\"@type\":\"ImageObject\",\"inLanguage\":\"fr-FR\",\"@id\":\"https:\/\/orvikpower.com\/product\/electric-street-sweeper-s1400-with-canopy-factory-direct-wholesale-orvik#primaryimage\",\"url\":\"https:\/\/orvikpower.com\/wp-content\/uploads\/2026\/01\/Electric-Street-Sweeper-S1400-with-Canopy-Factory-Direct-Wholesale-ORVIK.jpg\",\"contentUrl\":\"https:\/\/orvikpower.com\/wp-content\/uploads\/2026\/01\/Electric-Street-Sweeper-S1400-with-Canopy-Factory-Direct-Wholesale-ORVIK.jpg\",\"width\":1264,\"height\":1458,\"caption\":\"S1400 semi-enclosed electric sweeper with hardtop canopy. Protects operators from sun & rain while ensuring airflow. 1400mm width, 180L bin. Get FCL Quote.\"},{\"@type\":\"BreadcrumbList\",\"@id\":\"https:\/\/orvikpower.com\/product\/electric-street-sweeper-s1400-with-canopy-factory-direct-wholesale-orvik#breadcrumb\",\"itemListElement\":[{\"@type\":\"ListItem\",\"position\":1,\"name\":\"Home\",\"item\":\"https:\/\/orvikpower.com\/\"},{\"@type\":\"ListItem\",\"position\":2,\"name\":\"SHOP\",\"item\":\"https:\/\/orvikpower.com\/shop\"},{\"@type\":\"ListItem\",\"position\":3,\"name\":\"Electric Street Sweeper S1400 with Canopy | Factory Direct Wholesale &#8211; ORVIK\"}]},{\"@type\":\"WebSite\",\"@id\":\"https:\/\/orvikpower.com\/#website\",\"url\":\"https:\/\/orvikpower.com\/\",\"name\":\"ORVIK | Light Commercial Electric Vehicles\",\"description\":\"Premier Manufacturer of Off-road Electric Utility Vehicles, Pickups &amp; Mini Trucks. High-Temp &amp; Arctic Ready designs for farms &amp; mines. Save costs with Factory-Direct FCL. Make work flow. Get a Quote.\",\"publisher\":{\"@id\":\"https:\/\/orvikpower.com\/#organization\"},\"potentialAction\":[{\"@type\":\"SearchAction\",\"target\":{\"@type\":\"EntryPoint\",\"urlTemplate\":\"https:\/\/orvikpower.com\/?s={search_term_string}\"},\"query-input\":{\"@type\":\"PropertyValueSpecification\",\"valueRequired\":true,\"valueName\":\"search_term_string\"}}],\"inLanguage\":\"fr-FR\"},{\"@type\":\"Organization\",\"@id\":\"https:\/\/orvikpower.com\/#organization\",\"name\":\"ORVIK | Light Commercial Electric Vehicles\",\"url\":\"https:\/\/orvikpower.com\/\",\"logo\":{\"@type\":\"ImageObject\",\"inLanguage\":\"fr-FR\",\"@id\":\"https:\/\/orvikpower.com\/#\/schema\/logo\/image\/\",\"url\":\"https:\/\/orvikpower.com\/wp-content\/uploads\/2026\/01\/cropped-logo-h-main-small.png\",\"contentUrl\":\"https:\/\/orvikpower.com\/wp-content\/uploads\/2026\/01\/cropped-logo-h-main-small.png\",\"width\":512,\"height\":512,\"caption\":\"ORVIK | Light Commercial Electric Vehicles\"},\"image\":{\"@id\":\"https:\/\/orvikpower.com\/#\/schema\/logo\/image\/\"},\"sameAs\":[\"https:\/\/www.youtube.com\/@ORVIKOrvikPower\",\"https:\/\/www.pinterest.com\/OrvikPower\/\"]}]}<\/script>\n<!-- \/ Yoast SEO plugin. -->","yoast_head_json":{"title":"Balayeuse \u00e9lectrique S1400 avec auvent | Factory Direct Wholesale - ORVIK | ORVIK|V\u00e9hicules \u00e9lectriques utilitaires l\u00e9gers","robots":{"index":"index","follow":"follow","max-snippet":"max-snippet:-1","max-image-preview":"max-image-preview:large","max-video-preview":"max-video-preview:-1"},"canonical":"https:\/\/orvikpower.com\/fr\/product\/electric-street-sweeper-s1400-with-canopy-factory-direct-wholesale-orvik","og_locale":"fr_FR","og_type":"article","og_title":"Electric Street Sweeper S1400 with Canopy | Factory Direct Wholesale - ORVIK | ORVIK|Light Commercial Electric Vehicles","og_description":"S1400 semi-enclosed electric sweeper with hardtop canopy. Protects operators from sun &amp; rain while ensuring airflow. 1400mm width, 180L bin. Get FCL Quote.","og_url":"https:\/\/orvikpower.com\/fr\/product\/electric-street-sweeper-s1400-with-canopy-factory-direct-wholesale-orvik","og_site_name":"ORVIK|Light Commercial Electric Vehicles","article_modified_time":"2026-01-20T14:47:18+00:00","og_image":[{"width":1264,"height":1458,"url":"https:\/\/orvikpower.com\/wp-content\/uploads\/2026\/01\/Electric-Street-Sweeper-S1400-with-Canopy-Factory-Direct-Wholesale-ORVIK.jpg","type":"image\/jpeg"}],"twitter_card":"summary_large_image","twitter_misc":{"Dur\u00e9e de lecture estim\u00e9e":"1 minute"},"schema":{"@context":"https:\/\/schema.org","@graph":[{"@type":"WebPage","@id":"https:\/\/orvikpower.com\/product\/electric-street-sweeper-s1400-with-canopy-factory-direct-wholesale-orvik","url":"https:\/\/orvikpower.com\/product\/electric-street-sweeper-s1400-with-canopy-factory-direct-wholesale-orvik","name":"Balayeuse \u00e9lectrique S1400 avec auvent | Factory Direct Wholesale - ORVIK | ORVIK|V\u00e9hicules \u00e9lectriques utilitaires l\u00e9gers","isPartOf":{"@id":"https:\/\/orvikpower.com\/#website"},"primaryImageOfPage":{"@id":"https:\/\/orvikpower.com\/product\/electric-street-sweeper-s1400-with-canopy-factory-direct-wholesale-orvik#primaryimage"},"image":{"@id":"https:\/\/orvikpower.com\/product\/electric-street-sweeper-s1400-with-canopy-factory-direct-wholesale-orvik#primaryimage"},"thumbnailUrl":"https:\/\/orvikpower.com\/wp-content\/uploads\/2026\/01\/Electric-Street-Sweeper-S1400-with-Canopy-Factory-Direct-Wholesale-ORVIK.jpg","datePublished":"2026-01-20T14:46:09+00:00","dateModified":"2026-01-20T14:47:18+00:00","breadcrumb":{"@id":"https:\/\/orvikpower.com\/product\/electric-street-sweeper-s1400-with-canopy-factory-direct-wholesale-orvik#breadcrumb"},"inLanguage":"fr-FR","potentialAction":[{"@type":"ReadAction","target":["https:\/\/orvikpower.com\/product\/electric-street-sweeper-s1400-with-canopy-factory-direct-wholesale-orvik"]}]},{"@type":"ImageObject","inLanguage":"fr-FR","@id":"https:\/\/orvikpower.com\/product\/electric-street-sweeper-s1400-with-canopy-factory-direct-wholesale-orvik#primaryimage","url":"https:\/\/orvikpower.com\/wp-content\/uploads\/2026\/01\/Electric-Street-Sweeper-S1400-with-Canopy-Factory-Direct-Wholesale-ORVIK.jpg","contentUrl":"https:\/\/orvikpower.com\/wp-content\/uploads\/2026\/01\/Electric-Street-Sweeper-S1400-with-Canopy-Factory-Direct-Wholesale-ORVIK.jpg","width":1264,"height":1458,"caption":"S1400 semi-enclosed electric sweeper with hardtop canopy. Protects operators from sun & rain while ensuring airflow. 1400mm width, 180L bin. Get FCL Quote."},{"@type":"BreadcrumbList","@id":"https:\/\/orvikpower.com\/product\/electric-street-sweeper-s1400-with-canopy-factory-direct-wholesale-orvik#breadcrumb","itemListElement":[{"@type":"ListItem","position":1,"name":"Home","item":"https:\/\/orvikpower.com\/"},{"@type":"ListItem","position":2,"name":"SHOP","item":"https:\/\/orvikpower.com\/shop"},{"@type":"ListItem","position":3,"name":"Electric Street Sweeper S1400 with Canopy | Factory Direct Wholesale &#8211; ORVIK"}]},{"@type":"WebSite","@id":"https:\/\/orvikpower.com\/#website","url":"https:\/\/orvikpower.com\/","name":"ORVIK | V\u00e9hicules \u00e9lectriques utilitaires l\u00e9gers","description":"Premier fabricant de v\u00e9hicules utilitaires \u00e9lectriques tout-terrain, de camionnettes et de mini-camions. Conceptions r\u00e9sistantes aux temp\u00e9ratures \u00e9lev\u00e9es et adapt\u00e9es \u00e0 l'Arctique pour les fermes et les mines. R\u00e9duisez vos co\u00fbts gr\u00e2ce \u00e0 la livraison directe \u00e0 l'usine. Rendre le travail plus fluide. Obtenir un devis.","publisher":{"@id":"https:\/\/orvikpower.com\/#organization"},"potentialAction":[{"@type":"SearchAction","target":{"@type":"EntryPoint","urlTemplate":"https:\/\/orvikpower.com\/?s={search_term_string}"},"query-input":{"@type":"PropertyValueSpecification","valueRequired":true,"valueName":"search_term_string"}}],"inLanguage":"fr-FR"},{"@type":"Organization","@id":"https:\/\/orvikpower.com\/#organization","name":"ORVIK | V\u00e9hicules \u00e9lectriques utilitaires l\u00e9gers","url":"https:\/\/orvikpower.com\/","logo":{"@type":"ImageObject","inLanguage":"fr-FR","@id":"https:\/\/orvikpower.com\/#\/schema\/logo\/image\/","url":"https:\/\/orvikpower.com\/wp-content\/uploads\/2026\/01\/cropped-logo-h-main-small.png","contentUrl":"https:\/\/orvikpower.com\/wp-content\/uploads\/2026\/01\/cropped-logo-h-main-small.png","width":512,"height":512,"caption":"ORVIK | Light Commercial Electric Vehicles"},"image":{"@id":"https:\/\/orvikpower.com\/#\/schema\/logo\/image\/"},"sameAs":["https:\/\/www.youtube.com\/@ORVIKOrvikPower","https:\/\/www.pinterest.com\/OrvikPower\/"]}]}},"_links":{"self":[{"href":"https:\/\/orvikpower.com\/fr\/wp-json\/wp\/v2\/product\/19043","targetHints":{"allow":["GET"]}}],"collection":[{"href":"https:\/\/orvikpower.com\/fr\/wp-json\/wp\/v2\/product"}],"about":[{"href":"https:\/\/orvikpower.com\/fr\/wp-json\/wp\/v2\/types\/product"}],"replies":[{"embeddable":true,"href":"https:\/\/orvikpower.com\/fr\/wp-json\/wp\/v2\/comments?post=19043"}],"wp:featuredmedia":[{"embeddable":true,"href":"https:\/\/orvikpower.com\/fr\/wp-json\/wp\/v2\/media\/19044"}],"wp:attachment":[{"href":"https:\/\/orvikpower.com\/fr\/wp-json\/wp\/v2\/media?parent=19043"}],"wp:term":[{"taxonomy":"product_brand","embeddable":true,"href":"https:\/\/orvikpower.com\/fr\/wp-json\/wp\/v2\/product_brand?post=19043"},{"taxonomy":"product_cat","embeddable":true,"href":"https:\/\/orvikpower.com\/fr\/wp-json\/wp\/v2\/product_cat?post=19043"},{"taxonomy":"product_tag","embeddable":true,"href":"https:\/\/orvikpower.com\/fr\/wp-json\/wp\/v2\/product_tag?post=19043"}],"curies":[{"name":"wp","href":"https:\/\/api.w.org\/{rel}","templated":true}]}}