{"id":19060,"date":"2026-01-21T08:13:21","date_gmt":"2026-01-21T08:13:21","guid":{"rendered":"https:\/\/orvikpower.com\/?post_type=product&#038;p=19060"},"modified":"2026-01-21T08:16:14","modified_gmt":"2026-01-21T08:16:14","slug":"g2000-electric-road-sweeper-2000mm-industrial-cleaning-factory-direct-orvik","status":"publish","type":"product","link":"https:\/\/orvikpower.com\/fr\/product\/g2000-electric-road-sweeper-2000mm-industrial-cleaning-factory-direct-orvik","title":{"rendered":"Balayeuse \u00e9lectrique G2000 (2000mm) | Nettoyage Industriel | Factory Direct - ORVIK"},"content":{"rendered":"<p dir=\"auto\">Le <strong>Balayeuse \u00e9lectrique ORVIK G2000<\/strong> est une solution de nettoyage robuste con\u00e7ue pour les environnements industriels tr\u00e8s poussi\u00e9reux et les grands campus. Contrairement aux balayeuses standard, la G2000 est dot\u00e9e d'un \u00e9norme ch\u00e2ssis en acier inoxydable. <strong>Largeur de balayage de 2000 mm<\/strong> combin\u00e9e \u00e0 un syst\u00e8me sp\u00e9cialis\u00e9 de <strong>Syst\u00e8me de canon \u00e0 brouillard et de canon \u00e0 eau haute tension<\/strong> (Caract\u00e9ristique). Cette configuration lui permet de supprimer efficacement les poussi\u00e8res en suspension pendant le nettoyage, ce qui le rend id\u00e9al pour les cimenteries, les sites miniers et les zones de construction o\u00f9 la qualit\u00e9 de l'air est un probl\u00e8me (avantage).<\/p>\n<div class=\"my-2\"><\/div>\n<p dir=\"auto\">Construit avec un <strong>plafond en plastique dur technique<\/strong> et <strong>pneus pleins<\/strong>, Le G2000 est increvable et r\u00e9sistant aux intemp\u00e9ries, ce qui r\u00e9duit consid\u00e9rablement les temps d'arr\u00eat pour entretien par rapport aux mod\u00e8les \u00e0 pneus (Benefit). L'ensemble du syst\u00e8me \u00e9lectrique utilise un emballage \u00e9tanche pour \u00e9viter d'endommager les circuits dans des conditions humides. Disponible avec des options de batterie personnalisables (plomb-acide ou LiFePO4) et des configurations de puissance de moteur pour r\u00e9pondre aux exigences sp\u00e9cifiques de votre site. <strong>Con\u00e7u pour faciliter votre travail.<\/strong><\/p>\n<table class=\"table table-striped-white table-bordered\" data-anchor-id=\"fzng\">\n<thead>\n<tr>\n<th>Fonctionnalit\u00e9<\/th>\n<th>Donn\u00e9es<\/th>\n<\/tr>\n<\/thead>\n<tbody>\n<tr>\n<td><strong>Mod\u00e8le<\/strong><\/td>\n<td>G2000<\/td>\n<\/tr>\n<tr>\n<td><strong>Dimensions (L*L*H)<\/strong><\/td>\n<td>2300 x 2000 x 2250 mm<\/td>\n<\/tr>\n<tr>\n<td><strong>Largeur de nettoyage<\/strong><\/td>\n<td>2000 mm<\/td>\n<\/tr>\n<tr>\n<td><strong>Capacit\u00e9 de travail<\/strong><\/td>\n<td>3-5 heures (plomb-acide standard)<\/td>\n<\/tr>\n<tr>\n<td><strong>Syst\u00e8me de batterie<\/strong><\/td>\n<td>48V 150Ah (plomb-acide standard \/ LiFePO4 en option)<\/td>\n<\/tr>\n<tr>\n<td><strong>Moteur d'entra\u00eenement<\/strong><\/td>\n<td>2000W<\/td>\n<\/tr>\n<tr>\n<td><strong>Nettoyage des moteurs<\/strong><\/td>\n<td>Brosse lat\u00e9rale : 1000W | Brosse principale : 100W*4 ( ?) | Ventilateur : 200W*2<\/td>\n<\/tr>\n<tr>\n<td><strong>Suppression des poussi\u00e8res<\/strong><\/td>\n<td><strong>Canon \u00e0 brouillard haute pression + pistolet \u00e0 eau<\/strong><\/td>\n<\/tr>\n<tr>\n<td><strong>Capacit\u00e9 du r\u00e9servoir<\/strong><\/td>\n<td>Eau : 200L | Ordures : 240L<\/td>\n<\/tr>\n<tr>\n<td><strong>Pneus<\/strong><\/td>\n<td><strong>Pneus solides<\/strong>\u00a0(r\u00e9sistant \u00e0 la perforation pour l'industrie)<\/td>\n<\/tr>\n<tr>\n<td><strong>Syst\u00e8me de freinage<\/strong><\/td>\n<td>Frein hydraulique \u00e0 double disque<\/td>\n<\/tr>\n<tr>\n<td><strong>Capacit\u00e9 d'escalade<\/strong><\/td>\n<td>25%<\/td>\n<\/tr>\n<tr>\n<td><strong>\u00c9tanch\u00e9it\u00e9<\/strong><\/td>\n<td>Emballage \u00e9tanche pour toute la gamme de v\u00e9hicules<\/td>\n<\/tr>\n<tr>\n<td><strong>Qt\u00e9 de chargement (40HQ)<\/strong><\/td>\n<td>Environ 4-5 unit\u00e9s (estimation)<\/td>\n<\/tr>\n<\/tbody>\n<\/table>","protected":false},"excerpt":{"rendered":"<p dir=\"auto\">Balayeuse \u00e9lectrique robuste G2000 avec une largeur de nettoyage de 2000 mm et un canon \u00e0 brouillard \u00e0 haute pression. Elle est \u00e9quip\u00e9e de pneus solides pour les sites miniers et industriels. Demandez le prix d'usine FCL.<\/p>\n<div class=\"my-2\"><\/div>\n<p dir=\"auto\">","protected":false},"featured_media":19061,"comment_status":"open","ping_status":"closed","template":"","meta":{"_eb_attr":""},"product_brand":[],"product_cat":[75,74],"product_tag":[108,109,91,100,99,88],"class_list":{"0":"post-19060","1":"product","2":"type-product","3":"status-publish","4":"has-post-thumbnail","6":"product_cat-electric-street-sweepers","7":"product_cat-specialized-service-vehicles","8":"product_tag-cement-plant","9":"product_tag-dust-control","10":"product_tag-industrial-park","11":"product_tag-mining-site","12":"product_tag-municipal-cleaning","13":"product_tag-resort","15":"first","16":"instock","17":"shipping-taxable","18":"product-type-simple"},"yoast_head":"<!-- This site is optimized with the Yoast SEO plugin v26.9 - https:\/\/yoast.com\/product\/yoast-seo-wordpress\/ -->\n<title>G2000 Electric Road Sweeper (2000mm) | Industrial Cleaning | Factory Direct - ORVIK | ORVIK|Light Commercial Electric Vehicles<\/title>\n<meta name=\"robots\" content=\"index, follow, max-snippet:-1, max-image-preview:large, max-video-preview:-1\" \/>\n<link rel=\"canonical\" href=\"https:\/\/orvikpower.com\/fr\/product\/g2000-electric-road-sweeper-2000mm-industrial-cleaning-factory-direct-orvik\" \/>\n<meta property=\"og:locale\" content=\"fr_FR\" \/>\n<meta property=\"og:type\" content=\"article\" \/>\n<meta property=\"og:title\" content=\"G2000 Electric Road Sweeper (2000mm) | Industrial Cleaning | Factory Direct - ORVIK | ORVIK|Light Commercial Electric Vehicles\" \/>\n<meta property=\"og:description\" content=\"Heavy-duty G2000 electric sweeper with 2000mm cleaning width and high-pressure fog cannon. Features solid tires for mining &amp; industrial sites. Inquire for FCL Factory Price.\" \/>\n<meta property=\"og:url\" content=\"https:\/\/orvikpower.com\/fr\/product\/g2000-electric-road-sweeper-2000mm-industrial-cleaning-factory-direct-orvik\" \/>\n<meta property=\"og:site_name\" content=\"ORVIK|Light Commercial Electric Vehicles\" \/>\n<meta property=\"article:modified_time\" content=\"2026-01-21T08:16:14+00:00\" \/>\n<meta property=\"og:image\" content=\"https:\/\/orvikpower.com\/wp-content\/uploads\/2026\/01\/G2000-Electric-Road-Sweeper-2000mm-Industrial-Cleaning-Factory-Direct-ORVIK.jpeg\" \/>\n\t<meta property=\"og:image:width\" content=\"1296\" \/>\n\t<meta property=\"og:image:height\" content=\"1169\" \/>\n\t<meta property=\"og:image:type\" content=\"image\/jpeg\" \/>\n<meta name=\"twitter:card\" content=\"summary_large_image\" \/>\n<meta name=\"twitter:label1\" content=\"Dur\u00e9e de lecture estim\u00e9e\" \/>\n\t<meta name=\"twitter:data1\" content=\"1 minute\" \/>\n<script type=\"application\/ld+json\" class=\"yoast-schema-graph\">{\"@context\":\"https:\/\/schema.org\",\"@graph\":[{\"@type\":\"WebPage\",\"@id\":\"https:\/\/orvikpower.com\/product\/g2000-electric-road-sweeper-2000mm-industrial-cleaning-factory-direct-orvik\",\"url\":\"https:\/\/orvikpower.com\/product\/g2000-electric-road-sweeper-2000mm-industrial-cleaning-factory-direct-orvik\",\"name\":\"G2000 Electric Road Sweeper (2000mm) | Industrial Cleaning | Factory Direct - ORVIK | ORVIK|Light Commercial Electric Vehicles\",\"isPartOf\":{\"@id\":\"https:\/\/orvikpower.com\/#website\"},\"primaryImageOfPage\":{\"@id\":\"https:\/\/orvikpower.com\/product\/g2000-electric-road-sweeper-2000mm-industrial-cleaning-factory-direct-orvik#primaryimage\"},\"image\":{\"@id\":\"https:\/\/orvikpower.com\/product\/g2000-electric-road-sweeper-2000mm-industrial-cleaning-factory-direct-orvik#primaryimage\"},\"thumbnailUrl\":\"https:\/\/orvikpower.com\/wp-content\/uploads\/2026\/01\/G2000-Electric-Road-Sweeper-2000mm-Industrial-Cleaning-Factory-Direct-ORVIK.jpeg\",\"datePublished\":\"2026-01-21T08:13:21+00:00\",\"dateModified\":\"2026-01-21T08:16:14+00:00\",\"breadcrumb\":{\"@id\":\"https:\/\/orvikpower.com\/product\/g2000-electric-road-sweeper-2000mm-industrial-cleaning-factory-direct-orvik#breadcrumb\"},\"inLanguage\":\"fr-FR\",\"potentialAction\":[{\"@type\":\"ReadAction\",\"target\":[\"https:\/\/orvikpower.com\/product\/g2000-electric-road-sweeper-2000mm-industrial-cleaning-factory-direct-orvik\"]}]},{\"@type\":\"ImageObject\",\"inLanguage\":\"fr-FR\",\"@id\":\"https:\/\/orvikpower.com\/product\/g2000-electric-road-sweeper-2000mm-industrial-cleaning-factory-direct-orvik#primaryimage\",\"url\":\"https:\/\/orvikpower.com\/wp-content\/uploads\/2026\/01\/G2000-Electric-Road-Sweeper-2000mm-Industrial-Cleaning-Factory-Direct-ORVIK.jpeg\",\"contentUrl\":\"https:\/\/orvikpower.com\/wp-content\/uploads\/2026\/01\/G2000-Electric-Road-Sweeper-2000mm-Industrial-Cleaning-Factory-Direct-ORVIK.jpeg\",\"width\":1296,\"height\":1169,\"caption\":\"Heavy-duty G2000 electric sweeper with 2000mm cleaning width and high-pressure fog cannon. Features solid tires for mining & industrial sites. Inquire for FCL Factory Price.\"},{\"@type\":\"BreadcrumbList\",\"@id\":\"https:\/\/orvikpower.com\/product\/g2000-electric-road-sweeper-2000mm-industrial-cleaning-factory-direct-orvik#breadcrumb\",\"itemListElement\":[{\"@type\":\"ListItem\",\"position\":1,\"name\":\"Home\",\"item\":\"https:\/\/orvikpower.com\/\"},{\"@type\":\"ListItem\",\"position\":2,\"name\":\"SHOP\",\"item\":\"https:\/\/orvikpower.com\/shop\"},{\"@type\":\"ListItem\",\"position\":3,\"name\":\"G2000 Electric Road Sweeper (2000mm) | Industrial Cleaning | Factory Direct &#8211; ORVIK\"}]},{\"@type\":\"WebSite\",\"@id\":\"https:\/\/orvikpower.com\/#website\",\"url\":\"https:\/\/orvikpower.com\/\",\"name\":\"ORVIK | Light Commercial Electric Vehicles\",\"description\":\"Premier Manufacturer of Off-road Electric Utility Vehicles, Pickups &amp; Mini Trucks. High-Temp &amp; Arctic Ready designs for farms &amp; mines. Save costs with Factory-Direct FCL. Make work flow. Get a Quote.\",\"publisher\":{\"@id\":\"https:\/\/orvikpower.com\/#organization\"},\"potentialAction\":[{\"@type\":\"SearchAction\",\"target\":{\"@type\":\"EntryPoint\",\"urlTemplate\":\"https:\/\/orvikpower.com\/?s={search_term_string}\"},\"query-input\":{\"@type\":\"PropertyValueSpecification\",\"valueRequired\":true,\"valueName\":\"search_term_string\"}}],\"inLanguage\":\"fr-FR\"},{\"@type\":\"Organization\",\"@id\":\"https:\/\/orvikpower.com\/#organization\",\"name\":\"ORVIK | Light Commercial Electric Vehicles\",\"url\":\"https:\/\/orvikpower.com\/\",\"logo\":{\"@type\":\"ImageObject\",\"inLanguage\":\"fr-FR\",\"@id\":\"https:\/\/orvikpower.com\/#\/schema\/logo\/image\/\",\"url\":\"https:\/\/orvikpower.com\/wp-content\/uploads\/2026\/01\/cropped-logo-h-main-small.png\",\"contentUrl\":\"https:\/\/orvikpower.com\/wp-content\/uploads\/2026\/01\/cropped-logo-h-main-small.png\",\"width\":512,\"height\":512,\"caption\":\"ORVIK | Light Commercial Electric Vehicles\"},\"image\":{\"@id\":\"https:\/\/orvikpower.com\/#\/schema\/logo\/image\/\"},\"sameAs\":[\"https:\/\/www.youtube.com\/@ORVIKOrvikPower\",\"https:\/\/www.pinterest.com\/OrvikPower\/\"]}]}<\/script>\n<!-- \/ Yoast SEO plugin. -->","yoast_head_json":{"title":"Balayeuse \u00e9lectrique G2000 (2000mm) | Nettoyage industriel | Factory Direct - ORVIK | ORVIK|V\u00e9hicules \u00e9lectriques utilitaires l\u00e9gers","robots":{"index":"index","follow":"follow","max-snippet":"max-snippet:-1","max-image-preview":"max-image-preview:large","max-video-preview":"max-video-preview:-1"},"canonical":"https:\/\/orvikpower.com\/fr\/product\/g2000-electric-road-sweeper-2000mm-industrial-cleaning-factory-direct-orvik","og_locale":"fr_FR","og_type":"article","og_title":"G2000 Electric Road Sweeper (2000mm) | Industrial Cleaning | Factory Direct - ORVIK | ORVIK|Light Commercial Electric Vehicles","og_description":"Heavy-duty G2000 electric sweeper with 2000mm cleaning width and high-pressure fog cannon. Features solid tires for mining &amp; industrial sites. Inquire for FCL Factory Price.","og_url":"https:\/\/orvikpower.com\/fr\/product\/g2000-electric-road-sweeper-2000mm-industrial-cleaning-factory-direct-orvik","og_site_name":"ORVIK|Light Commercial Electric Vehicles","article_modified_time":"2026-01-21T08:16:14+00:00","og_image":[{"width":1296,"height":1169,"url":"https:\/\/orvikpower.com\/wp-content\/uploads\/2026\/01\/G2000-Electric-Road-Sweeper-2000mm-Industrial-Cleaning-Factory-Direct-ORVIK.jpeg","type":"image\/jpeg"}],"twitter_card":"summary_large_image","twitter_misc":{"Dur\u00e9e de lecture estim\u00e9e":"1 minute"},"schema":{"@context":"https:\/\/schema.org","@graph":[{"@type":"WebPage","@id":"https:\/\/orvikpower.com\/product\/g2000-electric-road-sweeper-2000mm-industrial-cleaning-factory-direct-orvik","url":"https:\/\/orvikpower.com\/product\/g2000-electric-road-sweeper-2000mm-industrial-cleaning-factory-direct-orvik","name":"Balayeuse \u00e9lectrique G2000 (2000mm) | Nettoyage industriel | Factory Direct - ORVIK | ORVIK|V\u00e9hicules \u00e9lectriques utilitaires l\u00e9gers","isPartOf":{"@id":"https:\/\/orvikpower.com\/#website"},"primaryImageOfPage":{"@id":"https:\/\/orvikpower.com\/product\/g2000-electric-road-sweeper-2000mm-industrial-cleaning-factory-direct-orvik#primaryimage"},"image":{"@id":"https:\/\/orvikpower.com\/product\/g2000-electric-road-sweeper-2000mm-industrial-cleaning-factory-direct-orvik#primaryimage"},"thumbnailUrl":"https:\/\/orvikpower.com\/wp-content\/uploads\/2026\/01\/G2000-Electric-Road-Sweeper-2000mm-Industrial-Cleaning-Factory-Direct-ORVIK.jpeg","datePublished":"2026-01-21T08:13:21+00:00","dateModified":"2026-01-21T08:16:14+00:00","breadcrumb":{"@id":"https:\/\/orvikpower.com\/product\/g2000-electric-road-sweeper-2000mm-industrial-cleaning-factory-direct-orvik#breadcrumb"},"inLanguage":"fr-FR","potentialAction":[{"@type":"ReadAction","target":["https:\/\/orvikpower.com\/product\/g2000-electric-road-sweeper-2000mm-industrial-cleaning-factory-direct-orvik"]}]},{"@type":"ImageObject","inLanguage":"fr-FR","@id":"https:\/\/orvikpower.com\/product\/g2000-electric-road-sweeper-2000mm-industrial-cleaning-factory-direct-orvik#primaryimage","url":"https:\/\/orvikpower.com\/wp-content\/uploads\/2026\/01\/G2000-Electric-Road-Sweeper-2000mm-Industrial-Cleaning-Factory-Direct-ORVIK.jpeg","contentUrl":"https:\/\/orvikpower.com\/wp-content\/uploads\/2026\/01\/G2000-Electric-Road-Sweeper-2000mm-Industrial-Cleaning-Factory-Direct-ORVIK.jpeg","width":1296,"height":1169,"caption":"Heavy-duty G2000 electric sweeper with 2000mm cleaning width and high-pressure fog cannon. Features solid tires for mining & industrial sites. Inquire for FCL Factory Price."},{"@type":"BreadcrumbList","@id":"https:\/\/orvikpower.com\/product\/g2000-electric-road-sweeper-2000mm-industrial-cleaning-factory-direct-orvik#breadcrumb","itemListElement":[{"@type":"ListItem","position":1,"name":"Home","item":"https:\/\/orvikpower.com\/"},{"@type":"ListItem","position":2,"name":"SHOP","item":"https:\/\/orvikpower.com\/shop"},{"@type":"ListItem","position":3,"name":"G2000 Electric Road Sweeper (2000mm) | Industrial Cleaning | Factory Direct &#8211; ORVIK"}]},{"@type":"WebSite","@id":"https:\/\/orvikpower.com\/#website","url":"https:\/\/orvikpower.com\/","name":"ORVIK | V\u00e9hicules \u00e9lectriques utilitaires l\u00e9gers","description":"Premier fabricant de v\u00e9hicules utilitaires \u00e9lectriques tout-terrain, de camionnettes et de mini-camions. Conceptions r\u00e9sistantes aux temp\u00e9ratures \u00e9lev\u00e9es et adapt\u00e9es \u00e0 l'Arctique pour les fermes et les mines. R\u00e9duisez vos co\u00fbts gr\u00e2ce \u00e0 la livraison directe \u00e0 l'usine. Rendre le travail plus fluide. Obtenir un devis.","publisher":{"@id":"https:\/\/orvikpower.com\/#organization"},"potentialAction":[{"@type":"SearchAction","target":{"@type":"EntryPoint","urlTemplate":"https:\/\/orvikpower.com\/?s={search_term_string}"},"query-input":{"@type":"PropertyValueSpecification","valueRequired":true,"valueName":"search_term_string"}}],"inLanguage":"fr-FR"},{"@type":"Organization","@id":"https:\/\/orvikpower.com\/#organization","name":"ORVIK | V\u00e9hicules \u00e9lectriques utilitaires l\u00e9gers","url":"https:\/\/orvikpower.com\/","logo":{"@type":"ImageObject","inLanguage":"fr-FR","@id":"https:\/\/orvikpower.com\/#\/schema\/logo\/image\/","url":"https:\/\/orvikpower.com\/wp-content\/uploads\/2026\/01\/cropped-logo-h-main-small.png","contentUrl":"https:\/\/orvikpower.com\/wp-content\/uploads\/2026\/01\/cropped-logo-h-main-small.png","width":512,"height":512,"caption":"ORVIK | Light Commercial Electric Vehicles"},"image":{"@id":"https:\/\/orvikpower.com\/#\/schema\/logo\/image\/"},"sameAs":["https:\/\/www.youtube.com\/@ORVIKOrvikPower","https:\/\/www.pinterest.com\/OrvikPower\/"]}]}},"_links":{"self":[{"href":"https:\/\/orvikpower.com\/fr\/wp-json\/wp\/v2\/product\/19060","targetHints":{"allow":["GET"]}}],"collection":[{"href":"https:\/\/orvikpower.com\/fr\/wp-json\/wp\/v2\/product"}],"about":[{"href":"https:\/\/orvikpower.com\/fr\/wp-json\/wp\/v2\/types\/product"}],"replies":[{"embeddable":true,"href":"https:\/\/orvikpower.com\/fr\/wp-json\/wp\/v2\/comments?post=19060"}],"wp:featuredmedia":[{"embeddable":true,"href":"https:\/\/orvikpower.com\/fr\/wp-json\/wp\/v2\/media\/19061"}],"wp:attachment":[{"href":"https:\/\/orvikpower.com\/fr\/wp-json\/wp\/v2\/media?parent=19060"}],"wp:term":[{"taxonomy":"product_brand","embeddable":true,"href":"https:\/\/orvikpower.com\/fr\/wp-json\/wp\/v2\/product_brand?post=19060"},{"taxonomy":"product_cat","embeddable":true,"href":"https:\/\/orvikpower.com\/fr\/wp-json\/wp\/v2\/product_cat?post=19060"},{"taxonomy":"product_tag","embeddable":true,"href":"https:\/\/orvikpower.com\/fr\/wp-json\/wp\/v2\/product_tag?post=19060"}],"curies":[{"name":"wp","href":"https:\/\/api.w.org\/{rel}","templated":true}]}}