{"id":19075,"date":"2026-01-21T11:06:00","date_gmt":"2026-01-21T11:06:00","guid":{"rendered":"https:\/\/orvikpower.com\/?post_type=product&#038;p=19075"},"modified":"2026-01-21T11:06:00","modified_gmt":"2026-01-21T11:06:00","slug":"as700-ride-on-electric-floor-scrubber-industrial-warehouse-cleaning-factory-direct-orvik","status":"publish","type":"product","link":"https:\/\/orvikpower.com\/fr\/product\/as700-ride-on-electric-floor-scrubber-industrial-warehouse-cleaning-factory-direct-orvik","title":{"rendered":"AS700 Autolaveuse \u00e9lectrique autoport\u00e9e | Nettoyage d'entrep\u00f4ts industriels | Factory Direct - ORVIK"},"content":{"rendered":"<p dir=\"auto\">il <strong>Autolaveuse \u00e9lectrique autoport\u00e9e AS700<\/strong> est la solution robuste pour le nettoyage int\u00e9rieur \u00e0 grande \u00e9chelle.<\/p>\n<ul dir=\"auto\">\n<li class=\"text-start\"><strong>Fonctionnalit\u00e9<\/strong>: Construit avec un corps rotomoul\u00e9 durable et un ch\u00e2ssis en acier trait\u00e9 par \u00e9lectrophor\u00e8se et d\u00e9cap\u00e9 \u00e0 l'acide.<\/li>\n<li class=\"text-start\"><strong>Avantage<\/strong>: Cette construction en forme de r\u00e9servoir offre une r\u00e9sistance sup\u00e9rieure aux chocs et une protection contre la corrosion chimique, tandis que le r\u00e9servoir d'eau propre de 90 litres r\u00e9duit la fr\u00e9quence des remplissages.<\/li>\n<li class=\"text-start\"><strong>B\u00e9n\u00e9fice<\/strong>: Votre \u00e9quipe peut nettoyer jusqu'\u00e0 <strong>3 000 m\u00b2\/h<\/strong>, Le syst\u00e8me d'humidification de l'eau permet de r\u00e9duire consid\u00e9rablement les heures de travail et les temps d'arr\u00eat des op\u00e9rations par rapport \u00e0 l'humidification manuelle.<\/li>\n<li class=\"text-start\"><strong>Personnalisation<\/strong>: Disponible avec des accumulateurs au plomb standard ou des accumulateurs am\u00e9lior\u00e9s. <strong>Batteries LiFePO4<\/strong> pour des op\u00e9rations 24\/7 ; la puissance du moteur peut \u00eatre r\u00e9gl\u00e9e pour des exigences de pente sp\u00e9cifiques.<\/li>\n<li>\u00a0<strong>Con\u00e7u pour faciliter votre travail.<\/strong><\/li>\n<\/ul>\n<p>&nbsp;<\/p>\n<table class=\"table table-striped-white table-bordered\" data-anchor-id=\"zgd0\">\n<thead>\n<tr>\n<th>Sp\u00e9cifications<\/th>\n<th>Param\u00e8tres<\/th>\n<\/tr>\n<\/thead>\n<tbody>\n<tr>\n<td><strong>Mod\u00e8le<\/strong><\/td>\n<td>AS700 Brosse simple<\/td>\n<\/tr>\n<tr>\n<td><strong>Dimensions<\/strong><\/td>\n<td>1500 x 950 x 1150 mm<\/td>\n<\/tr>\n<tr>\n<td><strong>Efficacit\u00e9 du nettoyage<\/strong><\/td>\n<td>3000 m\u00b2\/h<\/td>\n<\/tr>\n<tr>\n<td><strong>Largeur de nettoyage<\/strong><\/td>\n<td>Frottage : 560mm (22\u2033) \/ Raclette : 920mm<\/td>\n<\/tr>\n<tr>\n<td><strong>Capacit\u00e9 du r\u00e9servoir<\/strong><\/td>\n<td>Propre : 90L \/ Sale : 80L<\/td>\n<\/tr>\n<tr>\n<td><strong>Puissance totale du moteur<\/strong><\/td>\n<td>Entra\u00eenement : 500W<\/td>\n<\/tr>\n<tr>\n<td><strong>Tension du syst\u00e8me<\/strong><\/td>\n<td>24V<\/td>\n<\/tr>\n<tr>\n<td><strong>Sp\u00e9cifications de la batterie<\/strong><\/td>\n<td>100Ah Plomb-acide (Standard) \/\u00a0<strong>LiFePO4 Option<\/strong><\/td>\n<\/tr>\n<tr>\n<td><strong>Dur\u00e9e d'ex\u00e9cution maximale<\/strong><\/td>\n<td>2-3 heures (selon le type de sol et le choix de la batterie)<\/td>\n<\/tr>\n<tr>\n<td>**Mat\u00e9riau du ch\u00e2ssis **<\/td>\n<td>Acier trait\u00e9 par \u00e9lectrophor\u00e8se<\/td>\n<\/tr>\n<tr>\n<td><strong>Mat\u00e9riau du corps<\/strong><\/td>\n<td>Rotomoulage (r\u00e9sistant aux chocs)<\/td>\n<\/tr>\n<tr>\n<td>**Quantit\u00e9 de chargement 40HQ **<\/td>\n<td>Environ 32 unit\u00e9s (sous r\u00e9serve d'emballage)<\/td>\n<\/tr>\n<\/tbody>\n<\/table>","protected":false},"excerpt":{"rendered":"<p dir=\"auto\">Maximisez l'hygi\u00e8ne de vos installations avec l'autolaveuse autoport\u00e9e AS700. Elle offre une efficacit\u00e9 de 3000m\u00b2\/h, un r\u00e9servoir de 90L et un corps anti-corrosion rotomoul\u00e9. Peu d'entretien, retour sur investissement \u00e9lev\u00e9. <strong>Demander le prix de gros FCL.<\/strong><\/p>\n<div class=\"my-2\"><\/div>\n<p dir=\"auto\">","protected":false},"featured_media":19076,"comment_status":"open","ping_status":"closed","template":"","meta":{"_eb_attr":""},"product_brand":[],"product_cat":[75,74],"product_tag":[92,118,117,120,122],"class_list":{"0":"post-19075","1":"product","2":"type-product","3":"status-publish","4":"has-post-thumbnail","6":"product_cat-electric-street-sweepers","7":"product_cat-specialized-service-vehicles","8":"product_tag-factory-floor","9":"product_tag-hospital","10":"product_tag-industrial-warehouse","11":"product_tag-shopping-mall","12":"product_tag-underground-parking","14":"first","15":"instock","16":"shipping-taxable","17":"product-type-simple"},"yoast_head":"<!-- This site is optimized with the Yoast SEO plugin v26.9 - https:\/\/yoast.com\/product\/yoast-seo-wordpress\/ -->\n<title>AS700 Ride-On Electric Floor Scrubber | Industrial Warehouse Cleaning | Factory Direct - ORVIK | ORVIK|Light Commercial Electric Vehicles<\/title>\n<meta name=\"robots\" content=\"index, follow, max-snippet:-1, max-image-preview:large, max-video-preview:-1\" \/>\n<link rel=\"canonical\" href=\"https:\/\/orvikpower.com\/fr\/product\/as700-ride-on-electric-floor-scrubber-industrial-warehouse-cleaning-factory-direct-orvik\" \/>\n<meta property=\"og:locale\" content=\"fr_FR\" \/>\n<meta property=\"og:type\" content=\"article\" \/>\n<meta property=\"og:title\" content=\"AS700 Ride-On Electric Floor Scrubber | Industrial Warehouse Cleaning | Factory Direct - ORVIK | ORVIK|Light Commercial Electric Vehicles\" \/>\n<meta property=\"og:description\" content=\"Maximize facility hygiene with the AS700 Ride-On Scrubber. Features 3000m\u00b2\/h efficiency, 90L tank, and rotomolded anti-corrosion body. Low maintenance, high ROI. Inquire for FCL Wholesale Price.\" \/>\n<meta property=\"og:url\" content=\"https:\/\/orvikpower.com\/fr\/product\/as700-ride-on-electric-floor-scrubber-industrial-warehouse-cleaning-factory-direct-orvik\" \/>\n<meta property=\"og:site_name\" content=\"ORVIK|Light Commercial Electric Vehicles\" \/>\n<meta property=\"og:image\" content=\"https:\/\/orvikpower.com\/wp-content\/uploads\/2026\/01\/AS700-Ride-On-Electric-Floor-Scrubber-Industrial-Warehouse-Cleaning-Factory-Direct-ORVIK.jpeg\" \/>\n\t<meta property=\"og:image:width\" content=\"1338\" \/>\n\t<meta property=\"og:image:height\" content=\"1279\" \/>\n\t<meta property=\"og:image:type\" content=\"image\/jpeg\" \/>\n<meta name=\"twitter:card\" content=\"summary_large_image\" \/>\n<meta name=\"twitter:label1\" content=\"Dur\u00e9e de lecture estim\u00e9e\" \/>\n\t<meta name=\"twitter:data1\" content=\"1 minute\" \/>\n<script type=\"application\/ld+json\" class=\"yoast-schema-graph\">{\"@context\":\"https:\/\/schema.org\",\"@graph\":[{\"@type\":\"WebPage\",\"@id\":\"https:\/\/orvikpower.com\/product\/as700-ride-on-electric-floor-scrubber-industrial-warehouse-cleaning-factory-direct-orvik\",\"url\":\"https:\/\/orvikpower.com\/product\/as700-ride-on-electric-floor-scrubber-industrial-warehouse-cleaning-factory-direct-orvik\",\"name\":\"AS700 Ride-On Electric Floor Scrubber | Industrial Warehouse Cleaning | Factory Direct - ORVIK | ORVIK|Light Commercial Electric Vehicles\",\"isPartOf\":{\"@id\":\"https:\/\/orvikpower.com\/#website\"},\"primaryImageOfPage\":{\"@id\":\"https:\/\/orvikpower.com\/product\/as700-ride-on-electric-floor-scrubber-industrial-warehouse-cleaning-factory-direct-orvik#primaryimage\"},\"image\":{\"@id\":\"https:\/\/orvikpower.com\/product\/as700-ride-on-electric-floor-scrubber-industrial-warehouse-cleaning-factory-direct-orvik#primaryimage\"},\"thumbnailUrl\":\"https:\/\/orvikpower.com\/wp-content\/uploads\/2026\/01\/AS700-Ride-On-Electric-Floor-Scrubber-Industrial-Warehouse-Cleaning-Factory-Direct-ORVIK.jpeg\",\"datePublished\":\"2026-01-21T11:06:00+00:00\",\"breadcrumb\":{\"@id\":\"https:\/\/orvikpower.com\/product\/as700-ride-on-electric-floor-scrubber-industrial-warehouse-cleaning-factory-direct-orvik#breadcrumb\"},\"inLanguage\":\"fr-FR\",\"potentialAction\":[{\"@type\":\"ReadAction\",\"target\":[\"https:\/\/orvikpower.com\/product\/as700-ride-on-electric-floor-scrubber-industrial-warehouse-cleaning-factory-direct-orvik\"]}]},{\"@type\":\"ImageObject\",\"inLanguage\":\"fr-FR\",\"@id\":\"https:\/\/orvikpower.com\/product\/as700-ride-on-electric-floor-scrubber-industrial-warehouse-cleaning-factory-direct-orvik#primaryimage\",\"url\":\"https:\/\/orvikpower.com\/wp-content\/uploads\/2026\/01\/AS700-Ride-On-Electric-Floor-Scrubber-Industrial-Warehouse-Cleaning-Factory-Direct-ORVIK.jpeg\",\"contentUrl\":\"https:\/\/orvikpower.com\/wp-content\/uploads\/2026\/01\/AS700-Ride-On-Electric-Floor-Scrubber-Industrial-Warehouse-Cleaning-Factory-Direct-ORVIK.jpeg\",\"width\":1338,\"height\":1279,\"caption\":\"Maximize facility hygiene with the AS700 Ride-On Scrubber. Features 3000m\u00b2\/h efficiency, 90L tank, and rotomolded anti-corrosion body. Low maintenance, high ROI. Inquire for FCL Wholesale Price.\"},{\"@type\":\"BreadcrumbList\",\"@id\":\"https:\/\/orvikpower.com\/product\/as700-ride-on-electric-floor-scrubber-industrial-warehouse-cleaning-factory-direct-orvik#breadcrumb\",\"itemListElement\":[{\"@type\":\"ListItem\",\"position\":1,\"name\":\"Home\",\"item\":\"https:\/\/orvikpower.com\/\"},{\"@type\":\"ListItem\",\"position\":2,\"name\":\"SHOP\",\"item\":\"https:\/\/orvikpower.com\/shop\"},{\"@type\":\"ListItem\",\"position\":3,\"name\":\"AS700 Ride-On Electric Floor Scrubber | Industrial Warehouse Cleaning | Factory Direct &#8211; ORVIK\"}]},{\"@type\":\"WebSite\",\"@id\":\"https:\/\/orvikpower.com\/#website\",\"url\":\"https:\/\/orvikpower.com\/\",\"name\":\"ORVIK | Light Commercial Electric Vehicles\",\"description\":\"Premier Manufacturer of Off-road Electric Utility Vehicles, Pickups &amp; Mini Trucks. High-Temp &amp; Arctic Ready designs for farms &amp; mines. Save costs with Factory-Direct FCL. Make work flow. Get a Quote.\",\"publisher\":{\"@id\":\"https:\/\/orvikpower.com\/#organization\"},\"potentialAction\":[{\"@type\":\"SearchAction\",\"target\":{\"@type\":\"EntryPoint\",\"urlTemplate\":\"https:\/\/orvikpower.com\/?s={search_term_string}\"},\"query-input\":{\"@type\":\"PropertyValueSpecification\",\"valueRequired\":true,\"valueName\":\"search_term_string\"}}],\"inLanguage\":\"fr-FR\"},{\"@type\":\"Organization\",\"@id\":\"https:\/\/orvikpower.com\/#organization\",\"name\":\"ORVIK | Light Commercial Electric Vehicles\",\"url\":\"https:\/\/orvikpower.com\/\",\"logo\":{\"@type\":\"ImageObject\",\"inLanguage\":\"fr-FR\",\"@id\":\"https:\/\/orvikpower.com\/#\/schema\/logo\/image\/\",\"url\":\"https:\/\/orvikpower.com\/wp-content\/uploads\/2026\/01\/cropped-logo-h-main-small.png\",\"contentUrl\":\"https:\/\/orvikpower.com\/wp-content\/uploads\/2026\/01\/cropped-logo-h-main-small.png\",\"width\":512,\"height\":512,\"caption\":\"ORVIK | Light Commercial Electric Vehicles\"},\"image\":{\"@id\":\"https:\/\/orvikpower.com\/#\/schema\/logo\/image\/\"},\"sameAs\":[\"https:\/\/www.youtube.com\/@ORVIKOrvikPower\",\"https:\/\/www.pinterest.com\/OrvikPower\/\"]}]}<\/script>\n<!-- \/ Yoast SEO plugin. -->","yoast_head_json":{"title":"AS700 Autolaveuse \u00e9lectrique autoport\u00e9e | Nettoyage d'entrep\u00f4ts industriels | Factory Direct - ORVIK | ORVIK|V\u00e9hicules \u00e9lectriques utilitaires l\u00e9gers","robots":{"index":"index","follow":"follow","max-snippet":"max-snippet:-1","max-image-preview":"max-image-preview:large","max-video-preview":"max-video-preview:-1"},"canonical":"https:\/\/orvikpower.com\/fr\/product\/as700-ride-on-electric-floor-scrubber-industrial-warehouse-cleaning-factory-direct-orvik","og_locale":"fr_FR","og_type":"article","og_title":"AS700 Ride-On Electric Floor Scrubber | Industrial Warehouse Cleaning | Factory Direct - ORVIK | ORVIK|Light Commercial Electric Vehicles","og_description":"Maximize facility hygiene with the AS700 Ride-On Scrubber. Features 3000m\u00b2\/h efficiency, 90L tank, and rotomolded anti-corrosion body. Low maintenance, high ROI. Inquire for FCL Wholesale Price.","og_url":"https:\/\/orvikpower.com\/fr\/product\/as700-ride-on-electric-floor-scrubber-industrial-warehouse-cleaning-factory-direct-orvik","og_site_name":"ORVIK|Light Commercial Electric Vehicles","og_image":[{"width":1338,"height":1279,"url":"https:\/\/orvikpower.com\/wp-content\/uploads\/2026\/01\/AS700-Ride-On-Electric-Floor-Scrubber-Industrial-Warehouse-Cleaning-Factory-Direct-ORVIK.jpeg","type":"image\/jpeg"}],"twitter_card":"summary_large_image","twitter_misc":{"Dur\u00e9e de lecture estim\u00e9e":"1 minute"},"schema":{"@context":"https:\/\/schema.org","@graph":[{"@type":"WebPage","@id":"https:\/\/orvikpower.com\/product\/as700-ride-on-electric-floor-scrubber-industrial-warehouse-cleaning-factory-direct-orvik","url":"https:\/\/orvikpower.com\/product\/as700-ride-on-electric-floor-scrubber-industrial-warehouse-cleaning-factory-direct-orvik","name":"AS700 Autolaveuse \u00e9lectrique autoport\u00e9e | Nettoyage d'entrep\u00f4ts industriels | Factory Direct - ORVIK | ORVIK|V\u00e9hicules \u00e9lectriques utilitaires l\u00e9gers","isPartOf":{"@id":"https:\/\/orvikpower.com\/#website"},"primaryImageOfPage":{"@id":"https:\/\/orvikpower.com\/product\/as700-ride-on-electric-floor-scrubber-industrial-warehouse-cleaning-factory-direct-orvik#primaryimage"},"image":{"@id":"https:\/\/orvikpower.com\/product\/as700-ride-on-electric-floor-scrubber-industrial-warehouse-cleaning-factory-direct-orvik#primaryimage"},"thumbnailUrl":"https:\/\/orvikpower.com\/wp-content\/uploads\/2026\/01\/AS700-Ride-On-Electric-Floor-Scrubber-Industrial-Warehouse-Cleaning-Factory-Direct-ORVIK.jpeg","datePublished":"2026-01-21T11:06:00+00:00","breadcrumb":{"@id":"https:\/\/orvikpower.com\/product\/as700-ride-on-electric-floor-scrubber-industrial-warehouse-cleaning-factory-direct-orvik#breadcrumb"},"inLanguage":"fr-FR","potentialAction":[{"@type":"ReadAction","target":["https:\/\/orvikpower.com\/product\/as700-ride-on-electric-floor-scrubber-industrial-warehouse-cleaning-factory-direct-orvik"]}]},{"@type":"ImageObject","inLanguage":"fr-FR","@id":"https:\/\/orvikpower.com\/product\/as700-ride-on-electric-floor-scrubber-industrial-warehouse-cleaning-factory-direct-orvik#primaryimage","url":"https:\/\/orvikpower.com\/wp-content\/uploads\/2026\/01\/AS700-Ride-On-Electric-Floor-Scrubber-Industrial-Warehouse-Cleaning-Factory-Direct-ORVIK.jpeg","contentUrl":"https:\/\/orvikpower.com\/wp-content\/uploads\/2026\/01\/AS700-Ride-On-Electric-Floor-Scrubber-Industrial-Warehouse-Cleaning-Factory-Direct-ORVIK.jpeg","width":1338,"height":1279,"caption":"Maximize facility hygiene with the AS700 Ride-On Scrubber. Features 3000m\u00b2\/h efficiency, 90L tank, and rotomolded anti-corrosion body. Low maintenance, high ROI. Inquire for FCL Wholesale Price."},{"@type":"BreadcrumbList","@id":"https:\/\/orvikpower.com\/product\/as700-ride-on-electric-floor-scrubber-industrial-warehouse-cleaning-factory-direct-orvik#breadcrumb","itemListElement":[{"@type":"ListItem","position":1,"name":"Home","item":"https:\/\/orvikpower.com\/"},{"@type":"ListItem","position":2,"name":"SHOP","item":"https:\/\/orvikpower.com\/shop"},{"@type":"ListItem","position":3,"name":"AS700 Ride-On Electric Floor Scrubber | Industrial Warehouse Cleaning | Factory Direct &#8211; ORVIK"}]},{"@type":"WebSite","@id":"https:\/\/orvikpower.com\/#website","url":"https:\/\/orvikpower.com\/","name":"ORVIK | V\u00e9hicules \u00e9lectriques utilitaires l\u00e9gers","description":"Premier fabricant de v\u00e9hicules utilitaires \u00e9lectriques tout-terrain, de camionnettes et de mini-camions. Conceptions r\u00e9sistantes aux temp\u00e9ratures \u00e9lev\u00e9es et adapt\u00e9es \u00e0 l'Arctique pour les fermes et les mines. R\u00e9duisez vos co\u00fbts gr\u00e2ce \u00e0 la livraison directe \u00e0 l'usine. Rendre le travail plus fluide. Obtenir un devis.","publisher":{"@id":"https:\/\/orvikpower.com\/#organization"},"potentialAction":[{"@type":"SearchAction","target":{"@type":"EntryPoint","urlTemplate":"https:\/\/orvikpower.com\/?s={search_term_string}"},"query-input":{"@type":"PropertyValueSpecification","valueRequired":true,"valueName":"search_term_string"}}],"inLanguage":"fr-FR"},{"@type":"Organization","@id":"https:\/\/orvikpower.com\/#organization","name":"ORVIK | V\u00e9hicules \u00e9lectriques utilitaires l\u00e9gers","url":"https:\/\/orvikpower.com\/","logo":{"@type":"ImageObject","inLanguage":"fr-FR","@id":"https:\/\/orvikpower.com\/#\/schema\/logo\/image\/","url":"https:\/\/orvikpower.com\/wp-content\/uploads\/2026\/01\/cropped-logo-h-main-small.png","contentUrl":"https:\/\/orvikpower.com\/wp-content\/uploads\/2026\/01\/cropped-logo-h-main-small.png","width":512,"height":512,"caption":"ORVIK | Light Commercial Electric Vehicles"},"image":{"@id":"https:\/\/orvikpower.com\/#\/schema\/logo\/image\/"},"sameAs":["https:\/\/www.youtube.com\/@ORVIKOrvikPower","https:\/\/www.pinterest.com\/OrvikPower\/"]}]}},"_links":{"self":[{"href":"https:\/\/orvikpower.com\/fr\/wp-json\/wp\/v2\/product\/19075","targetHints":{"allow":["GET"]}}],"collection":[{"href":"https:\/\/orvikpower.com\/fr\/wp-json\/wp\/v2\/product"}],"about":[{"href":"https:\/\/orvikpower.com\/fr\/wp-json\/wp\/v2\/types\/product"}],"replies":[{"embeddable":true,"href":"https:\/\/orvikpower.com\/fr\/wp-json\/wp\/v2\/comments?post=19075"}],"wp:featuredmedia":[{"embeddable":true,"href":"https:\/\/orvikpower.com\/fr\/wp-json\/wp\/v2\/media\/19076"}],"wp:attachment":[{"href":"https:\/\/orvikpower.com\/fr\/wp-json\/wp\/v2\/media?parent=19075"}],"wp:term":[{"taxonomy":"product_brand","embeddable":true,"href":"https:\/\/orvikpower.com\/fr\/wp-json\/wp\/v2\/product_brand?post=19075"},{"taxonomy":"product_cat","embeddable":true,"href":"https:\/\/orvikpower.com\/fr\/wp-json\/wp\/v2\/product_cat?post=19075"},{"taxonomy":"product_tag","embeddable":true,"href":"https:\/\/orvikpower.com\/fr\/wp-json\/wp\/v2\/product_tag?post=19075"}],"curies":[{"name":"wp","href":"https:\/\/api.w.org\/{rel}","templated":true}]}}