{"id":19077,"date":"2026-01-21T13:43:30","date_gmt":"2026-01-21T13:43:30","guid":{"rendered":"https:\/\/orvikpower.com\/?post_type=product&#038;p=19077"},"modified":"2026-01-21T13:44:07","modified_gmt":"2026-01-21T13:44:07","slug":"as700-plus-electric-ride-on-floor-scrubber-industrial-cleaning-wholesale-orvik","status":"publish","type":"product","link":"https:\/\/orvikpower.com\/fr\/product\/as700-plus-electric-ride-on-floor-scrubber-industrial-cleaning-wholesale-orvik","title":{"rendered":"AS700 PLUS Autolaveuse \u00e9lectrique autoport\u00e9e | Nettoyage industriel en gros - ORVIK"},"content":{"rendered":"<p dir=\"auto\">Le <strong>AS700 PLUS<\/strong> est con\u00e7u pour remplacer le nettoyage manuel laborieux par une efficacit\u00e9 de niveau industriel. Dot\u00e9 d'un <strong>3600 m\u00b2\/h de capacit\u00e9 de nettoyage<\/strong> et un syst\u00e8me \u00e0 double brosse (caract\u00e9ristique), cette autolaveuse autoport\u00e9e r\u00e9duit consid\u00e9rablement le temps n\u00e9cessaire \u00e0 l'entretien de grandes surfaces telles que les entrep\u00f4ts, les h\u00f4pitaux et les sols d'usine (avantage).<\/p>\n<div class=\"my-2\"><\/div>\n<p dir=\"auto\">Construit avec un <strong>corps rotomoul\u00e9 et ch\u00e2ssis en acier trait\u00e9 par \u00e9lectrophor\u00e8se<\/strong>, La brosse magn\u00e9tique AS700 r\u00e9siste aux chocs et \u00e0 la corrosion, ce qui lui assure une longue dur\u00e9e de vie, m\u00eame dans les environnements les plus difficiles. La conception des brosses magn\u00e9tiques permet un remplacement sans outil, ce qui minimise les temps d'arr\u00eat pour maintenance (Benefit). Que ce soit pour le contr\u00f4le de la poussi\u00e8re ou le nettoyage en profondeur, l'AS700 est con\u00e7u pour faciliter votre travail.<\/p>\n<div class=\"my-2\"><\/div>\n<ul dir=\"auto\">\n<li class=\"text-start\"><strong>Personnalisation de la puissance :<\/strong> La puissance et le couple du moteur peuvent \u00eatre adapt\u00e9s aux exigences sp\u00e9cifiques de la pente.<\/li>\n<li class=\"text-start\"><strong>Options de batterie :<\/strong> \u00c9quip\u00e9 de s\u00e9rie d'un accumulateur au plomb de 24 V ; possibilit\u00e9 de passer au LiFePO4 pour des p\u00e9riodes de travail plus longues et une charge rapide.<\/li>\n<\/ul>\n<table class=\"table table-striped-white table-bordered\" data-anchor-id=\"zgd0\">\n<thead>\n<tr>\n<th>Fonctionnalit\u00e9<\/th>\n<th>Sp\u00e9cifications<\/th>\n<\/tr>\n<\/thead>\n<tbody>\n<tr>\n<td><strong>Mod\u00e8le<\/strong><\/td>\n<td>AS700 PLUS (double brosse)<\/td>\n<\/tr>\n<tr>\n<td><strong>Dimensions (L*L*H)<\/strong><\/td>\n<td>1500 \u00d7 950 \u00d7 1150 mm<\/td>\n<\/tr>\n<tr>\n<td><strong>Efficacit\u00e9 du nettoyage<\/strong><\/td>\n<td>3600 m\u00b2\/h<\/td>\n<\/tr>\n<tr>\n<td><strong>Largeur de nettoyage<\/strong><\/td>\n<td>Frottage : 660 mm<\/td>\n<\/tr>\n<tr>\n<td><strong>Capacit\u00e9 du r\u00e9servoir<\/strong><\/td>\n<td>Eau propre : 90L<\/td>\n<\/tr>\n<tr>\n<td><strong>Tension du syst\u00e8me<\/strong><\/td>\n<td>24V<\/td>\n<\/tr>\n<tr>\n<td><strong>Capacit\u00e9 de la batterie<\/strong><\/td>\n<td>100Ah (plomb-acide standard \/ LiFePO4 en option)<\/td>\n<\/tr>\n<tr>\n<td><strong>Puissance du moteur<\/strong><\/td>\n<td>Entra\u00eenement : 500W<\/td>\n<\/tr>\n<tr>\n<td><strong>Dur\u00e9e d'ex\u00e9cution<\/strong><\/td>\n<td>2-3 heures (Pack standard)<\/td>\n<\/tr>\n<tr>\n<td><strong>Ch\u00e2ssis et carrosserie<\/strong><\/td>\n<td>Electrophor\u00e8se Ch\u00e2ssis en acier + corps rotomoul\u00e9<\/td>\n<\/tr>\n<tr>\n<td><strong>Type de pneu<\/strong><\/td>\n<td>Caoutchouc + PU (non marquant)<\/td>\n<\/tr>\n<tr>\n<td><strong>Qt\u00e9 de chargement (40HQ)<\/strong><\/td>\n<td><em>Contact pour un plan de chargement calcul\u00e9<\/em><\/td>\n<\/tr>\n<\/tbody>\n<\/table>","protected":false},"excerpt":{"rendered":"<p>Maximisez l'efficacit\u00e9 de l'hygi\u00e8ne avec l'autolaveuse autoport\u00e9e AS700. Elle offre un taux de nettoyage de 3600m\u00b2\/h, un r\u00e9servoir de 90L et un corps robuste rotomoul\u00e9. Livraison directe en usine. <strong>Demander le prix FCL.<\/strong><\/p>","protected":false},"featured_media":19078,"comment_status":"open","ping_status":"closed","template":"","meta":{"_eb_attr":""},"product_brand":[],"product_cat":[75,74],"product_tag":[92,118,124,91,120,123],"class_list":{"0":"post-19077","1":"product","2":"type-product","3":"status-publish","4":"has-post-thumbnail","6":"product_cat-electric-street-sweepers","7":"product_cat-specialized-service-vehicles","8":"product_tag-factory-floor","9":"product_tag-hospital","10":"product_tag-hotel-resort","11":"product_tag-industrial-park","12":"product_tag-shopping-mall","13":"product_tag-warehouse","15":"first","16":"instock","17":"shipping-taxable","18":"product-type-simple"},"yoast_head":"<!-- This site is optimized with the Yoast SEO plugin v26.9 - https:\/\/yoast.com\/product\/yoast-seo-wordpress\/ -->\n<title>AS700 PLUS Electric Ride-on Floor Scrubber | Industrial Cleaning Wholesale - ORVIK | ORVIK|Light Commercial Electric Vehicles<\/title>\n<meta name=\"robots\" content=\"index, follow, max-snippet:-1, max-image-preview:large, max-video-preview:-1\" \/>\n<link rel=\"canonical\" href=\"https:\/\/orvikpower.com\/fr\/product\/as700-plus-electric-ride-on-floor-scrubber-industrial-cleaning-wholesale-orvik\" \/>\n<meta property=\"og:locale\" content=\"fr_FR\" \/>\n<meta property=\"og:type\" content=\"article\" \/>\n<meta property=\"og:title\" content=\"AS700 PLUS Electric Ride-on Floor Scrubber | Industrial Cleaning Wholesale - ORVIK | ORVIK|Light Commercial Electric Vehicles\" \/>\n<meta property=\"og:description\" content=\"Maximize hygiene efficiency with the AS700 Ride-on Scrubber. Features 3600m\u00b2\/h cleaning rate, 90L tank, and robust rotomolded body. Factory direct FCL supply. Inquire for FCL Price.\" \/>\n<meta property=\"og:url\" content=\"https:\/\/orvikpower.com\/fr\/product\/as700-plus-electric-ride-on-floor-scrubber-industrial-cleaning-wholesale-orvik\" \/>\n<meta property=\"og:site_name\" content=\"ORVIK|Light Commercial Electric Vehicles\" \/>\n<meta property=\"article:modified_time\" content=\"2026-01-21T13:44:07+00:00\" \/>\n<meta property=\"og:image\" content=\"https:\/\/orvikpower.com\/wp-content\/uploads\/2026\/01\/AS700-PLUS-Electric-Ride-on-Floor-Scrubber-Industrial-Cleaning-Wholesale-ORVIK.jpeg\" \/>\n\t<meta property=\"og:image:width\" content=\"1385\" \/>\n\t<meta property=\"og:image:height\" content=\"1280\" \/>\n\t<meta property=\"og:image:type\" content=\"image\/jpeg\" \/>\n<meta name=\"twitter:card\" content=\"summary_large_image\" \/>\n<meta name=\"twitter:label1\" content=\"Dur\u00e9e de lecture estim\u00e9e\" \/>\n\t<meta name=\"twitter:data1\" content=\"1 minute\" \/>\n<script type=\"application\/ld+json\" class=\"yoast-schema-graph\">{\"@context\":\"https:\/\/schema.org\",\"@graph\":[{\"@type\":\"WebPage\",\"@id\":\"https:\/\/orvikpower.com\/product\/as700-plus-electric-ride-on-floor-scrubber-industrial-cleaning-wholesale-orvik\",\"url\":\"https:\/\/orvikpower.com\/product\/as700-plus-electric-ride-on-floor-scrubber-industrial-cleaning-wholesale-orvik\",\"name\":\"AS700 PLUS Electric Ride-on Floor Scrubber | Industrial Cleaning Wholesale - ORVIK | ORVIK|Light Commercial Electric Vehicles\",\"isPartOf\":{\"@id\":\"https:\/\/orvikpower.com\/#website\"},\"primaryImageOfPage\":{\"@id\":\"https:\/\/orvikpower.com\/product\/as700-plus-electric-ride-on-floor-scrubber-industrial-cleaning-wholesale-orvik#primaryimage\"},\"image\":{\"@id\":\"https:\/\/orvikpower.com\/product\/as700-plus-electric-ride-on-floor-scrubber-industrial-cleaning-wholesale-orvik#primaryimage\"},\"thumbnailUrl\":\"https:\/\/orvikpower.com\/wp-content\/uploads\/2026\/01\/AS700-PLUS-Electric-Ride-on-Floor-Scrubber-Industrial-Cleaning-Wholesale-ORVIK.jpeg\",\"datePublished\":\"2026-01-21T13:43:30+00:00\",\"dateModified\":\"2026-01-21T13:44:07+00:00\",\"breadcrumb\":{\"@id\":\"https:\/\/orvikpower.com\/product\/as700-plus-electric-ride-on-floor-scrubber-industrial-cleaning-wholesale-orvik#breadcrumb\"},\"inLanguage\":\"fr-FR\",\"potentialAction\":[{\"@type\":\"ReadAction\",\"target\":[\"https:\/\/orvikpower.com\/product\/as700-plus-electric-ride-on-floor-scrubber-industrial-cleaning-wholesale-orvik\"]}]},{\"@type\":\"ImageObject\",\"inLanguage\":\"fr-FR\",\"@id\":\"https:\/\/orvikpower.com\/product\/as700-plus-electric-ride-on-floor-scrubber-industrial-cleaning-wholesale-orvik#primaryimage\",\"url\":\"https:\/\/orvikpower.com\/wp-content\/uploads\/2026\/01\/AS700-PLUS-Electric-Ride-on-Floor-Scrubber-Industrial-Cleaning-Wholesale-ORVIK.jpeg\",\"contentUrl\":\"https:\/\/orvikpower.com\/wp-content\/uploads\/2026\/01\/AS700-PLUS-Electric-Ride-on-Floor-Scrubber-Industrial-Cleaning-Wholesale-ORVIK.jpeg\",\"width\":1385,\"height\":1280},{\"@type\":\"BreadcrumbList\",\"@id\":\"https:\/\/orvikpower.com\/product\/as700-plus-electric-ride-on-floor-scrubber-industrial-cleaning-wholesale-orvik#breadcrumb\",\"itemListElement\":[{\"@type\":\"ListItem\",\"position\":1,\"name\":\"Home\",\"item\":\"https:\/\/orvikpower.com\/\"},{\"@type\":\"ListItem\",\"position\":2,\"name\":\"SHOP\",\"item\":\"https:\/\/orvikpower.com\/shop\"},{\"@type\":\"ListItem\",\"position\":3,\"name\":\"AS700 PLUS Electric Ride-on Floor Scrubber | Industrial Cleaning Wholesale &#8211; ORVIK\"}]},{\"@type\":\"WebSite\",\"@id\":\"https:\/\/orvikpower.com\/#website\",\"url\":\"https:\/\/orvikpower.com\/\",\"name\":\"ORVIK | Light Commercial Electric Vehicles\",\"description\":\"Premier Manufacturer of Off-road Electric Utility Vehicles, Pickups &amp; Mini Trucks. High-Temp &amp; Arctic Ready designs for farms &amp; mines. Save costs with Factory-Direct FCL. Make work flow. Get a Quote.\",\"publisher\":{\"@id\":\"https:\/\/orvikpower.com\/#organization\"},\"potentialAction\":[{\"@type\":\"SearchAction\",\"target\":{\"@type\":\"EntryPoint\",\"urlTemplate\":\"https:\/\/orvikpower.com\/?s={search_term_string}\"},\"query-input\":{\"@type\":\"PropertyValueSpecification\",\"valueRequired\":true,\"valueName\":\"search_term_string\"}}],\"inLanguage\":\"fr-FR\"},{\"@type\":\"Organization\",\"@id\":\"https:\/\/orvikpower.com\/#organization\",\"name\":\"ORVIK | Light Commercial Electric Vehicles\",\"url\":\"https:\/\/orvikpower.com\/\",\"logo\":{\"@type\":\"ImageObject\",\"inLanguage\":\"fr-FR\",\"@id\":\"https:\/\/orvikpower.com\/#\/schema\/logo\/image\/\",\"url\":\"https:\/\/orvikpower.com\/wp-content\/uploads\/2026\/01\/cropped-logo-h-main-small.png\",\"contentUrl\":\"https:\/\/orvikpower.com\/wp-content\/uploads\/2026\/01\/cropped-logo-h-main-small.png\",\"width\":512,\"height\":512,\"caption\":\"ORVIK | Light Commercial Electric Vehicles\"},\"image\":{\"@id\":\"https:\/\/orvikpower.com\/#\/schema\/logo\/image\/\"},\"sameAs\":[\"https:\/\/www.youtube.com\/@ORVIKOrvikPower\",\"https:\/\/www.pinterest.com\/OrvikPower\/\"]}]}<\/script>\n<!-- \/ Yoast SEO plugin. -->","yoast_head_json":{"title":"AS700 PLUS Autolaveuse \u00e9lectrique autoport\u00e9e | Nettoyage industriel en gros - ORVIK | ORVIK|V\u00e9hicules \u00e9lectriques utilitaires l\u00e9gers","robots":{"index":"index","follow":"follow","max-snippet":"max-snippet:-1","max-image-preview":"max-image-preview:large","max-video-preview":"max-video-preview:-1"},"canonical":"https:\/\/orvikpower.com\/fr\/product\/as700-plus-electric-ride-on-floor-scrubber-industrial-cleaning-wholesale-orvik","og_locale":"fr_FR","og_type":"article","og_title":"AS700 PLUS Electric Ride-on Floor Scrubber | Industrial Cleaning Wholesale - ORVIK | ORVIK|Light Commercial Electric Vehicles","og_description":"Maximize hygiene efficiency with the AS700 Ride-on Scrubber. Features 3600m\u00b2\/h cleaning rate, 90L tank, and robust rotomolded body. Factory direct FCL supply. Inquire for FCL Price.","og_url":"https:\/\/orvikpower.com\/fr\/product\/as700-plus-electric-ride-on-floor-scrubber-industrial-cleaning-wholesale-orvik","og_site_name":"ORVIK|Light Commercial Electric Vehicles","article_modified_time":"2026-01-21T13:44:07+00:00","og_image":[{"width":1385,"height":1280,"url":"https:\/\/orvikpower.com\/wp-content\/uploads\/2026\/01\/AS700-PLUS-Electric-Ride-on-Floor-Scrubber-Industrial-Cleaning-Wholesale-ORVIK.jpeg","type":"image\/jpeg"}],"twitter_card":"summary_large_image","twitter_misc":{"Dur\u00e9e de lecture estim\u00e9e":"1 minute"},"schema":{"@context":"https:\/\/schema.org","@graph":[{"@type":"WebPage","@id":"https:\/\/orvikpower.com\/product\/as700-plus-electric-ride-on-floor-scrubber-industrial-cleaning-wholesale-orvik","url":"https:\/\/orvikpower.com\/product\/as700-plus-electric-ride-on-floor-scrubber-industrial-cleaning-wholesale-orvik","name":"AS700 PLUS Autolaveuse \u00e9lectrique autoport\u00e9e | Nettoyage industriel en gros - ORVIK | ORVIK|V\u00e9hicules \u00e9lectriques utilitaires l\u00e9gers","isPartOf":{"@id":"https:\/\/orvikpower.com\/#website"},"primaryImageOfPage":{"@id":"https:\/\/orvikpower.com\/product\/as700-plus-electric-ride-on-floor-scrubber-industrial-cleaning-wholesale-orvik#primaryimage"},"image":{"@id":"https:\/\/orvikpower.com\/product\/as700-plus-electric-ride-on-floor-scrubber-industrial-cleaning-wholesale-orvik#primaryimage"},"thumbnailUrl":"https:\/\/orvikpower.com\/wp-content\/uploads\/2026\/01\/AS700-PLUS-Electric-Ride-on-Floor-Scrubber-Industrial-Cleaning-Wholesale-ORVIK.jpeg","datePublished":"2026-01-21T13:43:30+00:00","dateModified":"2026-01-21T13:44:07+00:00","breadcrumb":{"@id":"https:\/\/orvikpower.com\/product\/as700-plus-electric-ride-on-floor-scrubber-industrial-cleaning-wholesale-orvik#breadcrumb"},"inLanguage":"fr-FR","potentialAction":[{"@type":"ReadAction","target":["https:\/\/orvikpower.com\/product\/as700-plus-electric-ride-on-floor-scrubber-industrial-cleaning-wholesale-orvik"]}]},{"@type":"ImageObject","inLanguage":"fr-FR","@id":"https:\/\/orvikpower.com\/product\/as700-plus-electric-ride-on-floor-scrubber-industrial-cleaning-wholesale-orvik#primaryimage","url":"https:\/\/orvikpower.com\/wp-content\/uploads\/2026\/01\/AS700-PLUS-Electric-Ride-on-Floor-Scrubber-Industrial-Cleaning-Wholesale-ORVIK.jpeg","contentUrl":"https:\/\/orvikpower.com\/wp-content\/uploads\/2026\/01\/AS700-PLUS-Electric-Ride-on-Floor-Scrubber-Industrial-Cleaning-Wholesale-ORVIK.jpeg","width":1385,"height":1280},{"@type":"BreadcrumbList","@id":"https:\/\/orvikpower.com\/product\/as700-plus-electric-ride-on-floor-scrubber-industrial-cleaning-wholesale-orvik#breadcrumb","itemListElement":[{"@type":"ListItem","position":1,"name":"Home","item":"https:\/\/orvikpower.com\/"},{"@type":"ListItem","position":2,"name":"SHOP","item":"https:\/\/orvikpower.com\/shop"},{"@type":"ListItem","position":3,"name":"AS700 PLUS Electric Ride-on Floor Scrubber | Industrial Cleaning Wholesale &#8211; ORVIK"}]},{"@type":"WebSite","@id":"https:\/\/orvikpower.com\/#website","url":"https:\/\/orvikpower.com\/","name":"ORVIK | V\u00e9hicules \u00e9lectriques utilitaires l\u00e9gers","description":"Premier fabricant de v\u00e9hicules utilitaires \u00e9lectriques tout-terrain, de camionnettes et de mini-camions. Conceptions r\u00e9sistantes aux temp\u00e9ratures \u00e9lev\u00e9es et adapt\u00e9es \u00e0 l'Arctique pour les fermes et les mines. R\u00e9duisez vos co\u00fbts gr\u00e2ce \u00e0 la livraison directe \u00e0 l'usine. Rendre le travail plus fluide. Obtenir un devis.","publisher":{"@id":"https:\/\/orvikpower.com\/#organization"},"potentialAction":[{"@type":"SearchAction","target":{"@type":"EntryPoint","urlTemplate":"https:\/\/orvikpower.com\/?s={search_term_string}"},"query-input":{"@type":"PropertyValueSpecification","valueRequired":true,"valueName":"search_term_string"}}],"inLanguage":"fr-FR"},{"@type":"Organization","@id":"https:\/\/orvikpower.com\/#organization","name":"ORVIK | V\u00e9hicules \u00e9lectriques utilitaires l\u00e9gers","url":"https:\/\/orvikpower.com\/","logo":{"@type":"ImageObject","inLanguage":"fr-FR","@id":"https:\/\/orvikpower.com\/#\/schema\/logo\/image\/","url":"https:\/\/orvikpower.com\/wp-content\/uploads\/2026\/01\/cropped-logo-h-main-small.png","contentUrl":"https:\/\/orvikpower.com\/wp-content\/uploads\/2026\/01\/cropped-logo-h-main-small.png","width":512,"height":512,"caption":"ORVIK | Light Commercial Electric Vehicles"},"image":{"@id":"https:\/\/orvikpower.com\/#\/schema\/logo\/image\/"},"sameAs":["https:\/\/www.youtube.com\/@ORVIKOrvikPower","https:\/\/www.pinterest.com\/OrvikPower\/"]}]}},"_links":{"self":[{"href":"https:\/\/orvikpower.com\/fr\/wp-json\/wp\/v2\/product\/19077","targetHints":{"allow":["GET"]}}],"collection":[{"href":"https:\/\/orvikpower.com\/fr\/wp-json\/wp\/v2\/product"}],"about":[{"href":"https:\/\/orvikpower.com\/fr\/wp-json\/wp\/v2\/types\/product"}],"replies":[{"embeddable":true,"href":"https:\/\/orvikpower.com\/fr\/wp-json\/wp\/v2\/comments?post=19077"}],"wp:featuredmedia":[{"embeddable":true,"href":"https:\/\/orvikpower.com\/fr\/wp-json\/wp\/v2\/media\/19078"}],"wp:attachment":[{"href":"https:\/\/orvikpower.com\/fr\/wp-json\/wp\/v2\/media?parent=19077"}],"wp:term":[{"taxonomy":"product_brand","embeddable":true,"href":"https:\/\/orvikpower.com\/fr\/wp-json\/wp\/v2\/product_brand?post=19077"},{"taxonomy":"product_cat","embeddable":true,"href":"https:\/\/orvikpower.com\/fr\/wp-json\/wp\/v2\/product_cat?post=19077"},{"taxonomy":"product_tag","embeddable":true,"href":"https:\/\/orvikpower.com\/fr\/wp-json\/wp\/v2\/product_tag?post=19077"}],"curies":[{"name":"wp","href":"https:\/\/api.w.org\/{rel}","templated":true}]}}