{"id":19079,"date":"2026-01-21T13:48:24","date_gmt":"2026-01-21T13:48:24","guid":{"rendered":"https:\/\/orvikpower.com\/?post_type=product&#038;p=19079"},"modified":"2026-01-21T13:48:24","modified_gmt":"2026-01-21T13:48:24","slug":"as800-electric-ride-on-floor-scrubber-industrial-cleaning-factory-direct-orvik","status":"publish","type":"product","link":"https:\/\/orvikpower.com\/fr\/product\/as800-electric-ride-on-floor-scrubber-industrial-cleaning-factory-direct-orvik","title":{"rendered":"AS800 Autolaveuse \u00e9lectrique autoport\u00e9e | Nettoyage industriel Factory Direct - ORVIK"},"content":{"rendered":"<p dir=\"auto\">Con\u00e7ue pour l'entretien des installations \u00e0 grande \u00e9chelle, l'autolaveuse autoport\u00e9e ORVIK AS800 est la solution ultime pour garder les sols industriels et commerciaux impeccables.<\/p>\n<div class=\"my-2\"><\/div>\n<p dir=\"auto\">Cette machine est dot\u00e9e d'un robuste <strong>corps rotomoul\u00e9<\/strong> et un <strong>d\u00e9capage + ch\u00e2ssis trait\u00e9 par \u00e9lectrophor\u00e8se<\/strong> (caract\u00e9ristique), garantissant une r\u00e9sistance exceptionnelle aux chocs et \u00e0 la corrosion, m\u00eame dans des environnements humides ou chimiques difficiles (avantage). Avec une efficacit\u00e9 de nettoyage de <strong>4600 m\u00b2\/h<\/strong> et massive <strong>R\u00e9servoirs de 110L\/120L<\/strong>, L'AS800 r\u00e9duit consid\u00e9rablement la fr\u00e9quence des remplissages et remplace le travail d'une \u00e9quipe de nettoyage de 10 personnes.<\/p>\n<div class=\"my-2\"><\/div>\n<p dir=\"auto\">Nous offrons des services personnalisables <strong>Syst\u00e8mes de batteries<\/strong> (plomb-acide ou LiFePO4) en fonction de votre budget et de vos exigences en mati\u00e8re de dur\u00e9e de vie. <strong>Puissance du moteur<\/strong> pour des types de sols sp\u00e9cifiques. Qu'il s'agisse d'un entrep\u00f4t poussi\u00e9reux ou d'un h\u00f4pital tr\u00e8s fr\u00e9quent\u00e9, l'AS800 est construit selon des normes fiables.<\/p>\n<div class=\"my-2\"><\/div>\n<p dir=\"auto\"><strong>Con\u00e7u pour faciliter votre travail.<\/strong><\/p>\n<p dir=\"auto\">\n<table class=\"table table-striped-white table-bordered\" data-anchor-id=\"zgd0\">\n<thead>\n<tr>\n<th>Fonctionnalit\u00e9<\/th>\n<th>Sp\u00e9cifications<\/th>\n<\/tr>\n<\/thead>\n<tbody>\n<tr>\n<td><strong>Mod\u00e8le<\/strong><\/td>\n<td>AS800 Brosse double<\/td>\n<\/tr>\n<tr>\n<td><strong>Dimensions (L*L*H)<\/strong><\/td>\n<td>1600mm * 1080mm * 1300mm\u00a0<em>(Hauteur corrig\u00e9e)<\/em><\/td>\n<\/tr>\n<tr>\n<td><strong>Poids du v\u00e9hicule<\/strong><\/td>\n<td>310 KG<\/td>\n<\/tr>\n<tr>\n<td><strong>Efficacit\u00e9 du nettoyage<\/strong><\/td>\n<td>4600 m\u00b2\/h<\/td>\n<\/tr>\n<tr>\n<td><strong>Largeur de travail<\/strong><\/td>\n<td>R\u00e9curage : 760 mm<\/td>\n<\/tr>\n<tr>\n<td><strong>Capacit\u00e9 du r\u00e9servoir<\/strong><\/td>\n<td>Eau propre : 110L<\/td>\n<\/tr>\n<tr>\n<td><strong>Syst\u00e8me de batterie<\/strong><\/td>\n<td>24V 150Ah (plomb-acide standard \/ LiFePO4 en option)<\/td>\n<\/tr>\n<tr>\n<td><strong>Puissance du moteur<\/strong><\/td>\n<td>Entra\u00eenement : 700W<\/td>\n<\/tr>\n<tr>\n<td><strong>Dur\u00e9e d'ex\u00e9cution<\/strong><\/td>\n<td>3 - 4 heures<\/td>\n<\/tr>\n<tr>\n<td><strong>Mat\u00e9riau du ch\u00e2ssis<\/strong><\/td>\n<td>Acier trait\u00e9 par \u00e9lectrophor\u00e8se + corps rotomoul\u00e9<\/td>\n<\/tr>\n<tr>\n<td><strong>\u00c9tanch\u00e9it\u00e9<\/strong><\/td>\n<td>C\u00e2blage et connecteurs IP<\/td>\n<\/tr>\n<tr>\n<td><strong>Qt\u00e9 de chargement (40HQ)<\/strong><\/td>\n<td><em>[Contact pour le plan de chargement]<\/em><\/td>\n<\/tr>\n<\/tbody>\n<\/table>","protected":false},"excerpt":{"rendered":"<p dir=\"auto\">Maximisez l'hygi\u00e8ne avec l'autolaveuse \u00e9lectrique AS800. Elle offre une efficacit\u00e9 de 4600m\u00b2\/h, un r\u00e9servoir de 120L et un corps anti-corrosion rotomoul\u00e9. Peu d'entretien et retour sur investissement \u00e9lev\u00e9. Demandez le prix FCL.<\/p>\n<div class=\"my-2\"><\/div>\n<p dir=\"auto\">","protected":false},"featured_media":19080,"comment_status":"open","ping_status":"closed","template":"","meta":{"_eb_attr":""},"product_brand":[],"product_cat":[75,74],"product_tag":[126,125,118,91,120,122,123],"class_list":{"0":"post-19079","1":"product","2":"type-product","3":"status-publish","4":"has-post-thumbnail","6":"product_cat-electric-street-sweepers","7":"product_cat-specialized-service-vehicles","8":"product_tag-airport","9":"product_tag-factory","10":"product_tag-hospital","11":"product_tag-industrial-park","12":"product_tag-shopping-mall","13":"product_tag-underground-parking","14":"product_tag-warehouse","16":"first","17":"instock","18":"shipping-taxable","19":"product-type-simple"},"yoast_head":"<!-- This site is optimized with the Yoast SEO plugin v26.9 - https:\/\/yoast.com\/product\/yoast-seo-wordpress\/ -->\n<title>AS800 Electric Ride-on Floor Scrubber | Industrial Cleaning Factory Direct - ORVIK | ORVIK|Light Commercial Electric Vehicles<\/title>\n<meta name=\"robots\" content=\"index, follow, max-snippet:-1, max-image-preview:large, max-video-preview:-1\" \/>\n<link rel=\"canonical\" href=\"https:\/\/orvikpower.com\/fr\/product\/as800-electric-ride-on-floor-scrubber-industrial-cleaning-factory-direct-orvik\" \/>\n<meta property=\"og:locale\" content=\"fr_FR\" \/>\n<meta property=\"og:type\" content=\"article\" \/>\n<meta property=\"og:title\" content=\"AS800 Electric Ride-on Floor Scrubber | Industrial Cleaning Factory Direct - ORVIK | ORVIK|Light Commercial Electric Vehicles\" \/>\n<meta property=\"og:description\" content=\"Maximize hygiene with the AS800 Electric Scrubber. Features 4600m\u00b2\/h efficiency, 120L tank, and rotomolded anti-corrosion body. Low maintenance &amp; high ROI. Inquire for FCL Price.\" \/>\n<meta property=\"og:url\" content=\"https:\/\/orvikpower.com\/fr\/product\/as800-electric-ride-on-floor-scrubber-industrial-cleaning-factory-direct-orvik\" \/>\n<meta property=\"og:site_name\" content=\"ORVIK|Light Commercial Electric Vehicles\" \/>\n<meta property=\"og:image\" content=\"https:\/\/orvikpower.com\/wp-content\/uploads\/2026\/01\/AS800-Electric-Ride-on-Floor-Scrubber-Industrial-Cleaning-Factory-Direct-ORVIK.png\" \/>\n\t<meta property=\"og:image:width\" content=\"1394\" \/>\n\t<meta property=\"og:image:height\" content=\"1279\" \/>\n\t<meta property=\"og:image:type\" content=\"image\/png\" \/>\n<meta name=\"twitter:card\" content=\"summary_large_image\" \/>\n<meta name=\"twitter:label1\" content=\"Dur\u00e9e de lecture estim\u00e9e\" \/>\n\t<meta name=\"twitter:data1\" content=\"1 minute\" \/>\n<script type=\"application\/ld+json\" class=\"yoast-schema-graph\">{\"@context\":\"https:\/\/schema.org\",\"@graph\":[{\"@type\":\"WebPage\",\"@id\":\"https:\/\/orvikpower.com\/product\/as800-electric-ride-on-floor-scrubber-industrial-cleaning-factory-direct-orvik\",\"url\":\"https:\/\/orvikpower.com\/product\/as800-electric-ride-on-floor-scrubber-industrial-cleaning-factory-direct-orvik\",\"name\":\"AS800 Electric Ride-on Floor Scrubber | Industrial Cleaning Factory Direct - ORVIK | ORVIK|Light Commercial Electric Vehicles\",\"isPartOf\":{\"@id\":\"https:\/\/orvikpower.com\/#website\"},\"primaryImageOfPage\":{\"@id\":\"https:\/\/orvikpower.com\/product\/as800-electric-ride-on-floor-scrubber-industrial-cleaning-factory-direct-orvik#primaryimage\"},\"image\":{\"@id\":\"https:\/\/orvikpower.com\/product\/as800-electric-ride-on-floor-scrubber-industrial-cleaning-factory-direct-orvik#primaryimage\"},\"thumbnailUrl\":\"https:\/\/orvikpower.com\/wp-content\/uploads\/2026\/01\/AS800-Electric-Ride-on-Floor-Scrubber-Industrial-Cleaning-Factory-Direct-ORVIK.png\",\"datePublished\":\"2026-01-21T13:48:24+00:00\",\"breadcrumb\":{\"@id\":\"https:\/\/orvikpower.com\/product\/as800-electric-ride-on-floor-scrubber-industrial-cleaning-factory-direct-orvik#breadcrumb\"},\"inLanguage\":\"fr-FR\",\"potentialAction\":[{\"@type\":\"ReadAction\",\"target\":[\"https:\/\/orvikpower.com\/product\/as800-electric-ride-on-floor-scrubber-industrial-cleaning-factory-direct-orvik\"]}]},{\"@type\":\"ImageObject\",\"inLanguage\":\"fr-FR\",\"@id\":\"https:\/\/orvikpower.com\/product\/as800-electric-ride-on-floor-scrubber-industrial-cleaning-factory-direct-orvik#primaryimage\",\"url\":\"https:\/\/orvikpower.com\/wp-content\/uploads\/2026\/01\/AS800-Electric-Ride-on-Floor-Scrubber-Industrial-Cleaning-Factory-Direct-ORVIK.png\",\"contentUrl\":\"https:\/\/orvikpower.com\/wp-content\/uploads\/2026\/01\/AS800-Electric-Ride-on-Floor-Scrubber-Industrial-Cleaning-Factory-Direct-ORVIK.png\",\"width\":1394,\"height\":1279,\"caption\":\"Maximize hygiene with the AS800 Electric Scrubber. Features 4600m\u00b2\/h efficiency, 120L tank, and rotomolded anti-corrosion body. Low maintenance & high ROI. Inquire for FCL Price.\"},{\"@type\":\"BreadcrumbList\",\"@id\":\"https:\/\/orvikpower.com\/product\/as800-electric-ride-on-floor-scrubber-industrial-cleaning-factory-direct-orvik#breadcrumb\",\"itemListElement\":[{\"@type\":\"ListItem\",\"position\":1,\"name\":\"Home\",\"item\":\"https:\/\/orvikpower.com\/\"},{\"@type\":\"ListItem\",\"position\":2,\"name\":\"SHOP\",\"item\":\"https:\/\/orvikpower.com\/shop\"},{\"@type\":\"ListItem\",\"position\":3,\"name\":\"AS800 Electric Ride-on Floor Scrubber | Industrial Cleaning Factory Direct &#8211; ORVIK\"}]},{\"@type\":\"WebSite\",\"@id\":\"https:\/\/orvikpower.com\/#website\",\"url\":\"https:\/\/orvikpower.com\/\",\"name\":\"ORVIK | Light Commercial Electric Vehicles\",\"description\":\"Premier Manufacturer of Off-road Electric Utility Vehicles, Pickups &amp; Mini Trucks. High-Temp &amp; Arctic Ready designs for farms &amp; mines. Save costs with Factory-Direct FCL. Make work flow. Get a Quote.\",\"publisher\":{\"@id\":\"https:\/\/orvikpower.com\/#organization\"},\"potentialAction\":[{\"@type\":\"SearchAction\",\"target\":{\"@type\":\"EntryPoint\",\"urlTemplate\":\"https:\/\/orvikpower.com\/?s={search_term_string}\"},\"query-input\":{\"@type\":\"PropertyValueSpecification\",\"valueRequired\":true,\"valueName\":\"search_term_string\"}}],\"inLanguage\":\"fr-FR\"},{\"@type\":\"Organization\",\"@id\":\"https:\/\/orvikpower.com\/#organization\",\"name\":\"ORVIK | Light Commercial Electric Vehicles\",\"url\":\"https:\/\/orvikpower.com\/\",\"logo\":{\"@type\":\"ImageObject\",\"inLanguage\":\"fr-FR\",\"@id\":\"https:\/\/orvikpower.com\/#\/schema\/logo\/image\/\",\"url\":\"https:\/\/orvikpower.com\/wp-content\/uploads\/2026\/01\/cropped-logo-h-main-small.png\",\"contentUrl\":\"https:\/\/orvikpower.com\/wp-content\/uploads\/2026\/01\/cropped-logo-h-main-small.png\",\"width\":512,\"height\":512,\"caption\":\"ORVIK | Light Commercial Electric Vehicles\"},\"image\":{\"@id\":\"https:\/\/orvikpower.com\/#\/schema\/logo\/image\/\"},\"sameAs\":[\"https:\/\/www.youtube.com\/@ORVIKOrvikPower\",\"https:\/\/www.pinterest.com\/OrvikPower\/\"]}]}<\/script>\n<!-- \/ Yoast SEO plugin. -->","yoast_head_json":{"title":"AS800 Autolaveuse \u00e9lectrique autoport\u00e9e | Nettoyage industriel Factory Direct - ORVIK | ORVIK|V\u00e9hicules \u00e9lectriques utilitaires l\u00e9gers","robots":{"index":"index","follow":"follow","max-snippet":"max-snippet:-1","max-image-preview":"max-image-preview:large","max-video-preview":"max-video-preview:-1"},"canonical":"https:\/\/orvikpower.com\/fr\/product\/as800-electric-ride-on-floor-scrubber-industrial-cleaning-factory-direct-orvik","og_locale":"fr_FR","og_type":"article","og_title":"AS800 Electric Ride-on Floor Scrubber | Industrial Cleaning Factory Direct - ORVIK | ORVIK|Light Commercial Electric Vehicles","og_description":"Maximize hygiene with the AS800 Electric Scrubber. Features 4600m\u00b2\/h efficiency, 120L tank, and rotomolded anti-corrosion body. Low maintenance &amp; high ROI. Inquire for FCL Price.","og_url":"https:\/\/orvikpower.com\/fr\/product\/as800-electric-ride-on-floor-scrubber-industrial-cleaning-factory-direct-orvik","og_site_name":"ORVIK|Light Commercial Electric Vehicles","og_image":[{"width":1394,"height":1279,"url":"https:\/\/orvikpower.com\/wp-content\/uploads\/2026\/01\/AS800-Electric-Ride-on-Floor-Scrubber-Industrial-Cleaning-Factory-Direct-ORVIK.png","type":"image\/png"}],"twitter_card":"summary_large_image","twitter_misc":{"Dur\u00e9e de lecture estim\u00e9e":"1 minute"},"schema":{"@context":"https:\/\/schema.org","@graph":[{"@type":"WebPage","@id":"https:\/\/orvikpower.com\/product\/as800-electric-ride-on-floor-scrubber-industrial-cleaning-factory-direct-orvik","url":"https:\/\/orvikpower.com\/product\/as800-electric-ride-on-floor-scrubber-industrial-cleaning-factory-direct-orvik","name":"AS800 Autolaveuse \u00e9lectrique autoport\u00e9e | Nettoyage industriel Factory Direct - ORVIK | ORVIK|V\u00e9hicules \u00e9lectriques utilitaires l\u00e9gers","isPartOf":{"@id":"https:\/\/orvikpower.com\/#website"},"primaryImageOfPage":{"@id":"https:\/\/orvikpower.com\/product\/as800-electric-ride-on-floor-scrubber-industrial-cleaning-factory-direct-orvik#primaryimage"},"image":{"@id":"https:\/\/orvikpower.com\/product\/as800-electric-ride-on-floor-scrubber-industrial-cleaning-factory-direct-orvik#primaryimage"},"thumbnailUrl":"https:\/\/orvikpower.com\/wp-content\/uploads\/2026\/01\/AS800-Electric-Ride-on-Floor-Scrubber-Industrial-Cleaning-Factory-Direct-ORVIK.png","datePublished":"2026-01-21T13:48:24+00:00","breadcrumb":{"@id":"https:\/\/orvikpower.com\/product\/as800-electric-ride-on-floor-scrubber-industrial-cleaning-factory-direct-orvik#breadcrumb"},"inLanguage":"fr-FR","potentialAction":[{"@type":"ReadAction","target":["https:\/\/orvikpower.com\/product\/as800-electric-ride-on-floor-scrubber-industrial-cleaning-factory-direct-orvik"]}]},{"@type":"ImageObject","inLanguage":"fr-FR","@id":"https:\/\/orvikpower.com\/product\/as800-electric-ride-on-floor-scrubber-industrial-cleaning-factory-direct-orvik#primaryimage","url":"https:\/\/orvikpower.com\/wp-content\/uploads\/2026\/01\/AS800-Electric-Ride-on-Floor-Scrubber-Industrial-Cleaning-Factory-Direct-ORVIK.png","contentUrl":"https:\/\/orvikpower.com\/wp-content\/uploads\/2026\/01\/AS800-Electric-Ride-on-Floor-Scrubber-Industrial-Cleaning-Factory-Direct-ORVIK.png","width":1394,"height":1279,"caption":"Maximize hygiene with the AS800 Electric Scrubber. Features 4600m\u00b2\/h efficiency, 120L tank, and rotomolded anti-corrosion body. Low maintenance & high ROI. Inquire for FCL Price."},{"@type":"BreadcrumbList","@id":"https:\/\/orvikpower.com\/product\/as800-electric-ride-on-floor-scrubber-industrial-cleaning-factory-direct-orvik#breadcrumb","itemListElement":[{"@type":"ListItem","position":1,"name":"Home","item":"https:\/\/orvikpower.com\/"},{"@type":"ListItem","position":2,"name":"SHOP","item":"https:\/\/orvikpower.com\/shop"},{"@type":"ListItem","position":3,"name":"AS800 Electric Ride-on Floor Scrubber | Industrial Cleaning Factory Direct &#8211; ORVIK"}]},{"@type":"WebSite","@id":"https:\/\/orvikpower.com\/#website","url":"https:\/\/orvikpower.com\/","name":"ORVIK | V\u00e9hicules \u00e9lectriques utilitaires l\u00e9gers","description":"Premier fabricant de v\u00e9hicules utilitaires \u00e9lectriques tout-terrain, de camionnettes et de mini-camions. Conceptions r\u00e9sistantes aux temp\u00e9ratures \u00e9lev\u00e9es et adapt\u00e9es \u00e0 l'Arctique pour les fermes et les mines. R\u00e9duisez vos co\u00fbts gr\u00e2ce \u00e0 la livraison directe \u00e0 l'usine. Rendre le travail plus fluide. Obtenir un devis.","publisher":{"@id":"https:\/\/orvikpower.com\/#organization"},"potentialAction":[{"@type":"SearchAction","target":{"@type":"EntryPoint","urlTemplate":"https:\/\/orvikpower.com\/?s={search_term_string}"},"query-input":{"@type":"PropertyValueSpecification","valueRequired":true,"valueName":"search_term_string"}}],"inLanguage":"fr-FR"},{"@type":"Organization","@id":"https:\/\/orvikpower.com\/#organization","name":"ORVIK | V\u00e9hicules \u00e9lectriques utilitaires l\u00e9gers","url":"https:\/\/orvikpower.com\/","logo":{"@type":"ImageObject","inLanguage":"fr-FR","@id":"https:\/\/orvikpower.com\/#\/schema\/logo\/image\/","url":"https:\/\/orvikpower.com\/wp-content\/uploads\/2026\/01\/cropped-logo-h-main-small.png","contentUrl":"https:\/\/orvikpower.com\/wp-content\/uploads\/2026\/01\/cropped-logo-h-main-small.png","width":512,"height":512,"caption":"ORVIK | Light Commercial Electric Vehicles"},"image":{"@id":"https:\/\/orvikpower.com\/#\/schema\/logo\/image\/"},"sameAs":["https:\/\/www.youtube.com\/@ORVIKOrvikPower","https:\/\/www.pinterest.com\/OrvikPower\/"]}]}},"_links":{"self":[{"href":"https:\/\/orvikpower.com\/fr\/wp-json\/wp\/v2\/product\/19079","targetHints":{"allow":["GET"]}}],"collection":[{"href":"https:\/\/orvikpower.com\/fr\/wp-json\/wp\/v2\/product"}],"about":[{"href":"https:\/\/orvikpower.com\/fr\/wp-json\/wp\/v2\/types\/product"}],"replies":[{"embeddable":true,"href":"https:\/\/orvikpower.com\/fr\/wp-json\/wp\/v2\/comments?post=19079"}],"wp:featuredmedia":[{"embeddable":true,"href":"https:\/\/orvikpower.com\/fr\/wp-json\/wp\/v2\/media\/19080"}],"wp:attachment":[{"href":"https:\/\/orvikpower.com\/fr\/wp-json\/wp\/v2\/media?parent=19079"}],"wp:term":[{"taxonomy":"product_brand","embeddable":true,"href":"https:\/\/orvikpower.com\/fr\/wp-json\/wp\/v2\/product_brand?post=19079"},{"taxonomy":"product_cat","embeddable":true,"href":"https:\/\/orvikpower.com\/fr\/wp-json\/wp\/v2\/product_cat?post=19079"},{"taxonomy":"product_tag","embeddable":true,"href":"https:\/\/orvikpower.com\/fr\/wp-json\/wp\/v2\/product_tag?post=19079"}],"curies":[{"name":"wp","href":"https:\/\/api.w.org\/{rel}","templated":true}]}}