{"id":19081,"date":"2026-01-21T13:51:33","date_gmt":"2026-01-21T13:51:33","guid":{"rendered":"https:\/\/orvikpower.com\/?post_type=product&#038;p=19081"},"modified":"2026-01-21T13:51:34","modified_gmt":"2026-01-21T13:51:34","slug":"as900-ride-on-electric-floor-scrubber-5600m%c2%b2-h-factory-direct-wholesale-orvik","status":"publish","type":"product","link":"https:\/\/orvikpower.com\/fr\/product\/as900-ride-on-electric-floor-scrubber-5600m%c2%b2-h-factory-direct-wholesale-orvik","title":{"rendered":"AS900 Autolaveuse \u00e9lectrique autoport\u00e9e 5600m\u00b2\/h | Factory Direct Wholesale - ORVIK"},"content":{"rendered":"<p dir=\"auto\">Le <strong>ORVIK AS900 Autolaveuse autoport\u00e9e<\/strong> est une solution de nettoyage de qualit\u00e9 industrielle con\u00e7ue pour la gestion des installations \u00e0 grande \u00e9chelle. Dot\u00e9e d'un moteur d'entra\u00eenement de 800 W et de deux moteurs de brosses de 550 W, cette machine offre une largeur de lavage massive de 860 mm, capable de nettoyer 5 600 m\u00e8tres carr\u00e9s par heure (<strong>Fonctionnalit\u00e9<\/strong>).<\/p>\n<div class=\"my-2\"><\/div>\n<p dir=\"auto\">Construit sur un ch\u00e2ssis trait\u00e9 par \u00e9lectrophor\u00e8se de d\u00e9capage et rev\u00eatement par poudre \u00e0 haute temp\u00e9rature, l'AS900 r\u00e9siste \u00e0 la corrosion, m\u00eame dans des environnements chimiques ou humides difficiles. Son corps rotomoul\u00e9 offre une r\u00e9sistance aux chocs sup\u00e9rieure \u00e0 celle des coques en plastique standard (<strong>Avantage<\/strong>).<\/p>\n<div class=\"my-2\"><\/div>\n<p dir=\"auto\">Pour les gestionnaires d'installations, cela se traduit par une r\u00e9duction consid\u00e9rable des co\u00fbts de main-d'\u0153uvre manuelle. Un AS900 peut remplacer une \u00e9quipe de 10 nettoyeurs manuels, ce qui garantit un retour sur investissement rapide tout en maintenant des normes d'hygi\u00e8ne irr\u00e9prochables dans les entrep\u00f4ts, les h\u00f4pitaux et les usines (<strong>B\u00e9n\u00e9fice<\/strong>).<\/p>\n<div class=\"my-2\"><\/div>\n<ul dir=\"auto\">\n<li class=\"text-start\"><strong>Personnalisation de la puissance<\/strong>: La puissance et le couple du moteur peuvent \u00eatre adapt\u00e9s aux exigences sp\u00e9cifiques de la pente ou de la surface.<\/li>\n<li class=\"text-start\"><strong>Options de batterie<\/strong>: \u00c9quip\u00e9 de s\u00e9rie d'un accumulateur au plomb de 24 V ; possibilit\u00e9 de passer \u00e0 des accumulateurs au lithium LiFePO4 pour des cycles de vie plus longs et une charge rapide.<\/li>\n<\/ul>\n<div class=\"my-2\"><\/div>\n<p dir=\"auto\"><strong>Con\u00e7u pour faciliter votre travail.<\/strong><\/p>\n<table class=\"table table-striped-white table-bordered\" data-anchor-id=\"zgd0\">\n<thead>\n<tr>\n<th>Sp\u00e9cifications<\/th>\n<th>D\u00e9tails<\/th>\n<\/tr>\n<\/thead>\n<tbody>\n<tr>\n<td><strong>Mod\u00e8le<\/strong><\/td>\n<td>AS900 Brosse double<\/td>\n<\/tr>\n<tr>\n<td><strong>Dimensions (L*L*H)<\/strong><\/td>\n<td>1750mm * 1260mm * 1450mm<\/td>\n<\/tr>\n<tr>\n<td><strong>Poids du v\u00e9hicule<\/strong><\/td>\n<td>410 KG<\/td>\n<\/tr>\n<tr>\n<td><strong>Efficacit\u00e9 du nettoyage<\/strong><\/td>\n<td>5600 m\u00b2\/h<\/td>\n<\/tr>\n<tr>\n<td><strong>Largeur de lavage<\/strong><\/td>\n<td>860 mm (deux brosses de 17 pouces)<\/td>\n<\/tr>\n<tr>\n<td><strong>Largeur de la raclette<\/strong><\/td>\n<td>1200mm<\/td>\n<\/tr>\n<tr>\n<td><strong>Capacit\u00e9 du r\u00e9servoir<\/strong><\/td>\n<td>Eau propre : 165L \/ Eau sale : 170L<\/td>\n<\/tr>\n<tr>\n<td><strong>Dur\u00e9e de travail<\/strong><\/td>\n<td>4-5 heures<\/td>\n<\/tr>\n<tr>\n<td><strong>Syst\u00e8me d'alimentation<\/strong><\/td>\n<td>Entra\u00eenement : 800W \/ Brosse : 550W*2 \/ Aspiration : 600W<\/td>\n<\/tr>\n<tr>\n<td><strong>Type de batterie<\/strong><\/td>\n<td>24V 200Ah (plomb-acide standard \/ lithium en option)<\/td>\n<\/tr>\n<tr>\n<td><strong>Technologie du ch\u00e2ssis<\/strong><\/td>\n<td>D\u00e9capage Electrophor\u00e8se + Rev\u00eatement par poudre<\/td>\n<\/tr>\n<tr>\n<td><strong>Qt\u00e9 de chargement (40HQ)<\/strong><\/td>\n<td><em>A confirmer en fonction de l'emballage<\/em><\/td>\n<\/tr>\n<\/tbody>\n<\/table>","protected":false},"excerpt":{"rendered":"<p dir=\"auto\">L'autolaveuse \u00e9lectrique industrielle AS900 est dot\u00e9e de deux brosses et d'une efficacit\u00e9 de nettoyage de 5600m\u00b2\/h. Elle est \u00e9quip\u00e9e d'un corps rotomoul\u00e9 et d'un c\u00e2blage \u00e9tanche pour une maintenance r\u00e9duite. Demandez le prix FCL.<\/p>\n<div class=\"my-2\"><\/div>\n<p dir=\"auto\">","protected":false},"featured_media":19082,"comment_status":"open","ping_status":"closed","template":"","meta":{"_eb_attr":""},"product_brand":[],"product_cat":[75,74],"product_tag":[126,125,118,91,120,123],"class_list":{"0":"post-19081","1":"product","2":"type-product","3":"status-publish","4":"has-post-thumbnail","6":"product_cat-electric-street-sweepers","7":"product_cat-specialized-service-vehicles","8":"product_tag-airport","9":"product_tag-factory","10":"product_tag-hospital","11":"product_tag-industrial-park","12":"product_tag-shopping-mall","13":"product_tag-warehouse","15":"first","16":"instock","17":"shipping-taxable","18":"product-type-simple"},"yoast_head":"<!-- This site is optimized with the Yoast SEO plugin v26.9 - https:\/\/yoast.com\/product\/yoast-seo-wordpress\/ -->\n<title>AS900 Ride-on Electric Floor Scrubber 5600m\u00b2\/h | Factory Direct Wholesale - ORVIK | ORVIK|Light Commercial Electric Vehicles<\/title>\n<meta name=\"robots\" content=\"index, follow, max-snippet:-1, max-image-preview:large, max-video-preview:-1\" \/>\n<link rel=\"canonical\" href=\"https:\/\/orvikpower.com\/fr\/product\/as900-ride-on-electric-floor-scrubber-5600m\u00b2-h-factory-direct-wholesale-orvik\" \/>\n<meta property=\"og:locale\" content=\"fr_FR\" \/>\n<meta property=\"og:type\" content=\"article\" \/>\n<meta property=\"og:title\" content=\"AS900 Ride-on Electric Floor Scrubber 5600m\u00b2\/h | Factory Direct Wholesale - ORVIK | ORVIK|Light Commercial Electric Vehicles\" \/>\n<meta property=\"og:description\" content=\"Industrial AS900 electric floor scrubber features dual brushes and 5600m\u00b2\/h cleaning efficiency. Equipped with rotomolded body and waterproof wiring for low maintenance. Inquire for FCL Price.\" \/>\n<meta property=\"og:url\" content=\"https:\/\/orvikpower.com\/fr\/product\/as900-ride-on-electric-floor-scrubber-5600m\u00b2-h-factory-direct-wholesale-orvik\" \/>\n<meta property=\"og:site_name\" content=\"ORVIK|Light Commercial Electric Vehicles\" \/>\n<meta property=\"article:modified_time\" content=\"2026-01-21T13:51:34+00:00\" \/>\n<meta property=\"og:image\" content=\"https:\/\/orvikpower.com\/wp-content\/uploads\/2026\/01\/AS900-Ride-on-Electric-Floor-Scrubber-5600m\u00b2h-Factory-Direct-Wholesale-ORVIK.jpeg\" \/>\n\t<meta property=\"og:image:width\" content=\"1443\" \/>\n\t<meta property=\"og:image:height\" content=\"1279\" \/>\n\t<meta property=\"og:image:type\" content=\"image\/jpeg\" \/>\n<meta name=\"twitter:card\" content=\"summary_large_image\" \/>\n<meta name=\"twitter:label1\" content=\"Dur\u00e9e de lecture estim\u00e9e\" \/>\n\t<meta name=\"twitter:data1\" content=\"1 minute\" \/>\n<script type=\"application\/ld+json\" class=\"yoast-schema-graph\">{\"@context\":\"https:\/\/schema.org\",\"@graph\":[{\"@type\":\"WebPage\",\"@id\":\"https:\/\/orvikpower.com\/product\/as900-ride-on-electric-floor-scrubber-5600m%c2%b2-h-factory-direct-wholesale-orvik\",\"url\":\"https:\/\/orvikpower.com\/product\/as900-ride-on-electric-floor-scrubber-5600m%c2%b2-h-factory-direct-wholesale-orvik\",\"name\":\"AS900 Ride-on Electric Floor Scrubber 5600m\u00b2\/h | Factory Direct Wholesale - ORVIK | ORVIK|Light Commercial Electric Vehicles\",\"isPartOf\":{\"@id\":\"https:\/\/orvikpower.com\/#website\"},\"primaryImageOfPage\":{\"@id\":\"https:\/\/orvikpower.com\/product\/as900-ride-on-electric-floor-scrubber-5600m%c2%b2-h-factory-direct-wholesale-orvik#primaryimage\"},\"image\":{\"@id\":\"https:\/\/orvikpower.com\/product\/as900-ride-on-electric-floor-scrubber-5600m%c2%b2-h-factory-direct-wholesale-orvik#primaryimage\"},\"thumbnailUrl\":\"https:\/\/orvikpower.com\/wp-content\/uploads\/2026\/01\/AS900-Ride-on-Electric-Floor-Scrubber-5600m\u00b2h-Factory-Direct-Wholesale-ORVIK.jpeg\",\"datePublished\":\"2026-01-21T13:51:33+00:00\",\"dateModified\":\"2026-01-21T13:51:34+00:00\",\"breadcrumb\":{\"@id\":\"https:\/\/orvikpower.com\/product\/as900-ride-on-electric-floor-scrubber-5600m%c2%b2-h-factory-direct-wholesale-orvik#breadcrumb\"},\"inLanguage\":\"fr-FR\",\"potentialAction\":[{\"@type\":\"ReadAction\",\"target\":[\"https:\/\/orvikpower.com\/product\/as900-ride-on-electric-floor-scrubber-5600m%c2%b2-h-factory-direct-wholesale-orvik\"]}]},{\"@type\":\"ImageObject\",\"inLanguage\":\"fr-FR\",\"@id\":\"https:\/\/orvikpower.com\/product\/as900-ride-on-electric-floor-scrubber-5600m%c2%b2-h-factory-direct-wholesale-orvik#primaryimage\",\"url\":\"https:\/\/orvikpower.com\/wp-content\/uploads\/2026\/01\/AS900-Ride-on-Electric-Floor-Scrubber-5600m\u00b2h-Factory-Direct-Wholesale-ORVIK.jpeg\",\"contentUrl\":\"https:\/\/orvikpower.com\/wp-content\/uploads\/2026\/01\/AS900-Ride-on-Electric-Floor-Scrubber-5600m\u00b2h-Factory-Direct-Wholesale-ORVIK.jpeg\",\"width\":1443,\"height\":1279},{\"@type\":\"BreadcrumbList\",\"@id\":\"https:\/\/orvikpower.com\/product\/as900-ride-on-electric-floor-scrubber-5600m%c2%b2-h-factory-direct-wholesale-orvik#breadcrumb\",\"itemListElement\":[{\"@type\":\"ListItem\",\"position\":1,\"name\":\"Home\",\"item\":\"https:\/\/orvikpower.com\/\"},{\"@type\":\"ListItem\",\"position\":2,\"name\":\"SHOP\",\"item\":\"https:\/\/orvikpower.com\/shop\"},{\"@type\":\"ListItem\",\"position\":3,\"name\":\"AS900 Ride-on Electric Floor Scrubber 5600m\u00b2\/h | Factory Direct Wholesale &#8211; ORVIK\"}]},{\"@type\":\"WebSite\",\"@id\":\"https:\/\/orvikpower.com\/#website\",\"url\":\"https:\/\/orvikpower.com\/\",\"name\":\"ORVIK | Light Commercial Electric Vehicles\",\"description\":\"Premier Manufacturer of Off-road Electric Utility Vehicles, Pickups &amp; Mini Trucks. High-Temp &amp; Arctic Ready designs for farms &amp; mines. Save costs with Factory-Direct FCL. Make work flow. Get a Quote.\",\"publisher\":{\"@id\":\"https:\/\/orvikpower.com\/#organization\"},\"potentialAction\":[{\"@type\":\"SearchAction\",\"target\":{\"@type\":\"EntryPoint\",\"urlTemplate\":\"https:\/\/orvikpower.com\/?s={search_term_string}\"},\"query-input\":{\"@type\":\"PropertyValueSpecification\",\"valueRequired\":true,\"valueName\":\"search_term_string\"}}],\"inLanguage\":\"fr-FR\"},{\"@type\":\"Organization\",\"@id\":\"https:\/\/orvikpower.com\/#organization\",\"name\":\"ORVIK | Light Commercial Electric Vehicles\",\"url\":\"https:\/\/orvikpower.com\/\",\"logo\":{\"@type\":\"ImageObject\",\"inLanguage\":\"fr-FR\",\"@id\":\"https:\/\/orvikpower.com\/#\/schema\/logo\/image\/\",\"url\":\"https:\/\/orvikpower.com\/wp-content\/uploads\/2026\/01\/cropped-logo-h-main-small.png\",\"contentUrl\":\"https:\/\/orvikpower.com\/wp-content\/uploads\/2026\/01\/cropped-logo-h-main-small.png\",\"width\":512,\"height\":512,\"caption\":\"ORVIK | Light Commercial Electric Vehicles\"},\"image\":{\"@id\":\"https:\/\/orvikpower.com\/#\/schema\/logo\/image\/\"},\"sameAs\":[\"https:\/\/www.youtube.com\/@ORVIKOrvikPower\",\"https:\/\/www.pinterest.com\/OrvikPower\/\"]}]}<\/script>\n<!-- \/ Yoast SEO plugin. -->","yoast_head_json":{"title":"AS900 Autolaveuse \u00e9lectrique autoport\u00e9e 5600m\u00b2\/h | Factory Direct Wholesale - ORVIK | ORVIK|V\u00e9hicules \u00e9lectriques utilitaires l\u00e9gers","robots":{"index":"index","follow":"follow","max-snippet":"max-snippet:-1","max-image-preview":"max-image-preview:large","max-video-preview":"max-video-preview:-1"},"canonical":"https:\/\/orvikpower.com\/fr\/product\/as900-ride-on-electric-floor-scrubber-5600m\u00b2-h-factory-direct-wholesale-orvik","og_locale":"fr_FR","og_type":"article","og_title":"AS900 Ride-on Electric Floor Scrubber 5600m\u00b2\/h | Factory Direct Wholesale - ORVIK | ORVIK|Light Commercial Electric Vehicles","og_description":"Industrial AS900 electric floor scrubber features dual brushes and 5600m\u00b2\/h cleaning efficiency. Equipped with rotomolded body and waterproof wiring for low maintenance. Inquire for FCL Price.","og_url":"https:\/\/orvikpower.com\/fr\/product\/as900-ride-on-electric-floor-scrubber-5600m\u00b2-h-factory-direct-wholesale-orvik","og_site_name":"ORVIK|Light Commercial Electric Vehicles","article_modified_time":"2026-01-21T13:51:34+00:00","og_image":[{"width":1443,"height":1279,"url":"https:\/\/orvikpower.com\/wp-content\/uploads\/2026\/01\/AS900-Ride-on-Electric-Floor-Scrubber-5600m\u00b2h-Factory-Direct-Wholesale-ORVIK.jpeg","type":"image\/jpeg"}],"twitter_card":"summary_large_image","twitter_misc":{"Dur\u00e9e de lecture estim\u00e9e":"1 minute"},"schema":{"@context":"https:\/\/schema.org","@graph":[{"@type":"WebPage","@id":"https:\/\/orvikpower.com\/product\/as900-ride-on-electric-floor-scrubber-5600m%c2%b2-h-factory-direct-wholesale-orvik","url":"https:\/\/orvikpower.com\/product\/as900-ride-on-electric-floor-scrubber-5600m%c2%b2-h-factory-direct-wholesale-orvik","name":"AS900 Autolaveuse \u00e9lectrique autoport\u00e9e 5600m\u00b2\/h | Factory Direct Wholesale - ORVIK | ORVIK|V\u00e9hicules \u00e9lectriques utilitaires l\u00e9gers","isPartOf":{"@id":"https:\/\/orvikpower.com\/#website"},"primaryImageOfPage":{"@id":"https:\/\/orvikpower.com\/product\/as900-ride-on-electric-floor-scrubber-5600m%c2%b2-h-factory-direct-wholesale-orvik#primaryimage"},"image":{"@id":"https:\/\/orvikpower.com\/product\/as900-ride-on-electric-floor-scrubber-5600m%c2%b2-h-factory-direct-wholesale-orvik#primaryimage"},"thumbnailUrl":"https:\/\/orvikpower.com\/wp-content\/uploads\/2026\/01\/AS900-Ride-on-Electric-Floor-Scrubber-5600m\u00b2h-Factory-Direct-Wholesale-ORVIK.jpeg","datePublished":"2026-01-21T13:51:33+00:00","dateModified":"2026-01-21T13:51:34+00:00","breadcrumb":{"@id":"https:\/\/orvikpower.com\/product\/as900-ride-on-electric-floor-scrubber-5600m%c2%b2-h-factory-direct-wholesale-orvik#breadcrumb"},"inLanguage":"fr-FR","potentialAction":[{"@type":"ReadAction","target":["https:\/\/orvikpower.com\/product\/as900-ride-on-electric-floor-scrubber-5600m%c2%b2-h-factory-direct-wholesale-orvik"]}]},{"@type":"ImageObject","inLanguage":"fr-FR","@id":"https:\/\/orvikpower.com\/product\/as900-ride-on-electric-floor-scrubber-5600m%c2%b2-h-factory-direct-wholesale-orvik#primaryimage","url":"https:\/\/orvikpower.com\/wp-content\/uploads\/2026\/01\/AS900-Ride-on-Electric-Floor-Scrubber-5600m\u00b2h-Factory-Direct-Wholesale-ORVIK.jpeg","contentUrl":"https:\/\/orvikpower.com\/wp-content\/uploads\/2026\/01\/AS900-Ride-on-Electric-Floor-Scrubber-5600m\u00b2h-Factory-Direct-Wholesale-ORVIK.jpeg","width":1443,"height":1279},{"@type":"BreadcrumbList","@id":"https:\/\/orvikpower.com\/product\/as900-ride-on-electric-floor-scrubber-5600m%c2%b2-h-factory-direct-wholesale-orvik#breadcrumb","itemListElement":[{"@type":"ListItem","position":1,"name":"Home","item":"https:\/\/orvikpower.com\/"},{"@type":"ListItem","position":2,"name":"SHOP","item":"https:\/\/orvikpower.com\/shop"},{"@type":"ListItem","position":3,"name":"AS900 Ride-on Electric Floor Scrubber 5600m\u00b2\/h | Factory Direct Wholesale &#8211; ORVIK"}]},{"@type":"WebSite","@id":"https:\/\/orvikpower.com\/#website","url":"https:\/\/orvikpower.com\/","name":"ORVIK | V\u00e9hicules \u00e9lectriques utilitaires l\u00e9gers","description":"Premier fabricant de v\u00e9hicules utilitaires \u00e9lectriques tout-terrain, de camionnettes et de mini-camions. Conceptions r\u00e9sistantes aux temp\u00e9ratures \u00e9lev\u00e9es et adapt\u00e9es \u00e0 l'Arctique pour les fermes et les mines. R\u00e9duisez vos co\u00fbts gr\u00e2ce \u00e0 la livraison directe \u00e0 l'usine. Rendre le travail plus fluide. Obtenir un devis.","publisher":{"@id":"https:\/\/orvikpower.com\/#organization"},"potentialAction":[{"@type":"SearchAction","target":{"@type":"EntryPoint","urlTemplate":"https:\/\/orvikpower.com\/?s={search_term_string}"},"query-input":{"@type":"PropertyValueSpecification","valueRequired":true,"valueName":"search_term_string"}}],"inLanguage":"fr-FR"},{"@type":"Organization","@id":"https:\/\/orvikpower.com\/#organization","name":"ORVIK | V\u00e9hicules \u00e9lectriques utilitaires l\u00e9gers","url":"https:\/\/orvikpower.com\/","logo":{"@type":"ImageObject","inLanguage":"fr-FR","@id":"https:\/\/orvikpower.com\/#\/schema\/logo\/image\/","url":"https:\/\/orvikpower.com\/wp-content\/uploads\/2026\/01\/cropped-logo-h-main-small.png","contentUrl":"https:\/\/orvikpower.com\/wp-content\/uploads\/2026\/01\/cropped-logo-h-main-small.png","width":512,"height":512,"caption":"ORVIK | Light Commercial Electric Vehicles"},"image":{"@id":"https:\/\/orvikpower.com\/#\/schema\/logo\/image\/"},"sameAs":["https:\/\/www.youtube.com\/@ORVIKOrvikPower","https:\/\/www.pinterest.com\/OrvikPower\/"]}]}},"_links":{"self":[{"href":"https:\/\/orvikpower.com\/fr\/wp-json\/wp\/v2\/product\/19081","targetHints":{"allow":["GET"]}}],"collection":[{"href":"https:\/\/orvikpower.com\/fr\/wp-json\/wp\/v2\/product"}],"about":[{"href":"https:\/\/orvikpower.com\/fr\/wp-json\/wp\/v2\/types\/product"}],"replies":[{"embeddable":true,"href":"https:\/\/orvikpower.com\/fr\/wp-json\/wp\/v2\/comments?post=19081"}],"wp:featuredmedia":[{"embeddable":true,"href":"https:\/\/orvikpower.com\/fr\/wp-json\/wp\/v2\/media\/19082"}],"wp:attachment":[{"href":"https:\/\/orvikpower.com\/fr\/wp-json\/wp\/v2\/media?parent=19081"}],"wp:term":[{"taxonomy":"product_brand","embeddable":true,"href":"https:\/\/orvikpower.com\/fr\/wp-json\/wp\/v2\/product_brand?post=19081"},{"taxonomy":"product_cat","embeddable":true,"href":"https:\/\/orvikpower.com\/fr\/wp-json\/wp\/v2\/product_cat?post=19081"},{"taxonomy":"product_tag","embeddable":true,"href":"https:\/\/orvikpower.com\/fr\/wp-json\/wp\/v2\/product_tag?post=19081"}],"curies":[{"name":"wp","href":"https:\/\/api.w.org\/{rel}","templated":true}]}}