{"id":19093,"date":"2026-01-21T14:28:31","date_gmt":"2026-01-21T14:28:31","guid":{"rendered":"https:\/\/orvikpower.com\/?post_type=product&#038;p=19093"},"modified":"2026-01-21T14:29:30","modified_gmt":"2026-01-21T14:29:30","slug":"x2-electric-street-sweeper-for-industrial-parks-factory-direct-wholesale-orvik","status":"publish","type":"product","link":"https:\/\/orvikpower.com\/fr\/product\/x2-electric-street-sweeper-for-industrial-parks-factory-direct-wholesale-orvik","title":{"rendered":"Balayeuse \u00e9lectrique X2 pour parcs industriels | Vente en gros directe par l'usine - ORVIK"},"content":{"rendered":"<p dir=\"auto\">Le <strong>Balayeuse \u00e9lectrique ORVIK X2<\/strong> est con\u00e7u pour s'attaquer aux t\u00e2ches de nettoyage les plus exigeantes dans les environnements industriels et municipaux. Construit sur un ch\u00e2ssis trait\u00e9 par d\u00e9capage \u00e0 l'acide et \u00e9lectrophor\u00e8se (caract\u00e9ristique), ce v\u00e9hicule offre une r\u00e9sistance sup\u00e9rieure \u00e0 la rouille et \u00e0 la corrosion, m\u00eame dans des conditions humides ou difficiles (avantage), ce qui garantit une dur\u00e9e de vie plus longue et une valeur de revente plus \u00e9lev\u00e9e pour votre flotte (avantage).<\/p>\n<div class=\"my-2\"><\/div>\n<p dir=\"auto\">\u00c9quip\u00e9 d'une largeur de balayage de 1900 mm et d'un canon \u00e0 brouillard haute pression, le X2 ne se contente pas de nettoyer les d\u00e9bris, il supprime efficacement la poussi\u00e8re, cr\u00e9ant ainsi un environnement de travail plus s\u00fbr. Le faisceau \u00e9lectrique \u00e9tanche et le plafond en plastique dur de qualit\u00e9 technique renforcent encore sa durabilit\u00e9 face aux \u00e9l\u00e9ments.<\/p>\n<ul dir=\"auto\">\n<li class=\"text-start\"><strong>Personnalisation de la puissance<\/strong>: La puissance du moteur peut \u00eatre personnalis\u00e9e pour r\u00e9pondre aux exigences sp\u00e9cifiques de l'escalade ou de la charge.<\/li>\n<li class=\"text-start\"><strong>Options de batterie<\/strong>: Standard avec des batteries plomb-acide ; possibilit\u00e9 de passer \u00e0 des batteries lithium LiFePO4 pour une dur\u00e9e de vie plus longue et une charge rapide.<\/li>\n<\/ul>\n<div class=\"my-2\"><\/div>\n<p dir=\"auto\"><strong>Con\u00e7u pour faciliter votre travail.<\/strong><\/p>\n<table class=\"table table-striped-white table-bordered\" data-anchor-id=\"yp8i\">\n<thead>\n<tr>\n<th>\u00c9l\u00e9ment de sp\u00e9cification<\/th>\n<th>D\u00e9tails<\/th>\n<\/tr>\n<\/thead>\n<tbody>\n<tr>\n<td><strong>Mod\u00e8le<\/strong><\/td>\n<td>X2<\/td>\n<\/tr>\n<tr>\n<td><strong>Dimensions (L*L*H)<\/strong><\/td>\n<td>2210 * 1900 * 1980 mm<\/td>\n<\/tr>\n<tr>\n<td><strong>Largeur de balayage<\/strong><\/td>\n<td>1900 mm<\/td>\n<\/tr>\n<tr>\n<td><strong>Sp\u00e9cifications de la batterie<\/strong><\/td>\n<td>48V 100Ah (plomb-acide Std \/ lithium Opt)<\/td>\n<\/tr>\n<tr>\n<td><strong>Puissance du moteur d'entra\u00eenement<\/strong><\/td>\n<td>1200 W<\/td>\n<\/tr>\n<tr>\n<td><strong>Heures de travail<\/strong><\/td>\n<td>3 - 4 heures<\/td>\n<\/tr>\n<tr>\n<td><strong>Poids du v\u00e9hicule<\/strong><\/td>\n<td>780 kg<\/td>\n<\/tr>\n<tr>\n<td><strong>Syst\u00e8me de nettoyage<\/strong><\/td>\n<td>Moteur des brosses lat\u00e9rales : 1000W (Total) Moteur de la brosse principale : 150W Moteur du ventilateur : 200W Moteur de d\u00e9poussi\u00e9rage : 500W<\/td>\n<\/tr>\n<tr>\n<td><strong>Capacit\u00e9 du r\u00e9servoir<\/strong><\/td>\n<td>Eau : 200 L \/ Ordures : 200 L<\/td>\n<\/tr>\n<tr>\n<td><strong>Syst\u00e8me de freinage<\/strong><\/td>\n<td>Freins hydrauliques \u00e0 double disque<\/td>\n<\/tr>\n<tr>\n<td><strong>Capacit\u00e9 d'escalade<\/strong><\/td>\n<td>25%<\/td>\n<\/tr>\n<tr>\n<td><strong>D\u00e9poussi\u00e9rage<\/strong><\/td>\n<td>Pistolet \u00e0 eau haute pression + Canon \u00e0 brouillard<\/td>\n<\/tr>\n<tr>\n<td><strong>Traitement du ch\u00e2ssis<\/strong><\/td>\n<td>Electrophor\u00e8se + rev\u00eatement par poudre (anticorrosion)<\/td>\n<\/tr>\n<tr>\n<td><strong>Qt\u00e9 de chargement (40HQ)<\/strong><\/td>\n<td><em>Veuillez nous contacter pour le calcul<\/em><\/td>\n<\/tr>\n<\/tbody>\n<\/table>","protected":false},"excerpt":{"rendered":"<p dir=\"auto\">Maximisez l'efficacit\u00e9 du nettoyage avec la balayeuse \u00e9lectrique X2. Elle pr\u00e9sente une largeur de 1900 mm, un ch\u00e2ssis anticorrosion et un syst\u00e8me de suppression des poussi\u00e8res. Demandez le prix FCL.<\/p>\n<div class=\"my-2\"><\/div>\n<p dir=\"auto\">","protected":false},"featured_media":19094,"comment_status":"open","ping_status":"closed","template":"","meta":{"_eb_attr":""},"product_brand":[],"product_cat":[75,74],"product_tag":[109,125,91,87,88],"class_list":{"0":"post-19093","1":"product","2":"type-product","3":"status-publish","4":"has-post-thumbnail","6":"product_cat-electric-street-sweepers","7":"product_cat-specialized-service-vehicles","8":"product_tag-dust-control","9":"product_tag-factory","10":"product_tag-industrial-park","11":"product_tag-municipal","12":"product_tag-resort","14":"first","15":"instock","16":"shipping-taxable","17":"product-type-simple"},"yoast_head":"<!-- This site is optimized with the Yoast SEO plugin v26.9 - https:\/\/yoast.com\/product\/yoast-seo-wordpress\/ -->\n<title>X2 Electric Street Sweeper for Industrial Parks | Factory Direct Wholesale - ORVIK | ORVIK|Light Commercial Electric Vehicles<\/title>\n<meta name=\"robots\" content=\"index, follow, max-snippet:-1, max-image-preview:large, max-video-preview:-1\" \/>\n<link rel=\"canonical\" href=\"https:\/\/orvikpower.com\/fr\/product\/x2-electric-street-sweeper-for-industrial-parks-factory-direct-wholesale-orvik\" \/>\n<meta property=\"og:locale\" content=\"fr_FR\" \/>\n<meta property=\"og:type\" content=\"article\" \/>\n<meta property=\"og:title\" content=\"X2 Electric Street Sweeper for Industrial Parks | Factory Direct Wholesale - ORVIK | ORVIK|Light Commercial Electric Vehicles\" \/>\n<meta property=\"og:description\" content=\"Maximize cleaning efficiency with the X2 Electric Street Sweeper. Features 1900mm width, anti-corrosion chassis, and dust suppression system. Inquire for FCL Price.\" \/>\n<meta property=\"og:url\" content=\"https:\/\/orvikpower.com\/fr\/product\/x2-electric-street-sweeper-for-industrial-parks-factory-direct-wholesale-orvik\" \/>\n<meta property=\"og:site_name\" content=\"ORVIK|Light Commercial Electric Vehicles\" \/>\n<meta property=\"article:modified_time\" content=\"2026-01-21T14:29:30+00:00\" \/>\n<meta property=\"og:image\" content=\"https:\/\/orvikpower.com\/wp-content\/uploads\/2026\/01\/X2-Electric-Street-Sweeper-for-Industrial-Parks-Factory-Direct-Wholesale-ORVIK.jpg\" \/>\n\t<meta property=\"og:image:width\" content=\"1650\" \/>\n\t<meta property=\"og:image:height\" content=\"1431\" \/>\n\t<meta property=\"og:image:type\" content=\"image\/jpeg\" \/>\n<meta name=\"twitter:card\" content=\"summary_large_image\" \/>\n<meta name=\"twitter:label1\" content=\"Dur\u00e9e de lecture estim\u00e9e\" \/>\n\t<meta name=\"twitter:data1\" content=\"1 minute\" \/>\n<script type=\"application\/ld+json\" class=\"yoast-schema-graph\">{\"@context\":\"https:\/\/schema.org\",\"@graph\":[{\"@type\":\"WebPage\",\"@id\":\"https:\/\/orvikpower.com\/product\/x2-electric-street-sweeper-for-industrial-parks-factory-direct-wholesale-orvik\",\"url\":\"https:\/\/orvikpower.com\/product\/x2-electric-street-sweeper-for-industrial-parks-factory-direct-wholesale-orvik\",\"name\":\"X2 Electric Street Sweeper for Industrial Parks | Factory Direct Wholesale - ORVIK | ORVIK|Light Commercial Electric Vehicles\",\"isPartOf\":{\"@id\":\"https:\/\/orvikpower.com\/#website\"},\"primaryImageOfPage\":{\"@id\":\"https:\/\/orvikpower.com\/product\/x2-electric-street-sweeper-for-industrial-parks-factory-direct-wholesale-orvik#primaryimage\"},\"image\":{\"@id\":\"https:\/\/orvikpower.com\/product\/x2-electric-street-sweeper-for-industrial-parks-factory-direct-wholesale-orvik#primaryimage\"},\"thumbnailUrl\":\"https:\/\/orvikpower.com\/wp-content\/uploads\/2026\/01\/X2-Electric-Street-Sweeper-for-Industrial-Parks-Factory-Direct-Wholesale-ORVIK.jpg\",\"datePublished\":\"2026-01-21T14:28:31+00:00\",\"dateModified\":\"2026-01-21T14:29:30+00:00\",\"breadcrumb\":{\"@id\":\"https:\/\/orvikpower.com\/product\/x2-electric-street-sweeper-for-industrial-parks-factory-direct-wholesale-orvik#breadcrumb\"},\"inLanguage\":\"fr-FR\",\"potentialAction\":[{\"@type\":\"ReadAction\",\"target\":[\"https:\/\/orvikpower.com\/product\/x2-electric-street-sweeper-for-industrial-parks-factory-direct-wholesale-orvik\"]}]},{\"@type\":\"ImageObject\",\"inLanguage\":\"fr-FR\",\"@id\":\"https:\/\/orvikpower.com\/product\/x2-electric-street-sweeper-for-industrial-parks-factory-direct-wholesale-orvik#primaryimage\",\"url\":\"https:\/\/orvikpower.com\/wp-content\/uploads\/2026\/01\/X2-Electric-Street-Sweeper-for-Industrial-Parks-Factory-Direct-Wholesale-ORVIK.jpg\",\"contentUrl\":\"https:\/\/orvikpower.com\/wp-content\/uploads\/2026\/01\/X2-Electric-Street-Sweeper-for-Industrial-Parks-Factory-Direct-Wholesale-ORVIK.jpg\",\"width\":1650,\"height\":1431,\"caption\":\"Maximize cleaning efficiency with the X2 Electric Street Sweeper. Features 1900mm width, anti-corrosion chassis, and dust suppression system. Inquire for FCL Price.\"},{\"@type\":\"BreadcrumbList\",\"@id\":\"https:\/\/orvikpower.com\/product\/x2-electric-street-sweeper-for-industrial-parks-factory-direct-wholesale-orvik#breadcrumb\",\"itemListElement\":[{\"@type\":\"ListItem\",\"position\":1,\"name\":\"Home\",\"item\":\"https:\/\/orvikpower.com\/\"},{\"@type\":\"ListItem\",\"position\":2,\"name\":\"SHOP\",\"item\":\"https:\/\/orvikpower.com\/shop\"},{\"@type\":\"ListItem\",\"position\":3,\"name\":\"X2 Electric Street Sweeper for Industrial Parks | Factory Direct Wholesale &#8211; ORVIK\"}]},{\"@type\":\"WebSite\",\"@id\":\"https:\/\/orvikpower.com\/#website\",\"url\":\"https:\/\/orvikpower.com\/\",\"name\":\"ORVIK | Light Commercial Electric Vehicles\",\"description\":\"Premier Manufacturer of Off-road Electric Utility Vehicles, Pickups &amp; Mini Trucks. High-Temp &amp; Arctic Ready designs for farms &amp; mines. Save costs with Factory-Direct FCL. Make work flow. Get a Quote.\",\"publisher\":{\"@id\":\"https:\/\/orvikpower.com\/#organization\"},\"potentialAction\":[{\"@type\":\"SearchAction\",\"target\":{\"@type\":\"EntryPoint\",\"urlTemplate\":\"https:\/\/orvikpower.com\/?s={search_term_string}\"},\"query-input\":{\"@type\":\"PropertyValueSpecification\",\"valueRequired\":true,\"valueName\":\"search_term_string\"}}],\"inLanguage\":\"fr-FR\"},{\"@type\":\"Organization\",\"@id\":\"https:\/\/orvikpower.com\/#organization\",\"name\":\"ORVIK | Light Commercial Electric Vehicles\",\"url\":\"https:\/\/orvikpower.com\/\",\"logo\":{\"@type\":\"ImageObject\",\"inLanguage\":\"fr-FR\",\"@id\":\"https:\/\/orvikpower.com\/#\/schema\/logo\/image\/\",\"url\":\"https:\/\/orvikpower.com\/wp-content\/uploads\/2026\/01\/cropped-logo-h-main-small.png\",\"contentUrl\":\"https:\/\/orvikpower.com\/wp-content\/uploads\/2026\/01\/cropped-logo-h-main-small.png\",\"width\":512,\"height\":512,\"caption\":\"ORVIK | Light Commercial Electric Vehicles\"},\"image\":{\"@id\":\"https:\/\/orvikpower.com\/#\/schema\/logo\/image\/\"},\"sameAs\":[\"https:\/\/www.youtube.com\/@ORVIKOrvikPower\",\"https:\/\/www.pinterest.com\/OrvikPower\/\"]}]}<\/script>\n<!-- \/ Yoast SEO plugin. -->","yoast_head_json":{"title":"X2 Balayeuse \u00e9lectrique pour parcs industriels | Factory Direct Wholesale - ORVIK | ORVIK|V\u00e9hicules \u00e9lectriques utilitaires l\u00e9gers","robots":{"index":"index","follow":"follow","max-snippet":"max-snippet:-1","max-image-preview":"max-image-preview:large","max-video-preview":"max-video-preview:-1"},"canonical":"https:\/\/orvikpower.com\/fr\/product\/x2-electric-street-sweeper-for-industrial-parks-factory-direct-wholesale-orvik","og_locale":"fr_FR","og_type":"article","og_title":"X2 Electric Street Sweeper for Industrial Parks | Factory Direct Wholesale - ORVIK | ORVIK|Light Commercial Electric Vehicles","og_description":"Maximize cleaning efficiency with the X2 Electric Street Sweeper. Features 1900mm width, anti-corrosion chassis, and dust suppression system. Inquire for FCL Price.","og_url":"https:\/\/orvikpower.com\/fr\/product\/x2-electric-street-sweeper-for-industrial-parks-factory-direct-wholesale-orvik","og_site_name":"ORVIK|Light Commercial Electric Vehicles","article_modified_time":"2026-01-21T14:29:30+00:00","og_image":[{"width":1650,"height":1431,"url":"https:\/\/orvikpower.com\/wp-content\/uploads\/2026\/01\/X2-Electric-Street-Sweeper-for-Industrial-Parks-Factory-Direct-Wholesale-ORVIK.jpg","type":"image\/jpeg"}],"twitter_card":"summary_large_image","twitter_misc":{"Dur\u00e9e de lecture estim\u00e9e":"1 minute"},"schema":{"@context":"https:\/\/schema.org","@graph":[{"@type":"WebPage","@id":"https:\/\/orvikpower.com\/product\/x2-electric-street-sweeper-for-industrial-parks-factory-direct-wholesale-orvik","url":"https:\/\/orvikpower.com\/product\/x2-electric-street-sweeper-for-industrial-parks-factory-direct-wholesale-orvik","name":"X2 Balayeuse \u00e9lectrique pour parcs industriels | Factory Direct Wholesale - ORVIK | ORVIK|V\u00e9hicules \u00e9lectriques utilitaires l\u00e9gers","isPartOf":{"@id":"https:\/\/orvikpower.com\/#website"},"primaryImageOfPage":{"@id":"https:\/\/orvikpower.com\/product\/x2-electric-street-sweeper-for-industrial-parks-factory-direct-wholesale-orvik#primaryimage"},"image":{"@id":"https:\/\/orvikpower.com\/product\/x2-electric-street-sweeper-for-industrial-parks-factory-direct-wholesale-orvik#primaryimage"},"thumbnailUrl":"https:\/\/orvikpower.com\/wp-content\/uploads\/2026\/01\/X2-Electric-Street-Sweeper-for-Industrial-Parks-Factory-Direct-Wholesale-ORVIK.jpg","datePublished":"2026-01-21T14:28:31+00:00","dateModified":"2026-01-21T14:29:30+00:00","breadcrumb":{"@id":"https:\/\/orvikpower.com\/product\/x2-electric-street-sweeper-for-industrial-parks-factory-direct-wholesale-orvik#breadcrumb"},"inLanguage":"fr-FR","potentialAction":[{"@type":"ReadAction","target":["https:\/\/orvikpower.com\/product\/x2-electric-street-sweeper-for-industrial-parks-factory-direct-wholesale-orvik"]}]},{"@type":"ImageObject","inLanguage":"fr-FR","@id":"https:\/\/orvikpower.com\/product\/x2-electric-street-sweeper-for-industrial-parks-factory-direct-wholesale-orvik#primaryimage","url":"https:\/\/orvikpower.com\/wp-content\/uploads\/2026\/01\/X2-Electric-Street-Sweeper-for-Industrial-Parks-Factory-Direct-Wholesale-ORVIK.jpg","contentUrl":"https:\/\/orvikpower.com\/wp-content\/uploads\/2026\/01\/X2-Electric-Street-Sweeper-for-Industrial-Parks-Factory-Direct-Wholesale-ORVIK.jpg","width":1650,"height":1431,"caption":"Maximize cleaning efficiency with the X2 Electric Street Sweeper. Features 1900mm width, anti-corrosion chassis, and dust suppression system. Inquire for FCL Price."},{"@type":"BreadcrumbList","@id":"https:\/\/orvikpower.com\/product\/x2-electric-street-sweeper-for-industrial-parks-factory-direct-wholesale-orvik#breadcrumb","itemListElement":[{"@type":"ListItem","position":1,"name":"Home","item":"https:\/\/orvikpower.com\/"},{"@type":"ListItem","position":2,"name":"SHOP","item":"https:\/\/orvikpower.com\/shop"},{"@type":"ListItem","position":3,"name":"X2 Electric Street Sweeper for Industrial Parks | Factory Direct Wholesale &#8211; ORVIK"}]},{"@type":"WebSite","@id":"https:\/\/orvikpower.com\/#website","url":"https:\/\/orvikpower.com\/","name":"ORVIK | V\u00e9hicules \u00e9lectriques utilitaires l\u00e9gers","description":"Premier fabricant de v\u00e9hicules utilitaires \u00e9lectriques tout-terrain, de camionnettes et de mini-camions. Conceptions r\u00e9sistantes aux temp\u00e9ratures \u00e9lev\u00e9es et adapt\u00e9es \u00e0 l'Arctique pour les fermes et les mines. R\u00e9duisez vos co\u00fbts gr\u00e2ce \u00e0 la livraison directe \u00e0 l'usine. Rendre le travail plus fluide. Obtenir un devis.","publisher":{"@id":"https:\/\/orvikpower.com\/#organization"},"potentialAction":[{"@type":"SearchAction","target":{"@type":"EntryPoint","urlTemplate":"https:\/\/orvikpower.com\/?s={search_term_string}"},"query-input":{"@type":"PropertyValueSpecification","valueRequired":true,"valueName":"search_term_string"}}],"inLanguage":"fr-FR"},{"@type":"Organization","@id":"https:\/\/orvikpower.com\/#organization","name":"ORVIK | V\u00e9hicules \u00e9lectriques utilitaires l\u00e9gers","url":"https:\/\/orvikpower.com\/","logo":{"@type":"ImageObject","inLanguage":"fr-FR","@id":"https:\/\/orvikpower.com\/#\/schema\/logo\/image\/","url":"https:\/\/orvikpower.com\/wp-content\/uploads\/2026\/01\/cropped-logo-h-main-small.png","contentUrl":"https:\/\/orvikpower.com\/wp-content\/uploads\/2026\/01\/cropped-logo-h-main-small.png","width":512,"height":512,"caption":"ORVIK | Light Commercial Electric Vehicles"},"image":{"@id":"https:\/\/orvikpower.com\/#\/schema\/logo\/image\/"},"sameAs":["https:\/\/www.youtube.com\/@ORVIKOrvikPower","https:\/\/www.pinterest.com\/OrvikPower\/"]}]}},"_links":{"self":[{"href":"https:\/\/orvikpower.com\/fr\/wp-json\/wp\/v2\/product\/19093","targetHints":{"allow":["GET"]}}],"collection":[{"href":"https:\/\/orvikpower.com\/fr\/wp-json\/wp\/v2\/product"}],"about":[{"href":"https:\/\/orvikpower.com\/fr\/wp-json\/wp\/v2\/types\/product"}],"replies":[{"embeddable":true,"href":"https:\/\/orvikpower.com\/fr\/wp-json\/wp\/v2\/comments?post=19093"}],"wp:featuredmedia":[{"embeddable":true,"href":"https:\/\/orvikpower.com\/fr\/wp-json\/wp\/v2\/media\/19094"}],"wp:attachment":[{"href":"https:\/\/orvikpower.com\/fr\/wp-json\/wp\/v2\/media?parent=19093"}],"wp:term":[{"taxonomy":"product_brand","embeddable":true,"href":"https:\/\/orvikpower.com\/fr\/wp-json\/wp\/v2\/product_brand?post=19093"},{"taxonomy":"product_cat","embeddable":true,"href":"https:\/\/orvikpower.com\/fr\/wp-json\/wp\/v2\/product_cat?post=19093"},{"taxonomy":"product_tag","embeddable":true,"href":"https:\/\/orvikpower.com\/fr\/wp-json\/wp\/v2\/product_tag?post=19093"}],"curies":[{"name":"wp","href":"https:\/\/api.w.org\/{rel}","templated":true}]}}