{"id":19122,"date":"2026-01-21T15:55:00","date_gmt":"2026-01-21T15:55:00","guid":{"rendered":"https:\/\/orvikpower.com\/?post_type=product&#038;p=19122"},"modified":"2026-01-21T15:55:00","modified_gmt":"2026-01-21T15:55:00","slug":"orvik-22-seater-electric-golf-cart-resort-villa-factory-direct-fcl","status":"publish","type":"product","link":"https:\/\/orvikpower.com\/fr\/product\/orvik-22-seater-electric-golf-cart-resort-villa-factory-direct-fcl","title":{"rendered":"ORVIK 2+2 Seater Electric Golf Cart | Resort &amp; Villa | Factory Direct FCL"},"content":{"rendered":"<p dir=\"auto\"><strong>Mod\u00e8le : ORVIK Type-A (2+2 places)<\/strong><br \/>\n<strong>Con\u00e7u pour la durabilit\u00e9, construit pour le confort.<\/strong><\/p>\n<div class=\"my-2\"><\/div>\n<p dir=\"auto\">L'ORVIK Type-A n'est pas un simple chariot de golf ; c'est une solution robuste de transport de personnel con\u00e7ue pour les propri\u00e9t\u00e9s priv\u00e9es, les centres de vill\u00e9giature de luxe et les communaut\u00e9s ferm\u00e9es.<\/p>\n<ul dir=\"auto\">\n<li class=\"text-start\"><strong>Fonctionnalit\u00e9<\/strong>: Le v\u00e9hicule est construit sur un <strong>Ch\u00e2ssis en acier galvanis\u00e9 de 3 mm d'\u00e9paisseur<\/strong> combin\u00e9e \u00e0 un corps en plastique dur PP de qualit\u00e9 technique.<\/li>\n<li class=\"text-start\"><strong>Avantage<\/strong>: Cette architecture \u201cantirouille\u201d garantit une r\u00e9sistance sup\u00e9rieure \u00e0 l'humidit\u00e9 et \u00e0 la corrosion, en particulier dans les stations baln\u00e9aires, contrairement aux chariots standard \u00e0 armature en fer.<\/li>\n<li class=\"text-start\"><strong>B\u00e9n\u00e9fice<\/strong>: Vous b\u00e9n\u00e9ficiez d'une dur\u00e9e de vie nettement plus longue et d'une r\u00e9duction des co\u00fbts de maintenance structurelle, ce qui prot\u00e8ge l'investissement de votre flotte au fil du temps.<\/li>\n<\/ul>\n<div class=\"my-2\"><\/div>\n<p dir=\"auto\"><strong>Options de personnalisation :<\/strong><\/p>\n<ul dir=\"auto\">\n<li class=\"text-start\"><strong>Syst\u00e8me d'alimentation<\/strong>: Moteur CA standard de 3,5 kW. Des configurations de puissance personnalis\u00e9es sont disponibles pour r\u00e9pondre \u00e0 des pentes de terrain sp\u00e9cifiques.<\/li>\n<li class=\"text-start\"><strong>Syst\u00e8me de batterie<\/strong>: Livr\u00e9 avec une batterie au plomb de 60V. <strong>Mise \u00e0 niveau optionnelle vers la batterie au lithium LiFePO4<\/strong> est disponible pour une charge rapide et des cycles de vie plus longs.<\/li>\n<\/ul>\n<div class=\"my-2\"><\/div>\n<p dir=\"auto\"><strong>Con\u00e7u pour faciliter votre travail.<\/strong><\/p>","protected":false},"excerpt":{"rendered":"<p>Construit sur un ch\u00e2ssis en acier galvanis\u00e9 de 3 mm pour une durabilit\u00e9 \u00e0 l'\u00e9preuve de la rouille. Ce chariot \u00e9lectrique 2+2 places est dot\u00e9 d'un moteur de 3,5 kW et d'une autonomie de plus de 80 km. Id\u00e9al pour les centres de vill\u00e9giature et la gestion immobili\u00e8re. Des options de pr\u00e9paration \u00e0 la haute temp\u00e9rature sont disponibles. <strong>Demander le prix d'usine FCL.<\/strong><\/p>","protected":false},"featured_media":19134,"comment_status":"open","ping_status":"closed","template":"","meta":{"_eb_attr":""},"product_brand":[],"product_cat":[71,70],"product_tag":[141,142,140,88,138],"class_list":{"0":"post-19122","1":"product","2":"type-product","3":"status-publish","4":"has-post-thumbnail","6":"product_cat-electric-golf-carts","7":"product_cat-lsev-passenger-mobility","8":"product_tag-golf-course","9":"product_tag-hotel-reception","10":"product_tag-real-estate","11":"product_tag-resort","12":"product_tag-villa","14":"first","15":"instock","16":"shipping-taxable","17":"product-type-simple"},"yoast_head":"<!-- This site is optimized with the Yoast SEO plugin v26.9 - https:\/\/yoast.com\/product\/yoast-seo-wordpress\/ -->\n<title>ORVIK 2+2 Seater Electric Golf Cart | Resort &amp; Villa | Factory Direct FCL | ORVIK|Light Commercial Electric Vehicles<\/title>\n<meta name=\"robots\" content=\"index, follow, max-snippet:-1, max-image-preview:large, max-video-preview:-1\" \/>\n<link rel=\"canonical\" href=\"https:\/\/orvikpower.com\/fr\/product\/orvik-22-seater-electric-golf-cart-resort-villa-factory-direct-fcl\" \/>\n<meta property=\"og:locale\" content=\"fr_FR\" \/>\n<meta property=\"og:type\" content=\"article\" \/>\n<meta property=\"og:title\" content=\"ORVIK 2+2 Seater Electric Golf Cart | Resort &amp; Villa | Factory Direct FCL | ORVIK|Light Commercial Electric Vehicles\" \/>\n<meta property=\"og:description\" content=\"Built on a 3mm galvanized steel chassis for rust-proof durability. This 2+2 seater electric cart features a 3.5KW motor and &gt;80km range. Ideal for resorts and property management. High-temp ready options available. Inquire for FCL Factory Price.\" \/>\n<meta property=\"og:url\" content=\"https:\/\/orvikpower.com\/fr\/product\/orvik-22-seater-electric-golf-cart-resort-villa-factory-direct-fcl\" \/>\n<meta property=\"og:site_name\" content=\"ORVIK|Light Commercial Electric Vehicles\" \/>\n<meta property=\"og:image\" content=\"https:\/\/orvikpower.com\/wp-content\/uploads\/2026\/01\/ORVIK-22-Seater-Electric-Golf-Cart-Resort-Villa-Factory-Direct-FCL.jpeg\" \/>\n\t<meta property=\"og:image:width\" content=\"1200\" \/>\n\t<meta property=\"og:image:height\" content=\"1200\" \/>\n\t<meta property=\"og:image:type\" content=\"image\/jpeg\" \/>\n<meta name=\"twitter:card\" content=\"summary_large_image\" \/>\n<meta name=\"twitter:label1\" content=\"Dur\u00e9e de lecture estim\u00e9e\" \/>\n\t<meta name=\"twitter:data1\" content=\"1 minute\" \/>\n<script type=\"application\/ld+json\" class=\"yoast-schema-graph\">{\"@context\":\"https:\/\/schema.org\",\"@graph\":[{\"@type\":\"WebPage\",\"@id\":\"https:\/\/orvikpower.com\/product\/orvik-22-seater-electric-golf-cart-resort-villa-factory-direct-fcl\",\"url\":\"https:\/\/orvikpower.com\/product\/orvik-22-seater-electric-golf-cart-resort-villa-factory-direct-fcl\",\"name\":\"ORVIK 2+2 Seater Electric Golf Cart | Resort & Villa | Factory Direct FCL | ORVIK|Light Commercial Electric Vehicles\",\"isPartOf\":{\"@id\":\"https:\/\/orvikpower.com\/#website\"},\"primaryImageOfPage\":{\"@id\":\"https:\/\/orvikpower.com\/product\/orvik-22-seater-electric-golf-cart-resort-villa-factory-direct-fcl#primaryimage\"},\"image\":{\"@id\":\"https:\/\/orvikpower.com\/product\/orvik-22-seater-electric-golf-cart-resort-villa-factory-direct-fcl#primaryimage\"},\"thumbnailUrl\":\"https:\/\/orvikpower.com\/wp-content\/uploads\/2026\/01\/ORVIK-22-Seater-Electric-Golf-Cart-Resort-Villa-Factory-Direct-FCL.jpeg\",\"datePublished\":\"2026-01-21T15:55:00+00:00\",\"breadcrumb\":{\"@id\":\"https:\/\/orvikpower.com\/product\/orvik-22-seater-electric-golf-cart-resort-villa-factory-direct-fcl#breadcrumb\"},\"inLanguage\":\"fr-FR\",\"potentialAction\":[{\"@type\":\"ReadAction\",\"target\":[\"https:\/\/orvikpower.com\/product\/orvik-22-seater-electric-golf-cart-resort-villa-factory-direct-fcl\"]}]},{\"@type\":\"ImageObject\",\"inLanguage\":\"fr-FR\",\"@id\":\"https:\/\/orvikpower.com\/product\/orvik-22-seater-electric-golf-cart-resort-villa-factory-direct-fcl#primaryimage\",\"url\":\"https:\/\/orvikpower.com\/wp-content\/uploads\/2026\/01\/ORVIK-22-Seater-Electric-Golf-Cart-Resort-Villa-Factory-Direct-FCL.jpeg\",\"contentUrl\":\"https:\/\/orvikpower.com\/wp-content\/uploads\/2026\/01\/ORVIK-22-Seater-Electric-Golf-Cart-Resort-Villa-Factory-Direct-FCL.jpeg\",\"width\":1200,\"height\":1200},{\"@type\":\"BreadcrumbList\",\"@id\":\"https:\/\/orvikpower.com\/product\/orvik-22-seater-electric-golf-cart-resort-villa-factory-direct-fcl#breadcrumb\",\"itemListElement\":[{\"@type\":\"ListItem\",\"position\":1,\"name\":\"Home\",\"item\":\"https:\/\/orvikpower.com\/\"},{\"@type\":\"ListItem\",\"position\":2,\"name\":\"SHOP\",\"item\":\"https:\/\/orvikpower.com\/shop\"},{\"@type\":\"ListItem\",\"position\":3,\"name\":\"ORVIK 2+2 Seater Electric Golf Cart | Resort &#038; Villa | Factory Direct FCL\"}]},{\"@type\":\"WebSite\",\"@id\":\"https:\/\/orvikpower.com\/#website\",\"url\":\"https:\/\/orvikpower.com\/\",\"name\":\"ORVIK | Light Commercial Electric Vehicles\",\"description\":\"Premier Manufacturer of Off-road Electric Utility Vehicles, Pickups &amp; Mini Trucks. High-Temp &amp; Arctic Ready designs for farms &amp; mines. Save costs with Factory-Direct FCL. Make work flow. Get a Quote.\",\"publisher\":{\"@id\":\"https:\/\/orvikpower.com\/#organization\"},\"potentialAction\":[{\"@type\":\"SearchAction\",\"target\":{\"@type\":\"EntryPoint\",\"urlTemplate\":\"https:\/\/orvikpower.com\/?s={search_term_string}\"},\"query-input\":{\"@type\":\"PropertyValueSpecification\",\"valueRequired\":true,\"valueName\":\"search_term_string\"}}],\"inLanguage\":\"fr-FR\"},{\"@type\":\"Organization\",\"@id\":\"https:\/\/orvikpower.com\/#organization\",\"name\":\"ORVIK | Light Commercial Electric Vehicles\",\"url\":\"https:\/\/orvikpower.com\/\",\"logo\":{\"@type\":\"ImageObject\",\"inLanguage\":\"fr-FR\",\"@id\":\"https:\/\/orvikpower.com\/#\/schema\/logo\/image\/\",\"url\":\"https:\/\/orvikpower.com\/wp-content\/uploads\/2026\/01\/cropped-logo-h-main-small.png\",\"contentUrl\":\"https:\/\/orvikpower.com\/wp-content\/uploads\/2026\/01\/cropped-logo-h-main-small.png\",\"width\":512,\"height\":512,\"caption\":\"ORVIK | Light Commercial Electric Vehicles\"},\"image\":{\"@id\":\"https:\/\/orvikpower.com\/#\/schema\/logo\/image\/\"},\"sameAs\":[\"https:\/\/www.youtube.com\/@ORVIKOrvikPower\",\"https:\/\/www.pinterest.com\/OrvikPower\/\"]}]}<\/script>\n<!-- \/ Yoast SEO plugin. -->","yoast_head_json":{"title":"ORVIK 2+2 Seater Electric Golf Cart | Resort &amp; Villa | Factory Direct FCL | ORVIK|Light Commercial Electric Vehicles","robots":{"index":"index","follow":"follow","max-snippet":"max-snippet:-1","max-image-preview":"max-image-preview:large","max-video-preview":"max-video-preview:-1"},"canonical":"https:\/\/orvikpower.com\/fr\/product\/orvik-22-seater-electric-golf-cart-resort-villa-factory-direct-fcl","og_locale":"fr_FR","og_type":"article","og_title":"ORVIK 2+2 Seater Electric Golf Cart | Resort & Villa | Factory Direct FCL | ORVIK|Light Commercial Electric Vehicles","og_description":"Built on a 3mm galvanized steel chassis for rust-proof durability. This 2+2 seater electric cart features a 3.5KW motor and &gt;80km range. Ideal for resorts and property management. High-temp ready options available. Inquire for FCL Factory Price.","og_url":"https:\/\/orvikpower.com\/fr\/product\/orvik-22-seater-electric-golf-cart-resort-villa-factory-direct-fcl","og_site_name":"ORVIK|Light Commercial Electric Vehicles","og_image":[{"width":1200,"height":1200,"url":"https:\/\/orvikpower.com\/wp-content\/uploads\/2026\/01\/ORVIK-22-Seater-Electric-Golf-Cart-Resort-Villa-Factory-Direct-FCL.jpeg","type":"image\/jpeg"}],"twitter_card":"summary_large_image","twitter_misc":{"Dur\u00e9e de lecture estim\u00e9e":"1 minute"},"schema":{"@context":"https:\/\/schema.org","@graph":[{"@type":"WebPage","@id":"https:\/\/orvikpower.com\/product\/orvik-22-seater-electric-golf-cart-resort-villa-factory-direct-fcl","url":"https:\/\/orvikpower.com\/product\/orvik-22-seater-electric-golf-cart-resort-villa-factory-direct-fcl","name":"ORVIK 2+2 Seater Electric Golf Cart | Resort &amp; Villa | Factory Direct FCL | ORVIK|Light Commercial Electric Vehicles","isPartOf":{"@id":"https:\/\/orvikpower.com\/#website"},"primaryImageOfPage":{"@id":"https:\/\/orvikpower.com\/product\/orvik-22-seater-electric-golf-cart-resort-villa-factory-direct-fcl#primaryimage"},"image":{"@id":"https:\/\/orvikpower.com\/product\/orvik-22-seater-electric-golf-cart-resort-villa-factory-direct-fcl#primaryimage"},"thumbnailUrl":"https:\/\/orvikpower.com\/wp-content\/uploads\/2026\/01\/ORVIK-22-Seater-Electric-Golf-Cart-Resort-Villa-Factory-Direct-FCL.jpeg","datePublished":"2026-01-21T15:55:00+00:00","breadcrumb":{"@id":"https:\/\/orvikpower.com\/product\/orvik-22-seater-electric-golf-cart-resort-villa-factory-direct-fcl#breadcrumb"},"inLanguage":"fr-FR","potentialAction":[{"@type":"ReadAction","target":["https:\/\/orvikpower.com\/product\/orvik-22-seater-electric-golf-cart-resort-villa-factory-direct-fcl"]}]},{"@type":"ImageObject","inLanguage":"fr-FR","@id":"https:\/\/orvikpower.com\/product\/orvik-22-seater-electric-golf-cart-resort-villa-factory-direct-fcl#primaryimage","url":"https:\/\/orvikpower.com\/wp-content\/uploads\/2026\/01\/ORVIK-22-Seater-Electric-Golf-Cart-Resort-Villa-Factory-Direct-FCL.jpeg","contentUrl":"https:\/\/orvikpower.com\/wp-content\/uploads\/2026\/01\/ORVIK-22-Seater-Electric-Golf-Cart-Resort-Villa-Factory-Direct-FCL.jpeg","width":1200,"height":1200},{"@type":"BreadcrumbList","@id":"https:\/\/orvikpower.com\/product\/orvik-22-seater-electric-golf-cart-resort-villa-factory-direct-fcl#breadcrumb","itemListElement":[{"@type":"ListItem","position":1,"name":"Home","item":"https:\/\/orvikpower.com\/"},{"@type":"ListItem","position":2,"name":"SHOP","item":"https:\/\/orvikpower.com\/shop"},{"@type":"ListItem","position":3,"name":"ORVIK 2+2 Seater Electric Golf Cart | Resort &#038; Villa | Factory Direct FCL"}]},{"@type":"WebSite","@id":"https:\/\/orvikpower.com\/#website","url":"https:\/\/orvikpower.com\/","name":"ORVIK | V\u00e9hicules \u00e9lectriques utilitaires l\u00e9gers","description":"Premier fabricant de v\u00e9hicules utilitaires \u00e9lectriques tout-terrain, de camionnettes et de mini-camions. Conceptions r\u00e9sistantes aux temp\u00e9ratures \u00e9lev\u00e9es et adapt\u00e9es \u00e0 l'Arctique pour les fermes et les mines. R\u00e9duisez vos co\u00fbts gr\u00e2ce \u00e0 la livraison directe \u00e0 l'usine. Rendre le travail plus fluide. Obtenir un devis.","publisher":{"@id":"https:\/\/orvikpower.com\/#organization"},"potentialAction":[{"@type":"SearchAction","target":{"@type":"EntryPoint","urlTemplate":"https:\/\/orvikpower.com\/?s={search_term_string}"},"query-input":{"@type":"PropertyValueSpecification","valueRequired":true,"valueName":"search_term_string"}}],"inLanguage":"fr-FR"},{"@type":"Organization","@id":"https:\/\/orvikpower.com\/#organization","name":"ORVIK | V\u00e9hicules \u00e9lectriques utilitaires l\u00e9gers","url":"https:\/\/orvikpower.com\/","logo":{"@type":"ImageObject","inLanguage":"fr-FR","@id":"https:\/\/orvikpower.com\/#\/schema\/logo\/image\/","url":"https:\/\/orvikpower.com\/wp-content\/uploads\/2026\/01\/cropped-logo-h-main-small.png","contentUrl":"https:\/\/orvikpower.com\/wp-content\/uploads\/2026\/01\/cropped-logo-h-main-small.png","width":512,"height":512,"caption":"ORVIK | Light Commercial Electric Vehicles"},"image":{"@id":"https:\/\/orvikpower.com\/#\/schema\/logo\/image\/"},"sameAs":["https:\/\/www.youtube.com\/@ORVIKOrvikPower","https:\/\/www.pinterest.com\/OrvikPower\/"]}]}},"_links":{"self":[{"href":"https:\/\/orvikpower.com\/fr\/wp-json\/wp\/v2\/product\/19122","targetHints":{"allow":["GET"]}}],"collection":[{"href":"https:\/\/orvikpower.com\/fr\/wp-json\/wp\/v2\/product"}],"about":[{"href":"https:\/\/orvikpower.com\/fr\/wp-json\/wp\/v2\/types\/product"}],"replies":[{"embeddable":true,"href":"https:\/\/orvikpower.com\/fr\/wp-json\/wp\/v2\/comments?post=19122"}],"wp:featuredmedia":[{"embeddable":true,"href":"https:\/\/orvikpower.com\/fr\/wp-json\/wp\/v2\/media\/19134"}],"wp:attachment":[{"href":"https:\/\/orvikpower.com\/fr\/wp-json\/wp\/v2\/media?parent=19122"}],"wp:term":[{"taxonomy":"product_brand","embeddable":true,"href":"https:\/\/orvikpower.com\/fr\/wp-json\/wp\/v2\/product_brand?post=19122"},{"taxonomy":"product_cat","embeddable":true,"href":"https:\/\/orvikpower.com\/fr\/wp-json\/wp\/v2\/product_cat?post=19122"},{"taxonomy":"product_tag","embeddable":true,"href":"https:\/\/orvikpower.com\/fr\/wp-json\/wp\/v2\/product_tag?post=19122"}],"curies":[{"name":"wp","href":"https:\/\/api.w.org\/{rel}","templated":true}]}}