{"id":19162,"date":"2026-01-22T07:31:24","date_gmt":"2026-01-22T07:31:24","guid":{"rendered":"https:\/\/orvikpower.com\/?post_type=product&#038;p=19162"},"modified":"2026-01-22T07:38:53","modified_gmt":"2026-01-22T07:38:53","slug":"ga6-6-seater-electric-golf-cart-42-factory-direct-fcl-orvik","status":"publish","type":"product","link":"https:\/\/orvikpower.com\/fr\/product\/ga6-6-seater-electric-golf-cart-42-factory-direct-fcl-orvik","title":{"rendered":"GA6 6-Seater Electric Golf Cart (4+2) | Factory Direct FCL - ORVIK"},"content":{"rendered":"<p dir=\"auto\"><strong>Mobilit\u00e9 rationalis\u00e9e des passagers dans les centres de vill\u00e9giature et les campus<\/strong><br \/>\nLe GA6 d'ORVIK est un robuste chariot de golf \u00e9lectrique \u00e0 6 places (4+2) con\u00e7u pour le transport de personnel \u00e0 haute fr\u00e9quence dans les stations baln\u00e9aires, les h\u00f4tels et les propri\u00e9t\u00e9s priv\u00e9es. Construit sur un <strong>Ch\u00e2ssis en acier galvanis\u00e9 de 3 mm (caract\u00e9ristique)<\/strong>, Ce v\u00e9hicule offre une r\u00e9sistance sup\u00e9rieure \u00e0 la corrosion contre l'humidit\u00e9 c\u00f4ti\u00e8re et l'usure. <strong>(Avantage)<\/strong>, la dur\u00e9e de vie du v\u00e9hicule est consid\u00e9rablement prolong\u00e9e et les co\u00fbts de remplacement du parc automobile sont r\u00e9duits <strong>(B\u00e9n\u00e9fice)<\/strong>.<\/p>\n<div class=\"my-2\"><\/div>\n<p dir=\"auto\">Aliment\u00e9 par un moteur CA standard de 3,5 kW et un contr\u00f4leur Hercules intelligent, le GA6 traite les grades 20% avec facilit\u00e9. Pour les clients ayant des besoins op\u00e9rationnels sp\u00e9cifiques, nous proposons <strong>configurations d'alimentation personnalisables<\/strong> et le choix entre des accumulateurs au plomb \u00e9conomiques ou des accumulateurs \u00e0 longue dur\u00e9e de vie. <strong>Syst\u00e8mes de batteries LiFePO4 (lithium)<\/strong>. Qu'il s'agisse de transporter des invit\u00e9s de marque ou d'inspecter les limites d'une propri\u00e9t\u00e9, le GA6 est un outil de travail efficace. <strong>con\u00e7u pour faciliter votre travail<\/strong><\/p>\n<div class=\"my-2\"><\/div>\n<p dir=\"auto\"><em>Remarque : ce v\u00e9hicule est r\u00e9serv\u00e9 \u00e0 un usage hors route ou sur une propri\u00e9t\u00e9 priv\u00e9e.<\/em><\/p>\n<p dir=\"auto\">\n<table class=\"table table-striped-white table-bordered\" data-anchor-id=\"t66c\">\n<thead>\n<tr>\n<th>Sp\u00e9cifications<\/th>\n<th>D\u00e9tails<\/th>\n<\/tr>\n<\/thead>\n<tbody>\n<tr>\n<td><strong>Code du mod\u00e8le<\/strong><\/td>\n<td>ORVIK GA6 (4+2 places)<\/td>\n<\/tr>\n<tr>\n<td><strong>Dimensions (L*L*H)<\/strong><\/td>\n<td>3550 \u00d7 1200 \u00d7 1950 mm<\/td>\n<\/tr>\n<tr>\n<td><strong>Puissance du moteur<\/strong><\/td>\n<td>Moteur CA 3,5kW (<strong>Personnalisable<\/strong>) [3]<\/td>\n<\/tr>\n<tr>\n<td><strong>Contr\u00f4leur<\/strong><\/td>\n<td>HERCULES Contr\u00f4leur intelligent<\/td>\n<\/tr>\n<tr>\n<td><strong>Syst\u00e8me de batterie<\/strong><\/td>\n<td>60V 100Ah Plomb-Acide (Standard)<br \/>\n<strong>Mise \u00e0 niveau :<\/strong>\u00a0LiFePO4 Lithium Disponible [3]<\/td>\n<\/tr>\n<tr>\n<td><strong>Port\u00e9e maximale<\/strong><\/td>\n<td>\n<blockquote class=\"white-blockquote\"><p>70 km (en charge)<\/p><\/blockquote>\n<\/td>\n<\/tr>\n<tr>\n<td><strong>Vitesse maximale<\/strong><\/td>\n<td>30 km\/h (r\u00e9glable pour la s\u00e9curit\u00e9)<\/td>\n<\/tr>\n<tr>\n<td><strong>Capacit\u00e9 d'escalade<\/strong><\/td>\n<td>20% Grade<\/td>\n<\/tr>\n<tr>\n<td><strong>Mat\u00e9riau du ch\u00e2ssis<\/strong><\/td>\n<td>Acier galvanis\u00e9 (\u00e9paisseur de 3 mm) - Antirouille<\/td>\n<\/tr>\n<tr>\n<td><strong>Syst\u00e8me de freinage<\/strong><\/td>\n<td>Freins \u00e0 tambour hydrauliques aux 4 roues + stationnement m\u00e9canique<\/td>\n<\/tr>\n<tr>\n<td><strong>Suspension<\/strong><\/td>\n<td>Avant : Semi-flottant \/ Arri\u00e8re : Ressort \u00e0 lames + amortisseur<\/td>\n<\/tr>\n<tr>\n<td><strong>Pneus<\/strong><\/td>\n<td>22 \u00d7 10 - 12 pouces Pneus tout-terrain\/turf<\/td>\n<\/tr>\n<tr>\n<td><strong>Capacit\u00e9 en passagers<\/strong><\/td>\n<td>6 personnes (4 \u00e0 l'avant + 2 \u00e0 l'arri\u00e8re)<\/td>\n<\/tr>\n<tr>\n<td><strong>Qt\u00e9 de chargement (40HQ)<\/strong><\/td>\n<td><strong>Contact pour un plan de chargement optimis\u00e9 SKD\/CBU<\/strong>\u00a0[1]<\/td>\n<\/tr>\n<\/tbody>\n<\/table>","protected":false},"excerpt":{"rendered":"<p dir=\"auto\">Mod\u00e8le GA6, chariot de golf \u00e9lectrique 4+2 places pour les centres de vill\u00e9giature et les villas. Ch\u00e2ssis galvanis\u00e9 antirouille et syst\u00e8me 60V. LiFePO4 sur mesure disponible. <strong>Demander le prix FCL.<\/strong><\/p>\n<div class=\"my-2\"><\/div>\n<p dir=\"auto\">","protected":false},"featured_media":19174,"comment_status":"open","ping_status":"closed","template":"","meta":{"_eb_attr":""},"product_brand":[],"product_cat":[71,70],"product_tag":[89,141,142,140,88,138],"class_list":{"0":"post-19162","1":"product","2":"type-product","3":"status-publish","4":"has-post-thumbnail","6":"product_cat-electric-golf-carts","7":"product_cat-lsev-passenger-mobility","8":"product_tag-campus","9":"product_tag-golf-course","10":"product_tag-hotel-reception","11":"product_tag-real-estate","12":"product_tag-resort","13":"product_tag-villa","15":"first","16":"instock","17":"shipping-taxable","18":"product-type-simple"},"yoast_head":"<!-- This site is optimized with the Yoast SEO plugin v26.9 - https:\/\/yoast.com\/product\/yoast-seo-wordpress\/ -->\n<title>GA6 6-Seater Electric Golf Cart (4+2) | Factory Direct FCL - ORVIK | ORVIK|Light Commercial Electric Vehicles<\/title>\n<meta name=\"robots\" content=\"index, follow, max-snippet:-1, max-image-preview:large, max-video-preview:-1\" \/>\n<link rel=\"canonical\" href=\"https:\/\/orvikpower.com\/fr\/product\/ga6-6-seater-electric-golf-cart-42-factory-direct-fcl-orvik\" \/>\n<meta property=\"og:locale\" content=\"fr_FR\" \/>\n<meta property=\"og:type\" content=\"article\" \/>\n<meta property=\"og:title\" content=\"GA6 6-Seater Electric Golf Cart (4+2) | Factory Direct FCL - ORVIK | ORVIK|Light Commercial Electric Vehicles\" \/>\n<meta property=\"og:description\" content=\"Model GA6 4+2 seater electric golf cart for resorts and villas. Features rust-proof galvanized chassis and 60V system. Custom LiFePO4 available. Inquire for FCL Price.\" \/>\n<meta property=\"og:url\" content=\"https:\/\/orvikpower.com\/fr\/product\/ga6-6-seater-electric-golf-cart-42-factory-direct-fcl-orvik\" \/>\n<meta property=\"og:site_name\" content=\"ORVIK|Light Commercial Electric Vehicles\" \/>\n<meta property=\"article:modified_time\" content=\"2026-01-22T07:38:53+00:00\" \/>\n<meta property=\"og:image\" content=\"https:\/\/orvikpower.com\/wp-content\/uploads\/2026\/01\/GA6-6-Seater-Electric-Golf-Cart-42-Factory-Direct-FCL-ORVIK.jpeg\" \/>\n\t<meta property=\"og:image:width\" content=\"800\" \/>\n\t<meta property=\"og:image:height\" content=\"800\" \/>\n\t<meta property=\"og:image:type\" content=\"image\/jpeg\" \/>\n<meta name=\"twitter:card\" content=\"summary_large_image\" \/>\n<meta name=\"twitter:label1\" content=\"Dur\u00e9e de lecture estim\u00e9e\" \/>\n\t<meta name=\"twitter:data1\" content=\"1 minute\" \/>\n<script type=\"application\/ld+json\" class=\"yoast-schema-graph\">{\"@context\":\"https:\/\/schema.org\",\"@graph\":[{\"@type\":\"WebPage\",\"@id\":\"https:\/\/orvikpower.com\/product\/ga6-6-seater-electric-golf-cart-42-factory-direct-fcl-orvik\",\"url\":\"https:\/\/orvikpower.com\/product\/ga6-6-seater-electric-golf-cart-42-factory-direct-fcl-orvik\",\"name\":\"GA6 6-Seater Electric Golf Cart (4+2) | Factory Direct FCL - ORVIK | ORVIK|Light Commercial Electric Vehicles\",\"isPartOf\":{\"@id\":\"https:\/\/orvikpower.com\/#website\"},\"primaryImageOfPage\":{\"@id\":\"https:\/\/orvikpower.com\/product\/ga6-6-seater-electric-golf-cart-42-factory-direct-fcl-orvik#primaryimage\"},\"image\":{\"@id\":\"https:\/\/orvikpower.com\/product\/ga6-6-seater-electric-golf-cart-42-factory-direct-fcl-orvik#primaryimage\"},\"thumbnailUrl\":\"https:\/\/orvikpower.com\/wp-content\/uploads\/2026\/01\/GA6-6-Seater-Electric-Golf-Cart-42-Factory-Direct-FCL-ORVIK.jpeg\",\"datePublished\":\"2026-01-22T07:31:24+00:00\",\"dateModified\":\"2026-01-22T07:38:53+00:00\",\"breadcrumb\":{\"@id\":\"https:\/\/orvikpower.com\/product\/ga6-6-seater-electric-golf-cart-42-factory-direct-fcl-orvik#breadcrumb\"},\"inLanguage\":\"fr-FR\",\"potentialAction\":[{\"@type\":\"ReadAction\",\"target\":[\"https:\/\/orvikpower.com\/product\/ga6-6-seater-electric-golf-cart-42-factory-direct-fcl-orvik\"]}]},{\"@type\":\"ImageObject\",\"inLanguage\":\"fr-FR\",\"@id\":\"https:\/\/orvikpower.com\/product\/ga6-6-seater-electric-golf-cart-42-factory-direct-fcl-orvik#primaryimage\",\"url\":\"https:\/\/orvikpower.com\/wp-content\/uploads\/2026\/01\/GA6-6-Seater-Electric-Golf-Cart-42-Factory-Direct-FCL-ORVIK.jpeg\",\"contentUrl\":\"https:\/\/orvikpower.com\/wp-content\/uploads\/2026\/01\/GA6-6-Seater-Electric-Golf-Cart-42-Factory-Direct-FCL-ORVIK.jpeg\",\"width\":800,\"height\":800,\"caption\":\"Model GA6 4+2 seater electric golf cart for resorts and villas. Features rust-proof galvanized chassis and 60V system. Custom LiFePO4 available. Inquire for FCL Price.\"},{\"@type\":\"BreadcrumbList\",\"@id\":\"https:\/\/orvikpower.com\/product\/ga6-6-seater-electric-golf-cart-42-factory-direct-fcl-orvik#breadcrumb\",\"itemListElement\":[{\"@type\":\"ListItem\",\"position\":1,\"name\":\"Home\",\"item\":\"https:\/\/orvikpower.com\/\"},{\"@type\":\"ListItem\",\"position\":2,\"name\":\"SHOP\",\"item\":\"https:\/\/orvikpower.com\/shop\"},{\"@type\":\"ListItem\",\"position\":3,\"name\":\"GA6 6-Seater Electric Golf Cart (4+2) | Factory Direct FCL &#8211; ORVIK\"}]},{\"@type\":\"WebSite\",\"@id\":\"https:\/\/orvikpower.com\/#website\",\"url\":\"https:\/\/orvikpower.com\/\",\"name\":\"ORVIK | Light Commercial Electric Vehicles\",\"description\":\"Premier Manufacturer of Off-road Electric Utility Vehicles, Pickups &amp; Mini Trucks. High-Temp &amp; Arctic Ready designs for farms &amp; mines. Save costs with Factory-Direct FCL. Make work flow. Get a Quote.\",\"publisher\":{\"@id\":\"https:\/\/orvikpower.com\/#organization\"},\"potentialAction\":[{\"@type\":\"SearchAction\",\"target\":{\"@type\":\"EntryPoint\",\"urlTemplate\":\"https:\/\/orvikpower.com\/?s={search_term_string}\"},\"query-input\":{\"@type\":\"PropertyValueSpecification\",\"valueRequired\":true,\"valueName\":\"search_term_string\"}}],\"inLanguage\":\"fr-FR\"},{\"@type\":\"Organization\",\"@id\":\"https:\/\/orvikpower.com\/#organization\",\"name\":\"ORVIK | Light Commercial Electric Vehicles\",\"url\":\"https:\/\/orvikpower.com\/\",\"logo\":{\"@type\":\"ImageObject\",\"inLanguage\":\"fr-FR\",\"@id\":\"https:\/\/orvikpower.com\/#\/schema\/logo\/image\/\",\"url\":\"https:\/\/orvikpower.com\/wp-content\/uploads\/2026\/01\/cropped-logo-h-main-small.png\",\"contentUrl\":\"https:\/\/orvikpower.com\/wp-content\/uploads\/2026\/01\/cropped-logo-h-main-small.png\",\"width\":512,\"height\":512,\"caption\":\"ORVIK | Light Commercial Electric Vehicles\"},\"image\":{\"@id\":\"https:\/\/orvikpower.com\/#\/schema\/logo\/image\/\"},\"sameAs\":[\"https:\/\/www.youtube.com\/@ORVIKOrvikPower\",\"https:\/\/www.pinterest.com\/OrvikPower\/\"]}]}<\/script>\n<!-- \/ Yoast SEO plugin. -->","yoast_head_json":{"title":"GA6 6-Seater Electric Golf Cart (4+2) | Factory Direct FCL - ORVIK | ORVIK|Light Commercial Electric Vehicles","robots":{"index":"index","follow":"follow","max-snippet":"max-snippet:-1","max-image-preview":"max-image-preview:large","max-video-preview":"max-video-preview:-1"},"canonical":"https:\/\/orvikpower.com\/fr\/product\/ga6-6-seater-electric-golf-cart-42-factory-direct-fcl-orvik","og_locale":"fr_FR","og_type":"article","og_title":"GA6 6-Seater Electric Golf Cart (4+2) | Factory Direct FCL - ORVIK | ORVIK|Light Commercial Electric Vehicles","og_description":"Model GA6 4+2 seater electric golf cart for resorts and villas. Features rust-proof galvanized chassis and 60V system. Custom LiFePO4 available. Inquire for FCL Price.","og_url":"https:\/\/orvikpower.com\/fr\/product\/ga6-6-seater-electric-golf-cart-42-factory-direct-fcl-orvik","og_site_name":"ORVIK|Light Commercial Electric Vehicles","article_modified_time":"2026-01-22T07:38:53+00:00","og_image":[{"width":800,"height":800,"url":"https:\/\/orvikpower.com\/wp-content\/uploads\/2026\/01\/GA6-6-Seater-Electric-Golf-Cart-42-Factory-Direct-FCL-ORVIK.jpeg","type":"image\/jpeg"}],"twitter_card":"summary_large_image","twitter_misc":{"Dur\u00e9e de lecture estim\u00e9e":"1 minute"},"schema":{"@context":"https:\/\/schema.org","@graph":[{"@type":"WebPage","@id":"https:\/\/orvikpower.com\/product\/ga6-6-seater-electric-golf-cart-42-factory-direct-fcl-orvik","url":"https:\/\/orvikpower.com\/product\/ga6-6-seater-electric-golf-cart-42-factory-direct-fcl-orvik","name":"GA6 6-Seater Electric Golf Cart (4+2) | Factory Direct FCL - ORVIK | ORVIK|Light Commercial Electric Vehicles","isPartOf":{"@id":"https:\/\/orvikpower.com\/#website"},"primaryImageOfPage":{"@id":"https:\/\/orvikpower.com\/product\/ga6-6-seater-electric-golf-cart-42-factory-direct-fcl-orvik#primaryimage"},"image":{"@id":"https:\/\/orvikpower.com\/product\/ga6-6-seater-electric-golf-cart-42-factory-direct-fcl-orvik#primaryimage"},"thumbnailUrl":"https:\/\/orvikpower.com\/wp-content\/uploads\/2026\/01\/GA6-6-Seater-Electric-Golf-Cart-42-Factory-Direct-FCL-ORVIK.jpeg","datePublished":"2026-01-22T07:31:24+00:00","dateModified":"2026-01-22T07:38:53+00:00","breadcrumb":{"@id":"https:\/\/orvikpower.com\/product\/ga6-6-seater-electric-golf-cart-42-factory-direct-fcl-orvik#breadcrumb"},"inLanguage":"fr-FR","potentialAction":[{"@type":"ReadAction","target":["https:\/\/orvikpower.com\/product\/ga6-6-seater-electric-golf-cart-42-factory-direct-fcl-orvik"]}]},{"@type":"ImageObject","inLanguage":"fr-FR","@id":"https:\/\/orvikpower.com\/product\/ga6-6-seater-electric-golf-cart-42-factory-direct-fcl-orvik#primaryimage","url":"https:\/\/orvikpower.com\/wp-content\/uploads\/2026\/01\/GA6-6-Seater-Electric-Golf-Cart-42-Factory-Direct-FCL-ORVIK.jpeg","contentUrl":"https:\/\/orvikpower.com\/wp-content\/uploads\/2026\/01\/GA6-6-Seater-Electric-Golf-Cart-42-Factory-Direct-FCL-ORVIK.jpeg","width":800,"height":800,"caption":"Model GA6 4+2 seater electric golf cart for resorts and villas. Features rust-proof galvanized chassis and 60V system. Custom LiFePO4 available. Inquire for FCL Price."},{"@type":"BreadcrumbList","@id":"https:\/\/orvikpower.com\/product\/ga6-6-seater-electric-golf-cart-42-factory-direct-fcl-orvik#breadcrumb","itemListElement":[{"@type":"ListItem","position":1,"name":"Home","item":"https:\/\/orvikpower.com\/"},{"@type":"ListItem","position":2,"name":"SHOP","item":"https:\/\/orvikpower.com\/shop"},{"@type":"ListItem","position":3,"name":"GA6 6-Seater Electric Golf Cart (4+2) | Factory Direct FCL &#8211; ORVIK"}]},{"@type":"WebSite","@id":"https:\/\/orvikpower.com\/#website","url":"https:\/\/orvikpower.com\/","name":"ORVIK | V\u00e9hicules \u00e9lectriques utilitaires l\u00e9gers","description":"Premier fabricant de v\u00e9hicules utilitaires \u00e9lectriques tout-terrain, de camionnettes et de mini-camions. Conceptions r\u00e9sistantes aux temp\u00e9ratures \u00e9lev\u00e9es et adapt\u00e9es \u00e0 l'Arctique pour les fermes et les mines. R\u00e9duisez vos co\u00fbts gr\u00e2ce \u00e0 la livraison directe \u00e0 l'usine. Rendre le travail plus fluide. Obtenir un devis.","publisher":{"@id":"https:\/\/orvikpower.com\/#organization"},"potentialAction":[{"@type":"SearchAction","target":{"@type":"EntryPoint","urlTemplate":"https:\/\/orvikpower.com\/?s={search_term_string}"},"query-input":{"@type":"PropertyValueSpecification","valueRequired":true,"valueName":"search_term_string"}}],"inLanguage":"fr-FR"},{"@type":"Organization","@id":"https:\/\/orvikpower.com\/#organization","name":"ORVIK | V\u00e9hicules \u00e9lectriques utilitaires l\u00e9gers","url":"https:\/\/orvikpower.com\/","logo":{"@type":"ImageObject","inLanguage":"fr-FR","@id":"https:\/\/orvikpower.com\/#\/schema\/logo\/image\/","url":"https:\/\/orvikpower.com\/wp-content\/uploads\/2026\/01\/cropped-logo-h-main-small.png","contentUrl":"https:\/\/orvikpower.com\/wp-content\/uploads\/2026\/01\/cropped-logo-h-main-small.png","width":512,"height":512,"caption":"ORVIK | Light Commercial Electric Vehicles"},"image":{"@id":"https:\/\/orvikpower.com\/#\/schema\/logo\/image\/"},"sameAs":["https:\/\/www.youtube.com\/@ORVIKOrvikPower","https:\/\/www.pinterest.com\/OrvikPower\/"]}]}},"_links":{"self":[{"href":"https:\/\/orvikpower.com\/fr\/wp-json\/wp\/v2\/product\/19162","targetHints":{"allow":["GET"]}}],"collection":[{"href":"https:\/\/orvikpower.com\/fr\/wp-json\/wp\/v2\/product"}],"about":[{"href":"https:\/\/orvikpower.com\/fr\/wp-json\/wp\/v2\/types\/product"}],"replies":[{"embeddable":true,"href":"https:\/\/orvikpower.com\/fr\/wp-json\/wp\/v2\/comments?post=19162"}],"wp:featuredmedia":[{"embeddable":true,"href":"https:\/\/orvikpower.com\/fr\/wp-json\/wp\/v2\/media\/19174"}],"wp:attachment":[{"href":"https:\/\/orvikpower.com\/fr\/wp-json\/wp\/v2\/media?parent=19162"}],"wp:term":[{"taxonomy":"product_brand","embeddable":true,"href":"https:\/\/orvikpower.com\/fr\/wp-json\/wp\/v2\/product_brand?post=19162"},{"taxonomy":"product_cat","embeddable":true,"href":"https:\/\/orvikpower.com\/fr\/wp-json\/wp\/v2\/product_cat?post=19162"},{"taxonomy":"product_tag","embeddable":true,"href":"https:\/\/orvikpower.com\/fr\/wp-json\/wp\/v2\/product_tag?post=19162"}],"curies":[{"name":"wp","href":"https:\/\/api.w.org\/{rel}","templated":true}]}}