{"id":19210,"date":"2026-01-22T09:24:54","date_gmt":"2026-01-22T09:24:54","guid":{"rendered":"https:\/\/orvikpower.com\/?post_type=product&#038;p=19210"},"modified":"2026-01-22T09:24:54","modified_gmt":"2026-01-22T09:24:54","slug":"off-road-electric-shuttle-series-2-10-seats-resort-mining-utility-factory-direct-orvik","status":"publish","type":"product","link":"https:\/\/orvikpower.com\/fr\/product\/off-road-electric-shuttle-series-2-10-seats-resort-mining-utility-factory-direct-orvik","title":{"rendered":"Navette \u00e9lectrique tout-terrain (2-10 places) | Resort &amp; Mining Utility | Factory Direct - ORVIK"},"content":{"rendered":"<p dir=\"auto\"><strong>Construit pour la rudesse. Con\u00e7u pour la fiabilit\u00e9.<\/strong><br \/>\nLa s\u00e9rie ORVIK Off-Road Shuttle n'est pas une voiturette de golf standard ; il s'agit d'un v\u00e9hicule de transport de personnel robuste con\u00e7u pour les terrains difficiles.<\/p>\n<ul dir=\"auto\">\n<li class=\"text-start\"><strong>Fonctionnalit\u00e9<\/strong>: Le v\u00e9hicule est dot\u00e9 d'un ch\u00e2ssis renforc\u00e9 et int\u00e9gr\u00e9 en acier galvanis\u00e9 (3 mm d'\u00e9paisseur) et d'une suspension ind\u00e9pendante McPherson sur\u00e9lev\u00e9e, associ\u00e9e \u00e0 des pneus de 23 pouces \u00e0 motif minier.<\/li>\n<li class=\"text-start\"><strong>Avantage<\/strong>: Contrairement aux chariots standard, il offre une garde au sol sup\u00e9rieure (240 mm) et une meilleure traction sur le gravier, le sable et les surfaces industrielles irr\u00e9guli\u00e8res, tandis que le rev\u00eatement \u00e9lectrophor\u00e9tique trait\u00e9 au laser emp\u00eache la rouille, m\u00eame dans les environnements humides ou c\u00f4tiers.<\/li>\n<li class=\"text-start\"><strong>B\u00e9n\u00e9fice<\/strong>: Vous b\u00e9n\u00e9ficiez d'une dur\u00e9e de vie plus longue de votre flotte et d'une r\u00e9duction significative des temps d'arr\u00eat pour maintenance, ce qui garantit que vos invit\u00e9s ou vos travailleurs sont transport\u00e9s en toute s\u00e9curit\u00e9 et sans interruption.<\/li>\n<\/ul>\n<div class=\"my-2\"><\/div>\n<p dir=\"auto\"><em>Remarque : le syst\u00e8me de puissance (kW du moteur) et le type de batterie (plomb-acide ou LiFePO4) peuvent \u00eatre personnalis\u00e9s en fonction des exigences de votre projet.<\/em><br \/>\n<strong>Con\u00e7u pour faciliter votre travail.<\/strong><\/p>\n<p dir=\"auto\"><strong>Note de correction<\/strong>:<\/p>\n<ol dir=\"auto\" start=\"1\">\n<li class=\"text-start\"><strong>Chargement Qt\u00e9<\/strong>: Calcul\u00e9 sur la base des dimensions int\u00e9rieures standard du 40HQ. La quantit\u00e9 r\u00e9elle peut varier de +\/- 2 unit\u00e9s en fonction de la m\u00e9thode d'emballage (CBU ou SKD).<\/li>\n<li class=\"text-start\"><strong>Configurations<\/strong>: \u201c2+2\u201d, \u201c4+2\u201d, etc. se r\u00e9f\u00e8rent \u00e0 des si\u00e8ges orient\u00e9s vers l'avant + des si\u00e8ges \u00e0 bascule orient\u00e9s vers l'arri\u00e8re.<\/li>\n<\/ol>\n<div id=\"preview-button-bar\" class=\"preview-button-bar\"><\/div>\n<div id=\"wmd-panel-preview\" class=\"wmd-panel-preview preview-container\">\n<div class=\"md-section-divider\"><\/div>\n<div id=\"wmd-preview\" class=\"wmd-preview\" data-medium-element=\"true\">\n<table class=\"table table-striped-white table-bordered\" data-anchor-id=\"tp5c\">\n<thead>\n<tr>\n<th>Configuration du mod\u00e8le<\/th>\n<th><strong>2 places<\/strong><\/th>\n<th><strong>2+2 places<\/strong><\/th>\n<th><strong>4 places<\/strong><\/th>\n<th><strong>4+2 places<\/strong><\/th>\n<th><strong>6 places<\/strong><\/th>\n<th><strong>6+2 places<\/strong><\/th>\n<th><strong>8 places<\/strong><\/th>\n<th><strong>8+2 places<\/strong><\/th>\n<\/tr>\n<\/thead>\n<tbody>\n<tr>\n<td><strong>Dimensions (mm)<\/strong><\/td>\n<td>2500\u00d71350\u00d72000<\/td>\n<td>2950\u00d71350\u00d72150<\/td>\n<td>3150\u00d71350\u00d72150<\/td>\n<td>3700\u00d71350\u00d72150<\/td>\n<td>3900\u00d71350\u00d72150<\/td>\n<td>4300\u00d71350\u00d72150<\/td>\n<td>4700\u00d71350\u00d72150<\/td>\n<td>5000\u00d71350\u00d72150<\/td>\n<\/tr>\n<tr>\n<td><strong>Poids du trottoir<\/strong><\/td>\n<td>450 kg<\/td>\n<td>570 kg<\/td>\n<td>570 kg<\/td>\n<td>690 kg<\/td>\n<td>690 kg<\/td>\n<td>830 kg<\/td>\n<td>830 kg<\/td>\n<td>980 kg<\/td>\n<\/tr>\n<tr>\n<td><strong>Capacit\u00e9 en passagers<\/strong><\/td>\n<td>2<\/td>\n<td>4<\/td>\n<td>4<\/td>\n<td>6<\/td>\n<td>6<\/td>\n<td>8<\/td>\n<td>8<\/td>\n<td>10<\/td>\n<\/tr>\n<tr>\n<td><strong>Puissance du moteur<\/strong><\/td>\n<td>5KW AC<\/td>\n<td>5KW AC<\/td>\n<td>5KW AC<\/td>\n<td>5KW AC<\/td>\n<td>5KW AC<\/td>\n<td>7,5KW AC<\/td>\n<td>7,5KW AC<\/td>\n<td>7,5KW AC<\/td>\n<\/tr>\n<tr>\n<td><strong>Tension du syst\u00e8me<\/strong><\/td>\n<td>48V<\/td>\n<td>48V<\/td>\n<td>48V<\/td>\n<td>48V<\/td>\n<td>48V<\/td>\n<td>72V<\/td>\n<td>72V<\/td>\n<td>72V<\/td>\n<\/tr>\n<tr>\n<td><strong>Batterie standard<\/strong><\/td>\n<td>Plomb-acide 150AH<\/td>\n<td>Plomb-acide 150AH<\/td>\n<td>Plomb-acide 150AH<\/td>\n<td>Plomb-acide 150AH<\/td>\n<td>Plomb-acide 150AH<\/td>\n<td>Plomb-acide 150AH<\/td>\n<td>Plomb-acide 150AH<\/td>\n<td>Plomb-acide 150AH<\/td>\n<\/tr>\n<tr>\n<td><strong>Option batterie<\/strong><\/td>\n<td><em>LiFePO4 Disponible<\/em><\/td>\n<td><em>LiFePO4 Disponible<\/em><\/td>\n<td><em>LiFePO4 Disponible<\/em><\/td>\n<td><em>LiFePO4 Disponible<\/em><\/td>\n<td><em>LiFePO4 Disponible<\/em><\/td>\n<td><em>LiFePO4 Disponible<\/em><\/td>\n<td><em>LiFePO4 Disponible<\/em><\/td>\n<td><em>LiFePO4 Disponible<\/em><\/td>\n<\/tr>\n<tr>\n<td><strong>Port\u00e9e maximale<\/strong><\/td>\n<td>\n<blockquote class=\"white-blockquote\"><p>80 km<\/p><\/blockquote>\n<\/td>\n<td>\n<blockquote class=\"white-blockquote\"><p>80 km<\/p><\/blockquote>\n<\/td>\n<td>\n<blockquote class=\"white-blockquote\"><p>80 km<\/p><\/blockquote>\n<\/td>\n<td>\n<blockquote class=\"white-blockquote\"><p>70 km<\/p><\/blockquote>\n<\/td>\n<td>\n<blockquote class=\"white-blockquote\"><p>70 km<\/p><\/blockquote>\n<\/td>\n<td>\n<blockquote class=\"white-blockquote\"><p>70 km<\/p><\/blockquote>\n<\/td>\n<td>\n<blockquote class=\"white-blockquote\"><p>70 km<\/p><\/blockquote>\n<\/td>\n<td>\n<blockquote class=\"white-blockquote\"><p>70 km<\/p><\/blockquote>\n<\/td>\n<\/tr>\n<tr>\n<td><strong>Vitesse maximale<\/strong><\/td>\n<td>40 km\/h<\/td>\n<td>40 km\/h<\/td>\n<td>40 km\/h<\/td>\n<td>40 km\/h<\/td>\n<td>40 km\/h<\/td>\n<td>40 km\/h<\/td>\n<td>40 km\/h<\/td>\n<td>40 km\/h<\/td>\n<\/tr>\n<tr>\n<td><strong>Capacit\u00e9 d'escalade<\/strong><\/td>\n<td>25\u00b0<\/td>\n<td>25\u00b0<\/td>\n<td>25\u00b0<\/td>\n<td>20\u00b0<\/td>\n<td>20\u00b0<\/td>\n<td>20\u00b0<\/td>\n<td>20\u00b0<\/td>\n<td>20\u00b0<\/td>\n<\/tr>\n<tr>\n<td><strong>Empattement (mm)<\/strong><\/td>\n<td>1680<\/td>\n<td>1680<\/td>\n<td>2460<\/td>\n<td>2460<\/td>\n<td>3220<\/td>\n<td>3220<\/td>\n<td>3980<\/td>\n<td>3980<\/td>\n<\/tr>\n<tr>\n<td><strong>Pneus<\/strong><\/td>\n<td>23\u00d710-14 (tout-terrain)<\/td>\n<td>23\u00d710-14 (tout-terrain)<\/td>\n<td>23\u00d710-14 (tout-terrain)<\/td>\n<td>23\u00d710-14 (tout-terrain)<\/td>\n<td>23\u00d710-14 (tout-terrain)<\/td>\n<td>23\u00d710-14 (tout-terrain)<\/td>\n<td>23\u00d710-14 (tout-terrain)<\/td>\n<td>23\u00d710-14 (tout-terrain)<\/td>\n<\/tr>\n<tr>\n<td><strong>Garde au sol<\/strong><\/td>\n<td>240 mm<\/td>\n<td>240 mm<\/td>\n<td>240 mm<\/td>\n<td>240 mm<\/td>\n<td>240 mm<\/td>\n<td>240 mm<\/td>\n<td>240 mm<\/td>\n<td>240 mm<\/td>\n<\/tr>\n<tr>\n<td><strong>Mat\u00e9riau du ch\u00e2ssis<\/strong><\/td>\n<td>Acier galvanis\u00e9<\/td>\n<td>Acier galvanis\u00e9<\/td>\n<td>Acier galvanis\u00e9<\/td>\n<td>Acier galvanis\u00e9<\/td>\n<td>Acier galvanis\u00e9<\/td>\n<td>Acier galvanis\u00e9<\/td>\n<td>Acier galvanis\u00e9<\/td>\n<td>Acier galvanis\u00e9<\/td>\n<\/tr>\n<tr>\n<td><strong>Qt\u00e9 de chargement (40HQ)<\/strong><\/td>\n<td><em>Contact pour le plan<\/em><\/td>\n<td><em>Contact pour le plan<\/em><\/td>\n<td><em>Contact pour le plan<\/em><\/td>\n<td><em>Contact pour le plan<\/em><\/td>\n<td><em>Contact pour le plan<\/em><\/td>\n<td><em>Contact pour le plan<\/em><\/td>\n<td><em>Contact pour le plan<\/em><\/td>\n<td><em>Contact pour le plan<\/em><\/td>\n<\/tr>\n<\/tbody>\n<\/table>\n<\/div>\n<\/div>","protected":false},"excerpt":{"rendered":"<p>V\u00e9hicules utilitaires \u00e9lectriques robustes dot\u00e9s d'une suspension McPherson sur\u00e9lev\u00e9e et d'un ch\u00e2ssis galvanis\u00e9. Disponibles en configurations de 2 \u00e0 10 places. Id\u00e9al pour les stations baln\u00e9aires, les sites miniers et les parcs industriels. Pr\u00eat pour la haute temp\u00e9rature. <strong>Demander le prix FCL.<\/strong><\/p>","protected":false},"featured_media":19211,"comment_status":"open","ping_status":"closed","template":"","meta":{"_eb_attr":""},"product_brand":[],"product_cat":[71,72,70,73,77],"product_tag":[91,100,146,88,145],"class_list":{"0":"post-19210","1":"product","2":"type-product","3":"status-publish","4":"has-post-thumbnail","6":"product_cat-electric-golf-carts","7":"product_cat-lsev-commuter-vehicles","8":"product_cat-lsev-passenger-mobility","9":"product_cat-sightseeing-shuttle-buses","10":"product_cat-utility-logistics","11":"product_tag-industrial-park","12":"product_tag-mining-site","13":"product_tag-off-road-patrol","14":"product_tag-resort","15":"product_tag-villa-complex","17":"first","18":"instock","19":"shipping-taxable","20":"product-type-simple"},"yoast_head":"<!-- This site is optimized with the Yoast SEO plugin v26.9 - https:\/\/yoast.com\/product\/yoast-seo-wordpress\/ -->\n<title>Off-Road Electric Shuttle Series (2-10 Seats) | Resort &amp; Mining Utility | Factory Direct - ORVIK | ORVIK|Light Commercial Electric Vehicles<\/title>\n<meta name=\"robots\" content=\"index, follow, max-snippet:-1, max-image-preview:large, max-video-preview:-1\" \/>\n<link rel=\"canonical\" href=\"https:\/\/orvikpower.com\/fr\/product\/off-road-electric-shuttle-series-2-10-seats-resort-mining-utility-factory-direct-orvik\" \/>\n<meta property=\"og:locale\" content=\"fr_FR\" \/>\n<meta property=\"og:type\" content=\"article\" \/>\n<meta property=\"og:title\" content=\"Off-Road Electric Shuttle Series (2-10 Seats) | Resort &amp; Mining Utility | Factory Direct - ORVIK | ORVIK|Light Commercial Electric Vehicles\" \/>\n<meta property=\"og:description\" content=\"Heavy-duty electric utility vehicles featuring elevated McPherson suspension and galvanized chassis. Available in 2 to 10-seater configurations. Ideal for resorts, mining sites, and industrial parks. High-temp ready. Inquire for FCL Price.\" \/>\n<meta property=\"og:url\" content=\"https:\/\/orvikpower.com\/fr\/product\/off-road-electric-shuttle-series-2-10-seats-resort-mining-utility-factory-direct-orvik\" \/>\n<meta property=\"og:site_name\" content=\"ORVIK|Light Commercial Electric Vehicles\" \/>\n<meta property=\"og:image\" content=\"https:\/\/orvikpower.com\/wp-content\/uploads\/2026\/01\/Off-Road-Electric-Shuttle-Series-2-10-Seats-Resort-Mining-Utility-Factory-Direct-ORVIK.jpeg\" \/>\n\t<meta property=\"og:image:width\" content=\"800\" \/>\n\t<meta property=\"og:image:height\" content=\"800\" \/>\n\t<meta property=\"og:image:type\" content=\"image\/jpeg\" \/>\n<meta name=\"twitter:card\" content=\"summary_large_image\" \/>\n<meta name=\"twitter:label1\" content=\"Dur\u00e9e de lecture estim\u00e9e\" \/>\n\t<meta name=\"twitter:data1\" content=\"2 minutes\" \/>\n<script type=\"application\/ld+json\" class=\"yoast-schema-graph\">{\"@context\":\"https:\/\/schema.org\",\"@graph\":[{\"@type\":\"WebPage\",\"@id\":\"https:\/\/orvikpower.com\/product\/off-road-electric-shuttle-series-2-10-seats-resort-mining-utility-factory-direct-orvik\",\"url\":\"https:\/\/orvikpower.com\/product\/off-road-electric-shuttle-series-2-10-seats-resort-mining-utility-factory-direct-orvik\",\"name\":\"Off-Road Electric Shuttle Series (2-10 Seats) | Resort & Mining Utility | Factory Direct - ORVIK | ORVIK|Light Commercial Electric Vehicles\",\"isPartOf\":{\"@id\":\"https:\/\/orvikpower.com\/#website\"},\"primaryImageOfPage\":{\"@id\":\"https:\/\/orvikpower.com\/product\/off-road-electric-shuttle-series-2-10-seats-resort-mining-utility-factory-direct-orvik#primaryimage\"},\"image\":{\"@id\":\"https:\/\/orvikpower.com\/product\/off-road-electric-shuttle-series-2-10-seats-resort-mining-utility-factory-direct-orvik#primaryimage\"},\"thumbnailUrl\":\"https:\/\/orvikpower.com\/wp-content\/uploads\/2026\/01\/Off-Road-Electric-Shuttle-Series-2-10-Seats-Resort-Mining-Utility-Factory-Direct-ORVIK.jpeg\",\"datePublished\":\"2026-01-22T09:24:54+00:00\",\"breadcrumb\":{\"@id\":\"https:\/\/orvikpower.com\/product\/off-road-electric-shuttle-series-2-10-seats-resort-mining-utility-factory-direct-orvik#breadcrumb\"},\"inLanguage\":\"fr-FR\",\"potentialAction\":[{\"@type\":\"ReadAction\",\"target\":[\"https:\/\/orvikpower.com\/product\/off-road-electric-shuttle-series-2-10-seats-resort-mining-utility-factory-direct-orvik\"]}]},{\"@type\":\"ImageObject\",\"inLanguage\":\"fr-FR\",\"@id\":\"https:\/\/orvikpower.com\/product\/off-road-electric-shuttle-series-2-10-seats-resort-mining-utility-factory-direct-orvik#primaryimage\",\"url\":\"https:\/\/orvikpower.com\/wp-content\/uploads\/2026\/01\/Off-Road-Electric-Shuttle-Series-2-10-Seats-Resort-Mining-Utility-Factory-Direct-ORVIK.jpeg\",\"contentUrl\":\"https:\/\/orvikpower.com\/wp-content\/uploads\/2026\/01\/Off-Road-Electric-Shuttle-Series-2-10-Seats-Resort-Mining-Utility-Factory-Direct-ORVIK.jpeg\",\"width\":800,\"height\":800,\"caption\":\"Heavy-duty electric utility vehicles featuring elevated McPherson suspension and galvanized chassis. Available in 2 to 10-seater configurations. Ideal for resorts, mining sites, and industrial parks. High-temp ready. Inquire for FCL Price.\"},{\"@type\":\"BreadcrumbList\",\"@id\":\"https:\/\/orvikpower.com\/product\/off-road-electric-shuttle-series-2-10-seats-resort-mining-utility-factory-direct-orvik#breadcrumb\",\"itemListElement\":[{\"@type\":\"ListItem\",\"position\":1,\"name\":\"Home\",\"item\":\"https:\/\/orvikpower.com\/\"},{\"@type\":\"ListItem\",\"position\":2,\"name\":\"SHOP\",\"item\":\"https:\/\/orvikpower.com\/shop\"},{\"@type\":\"ListItem\",\"position\":3,\"name\":\"Off-Road Electric Shuttle Series (2-10 Seats) | Resort &#038; Mining Utility | Factory Direct &#8211; ORVIK\"}]},{\"@type\":\"WebSite\",\"@id\":\"https:\/\/orvikpower.com\/#website\",\"url\":\"https:\/\/orvikpower.com\/\",\"name\":\"ORVIK | Light Commercial Electric Vehicles\",\"description\":\"Premier Manufacturer of Off-road Electric Utility Vehicles, Pickups &amp; Mini Trucks. High-Temp &amp; Arctic Ready designs for farms &amp; mines. Save costs with Factory-Direct FCL. Make work flow. Get a Quote.\",\"publisher\":{\"@id\":\"https:\/\/orvikpower.com\/#organization\"},\"potentialAction\":[{\"@type\":\"SearchAction\",\"target\":{\"@type\":\"EntryPoint\",\"urlTemplate\":\"https:\/\/orvikpower.com\/?s={search_term_string}\"},\"query-input\":{\"@type\":\"PropertyValueSpecification\",\"valueRequired\":true,\"valueName\":\"search_term_string\"}}],\"inLanguage\":\"fr-FR\"},{\"@type\":\"Organization\",\"@id\":\"https:\/\/orvikpower.com\/#organization\",\"name\":\"ORVIK | Light Commercial Electric Vehicles\",\"url\":\"https:\/\/orvikpower.com\/\",\"logo\":{\"@type\":\"ImageObject\",\"inLanguage\":\"fr-FR\",\"@id\":\"https:\/\/orvikpower.com\/#\/schema\/logo\/image\/\",\"url\":\"https:\/\/orvikpower.com\/wp-content\/uploads\/2026\/01\/cropped-logo-h-main-small.png\",\"contentUrl\":\"https:\/\/orvikpower.com\/wp-content\/uploads\/2026\/01\/cropped-logo-h-main-small.png\",\"width\":512,\"height\":512,\"caption\":\"ORVIK | Light Commercial Electric Vehicles\"},\"image\":{\"@id\":\"https:\/\/orvikpower.com\/#\/schema\/logo\/image\/\"},\"sameAs\":[\"https:\/\/www.youtube.com\/@ORVIKOrvikPower\",\"https:\/\/www.pinterest.com\/OrvikPower\/\"]}]}<\/script>\n<!-- \/ Yoast SEO plugin. -->","yoast_head_json":{"title":"Navette \u00e9lectrique tout-terrain (2-10 places) | Resort &amp; Mining Utility | Factory Direct - ORVIK | ORVIK|V\u00e9hicules \u00e9lectriques utilitaires l\u00e9gers","robots":{"index":"index","follow":"follow","max-snippet":"max-snippet:-1","max-image-preview":"max-image-preview:large","max-video-preview":"max-video-preview:-1"},"canonical":"https:\/\/orvikpower.com\/fr\/product\/off-road-electric-shuttle-series-2-10-seats-resort-mining-utility-factory-direct-orvik","og_locale":"fr_FR","og_type":"article","og_title":"Off-Road Electric Shuttle Series (2-10 Seats) | Resort & Mining Utility | Factory Direct - ORVIK | ORVIK|Light Commercial Electric Vehicles","og_description":"Heavy-duty electric utility vehicles featuring elevated McPherson suspension and galvanized chassis. Available in 2 to 10-seater configurations. Ideal for resorts, mining sites, and industrial parks. High-temp ready. Inquire for FCL Price.","og_url":"https:\/\/orvikpower.com\/fr\/product\/off-road-electric-shuttle-series-2-10-seats-resort-mining-utility-factory-direct-orvik","og_site_name":"ORVIK|Light Commercial Electric Vehicles","og_image":[{"width":800,"height":800,"url":"https:\/\/orvikpower.com\/wp-content\/uploads\/2026\/01\/Off-Road-Electric-Shuttle-Series-2-10-Seats-Resort-Mining-Utility-Factory-Direct-ORVIK.jpeg","type":"image\/jpeg"}],"twitter_card":"summary_large_image","twitter_misc":{"Dur\u00e9e de lecture estim\u00e9e":"2 minutes"},"schema":{"@context":"https:\/\/schema.org","@graph":[{"@type":"WebPage","@id":"https:\/\/orvikpower.com\/product\/off-road-electric-shuttle-series-2-10-seats-resort-mining-utility-factory-direct-orvik","url":"https:\/\/orvikpower.com\/product\/off-road-electric-shuttle-series-2-10-seats-resort-mining-utility-factory-direct-orvik","name":"Navette \u00e9lectrique tout-terrain (2-10 places) | Resort &amp; Mining Utility | Factory Direct - ORVIK | ORVIK|V\u00e9hicules \u00e9lectriques utilitaires l\u00e9gers","isPartOf":{"@id":"https:\/\/orvikpower.com\/#website"},"primaryImageOfPage":{"@id":"https:\/\/orvikpower.com\/product\/off-road-electric-shuttle-series-2-10-seats-resort-mining-utility-factory-direct-orvik#primaryimage"},"image":{"@id":"https:\/\/orvikpower.com\/product\/off-road-electric-shuttle-series-2-10-seats-resort-mining-utility-factory-direct-orvik#primaryimage"},"thumbnailUrl":"https:\/\/orvikpower.com\/wp-content\/uploads\/2026\/01\/Off-Road-Electric-Shuttle-Series-2-10-Seats-Resort-Mining-Utility-Factory-Direct-ORVIK.jpeg","datePublished":"2026-01-22T09:24:54+00:00","breadcrumb":{"@id":"https:\/\/orvikpower.com\/product\/off-road-electric-shuttle-series-2-10-seats-resort-mining-utility-factory-direct-orvik#breadcrumb"},"inLanguage":"fr-FR","potentialAction":[{"@type":"ReadAction","target":["https:\/\/orvikpower.com\/product\/off-road-electric-shuttle-series-2-10-seats-resort-mining-utility-factory-direct-orvik"]}]},{"@type":"ImageObject","inLanguage":"fr-FR","@id":"https:\/\/orvikpower.com\/product\/off-road-electric-shuttle-series-2-10-seats-resort-mining-utility-factory-direct-orvik#primaryimage","url":"https:\/\/orvikpower.com\/wp-content\/uploads\/2026\/01\/Off-Road-Electric-Shuttle-Series-2-10-Seats-Resort-Mining-Utility-Factory-Direct-ORVIK.jpeg","contentUrl":"https:\/\/orvikpower.com\/wp-content\/uploads\/2026\/01\/Off-Road-Electric-Shuttle-Series-2-10-Seats-Resort-Mining-Utility-Factory-Direct-ORVIK.jpeg","width":800,"height":800,"caption":"Heavy-duty electric utility vehicles featuring elevated McPherson suspension and galvanized chassis. Available in 2 to 10-seater configurations. Ideal for resorts, mining sites, and industrial parks. High-temp ready. Inquire for FCL Price."},{"@type":"BreadcrumbList","@id":"https:\/\/orvikpower.com\/product\/off-road-electric-shuttle-series-2-10-seats-resort-mining-utility-factory-direct-orvik#breadcrumb","itemListElement":[{"@type":"ListItem","position":1,"name":"Home","item":"https:\/\/orvikpower.com\/"},{"@type":"ListItem","position":2,"name":"SHOP","item":"https:\/\/orvikpower.com\/shop"},{"@type":"ListItem","position":3,"name":"Off-Road Electric Shuttle Series (2-10 Seats) | Resort &#038; Mining Utility | Factory Direct &#8211; ORVIK"}]},{"@type":"WebSite","@id":"https:\/\/orvikpower.com\/#website","url":"https:\/\/orvikpower.com\/","name":"ORVIK | V\u00e9hicules \u00e9lectriques utilitaires l\u00e9gers","description":"Premier fabricant de v\u00e9hicules utilitaires \u00e9lectriques tout-terrain, de camionnettes et de mini-camions. Conceptions r\u00e9sistantes aux temp\u00e9ratures \u00e9lev\u00e9es et adapt\u00e9es \u00e0 l'Arctique pour les fermes et les mines. R\u00e9duisez vos co\u00fbts gr\u00e2ce \u00e0 la livraison directe \u00e0 l'usine. Rendre le travail plus fluide. Obtenir un devis.","publisher":{"@id":"https:\/\/orvikpower.com\/#organization"},"potentialAction":[{"@type":"SearchAction","target":{"@type":"EntryPoint","urlTemplate":"https:\/\/orvikpower.com\/?s={search_term_string}"},"query-input":{"@type":"PropertyValueSpecification","valueRequired":true,"valueName":"search_term_string"}}],"inLanguage":"fr-FR"},{"@type":"Organization","@id":"https:\/\/orvikpower.com\/#organization","name":"ORVIK | V\u00e9hicules \u00e9lectriques utilitaires l\u00e9gers","url":"https:\/\/orvikpower.com\/","logo":{"@type":"ImageObject","inLanguage":"fr-FR","@id":"https:\/\/orvikpower.com\/#\/schema\/logo\/image\/","url":"https:\/\/orvikpower.com\/wp-content\/uploads\/2026\/01\/cropped-logo-h-main-small.png","contentUrl":"https:\/\/orvikpower.com\/wp-content\/uploads\/2026\/01\/cropped-logo-h-main-small.png","width":512,"height":512,"caption":"ORVIK | Light Commercial Electric Vehicles"},"image":{"@id":"https:\/\/orvikpower.com\/#\/schema\/logo\/image\/"},"sameAs":["https:\/\/www.youtube.com\/@ORVIKOrvikPower","https:\/\/www.pinterest.com\/OrvikPower\/"]}]}},"_links":{"self":[{"href":"https:\/\/orvikpower.com\/fr\/wp-json\/wp\/v2\/product\/19210","targetHints":{"allow":["GET"]}}],"collection":[{"href":"https:\/\/orvikpower.com\/fr\/wp-json\/wp\/v2\/product"}],"about":[{"href":"https:\/\/orvikpower.com\/fr\/wp-json\/wp\/v2\/types\/product"}],"replies":[{"embeddable":true,"href":"https:\/\/orvikpower.com\/fr\/wp-json\/wp\/v2\/comments?post=19210"}],"wp:featuredmedia":[{"embeddable":true,"href":"https:\/\/orvikpower.com\/fr\/wp-json\/wp\/v2\/media\/19211"}],"wp:attachment":[{"href":"https:\/\/orvikpower.com\/fr\/wp-json\/wp\/v2\/media?parent=19210"}],"wp:term":[{"taxonomy":"product_brand","embeddable":true,"href":"https:\/\/orvikpower.com\/fr\/wp-json\/wp\/v2\/product_brand?post=19210"},{"taxonomy":"product_cat","embeddable":true,"href":"https:\/\/orvikpower.com\/fr\/wp-json\/wp\/v2\/product_cat?post=19210"},{"taxonomy":"product_tag","embeddable":true,"href":"https:\/\/orvikpower.com\/fr\/wp-json\/wp\/v2\/product_tag?post=19210"}],"curies":[{"name":"wp","href":"https:\/\/api.w.org\/{rel}","templated":true}]}}