{"id":19830,"date":"2026-04-07T13:21:07","date_gmt":"2026-04-07T13:21:07","guid":{"rendered":"https:\/\/orvikpower.com\/?post_type=product&#038;p=19830"},"modified":"2026-04-07T13:21:08","modified_gmt":"2026-04-07T13:21:08","slug":"electric-cargo-tricycle-for-farm-use-factory-fcl-wholesale-orvik","status":"publish","type":"product","link":"https:\/\/orvikpower.com\/fr\/product\/electric-cargo-tricycle-for-farm-use-factory-fcl-wholesale-orvik","title":{"rendered":"Tricycle de transport \u00e9lectrique pour usage agricole | Factory FCL Wholesale - ORVIK"},"content":{"rendered":"<p dir=\"auto\">Le <strong>ORVIK NUEN-SK1.1 Tricycle de transport \u00e9lectrique<\/strong> est con\u00e7u comme une v\u00e9ritable b\u00eate de somme pour les fermes, les entrep\u00f4ts et les parcs industriels. Dot\u00e9 d'une structure robuste et d'une suspension \u00e0 lames renforc\u00e9e, ce trike est con\u00e7u pour affronter les terrains accident\u00e9s et les pentes allant jusqu'\u00e0 30 degr\u00e9s.<\/p>\n<div class=\"my-2\"><\/div>\n<p dir=\"auto\">Pour r\u00e9pondre aux diverses exigences op\u00e9rationnelles, le syst\u00e8me d'alimentation est enti\u00e8rement personnalisable - \u00e0 partir d'un moteur standard de 500 W jusqu'\u00e0 un moteur optionnel de 800 W ou plus, parfaitement associ\u00e9 \u00e0 un contr\u00f4leur universel de 48 \u00e0 60 V. Les acheteurs peuvent choisir entre des batteries plomb-acide \u00e9conomiques ou des batteries LiFePO4 (lithium) de haute performance en fonction de leur budget et du climat.<\/p>\n<div class=\"my-2\"><\/div>\n<p dir=\"auto\">En \u00e9quipant votre flotte de ce trike \u00e9lectrique robuste et n\u00e9cessitant peu d'entretien, vous \u00e9liminez les co\u00fbts de carburant et r\u00e9duisez consid\u00e9rablement le temps d'immobilisation du v\u00e9hicule. Avec une capacit\u00e9 de charge allant jusqu'\u00e0 400 kg et des freins \u00e0 double tambour fiables \u00e0 l'avant et \u00e0 l'arri\u00e8re, il offre un retour sur investissement maximal pour la logistique lourde sur courte distance. Con\u00e7u exclusivement pour une utilisation hors route et sur des terrains priv\u00e9s, c'est l'outil id\u00e9al pour faciliter votre travail.<\/p>\n<table class=\"table table-striped-white table-bordered\" style=\"width: 71.1771%; height: 312px;\" data-anchor-id=\"jh6s\">\n<thead>\n<tr style=\"height: 24px;\">\n<th style=\"height: 24px;\">Sp\u00e9cification \/ Param\u00e8tre<\/th>\n<th style=\"height: 24px;\">D\u00e9tails (NUEN-SK1.1)<\/th>\n<\/tr>\n<\/thead>\n<tbody>\n<tr style=\"height: 24px;\">\n<td style=\"height: 24px;\"><strong>Dimensions de la soute (L*l)<\/strong><\/td>\n<td style=\"height: 24px;\">1100 * 800 mm<\/td>\n<\/tr>\n<tr style=\"height: 24px;\">\n<td style=\"height: 24px;\"><strong>Puissance du moteur (kW)<\/strong><\/td>\n<td style=\"height: 24px;\">0,5 kW (500W) standard \/ 0,8 kW en option\u00a0<em>(personnalisable)<\/em><\/td>\n<\/tr>\n<tr style=\"height: 24px;\">\n<td style=\"height: 24px;\"><strong>Tension (V)<\/strong><\/td>\n<td style=\"height: 24px;\">48-60V Universel<\/td>\n<\/tr>\n<tr style=\"height: 24px;\">\n<td style=\"height: 24px;\"><strong>Type de batterie<\/strong><\/td>\n<td style=\"height: 24px;\">Personnalisable (options plomb-acide ou LiFePO4 disponibles)<\/td>\n<\/tr>\n<tr style=\"height: 24px;\">\n<td style=\"height: 24px;\"><strong>Port\u00e9e maximale (km)<\/strong><\/td>\n<td style=\"height: 24px;\"><em>D\u00e9pend de la capacit\u00e9 de la batterie s\u00e9lectionn\u00e9e<\/em><\/td>\n<\/tr>\n<tr style=\"height: 24px;\">\n<td style=\"height: 24px;\"><strong>Capacit\u00e9 de charge (kg)<\/strong><\/td>\n<td style=\"height: 24px;\">Jusqu'\u00e0 400 kg<\/td>\n<\/tr>\n<tr style=\"height: 24px;\">\n<td style=\"height: 24px;\"><strong>Vitesse maximale (km\/h)<\/strong><\/td>\n<td style=\"height: 24px;\">30-40 km\/h\u00a0<em>(Utilisation hors route \/ propri\u00e9t\u00e9 priv\u00e9e uniquement)<\/em><\/td>\n<\/tr>\n<tr style=\"height: 24px;\">\n<td style=\"height: 24px;\"><strong>Capacit\u00e9 d'escalade<\/strong><\/td>\n<td style=\"height: 24px;\">15-30 degr\u00e9s<\/td>\n<\/tr>\n<tr style=\"height: 24px;\">\n<td style=\"height: 24px;\"><strong>Type de suspension<\/strong><\/td>\n<td style=\"height: 24px;\">Suspension \u00e0 ressorts \u00e0 lames de type pont<\/td>\n<\/tr>\n<tr style=\"height: 24px;\">\n<td style=\"height: 24px;\"><strong>Syst\u00e8me de freinage<\/strong><\/td>\n<td style=\"height: 24px;\">Freins hydrauliques \u00e0 l'avant \/ freins \u00e0 tambour \u00e0 l'arri\u00e8re<\/td>\n<\/tr>\n<tr style=\"height: 24px;\">\n<td style=\"height: 24px;\"><strong>Taille des pneus<\/strong><\/td>\n<td style=\"height: 24px;\">300-12 avec jantes en acier renforc\u00e9<\/td>\n<\/tr>\n<tr style=\"height: 24px;\">\n<td style=\"height: 24px;\"><strong>Qt\u00e9 de chargement (40HQ)<\/strong><\/td>\n<td style=\"height: 24px;\">Environ 110-130 unit\u00e9s (SKD) -\u00a0<em>Sous r\u00e9serve de l'emballage final<\/em><\/td>\n<\/tr>\n<\/tbody>\n<\/table>\n<p dir=\"auto\">","protected":false},"excerpt":{"rendered":"<p dir=\"auto\">Achetez le tricycle \u00e9lectrique NUEN-SK1.1 pour votre flotte. Pr\u00eat pour la haute temp\u00e9rature, peu d'entretien, charge utile de 400 kg et construction tout-terrain. Demandez le prix FCL d'usine !<\/p>","protected":false},"featured_media":19831,"comment_status":"open","ping_status":"closed","template":"","meta":{"_eb_attr":""},"product_brand":[],"product_cat":[79,77],"product_tag":[125,147,91,151,149,123],"class_list":{"0":"post-19830","1":"product","2":"type-product","3":"status-publish","4":"has-post-thumbnail","6":"product_cat-electric-cargo-tricycles","7":"product_cat-utility-logistics","8":"product_tag-factory","9":"product_tag-farm","10":"product_tag-industrial-park","11":"product_tag-last-mile-delivery","12":"product_tag-off-road","13":"product_tag-warehouse","15":"first","16":"instock","17":"shipping-taxable","18":"product-type-simple"},"yoast_head":"<!-- This site is optimized with the Yoast SEO plugin v26.9 - https:\/\/yoast.com\/product\/yoast-seo-wordpress\/ -->\n<title>Electric Cargo Tricycle for Farm Use | Factory FCL Wholesale - ORVIK | ORVIK|Light Commercial Electric Vehicles<\/title>\n<meta name=\"robots\" content=\"index, follow, max-snippet:-1, max-image-preview:large, max-video-preview:-1\" \/>\n<link rel=\"canonical\" href=\"https:\/\/orvikpower.com\/fr\/product\/electric-cargo-tricycle-for-farm-use-factory-fcl-wholesale-orvik\" \/>\n<meta property=\"og:locale\" content=\"fr_FR\" \/>\n<meta property=\"og:type\" content=\"article\" \/>\n<meta property=\"og:title\" content=\"Electric Cargo Tricycle for Farm Use | Factory FCL Wholesale - ORVIK | ORVIK|Light Commercial Electric Vehicles\" \/>\n<meta property=\"og:description\" content=\"Source the NUEN-SK1.1 Electric Cargo Tricycle for your fleet. High-temp ready, low maintenance, 400kg payload &amp; off-road built. Inquire for factory FCL price!\" \/>\n<meta property=\"og:url\" content=\"https:\/\/orvikpower.com\/fr\/product\/electric-cargo-tricycle-for-farm-use-factory-fcl-wholesale-orvik\" \/>\n<meta property=\"og:site_name\" content=\"ORVIK|Light Commercial Electric Vehicles\" \/>\n<meta property=\"article:modified_time\" content=\"2026-04-07T13:21:08+00:00\" \/>\n<meta property=\"og:image\" content=\"https:\/\/orvikpower.com\/wp-content\/uploads\/2026\/04\/nuke.png\" \/>\n\t<meta property=\"og:image:width\" content=\"588\" \/>\n\t<meta property=\"og:image:height\" content=\"584\" \/>\n\t<meta property=\"og:image:type\" content=\"image\/png\" \/>\n<meta name=\"twitter:card\" content=\"summary_large_image\" \/>\n<meta name=\"twitter:label1\" content=\"Dur\u00e9e de lecture estim\u00e9e\" \/>\n\t<meta name=\"twitter:data1\" content=\"2 minutes\" \/>\n<script type=\"application\/ld+json\" class=\"yoast-schema-graph\">{\"@context\":\"https:\/\/schema.org\",\"@graph\":[{\"@type\":\"WebPage\",\"@id\":\"https:\/\/orvikpower.com\/product\/electric-cargo-tricycle-for-farm-use-factory-fcl-wholesale-orvik\",\"url\":\"https:\/\/orvikpower.com\/product\/electric-cargo-tricycle-for-farm-use-factory-fcl-wholesale-orvik\",\"name\":\"Electric Cargo Tricycle for Farm Use | Factory FCL Wholesale - ORVIK | ORVIK|Light Commercial Electric Vehicles\",\"isPartOf\":{\"@id\":\"https:\/\/orvikpower.com\/#website\"},\"primaryImageOfPage\":{\"@id\":\"https:\/\/orvikpower.com\/product\/electric-cargo-tricycle-for-farm-use-factory-fcl-wholesale-orvik#primaryimage\"},\"image\":{\"@id\":\"https:\/\/orvikpower.com\/product\/electric-cargo-tricycle-for-farm-use-factory-fcl-wholesale-orvik#primaryimage\"},\"thumbnailUrl\":\"https:\/\/orvikpower.com\/wp-content\/uploads\/2026\/04\/nuke.png\",\"datePublished\":\"2026-04-07T13:21:07+00:00\",\"dateModified\":\"2026-04-07T13:21:08+00:00\",\"breadcrumb\":{\"@id\":\"https:\/\/orvikpower.com\/product\/electric-cargo-tricycle-for-farm-use-factory-fcl-wholesale-orvik#breadcrumb\"},\"inLanguage\":\"fr-FR\",\"potentialAction\":[{\"@type\":\"ReadAction\",\"target\":[\"https:\/\/orvikpower.com\/product\/electric-cargo-tricycle-for-farm-use-factory-fcl-wholesale-orvik\"]}]},{\"@type\":\"ImageObject\",\"inLanguage\":\"fr-FR\",\"@id\":\"https:\/\/orvikpower.com\/product\/electric-cargo-tricycle-for-farm-use-factory-fcl-wholesale-orvik#primaryimage\",\"url\":\"https:\/\/orvikpower.com\/wp-content\/uploads\/2026\/04\/nuke.png\",\"contentUrl\":\"https:\/\/orvikpower.com\/wp-content\/uploads\/2026\/04\/nuke.png\",\"width\":588,\"height\":584,\"caption\":\"Source the NUEN-SK1.1 Electric Cargo Tricycle for your fleet. High-temp ready, low maintenance, 400kg payload & off-road built. Inquire for factory FCL price!\"},{\"@type\":\"BreadcrumbList\",\"@id\":\"https:\/\/orvikpower.com\/product\/electric-cargo-tricycle-for-farm-use-factory-fcl-wholesale-orvik#breadcrumb\",\"itemListElement\":[{\"@type\":\"ListItem\",\"position\":1,\"name\":\"Home\",\"item\":\"https:\/\/orvikpower.com\/\"},{\"@type\":\"ListItem\",\"position\":2,\"name\":\"SHOP\",\"item\":\"https:\/\/orvikpower.com\/shop\"},{\"@type\":\"ListItem\",\"position\":3,\"name\":\"Electric Cargo Tricycle for Farm Use | Factory FCL Wholesale &#8211; ORVIK\"}]},{\"@type\":\"WebSite\",\"@id\":\"https:\/\/orvikpower.com\/#website\",\"url\":\"https:\/\/orvikpower.com\/\",\"name\":\"ORVIK | Light Commercial Electric Vehicles\",\"description\":\"Premier Manufacturer of Off-road Electric Utility Vehicles, Pickups &amp; Mini Trucks. High-Temp &amp; Arctic Ready designs for farms &amp; mines. Save costs with Factory-Direct FCL. Make work flow. Get a Quote.\",\"publisher\":{\"@id\":\"https:\/\/orvikpower.com\/#organization\"},\"potentialAction\":[{\"@type\":\"SearchAction\",\"target\":{\"@type\":\"EntryPoint\",\"urlTemplate\":\"https:\/\/orvikpower.com\/?s={search_term_string}\"},\"query-input\":{\"@type\":\"PropertyValueSpecification\",\"valueRequired\":true,\"valueName\":\"search_term_string\"}}],\"inLanguage\":\"fr-FR\"},{\"@type\":\"Organization\",\"@id\":\"https:\/\/orvikpower.com\/#organization\",\"name\":\"ORVIK | Light Commercial Electric Vehicles\",\"url\":\"https:\/\/orvikpower.com\/\",\"logo\":{\"@type\":\"ImageObject\",\"inLanguage\":\"fr-FR\",\"@id\":\"https:\/\/orvikpower.com\/#\/schema\/logo\/image\/\",\"url\":\"https:\/\/orvikpower.com\/wp-content\/uploads\/2026\/01\/cropped-logo-h-main-small.png\",\"contentUrl\":\"https:\/\/orvikpower.com\/wp-content\/uploads\/2026\/01\/cropped-logo-h-main-small.png\",\"width\":512,\"height\":512,\"caption\":\"ORVIK | Light Commercial Electric Vehicles\"},\"image\":{\"@id\":\"https:\/\/orvikpower.com\/#\/schema\/logo\/image\/\"},\"sameAs\":[\"https:\/\/www.youtube.com\/@ORVIKOrvikPower\",\"https:\/\/www.pinterest.com\/OrvikPower\/\"]}]}<\/script>\n<!-- \/ Yoast SEO plugin. -->","yoast_head_json":{"title":"Tricycle \u00e9lectrique pour usage agricole | Factory FCL Wholesale - ORVIK | ORVIK|V\u00e9hicules \u00e9lectriques utilitaires l\u00e9gers","robots":{"index":"index","follow":"follow","max-snippet":"max-snippet:-1","max-image-preview":"max-image-preview:large","max-video-preview":"max-video-preview:-1"},"canonical":"https:\/\/orvikpower.com\/fr\/product\/electric-cargo-tricycle-for-farm-use-factory-fcl-wholesale-orvik","og_locale":"fr_FR","og_type":"article","og_title":"Electric Cargo Tricycle for Farm Use | Factory FCL Wholesale - ORVIK | ORVIK|Light Commercial Electric Vehicles","og_description":"Source the NUEN-SK1.1 Electric Cargo Tricycle for your fleet. High-temp ready, low maintenance, 400kg payload &amp; off-road built. Inquire for factory FCL price!","og_url":"https:\/\/orvikpower.com\/fr\/product\/electric-cargo-tricycle-for-farm-use-factory-fcl-wholesale-orvik","og_site_name":"ORVIK|Light Commercial Electric Vehicles","article_modified_time":"2026-04-07T13:21:08+00:00","og_image":[{"width":588,"height":584,"url":"https:\/\/orvikpower.com\/wp-content\/uploads\/2026\/04\/nuke.png","type":"image\/png"}],"twitter_card":"summary_large_image","twitter_misc":{"Dur\u00e9e de lecture estim\u00e9e":"2 minutes"},"schema":{"@context":"https:\/\/schema.org","@graph":[{"@type":"WebPage","@id":"https:\/\/orvikpower.com\/product\/electric-cargo-tricycle-for-farm-use-factory-fcl-wholesale-orvik","url":"https:\/\/orvikpower.com\/product\/electric-cargo-tricycle-for-farm-use-factory-fcl-wholesale-orvik","name":"Tricycle \u00e9lectrique pour usage agricole | Factory FCL Wholesale - ORVIK | ORVIK|V\u00e9hicules \u00e9lectriques utilitaires l\u00e9gers","isPartOf":{"@id":"https:\/\/orvikpower.com\/#website"},"primaryImageOfPage":{"@id":"https:\/\/orvikpower.com\/product\/electric-cargo-tricycle-for-farm-use-factory-fcl-wholesale-orvik#primaryimage"},"image":{"@id":"https:\/\/orvikpower.com\/product\/electric-cargo-tricycle-for-farm-use-factory-fcl-wholesale-orvik#primaryimage"},"thumbnailUrl":"https:\/\/orvikpower.com\/wp-content\/uploads\/2026\/04\/nuke.png","datePublished":"2026-04-07T13:21:07+00:00","dateModified":"2026-04-07T13:21:08+00:00","breadcrumb":{"@id":"https:\/\/orvikpower.com\/product\/electric-cargo-tricycle-for-farm-use-factory-fcl-wholesale-orvik#breadcrumb"},"inLanguage":"fr-FR","potentialAction":[{"@type":"ReadAction","target":["https:\/\/orvikpower.com\/product\/electric-cargo-tricycle-for-farm-use-factory-fcl-wholesale-orvik"]}]},{"@type":"ImageObject","inLanguage":"fr-FR","@id":"https:\/\/orvikpower.com\/product\/electric-cargo-tricycle-for-farm-use-factory-fcl-wholesale-orvik#primaryimage","url":"https:\/\/orvikpower.com\/wp-content\/uploads\/2026\/04\/nuke.png","contentUrl":"https:\/\/orvikpower.com\/wp-content\/uploads\/2026\/04\/nuke.png","width":588,"height":584,"caption":"Source the NUEN-SK1.1 Electric Cargo Tricycle for your fleet. High-temp ready, low maintenance, 400kg payload & off-road built. Inquire for factory FCL price!"},{"@type":"BreadcrumbList","@id":"https:\/\/orvikpower.com\/product\/electric-cargo-tricycle-for-farm-use-factory-fcl-wholesale-orvik#breadcrumb","itemListElement":[{"@type":"ListItem","position":1,"name":"Home","item":"https:\/\/orvikpower.com\/"},{"@type":"ListItem","position":2,"name":"SHOP","item":"https:\/\/orvikpower.com\/shop"},{"@type":"ListItem","position":3,"name":"Electric Cargo Tricycle for Farm Use | Factory FCL Wholesale &#8211; ORVIK"}]},{"@type":"WebSite","@id":"https:\/\/orvikpower.com\/#website","url":"https:\/\/orvikpower.com\/","name":"ORVIK | V\u00e9hicules \u00e9lectriques utilitaires l\u00e9gers","description":"Premier fabricant de v\u00e9hicules utilitaires \u00e9lectriques tout-terrain, de camionnettes et de mini-camions. Conceptions r\u00e9sistantes aux temp\u00e9ratures \u00e9lev\u00e9es et adapt\u00e9es \u00e0 l'Arctique pour les fermes et les mines. R\u00e9duisez vos co\u00fbts gr\u00e2ce \u00e0 la livraison directe \u00e0 l'usine. Rendre le travail plus fluide. Obtenir un devis.","publisher":{"@id":"https:\/\/orvikpower.com\/#organization"},"potentialAction":[{"@type":"SearchAction","target":{"@type":"EntryPoint","urlTemplate":"https:\/\/orvikpower.com\/?s={search_term_string}"},"query-input":{"@type":"PropertyValueSpecification","valueRequired":true,"valueName":"search_term_string"}}],"inLanguage":"fr-FR"},{"@type":"Organization","@id":"https:\/\/orvikpower.com\/#organization","name":"ORVIK | V\u00e9hicules \u00e9lectriques utilitaires l\u00e9gers","url":"https:\/\/orvikpower.com\/","logo":{"@type":"ImageObject","inLanguage":"fr-FR","@id":"https:\/\/orvikpower.com\/#\/schema\/logo\/image\/","url":"https:\/\/orvikpower.com\/wp-content\/uploads\/2026\/01\/cropped-logo-h-main-small.png","contentUrl":"https:\/\/orvikpower.com\/wp-content\/uploads\/2026\/01\/cropped-logo-h-main-small.png","width":512,"height":512,"caption":"ORVIK | Light Commercial Electric Vehicles"},"image":{"@id":"https:\/\/orvikpower.com\/#\/schema\/logo\/image\/"},"sameAs":["https:\/\/www.youtube.com\/@ORVIKOrvikPower","https:\/\/www.pinterest.com\/OrvikPower\/"]}]}},"_links":{"self":[{"href":"https:\/\/orvikpower.com\/fr\/wp-json\/wp\/v2\/product\/19830","targetHints":{"allow":["GET"]}}],"collection":[{"href":"https:\/\/orvikpower.com\/fr\/wp-json\/wp\/v2\/product"}],"about":[{"href":"https:\/\/orvikpower.com\/fr\/wp-json\/wp\/v2\/types\/product"}],"replies":[{"embeddable":true,"href":"https:\/\/orvikpower.com\/fr\/wp-json\/wp\/v2\/comments?post=19830"}],"wp:featuredmedia":[{"embeddable":true,"href":"https:\/\/orvikpower.com\/fr\/wp-json\/wp\/v2\/media\/19831"}],"wp:attachment":[{"href":"https:\/\/orvikpower.com\/fr\/wp-json\/wp\/v2\/media?parent=19830"}],"wp:term":[{"taxonomy":"product_brand","embeddable":true,"href":"https:\/\/orvikpower.com\/fr\/wp-json\/wp\/v2\/product_brand?post=19830"},{"taxonomy":"product_cat","embeddable":true,"href":"https:\/\/orvikpower.com\/fr\/wp-json\/wp\/v2\/product_cat?post=19830"},{"taxonomy":"product_tag","embeddable":true,"href":"https:\/\/orvikpower.com\/fr\/wp-json\/wp\/v2\/product_tag?post=19830"}],"curies":[{"name":"wp","href":"https:\/\/api.w.org\/{rel}","templated":true}]}}