{"id":19841,"date":"2026-04-07T15:15:53","date_gmt":"2026-04-07T15:15:53","guid":{"rendered":"https:\/\/orvikpower.com\/?post_type=product&#038;p=19841"},"modified":"2026-04-07T15:15:53","modified_gmt":"2026-04-07T15:15:53","slug":"1000w-electric-cargo-trike-for-farm-mining-factory-fcl-orvik","status":"publish","type":"product","link":"https:\/\/orvikpower.com\/fr\/product\/1000w-electric-cargo-trike-for-farm-mining-factory-fcl-orvik","title":{"rendered":"1000W Electric Cargo Trike for Farm &amp; Mining | Factory FCL - ORVIK"},"content":{"rendered":"<p dir=\"auto\">L'ORVIK SK1.5 augmente votre capacit\u00e9 de transport avec un plateau de chargement allong\u00e9 de 1,5 m et des pneus plus larges de 12 pouces, con\u00e7us strictement pour une utilisation hors route et sur les terrains industriels. Construit sur une structure renforc\u00e9e et une suspension arri\u00e8re \u00e0 ressorts \u00e0 lames tr\u00e8s r\u00e9sistante, ce cheval de bataille est con\u00e7u pour transporter jusqu'\u00e0 500 kg de mat\u00e9riaux volumineux, tels que la r\u00e9colte agricole ou les d\u00e9bris de construction, sur des terrains accident\u00e9s et difficiles, sans s'ab\u00eemer. Le diam\u00e8tre plus important des roues se traduit directement par une garde au sol plus \u00e9lev\u00e9e, ce qui donne \u00e0 vos op\u00e9rateurs la confiance n\u00e9cessaire pour parcourir les sentiers agricoles boueux ou les sites d'extraction de gravier.<\/p>\n<div class=\"my-2\"><\/div>\n<p dir=\"auto\">En utilisant un entra\u00eenement diff\u00e9rentiel direct de l'essieu arri\u00e8re, le SK1.5 \u00e9limine les composants de transmission n\u00e9cessitant une maintenance importante, ce qui r\u00e9duit consid\u00e9rablement le co\u00fbt total de possession (TCO) et les temps d'arr\u00eat de votre flotte. Pour s'adapter aux diff\u00e9rents climats du monde, le syst\u00e8me de batterie est enti\u00e8rement personnalisable ; choisissez l'acide-plomb \u00e9conomique pour une utilisation standard, ou le LiFePO4 \u00e0 haute densit\u00e9 pour les environnements \u00e0 temp\u00e9rature extr\u00eame. Lorsque vos exigences op\u00e9rationnelles augmentent, nous faisons de m\u00eame : alors que le moteur standard de 1000W fournit un couple robuste, le syst\u00e8me d'alimentation est personnalisable avec des options pour passer \u00e0 des moteurs de 1200W\/1500W ou installer un prolongateur d'autonomie pour des cycles d'utilisation intensive ininterrompus. Con\u00e7ue pour le travail. Con\u00e7u pour faciliter votre travail.<\/p>\n<table>\n<thead>\n<tr>\n<th>Cat\u00e9gorie de param\u00e8tres<\/th>\n<th>D\u00e9tails de la sp\u00e9cification<\/th>\n<\/tr>\n<\/thead>\n<tbody>\n<tr>\n<td><strong>Dimensions de la soute (L*L*H)<\/strong><\/td>\n<td>1500 * 1000 mm<\/td>\n<\/tr>\n<tr>\n<td><strong>Structure du corps<\/strong><\/td>\n<td>Structure renforc\u00e9e<\/td>\n<\/tr>\n<tr>\n<td><strong>Tension<\/strong><\/td>\n<td>48-60V Universel<\/td>\n<\/tr>\n<tr>\n<td><strong>Puissance du moteur<\/strong><\/td>\n<td>1000W Standard (personnalisable jusqu'\u00e0 1200W\/1500W)<\/td>\n<\/tr>\n<tr>\n<td><strong>Type de batterie<\/strong><\/td>\n<td>Personnalisable (plomb-acide \/ LiFePO4)<\/td>\n<\/tr>\n<tr>\n<td><strong>Syst\u00e8me d'entra\u00eenement<\/strong><\/td>\n<td>Diff\u00e9rentiel int\u00e9gr\u00e9 \u00e0 l'essieu arri\u00e8re<\/td>\n<\/tr>\n<tr>\n<td><strong>Suspension<\/strong><\/td>\n<td>Plaque d'acier pour ressorts hydrauliques avant \/ ressorts \u00e0 lames arri\u00e8re<\/td>\n<\/tr>\n<tr>\n<td><strong>Syst\u00e8me de freinage<\/strong><\/td>\n<td>Freins hydrauliques \u00e0 l'avant \/ freins \u00e0 tambour \u00e0 l'arri\u00e8re<\/td>\n<\/tr>\n<tr>\n<td><strong>Taille des pneus<\/strong><\/td>\n<td>Avant : 3.0-12 \/ Arri\u00e8re : 3.75-12<\/td>\n<\/tr>\n<tr>\n<td><strong>Vitesse maximale<\/strong><\/td>\n<td>30-40 km\/h (hors route \/ utilisation sur propri\u00e9t\u00e9 priv\u00e9e uniquement)<\/td>\n<\/tr>\n<tr>\n<td><strong>Capacit\u00e9 d'escalade<\/strong><\/td>\n<td>15 - 30 degr\u00e9s<\/td>\n<\/tr>\n<tr>\n<td><strong>Capacit\u00e9 de charge nominale<\/strong><\/td>\n<td>300 - 500 KG<\/td>\n<\/tr>\n<tr>\n<td><strong>Dispositifs optionnels<\/strong><\/td>\n<td>Extension de la port\u00e9e, moteur am\u00e9lior\u00e9<\/td>\n<\/tr>\n<tr>\n<td><strong>Qt\u00e9 de chargement (40HQ)<\/strong><\/td>\n<td>Environ 45-55 unit\u00e9s (SKD - Contacter pour la disposition exacte)<\/td>\n<\/tr>\n<\/tbody>\n<\/table>","protected":false},"excerpt":{"rendered":"<p>Trike cargo \u00e9lectrique de gros 1000W avec un lit allong\u00e9 de 1,5m et des pneus de 12 pouces pour les charges encombrantes. Pr\u00eat pour l'Arctique et les hautes temp\u00e9ratures. Obtenez votre devis FCL d\u00e8s aujourd'hui.<\/p>","protected":false},"featured_media":19842,"comment_status":"open","ping_status":"closed","template":"","meta":{"_eb_attr":""},"product_brand":[],"product_cat":[79,77],"product_tag":[125,147,91,154,152,149],"class_list":{"0":"post-19841","1":"product","2":"type-product","3":"status-publish","4":"has-post-thumbnail","6":"product_cat-electric-cargo-tricycles","7":"product_cat-utility-logistics","8":"product_tag-factory","9":"product_tag-farm","10":"product_tag-industrial-park","11":"product_tag-logistics-hub","12":"product_tag-mining-area","13":"product_tag-off-road","15":"first","16":"instock","17":"shipping-taxable","18":"product-type-simple"},"yoast_head":"<!-- This site is optimized with the Yoast SEO plugin v26.9 - https:\/\/yoast.com\/product\/yoast-seo-wordpress\/ -->\n<title>1000W Electric Cargo Trike for Farm &amp; Mining | Factory FCL - ORVIK | ORVIK|Light Commercial Electric Vehicles<\/title>\n<meta name=\"robots\" content=\"index, follow, max-snippet:-1, max-image-preview:large, max-video-preview:-1\" \/>\n<link rel=\"canonical\" href=\"https:\/\/orvikpower.com\/fr\/product\/1000w-electric-cargo-trike-for-farm-mining-factory-fcl-orvik\" \/>\n<meta property=\"og:locale\" content=\"fr_FR\" \/>\n<meta property=\"og:type\" content=\"article\" \/>\n<meta property=\"og:title\" content=\"1000W Electric Cargo Trike for Farm &amp; Mining | Factory FCL - ORVIK | ORVIK|Light Commercial Electric Vehicles\" \/>\n<meta property=\"og:description\" content=\"Wholesale 1000W electric cargo trike featuring an extended 1.5m bed and 12-inch tires for bulky loads. Arctic\/High-temp ready. Get your factory FCL quote today.\" \/>\n<meta property=\"og:url\" content=\"https:\/\/orvikpower.com\/fr\/product\/1000w-electric-cargo-trike-for-farm-mining-factory-fcl-orvik\" \/>\n<meta property=\"og:site_name\" content=\"ORVIK|Light Commercial Electric Vehicles\" \/>\n<meta property=\"og:image\" content=\"https:\/\/orvikpower.com\/wp-content\/uploads\/2026\/04\/main.png\" \/>\n\t<meta property=\"og:image:width\" content=\"2008\" \/>\n\t<meta property=\"og:image:height\" content=\"2008\" \/>\n\t<meta property=\"og:image:type\" content=\"image\/png\" \/>\n<meta name=\"twitter:card\" content=\"summary_large_image\" \/>\n<meta name=\"twitter:label1\" content=\"Dur\u00e9e de lecture estim\u00e9e\" \/>\n\t<meta name=\"twitter:data1\" content=\"2 minutes\" \/>\n<script type=\"application\/ld+json\" class=\"yoast-schema-graph\">{\"@context\":\"https:\/\/schema.org\",\"@graph\":[{\"@type\":\"WebPage\",\"@id\":\"https:\/\/orvikpower.com\/product\/1000w-electric-cargo-trike-for-farm-mining-factory-fcl-orvik\",\"url\":\"https:\/\/orvikpower.com\/product\/1000w-electric-cargo-trike-for-farm-mining-factory-fcl-orvik\",\"name\":\"1000W Electric Cargo Trike for Farm & Mining | Factory FCL - ORVIK | ORVIK|Light Commercial Electric Vehicles\",\"isPartOf\":{\"@id\":\"https:\/\/orvikpower.com\/#website\"},\"primaryImageOfPage\":{\"@id\":\"https:\/\/orvikpower.com\/product\/1000w-electric-cargo-trike-for-farm-mining-factory-fcl-orvik#primaryimage\"},\"image\":{\"@id\":\"https:\/\/orvikpower.com\/product\/1000w-electric-cargo-trike-for-farm-mining-factory-fcl-orvik#primaryimage\"},\"thumbnailUrl\":\"https:\/\/orvikpower.com\/wp-content\/uploads\/2026\/04\/main.png\",\"datePublished\":\"2026-04-07T15:15:53+00:00\",\"breadcrumb\":{\"@id\":\"https:\/\/orvikpower.com\/product\/1000w-electric-cargo-trike-for-farm-mining-factory-fcl-orvik#breadcrumb\"},\"inLanguage\":\"fr-FR\",\"potentialAction\":[{\"@type\":\"ReadAction\",\"target\":[\"https:\/\/orvikpower.com\/product\/1000w-electric-cargo-trike-for-farm-mining-factory-fcl-orvik\"]}]},{\"@type\":\"ImageObject\",\"inLanguage\":\"fr-FR\",\"@id\":\"https:\/\/orvikpower.com\/product\/1000w-electric-cargo-trike-for-farm-mining-factory-fcl-orvik#primaryimage\",\"url\":\"https:\/\/orvikpower.com\/wp-content\/uploads\/2026\/04\/main.png\",\"contentUrl\":\"https:\/\/orvikpower.com\/wp-content\/uploads\/2026\/04\/main.png\",\"width\":2008,\"height\":2008,\"caption\":\"Wholesale 1000W electric cargo trike featuring an extended 1.5m bed and 12-inch tires for bulky loads. Arctic\/High-temp ready. Get your factory FCL quote today.\"},{\"@type\":\"BreadcrumbList\",\"@id\":\"https:\/\/orvikpower.com\/product\/1000w-electric-cargo-trike-for-farm-mining-factory-fcl-orvik#breadcrumb\",\"itemListElement\":[{\"@type\":\"ListItem\",\"position\":1,\"name\":\"Home\",\"item\":\"https:\/\/orvikpower.com\/\"},{\"@type\":\"ListItem\",\"position\":2,\"name\":\"SHOP\",\"item\":\"https:\/\/orvikpower.com\/shop\"},{\"@type\":\"ListItem\",\"position\":3,\"name\":\"1000W Electric Cargo Trike for Farm &#038; Mining | Factory FCL &#8211; ORVIK\"}]},{\"@type\":\"WebSite\",\"@id\":\"https:\/\/orvikpower.com\/#website\",\"url\":\"https:\/\/orvikpower.com\/\",\"name\":\"ORVIK | Light Commercial Electric Vehicles\",\"description\":\"Premier Manufacturer of Off-road Electric Utility Vehicles, Pickups &amp; Mini Trucks. High-Temp &amp; Arctic Ready designs for farms &amp; mines. Save costs with Factory-Direct FCL. Make work flow. Get a Quote.\",\"publisher\":{\"@id\":\"https:\/\/orvikpower.com\/#organization\"},\"potentialAction\":[{\"@type\":\"SearchAction\",\"target\":{\"@type\":\"EntryPoint\",\"urlTemplate\":\"https:\/\/orvikpower.com\/?s={search_term_string}\"},\"query-input\":{\"@type\":\"PropertyValueSpecification\",\"valueRequired\":true,\"valueName\":\"search_term_string\"}}],\"inLanguage\":\"fr-FR\"},{\"@type\":\"Organization\",\"@id\":\"https:\/\/orvikpower.com\/#organization\",\"name\":\"ORVIK | Light Commercial Electric Vehicles\",\"url\":\"https:\/\/orvikpower.com\/\",\"logo\":{\"@type\":\"ImageObject\",\"inLanguage\":\"fr-FR\",\"@id\":\"https:\/\/orvikpower.com\/#\/schema\/logo\/image\/\",\"url\":\"https:\/\/orvikpower.com\/wp-content\/uploads\/2026\/01\/cropped-logo-h-main-small.png\",\"contentUrl\":\"https:\/\/orvikpower.com\/wp-content\/uploads\/2026\/01\/cropped-logo-h-main-small.png\",\"width\":512,\"height\":512,\"caption\":\"ORVIK | Light Commercial Electric Vehicles\"},\"image\":{\"@id\":\"https:\/\/orvikpower.com\/#\/schema\/logo\/image\/\"},\"sameAs\":[\"https:\/\/www.youtube.com\/@ORVIKOrvikPower\",\"https:\/\/www.pinterest.com\/OrvikPower\/\"]}]}<\/script>\n<!-- \/ Yoast SEO plugin. -->","yoast_head_json":{"title":"1000W Electric Cargo Trike for Farm &amp; Mining | Factory FCL - ORVIK | ORVIK|Light Commercial Electric Vehicles","robots":{"index":"index","follow":"follow","max-snippet":"max-snippet:-1","max-image-preview":"max-image-preview:large","max-video-preview":"max-video-preview:-1"},"canonical":"https:\/\/orvikpower.com\/fr\/product\/1000w-electric-cargo-trike-for-farm-mining-factory-fcl-orvik","og_locale":"fr_FR","og_type":"article","og_title":"1000W Electric Cargo Trike for Farm & Mining | Factory FCL - ORVIK | ORVIK|Light Commercial Electric Vehicles","og_description":"Wholesale 1000W electric cargo trike featuring an extended 1.5m bed and 12-inch tires for bulky loads. Arctic\/High-temp ready. Get your factory FCL quote today.","og_url":"https:\/\/orvikpower.com\/fr\/product\/1000w-electric-cargo-trike-for-farm-mining-factory-fcl-orvik","og_site_name":"ORVIK|Light Commercial Electric Vehicles","og_image":[{"width":2008,"height":2008,"url":"https:\/\/orvikpower.com\/wp-content\/uploads\/2026\/04\/main.png","type":"image\/png"}],"twitter_card":"summary_large_image","twitter_misc":{"Dur\u00e9e de lecture estim\u00e9e":"2 minutes"},"schema":{"@context":"https:\/\/schema.org","@graph":[{"@type":"WebPage","@id":"https:\/\/orvikpower.com\/product\/1000w-electric-cargo-trike-for-farm-mining-factory-fcl-orvik","url":"https:\/\/orvikpower.com\/product\/1000w-electric-cargo-trike-for-farm-mining-factory-fcl-orvik","name":"1000W Electric Cargo Trike for Farm &amp; Mining | Factory FCL - ORVIK | ORVIK|Light Commercial Electric Vehicles","isPartOf":{"@id":"https:\/\/orvikpower.com\/#website"},"primaryImageOfPage":{"@id":"https:\/\/orvikpower.com\/product\/1000w-electric-cargo-trike-for-farm-mining-factory-fcl-orvik#primaryimage"},"image":{"@id":"https:\/\/orvikpower.com\/product\/1000w-electric-cargo-trike-for-farm-mining-factory-fcl-orvik#primaryimage"},"thumbnailUrl":"https:\/\/orvikpower.com\/wp-content\/uploads\/2026\/04\/main.png","datePublished":"2026-04-07T15:15:53+00:00","breadcrumb":{"@id":"https:\/\/orvikpower.com\/product\/1000w-electric-cargo-trike-for-farm-mining-factory-fcl-orvik#breadcrumb"},"inLanguage":"fr-FR","potentialAction":[{"@type":"ReadAction","target":["https:\/\/orvikpower.com\/product\/1000w-electric-cargo-trike-for-farm-mining-factory-fcl-orvik"]}]},{"@type":"ImageObject","inLanguage":"fr-FR","@id":"https:\/\/orvikpower.com\/product\/1000w-electric-cargo-trike-for-farm-mining-factory-fcl-orvik#primaryimage","url":"https:\/\/orvikpower.com\/wp-content\/uploads\/2026\/04\/main.png","contentUrl":"https:\/\/orvikpower.com\/wp-content\/uploads\/2026\/04\/main.png","width":2008,"height":2008,"caption":"Wholesale 1000W electric cargo trike featuring an extended 1.5m bed and 12-inch tires for bulky loads. Arctic\/High-temp ready. Get your factory FCL quote today."},{"@type":"BreadcrumbList","@id":"https:\/\/orvikpower.com\/product\/1000w-electric-cargo-trike-for-farm-mining-factory-fcl-orvik#breadcrumb","itemListElement":[{"@type":"ListItem","position":1,"name":"Home","item":"https:\/\/orvikpower.com\/"},{"@type":"ListItem","position":2,"name":"SHOP","item":"https:\/\/orvikpower.com\/shop"},{"@type":"ListItem","position":3,"name":"1000W Electric Cargo Trike for Farm &#038; Mining | Factory FCL &#8211; ORVIK"}]},{"@type":"WebSite","@id":"https:\/\/orvikpower.com\/#website","url":"https:\/\/orvikpower.com\/","name":"ORVIK | V\u00e9hicules \u00e9lectriques utilitaires l\u00e9gers","description":"Premier fabricant de v\u00e9hicules utilitaires \u00e9lectriques tout-terrain, de camionnettes et de mini-camions. Conceptions r\u00e9sistantes aux temp\u00e9ratures \u00e9lev\u00e9es et adapt\u00e9es \u00e0 l'Arctique pour les fermes et les mines. R\u00e9duisez vos co\u00fbts gr\u00e2ce \u00e0 la livraison directe \u00e0 l'usine. Rendre le travail plus fluide. Obtenir un devis.","publisher":{"@id":"https:\/\/orvikpower.com\/#organization"},"potentialAction":[{"@type":"SearchAction","target":{"@type":"EntryPoint","urlTemplate":"https:\/\/orvikpower.com\/?s={search_term_string}"},"query-input":{"@type":"PropertyValueSpecification","valueRequired":true,"valueName":"search_term_string"}}],"inLanguage":"fr-FR"},{"@type":"Organization","@id":"https:\/\/orvikpower.com\/#organization","name":"ORVIK | V\u00e9hicules \u00e9lectriques utilitaires l\u00e9gers","url":"https:\/\/orvikpower.com\/","logo":{"@type":"ImageObject","inLanguage":"fr-FR","@id":"https:\/\/orvikpower.com\/#\/schema\/logo\/image\/","url":"https:\/\/orvikpower.com\/wp-content\/uploads\/2026\/01\/cropped-logo-h-main-small.png","contentUrl":"https:\/\/orvikpower.com\/wp-content\/uploads\/2026\/01\/cropped-logo-h-main-small.png","width":512,"height":512,"caption":"ORVIK | Light Commercial Electric Vehicles"},"image":{"@id":"https:\/\/orvikpower.com\/#\/schema\/logo\/image\/"},"sameAs":["https:\/\/www.youtube.com\/@ORVIKOrvikPower","https:\/\/www.pinterest.com\/OrvikPower\/"]}]}},"_links":{"self":[{"href":"https:\/\/orvikpower.com\/fr\/wp-json\/wp\/v2\/product\/19841","targetHints":{"allow":["GET"]}}],"collection":[{"href":"https:\/\/orvikpower.com\/fr\/wp-json\/wp\/v2\/product"}],"about":[{"href":"https:\/\/orvikpower.com\/fr\/wp-json\/wp\/v2\/types\/product"}],"replies":[{"embeddable":true,"href":"https:\/\/orvikpower.com\/fr\/wp-json\/wp\/v2\/comments?post=19841"}],"wp:featuredmedia":[{"embeddable":true,"href":"https:\/\/orvikpower.com\/fr\/wp-json\/wp\/v2\/media\/19842"}],"wp:attachment":[{"href":"https:\/\/orvikpower.com\/fr\/wp-json\/wp\/v2\/media?parent=19841"}],"wp:term":[{"taxonomy":"product_brand","embeddable":true,"href":"https:\/\/orvikpower.com\/fr\/wp-json\/wp\/v2\/product_brand?post=19841"},{"taxonomy":"product_cat","embeddable":true,"href":"https:\/\/orvikpower.com\/fr\/wp-json\/wp\/v2\/product_cat?post=19841"},{"taxonomy":"product_tag","embeddable":true,"href":"https:\/\/orvikpower.com\/fr\/wp-json\/wp\/v2\/product_tag?post=19841"}],"curies":[{"name":"wp","href":"https:\/\/api.w.org\/{rel}","templated":true}]}}