{"id":19889,"date":"2026-04-08T02:13:45","date_gmt":"2026-04-08T02:13:45","guid":{"rendered":"https:\/\/orvikpower.com\/?post_type=product&#038;p=19889"},"modified":"2026-04-08T02:13:45","modified_gmt":"2026-04-08T02:13:45","slug":"1-9m-tall-enclosed-passenger-trike-6-seater-factory-fcl-orvik","status":"publish","type":"product","link":"https:\/\/orvikpower.com\/fr\/product\/1-9m-tall-enclosed-passenger-trike-6-seater-factory-fcl-orvik","title":{"rendered":"Trike ferm\u00e9 de 1,9 m de haut (6 places) | FCL d'usine - ORVIK"},"content":{"rendered":"<p dir=\"auto\">L'ORVIK DDC IV offre un avantage g\u00e9om\u00e9trique unique pour les stations tout-terrain et le transport industriel : un profil \u00e9troit tr\u00e8s maniable (1010 mm de largeur) combin\u00e9 \u00e0 une cabine exceptionnellement haute (1900 mm de hauteur). Cette conception sp\u00e9cifique permet au v\u00e9hicule de se faufiler facilement dans les all\u00e9es \u00e9troites des campus ou des usines, tout en transportant confortablement 5 \u00e0 6 passagers avec une hauteur sous plafond sup\u00e9rieure \u00e0 celle d'un VIP. La cabine enti\u00e8rement ferm\u00e9e et \u00e9tanche est \u00e9quip\u00e9e d'un chauffage int\u00e9gr\u00e9, ce qui assure une protection absolue contre le gel ou les sites miniers poussi\u00e9reux.<\/p>\n<div class=\"my-2\"><\/div>\n<p dir=\"auto\">Construite sur une structure robuste avec une suspension arri\u00e8re \u00e0 lames et un syst\u00e8me de freinage \u00e0 disque sur les trois roues, cette navette assure une conduite stable et s\u00fbre, m\u00eame sur les terrains accident\u00e9s. En adoptant un groupe motopropulseur \u00e9lectrique, vous \u00e9liminez l'entretien et le bruit du moteur \u00e0 combustion interne, ce qui r\u00e9duit consid\u00e9rablement le co\u00fbt total de possession (TCO). Pour r\u00e9pondre aux diff\u00e9rents climats mondiaux, le syst\u00e8me de batterie est enti\u00e8rement personnalisable (plomb-acide ou LiFePO4 \u00e0 temp\u00e9rature extr\u00eame). Bien qu'\u00e9quip\u00e9 d'un moteur standard de 1000W, nous recommandons vivement de personnaliser la puissance de sortie pour les pentes raides, ou d'ajouter des prolongateurs d'autonomie hybrides et des panneaux solaires en option pour une endurance hors r\u00e9seau. Con\u00e7u pour les espaces restreints. Construit directement. Con\u00e7u pour faciliter votre travail.<\/p>\n<table>\n<thead>\n<tr>\n<th>Cat\u00e9gorie de param\u00e8tres<\/th>\n<th>D\u00e9tails de la sp\u00e9cification<\/th>\n<\/tr>\n<\/thead>\n<tbody>\n<tr>\n<td><strong>Dimensions globales (L*L*H)<\/strong><\/td>\n<td>2850 <em>1010 <\/em>1900 mm<\/td>\n<\/tr>\n<tr>\n<td><strong>Capacit\u00e9 en passagers<\/strong><\/td>\n<td>5 - 6 personnes (y compris le conducteur)<\/td>\n<\/tr>\n<tr>\n<td><strong>Tension<\/strong><\/td>\n<td>60-72V Universel<\/td>\n<\/tr>\n<tr>\n<td><strong>Puissance du moteur<\/strong><\/td>\n<td>1000W Standard (les mises \u00e0 jour de puissance personnalis\u00e9es sont fortement recommand\u00e9es pour une charge de 6 pax)<\/td>\n<\/tr>\n<tr>\n<td><strong>Contr\u00f4leur<\/strong><\/td>\n<td>Contr\u00f4leur double \u00e0 18 tubes<\/td>\n<\/tr>\n<tr>\n<td><strong>Type de batterie<\/strong><\/td>\n<td>Personnalisable (plomb-acide \/ LiFePO4)<\/td>\n<\/tr>\n<tr>\n<td><strong>Suspension<\/strong><\/td>\n<td>Plaque d'acier pour ressorts hydrauliques avant \/ ressorts \u00e0 lames arri\u00e8re<\/td>\n<\/tr>\n<tr>\n<td><strong>Syst\u00e8me de freinage<\/strong><\/td>\n<td>Freins \u00e0 disque aux trois roues<\/td>\n<\/tr>\n<tr>\n<td><strong>Taille des pneus<\/strong><\/td>\n<td>Avant : 3.75-12 \/ Arri\u00e8re : 4.00-12<\/td>\n<\/tr>\n<tr>\n<td><strong>Principales configurations<\/strong><\/td>\n<td>Tableau de bord LCD int\u00e9gr\u00e9, cam\u00e9ra de recul, chauffage de cabine, radio<\/td>\n<\/tr>\n<tr>\n<td><strong>Am\u00e9liorations optionnelles<\/strong><\/td>\n<td>Prolongateur d'autonomie hybride, toit g\u00e9n\u00e9rateur d'\u00e9nergie solaire<\/td>\n<\/tr>\n<tr>\n<td><strong>Vitesse maximale<\/strong><\/td>\n<td>Strictement limit\u00e9 (utilisation hors route \/ propri\u00e9t\u00e9 priv\u00e9e uniquement)<\/td>\n<\/tr>\n<tr>\n<td><strong>Qt\u00e9 de chargement (40HQ)<\/strong><\/td>\n<td>Environ 20-25 unit\u00e9s (SKD - Contact pour la disposition pr\u00e9cise des conteneurs en raison de la hauteur extr\u00eame de 1,9 m)<\/td>\n<\/tr>\n<\/tbody>\n<\/table>","protected":false},"excerpt":{"rendered":"<p>Trike \u00e9lectrique de grande taille (6 places) avec un profil \u00e9troit de 1 m et une cabine de 1,9 m de haut. Chauffage int\u00e9gr\u00e9 et pr\u00eat pour l'Arctique. Obtenez un devis FCL en usine.<\/p>","protected":false},"featured_media":19895,"comment_status":"open","ping_status":"closed","template":"","meta":{"_eb_attr":""},"product_brand":[],"product_cat":[70,73],"product_tag":[160,167,159,166,149,88],"class_list":{"0":"post-19889","1":"product","2":"type-product","3":"status-publish","4":"has-post-thumbnail","6":"product_cat-lsev-passenger-mobility","7":"product_cat-sightseeing-shuttle-buses","8":"product_tag-cold-climate-transit","9":"product_tag-high-headroom-shuttle","10":"product_tag-industrial-campus","11":"product_tag-narrow-pathway-transit","12":"product_tag-off-road","13":"product_tag-resort","15":"first","16":"instock","17":"shipping-taxable","18":"product-type-simple"},"yoast_head":"<!-- This site is optimized with the Yoast SEO plugin v26.9 - https:\/\/yoast.com\/product\/yoast-seo-wordpress\/ -->\n<title>1.9m Tall Enclosed Passenger Trike (6-Seater) | Factory FCL - ORVIK | ORVIK|Light Commercial Electric Vehicles<\/title>\n<meta name=\"robots\" content=\"index, follow, max-snippet:-1, max-image-preview:large, max-video-preview:-1\" \/>\n<link rel=\"canonical\" href=\"https:\/\/orvikpower.com\/fr\/product\/1-9m-tall-enclosed-passenger-trike-6-seater-factory-fcl-orvik\" \/>\n<meta property=\"og:locale\" content=\"fr_FR\" \/>\n<meta property=\"og:type\" content=\"article\" \/>\n<meta property=\"og:title\" content=\"1.9m Tall Enclosed Passenger Trike (6-Seater) | Factory FCL - ORVIK | ORVIK|Light Commercial Electric Vehicles\" \/>\n<meta property=\"og:description\" content=\"Wholesale enclosed electric passenger trike (6-seater) with a narrow 1m profile &amp; 1.9m tall cabin. Built-in heater &amp; Arctic-ready. Get factory FCL quotes.\" \/>\n<meta property=\"og:url\" content=\"https:\/\/orvikpower.com\/fr\/product\/1-9m-tall-enclosed-passenger-trike-6-seater-factory-fcl-orvik\" \/>\n<meta property=\"og:site_name\" content=\"ORVIK|Light Commercial Electric Vehicles\" \/>\n<meta property=\"og:image\" content=\"https:\/\/orvikpower.com\/wp-content\/uploads\/2026\/04\/main-4.png\" \/>\n\t<meta property=\"og:image:width\" content=\"707\" \/>\n\t<meta property=\"og:image:height\" content=\"707\" \/>\n\t<meta property=\"og:image:type\" content=\"image\/png\" \/>\n<meta name=\"twitter:card\" content=\"summary_large_image\" \/>\n<meta name=\"twitter:label1\" content=\"Dur\u00e9e de lecture estim\u00e9e\" \/>\n\t<meta name=\"twitter:data1\" content=\"2 minutes\" \/>\n<script type=\"application\/ld+json\" class=\"yoast-schema-graph\">{\"@context\":\"https:\/\/schema.org\",\"@graph\":[{\"@type\":\"WebPage\",\"@id\":\"https:\/\/orvikpower.com\/product\/1-9m-tall-enclosed-passenger-trike-6-seater-factory-fcl-orvik\",\"url\":\"https:\/\/orvikpower.com\/product\/1-9m-tall-enclosed-passenger-trike-6-seater-factory-fcl-orvik\",\"name\":\"1.9m Tall Enclosed Passenger Trike (6-Seater) | Factory FCL - ORVIK | ORVIK|Light Commercial Electric Vehicles\",\"isPartOf\":{\"@id\":\"https:\/\/orvikpower.com\/#website\"},\"primaryImageOfPage\":{\"@id\":\"https:\/\/orvikpower.com\/product\/1-9m-tall-enclosed-passenger-trike-6-seater-factory-fcl-orvik#primaryimage\"},\"image\":{\"@id\":\"https:\/\/orvikpower.com\/product\/1-9m-tall-enclosed-passenger-trike-6-seater-factory-fcl-orvik#primaryimage\"},\"thumbnailUrl\":\"https:\/\/orvikpower.com\/wp-content\/uploads\/2026\/04\/main-4.png\",\"datePublished\":\"2026-04-08T02:13:45+00:00\",\"breadcrumb\":{\"@id\":\"https:\/\/orvikpower.com\/product\/1-9m-tall-enclosed-passenger-trike-6-seater-factory-fcl-orvik#breadcrumb\"},\"inLanguage\":\"fr-FR\",\"potentialAction\":[{\"@type\":\"ReadAction\",\"target\":[\"https:\/\/orvikpower.com\/product\/1-9m-tall-enclosed-passenger-trike-6-seater-factory-fcl-orvik\"]}]},{\"@type\":\"ImageObject\",\"inLanguage\":\"fr-FR\",\"@id\":\"https:\/\/orvikpower.com\/product\/1-9m-tall-enclosed-passenger-trike-6-seater-factory-fcl-orvik#primaryimage\",\"url\":\"https:\/\/orvikpower.com\/wp-content\/uploads\/2026\/04\/main-4.png\",\"contentUrl\":\"https:\/\/orvikpower.com\/wp-content\/uploads\/2026\/04\/main-4.png\",\"width\":707,\"height\":707,\"caption\":\"Wholesale enclosed electric passenger trike (6-seater) with a narrow 1m profile & 1.9m tall cabin. Built-in heater & Arctic-ready. Get factory FCL quotes.\"},{\"@type\":\"BreadcrumbList\",\"@id\":\"https:\/\/orvikpower.com\/product\/1-9m-tall-enclosed-passenger-trike-6-seater-factory-fcl-orvik#breadcrumb\",\"itemListElement\":[{\"@type\":\"ListItem\",\"position\":1,\"name\":\"Home\",\"item\":\"https:\/\/orvikpower.com\/\"},{\"@type\":\"ListItem\",\"position\":2,\"name\":\"SHOP\",\"item\":\"https:\/\/orvikpower.com\/shop\"},{\"@type\":\"ListItem\",\"position\":3,\"name\":\"1.9m Tall Enclosed Passenger Trike (6-Seater) | Factory FCL &#8211; ORVIK\"}]},{\"@type\":\"WebSite\",\"@id\":\"https:\/\/orvikpower.com\/#website\",\"url\":\"https:\/\/orvikpower.com\/\",\"name\":\"ORVIK | Light Commercial Electric Vehicles\",\"description\":\"Premier Manufacturer of Off-road Electric Utility Vehicles, Pickups &amp; Mini Trucks. High-Temp &amp; Arctic Ready designs for farms &amp; mines. Save costs with Factory-Direct FCL. Make work flow. Get a Quote.\",\"publisher\":{\"@id\":\"https:\/\/orvikpower.com\/#organization\"},\"potentialAction\":[{\"@type\":\"SearchAction\",\"target\":{\"@type\":\"EntryPoint\",\"urlTemplate\":\"https:\/\/orvikpower.com\/?s={search_term_string}\"},\"query-input\":{\"@type\":\"PropertyValueSpecification\",\"valueRequired\":true,\"valueName\":\"search_term_string\"}}],\"inLanguage\":\"fr-FR\"},{\"@type\":\"Organization\",\"@id\":\"https:\/\/orvikpower.com\/#organization\",\"name\":\"ORVIK | Light Commercial Electric Vehicles\",\"url\":\"https:\/\/orvikpower.com\/\",\"logo\":{\"@type\":\"ImageObject\",\"inLanguage\":\"fr-FR\",\"@id\":\"https:\/\/orvikpower.com\/#\/schema\/logo\/image\/\",\"url\":\"https:\/\/orvikpower.com\/wp-content\/uploads\/2026\/01\/cropped-logo-h-main-small.png\",\"contentUrl\":\"https:\/\/orvikpower.com\/wp-content\/uploads\/2026\/01\/cropped-logo-h-main-small.png\",\"width\":512,\"height\":512,\"caption\":\"ORVIK | Light Commercial Electric Vehicles\"},\"image\":{\"@id\":\"https:\/\/orvikpower.com\/#\/schema\/logo\/image\/\"},\"sameAs\":[\"https:\/\/www.youtube.com\/@ORVIKOrvikPower\",\"https:\/\/www.pinterest.com\/OrvikPower\/\"]}]}<\/script>\n<!-- \/ Yoast SEO plugin. -->","yoast_head_json":{"title":"Trike ferm\u00e9 de 1,9 m de haut (6 places) | Factory FCL - ORVIK | ORVIK|V\u00e9hicules \u00e9lectriques utilitaires l\u00e9gers","robots":{"index":"index","follow":"follow","max-snippet":"max-snippet:-1","max-image-preview":"max-image-preview:large","max-video-preview":"max-video-preview:-1"},"canonical":"https:\/\/orvikpower.com\/fr\/product\/1-9m-tall-enclosed-passenger-trike-6-seater-factory-fcl-orvik","og_locale":"fr_FR","og_type":"article","og_title":"1.9m Tall Enclosed Passenger Trike (6-Seater) | Factory FCL - ORVIK | ORVIK|Light Commercial Electric Vehicles","og_description":"Wholesale enclosed electric passenger trike (6-seater) with a narrow 1m profile &amp; 1.9m tall cabin. Built-in heater &amp; Arctic-ready. Get factory FCL quotes.","og_url":"https:\/\/orvikpower.com\/fr\/product\/1-9m-tall-enclosed-passenger-trike-6-seater-factory-fcl-orvik","og_site_name":"ORVIK|Light Commercial Electric Vehicles","og_image":[{"width":707,"height":707,"url":"https:\/\/orvikpower.com\/wp-content\/uploads\/2026\/04\/main-4.png","type":"image\/png"}],"twitter_card":"summary_large_image","twitter_misc":{"Dur\u00e9e de lecture estim\u00e9e":"2 minutes"},"schema":{"@context":"https:\/\/schema.org","@graph":[{"@type":"WebPage","@id":"https:\/\/orvikpower.com\/product\/1-9m-tall-enclosed-passenger-trike-6-seater-factory-fcl-orvik","url":"https:\/\/orvikpower.com\/product\/1-9m-tall-enclosed-passenger-trike-6-seater-factory-fcl-orvik","name":"Trike ferm\u00e9 de 1,9 m de haut (6 places) | Factory FCL - ORVIK | ORVIK|V\u00e9hicules \u00e9lectriques utilitaires l\u00e9gers","isPartOf":{"@id":"https:\/\/orvikpower.com\/#website"},"primaryImageOfPage":{"@id":"https:\/\/orvikpower.com\/product\/1-9m-tall-enclosed-passenger-trike-6-seater-factory-fcl-orvik#primaryimage"},"image":{"@id":"https:\/\/orvikpower.com\/product\/1-9m-tall-enclosed-passenger-trike-6-seater-factory-fcl-orvik#primaryimage"},"thumbnailUrl":"https:\/\/orvikpower.com\/wp-content\/uploads\/2026\/04\/main-4.png","datePublished":"2026-04-08T02:13:45+00:00","breadcrumb":{"@id":"https:\/\/orvikpower.com\/product\/1-9m-tall-enclosed-passenger-trike-6-seater-factory-fcl-orvik#breadcrumb"},"inLanguage":"fr-FR","potentialAction":[{"@type":"ReadAction","target":["https:\/\/orvikpower.com\/product\/1-9m-tall-enclosed-passenger-trike-6-seater-factory-fcl-orvik"]}]},{"@type":"ImageObject","inLanguage":"fr-FR","@id":"https:\/\/orvikpower.com\/product\/1-9m-tall-enclosed-passenger-trike-6-seater-factory-fcl-orvik#primaryimage","url":"https:\/\/orvikpower.com\/wp-content\/uploads\/2026\/04\/main-4.png","contentUrl":"https:\/\/orvikpower.com\/wp-content\/uploads\/2026\/04\/main-4.png","width":707,"height":707,"caption":"Wholesale enclosed electric passenger trike (6-seater) with a narrow 1m profile & 1.9m tall cabin. Built-in heater & Arctic-ready. Get factory FCL quotes."},{"@type":"BreadcrumbList","@id":"https:\/\/orvikpower.com\/product\/1-9m-tall-enclosed-passenger-trike-6-seater-factory-fcl-orvik#breadcrumb","itemListElement":[{"@type":"ListItem","position":1,"name":"Home","item":"https:\/\/orvikpower.com\/"},{"@type":"ListItem","position":2,"name":"SHOP","item":"https:\/\/orvikpower.com\/shop"},{"@type":"ListItem","position":3,"name":"1.9m Tall Enclosed Passenger Trike (6-Seater) | Factory FCL &#8211; ORVIK"}]},{"@type":"WebSite","@id":"https:\/\/orvikpower.com\/#website","url":"https:\/\/orvikpower.com\/","name":"ORVIK | V\u00e9hicules \u00e9lectriques utilitaires l\u00e9gers","description":"Premier fabricant de v\u00e9hicules utilitaires \u00e9lectriques tout-terrain, de camionnettes et de mini-camions. Conceptions r\u00e9sistantes aux temp\u00e9ratures \u00e9lev\u00e9es et adapt\u00e9es \u00e0 l'Arctique pour les fermes et les mines. R\u00e9duisez vos co\u00fbts gr\u00e2ce \u00e0 la livraison directe \u00e0 l'usine. Rendre le travail plus fluide. Obtenir un devis.","publisher":{"@id":"https:\/\/orvikpower.com\/#organization"},"potentialAction":[{"@type":"SearchAction","target":{"@type":"EntryPoint","urlTemplate":"https:\/\/orvikpower.com\/?s={search_term_string}"},"query-input":{"@type":"PropertyValueSpecification","valueRequired":true,"valueName":"search_term_string"}}],"inLanguage":"fr-FR"},{"@type":"Organization","@id":"https:\/\/orvikpower.com\/#organization","name":"ORVIK | V\u00e9hicules \u00e9lectriques utilitaires l\u00e9gers","url":"https:\/\/orvikpower.com\/","logo":{"@type":"ImageObject","inLanguage":"fr-FR","@id":"https:\/\/orvikpower.com\/#\/schema\/logo\/image\/","url":"https:\/\/orvikpower.com\/wp-content\/uploads\/2026\/01\/cropped-logo-h-main-small.png","contentUrl":"https:\/\/orvikpower.com\/wp-content\/uploads\/2026\/01\/cropped-logo-h-main-small.png","width":512,"height":512,"caption":"ORVIK | Light Commercial Electric Vehicles"},"image":{"@id":"https:\/\/orvikpower.com\/#\/schema\/logo\/image\/"},"sameAs":["https:\/\/www.youtube.com\/@ORVIKOrvikPower","https:\/\/www.pinterest.com\/OrvikPower\/"]}]}},"_links":{"self":[{"href":"https:\/\/orvikpower.com\/fr\/wp-json\/wp\/v2\/product\/19889","targetHints":{"allow":["GET"]}}],"collection":[{"href":"https:\/\/orvikpower.com\/fr\/wp-json\/wp\/v2\/product"}],"about":[{"href":"https:\/\/orvikpower.com\/fr\/wp-json\/wp\/v2\/types\/product"}],"replies":[{"embeddable":true,"href":"https:\/\/orvikpower.com\/fr\/wp-json\/wp\/v2\/comments?post=19889"}],"wp:featuredmedia":[{"embeddable":true,"href":"https:\/\/orvikpower.com\/fr\/wp-json\/wp\/v2\/media\/19895"}],"wp:attachment":[{"href":"https:\/\/orvikpower.com\/fr\/wp-json\/wp\/v2\/media?parent=19889"}],"wp:term":[{"taxonomy":"product_brand","embeddable":true,"href":"https:\/\/orvikpower.com\/fr\/wp-json\/wp\/v2\/product_brand?post=19889"},{"taxonomy":"product_cat","embeddable":true,"href":"https:\/\/orvikpower.com\/fr\/wp-json\/wp\/v2\/product_cat?post=19889"},{"taxonomy":"product_tag","embeddable":true,"href":"https:\/\/orvikpower.com\/fr\/wp-json\/wp\/v2\/product_tag?post=19889"}],"curies":[{"name":"wp","href":"https:\/\/api.w.org\/{rel}","templated":true}]}}