{"id":19896,"date":"2026-04-08T02:20:44","date_gmt":"2026-04-08T02:20:44","guid":{"rendered":"https:\/\/orvikpower.com\/?post_type=product&#038;p=19896"},"modified":"2026-04-08T02:20:44","modified_gmt":"2026-04-08T02:20:44","slug":"3-seat-enclosed-passenger-trike-for-resorts-factory-fcl-orvik","status":"publish","type":"product","link":"https:\/\/orvikpower.com\/fr\/product\/3-seat-enclosed-passenger-trike-for-resorts-factory-fcl-orvik","title":{"rendered":"Trike 3 places \u00e0 passager ferm\u00e9 pour les centres de vacances - Factory FCL - ORVIK"},"content":{"rendered":"<p dir=\"auto\">L'ORVIK L3 est un tricycle \u00e9lectrique compact et enti\u00e8rement ferm\u00e9 pour le transport de passagers, avec une configuration tr\u00e8s pratique de 3 portes et 3 places. Con\u00e7u exclusivement pour les d\u00e9placements hors route, les campus priv\u00e9s et les parcs industriels, son habitacle \u00e9tanche est \u00e9quip\u00e9 en standard d'un syst\u00e8me de chauffage et propose en option la climatisation. Cela garantit le confort des passagers tout au long de l'ann\u00e9e, prot\u00e9geant ainsi vos clients et votre personnel, qu'ils traversent des hivers russes glacials ou des \u00e9t\u00e9s br\u00fblants du Moyen-Orient. Sur le plan m\u00e9canique, la robuste suspension arri\u00e8re \u00e0 ressorts \u00e0 lames permet d'emprunter sans effort les chemins de gravier ou de terre in\u00e9gaux des propri\u00e9t\u00e9s priv\u00e9es.<\/p>\n<div class=\"my-2\"><\/div>\n<p dir=\"auto\">En passant \u00e0 ce mod\u00e8le \u00e9lectrique ferm\u00e9, vous \u00e9liminez les moteurs \u00e0 combustion interne n\u00e9cessitant beaucoup d'entretien, ce qui r\u00e9duit consid\u00e9rablement les temps d'arr\u00eat de votre flotte et le co\u00fbt total de possession (TCO). Pour r\u00e9pondre aux diff\u00e9rents climats mondiaux, le syst\u00e8me de batterie est enti\u00e8rement personnalisable (choisissez l'acide-plomb standard pour une efficacit\u00e9 budg\u00e9taire ou le LiFePO4 haute densit\u00e9 pour les temp\u00e9ratures extr\u00eames). De plus, bien qu'\u00e9quip\u00e9 d'un moteur efficace de 650 W, la puissance de sortie peut \u00eatre personnalis\u00e9e et port\u00e9e \u00e0 une configuration de 800 W pour s'attaquer sans probl\u00e8me aux pentes plus raides du campus. Compact. Direct. Con\u00e7u pour faciliter votre travail.<\/p>\n<table>\n<thead>\n<tr>\n<th>Cat\u00e9gorie de param\u00e8tres<\/th>\n<th>D\u00e9tails de la sp\u00e9cification<\/th>\n<\/tr>\n<\/thead>\n<tbody>\n<tr>\n<td><strong>Dimensions globales (L*L*H)<\/strong><\/td>\n<td>2175 <em>1150 <\/em>1650 mm<\/td>\n<\/tr>\n<tr>\n<td><strong>Structure du corps<\/strong><\/td>\n<td>Cabine ferm\u00e9e : Trois portes et trois si\u00e8ges<\/td>\n<\/tr>\n<tr>\n<td><strong>Tension<\/strong><\/td>\n<td>48-60V Universel<\/td>\n<\/tr>\n<tr>\n<td><strong>Puissance du moteur<\/strong><\/td>\n<td>650W Standard (personnalisable jusqu'\u00e0 800W)<\/td>\n<\/tr>\n<tr>\n<td><strong>Contr\u00f4leur<\/strong><\/td>\n<td>Contr\u00f4leur intelligent<\/td>\n<\/tr>\n<tr>\n<td><strong>Type de batterie<\/strong><\/td>\n<td>Personnalisable (plomb-acide \/ LiFePO4)<\/td>\n<\/tr>\n<tr>\n<td><strong>Suspension<\/strong><\/td>\n<td>Plaque d'acier pour ressort \u00e0 lames arri\u00e8re<\/td>\n<\/tr>\n<tr>\n<td><strong>Syst\u00e8me de freinage<\/strong><\/td>\n<td>Frein \u00e0 tambour arri\u00e8re<\/td>\n<\/tr>\n<tr>\n<td><strong>Moyeu de pneu\/roue<\/strong><\/td>\n<td>3.50 Roues en alliage d'aluminium<\/td>\n<\/tr>\n<tr>\n<td><strong>Principales configurations<\/strong><\/td>\n<td>Tableau de bord LCD int\u00e9gr\u00e9, Cam\u00e9ra de recul, Chauffage de l'habitacle, Ventilateur de toit ouvrant, Radio, Phares LED, Syst\u00e8me multim\u00e9dia, Port USB<\/td>\n<\/tr>\n<tr>\n<td><strong>Am\u00e9liorations optionnelles<\/strong><\/td>\n<td>Climatisation (chauffage et refroidissement)<\/td>\n<\/tr>\n<tr>\n<td><strong>Vitesse maximale<\/strong><\/td>\n<td>Strictement limit\u00e9 (utilisation hors route \/ propri\u00e9t\u00e9 priv\u00e9e uniquement)<\/td>\n<\/tr>\n<tr>\n<td><strong>Qt\u00e9 de chargement (40HQ)<\/strong><\/td>\n<td>Environ 35-45 unit\u00e9s (SKD - Contact pour la disposition pr\u00e9cise des conteneurs)<\/td>\n<\/tr>\n<\/tbody>\n<\/table>","protected":false},"excerpt":{"rendered":"<p>Gros trike \u00e9lectrique ferm\u00e9 \u00e0 3 places pour le transport de passagers. Comprend un syst\u00e8me de climatisation et de chauffage en option pour les d\u00e9placements dans les campus de l'Arctique et du D\u00e9sert. Demandez d\u00e8s aujourd'hui le prix FCL de l'usine.<\/p>","protected":false},"featured_media":19902,"comment_status":"open","ping_status":"closed","template":"","meta":{"_eb_attr":""},"product_brand":[],"product_cat":[70,73],"product_tag":[155,160,91,149,169,168],"class_list":{"0":"post-19896","1":"product","2":"type-product","3":"status-publish","4":"has-post-thumbnail","6":"product_cat-lsev-passenger-mobility","7":"product_cat-sightseeing-shuttle-buses","8":"product_tag-campus-shuttle","9":"product_tag-cold-climate-transit","10":"product_tag-industrial-park","11":"product_tag-off-road","12":"product_tag-real-estate-viewing","13":"product_tag-resort-transit","15":"first","16":"instock","17":"shipping-taxable","18":"product-type-simple"},"yoast_head":"<!-- This site is optimized with the Yoast SEO plugin v26.9 - https:\/\/yoast.com\/product\/yoast-seo-wordpress\/ -->\n<title>3-Seat Enclosed Passenger Trike for Resorts | Factory FCL - ORVIK | ORVIK|Light Commercial Electric Vehicles<\/title>\n<meta name=\"robots\" content=\"index, follow, max-snippet:-1, max-image-preview:large, max-video-preview:-1\" \/>\n<link rel=\"canonical\" href=\"https:\/\/orvikpower.com\/fr\/product\/3-seat-enclosed-passenger-trike-for-resorts-factory-fcl-orvik\" \/>\n<meta property=\"og:locale\" content=\"fr_FR\" \/>\n<meta property=\"og:type\" content=\"article\" \/>\n<meta property=\"og:title\" content=\"3-Seat Enclosed Passenger Trike for Resorts | Factory FCL - ORVIK | ORVIK|Light Commercial Electric Vehicles\" \/>\n<meta property=\"og:description\" content=\"Wholesale 3-seat enclosed electric passenger trike. Features optional A\/C &amp; heater for Arctic\/Desert campus transit. Inquire for factory FCL price today.\" \/>\n<meta property=\"og:url\" content=\"https:\/\/orvikpower.com\/fr\/product\/3-seat-enclosed-passenger-trike-for-resorts-factory-fcl-orvik\" \/>\n<meta property=\"og:site_name\" content=\"ORVIK|Light Commercial Electric Vehicles\" \/>\n<meta property=\"og:image\" content=\"https:\/\/orvikpower.com\/wp-content\/uploads\/2026\/04\/main-5.png\" \/>\n\t<meta property=\"og:image:width\" content=\"1276\" \/>\n\t<meta property=\"og:image:height\" content=\"1276\" \/>\n\t<meta property=\"og:image:type\" content=\"image\/png\" \/>\n<meta name=\"twitter:card\" content=\"summary_large_image\" \/>\n<meta name=\"twitter:label1\" content=\"Dur\u00e9e de lecture estim\u00e9e\" \/>\n\t<meta name=\"twitter:data1\" content=\"2 minutes\" \/>\n<script type=\"application\/ld+json\" class=\"yoast-schema-graph\">{\"@context\":\"https:\/\/schema.org\",\"@graph\":[{\"@type\":\"WebPage\",\"@id\":\"https:\/\/orvikpower.com\/product\/3-seat-enclosed-passenger-trike-for-resorts-factory-fcl-orvik\",\"url\":\"https:\/\/orvikpower.com\/product\/3-seat-enclosed-passenger-trike-for-resorts-factory-fcl-orvik\",\"name\":\"3-Seat Enclosed Passenger Trike for Resorts | Factory FCL - ORVIK | ORVIK|Light Commercial Electric Vehicles\",\"isPartOf\":{\"@id\":\"https:\/\/orvikpower.com\/#website\"},\"primaryImageOfPage\":{\"@id\":\"https:\/\/orvikpower.com\/product\/3-seat-enclosed-passenger-trike-for-resorts-factory-fcl-orvik#primaryimage\"},\"image\":{\"@id\":\"https:\/\/orvikpower.com\/product\/3-seat-enclosed-passenger-trike-for-resorts-factory-fcl-orvik#primaryimage\"},\"thumbnailUrl\":\"https:\/\/orvikpower.com\/wp-content\/uploads\/2026\/04\/main-5.png\",\"datePublished\":\"2026-04-08T02:20:44+00:00\",\"breadcrumb\":{\"@id\":\"https:\/\/orvikpower.com\/product\/3-seat-enclosed-passenger-trike-for-resorts-factory-fcl-orvik#breadcrumb\"},\"inLanguage\":\"fr-FR\",\"potentialAction\":[{\"@type\":\"ReadAction\",\"target\":[\"https:\/\/orvikpower.com\/product\/3-seat-enclosed-passenger-trike-for-resorts-factory-fcl-orvik\"]}]},{\"@type\":\"ImageObject\",\"inLanguage\":\"fr-FR\",\"@id\":\"https:\/\/orvikpower.com\/product\/3-seat-enclosed-passenger-trike-for-resorts-factory-fcl-orvik#primaryimage\",\"url\":\"https:\/\/orvikpower.com\/wp-content\/uploads\/2026\/04\/main-5.png\",\"contentUrl\":\"https:\/\/orvikpower.com\/wp-content\/uploads\/2026\/04\/main-5.png\",\"width\":1276,\"height\":1276,\"caption\":\"Wholesale 3-seat enclosed electric passenger trike. Features optional A\/C & heater for Arctic\/Desert campus transit. Inquire for factory FCL price today.\"},{\"@type\":\"BreadcrumbList\",\"@id\":\"https:\/\/orvikpower.com\/product\/3-seat-enclosed-passenger-trike-for-resorts-factory-fcl-orvik#breadcrumb\",\"itemListElement\":[{\"@type\":\"ListItem\",\"position\":1,\"name\":\"Home\",\"item\":\"https:\/\/orvikpower.com\/\"},{\"@type\":\"ListItem\",\"position\":2,\"name\":\"SHOP\",\"item\":\"https:\/\/orvikpower.com\/shop\"},{\"@type\":\"ListItem\",\"position\":3,\"name\":\"3-Seat Enclosed Passenger Trike for Resorts | Factory FCL &#8211; ORVIK\"}]},{\"@type\":\"WebSite\",\"@id\":\"https:\/\/orvikpower.com\/#website\",\"url\":\"https:\/\/orvikpower.com\/\",\"name\":\"ORVIK | Light Commercial Electric Vehicles\",\"description\":\"Premier Manufacturer of Off-road Electric Utility Vehicles, Pickups &amp; Mini Trucks. High-Temp &amp; Arctic Ready designs for farms &amp; mines. Save costs with Factory-Direct FCL. Make work flow. Get a Quote.\",\"publisher\":{\"@id\":\"https:\/\/orvikpower.com\/#organization\"},\"potentialAction\":[{\"@type\":\"SearchAction\",\"target\":{\"@type\":\"EntryPoint\",\"urlTemplate\":\"https:\/\/orvikpower.com\/?s={search_term_string}\"},\"query-input\":{\"@type\":\"PropertyValueSpecification\",\"valueRequired\":true,\"valueName\":\"search_term_string\"}}],\"inLanguage\":\"fr-FR\"},{\"@type\":\"Organization\",\"@id\":\"https:\/\/orvikpower.com\/#organization\",\"name\":\"ORVIK | Light Commercial Electric Vehicles\",\"url\":\"https:\/\/orvikpower.com\/\",\"logo\":{\"@type\":\"ImageObject\",\"inLanguage\":\"fr-FR\",\"@id\":\"https:\/\/orvikpower.com\/#\/schema\/logo\/image\/\",\"url\":\"https:\/\/orvikpower.com\/wp-content\/uploads\/2026\/01\/cropped-logo-h-main-small.png\",\"contentUrl\":\"https:\/\/orvikpower.com\/wp-content\/uploads\/2026\/01\/cropped-logo-h-main-small.png\",\"width\":512,\"height\":512,\"caption\":\"ORVIK | Light Commercial Electric Vehicles\"},\"image\":{\"@id\":\"https:\/\/orvikpower.com\/#\/schema\/logo\/image\/\"},\"sameAs\":[\"https:\/\/www.youtube.com\/@ORVIKOrvikPower\",\"https:\/\/www.pinterest.com\/OrvikPower\/\"]}]}<\/script>\n<!-- \/ Yoast SEO plugin. -->","yoast_head_json":{"title":"Trike 3 places ferm\u00e9 pour les stations | Factory FCL - ORVIK | ORVIK|V\u00e9hicules \u00e9lectriques utilitaires l\u00e9gers","robots":{"index":"index","follow":"follow","max-snippet":"max-snippet:-1","max-image-preview":"max-image-preview:large","max-video-preview":"max-video-preview:-1"},"canonical":"https:\/\/orvikpower.com\/fr\/product\/3-seat-enclosed-passenger-trike-for-resorts-factory-fcl-orvik","og_locale":"fr_FR","og_type":"article","og_title":"3-Seat Enclosed Passenger Trike for Resorts | Factory FCL - ORVIK | ORVIK|Light Commercial Electric Vehicles","og_description":"Wholesale 3-seat enclosed electric passenger trike. Features optional A\/C &amp; heater for Arctic\/Desert campus transit. Inquire for factory FCL price today.","og_url":"https:\/\/orvikpower.com\/fr\/product\/3-seat-enclosed-passenger-trike-for-resorts-factory-fcl-orvik","og_site_name":"ORVIK|Light Commercial Electric Vehicles","og_image":[{"width":1276,"height":1276,"url":"https:\/\/orvikpower.com\/wp-content\/uploads\/2026\/04\/main-5.png","type":"image\/png"}],"twitter_card":"summary_large_image","twitter_misc":{"Dur\u00e9e de lecture estim\u00e9e":"2 minutes"},"schema":{"@context":"https:\/\/schema.org","@graph":[{"@type":"WebPage","@id":"https:\/\/orvikpower.com\/product\/3-seat-enclosed-passenger-trike-for-resorts-factory-fcl-orvik","url":"https:\/\/orvikpower.com\/product\/3-seat-enclosed-passenger-trike-for-resorts-factory-fcl-orvik","name":"Trike 3 places ferm\u00e9 pour les stations | Factory FCL - ORVIK | ORVIK|V\u00e9hicules \u00e9lectriques utilitaires l\u00e9gers","isPartOf":{"@id":"https:\/\/orvikpower.com\/#website"},"primaryImageOfPage":{"@id":"https:\/\/orvikpower.com\/product\/3-seat-enclosed-passenger-trike-for-resorts-factory-fcl-orvik#primaryimage"},"image":{"@id":"https:\/\/orvikpower.com\/product\/3-seat-enclosed-passenger-trike-for-resorts-factory-fcl-orvik#primaryimage"},"thumbnailUrl":"https:\/\/orvikpower.com\/wp-content\/uploads\/2026\/04\/main-5.png","datePublished":"2026-04-08T02:20:44+00:00","breadcrumb":{"@id":"https:\/\/orvikpower.com\/product\/3-seat-enclosed-passenger-trike-for-resorts-factory-fcl-orvik#breadcrumb"},"inLanguage":"fr-FR","potentialAction":[{"@type":"ReadAction","target":["https:\/\/orvikpower.com\/product\/3-seat-enclosed-passenger-trike-for-resorts-factory-fcl-orvik"]}]},{"@type":"ImageObject","inLanguage":"fr-FR","@id":"https:\/\/orvikpower.com\/product\/3-seat-enclosed-passenger-trike-for-resorts-factory-fcl-orvik#primaryimage","url":"https:\/\/orvikpower.com\/wp-content\/uploads\/2026\/04\/main-5.png","contentUrl":"https:\/\/orvikpower.com\/wp-content\/uploads\/2026\/04\/main-5.png","width":1276,"height":1276,"caption":"Wholesale 3-seat enclosed electric passenger trike. Features optional A\/C & heater for Arctic\/Desert campus transit. Inquire for factory FCL price today."},{"@type":"BreadcrumbList","@id":"https:\/\/orvikpower.com\/product\/3-seat-enclosed-passenger-trike-for-resorts-factory-fcl-orvik#breadcrumb","itemListElement":[{"@type":"ListItem","position":1,"name":"Home","item":"https:\/\/orvikpower.com\/"},{"@type":"ListItem","position":2,"name":"SHOP","item":"https:\/\/orvikpower.com\/shop"},{"@type":"ListItem","position":3,"name":"3-Seat Enclosed Passenger Trike for Resorts | Factory FCL &#8211; ORVIK"}]},{"@type":"WebSite","@id":"https:\/\/orvikpower.com\/#website","url":"https:\/\/orvikpower.com\/","name":"ORVIK | V\u00e9hicules \u00e9lectriques utilitaires l\u00e9gers","description":"Premier fabricant de v\u00e9hicules utilitaires \u00e9lectriques tout-terrain, de camionnettes et de mini-camions. Conceptions r\u00e9sistantes aux temp\u00e9ratures \u00e9lev\u00e9es et adapt\u00e9es \u00e0 l'Arctique pour les fermes et les mines. R\u00e9duisez vos co\u00fbts gr\u00e2ce \u00e0 la livraison directe \u00e0 l'usine. Rendre le travail plus fluide. Obtenir un devis.","publisher":{"@id":"https:\/\/orvikpower.com\/#organization"},"potentialAction":[{"@type":"SearchAction","target":{"@type":"EntryPoint","urlTemplate":"https:\/\/orvikpower.com\/?s={search_term_string}"},"query-input":{"@type":"PropertyValueSpecification","valueRequired":true,"valueName":"search_term_string"}}],"inLanguage":"fr-FR"},{"@type":"Organization","@id":"https:\/\/orvikpower.com\/#organization","name":"ORVIK | V\u00e9hicules \u00e9lectriques utilitaires l\u00e9gers","url":"https:\/\/orvikpower.com\/","logo":{"@type":"ImageObject","inLanguage":"fr-FR","@id":"https:\/\/orvikpower.com\/#\/schema\/logo\/image\/","url":"https:\/\/orvikpower.com\/wp-content\/uploads\/2026\/01\/cropped-logo-h-main-small.png","contentUrl":"https:\/\/orvikpower.com\/wp-content\/uploads\/2026\/01\/cropped-logo-h-main-small.png","width":512,"height":512,"caption":"ORVIK | Light Commercial Electric Vehicles"},"image":{"@id":"https:\/\/orvikpower.com\/#\/schema\/logo\/image\/"},"sameAs":["https:\/\/www.youtube.com\/@ORVIKOrvikPower","https:\/\/www.pinterest.com\/OrvikPower\/"]}]}},"_links":{"self":[{"href":"https:\/\/orvikpower.com\/fr\/wp-json\/wp\/v2\/product\/19896","targetHints":{"allow":["GET"]}}],"collection":[{"href":"https:\/\/orvikpower.com\/fr\/wp-json\/wp\/v2\/product"}],"about":[{"href":"https:\/\/orvikpower.com\/fr\/wp-json\/wp\/v2\/types\/product"}],"replies":[{"embeddable":true,"href":"https:\/\/orvikpower.com\/fr\/wp-json\/wp\/v2\/comments?post=19896"}],"wp:featuredmedia":[{"embeddable":true,"href":"https:\/\/orvikpower.com\/fr\/wp-json\/wp\/v2\/media\/19902"}],"wp:attachment":[{"href":"https:\/\/orvikpower.com\/fr\/wp-json\/wp\/v2\/media?parent=19896"}],"wp:term":[{"taxonomy":"product_brand","embeddable":true,"href":"https:\/\/orvikpower.com\/fr\/wp-json\/wp\/v2\/product_brand?post=19896"},{"taxonomy":"product_cat","embeddable":true,"href":"https:\/\/orvikpower.com\/fr\/wp-json\/wp\/v2\/product_cat?post=19896"},{"taxonomy":"product_tag","embeddable":true,"href":"https:\/\/orvikpower.com\/fr\/wp-json\/wp\/v2\/product_tag?post=19896"}],"curies":[{"name":"wp","href":"https:\/\/api.w.org\/{rel}","templated":true}]}}