{"id":19903,"date":"2026-04-08T05:59:52","date_gmt":"2026-04-08T05:59:52","guid":{"rendered":"https:\/\/orvikpower.com\/?post_type=product&#038;p=19903"},"modified":"2026-04-08T05:59:52","modified_gmt":"2026-04-08T05:59:52","slug":"5-door-enclosed-passenger-trike-for-resorts-factory-fcl-orvik","status":"publish","type":"product","link":"https:\/\/orvikpower.com\/fr\/product\/5-door-enclosed-passenger-trike-for-resorts-factory-fcl-orvik","title":{"rendered":"Trike \u00e0 5 portes et \u00e0 passager ferm\u00e9 pour les centres de vill\u00e9giature - Factory FCL - ORVIK"},"content":{"rendered":"<p dir=\"auto\">L'ORVIK 5-Door Enclosed Trike est un v\u00e9hicule \u00e9lectrique de transport de passagers tr\u00e8s polyvalent, con\u00e7u exclusivement pour les stations tout-terrain, les propri\u00e9t\u00e9s priv\u00e9es et les transports en commun sur les campus. Dot\u00e9 d'une configuration unique \u00e0 5 portes et 3 places, il offre une facilit\u00e9 d'acc\u00e8s in\u00e9gal\u00e9e aux passagers tout en assurant une protection compl\u00e8te contre les \u00e9l\u00e9ments ext\u00e9rieurs. \u00c9quip\u00e9e d'un chauffage de cabine int\u00e9gr\u00e9 et d'un syst\u00e8me de climatisation en option, cette navette garantit une conduite de qualit\u00e9, dans un environnement climatis\u00e9, que votre flotte circule dans les hivers glacials de Russie ou dans les chaleurs estivales extr\u00eames du Moyen-Orient.<\/p>\n<div class=\"my-2\"><\/div>\n<p dir=\"auto\">Sur le plan m\u00e9canique, la combinaison d'une suspension robuste de l'essieu arri\u00e8re et d'un syst\u00e8me avanc\u00e9 de freinage \u00e0 disque sur les trois roues garantit la s\u00e9curit\u00e9 et la stabilit\u00e9 sur les routes priv\u00e9es accident\u00e9es. En adoptant ce v\u00e9hicule \u00e9lectrique enti\u00e8rement ferm\u00e9, les op\u00e9rateurs de flottes \u00e9liminent l'entretien du moteur \u00e0 combustion interne, ce qui r\u00e9duit consid\u00e9rablement les temps d'arr\u00eat et le co\u00fbt total de possession (TCO). Pour s'adapter aux diff\u00e9rents climats du monde, le syst\u00e8me de batterie est enti\u00e8rement personnalisable (choisissez l'acide-plomb standard pour une efficacit\u00e9 budg\u00e9taire ou le LiFePO4 haute densit\u00e9 pour les temp\u00e9ratures extr\u00eames). De plus, alors que le moteur standard de 1000 W offre des performances quotidiennes fiables, nous proposons des mises \u00e0 niveau personnalis\u00e9es de la puissance du moteur pour franchir sans effort les pentes abruptes des campus. Polyvalent. Direct. Con\u00e7u pour faciliter votre travail.<\/p>\n<table>\n<thead>\n<tr>\n<th>Cat\u00e9gorie de param\u00e8tres<\/th>\n<th>D\u00e9tails de la sp\u00e9cification<\/th>\n<\/tr>\n<\/thead>\n<tbody>\n<tr>\n<td><strong>Dimensions globales (L*L*H)<\/strong><\/td>\n<td>2450 <em>1150 <\/em>1600 mm<\/td>\n<\/tr>\n<tr>\n<td><strong>Structure du corps<\/strong><\/td>\n<td>Cabine ferm\u00e9e : Cinq portes et trois si\u00e8ges<\/td>\n<\/tr>\n<tr>\n<td><strong>Tension<\/strong><\/td>\n<td>48V \/ 60V \/ 72V Universel<\/td>\n<\/tr>\n<tr>\n<td><strong>Puissance du moteur<\/strong><\/td>\n<td>1000W standard (possibilit\u00e9 d'augmenter la puissance du moteur sur mesure)<\/td>\n<\/tr>\n<tr>\n<td><strong>Contr\u00f4leur<\/strong><\/td>\n<td>Contr\u00f4leur intelligent<\/td>\n<\/tr>\n<tr>\n<td><strong>Type de batterie<\/strong><\/td>\n<td>Personnalisable (plomb-acide \/ LiFePO4)<\/td>\n<\/tr>\n<tr>\n<td><strong>Suspension<\/strong><\/td>\n<td>Suspension du pont de l'essieu arri\u00e8re<\/td>\n<\/tr>\n<tr>\n<td><strong>Syst\u00e8me de freinage<\/strong><\/td>\n<td>Freins \u00e0 disque aux trois roues<\/td>\n<\/tr>\n<tr>\n<td><strong>Taille des pneus<\/strong><\/td>\n<td>4.00 - 10<\/td>\n<\/tr>\n<tr>\n<td><strong>Principales configurations<\/strong><\/td>\n<td>Vitres relevables manuellement, verrouillage centralis\u00e9, \u00e9cran multim\u00e9dia, radar de stationnement arri\u00e8re, cam\u00e9ra de recul, chauffage d'habitacle, cl\u00e9 \u00e0 distance, port USB, radio, phares LED, si\u00e8ges Premium r\u00e9glables<\/td>\n<\/tr>\n<tr>\n<td><strong>Am\u00e9liorations optionnelles<\/strong><\/td>\n<td>Climatisation, am\u00e9lioration de la puissance du moteur<\/td>\n<\/tr>\n<tr>\n<td><strong>Vitesse maximale<\/strong><\/td>\n<td>35 - 45 km\/h (strictement hors route \/ utilisation sur propri\u00e9t\u00e9 priv\u00e9e uniquement)<\/td>\n<\/tr>\n<tr>\n<td><strong>Qt\u00e9 de chargement (40HQ)<\/strong><\/td>\n<td>Environ 30-35 unit\u00e9s (SKD - Contact pour la disposition pr\u00e9cise des conteneurs)<\/td>\n<\/tr>\n<\/tbody>\n<\/table>","protected":false},"excerpt":{"rendered":"<p>Trike \u00e9lectrique de gros 1000W \u00e0 5 portes pour le transport de passagers. Comprend des options d'air conditionn\u00e9, un chauffage et un ch\u00e2ssis pr\u00eat pour l'Arctique pour le transport sur le campus. Obtenez des devis FCL d'usine.<\/p>","protected":false},"featured_media":19908,"comment_status":"open","ping_status":"closed","template":"","meta":{"_eb_attr":""},"product_brand":[],"product_cat":[70,73],"product_tag":[160,159,149,169,168,170],"class_list":{"0":"post-19903","1":"product","2":"type-product","3":"status-publish","4":"has-post-thumbnail","6":"product_cat-lsev-passenger-mobility","7":"product_cat-sightseeing-shuttle-buses","8":"product_tag-cold-climate-transit","9":"product_tag-industrial-campus","10":"product_tag-off-road","11":"product_tag-real-estate-viewing","12":"product_tag-resort-transit","13":"product_tag-vip-shuttle","15":"first","16":"instock","17":"shipping-taxable","18":"product-type-simple"},"yoast_head":"<!-- This site is optimized with the Yoast SEO plugin v26.9 - https:\/\/yoast.com\/product\/yoast-seo-wordpress\/ -->\n<title>5-Door Enclosed Passenger Trike for Resorts | Factory FCL - ORVIK | ORVIK|Light Commercial Electric Vehicles<\/title>\n<meta name=\"robots\" content=\"index, follow, max-snippet:-1, max-image-preview:large, max-video-preview:-1\" \/>\n<link rel=\"canonical\" href=\"https:\/\/orvikpower.com\/fr\/product\/5-door-enclosed-passenger-trike-for-resorts-factory-fcl-orvik\" \/>\n<meta property=\"og:locale\" content=\"fr_FR\" \/>\n<meta property=\"og:type\" content=\"article\" \/>\n<meta property=\"og:title\" content=\"5-Door Enclosed Passenger Trike for Resorts | Factory FCL - ORVIK | ORVIK|Light Commercial Electric Vehicles\" \/>\n<meta property=\"og:description\" content=\"Wholesale 1000W 5-door enclosed electric passenger trike. Features A\/C options, heater &amp; Arctic-ready chassis for campus transit. Get factory FCL quotes.\" \/>\n<meta property=\"og:url\" content=\"https:\/\/orvikpower.com\/fr\/product\/5-door-enclosed-passenger-trike-for-resorts-factory-fcl-orvik\" \/>\n<meta property=\"og:site_name\" content=\"ORVIK|Light Commercial Electric Vehicles\" \/>\n<meta property=\"og:image\" content=\"https:\/\/orvikpower.com\/wp-content\/uploads\/2026\/04\/\u7b2c14\u9875-93.png\" \/>\n\t<meta property=\"og:image:width\" content=\"2008\" \/>\n\t<meta property=\"og:image:height\" content=\"2008\" \/>\n\t<meta property=\"og:image:type\" content=\"image\/png\" \/>\n<meta name=\"twitter:card\" content=\"summary_large_image\" \/>\n<meta name=\"twitter:label1\" content=\"Dur\u00e9e de lecture estim\u00e9e\" \/>\n\t<meta name=\"twitter:data1\" content=\"2 minutes\" \/>\n<script type=\"application\/ld+json\" class=\"yoast-schema-graph\">{\"@context\":\"https:\/\/schema.org\",\"@graph\":[{\"@type\":\"WebPage\",\"@id\":\"https:\/\/orvikpower.com\/product\/5-door-enclosed-passenger-trike-for-resorts-factory-fcl-orvik\",\"url\":\"https:\/\/orvikpower.com\/product\/5-door-enclosed-passenger-trike-for-resorts-factory-fcl-orvik\",\"name\":\"5-Door Enclosed Passenger Trike for Resorts | Factory FCL - ORVIK | ORVIK|Light Commercial Electric Vehicles\",\"isPartOf\":{\"@id\":\"https:\/\/orvikpower.com\/#website\"},\"primaryImageOfPage\":{\"@id\":\"https:\/\/orvikpower.com\/product\/5-door-enclosed-passenger-trike-for-resorts-factory-fcl-orvik#primaryimage\"},\"image\":{\"@id\":\"https:\/\/orvikpower.com\/product\/5-door-enclosed-passenger-trike-for-resorts-factory-fcl-orvik#primaryimage\"},\"thumbnailUrl\":\"https:\/\/orvikpower.com\/wp-content\/uploads\/2026\/04\/\u7b2c14\u9875-93.png\",\"datePublished\":\"2026-04-08T05:59:52+00:00\",\"breadcrumb\":{\"@id\":\"https:\/\/orvikpower.com\/product\/5-door-enclosed-passenger-trike-for-resorts-factory-fcl-orvik#breadcrumb\"},\"inLanguage\":\"fr-FR\",\"potentialAction\":[{\"@type\":\"ReadAction\",\"target\":[\"https:\/\/orvikpower.com\/product\/5-door-enclosed-passenger-trike-for-resorts-factory-fcl-orvik\"]}]},{\"@type\":\"ImageObject\",\"inLanguage\":\"fr-FR\",\"@id\":\"https:\/\/orvikpower.com\/product\/5-door-enclosed-passenger-trike-for-resorts-factory-fcl-orvik#primaryimage\",\"url\":\"https:\/\/orvikpower.com\/wp-content\/uploads\/2026\/04\/\u7b2c14\u9875-93.png\",\"contentUrl\":\"https:\/\/orvikpower.com\/wp-content\/uploads\/2026\/04\/\u7b2c14\u9875-93.png\",\"width\":2008,\"height\":2008,\"caption\":\"Wholesale 1000W 5-door enclosed electric passenger trike. Features A\/C options, heater & Arctic-ready chassis for campus transit. Get factory FCL quotes.\"},{\"@type\":\"BreadcrumbList\",\"@id\":\"https:\/\/orvikpower.com\/product\/5-door-enclosed-passenger-trike-for-resorts-factory-fcl-orvik#breadcrumb\",\"itemListElement\":[{\"@type\":\"ListItem\",\"position\":1,\"name\":\"Home\",\"item\":\"https:\/\/orvikpower.com\/\"},{\"@type\":\"ListItem\",\"position\":2,\"name\":\"SHOP\",\"item\":\"https:\/\/orvikpower.com\/shop\"},{\"@type\":\"ListItem\",\"position\":3,\"name\":\"5-Door Enclosed Passenger Trike for Resorts | Factory FCL &#8211; ORVIK\"}]},{\"@type\":\"WebSite\",\"@id\":\"https:\/\/orvikpower.com\/#website\",\"url\":\"https:\/\/orvikpower.com\/\",\"name\":\"ORVIK | Light Commercial Electric Vehicles\",\"description\":\"Premier Manufacturer of Off-road Electric Utility Vehicles, Pickups &amp; Mini Trucks. High-Temp &amp; Arctic Ready designs for farms &amp; mines. Save costs with Factory-Direct FCL. Make work flow. Get a Quote.\",\"publisher\":{\"@id\":\"https:\/\/orvikpower.com\/#organization\"},\"potentialAction\":[{\"@type\":\"SearchAction\",\"target\":{\"@type\":\"EntryPoint\",\"urlTemplate\":\"https:\/\/orvikpower.com\/?s={search_term_string}\"},\"query-input\":{\"@type\":\"PropertyValueSpecification\",\"valueRequired\":true,\"valueName\":\"search_term_string\"}}],\"inLanguage\":\"fr-FR\"},{\"@type\":\"Organization\",\"@id\":\"https:\/\/orvikpower.com\/#organization\",\"name\":\"ORVIK | Light Commercial Electric Vehicles\",\"url\":\"https:\/\/orvikpower.com\/\",\"logo\":{\"@type\":\"ImageObject\",\"inLanguage\":\"fr-FR\",\"@id\":\"https:\/\/orvikpower.com\/#\/schema\/logo\/image\/\",\"url\":\"https:\/\/orvikpower.com\/wp-content\/uploads\/2026\/01\/cropped-logo-h-main-small.png\",\"contentUrl\":\"https:\/\/orvikpower.com\/wp-content\/uploads\/2026\/01\/cropped-logo-h-main-small.png\",\"width\":512,\"height\":512,\"caption\":\"ORVIK | Light Commercial Electric Vehicles\"},\"image\":{\"@id\":\"https:\/\/orvikpower.com\/#\/schema\/logo\/image\/\"},\"sameAs\":[\"https:\/\/www.youtube.com\/@ORVIKOrvikPower\",\"https:\/\/www.pinterest.com\/OrvikPower\/\"]}]}<\/script>\n<!-- \/ Yoast SEO plugin. -->","yoast_head_json":{"title":"Trike ferm\u00e9 \u00e0 5 portes pour les stations | FCL d'usine - ORVIK | ORVIK|V\u00e9hicules \u00e9lectriques utilitaires l\u00e9gers","robots":{"index":"index","follow":"follow","max-snippet":"max-snippet:-1","max-image-preview":"max-image-preview:large","max-video-preview":"max-video-preview:-1"},"canonical":"https:\/\/orvikpower.com\/fr\/product\/5-door-enclosed-passenger-trike-for-resorts-factory-fcl-orvik","og_locale":"fr_FR","og_type":"article","og_title":"5-Door Enclosed Passenger Trike for Resorts | Factory FCL - ORVIK | ORVIK|Light Commercial Electric Vehicles","og_description":"Wholesale 1000W 5-door enclosed electric passenger trike. Features A\/C options, heater &amp; Arctic-ready chassis for campus transit. Get factory FCL quotes.","og_url":"https:\/\/orvikpower.com\/fr\/product\/5-door-enclosed-passenger-trike-for-resorts-factory-fcl-orvik","og_site_name":"ORVIK|Light Commercial Electric Vehicles","og_image":[{"width":2008,"height":2008,"url":"https:\/\/orvikpower.com\/wp-content\/uploads\/2026\/04\/\u7b2c14\u9875-93.png","type":"image\/png"}],"twitter_card":"summary_large_image","twitter_misc":{"Dur\u00e9e de lecture estim\u00e9e":"2 minutes"},"schema":{"@context":"https:\/\/schema.org","@graph":[{"@type":"WebPage","@id":"https:\/\/orvikpower.com\/product\/5-door-enclosed-passenger-trike-for-resorts-factory-fcl-orvik","url":"https:\/\/orvikpower.com\/product\/5-door-enclosed-passenger-trike-for-resorts-factory-fcl-orvik","name":"Trike ferm\u00e9 \u00e0 5 portes pour les stations | FCL d'usine - ORVIK | ORVIK|V\u00e9hicules \u00e9lectriques utilitaires l\u00e9gers","isPartOf":{"@id":"https:\/\/orvikpower.com\/#website"},"primaryImageOfPage":{"@id":"https:\/\/orvikpower.com\/product\/5-door-enclosed-passenger-trike-for-resorts-factory-fcl-orvik#primaryimage"},"image":{"@id":"https:\/\/orvikpower.com\/product\/5-door-enclosed-passenger-trike-for-resorts-factory-fcl-orvik#primaryimage"},"thumbnailUrl":"https:\/\/orvikpower.com\/wp-content\/uploads\/2026\/04\/\u7b2c14\u9875-93.png","datePublished":"2026-04-08T05:59:52+00:00","breadcrumb":{"@id":"https:\/\/orvikpower.com\/product\/5-door-enclosed-passenger-trike-for-resorts-factory-fcl-orvik#breadcrumb"},"inLanguage":"fr-FR","potentialAction":[{"@type":"ReadAction","target":["https:\/\/orvikpower.com\/product\/5-door-enclosed-passenger-trike-for-resorts-factory-fcl-orvik"]}]},{"@type":"ImageObject","inLanguage":"fr-FR","@id":"https:\/\/orvikpower.com\/product\/5-door-enclosed-passenger-trike-for-resorts-factory-fcl-orvik#primaryimage","url":"https:\/\/orvikpower.com\/wp-content\/uploads\/2026\/04\/\u7b2c14\u9875-93.png","contentUrl":"https:\/\/orvikpower.com\/wp-content\/uploads\/2026\/04\/\u7b2c14\u9875-93.png","width":2008,"height":2008,"caption":"Wholesale 1000W 5-door enclosed electric passenger trike. Features A\/C options, heater & Arctic-ready chassis for campus transit. Get factory FCL quotes."},{"@type":"BreadcrumbList","@id":"https:\/\/orvikpower.com\/product\/5-door-enclosed-passenger-trike-for-resorts-factory-fcl-orvik#breadcrumb","itemListElement":[{"@type":"ListItem","position":1,"name":"Home","item":"https:\/\/orvikpower.com\/"},{"@type":"ListItem","position":2,"name":"SHOP","item":"https:\/\/orvikpower.com\/shop"},{"@type":"ListItem","position":3,"name":"5-Door Enclosed Passenger Trike for Resorts | Factory FCL &#8211; ORVIK"}]},{"@type":"WebSite","@id":"https:\/\/orvikpower.com\/#website","url":"https:\/\/orvikpower.com\/","name":"ORVIK | V\u00e9hicules \u00e9lectriques utilitaires l\u00e9gers","description":"Premier fabricant de v\u00e9hicules utilitaires \u00e9lectriques tout-terrain, de camionnettes et de mini-camions. Conceptions r\u00e9sistantes aux temp\u00e9ratures \u00e9lev\u00e9es et adapt\u00e9es \u00e0 l'Arctique pour les fermes et les mines. R\u00e9duisez vos co\u00fbts gr\u00e2ce \u00e0 la livraison directe \u00e0 l'usine. Rendre le travail plus fluide. Obtenir un devis.","publisher":{"@id":"https:\/\/orvikpower.com\/#organization"},"potentialAction":[{"@type":"SearchAction","target":{"@type":"EntryPoint","urlTemplate":"https:\/\/orvikpower.com\/?s={search_term_string}"},"query-input":{"@type":"PropertyValueSpecification","valueRequired":true,"valueName":"search_term_string"}}],"inLanguage":"fr-FR"},{"@type":"Organization","@id":"https:\/\/orvikpower.com\/#organization","name":"ORVIK | V\u00e9hicules \u00e9lectriques utilitaires l\u00e9gers","url":"https:\/\/orvikpower.com\/","logo":{"@type":"ImageObject","inLanguage":"fr-FR","@id":"https:\/\/orvikpower.com\/#\/schema\/logo\/image\/","url":"https:\/\/orvikpower.com\/wp-content\/uploads\/2026\/01\/cropped-logo-h-main-small.png","contentUrl":"https:\/\/orvikpower.com\/wp-content\/uploads\/2026\/01\/cropped-logo-h-main-small.png","width":512,"height":512,"caption":"ORVIK | Light Commercial Electric Vehicles"},"image":{"@id":"https:\/\/orvikpower.com\/#\/schema\/logo\/image\/"},"sameAs":["https:\/\/www.youtube.com\/@ORVIKOrvikPower","https:\/\/www.pinterest.com\/OrvikPower\/"]}]}},"_links":{"self":[{"href":"https:\/\/orvikpower.com\/fr\/wp-json\/wp\/v2\/product\/19903","targetHints":{"allow":["GET"]}}],"collection":[{"href":"https:\/\/orvikpower.com\/fr\/wp-json\/wp\/v2\/product"}],"about":[{"href":"https:\/\/orvikpower.com\/fr\/wp-json\/wp\/v2\/types\/product"}],"replies":[{"embeddable":true,"href":"https:\/\/orvikpower.com\/fr\/wp-json\/wp\/v2\/comments?post=19903"}],"wp:featuredmedia":[{"embeddable":true,"href":"https:\/\/orvikpower.com\/fr\/wp-json\/wp\/v2\/media\/19908"}],"wp:attachment":[{"href":"https:\/\/orvikpower.com\/fr\/wp-json\/wp\/v2\/media?parent=19903"}],"wp:term":[{"taxonomy":"product_brand","embeddable":true,"href":"https:\/\/orvikpower.com\/fr\/wp-json\/wp\/v2\/product_brand?post=19903"},{"taxonomy":"product_cat","embeddable":true,"href":"https:\/\/orvikpower.com\/fr\/wp-json\/wp\/v2\/product_cat?post=19903"},{"taxonomy":"product_tag","embeddable":true,"href":"https:\/\/orvikpower.com\/fr\/wp-json\/wp\/v2\/product_tag?post=19903"}],"curies":[{"name":"wp","href":"https:\/\/api.w.org\/{rel}","templated":true}]}}