{"id":19912,"date":"2026-04-08T06:19:34","date_gmt":"2026-04-08T06:19:34","guid":{"rendered":"https:\/\/orvikpower.com\/?post_type=product&#038;p=19912"},"modified":"2026-04-08T06:19:34","modified_gmt":"2026-04-08T06:19:34","slug":"premium-abs-enclosed-passenger-trike-1200w-factory-fcl-orvik","status":"publish","type":"product","link":"https:\/\/orvikpower.com\/fr\/product\/premium-abs-enclosed-passenger-trike-1200w-factory-fcl-orvik","title":{"rendered":"Premium ABS Enclosed Passenger Trike (1200W) | Factory FCL - ORVIK"},"content":{"rendered":"<p dir=\"auto\">L'ORVIK 2-Door Premium Enclosed Trike red\u00e9finit le transport de propri\u00e9t\u00e9 priv\u00e9e en utilisant un moulage par injection ABS de qualit\u00e9 automobile sur un cadre renforc\u00e9 tr\u00e8s r\u00e9sistant. Con\u00e7ue exclusivement pour une utilisation tout-terrain dans les stations baln\u00e9aires et les campus, cette m\u00e9thode de construction permet non seulement de r\u00e9duire consid\u00e9rablement le poids du v\u00e9hicule afin de maximiser l'efficacit\u00e9 de la batterie, mais elle offre \u00e9galement une r\u00e9sistance sup\u00e9rieure \u00e0 la rouille et \u00e0 la corrosion, ce qui en fait le choix id\u00e9al pour les stations baln\u00e9aires ou les environnements tr\u00e8s humides.<\/p>\n<div class=\"my-2\"><\/div>\n<p dir=\"auto\">La s\u00e9curit\u00e9 et l'exp\u00e9rience des passagers sont primordiales. Le v\u00e9hicule est \u00e9quip\u00e9 d'un syst\u00e8me de freinage r\u00e9actif \u00e0 double disque \u00e0 l'avant et \u00e0 l'arri\u00e8re et d'un habitacle haut de gamme avec vitres \u00e9lectriques, verrouillage central, syst\u00e8me audio Bluetooth et climatisation (chauffage et refroidissement) en option. En faisant passer votre flotte de navettes VIP \u00e0 ce mod\u00e8le \u00e9lectrique, vous \u00e9liminez le bruit du moteur et l'entretien, ce qui r\u00e9duit directement votre co\u00fbt total de possession (TCO). Pour r\u00e9pondre \u00e0 vos besoins op\u00e9rationnels sp\u00e9cifiques, le syst\u00e8me de batterie est enti\u00e8rement personnalisable (choisissez l'acide-plomb pour le budget ou le LiFePO4 pour les climats extr\u00eames). Bien qu'aliment\u00e9 par un moteur standard robuste de 1200W, nous offrons des mises \u00e0 niveau de puissance personnalis\u00e9es pour g\u00e9rer les pentes raides. De qualit\u00e9 sup\u00e9rieure. Construit directement. Con\u00e7u pour faciliter votre travail.<\/p>\n<table>\n<thead>\n<tr>\n<th>Cat\u00e9gorie de param\u00e8tres<\/th>\n<th>D\u00e9tails de la sp\u00e9cification<\/th>\n<\/tr>\n<\/thead>\n<tbody>\n<tr>\n<td><strong>Dimensions globales (L*L*H)<\/strong><\/td>\n<td>2330 <em>1200 <\/em>1630 mm<\/td>\n<\/tr>\n<tr>\n<td><strong>Structure du corps<\/strong><\/td>\n<td>Deux portes, trois places (moulage par injection ABS de qualit\u00e9 automobile)<\/td>\n<\/tr>\n<tr>\n<td><strong>Tension<\/strong><\/td>\n<td>60V \/ 72V Universel<\/td>\n<\/tr>\n<tr>\n<td><strong>Puissance du moteur<\/strong><\/td>\n<td>1200W standard (possibilit\u00e9 de personnaliser la puissance)<\/td>\n<\/tr>\n<tr>\n<td><strong>Contr\u00f4leur<\/strong><\/td>\n<td>Contr\u00f4leur intelligent<\/td>\n<\/tr>\n<tr>\n<td><strong>Type de batterie<\/strong><\/td>\n<td>Personnalisable (plomb-acide \/ LiFePO4)<\/td>\n<\/tr>\n<tr>\n<td><strong>Suspension<\/strong><\/td>\n<td>Suspension du pont de l'essieu arri\u00e8re<\/td>\n<\/tr>\n<tr>\n<td><strong>Syst\u00e8me de freinage<\/strong><\/td>\n<td>Freins \u00e0 disque avant et arri\u00e8re<\/td>\n<\/tr>\n<tr>\n<td><strong>Taille des pneus<\/strong><\/td>\n<td>Avant : 130-70R12 \/ Arri\u00e8re : 135-70R12<\/td>\n<\/tr>\n<tr>\n<td><strong>Principales configurations<\/strong><\/td>\n<td>Vitres \u00e9lectriques, verrouillage central int\u00e9gr\u00e9\/anti-vol, d\u00e9marrage par pression, carrosserie en plastique ABS, garnitures int\u00e9rieures chrom\u00e9es, audio Bluetooth, essuie-glaces sans bulles, toit ouvrant avec ventilateur, \u00e9clairage int\u00e9rieur, chargeur USB, cam\u00e9ra de recul HD<\/td>\n<\/tr>\n<\/tbody>\n<\/table>","protected":false},"excerpt":{"rendered":"<p>Trike \u00e9lectrique de gros 1200W, ferm\u00e9, avec carrosserie en ABS de qualit\u00e9 automobile et freins \u00e0 double disque. Options de climatisation disponibles. Obtenez un devis FCL en usine.<\/p>","protected":false},"featured_media":19917,"comment_status":"open","ping_status":"closed","template":"","meta":{"_eb_attr":""},"product_brand":[],"product_cat":[70,73],"product_tag":[173,159,149,171,172],"class_list":{"0":"post-19912","1":"product","2":"type-product","3":"status-publish","4":"has-post-thumbnail","6":"product_cat-lsev-passenger-mobility","7":"product_cat-sightseeing-shuttle-buses","8":"product_tag-coastal-property-transit","9":"product_tag-industrial-campus","10":"product_tag-off-road","11":"product_tag-premium-resort-shuttle","12":"product_tag-real-estate-vip-viewing","14":"first","15":"instock","16":"shipping-taxable","17":"product-type-simple"},"yoast_head":"<!-- This site is optimized with the Yoast SEO plugin v26.9 - https:\/\/yoast.com\/product\/yoast-seo-wordpress\/ -->\n<title>Premium ABS Enclosed Passenger Trike (1200W) | Factory FCL - ORVIK | ORVIK|Light Commercial Electric Vehicles<\/title>\n<meta name=\"robots\" content=\"index, follow, max-snippet:-1, max-image-preview:large, max-video-preview:-1\" \/>\n<link rel=\"canonical\" href=\"https:\/\/orvikpower.com\/fr\/product\/premium-abs-enclosed-passenger-trike-1200w-factory-fcl-orvik\" \/>\n<meta property=\"og:locale\" content=\"fr_FR\" \/>\n<meta property=\"og:type\" content=\"article\" \/>\n<meta property=\"og:title\" content=\"Premium ABS Enclosed Passenger Trike (1200W) | Factory FCL - ORVIK | ORVIK|Light Commercial Electric Vehicles\" \/>\n<meta property=\"og:description\" content=\"Wholesale 1200W enclosed electric passenger trike featuring an automotive-grade ABS body and dual disc brakes. A\/C options available. Get factory FCL quotes.\" \/>\n<meta property=\"og:url\" content=\"https:\/\/orvikpower.com\/fr\/product\/premium-abs-enclosed-passenger-trike-1200w-factory-fcl-orvik\" \/>\n<meta property=\"og:site_name\" content=\"ORVIK|Light Commercial Electric Vehicles\" \/>\n<meta property=\"og:image\" content=\"https:\/\/orvikpower.com\/wp-content\/uploads\/2026\/04\/\u7b2c15\u9875-99.png\" \/>\n\t<meta property=\"og:image:width\" content=\"2008\" \/>\n\t<meta property=\"og:image:height\" content=\"2008\" \/>\n\t<meta property=\"og:image:type\" content=\"image\/png\" \/>\n<meta name=\"twitter:card\" content=\"summary_large_image\" \/>\n<meta name=\"twitter:label1\" content=\"Dur\u00e9e de lecture estim\u00e9e\" \/>\n\t<meta name=\"twitter:data1\" content=\"2 minutes\" \/>\n<script type=\"application\/ld+json\" class=\"yoast-schema-graph\">{\"@context\":\"https:\/\/schema.org\",\"@graph\":[{\"@type\":\"WebPage\",\"@id\":\"https:\/\/orvikpower.com\/product\/premium-abs-enclosed-passenger-trike-1200w-factory-fcl-orvik\",\"url\":\"https:\/\/orvikpower.com\/product\/premium-abs-enclosed-passenger-trike-1200w-factory-fcl-orvik\",\"name\":\"Premium ABS Enclosed Passenger Trike (1200W) | Factory FCL - ORVIK | ORVIK|Light Commercial Electric Vehicles\",\"isPartOf\":{\"@id\":\"https:\/\/orvikpower.com\/#website\"},\"primaryImageOfPage\":{\"@id\":\"https:\/\/orvikpower.com\/product\/premium-abs-enclosed-passenger-trike-1200w-factory-fcl-orvik#primaryimage\"},\"image\":{\"@id\":\"https:\/\/orvikpower.com\/product\/premium-abs-enclosed-passenger-trike-1200w-factory-fcl-orvik#primaryimage\"},\"thumbnailUrl\":\"https:\/\/orvikpower.com\/wp-content\/uploads\/2026\/04\/\u7b2c15\u9875-99.png\",\"datePublished\":\"2026-04-08T06:19:34+00:00\",\"breadcrumb\":{\"@id\":\"https:\/\/orvikpower.com\/product\/premium-abs-enclosed-passenger-trike-1200w-factory-fcl-orvik#breadcrumb\"},\"inLanguage\":\"fr-FR\",\"potentialAction\":[{\"@type\":\"ReadAction\",\"target\":[\"https:\/\/orvikpower.com\/product\/premium-abs-enclosed-passenger-trike-1200w-factory-fcl-orvik\"]}]},{\"@type\":\"ImageObject\",\"inLanguage\":\"fr-FR\",\"@id\":\"https:\/\/orvikpower.com\/product\/premium-abs-enclosed-passenger-trike-1200w-factory-fcl-orvik#primaryimage\",\"url\":\"https:\/\/orvikpower.com\/wp-content\/uploads\/2026\/04\/\u7b2c15\u9875-99.png\",\"contentUrl\":\"https:\/\/orvikpower.com\/wp-content\/uploads\/2026\/04\/\u7b2c15\u9875-99.png\",\"width\":2008,\"height\":2008,\"caption\":\"Wholesale 1200W enclosed electric passenger trike featuring an automotive-grade ABS body and dual disc brakes. A\/C options available. Get factory FCL quotes.\"},{\"@type\":\"BreadcrumbList\",\"@id\":\"https:\/\/orvikpower.com\/product\/premium-abs-enclosed-passenger-trike-1200w-factory-fcl-orvik#breadcrumb\",\"itemListElement\":[{\"@type\":\"ListItem\",\"position\":1,\"name\":\"Home\",\"item\":\"https:\/\/orvikpower.com\/\"},{\"@type\":\"ListItem\",\"position\":2,\"name\":\"SHOP\",\"item\":\"https:\/\/orvikpower.com\/shop\"},{\"@type\":\"ListItem\",\"position\":3,\"name\":\"Premium ABS Enclosed Passenger Trike (1200W) | Factory FCL &#8211; ORVIK\"}]},{\"@type\":\"WebSite\",\"@id\":\"https:\/\/orvikpower.com\/#website\",\"url\":\"https:\/\/orvikpower.com\/\",\"name\":\"ORVIK | Light Commercial Electric Vehicles\",\"description\":\"Premier Manufacturer of Off-road Electric Utility Vehicles, Pickups &amp; Mini Trucks. High-Temp &amp; Arctic Ready designs for farms &amp; mines. Save costs with Factory-Direct FCL. Make work flow. Get a Quote.\",\"publisher\":{\"@id\":\"https:\/\/orvikpower.com\/#organization\"},\"potentialAction\":[{\"@type\":\"SearchAction\",\"target\":{\"@type\":\"EntryPoint\",\"urlTemplate\":\"https:\/\/orvikpower.com\/?s={search_term_string}\"},\"query-input\":{\"@type\":\"PropertyValueSpecification\",\"valueRequired\":true,\"valueName\":\"search_term_string\"}}],\"inLanguage\":\"fr-FR\"},{\"@type\":\"Organization\",\"@id\":\"https:\/\/orvikpower.com\/#organization\",\"name\":\"ORVIK | Light Commercial Electric Vehicles\",\"url\":\"https:\/\/orvikpower.com\/\",\"logo\":{\"@type\":\"ImageObject\",\"inLanguage\":\"fr-FR\",\"@id\":\"https:\/\/orvikpower.com\/#\/schema\/logo\/image\/\",\"url\":\"https:\/\/orvikpower.com\/wp-content\/uploads\/2026\/01\/cropped-logo-h-main-small.png\",\"contentUrl\":\"https:\/\/orvikpower.com\/wp-content\/uploads\/2026\/01\/cropped-logo-h-main-small.png\",\"width\":512,\"height\":512,\"caption\":\"ORVIK | Light Commercial Electric Vehicles\"},\"image\":{\"@id\":\"https:\/\/orvikpower.com\/#\/schema\/logo\/image\/\"},\"sameAs\":[\"https:\/\/www.youtube.com\/@ORVIKOrvikPower\",\"https:\/\/www.pinterest.com\/OrvikPower\/\"]}]}<\/script>\n<!-- \/ Yoast SEO plugin. -->","yoast_head_json":{"title":"Premium ABS Enclosed Passenger Trike (1200W) | Factory FCL - ORVIK | ORVIK|V\u00e9hicules \u00e9lectriques utilitaires l\u00e9gers","robots":{"index":"index","follow":"follow","max-snippet":"max-snippet:-1","max-image-preview":"max-image-preview:large","max-video-preview":"max-video-preview:-1"},"canonical":"https:\/\/orvikpower.com\/fr\/product\/premium-abs-enclosed-passenger-trike-1200w-factory-fcl-orvik","og_locale":"fr_FR","og_type":"article","og_title":"Premium ABS Enclosed Passenger Trike (1200W) | Factory FCL - ORVIK | ORVIK|Light Commercial Electric Vehicles","og_description":"Wholesale 1200W enclosed electric passenger trike featuring an automotive-grade ABS body and dual disc brakes. A\/C options available. Get factory FCL quotes.","og_url":"https:\/\/orvikpower.com\/fr\/product\/premium-abs-enclosed-passenger-trike-1200w-factory-fcl-orvik","og_site_name":"ORVIK|Light Commercial Electric Vehicles","og_image":[{"width":2008,"height":2008,"url":"https:\/\/orvikpower.com\/wp-content\/uploads\/2026\/04\/\u7b2c15\u9875-99.png","type":"image\/png"}],"twitter_card":"summary_large_image","twitter_misc":{"Dur\u00e9e de lecture estim\u00e9e":"2 minutes"},"schema":{"@context":"https:\/\/schema.org","@graph":[{"@type":"WebPage","@id":"https:\/\/orvikpower.com\/product\/premium-abs-enclosed-passenger-trike-1200w-factory-fcl-orvik","url":"https:\/\/orvikpower.com\/product\/premium-abs-enclosed-passenger-trike-1200w-factory-fcl-orvik","name":"Premium ABS Enclosed Passenger Trike (1200W) | Factory FCL - ORVIK | ORVIK|V\u00e9hicules \u00e9lectriques utilitaires l\u00e9gers","isPartOf":{"@id":"https:\/\/orvikpower.com\/#website"},"primaryImageOfPage":{"@id":"https:\/\/orvikpower.com\/product\/premium-abs-enclosed-passenger-trike-1200w-factory-fcl-orvik#primaryimage"},"image":{"@id":"https:\/\/orvikpower.com\/product\/premium-abs-enclosed-passenger-trike-1200w-factory-fcl-orvik#primaryimage"},"thumbnailUrl":"https:\/\/orvikpower.com\/wp-content\/uploads\/2026\/04\/\u7b2c15\u9875-99.png","datePublished":"2026-04-08T06:19:34+00:00","breadcrumb":{"@id":"https:\/\/orvikpower.com\/product\/premium-abs-enclosed-passenger-trike-1200w-factory-fcl-orvik#breadcrumb"},"inLanguage":"fr-FR","potentialAction":[{"@type":"ReadAction","target":["https:\/\/orvikpower.com\/product\/premium-abs-enclosed-passenger-trike-1200w-factory-fcl-orvik"]}]},{"@type":"ImageObject","inLanguage":"fr-FR","@id":"https:\/\/orvikpower.com\/product\/premium-abs-enclosed-passenger-trike-1200w-factory-fcl-orvik#primaryimage","url":"https:\/\/orvikpower.com\/wp-content\/uploads\/2026\/04\/\u7b2c15\u9875-99.png","contentUrl":"https:\/\/orvikpower.com\/wp-content\/uploads\/2026\/04\/\u7b2c15\u9875-99.png","width":2008,"height":2008,"caption":"Wholesale 1200W enclosed electric passenger trike featuring an automotive-grade ABS body and dual disc brakes. A\/C options available. Get factory FCL quotes."},{"@type":"BreadcrumbList","@id":"https:\/\/orvikpower.com\/product\/premium-abs-enclosed-passenger-trike-1200w-factory-fcl-orvik#breadcrumb","itemListElement":[{"@type":"ListItem","position":1,"name":"Home","item":"https:\/\/orvikpower.com\/"},{"@type":"ListItem","position":2,"name":"SHOP","item":"https:\/\/orvikpower.com\/shop"},{"@type":"ListItem","position":3,"name":"Premium ABS Enclosed Passenger Trike (1200W) | Factory FCL &#8211; ORVIK"}]},{"@type":"WebSite","@id":"https:\/\/orvikpower.com\/#website","url":"https:\/\/orvikpower.com\/","name":"ORVIK | V\u00e9hicules \u00e9lectriques utilitaires l\u00e9gers","description":"Premier fabricant de v\u00e9hicules utilitaires \u00e9lectriques tout-terrain, de camionnettes et de mini-camions. Conceptions r\u00e9sistantes aux temp\u00e9ratures \u00e9lev\u00e9es et adapt\u00e9es \u00e0 l'Arctique pour les fermes et les mines. R\u00e9duisez vos co\u00fbts gr\u00e2ce \u00e0 la livraison directe \u00e0 l'usine. Rendre le travail plus fluide. Obtenir un devis.","publisher":{"@id":"https:\/\/orvikpower.com\/#organization"},"potentialAction":[{"@type":"SearchAction","target":{"@type":"EntryPoint","urlTemplate":"https:\/\/orvikpower.com\/?s={search_term_string}"},"query-input":{"@type":"PropertyValueSpecification","valueRequired":true,"valueName":"search_term_string"}}],"inLanguage":"fr-FR"},{"@type":"Organization","@id":"https:\/\/orvikpower.com\/#organization","name":"ORVIK | V\u00e9hicules \u00e9lectriques utilitaires l\u00e9gers","url":"https:\/\/orvikpower.com\/","logo":{"@type":"ImageObject","inLanguage":"fr-FR","@id":"https:\/\/orvikpower.com\/#\/schema\/logo\/image\/","url":"https:\/\/orvikpower.com\/wp-content\/uploads\/2026\/01\/cropped-logo-h-main-small.png","contentUrl":"https:\/\/orvikpower.com\/wp-content\/uploads\/2026\/01\/cropped-logo-h-main-small.png","width":512,"height":512,"caption":"ORVIK | Light Commercial Electric Vehicles"},"image":{"@id":"https:\/\/orvikpower.com\/#\/schema\/logo\/image\/"},"sameAs":["https:\/\/www.youtube.com\/@ORVIKOrvikPower","https:\/\/www.pinterest.com\/OrvikPower\/"]}]}},"_links":{"self":[{"href":"https:\/\/orvikpower.com\/fr\/wp-json\/wp\/v2\/product\/19912","targetHints":{"allow":["GET"]}}],"collection":[{"href":"https:\/\/orvikpower.com\/fr\/wp-json\/wp\/v2\/product"}],"about":[{"href":"https:\/\/orvikpower.com\/fr\/wp-json\/wp\/v2\/types\/product"}],"replies":[{"embeddable":true,"href":"https:\/\/orvikpower.com\/fr\/wp-json\/wp\/v2\/comments?post=19912"}],"wp:featuredmedia":[{"embeddable":true,"href":"https:\/\/orvikpower.com\/fr\/wp-json\/wp\/v2\/media\/19917"}],"wp:attachment":[{"href":"https:\/\/orvikpower.com\/fr\/wp-json\/wp\/v2\/media?parent=19912"}],"wp:term":[{"taxonomy":"product_brand","embeddable":true,"href":"https:\/\/orvikpower.com\/fr\/wp-json\/wp\/v2\/product_brand?post=19912"},{"taxonomy":"product_cat","embeddable":true,"href":"https:\/\/orvikpower.com\/fr\/wp-json\/wp\/v2\/product_cat?post=19912"},{"taxonomy":"product_tag","embeddable":true,"href":"https:\/\/orvikpower.com\/fr\/wp-json\/wp\/v2\/product_tag?post=19912"}],"curies":[{"name":"wp","href":"https:\/\/api.w.org\/{rel}","templated":true}]}}