{"id":19947,"date":"2026-04-08T07:22:17","date_gmt":"2026-04-08T07:22:17","guid":{"rendered":"https:\/\/orvikpower.com\/?post_type=product&#038;p=19947"},"modified":"2026-04-08T07:22:17","modified_gmt":"2026-04-08T07:22:17","slug":"pq-series-1-4m-wide-body-electric-shuttle-4-seater-factory-fcl-orvik","status":"publish","type":"product","link":"https:\/\/orvikpower.com\/fr\/product\/pq-series-1-4m-wide-body-electric-shuttle-4-seater-factory-fcl-orvik","title":{"rendered":"Navette \u00e9lectrique \u00e0 fuselage large de 1,4 m de la s\u00e9rie PQ (4 places) - Factory FCL - ORVIK"},"content":{"rendered":"<p dir=\"auto\">La navette ORVIK PQ Series Wide-Body Shuttle \u00e9l\u00e8ve le transport de propri\u00e9t\u00e9s priv\u00e9es au rang de v\u00e9ritable exp\u00e9rience de \u201cpremi\u00e8re classe\u201d. Con\u00e7u exclusivement pour les applications hors-route et les visites de propri\u00e9t\u00e9s VIP, ce v\u00e9hicule \u00e9lectrique \u00e0 2 portes et 4 places est dot\u00e9 d'une largeur de 1400 mm. Cet avantage structurel offre aux passagers un espace exceptionnel pour les \u00e9paules, que les chariots utilitaires \u00e9troits standard ne peuvent tout simplement pas \u00e9galer. La cabine enti\u00e8rement ferm\u00e9e et \u00e9tanche est \u00e9quip\u00e9e de s\u00e9rie d'un chauffage int\u00e9gr\u00e9, ce qui permet aux op\u00e9rations VIP de se d\u00e9rouler sans probl\u00e8me pendant les hivers glacials. Pour les environnements d\u00e9sertiques br\u00fblants, la climatisation en option assure un confort absolu.<\/p>\n<div class=\"my-2\"><\/div>\n<p dir=\"auto\">Soutenue par une suspension arri\u00e8re \u00e0 lames robuste, la s\u00e9rie PQ absorbe sans effort les chocs caus\u00e9s par les chemins de gravier in\u00e9gaux ou les terrains de golf. Le passage de votre flotte de v\u00e9hicules d'accueil \u00e0 ce mod\u00e8le \u00e9lectrique \u00e9limine le bruit et l'entretien du moteur \u00e0 combustion interne, ce qui r\u00e9duit consid\u00e9rablement votre co\u00fbt total de possession (TCO). Pour r\u00e9pondre aux exigences climatiques mondiales, le syst\u00e8me de batterie est enti\u00e8rement personnalisable (choisissez l'acide-plomb rentable ou le LiFePO4 \u00e0 haute temp\u00e9rature). Le groupe motopropulseur est hautement modulaire : Les acheteurs B2B peuvent remplacer le moteur standard de 1 000 W par un moteur de 1 500 W \u00e9quip\u00e9 de vitesses hautes et basses pour les pentes raides, ou remplacer le guidon par un volant d'automobile et ajouter un toit solaire pour un luxe hors r\u00e9seau. Largement dimensionn\u00e9. Construit directement. Con\u00e7u pour faciliter votre travail.<\/p>\n<table>\n<thead>\n<tr>\n<th>Cat\u00e9gorie de param\u00e8tres<\/th>\n<th>D\u00e9tails de la sp\u00e9cification<\/th>\n<\/tr>\n<\/thead>\n<tbody>\n<tr>\n<td><strong>S\u00e9rie de mod\u00e8les<\/strong><\/td>\n<td>S\u00e9rie PQ<\/td>\n<\/tr>\n<tr>\n<td><strong>Dimensions globales (L*L*H)<\/strong><\/td>\n<td>2600 <em>1400 <\/em>1650 mm (ch\u00e2ssis large)<\/td>\n<\/tr>\n<tr>\n<td><strong>Structure du corps<\/strong><\/td>\n<td>Cabine ferm\u00e9e \u00e0 deux portes et quatre places<\/td>\n<\/tr>\n<tr>\n<td><strong>Tension<\/strong><\/td>\n<td>60-72V Universel<\/td>\n<\/tr>\n<tr>\n<td><strong>Puissance du moteur<\/strong><\/td>\n<td>1000W Standard (personnalisable jusqu'\u00e0 1500W)<\/td>\n<\/tr>\n<tr>\n<td><strong>Contr\u00f4leur<\/strong><\/td>\n<td>Contr\u00f4leur double \u00e0 18 tubes<\/td>\n<\/tr>\n<tr>\n<td><strong>Type de batterie<\/strong><\/td>\n<td>Personnalisable (plomb-acide \/ LiFePO4)<\/td>\n<\/tr>\n<tr>\n<td><strong>Suspension<\/strong><\/td>\n<td>Essieu arri\u00e8re Suspension par ressorts \u00e0 lames<\/td>\n<\/tr>\n<tr>\n<td><strong>Syst\u00e8me de freinage<\/strong><\/td>\n<td>Freins \u00e0 double disque (possibilit\u00e9 de passer aux 4 roues \u00e0 disque)<\/td>\n<\/tr>\n<tr>\n<td><strong>Taille des pneus<\/strong><\/td>\n<td>4.00 - 10 (Roues en alliage d'aluminium)<\/td>\n<\/tr>\n<tr>\n<td><strong>Principales configurations<\/strong><\/td>\n<td>Tableau de bord LCD int\u00e9gr\u00e9, Cam\u00e9ra de recul, Chauffage d'habitacle, Ventilateur de toit ouvrant, Cl\u00e9 \u00e0 distance, Radio, Vitres manuelles<\/td>\n<\/tr>\n<tr>\n<td><strong>Am\u00e9liorations optionnelles<\/strong><\/td>\n<td>Moteur 1500W, vitesses hautes\/basses, volant, si\u00e8ges divis\u00e9s, climatisation (chauffage et refroidissement), panneaux solaires, prolongateur d'autonomie, freins \u00e0 disque aux 4 roues<\/td>\n<\/tr>\n<tr>\n<td><strong>Couleurs disponibles<\/strong><\/td>\n<td>Personnalisable sur demande<\/td>\n<\/tr>\n<tr>\n<td><strong>Vitesse maximale<\/strong><\/td>\n<td>Strictement limit\u00e9 (utilisation hors route \/ propri\u00e9t\u00e9 priv\u00e9e uniquement)<\/td>\n<\/tr>\n<tr>\n<td><strong>Qt\u00e9 de chargement (40HQ)<\/strong><\/td>\n<td>Environ 20-25 unit\u00e9s (SKD - Les carrosseries larges n\u00e9cessitent un agencement sp\u00e9cifique des conteneurs, contacter pour plus de d\u00e9tails)<\/td>\n<\/tr>\n<\/tbody>\n<\/table>","protected":false},"excerpt":{"rendered":"<p>Navette \u00e9lectrique ferm\u00e9e \u00e0 grand gabarit (4 places) de la s\u00e9rie PQ. Comprend une cabine spacieuse de 1,4 m, un chauffage int\u00e9gr\u00e9 et une suspension robuste. Obtenez des devis FCL d'usine.<\/p>","protected":false},"featured_media":19953,"comment_status":"open","ping_status":"closed","template":"","meta":{"_eb_attr":""},"product_brand":[],"product_cat":[70,73],"product_tag":[159,176,149,179,171,175,180],"class_list":{"0":"post-19947","1":"product","2":"type-product","3":"status-publish","4":"has-post-thumbnail","6":"product_cat-lsev-passenger-mobility","7":"product_cat-sightseeing-shuttle-buses","8":"product_tag-industrial-campus","9":"product_tag-off-grid-transit","10":"product_tag-off-road","11":"product_tag-pq-series","12":"product_tag-premium-resort-shuttle","13":"product_tag-vip-real-estate-viewing","14":"product_tag-wide-body-lsev","16":"first","17":"instock","18":"shipping-taxable","19":"product-type-simple"},"yoast_head":"<!-- This site is optimized with the Yoast SEO plugin v26.9 - https:\/\/yoast.com\/product\/yoast-seo-wordpress\/ -->\n<title>PQ Series 1.4m Wide-Body Electric Shuttle (4-Seater) | Factory FCL - ORVIK | ORVIK|Light Commercial Electric Vehicles<\/title>\n<meta name=\"robots\" content=\"index, follow, max-snippet:-1, max-image-preview:large, max-video-preview:-1\" \/>\n<link rel=\"canonical\" href=\"https:\/\/orvikpower.com\/fr\/product\/pq-series-1-4m-wide-body-electric-shuttle-4-seater-factory-fcl-orvik\" \/>\n<meta property=\"og:locale\" content=\"fr_FR\" \/>\n<meta property=\"og:type\" content=\"article\" \/>\n<meta property=\"og:title\" content=\"PQ Series 1.4m Wide-Body Electric Shuttle (4-Seater) | Factory FCL - ORVIK | ORVIK|Light Commercial Electric Vehicles\" \/>\n<meta property=\"og:description\" content=\"Wholesale PQ Series wide-body enclosed electric shuttle (4-seater). Features expansive 1.4m cabin, built-in heater &amp; heavy-duty suspension. Get factory FCL quotes.\" \/>\n<meta property=\"og:url\" content=\"https:\/\/orvikpower.com\/fr\/product\/pq-series-1-4m-wide-body-electric-shuttle-4-seater-factory-fcl-orvik\" \/>\n<meta property=\"og:site_name\" content=\"ORVIK|Light Commercial Electric Vehicles\" \/>\n<meta property=\"og:image\" content=\"https:\/\/orvikpower.com\/wp-content\/uploads\/2026\/04\/\u7b2c20\u9875-134.png\" \/>\n\t<meta property=\"og:image:width\" content=\"2008\" \/>\n\t<meta property=\"og:image:height\" content=\"2008\" \/>\n\t<meta property=\"og:image:type\" content=\"image\/png\" \/>\n<meta name=\"twitter:card\" content=\"summary_large_image\" \/>\n<meta name=\"twitter:label1\" content=\"Dur\u00e9e de lecture estim\u00e9e\" \/>\n\t<meta name=\"twitter:data1\" content=\"2 minutes\" \/>\n<script type=\"application\/ld+json\" class=\"yoast-schema-graph\">{\"@context\":\"https:\/\/schema.org\",\"@graph\":[{\"@type\":\"WebPage\",\"@id\":\"https:\/\/orvikpower.com\/product\/pq-series-1-4m-wide-body-electric-shuttle-4-seater-factory-fcl-orvik\",\"url\":\"https:\/\/orvikpower.com\/product\/pq-series-1-4m-wide-body-electric-shuttle-4-seater-factory-fcl-orvik\",\"name\":\"PQ Series 1.4m Wide-Body Electric Shuttle (4-Seater) | Factory FCL - ORVIK | ORVIK|Light Commercial Electric Vehicles\",\"isPartOf\":{\"@id\":\"https:\/\/orvikpower.com\/#website\"},\"primaryImageOfPage\":{\"@id\":\"https:\/\/orvikpower.com\/product\/pq-series-1-4m-wide-body-electric-shuttle-4-seater-factory-fcl-orvik#primaryimage\"},\"image\":{\"@id\":\"https:\/\/orvikpower.com\/product\/pq-series-1-4m-wide-body-electric-shuttle-4-seater-factory-fcl-orvik#primaryimage\"},\"thumbnailUrl\":\"https:\/\/orvikpower.com\/wp-content\/uploads\/2026\/04\/\u7b2c20\u9875-134.png\",\"datePublished\":\"2026-04-08T07:22:17+00:00\",\"breadcrumb\":{\"@id\":\"https:\/\/orvikpower.com\/product\/pq-series-1-4m-wide-body-electric-shuttle-4-seater-factory-fcl-orvik#breadcrumb\"},\"inLanguage\":\"fr-FR\",\"potentialAction\":[{\"@type\":\"ReadAction\",\"target\":[\"https:\/\/orvikpower.com\/product\/pq-series-1-4m-wide-body-electric-shuttle-4-seater-factory-fcl-orvik\"]}]},{\"@type\":\"ImageObject\",\"inLanguage\":\"fr-FR\",\"@id\":\"https:\/\/orvikpower.com\/product\/pq-series-1-4m-wide-body-electric-shuttle-4-seater-factory-fcl-orvik#primaryimage\",\"url\":\"https:\/\/orvikpower.com\/wp-content\/uploads\/2026\/04\/\u7b2c20\u9875-134.png\",\"contentUrl\":\"https:\/\/orvikpower.com\/wp-content\/uploads\/2026\/04\/\u7b2c20\u9875-134.png\",\"width\":2008,\"height\":2008,\"caption\":\"Wholesale PQ Series wide-body enclosed electric shuttle (4-seater). Features expansive 1.4m cabin, built-in heater & heavy-duty suspension. Get factory FCL quotes.\"},{\"@type\":\"BreadcrumbList\",\"@id\":\"https:\/\/orvikpower.com\/product\/pq-series-1-4m-wide-body-electric-shuttle-4-seater-factory-fcl-orvik#breadcrumb\",\"itemListElement\":[{\"@type\":\"ListItem\",\"position\":1,\"name\":\"Home\",\"item\":\"https:\/\/orvikpower.com\/\"},{\"@type\":\"ListItem\",\"position\":2,\"name\":\"SHOP\",\"item\":\"https:\/\/orvikpower.com\/shop\"},{\"@type\":\"ListItem\",\"position\":3,\"name\":\"PQ Series 1.4m Wide-Body Electric Shuttle (4-Seater) | Factory FCL &#8211; ORVIK\"}]},{\"@type\":\"WebSite\",\"@id\":\"https:\/\/orvikpower.com\/#website\",\"url\":\"https:\/\/orvikpower.com\/\",\"name\":\"ORVIK | Light Commercial Electric Vehicles\",\"description\":\"Premier Manufacturer of Off-road Electric Utility Vehicles, Pickups &amp; Mini Trucks. High-Temp &amp; Arctic Ready designs for farms &amp; mines. Save costs with Factory-Direct FCL. Make work flow. Get a Quote.\",\"publisher\":{\"@id\":\"https:\/\/orvikpower.com\/#organization\"},\"potentialAction\":[{\"@type\":\"SearchAction\",\"target\":{\"@type\":\"EntryPoint\",\"urlTemplate\":\"https:\/\/orvikpower.com\/?s={search_term_string}\"},\"query-input\":{\"@type\":\"PropertyValueSpecification\",\"valueRequired\":true,\"valueName\":\"search_term_string\"}}],\"inLanguage\":\"fr-FR\"},{\"@type\":\"Organization\",\"@id\":\"https:\/\/orvikpower.com\/#organization\",\"name\":\"ORVIK | Light Commercial Electric Vehicles\",\"url\":\"https:\/\/orvikpower.com\/\",\"logo\":{\"@type\":\"ImageObject\",\"inLanguage\":\"fr-FR\",\"@id\":\"https:\/\/orvikpower.com\/#\/schema\/logo\/image\/\",\"url\":\"https:\/\/orvikpower.com\/wp-content\/uploads\/2026\/01\/cropped-logo-h-main-small.png\",\"contentUrl\":\"https:\/\/orvikpower.com\/wp-content\/uploads\/2026\/01\/cropped-logo-h-main-small.png\",\"width\":512,\"height\":512,\"caption\":\"ORVIK | Light Commercial Electric Vehicles\"},\"image\":{\"@id\":\"https:\/\/orvikpower.com\/#\/schema\/logo\/image\/\"},\"sameAs\":[\"https:\/\/www.youtube.com\/@ORVIKOrvikPower\",\"https:\/\/www.pinterest.com\/OrvikPower\/\"]}]}<\/script>\n<!-- \/ Yoast SEO plugin. -->","yoast_head_json":{"title":"PQ Series 1.4m Wide-Body Electric Shuttle (4-Seater) | Factory FCL - ORVIK | ORVIK|V\u00e9hicules \u00e9lectriques utilitaires l\u00e9gers","robots":{"index":"index","follow":"follow","max-snippet":"max-snippet:-1","max-image-preview":"max-image-preview:large","max-video-preview":"max-video-preview:-1"},"canonical":"https:\/\/orvikpower.com\/fr\/product\/pq-series-1-4m-wide-body-electric-shuttle-4-seater-factory-fcl-orvik","og_locale":"fr_FR","og_type":"article","og_title":"PQ Series 1.4m Wide-Body Electric Shuttle (4-Seater) | Factory FCL - ORVIK | ORVIK|Light Commercial Electric Vehicles","og_description":"Wholesale PQ Series wide-body enclosed electric shuttle (4-seater). Features expansive 1.4m cabin, built-in heater &amp; heavy-duty suspension. Get factory FCL quotes.","og_url":"https:\/\/orvikpower.com\/fr\/product\/pq-series-1-4m-wide-body-electric-shuttle-4-seater-factory-fcl-orvik","og_site_name":"ORVIK|Light Commercial Electric Vehicles","og_image":[{"width":2008,"height":2008,"url":"https:\/\/orvikpower.com\/wp-content\/uploads\/2026\/04\/\u7b2c20\u9875-134.png","type":"image\/png"}],"twitter_card":"summary_large_image","twitter_misc":{"Dur\u00e9e de lecture estim\u00e9e":"2 minutes"},"schema":{"@context":"https:\/\/schema.org","@graph":[{"@type":"WebPage","@id":"https:\/\/orvikpower.com\/product\/pq-series-1-4m-wide-body-electric-shuttle-4-seater-factory-fcl-orvik","url":"https:\/\/orvikpower.com\/product\/pq-series-1-4m-wide-body-electric-shuttle-4-seater-factory-fcl-orvik","name":"PQ Series 1.4m Wide-Body Electric Shuttle (4-Seater) | Factory FCL - ORVIK | ORVIK|V\u00e9hicules \u00e9lectriques utilitaires l\u00e9gers","isPartOf":{"@id":"https:\/\/orvikpower.com\/#website"},"primaryImageOfPage":{"@id":"https:\/\/orvikpower.com\/product\/pq-series-1-4m-wide-body-electric-shuttle-4-seater-factory-fcl-orvik#primaryimage"},"image":{"@id":"https:\/\/orvikpower.com\/product\/pq-series-1-4m-wide-body-electric-shuttle-4-seater-factory-fcl-orvik#primaryimage"},"thumbnailUrl":"https:\/\/orvikpower.com\/wp-content\/uploads\/2026\/04\/\u7b2c20\u9875-134.png","datePublished":"2026-04-08T07:22:17+00:00","breadcrumb":{"@id":"https:\/\/orvikpower.com\/product\/pq-series-1-4m-wide-body-electric-shuttle-4-seater-factory-fcl-orvik#breadcrumb"},"inLanguage":"fr-FR","potentialAction":[{"@type":"ReadAction","target":["https:\/\/orvikpower.com\/product\/pq-series-1-4m-wide-body-electric-shuttle-4-seater-factory-fcl-orvik"]}]},{"@type":"ImageObject","inLanguage":"fr-FR","@id":"https:\/\/orvikpower.com\/product\/pq-series-1-4m-wide-body-electric-shuttle-4-seater-factory-fcl-orvik#primaryimage","url":"https:\/\/orvikpower.com\/wp-content\/uploads\/2026\/04\/\u7b2c20\u9875-134.png","contentUrl":"https:\/\/orvikpower.com\/wp-content\/uploads\/2026\/04\/\u7b2c20\u9875-134.png","width":2008,"height":2008,"caption":"Wholesale PQ Series wide-body enclosed electric shuttle (4-seater). Features expansive 1.4m cabin, built-in heater & heavy-duty suspension. Get factory FCL quotes."},{"@type":"BreadcrumbList","@id":"https:\/\/orvikpower.com\/product\/pq-series-1-4m-wide-body-electric-shuttle-4-seater-factory-fcl-orvik#breadcrumb","itemListElement":[{"@type":"ListItem","position":1,"name":"Home","item":"https:\/\/orvikpower.com\/"},{"@type":"ListItem","position":2,"name":"SHOP","item":"https:\/\/orvikpower.com\/shop"},{"@type":"ListItem","position":3,"name":"PQ Series 1.4m Wide-Body Electric Shuttle (4-Seater) | Factory FCL &#8211; ORVIK"}]},{"@type":"WebSite","@id":"https:\/\/orvikpower.com\/#website","url":"https:\/\/orvikpower.com\/","name":"ORVIK | V\u00e9hicules \u00e9lectriques utilitaires l\u00e9gers","description":"Premier fabricant de v\u00e9hicules utilitaires \u00e9lectriques tout-terrain, de camionnettes et de mini-camions. Conceptions r\u00e9sistantes aux temp\u00e9ratures \u00e9lev\u00e9es et adapt\u00e9es \u00e0 l'Arctique pour les fermes et les mines. R\u00e9duisez vos co\u00fbts gr\u00e2ce \u00e0 la livraison directe \u00e0 l'usine. Rendre le travail plus fluide. Obtenir un devis.","publisher":{"@id":"https:\/\/orvikpower.com\/#organization"},"potentialAction":[{"@type":"SearchAction","target":{"@type":"EntryPoint","urlTemplate":"https:\/\/orvikpower.com\/?s={search_term_string}"},"query-input":{"@type":"PropertyValueSpecification","valueRequired":true,"valueName":"search_term_string"}}],"inLanguage":"fr-FR"},{"@type":"Organization","@id":"https:\/\/orvikpower.com\/#organization","name":"ORVIK | V\u00e9hicules \u00e9lectriques utilitaires l\u00e9gers","url":"https:\/\/orvikpower.com\/","logo":{"@type":"ImageObject","inLanguage":"fr-FR","@id":"https:\/\/orvikpower.com\/#\/schema\/logo\/image\/","url":"https:\/\/orvikpower.com\/wp-content\/uploads\/2026\/01\/cropped-logo-h-main-small.png","contentUrl":"https:\/\/orvikpower.com\/wp-content\/uploads\/2026\/01\/cropped-logo-h-main-small.png","width":512,"height":512,"caption":"ORVIK | Light Commercial Electric Vehicles"},"image":{"@id":"https:\/\/orvikpower.com\/#\/schema\/logo\/image\/"},"sameAs":["https:\/\/www.youtube.com\/@ORVIKOrvikPower","https:\/\/www.pinterest.com\/OrvikPower\/"]}]}},"_links":{"self":[{"href":"https:\/\/orvikpower.com\/fr\/wp-json\/wp\/v2\/product\/19947","targetHints":{"allow":["GET"]}}],"collection":[{"href":"https:\/\/orvikpower.com\/fr\/wp-json\/wp\/v2\/product"}],"about":[{"href":"https:\/\/orvikpower.com\/fr\/wp-json\/wp\/v2\/types\/product"}],"replies":[{"embeddable":true,"href":"https:\/\/orvikpower.com\/fr\/wp-json\/wp\/v2\/comments?post=19947"}],"wp:featuredmedia":[{"embeddable":true,"href":"https:\/\/orvikpower.com\/fr\/wp-json\/wp\/v2\/media\/19953"}],"wp:attachment":[{"href":"https:\/\/orvikpower.com\/fr\/wp-json\/wp\/v2\/media?parent=19947"}],"wp:term":[{"taxonomy":"product_brand","embeddable":true,"href":"https:\/\/orvikpower.com\/fr\/wp-json\/wp\/v2\/product_brand?post=19947"},{"taxonomy":"product_cat","embeddable":true,"href":"https:\/\/orvikpower.com\/fr\/wp-json\/wp\/v2\/product_cat?post=19947"},{"taxonomy":"product_tag","embeddable":true,"href":"https:\/\/orvikpower.com\/fr\/wp-json\/wp\/v2\/product_tag?post=19947"}],"curies":[{"name":"wp","href":"https:\/\/api.w.org\/{rel}","templated":true}]}}