{"id":19954,"date":"2026-04-08T07:29:06","date_gmt":"2026-04-08T07:29:06","guid":{"rendered":"https:\/\/orvikpower.com\/?post_type=product&#038;p=19954"},"modified":"2026-04-08T07:29:06","modified_gmt":"2026-04-08T07:29:06","slug":"mk-series-4-door-wide-body-electric-shuttle-factory-fcl-orvik","status":"publish","type":"product","link":"https:\/\/orvikpower.com\/fr\/product\/mk-series-4-door-wide-body-electric-shuttle-factory-fcl-orvik","title":{"rendered":"MK Series 4-Door Wide-Body Electric Shuttle | Factory FCL - ORVIK"},"content":{"rendered":"<p dir=\"auto\">La s\u00e9rie MK d'ORVIK repr\u00e9sente l'\u00e9volution ultime en mati\u00e8re de transport de propri\u00e9t\u00e9s priv\u00e9es VIP. S'appuyant sur notre vaste ch\u00e2ssis de 1,4 m de large, ce mod\u00e8le pr\u00e9sente une configuration haut de gamme \u00e0 4 portes et 4 places. Cette conception distincte \u00e9limine la n\u00e9cessit\u00e9 pour les passagers de grimper maladroitement sur les si\u00e8ges, ce qui permet un embarquement ind\u00e9pendant et sans effort pour chaque invit\u00e9. Con\u00e7ue exclusivement pour les stations tout-terrain et les campus industriels, la cabine enti\u00e8rement ferm\u00e9e est \u00e9quip\u00e9e de s\u00e9rie d'un chauffage int\u00e9gr\u00e9 pour les hivers glacials de Russie, avec une option de climatisation pour les \u00e9t\u00e9s br\u00fblants du Moyen-Orient.<\/p>\n<div class=\"my-2\"><\/div>\n<p dir=\"auto\">Sous l'habitacle luxueux se cache une b\u00eate de somme robuste. Soutenue par une suspension arri\u00e8re \u00e0 ressorts \u00e0 lames tr\u00e8s r\u00e9sistante, la s\u00e9rie MK se faufile avec aisance sur les terrains accident\u00e9s et les chemins de gravier. Le passage de votre flotte VIP \u00e0 ce mod\u00e8le \u00e9lectrique \u00e9limine le bruit et l'entretien du moteur \u00e0 combustion interne, ce qui r\u00e9duit consid\u00e9rablement votre co\u00fbt total de possession (TCO). Pour s'adapter \u00e0 votre climat op\u00e9rationnel sp\u00e9cifique, le syst\u00e8me de batterie est enti\u00e8rement personnalisable (plomb-acide ou LiFePO4 haute densit\u00e9). Le groupe motopropulseur est tr\u00e8s modulaire pour les acheteurs B2B : le moteur standard de 1000 W peut \u00eatre remplac\u00e9 par un moteur de 1500 W avec des vitesses hautes et basses pour les pentes raides, le guidon peut \u00eatre remplac\u00e9 par un volant d'automobile, ou un toit solaire peut \u00eatre int\u00e9gr\u00e9 pour une endurance ultime hors r\u00e9seau. Construit en grand. Construit directement. Con\u00e7u pour faciliter votre travail.<\/p>\n<table>\n<thead>\n<tr>\n<th>Cat\u00e9gorie de param\u00e8tres<\/th>\n<th>D\u00e9tails de la sp\u00e9cification<\/th>\n<\/tr>\n<\/thead>\n<tbody>\n<tr>\n<td><strong>S\u00e9rie de mod\u00e8les<\/strong><\/td>\n<td>S\u00e9rie MK<\/td>\n<\/tr>\n<tr>\n<td><strong>Dimensions globales (L*L*H)<\/strong><\/td>\n<td>2600 <em>1400 <\/em>1650 mm (ch\u00e2ssis large)<\/td>\n<\/tr>\n<tr>\n<td><strong>Structure du corps<\/strong><\/td>\n<td>Cabine ferm\u00e9e \u00e0 quatre portes et quatre places<\/td>\n<\/tr>\n<tr>\n<td><strong>Tension<\/strong><\/td>\n<td>60-72V Universel<\/td>\n<\/tr>\n<tr>\n<td><strong>Puissance du moteur<\/strong><\/td>\n<td>1000W Standard (personnalisable jusqu'\u00e0 1500W)<\/td>\n<\/tr>\n<tr>\n<td><strong>Contr\u00f4leur<\/strong><\/td>\n<td>Contr\u00f4leur double \u00e0 18 tubes<\/td>\n<\/tr>\n<tr>\n<td><strong>Type de batterie<\/strong><\/td>\n<td>Personnalisable (plomb-acide \/ LiFePO4)<\/td>\n<\/tr>\n<tr>\n<td><strong>Suspension<\/strong><\/td>\n<td>Essieu arri\u00e8re Suspension par ressorts \u00e0 lames<\/td>\n<\/tr>\n<tr>\n<td><strong>Syst\u00e8me de freinage<\/strong><\/td>\n<td>Freins \u00e0 double disque (possibilit\u00e9 de passer aux 4 roues \u00e0 disque)<\/td>\n<\/tr>\n<tr>\n<td><strong>Taille des pneus<\/strong><\/td>\n<td>4.00 - 10 (Roues en alliage d'aluminium)<\/td>\n<\/tr>\n<tr>\n<td><strong>Principales configurations<\/strong><\/td>\n<td>Tableau de bord LCD int\u00e9gr\u00e9, Cam\u00e9ra de recul, Chauffage d'habitacle, Ventilateur de toit ouvrant, Cl\u00e9 \u00e0 distance, Radio, Vitres manuelles<\/td>\n<\/tr>\n<tr>\n<td><strong>Am\u00e9liorations optionnelles<\/strong><\/td>\n<td>Moteur 1500W, vitesses hautes\/basses, volant, si\u00e8ges divis\u00e9s, climatisation (chauffage et refroidissement), panneaux solaires, prolongateur d'autonomie, freins \u00e0 disque aux 4 roues<\/td>\n<\/tr>\n<tr>\n<td><strong>Couleurs disponibles<\/strong><\/td>\n<td>Personnalisable sur demande<\/td>\n<\/tr>\n<tr>\n<td><strong>Vitesse maximale<\/strong><\/td>\n<td>Strictement limit\u00e9 (utilisation hors route \/ propri\u00e9t\u00e9 priv\u00e9e uniquement)<\/td>\n<\/tr>\n<tr>\n<td><strong>Qt\u00e9 de chargement (40HQ)<\/strong><\/td>\n<td>Environ 20-25 unit\u00e9s (SKD - Les carrosseries larges n\u00e9cessitent un agencement sp\u00e9cifique des conteneurs, contacter pour plus de d\u00e9tails)<\/td>\n<\/tr>\n<\/tbody>\n<\/table>","protected":false},"excerpt":{"rendered":"<p>Navette \u00e9lectrique ferm\u00e9e \u00e0 4 portes de la s\u00e9rie MK de Wholesale. Cabine de 1,4 m de large, chauffage standard et climatisation en option pour les climats extr\u00eames. Obtenez votre devis FCL aujourd'hui.<\/p>","protected":false},"featured_media":19960,"comment_status":"open","ping_status":"closed","template":"","meta":{"_eb_attr":""},"product_brand":[],"product_cat":[70,73],"product_tag":[182,159,181,176,149,171,175],"class_list":{"0":"post-19954","1":"product","2":"type-product","3":"status-publish","4":"has-post-thumbnail","6":"product_cat-lsev-passenger-mobility","7":"product_cat-sightseeing-shuttle-buses","8":"product_tag-4-door-lsev","9":"product_tag-industrial-campus","10":"product_tag-mk-series","11":"product_tag-off-grid-transit","12":"product_tag-off-road","13":"product_tag-premium-resort-shuttle","14":"product_tag-vip-real-estate-viewing","16":"first","17":"instock","18":"shipping-taxable","19":"product-type-simple"},"yoast_head":"<!-- This site is optimized with the Yoast SEO plugin v26.9 - https:\/\/yoast.com\/product\/yoast-seo-wordpress\/ -->\n<title>MK Series 4-Door Wide-Body Electric Shuttle | Factory FCL - ORVIK | ORVIK|Light Commercial Electric Vehicles<\/title>\n<meta name=\"robots\" content=\"index, follow, max-snippet:-1, max-image-preview:large, max-video-preview:-1\" \/>\n<link rel=\"canonical\" href=\"https:\/\/orvikpower.com\/fr\/product\/mk-series-4-door-wide-body-electric-shuttle-factory-fcl-orvik\" \/>\n<meta property=\"og:locale\" content=\"fr_FR\" \/>\n<meta property=\"og:type\" content=\"article\" \/>\n<meta property=\"og:title\" content=\"MK Series 4-Door Wide-Body Electric Shuttle | Factory FCL - ORVIK | ORVIK|Light Commercial Electric Vehicles\" \/>\n<meta property=\"og:description\" content=\"Wholesale MK Series 4-door enclosed electric shuttle. 1.4m wide cabin, standard heater &amp; optional A\/C for extreme climates. Get your factory FCL quote today.\" \/>\n<meta property=\"og:url\" content=\"https:\/\/orvikpower.com\/fr\/product\/mk-series-4-door-wide-body-electric-shuttle-factory-fcl-orvik\" \/>\n<meta property=\"og:site_name\" content=\"ORVIK|Light Commercial Electric Vehicles\" \/>\n<meta property=\"og:image\" content=\"https:\/\/orvikpower.com\/wp-content\/uploads\/2026\/04\/\u7b2c21\u9875-141.png\" \/>\n\t<meta property=\"og:image:width\" content=\"2008\" \/>\n\t<meta property=\"og:image:height\" content=\"2008\" \/>\n\t<meta property=\"og:image:type\" content=\"image\/png\" \/>\n<meta name=\"twitter:card\" content=\"summary_large_image\" \/>\n<meta name=\"twitter:label1\" content=\"Dur\u00e9e de lecture estim\u00e9e\" \/>\n\t<meta name=\"twitter:data1\" content=\"2 minutes\" \/>\n<script type=\"application\/ld+json\" class=\"yoast-schema-graph\">{\"@context\":\"https:\/\/schema.org\",\"@graph\":[{\"@type\":\"WebPage\",\"@id\":\"https:\/\/orvikpower.com\/product\/mk-series-4-door-wide-body-electric-shuttle-factory-fcl-orvik\",\"url\":\"https:\/\/orvikpower.com\/product\/mk-series-4-door-wide-body-electric-shuttle-factory-fcl-orvik\",\"name\":\"MK Series 4-Door Wide-Body Electric Shuttle | Factory FCL - ORVIK | ORVIK|Light Commercial Electric Vehicles\",\"isPartOf\":{\"@id\":\"https:\/\/orvikpower.com\/#website\"},\"primaryImageOfPage\":{\"@id\":\"https:\/\/orvikpower.com\/product\/mk-series-4-door-wide-body-electric-shuttle-factory-fcl-orvik#primaryimage\"},\"image\":{\"@id\":\"https:\/\/orvikpower.com\/product\/mk-series-4-door-wide-body-electric-shuttle-factory-fcl-orvik#primaryimage\"},\"thumbnailUrl\":\"https:\/\/orvikpower.com\/wp-content\/uploads\/2026\/04\/\u7b2c21\u9875-141.png\",\"datePublished\":\"2026-04-08T07:29:06+00:00\",\"breadcrumb\":{\"@id\":\"https:\/\/orvikpower.com\/product\/mk-series-4-door-wide-body-electric-shuttle-factory-fcl-orvik#breadcrumb\"},\"inLanguage\":\"fr-FR\",\"potentialAction\":[{\"@type\":\"ReadAction\",\"target\":[\"https:\/\/orvikpower.com\/product\/mk-series-4-door-wide-body-electric-shuttle-factory-fcl-orvik\"]}]},{\"@type\":\"ImageObject\",\"inLanguage\":\"fr-FR\",\"@id\":\"https:\/\/orvikpower.com\/product\/mk-series-4-door-wide-body-electric-shuttle-factory-fcl-orvik#primaryimage\",\"url\":\"https:\/\/orvikpower.com\/wp-content\/uploads\/2026\/04\/\u7b2c21\u9875-141.png\",\"contentUrl\":\"https:\/\/orvikpower.com\/wp-content\/uploads\/2026\/04\/\u7b2c21\u9875-141.png\",\"width\":2008,\"height\":2008,\"caption\":\"Wholesale MK Series 4-door enclosed electric shuttle. 1.4m wide cabin, standard heater & optional A\/C for extreme climates. Get your factory FCL quote today.\"},{\"@type\":\"BreadcrumbList\",\"@id\":\"https:\/\/orvikpower.com\/product\/mk-series-4-door-wide-body-electric-shuttle-factory-fcl-orvik#breadcrumb\",\"itemListElement\":[{\"@type\":\"ListItem\",\"position\":1,\"name\":\"Home\",\"item\":\"https:\/\/orvikpower.com\/\"},{\"@type\":\"ListItem\",\"position\":2,\"name\":\"SHOP\",\"item\":\"https:\/\/orvikpower.com\/shop\"},{\"@type\":\"ListItem\",\"position\":3,\"name\":\"MK Series 4-Door Wide-Body Electric Shuttle | Factory FCL &#8211; ORVIK\"}]},{\"@type\":\"WebSite\",\"@id\":\"https:\/\/orvikpower.com\/#website\",\"url\":\"https:\/\/orvikpower.com\/\",\"name\":\"ORVIK | Light Commercial Electric Vehicles\",\"description\":\"Premier Manufacturer of Off-road Electric Utility Vehicles, Pickups &amp; Mini Trucks. High-Temp &amp; Arctic Ready designs for farms &amp; mines. Save costs with Factory-Direct FCL. Make work flow. Get a Quote.\",\"publisher\":{\"@id\":\"https:\/\/orvikpower.com\/#organization\"},\"potentialAction\":[{\"@type\":\"SearchAction\",\"target\":{\"@type\":\"EntryPoint\",\"urlTemplate\":\"https:\/\/orvikpower.com\/?s={search_term_string}\"},\"query-input\":{\"@type\":\"PropertyValueSpecification\",\"valueRequired\":true,\"valueName\":\"search_term_string\"}}],\"inLanguage\":\"fr-FR\"},{\"@type\":\"Organization\",\"@id\":\"https:\/\/orvikpower.com\/#organization\",\"name\":\"ORVIK | Light Commercial Electric Vehicles\",\"url\":\"https:\/\/orvikpower.com\/\",\"logo\":{\"@type\":\"ImageObject\",\"inLanguage\":\"fr-FR\",\"@id\":\"https:\/\/orvikpower.com\/#\/schema\/logo\/image\/\",\"url\":\"https:\/\/orvikpower.com\/wp-content\/uploads\/2026\/01\/cropped-logo-h-main-small.png\",\"contentUrl\":\"https:\/\/orvikpower.com\/wp-content\/uploads\/2026\/01\/cropped-logo-h-main-small.png\",\"width\":512,\"height\":512,\"caption\":\"ORVIK | Light Commercial Electric Vehicles\"},\"image\":{\"@id\":\"https:\/\/orvikpower.com\/#\/schema\/logo\/image\/\"},\"sameAs\":[\"https:\/\/www.youtube.com\/@ORVIKOrvikPower\",\"https:\/\/www.pinterest.com\/OrvikPower\/\"]}]}<\/script>\n<!-- \/ Yoast SEO plugin. -->","yoast_head_json":{"title":"MK Series 4-Door Wide-Body Electric Shuttle | Factory FCL - ORVIK | ORVIK|Light Commercial Electric Vehicles","robots":{"index":"index","follow":"follow","max-snippet":"max-snippet:-1","max-image-preview":"max-image-preview:large","max-video-preview":"max-video-preview:-1"},"canonical":"https:\/\/orvikpower.com\/fr\/product\/mk-series-4-door-wide-body-electric-shuttle-factory-fcl-orvik","og_locale":"fr_FR","og_type":"article","og_title":"MK Series 4-Door Wide-Body Electric Shuttle | Factory FCL - ORVIK | ORVIK|Light Commercial Electric Vehicles","og_description":"Wholesale MK Series 4-door enclosed electric shuttle. 1.4m wide cabin, standard heater &amp; optional A\/C for extreme climates. Get your factory FCL quote today.","og_url":"https:\/\/orvikpower.com\/fr\/product\/mk-series-4-door-wide-body-electric-shuttle-factory-fcl-orvik","og_site_name":"ORVIK|Light Commercial Electric Vehicles","og_image":[{"width":2008,"height":2008,"url":"https:\/\/orvikpower.com\/wp-content\/uploads\/2026\/04\/\u7b2c21\u9875-141.png","type":"image\/png"}],"twitter_card":"summary_large_image","twitter_misc":{"Dur\u00e9e de lecture estim\u00e9e":"2 minutes"},"schema":{"@context":"https:\/\/schema.org","@graph":[{"@type":"WebPage","@id":"https:\/\/orvikpower.com\/product\/mk-series-4-door-wide-body-electric-shuttle-factory-fcl-orvik","url":"https:\/\/orvikpower.com\/product\/mk-series-4-door-wide-body-electric-shuttle-factory-fcl-orvik","name":"MK Series 4-Door Wide-Body Electric Shuttle | Factory FCL - ORVIK | ORVIK|Light Commercial Electric Vehicles","isPartOf":{"@id":"https:\/\/orvikpower.com\/#website"},"primaryImageOfPage":{"@id":"https:\/\/orvikpower.com\/product\/mk-series-4-door-wide-body-electric-shuttle-factory-fcl-orvik#primaryimage"},"image":{"@id":"https:\/\/orvikpower.com\/product\/mk-series-4-door-wide-body-electric-shuttle-factory-fcl-orvik#primaryimage"},"thumbnailUrl":"https:\/\/orvikpower.com\/wp-content\/uploads\/2026\/04\/\u7b2c21\u9875-141.png","datePublished":"2026-04-08T07:29:06+00:00","breadcrumb":{"@id":"https:\/\/orvikpower.com\/product\/mk-series-4-door-wide-body-electric-shuttle-factory-fcl-orvik#breadcrumb"},"inLanguage":"fr-FR","potentialAction":[{"@type":"ReadAction","target":["https:\/\/orvikpower.com\/product\/mk-series-4-door-wide-body-electric-shuttle-factory-fcl-orvik"]}]},{"@type":"ImageObject","inLanguage":"fr-FR","@id":"https:\/\/orvikpower.com\/product\/mk-series-4-door-wide-body-electric-shuttle-factory-fcl-orvik#primaryimage","url":"https:\/\/orvikpower.com\/wp-content\/uploads\/2026\/04\/\u7b2c21\u9875-141.png","contentUrl":"https:\/\/orvikpower.com\/wp-content\/uploads\/2026\/04\/\u7b2c21\u9875-141.png","width":2008,"height":2008,"caption":"Wholesale MK Series 4-door enclosed electric shuttle. 1.4m wide cabin, standard heater & optional A\/C for extreme climates. Get your factory FCL quote today."},{"@type":"BreadcrumbList","@id":"https:\/\/orvikpower.com\/product\/mk-series-4-door-wide-body-electric-shuttle-factory-fcl-orvik#breadcrumb","itemListElement":[{"@type":"ListItem","position":1,"name":"Home","item":"https:\/\/orvikpower.com\/"},{"@type":"ListItem","position":2,"name":"SHOP","item":"https:\/\/orvikpower.com\/shop"},{"@type":"ListItem","position":3,"name":"MK Series 4-Door Wide-Body Electric Shuttle | Factory FCL &#8211; ORVIK"}]},{"@type":"WebSite","@id":"https:\/\/orvikpower.com\/#website","url":"https:\/\/orvikpower.com\/","name":"ORVIK | V\u00e9hicules \u00e9lectriques utilitaires l\u00e9gers","description":"Premier fabricant de v\u00e9hicules utilitaires \u00e9lectriques tout-terrain, de camionnettes et de mini-camions. Conceptions r\u00e9sistantes aux temp\u00e9ratures \u00e9lev\u00e9es et adapt\u00e9es \u00e0 l'Arctique pour les fermes et les mines. R\u00e9duisez vos co\u00fbts gr\u00e2ce \u00e0 la livraison directe \u00e0 l'usine. Rendre le travail plus fluide. Obtenir un devis.","publisher":{"@id":"https:\/\/orvikpower.com\/#organization"},"potentialAction":[{"@type":"SearchAction","target":{"@type":"EntryPoint","urlTemplate":"https:\/\/orvikpower.com\/?s={search_term_string}"},"query-input":{"@type":"PropertyValueSpecification","valueRequired":true,"valueName":"search_term_string"}}],"inLanguage":"fr-FR"},{"@type":"Organization","@id":"https:\/\/orvikpower.com\/#organization","name":"ORVIK | V\u00e9hicules \u00e9lectriques utilitaires l\u00e9gers","url":"https:\/\/orvikpower.com\/","logo":{"@type":"ImageObject","inLanguage":"fr-FR","@id":"https:\/\/orvikpower.com\/#\/schema\/logo\/image\/","url":"https:\/\/orvikpower.com\/wp-content\/uploads\/2026\/01\/cropped-logo-h-main-small.png","contentUrl":"https:\/\/orvikpower.com\/wp-content\/uploads\/2026\/01\/cropped-logo-h-main-small.png","width":512,"height":512,"caption":"ORVIK | Light Commercial Electric Vehicles"},"image":{"@id":"https:\/\/orvikpower.com\/#\/schema\/logo\/image\/"},"sameAs":["https:\/\/www.youtube.com\/@ORVIKOrvikPower","https:\/\/www.pinterest.com\/OrvikPower\/"]}]}},"_links":{"self":[{"href":"https:\/\/orvikpower.com\/fr\/wp-json\/wp\/v2\/product\/19954","targetHints":{"allow":["GET"]}}],"collection":[{"href":"https:\/\/orvikpower.com\/fr\/wp-json\/wp\/v2\/product"}],"about":[{"href":"https:\/\/orvikpower.com\/fr\/wp-json\/wp\/v2\/types\/product"}],"replies":[{"embeddable":true,"href":"https:\/\/orvikpower.com\/fr\/wp-json\/wp\/v2\/comments?post=19954"}],"wp:featuredmedia":[{"embeddable":true,"href":"https:\/\/orvikpower.com\/fr\/wp-json\/wp\/v2\/media\/19960"}],"wp:attachment":[{"href":"https:\/\/orvikpower.com\/fr\/wp-json\/wp\/v2\/media?parent=19954"}],"wp:term":[{"taxonomy":"product_brand","embeddable":true,"href":"https:\/\/orvikpower.com\/fr\/wp-json\/wp\/v2\/product_brand?post=19954"},{"taxonomy":"product_cat","embeddable":true,"href":"https:\/\/orvikpower.com\/fr\/wp-json\/wp\/v2\/product_cat?post=19954"},{"taxonomy":"product_tag","embeddable":true,"href":"https:\/\/orvikpower.com\/fr\/wp-json\/wp\/v2\/product_tag?post=19954"}],"curies":[{"name":"wp","href":"https:\/\/api.w.org\/{rel}","templated":true}]}}