{"id":18923,"date":"2026-01-19T07:26:40","date_gmt":"2026-01-19T07:26:40","guid":{"rendered":"https:\/\/orvikpower.com\/?post_type=product&#038;p=18923"},"modified":"2026-01-19T08:46:34","modified_gmt":"2026-01-19T08:46:34","slug":"s1400-electric-ride-on-sweeper-industrial-cleaning-factory-direct-orvik","status":"publish","type":"product","link":"https:\/\/orvikpower.com\/hu\/term%c3%a9k\/s1400-electric-ride-on-sweeper-industrial-cleaning-factory-direct-orvik","title":{"rendered":"S1400 elektromos felsz\u00e1ll\u00f3sepr\u0151 | Ipari takar\u00edt\u00e1s | Factory Direct - ORVIK"},"content":{"rendered":"<p dir=\"auto\">A <strong>S1400 kompakt ipari sepr\u0151g\u00e9p<\/strong> olyan l\u00e9tes\u00edtm\u00e9nygazd\u00e1k sz\u00e1m\u00e1ra k\u00e9sz\u00fclt, akiknek a tart\u00f3ss\u00e1g fontosabb, mint az eszt\u00e9tikum.<\/p>\n<ul dir=\"auto\">\n<li class=\"text-start\">Teljesen p\u00e1colt, elektroforetikusan kezelt ac\u00e9lv\u00e1zzal \u00e9s defektt\u0171r\u0151 t\u00f6m\u00f6r gumiabroncsokkal rendelkezik.<\/li>\n<li class=\"text-start\">Ez az ipari min\u0151s\u00e9g\u0171 konstrukci\u00f3 kiv\u00e1l\u00f3 ellen\u00e1ll\u00e1st biztos\u00edt a korr\u00f3zi\u00f3val (rozsd\u00e1val) \u00e9s a b\u00e1nyatelepeken vagy a gy\u00e1rak padl\u00f3j\u00e1n gyakran el\u0151fordul\u00f3 \u00e9les t\u00f6rmel\u00e9kkel szemben.<\/li>\n<li class=\"text-start\">Megb\u00edzhat\u00f3 takar\u00edt\u00f3eszk\u00f6zt kap, amely ellen\u00e1ll a zord k\u00f6rnyezetnek, \u00e9s jelent\u0151sen cs\u00f6kkenti a karbantart\u00e1si le\u00e1ll\u00e1si id\u0151t \u00e9s a cserek\u00f6lts\u00e9geket a m\u0171anyagtest\u0171 kereskedelmi sepr\u0151g\u00e9pekhez k\u00e9pest.<\/li>\n<li class=\"text-start\"><strong>\u00dagy tervezt\u00fck, hogy a munkafolyamatokat megk\u00f6nny\u00edtse.<\/strong><\/li>\n<\/ul>\n<table class=\"table table-striped-white table-bordered\" data-anchor-id=\"yvsn\">\n<thead>\n<tr>\n<th>Specifik\u00e1ci\u00f3 t\u00e9tel<\/th>\n<th>R\u00e9szletek<\/th>\n<\/tr>\n<\/thead>\n<tbody>\n<tr>\n<td><strong>Modell<\/strong><\/td>\n<td>S1400 kompakt ipari sepr\u0151g\u00e9p<\/td>\n<\/tr>\n<tr>\n<td><strong>M\u00e9retek (L*S*H)<\/strong><\/td>\n<td>1810 \u00d7 1400 \u00d7 1520 mm<\/td>\n<\/tr>\n<tr>\n<td><strong>S\u00f6pr\u0151 sz\u00e9less\u00e9g<\/strong><\/td>\n<td>1400 mm<\/td>\n<\/tr>\n<tr>\n<td><strong>Munka hat\u00e9konys\u00e1ga<\/strong><\/td>\n<td>2 - 3 \u00f3ra folyamatos m\u0171k\u00f6d\u00e9s<\/td>\n<\/tr>\n<tr>\n<td><strong>Akkumul\u00e1tor rendszer<\/strong><\/td>\n<td>48V \/ 70Ah (karbantart\u00e1smentes \u00f3lomsav)<\/td>\n<\/tr>\n<tr>\n<td><strong>Motor konfigur\u00e1ci\u00f3<\/strong><\/td>\n<td><strong>Hajt\u00e1s:<\/strong>\u00a01200W |\u00a0<strong>Oldals\u00f3 kefe:<\/strong>\u00a0800W |\u00a0<strong>F\u0151 ecset:<\/strong>\u00a0200W (100*2) |\u00a0<strong>Rajong\u00f3:<\/strong>\u00a0200W |\u00a0<strong>Shaker:<\/strong>\u00a0500W<\/td>\n<\/tr>\n<tr>\n<td><strong>Tart\u00e1ly kapacit\u00e1sa<\/strong><\/td>\n<td><strong>V\u00edz:<\/strong>\u00a050L |\u00a0<strong>Porgy\u0171jt\u0151:<\/strong>\u00a0180L<\/td>\n<\/tr>\n<tr>\n<td><strong>Alv\u00e1zkezel\u00e9s<\/strong><\/td>\n<td>Savas p\u00e1col\u00e1s + elektrofor\u00e9zis + magas h\u0151m\u00e9rs\u00e9klet\u0171 porbevonat (korr\u00f3zi\u00f3v\u00e9delem)<\/td>\n<\/tr>\n<tr>\n<td><strong>Gumiabroncsok<\/strong><\/td>\n<td>T\u00f6m\u00f6r ipari gumiabroncsok (defektt\u0171r\u0151)<\/td>\n<\/tr>\n<tr>\n<td><strong>F\u00e9krendszer<\/strong><\/td>\n<td>Hidraulikus kett\u0151s t\u00e1rcsaf\u00e9kek<\/td>\n<\/tr>\n<tr>\n<td><strong>V\u00edzszigetel\u00e9s<\/strong><\/td>\n<td>Minden k\u00e1belk\u00f6teg v\u00edz\u00e1ll\u00f3 csatlakoz\u00f3kkal \u00e9s csomagol\u00e1ssal van ell\u00e1tva<\/td>\n<\/tr>\n<tr>\n<td><strong>Max m\u00e1sz\u00e1s<\/strong><\/td>\n<td>25%<\/td>\n<\/tr>\n<tr>\n<td><strong>Rakod\u00e1si mennyis\u00e9g (40HQ)<\/strong><\/td>\n<td><em>Konzult\u00e1ljon az \u00e9rt\u00e9kes\u00edt\u00e9ssel a terhel\u00e9si tervhez<\/em><\/td>\n<\/tr>\n<\/tbody>\n<\/table>","protected":false},"excerpt":{"rendered":"<p>1400 mm sz\u00e9les elektromos sepr\u0151g\u00e9p korr\u00f3zi\u00f3\u00e1ll\u00f3 alv\u00e1zzal \u00e9s t\u00f6m\u00f6r gumiabroncsokkal. Robusztus kialak\u00edt\u00e1s gy\u00e1rak \u00e9s \u00fcd\u00fcl\u0151helyek sz\u00e1m\u00e1ra. Alacsony karbantart\u00e1si ig\u00e9ny. \u00c9rdekl\u0151dj\u00f6n a gy\u00e1ri FCL \u00e1rr\u00f3l.<\/p>","protected":false},"featured_media":18947,"comment_status":"open","ping_status":"closed","template":"","meta":{"_eb_attr":""},"product_brand":[],"product_cat":[75,74],"product_tag":[83,86,85,84],"class_list":{"0":"post-18923","1":"product","2":"type-product","3":"status-publish","4":"has-post-thumbnail","6":"product_cat-electric-street-sweepers","7":"product_cat-specialized-service-vehicles","8":"product_tag-industrial-parks","9":"product_tag-private-campuses","10":"product_tag-resorts","11":"product_tag-warehouses","13":"first","14":"instock","15":"shipping-taxable","16":"product-type-simple"},"yoast_head":"<!-- This site is optimized with the Yoast SEO plugin v26.9 - https:\/\/yoast.com\/product\/yoast-seo-wordpress\/ -->\n<title>S1400 Electric Ride-On Sweeper | Industrial Cleaning | Factory Direct - ORVIK | ORVIK|Light Commercial Electric Vehicles<\/title>\n<meta name=\"robots\" content=\"index, follow, max-snippet:-1, max-image-preview:large, max-video-preview:-1\" \/>\n<link rel=\"canonical\" href=\"https:\/\/orvikpower.com\/hu\/term\u00e9k\/s1400-electric-ride-on-sweeper-industrial-cleaning-factory-direct-orvik\" \/>\n<meta property=\"og:locale\" content=\"hu_HU\" \/>\n<meta property=\"og:type\" content=\"article\" \/>\n<meta property=\"og:title\" content=\"S1400 Electric Ride-On Sweeper | Industrial Cleaning | Factory Direct - ORVIK | ORVIK|Light Commercial Electric Vehicles\" \/>\n<meta property=\"og:description\" content=\"1400mm width electric sweeper with anti-corrosion chassis and solid tires. Rugged design for factories &amp; resorts. Low maintenance. Inquire for Factory FCL Price.\" \/>\n<meta property=\"og:url\" content=\"https:\/\/orvikpower.com\/hu\/term\u00e9k\/s1400-electric-ride-on-sweeper-industrial-cleaning-factory-direct-orvik\" \/>\n<meta property=\"og:site_name\" content=\"ORVIK|Light Commercial Electric Vehicles\" \/>\n<meta property=\"article:modified_time\" content=\"2026-01-19T08:46:34+00:00\" \/>\n<meta property=\"og:image\" content=\"https:\/\/orvikpower.com\/wp-content\/uploads\/2026\/01\/S1400-Electric-Industrial-Sweeper-Factory-Direct-FCL-ORVIK-2.jpg\" \/>\n\t<meta property=\"og:image:width\" content=\"1516\" \/>\n\t<meta property=\"og:image:height\" content=\"1264\" \/>\n\t<meta property=\"og:image:type\" content=\"image\/jpeg\" \/>\n<meta name=\"twitter:card\" content=\"summary_large_image\" \/>\n<meta name=\"twitter:label1\" content=\"Becs\u00fclt olvas\u00e1si id\u0151\" \/>\n\t<meta name=\"twitter:data1\" content=\"1 perc\" \/>\n<script type=\"application\/ld+json\" class=\"yoast-schema-graph\">{\"@context\":\"https:\/\/schema.org\",\"@graph\":[{\"@type\":\"WebPage\",\"@id\":\"https:\/\/orvikpower.com\/product\/s1400-electric-ride-on-sweeper-industrial-cleaning-factory-direct-orvik\",\"url\":\"https:\/\/orvikpower.com\/product\/s1400-electric-ride-on-sweeper-industrial-cleaning-factory-direct-orvik\",\"name\":\"S1400 Electric Ride-On Sweeper | Industrial Cleaning | Factory Direct - ORVIK | ORVIK|Light Commercial Electric Vehicles\",\"isPartOf\":{\"@id\":\"https:\/\/orvikpower.com\/#website\"},\"primaryImageOfPage\":{\"@id\":\"https:\/\/orvikpower.com\/product\/s1400-electric-ride-on-sweeper-industrial-cleaning-factory-direct-orvik#primaryimage\"},\"image\":{\"@id\":\"https:\/\/orvikpower.com\/product\/s1400-electric-ride-on-sweeper-industrial-cleaning-factory-direct-orvik#primaryimage\"},\"thumbnailUrl\":\"https:\/\/orvikpower.com\/wp-content\/uploads\/2026\/01\/S1400-Electric-Industrial-Sweeper-Factory-Direct-FCL-ORVIK-2.jpg\",\"datePublished\":\"2026-01-19T07:26:40+00:00\",\"dateModified\":\"2026-01-19T08:46:34+00:00\",\"breadcrumb\":{\"@id\":\"https:\/\/orvikpower.com\/product\/s1400-electric-ride-on-sweeper-industrial-cleaning-factory-direct-orvik#breadcrumb\"},\"inLanguage\":\"hu\",\"potentialAction\":[{\"@type\":\"ReadAction\",\"target\":[\"https:\/\/orvikpower.com\/product\/s1400-electric-ride-on-sweeper-industrial-cleaning-factory-direct-orvik\"]}]},{\"@type\":\"ImageObject\",\"inLanguage\":\"hu\",\"@id\":\"https:\/\/orvikpower.com\/product\/s1400-electric-ride-on-sweeper-industrial-cleaning-factory-direct-orvik#primaryimage\",\"url\":\"https:\/\/orvikpower.com\/wp-content\/uploads\/2026\/01\/S1400-Electric-Industrial-Sweeper-Factory-Direct-FCL-ORVIK-2.jpg\",\"contentUrl\":\"https:\/\/orvikpower.com\/wp-content\/uploads\/2026\/01\/S1400-Electric-Industrial-Sweeper-Factory-Direct-FCL-ORVIK-2.jpg\",\"width\":1516,\"height\":1264,\"caption\":\"1400mm width electric sweeper with anti-corrosion chassis and solid tires. Rugged design for factories & resorts. Low maintenance. Inquire for Factory FCL Price.\"},{\"@type\":\"BreadcrumbList\",\"@id\":\"https:\/\/orvikpower.com\/product\/s1400-electric-ride-on-sweeper-industrial-cleaning-factory-direct-orvik#breadcrumb\",\"itemListElement\":[{\"@type\":\"ListItem\",\"position\":1,\"name\":\"Home\",\"item\":\"https:\/\/orvikpower.com\/\"},{\"@type\":\"ListItem\",\"position\":2,\"name\":\"SHOP\",\"item\":\"https:\/\/orvikpower.com\/shop\"},{\"@type\":\"ListItem\",\"position\":3,\"name\":\"S1400 Electric Ride-On Sweeper | Industrial Cleaning | Factory Direct &#8211; ORVIK\"}]},{\"@type\":\"WebSite\",\"@id\":\"https:\/\/orvikpower.com\/#website\",\"url\":\"https:\/\/orvikpower.com\/\",\"name\":\"ORVIK | Light Commercial Electric Vehicles\",\"description\":\"Premier Manufacturer of Off-road Electric Utility Vehicles, Pickups &amp; Mini Trucks. High-Temp &amp; Arctic Ready designs for farms &amp; mines. Save costs with Factory-Direct FCL. Make work flow. Get a Quote.\",\"publisher\":{\"@id\":\"https:\/\/orvikpower.com\/#organization\"},\"potentialAction\":[{\"@type\":\"SearchAction\",\"target\":{\"@type\":\"EntryPoint\",\"urlTemplate\":\"https:\/\/orvikpower.com\/?s={search_term_string}\"},\"query-input\":{\"@type\":\"PropertyValueSpecification\",\"valueRequired\":true,\"valueName\":\"search_term_string\"}}],\"inLanguage\":\"hu\"},{\"@type\":\"Organization\",\"@id\":\"https:\/\/orvikpower.com\/#organization\",\"name\":\"ORVIK | Light Commercial Electric Vehicles\",\"url\":\"https:\/\/orvikpower.com\/\",\"logo\":{\"@type\":\"ImageObject\",\"inLanguage\":\"hu\",\"@id\":\"https:\/\/orvikpower.com\/#\/schema\/logo\/image\/\",\"url\":\"https:\/\/orvikpower.com\/wp-content\/uploads\/2026\/01\/cropped-logo-h-main-small.png\",\"contentUrl\":\"https:\/\/orvikpower.com\/wp-content\/uploads\/2026\/01\/cropped-logo-h-main-small.png\",\"width\":512,\"height\":512,\"caption\":\"ORVIK | Light Commercial Electric Vehicles\"},\"image\":{\"@id\":\"https:\/\/orvikpower.com\/#\/schema\/logo\/image\/\"},\"sameAs\":[\"https:\/\/www.youtube.com\/@ORVIKOrvikPower\",\"https:\/\/www.pinterest.com\/OrvikPower\/\"]}]}<\/script>\n<!-- \/ Yoast SEO plugin. -->","yoast_head_json":{"title":"S1400 elektromos felsz\u00e1ll\u00f3sepr\u0151 | Ipari takar\u00edt\u00e1s | Factory Direct - ORVIK | ORVIK | ORVIK|K\u00f6nny\u0171 haszonj\u00e1rm\u0171vek elektromos j\u00e1rm\u0171vek","robots":{"index":"index","follow":"follow","max-snippet":"max-snippet:-1","max-image-preview":"max-image-preview:large","max-video-preview":"max-video-preview:-1"},"canonical":"https:\/\/orvikpower.com\/hu\/term\u00e9k\/s1400-electric-ride-on-sweeper-industrial-cleaning-factory-direct-orvik","og_locale":"hu_HU","og_type":"article","og_title":"S1400 Electric Ride-On Sweeper | Industrial Cleaning | Factory Direct - ORVIK | ORVIK|Light Commercial Electric Vehicles","og_description":"1400mm width electric sweeper with anti-corrosion chassis and solid tires. Rugged design for factories &amp; resorts. Low maintenance. Inquire for Factory FCL Price.","og_url":"https:\/\/orvikpower.com\/hu\/term\u00e9k\/s1400-electric-ride-on-sweeper-industrial-cleaning-factory-direct-orvik","og_site_name":"ORVIK|Light Commercial Electric Vehicles","article_modified_time":"2026-01-19T08:46:34+00:00","og_image":[{"width":1516,"height":1264,"url":"https:\/\/orvikpower.com\/wp-content\/uploads\/2026\/01\/S1400-Electric-Industrial-Sweeper-Factory-Direct-FCL-ORVIK-2.jpg","type":"image\/jpeg"}],"twitter_card":"summary_large_image","twitter_misc":{"Becs\u00fclt olvas\u00e1si id\u0151":"1 perc"},"schema":{"@context":"https:\/\/schema.org","@graph":[{"@type":"WebPage","@id":"https:\/\/orvikpower.com\/product\/s1400-electric-ride-on-sweeper-industrial-cleaning-factory-direct-orvik","url":"https:\/\/orvikpower.com\/product\/s1400-electric-ride-on-sweeper-industrial-cleaning-factory-direct-orvik","name":"S1400 elektromos felsz\u00e1ll\u00f3sepr\u0151 | Ipari takar\u00edt\u00e1s | Factory Direct - ORVIK | ORVIK | ORVIK|K\u00f6nny\u0171 haszonj\u00e1rm\u0171vek elektromos j\u00e1rm\u0171vek","isPartOf":{"@id":"https:\/\/orvikpower.com\/#website"},"primaryImageOfPage":{"@id":"https:\/\/orvikpower.com\/product\/s1400-electric-ride-on-sweeper-industrial-cleaning-factory-direct-orvik#primaryimage"},"image":{"@id":"https:\/\/orvikpower.com\/product\/s1400-electric-ride-on-sweeper-industrial-cleaning-factory-direct-orvik#primaryimage"},"thumbnailUrl":"https:\/\/orvikpower.com\/wp-content\/uploads\/2026\/01\/S1400-Electric-Industrial-Sweeper-Factory-Direct-FCL-ORVIK-2.jpg","datePublished":"2026-01-19T07:26:40+00:00","dateModified":"2026-01-19T08:46:34+00:00","breadcrumb":{"@id":"https:\/\/orvikpower.com\/product\/s1400-electric-ride-on-sweeper-industrial-cleaning-factory-direct-orvik#breadcrumb"},"inLanguage":"hu","potentialAction":[{"@type":"ReadAction","target":["https:\/\/orvikpower.com\/product\/s1400-electric-ride-on-sweeper-industrial-cleaning-factory-direct-orvik"]}]},{"@type":"ImageObject","inLanguage":"hu","@id":"https:\/\/orvikpower.com\/product\/s1400-electric-ride-on-sweeper-industrial-cleaning-factory-direct-orvik#primaryimage","url":"https:\/\/orvikpower.com\/wp-content\/uploads\/2026\/01\/S1400-Electric-Industrial-Sweeper-Factory-Direct-FCL-ORVIK-2.jpg","contentUrl":"https:\/\/orvikpower.com\/wp-content\/uploads\/2026\/01\/S1400-Electric-Industrial-Sweeper-Factory-Direct-FCL-ORVIK-2.jpg","width":1516,"height":1264,"caption":"1400mm width electric sweeper with anti-corrosion chassis and solid tires. Rugged design for factories & resorts. Low maintenance. Inquire for Factory FCL Price."},{"@type":"BreadcrumbList","@id":"https:\/\/orvikpower.com\/product\/s1400-electric-ride-on-sweeper-industrial-cleaning-factory-direct-orvik#breadcrumb","itemListElement":[{"@type":"ListItem","position":1,"name":"Home","item":"https:\/\/orvikpower.com\/"},{"@type":"ListItem","position":2,"name":"SHOP","item":"https:\/\/orvikpower.com\/shop"},{"@type":"ListItem","position":3,"name":"S1400 Electric Ride-On Sweeper | Industrial Cleaning | Factory Direct &#8211; ORVIK"}]},{"@type":"WebSite","@id":"https:\/\/orvikpower.com\/#website","url":"https:\/\/orvikpower.com\/","name":"ORVIK | K\u00f6nny\u0171 haszong\u00e9pj\u00e1rm\u0171vek","description":"A terepj\u00e1r\u00f3 elektromos haszonj\u00e1rm\u0171vek, pickupok \u00e9s mini teheraut\u00f3k els\u0151sz\u00e1m\u00fa gy\u00e1rt\u00f3ja. High-Temp &amp; Arctic Ready kivitelek farmok \u00e9s b\u00e1ny\u00e1k sz\u00e1m\u00e1ra. K\u00f6lts\u00e9gmegtakar\u00edt\u00e1s a Factory-Direct FCL seg\u00edts\u00e9g\u00e9vel. Tegye a munkafolyamatot. K\u00e9rjen \u00e1raj\u00e1nlatot.","publisher":{"@id":"https:\/\/orvikpower.com\/#organization"},"potentialAction":[{"@type":"SearchAction","target":{"@type":"EntryPoint","urlTemplate":"https:\/\/orvikpower.com\/?s={search_term_string}"},"query-input":{"@type":"PropertyValueSpecification","valueRequired":true,"valueName":"search_term_string"}}],"inLanguage":"hu"},{"@type":"Organization","@id":"https:\/\/orvikpower.com\/#organization","name":"ORVIK | K\u00f6nny\u0171 haszong\u00e9pj\u00e1rm\u0171vek","url":"https:\/\/orvikpower.com\/","logo":{"@type":"ImageObject","inLanguage":"hu","@id":"https:\/\/orvikpower.com\/#\/schema\/logo\/image\/","url":"https:\/\/orvikpower.com\/wp-content\/uploads\/2026\/01\/cropped-logo-h-main-small.png","contentUrl":"https:\/\/orvikpower.com\/wp-content\/uploads\/2026\/01\/cropped-logo-h-main-small.png","width":512,"height":512,"caption":"ORVIK | Light Commercial Electric Vehicles"},"image":{"@id":"https:\/\/orvikpower.com\/#\/schema\/logo\/image\/"},"sameAs":["https:\/\/www.youtube.com\/@ORVIKOrvikPower","https:\/\/www.pinterest.com\/OrvikPower\/"]}]}},"_links":{"self":[{"href":"https:\/\/orvikpower.com\/hu\/wp-json\/wp\/v2\/product\/18923","targetHints":{"allow":["GET"]}}],"collection":[{"href":"https:\/\/orvikpower.com\/hu\/wp-json\/wp\/v2\/product"}],"about":[{"href":"https:\/\/orvikpower.com\/hu\/wp-json\/wp\/v2\/types\/product"}],"replies":[{"embeddable":true,"href":"https:\/\/orvikpower.com\/hu\/wp-json\/wp\/v2\/comments?post=18923"}],"wp:featuredmedia":[{"embeddable":true,"href":"https:\/\/orvikpower.com\/hu\/wp-json\/wp\/v2\/media\/18947"}],"wp:attachment":[{"href":"https:\/\/orvikpower.com\/hu\/wp-json\/wp\/v2\/media?parent=18923"}],"wp:term":[{"taxonomy":"product_brand","embeddable":true,"href":"https:\/\/orvikpower.com\/hu\/wp-json\/wp\/v2\/product_brand?post=18923"},{"taxonomy":"product_cat","embeddable":true,"href":"https:\/\/orvikpower.com\/hu\/wp-json\/wp\/v2\/product_cat?post=18923"},{"taxonomy":"product_tag","embeddable":true,"href":"https:\/\/orvikpower.com\/hu\/wp-json\/wp\/v2\/product_tag?post=18923"}],"curies":[{"name":"wp","href":"https:\/\/api.w.org\/{rel}","templated":true}]}}