{"id":19043,"date":"2026-01-20T14:46:09","date_gmt":"2026-01-20T14:46:09","guid":{"rendered":"https:\/\/orvikpower.com\/?post_type=product&#038;p=19043"},"modified":"2026-01-20T14:47:18","modified_gmt":"2026-01-20T14:47:18","slug":"electric-street-sweeper-s1400-with-canopy-factory-direct-wholesale-orvik","status":"publish","type":"product","link":"https:\/\/orvikpower.com\/hu\/term%c3%a9k\/electric-street-sweeper-s1400-with-canopy-factory-direct-wholesale-orvik","title":{"rendered":"Elektromos utcasepr\u0151 S1400 lombkoron\u00e1val | Gy\u00e1ri k\u00f6zvetlen nagykereskedelem - ORVIK"},"content":{"rendered":"<p dir=\"auto\">A <strong>ORVIK S1400 Canopy Edition<\/strong> egyens\u00falyt teremt a kezel\u0151i k\u00e9nyelem \u00e9s a m\u0171k\u00f6d\u00e9si hat\u00e9konys\u00e1g k\u00f6z\u00f6tt. A teljesen z\u00e1rt modellekkel ellent\u00e9tben ez a f\u00e9lig z\u00e1rt sepr\u0151g\u00e9p a k\u00f6vetkez\u0151kkel rendelkezik <strong>massz\u00edv m\u0171szaki m\u0171anyag kem\u00e9nytet\u0151 \u00e9s edzett \u00fcveg sz\u00e9lv\u00e9d\u0151<\/strong>. Ez a kialak\u00edt\u00e1s alapvet\u0151 v\u00e9delmet ny\u00fajt a t\u0171z\u0151 nap \u00e9s az enyhe es\u0151 ellen (funkci\u00f3), mik\u00f6zben nyitott oldalakat tart fenn a maxim\u00e1lis szell\u0151z\u00e9s \u00e9s a k\u00f6nny\u0171 be- \u00e9s kisz\u00e1ll\u00e1s \u00e9rdek\u00e9ben (el\u0151ny), \u00edgy ide\u00e1lis v\u00e1laszt\u00e1s forr\u00f3 \u00e9ghajlaton vagy gyakori meg\u00e1ll\u00e1st ig\u00e9nyl\u0151 feladatokhoz.<\/p>\n<div class=\"my-2\"><\/div>\n<p dir=\"auto\">A nagy teljes\u00edtm\u00e9ny\u0171 48 V-os rendszerrel m\u0171k\u00f6d\u0151 S1400 1400 mm-es tiszt\u00edt\u00e1si utat biztos\u00edt a kett\u0151s oldalkef\u00e9kkel \u00e9s a nagy teljes\u00edtm\u00e9ny\u0171 f\u0151kef\u00e9vel. Az alv\u00e1z szigor\u00fa p\u00e1col\u00e1son \u00e9s elektrofor\u00e9zis elj\u00e1r\u00e1son megy kereszt\u00fcl, hogy ellen\u00e1lljon a korr\u00f3zi\u00f3nak, \u00edgy biztos\u00edtva a hossz\u00fa \u00e9lettartamot m\u00e9g nedves vagy tengerparti k\u00f6rnyezetben is.<\/p>\n<ul dir=\"auto\">\n<li class=\"text-start\"><strong>L\u00e1that\u00f3s\u00e1g:<\/strong> A nyitott oldal\u00fa kialak\u00edt\u00e1s kik\u00fcsz\u00f6b\u00f6li a holttereket, \u00edgy biztons\u00e1gosabb a m\u0171k\u00f6d\u00e9s zs\u00fafolt ter\u00fcleteken.<\/li>\n<li class=\"text-start\"><strong>Energiarendszer:<\/strong> 1200W-os hajt\u00f3motor + testreszabhat\u00f3 s\u00f6pr\u0151motorok.<br \/>\n\u00dagy tervezt\u00fck, hogy a munkafolyamatokat megk\u00f6nny\u00edtse.<\/li>\n<\/ul>\n<table class=\"table table-striped-white table-bordered\" data-anchor-id=\"kn99\">\n<thead>\n<tr>\n<th>Param\u00e9ter<\/th>\n<th>Specifik\u00e1ci\u00f3<\/th>\n<\/tr>\n<\/thead>\n<tbody>\n<tr>\n<td><strong>Modell\u00a0<\/strong><\/td>\n<td>ORVIK S1400 el\u0151tet\u0151<\/td>\n<\/tr>\n<tr>\n<td><strong>M\u00e9retek (L*S*H)<\/strong><\/td>\n<td>1810 \u00d7 1400 \u00d7 2000 mm<\/td>\n<\/tr>\n<tr>\n<td><strong>S\u00f6pr\u0151 sz\u00e9less\u00e9g\u00a0<\/strong><\/td>\n<td>1400 mm<\/td>\n<\/tr>\n<tr>\n<td><strong>J\u00e1rm\u0171 s\u00falya\u00a0<\/strong><\/td>\n<td>550 kg<\/td>\n<\/tr>\n<tr>\n<td><strong>Hajt\u00f3motor\u00a0<\/strong><\/td>\n<td>1200W<\/td>\n<\/tr>\n<tr>\n<td><strong>Kef\u00e9s motoros rendszer<\/strong><\/td>\n<td>F\u0151: 800W | Oldal: 100W \u00d7 2\u00a0<em>(Jav\u00edtva)<\/em><\/td>\n<\/tr>\n<tr>\n<td><strong>Ventil\u00e1tor\/porsz\u00edv\u00f3 motor<\/strong><\/td>\n<td>500W (porr\u00e1z\u00e1s: 500W)<\/td>\n<\/tr>\n<tr>\n<td><strong>Akkumul\u00e1tor<\/strong><\/td>\n<td>48V 70Ah (\u00f3lom-sav) | LiFePO4 Opcion\u00e1lis<\/td>\n<\/tr>\n<tr>\n<td><strong>Munkaid\u0151\u00a0<\/strong><\/td>\n<td>2 - 3 \u00f3ra<\/td>\n<\/tr>\n<tr>\n<td><strong>Szemetes kuka\u00a0<\/strong><\/td>\n<td>180 L<\/td>\n<\/tr>\n<tr>\n<td><strong>V\u00edztart\u00e1ly\u00a0<\/strong><\/td>\n<td>50 L<\/td>\n<\/tr>\n<tr>\n<td><strong>Kabin t\u00edpus\u00a0<\/strong><\/td>\n<td><strong>F\u00e9lig z\u00e1rt \/ kem\u00e9nytet\u0151s el\u0151tet\u0151\u00a0<\/strong><\/td>\n<\/tr>\n<tr>\n<td><strong>M\u00e1sz\u00f3 k\u00e9pess\u00e9g<\/strong><\/td>\n<td>25%<\/td>\n<\/tr>\n<tr>\n<td><strong>F\u00e9kez\u00e9s\u00a0<\/strong><\/td>\n<td>Hidraulikus kett\u0151s t\u00e1rcsa<\/td>\n<\/tr>\n<tr>\n<td><strong>Gumiabroncsok\u00a0<\/strong><\/td>\n<td>Szil\u00e1rd gumiabroncsok<\/td>\n<\/tr>\n<tr>\n<td><strong>Rakod\u00e1si mennyis\u00e9g (40HQ)<\/strong><\/td>\n<td>Kapcsolat az FCL-sz\u00e1m\u00edt\u00e1shoz<\/td>\n<\/tr>\n<\/tbody>\n<\/table>","protected":false},"excerpt":{"rendered":"<p>S1400 f\u00e9lig z\u00e1rt elektromos sepr\u0151g\u00e9p kem\u00e9nytet\u0151vel. V\u00e9di a kezel\u0151ket a napt\u00f3l \u00e9s az es\u0151t\u0151l, mik\u00f6zben biztos\u00edtja a l\u00e9g\u00e1raml\u00e1st. 1400 mm sz\u00e9less\u00e9g, 180 literes tart\u00e1ly. K\u00e9rjen FCL \u00e1raj\u00e1nlatot.<\/p>","protected":false},"featured_media":19044,"comment_status":"open","ping_status":"closed","template":"","meta":{"_eb_attr":""},"product_brand":[],"product_cat":[75,74],"product_tag":[89,87,90,88],"class_list":{"0":"post-19043","1":"product","2":"type-product","3":"status-publish","4":"has-post-thumbnail","6":"product_cat-electric-street-sweepers","7":"product_cat-specialized-service-vehicles","8":"product_tag-campus","9":"product_tag-municipal","10":"product_tag-open-air-factory","11":"product_tag-resort","13":"first","14":"instock","15":"shipping-taxable","16":"product-type-simple"},"yoast_head":"<!-- This site is optimized with the Yoast SEO plugin v26.9 - https:\/\/yoast.com\/product\/yoast-seo-wordpress\/ -->\n<title>Electric Street Sweeper S1400 with Canopy | Factory Direct Wholesale - ORVIK | ORVIK|Light Commercial Electric Vehicles<\/title>\n<meta name=\"robots\" content=\"index, follow, max-snippet:-1, max-image-preview:large, max-video-preview:-1\" \/>\n<link rel=\"canonical\" href=\"https:\/\/orvikpower.com\/hu\/term\u00e9k\/electric-street-sweeper-s1400-with-canopy-factory-direct-wholesale-orvik\" \/>\n<meta property=\"og:locale\" content=\"hu_HU\" \/>\n<meta property=\"og:type\" content=\"article\" \/>\n<meta property=\"og:title\" content=\"Electric Street Sweeper S1400 with Canopy | Factory Direct Wholesale - ORVIK | ORVIK|Light Commercial Electric Vehicles\" \/>\n<meta property=\"og:description\" content=\"S1400 semi-enclosed electric sweeper with hardtop canopy. Protects operators from sun &amp; rain while ensuring airflow. 1400mm width, 180L bin. Get FCL Quote.\" \/>\n<meta property=\"og:url\" content=\"https:\/\/orvikpower.com\/hu\/term\u00e9k\/electric-street-sweeper-s1400-with-canopy-factory-direct-wholesale-orvik\" \/>\n<meta property=\"og:site_name\" content=\"ORVIK|Light Commercial Electric Vehicles\" \/>\n<meta property=\"article:modified_time\" content=\"2026-01-20T14:47:18+00:00\" \/>\n<meta property=\"og:image\" content=\"https:\/\/orvikpower.com\/wp-content\/uploads\/2026\/01\/Electric-Street-Sweeper-S1400-with-Canopy-Factory-Direct-Wholesale-ORVIK.jpg\" \/>\n\t<meta property=\"og:image:width\" content=\"1264\" \/>\n\t<meta property=\"og:image:height\" content=\"1458\" \/>\n\t<meta property=\"og:image:type\" content=\"image\/jpeg\" \/>\n<meta name=\"twitter:card\" content=\"summary_large_image\" \/>\n<meta name=\"twitter:label1\" content=\"Becs\u00fclt olvas\u00e1si id\u0151\" \/>\n\t<meta name=\"twitter:data1\" content=\"1 perc\" \/>\n<script type=\"application\/ld+json\" class=\"yoast-schema-graph\">{\"@context\":\"https:\/\/schema.org\",\"@graph\":[{\"@type\":\"WebPage\",\"@id\":\"https:\/\/orvikpower.com\/product\/electric-street-sweeper-s1400-with-canopy-factory-direct-wholesale-orvik\",\"url\":\"https:\/\/orvikpower.com\/product\/electric-street-sweeper-s1400-with-canopy-factory-direct-wholesale-orvik\",\"name\":\"Electric Street Sweeper S1400 with Canopy | Factory Direct Wholesale - ORVIK | ORVIK|Light Commercial Electric Vehicles\",\"isPartOf\":{\"@id\":\"https:\/\/orvikpower.com\/#website\"},\"primaryImageOfPage\":{\"@id\":\"https:\/\/orvikpower.com\/product\/electric-street-sweeper-s1400-with-canopy-factory-direct-wholesale-orvik#primaryimage\"},\"image\":{\"@id\":\"https:\/\/orvikpower.com\/product\/electric-street-sweeper-s1400-with-canopy-factory-direct-wholesale-orvik#primaryimage\"},\"thumbnailUrl\":\"https:\/\/orvikpower.com\/wp-content\/uploads\/2026\/01\/Electric-Street-Sweeper-S1400-with-Canopy-Factory-Direct-Wholesale-ORVIK.jpg\",\"datePublished\":\"2026-01-20T14:46:09+00:00\",\"dateModified\":\"2026-01-20T14:47:18+00:00\",\"breadcrumb\":{\"@id\":\"https:\/\/orvikpower.com\/product\/electric-street-sweeper-s1400-with-canopy-factory-direct-wholesale-orvik#breadcrumb\"},\"inLanguage\":\"hu\",\"potentialAction\":[{\"@type\":\"ReadAction\",\"target\":[\"https:\/\/orvikpower.com\/product\/electric-street-sweeper-s1400-with-canopy-factory-direct-wholesale-orvik\"]}]},{\"@type\":\"ImageObject\",\"inLanguage\":\"hu\",\"@id\":\"https:\/\/orvikpower.com\/product\/electric-street-sweeper-s1400-with-canopy-factory-direct-wholesale-orvik#primaryimage\",\"url\":\"https:\/\/orvikpower.com\/wp-content\/uploads\/2026\/01\/Electric-Street-Sweeper-S1400-with-Canopy-Factory-Direct-Wholesale-ORVIK.jpg\",\"contentUrl\":\"https:\/\/orvikpower.com\/wp-content\/uploads\/2026\/01\/Electric-Street-Sweeper-S1400-with-Canopy-Factory-Direct-Wholesale-ORVIK.jpg\",\"width\":1264,\"height\":1458,\"caption\":\"S1400 semi-enclosed electric sweeper with hardtop canopy. Protects operators from sun & rain while ensuring airflow. 1400mm width, 180L bin. Get FCL Quote.\"},{\"@type\":\"BreadcrumbList\",\"@id\":\"https:\/\/orvikpower.com\/product\/electric-street-sweeper-s1400-with-canopy-factory-direct-wholesale-orvik#breadcrumb\",\"itemListElement\":[{\"@type\":\"ListItem\",\"position\":1,\"name\":\"Home\",\"item\":\"https:\/\/orvikpower.com\/\"},{\"@type\":\"ListItem\",\"position\":2,\"name\":\"SHOP\",\"item\":\"https:\/\/orvikpower.com\/shop\"},{\"@type\":\"ListItem\",\"position\":3,\"name\":\"Electric Street Sweeper S1400 with Canopy | Factory Direct Wholesale &#8211; ORVIK\"}]},{\"@type\":\"WebSite\",\"@id\":\"https:\/\/orvikpower.com\/#website\",\"url\":\"https:\/\/orvikpower.com\/\",\"name\":\"ORVIK | Light Commercial Electric Vehicles\",\"description\":\"Premier Manufacturer of Off-road Electric Utility Vehicles, Pickups &amp; Mini Trucks. High-Temp &amp; Arctic Ready designs for farms &amp; mines. Save costs with Factory-Direct FCL. Make work flow. Get a Quote.\",\"publisher\":{\"@id\":\"https:\/\/orvikpower.com\/#organization\"},\"potentialAction\":[{\"@type\":\"SearchAction\",\"target\":{\"@type\":\"EntryPoint\",\"urlTemplate\":\"https:\/\/orvikpower.com\/?s={search_term_string}\"},\"query-input\":{\"@type\":\"PropertyValueSpecification\",\"valueRequired\":true,\"valueName\":\"search_term_string\"}}],\"inLanguage\":\"hu\"},{\"@type\":\"Organization\",\"@id\":\"https:\/\/orvikpower.com\/#organization\",\"name\":\"ORVIK | Light Commercial Electric Vehicles\",\"url\":\"https:\/\/orvikpower.com\/\",\"logo\":{\"@type\":\"ImageObject\",\"inLanguage\":\"hu\",\"@id\":\"https:\/\/orvikpower.com\/#\/schema\/logo\/image\/\",\"url\":\"https:\/\/orvikpower.com\/wp-content\/uploads\/2026\/01\/cropped-logo-h-main-small.png\",\"contentUrl\":\"https:\/\/orvikpower.com\/wp-content\/uploads\/2026\/01\/cropped-logo-h-main-small.png\",\"width\":512,\"height\":512,\"caption\":\"ORVIK | Light Commercial Electric Vehicles\"},\"image\":{\"@id\":\"https:\/\/orvikpower.com\/#\/schema\/logo\/image\/\"},\"sameAs\":[\"https:\/\/www.youtube.com\/@ORVIKOrvikPower\",\"https:\/\/www.pinterest.com\/OrvikPower\/\"]}]}<\/script>\n<!-- \/ Yoast SEO plugin. -->","yoast_head_json":{"title":"S1400 elektromos utcasepr\u0151 S1400 lombkoron\u00e1val | Gy\u00e1ri k\u00f6zvetlen nagykereskedelem - ORVIK | ORVIK | ORVIK | K\u00f6nny\u0171 haszong\u00e9pj\u00e1rm\u0171vek elektromos j\u00e1rm\u0171vek","robots":{"index":"index","follow":"follow","max-snippet":"max-snippet:-1","max-image-preview":"max-image-preview:large","max-video-preview":"max-video-preview:-1"},"canonical":"https:\/\/orvikpower.com\/hu\/term\u00e9k\/electric-street-sweeper-s1400-with-canopy-factory-direct-wholesale-orvik","og_locale":"hu_HU","og_type":"article","og_title":"Electric Street Sweeper S1400 with Canopy | Factory Direct Wholesale - ORVIK | ORVIK|Light Commercial Electric Vehicles","og_description":"S1400 semi-enclosed electric sweeper with hardtop canopy. Protects operators from sun &amp; rain while ensuring airflow. 1400mm width, 180L bin. Get FCL Quote.","og_url":"https:\/\/orvikpower.com\/hu\/term\u00e9k\/electric-street-sweeper-s1400-with-canopy-factory-direct-wholesale-orvik","og_site_name":"ORVIK|Light Commercial Electric Vehicles","article_modified_time":"2026-01-20T14:47:18+00:00","og_image":[{"width":1264,"height":1458,"url":"https:\/\/orvikpower.com\/wp-content\/uploads\/2026\/01\/Electric-Street-Sweeper-S1400-with-Canopy-Factory-Direct-Wholesale-ORVIK.jpg","type":"image\/jpeg"}],"twitter_card":"summary_large_image","twitter_misc":{"Becs\u00fclt olvas\u00e1si id\u0151":"1 perc"},"schema":{"@context":"https:\/\/schema.org","@graph":[{"@type":"WebPage","@id":"https:\/\/orvikpower.com\/product\/electric-street-sweeper-s1400-with-canopy-factory-direct-wholesale-orvik","url":"https:\/\/orvikpower.com\/product\/electric-street-sweeper-s1400-with-canopy-factory-direct-wholesale-orvik","name":"S1400 elektromos utcasepr\u0151 S1400 lombkoron\u00e1val | Gy\u00e1ri k\u00f6zvetlen nagykereskedelem - ORVIK | ORVIK | ORVIK | K\u00f6nny\u0171 haszong\u00e9pj\u00e1rm\u0171vek elektromos j\u00e1rm\u0171vek","isPartOf":{"@id":"https:\/\/orvikpower.com\/#website"},"primaryImageOfPage":{"@id":"https:\/\/orvikpower.com\/product\/electric-street-sweeper-s1400-with-canopy-factory-direct-wholesale-orvik#primaryimage"},"image":{"@id":"https:\/\/orvikpower.com\/product\/electric-street-sweeper-s1400-with-canopy-factory-direct-wholesale-orvik#primaryimage"},"thumbnailUrl":"https:\/\/orvikpower.com\/wp-content\/uploads\/2026\/01\/Electric-Street-Sweeper-S1400-with-Canopy-Factory-Direct-Wholesale-ORVIK.jpg","datePublished":"2026-01-20T14:46:09+00:00","dateModified":"2026-01-20T14:47:18+00:00","breadcrumb":{"@id":"https:\/\/orvikpower.com\/product\/electric-street-sweeper-s1400-with-canopy-factory-direct-wholesale-orvik#breadcrumb"},"inLanguage":"hu","potentialAction":[{"@type":"ReadAction","target":["https:\/\/orvikpower.com\/product\/electric-street-sweeper-s1400-with-canopy-factory-direct-wholesale-orvik"]}]},{"@type":"ImageObject","inLanguage":"hu","@id":"https:\/\/orvikpower.com\/product\/electric-street-sweeper-s1400-with-canopy-factory-direct-wholesale-orvik#primaryimage","url":"https:\/\/orvikpower.com\/wp-content\/uploads\/2026\/01\/Electric-Street-Sweeper-S1400-with-Canopy-Factory-Direct-Wholesale-ORVIK.jpg","contentUrl":"https:\/\/orvikpower.com\/wp-content\/uploads\/2026\/01\/Electric-Street-Sweeper-S1400-with-Canopy-Factory-Direct-Wholesale-ORVIK.jpg","width":1264,"height":1458,"caption":"S1400 semi-enclosed electric sweeper with hardtop canopy. Protects operators from sun & rain while ensuring airflow. 1400mm width, 180L bin. Get FCL Quote."},{"@type":"BreadcrumbList","@id":"https:\/\/orvikpower.com\/product\/electric-street-sweeper-s1400-with-canopy-factory-direct-wholesale-orvik#breadcrumb","itemListElement":[{"@type":"ListItem","position":1,"name":"Home","item":"https:\/\/orvikpower.com\/"},{"@type":"ListItem","position":2,"name":"SHOP","item":"https:\/\/orvikpower.com\/shop"},{"@type":"ListItem","position":3,"name":"Electric Street Sweeper S1400 with Canopy | Factory Direct Wholesale &#8211; ORVIK"}]},{"@type":"WebSite","@id":"https:\/\/orvikpower.com\/#website","url":"https:\/\/orvikpower.com\/","name":"ORVIK | K\u00f6nny\u0171 haszong\u00e9pj\u00e1rm\u0171vek","description":"A terepj\u00e1r\u00f3 elektromos haszonj\u00e1rm\u0171vek, pickupok \u00e9s mini teheraut\u00f3k els\u0151sz\u00e1m\u00fa gy\u00e1rt\u00f3ja. High-Temp &amp; Arctic Ready kivitelek farmok \u00e9s b\u00e1ny\u00e1k sz\u00e1m\u00e1ra. K\u00f6lts\u00e9gmegtakar\u00edt\u00e1s a Factory-Direct FCL seg\u00edts\u00e9g\u00e9vel. Tegye a munkafolyamatot. K\u00e9rjen \u00e1raj\u00e1nlatot.","publisher":{"@id":"https:\/\/orvikpower.com\/#organization"},"potentialAction":[{"@type":"SearchAction","target":{"@type":"EntryPoint","urlTemplate":"https:\/\/orvikpower.com\/?s={search_term_string}"},"query-input":{"@type":"PropertyValueSpecification","valueRequired":true,"valueName":"search_term_string"}}],"inLanguage":"hu"},{"@type":"Organization","@id":"https:\/\/orvikpower.com\/#organization","name":"ORVIK | K\u00f6nny\u0171 haszong\u00e9pj\u00e1rm\u0171vek","url":"https:\/\/orvikpower.com\/","logo":{"@type":"ImageObject","inLanguage":"hu","@id":"https:\/\/orvikpower.com\/#\/schema\/logo\/image\/","url":"https:\/\/orvikpower.com\/wp-content\/uploads\/2026\/01\/cropped-logo-h-main-small.png","contentUrl":"https:\/\/orvikpower.com\/wp-content\/uploads\/2026\/01\/cropped-logo-h-main-small.png","width":512,"height":512,"caption":"ORVIK | Light Commercial Electric Vehicles"},"image":{"@id":"https:\/\/orvikpower.com\/#\/schema\/logo\/image\/"},"sameAs":["https:\/\/www.youtube.com\/@ORVIKOrvikPower","https:\/\/www.pinterest.com\/OrvikPower\/"]}]}},"_links":{"self":[{"href":"https:\/\/orvikpower.com\/hu\/wp-json\/wp\/v2\/product\/19043","targetHints":{"allow":["GET"]}}],"collection":[{"href":"https:\/\/orvikpower.com\/hu\/wp-json\/wp\/v2\/product"}],"about":[{"href":"https:\/\/orvikpower.com\/hu\/wp-json\/wp\/v2\/types\/product"}],"replies":[{"embeddable":true,"href":"https:\/\/orvikpower.com\/hu\/wp-json\/wp\/v2\/comments?post=19043"}],"wp:featuredmedia":[{"embeddable":true,"href":"https:\/\/orvikpower.com\/hu\/wp-json\/wp\/v2\/media\/19044"}],"wp:attachment":[{"href":"https:\/\/orvikpower.com\/hu\/wp-json\/wp\/v2\/media?parent=19043"}],"wp:term":[{"taxonomy":"product_brand","embeddable":true,"href":"https:\/\/orvikpower.com\/hu\/wp-json\/wp\/v2\/product_brand?post=19043"},{"taxonomy":"product_cat","embeddable":true,"href":"https:\/\/orvikpower.com\/hu\/wp-json\/wp\/v2\/product_cat?post=19043"},{"taxonomy":"product_tag","embeddable":true,"href":"https:\/\/orvikpower.com\/hu\/wp-json\/wp\/v2\/product_tag?post=19043"}],"curies":[{"name":"wp","href":"https:\/\/api.w.org\/{rel}","templated":true}]}}