{"id":19048,"date":"2026-01-20T15:08:29","date_gmt":"2026-01-20T15:08:29","guid":{"rendered":"https:\/\/orvikpower.com\/?post_type=product&#038;p=19048"},"modified":"2026-01-20T15:12:45","modified_gmt":"2026-01-20T15:12:45","slug":"s1900-electric-street-sweeper-industrial-cleaning-factory-direct-orvik","status":"publish","type":"product","link":"https:\/\/orvikpower.com\/hu\/term%c3%a9k\/s1900-electric-street-sweeper-industrial-cleaning-factory-direct-orvik","title":{"rendered":"S1900 elektromos utcasepr\u0151 | Ipari takar\u00edt\u00e1s | Factory Direct - ORVIK"},"content":{"rendered":"<p dir=\"auto\">Az ORVIK S1900 k\u00e9sz\u00fcl\u00e9ket \u00fagy tervezt\u00e9k, hogy kiv\u00e1ltsa a k\u00e9zi munk\u00e1t a nagyl\u00e9pt\u00e9k\u0171 l\u00e9tes\u00edtm\u00e9nygazd\u00e1lkod\u00e1sban. A szigor\u00fa <strong>p\u00e1colt \u00e9s elektrofor\u00e9zissel kezelt ac\u00e9l alv\u00e1zak<\/strong> (Jellemz\u0151), ez a sepr\u0151g\u00e9p kiv\u00e9teles korr\u00f3zi\u00f3\u00e1ll\u00f3s\u00e1got biztos\u00edt m\u00e9g nedves vagy tengerparti k\u00f6rnyezetben is (El\u0151ny).<\/p>\n<div class=\"my-2\"><\/div>\n<p dir=\"auto\">Egy hatalmas <strong>1900 mm s\u00f6pr\u00e9si sz\u00e9less\u00e9g<\/strong> \u00e9s egy dedik\u00e1lt 5 motoros rendszerrel, amely egyszerre kezeli a meghajt\u00e1st, a kef\u00e9z\u00e9st \u00e9s a porelnyom\u00e1st, az S1900 pormentes k\u00f6rnyezetet biztos\u00edt, mik\u00f6zben jelent\u0151sen cs\u00f6kkenti a takar\u00edt\u00f3 szem\u00e9lyzet k\u00f6lts\u00e9geit (el\u0151ny\/ROI). A k\u00e9sz\u00fcl\u00e9k jellemz\u0151i <strong>t\u00f6m\u00f6r gumiabroncsok<\/strong> az ipari z\u00f3n\u00e1kban a lyukaszt\u00e1si le\u00e1ll\u00e1sok kik\u00fcsz\u00f6b\u00f6l\u00e9se \u00e9rdek\u00e9ben.<\/p>\n<ul dir=\"auto\">\n<li class=\"text-start\"><strong>Teljes\u00edtm\u00e9ny testreszab\u00e1s<\/strong>: Kaphat\u00f3 standard 1200 W-os meghajt\u00e1ssal vagy egyedi teljes\u00edtm\u00e9ny-konfigur\u00e1ci\u00f3kkal meredekebb lejt\u0151kh\u00f6z.<\/li>\n<li class=\"text-start\"><strong>Akkumul\u00e1tor opci\u00f3k<\/strong>: Alapfelszerelts\u00e9gben 48 V-os \u00f3lom-sav akkumul\u00e1torral; a hosszabb \u00e9lettartam \u00e9rdek\u00e9ben LiFePO4-re b\u0151v\u00edthet\u0151.<\/li>\n<\/ul>\n<div class=\"my-2\"><\/div>\n<p dir=\"auto\"><strong>\u00dagy tervezt\u00fck, hogy a munkafolyamatokat megk\u00f6nny\u00edtse.<\/strong><\/p>\n<table class=\"table table-striped-white table-bordered\" style=\"width: 44.2234%; height: 264px;\" data-anchor-id=\"kn99\">\n<thead>\n<tr style=\"height: 24px;\">\n<th style=\"height: 24px;\">Jellemz\u0151<\/th>\n<th style=\"height: 24px;\">Specifik\u00e1ci\u00f3<\/th>\n<\/tr>\n<\/thead>\n<tbody>\n<tr style=\"height: 24px;\">\n<td style=\"height: 24px;\"><strong>M\u00e9retek (L*S*H)<\/strong><\/td>\n<td style=\"height: 24px;\">2210 \u00d7 1900 \u00d7 1980 mm<\/td>\n<\/tr>\n<tr style=\"height: 24px;\">\n<td style=\"height: 24px;\"><strong>S\u00f6pr\u0151 sz\u00e9less\u00e9g<\/strong><\/td>\n<td style=\"height: 24px;\">1900 mm<\/td>\n<\/tr>\n<tr style=\"height: 24px;\">\n<td style=\"height: 24px;\"><strong>Tiszt\u00edt\u00e1si hat\u00e9konys\u00e1g<\/strong><\/td>\n<td style=\"height: 24px;\">3 - 4 munka\u00f3ra \/ d\u00edj<\/td>\n<\/tr>\n<tr style=\"height: 24px;\">\n<td style=\"height: 24px;\"><strong>Motoros rendszer<\/strong><\/td>\n<td style=\"height: 24px;\">Hajt\u00e1s: 1200W<\/td>\n<\/tr>\n<tr style=\"height: 24px;\">\n<td style=\"height: 24px;\"><strong>Fesz\u00fclts\u00e9g<\/strong><\/td>\n<td style=\"height: 24px;\">48V (biztons\u00e1gos kisfesz\u00fclts\u00e9g)<\/td>\n<\/tr>\n<tr style=\"height: 24px;\">\n<td style=\"height: 24px;\"><strong>Akkumul\u00e1tor t\u00edpusa<\/strong><\/td>\n<td style=\"height: 24px;\">48V 100Ah \u00f3lom-sav (LiFePO4 opcion\u00e1lis)<\/td>\n<\/tr>\n<tr style=\"height: 24px;\">\n<td style=\"height: 24px;\"><strong>Tart\u00e1ly kapacit\u00e1sa<\/strong><\/td>\n<td style=\"height: 24px;\">V\u00edz: 200L<\/td>\n<\/tr>\n<tr style=\"height: 24px;\">\n<td style=\"height: 24px;\"><strong>Alv\u00e1zkezel\u00e9s<\/strong><\/td>\n<td style=\"height: 24px;\">P\u00e1col\u00e1s + elektrofor\u00e9zis + magas h\u0151m\u00e9rs\u00e9klet\u0171 porbevonat<\/td>\n<\/tr>\n<tr style=\"height: 24px;\">\n<td style=\"height: 24px;\"><strong>Gumiabroncsok<\/strong><\/td>\n<td style=\"height: 24px;\">T\u00f6m\u00f6r gumiabroncsok (defektbiztos)<\/td>\n<\/tr>\n<tr style=\"height: 24px;\">\n<td style=\"height: 24px;\"><strong>Rakod\u00e1si mennyis\u00e9g (40HQ)<\/strong><\/td>\n<td style=\"height: 24px;\"><em>[Kapcsolat a rakod\u00e1si tervhez]<\/em><\/td>\n<\/tr>\n<\/tbody>\n<\/table>","protected":false},"excerpt":{"rendered":"<p dir=\"auto\">Elektromos utcasepr\u0151 S1900. 1900 mm-es sepr\u00e9si sz\u00e9less\u00e9ggel, 200 literes hullad\u00e9kgy\u0171jt\u0151vel \u00e9s korr\u00f3zi\u00f3\u00e1ll\u00f3 alv\u00e1zzal rendelkezik. Ide\u00e1lis \u00fcd\u00fcl\u0151helyekre \u00e9s gy\u00e1rakba. <strong>\u00c9rdekl\u0151dj\u00f6n az FCL \u00e1rr\u00f3l.<\/strong><\/p>\n<div class=\"my-2\"><\/div>\n<p dir=\"auto\">","protected":false},"featured_media":19051,"comment_status":"open","ping_status":"closed","template":"","meta":{"_eb_attr":""},"product_brand":[],"product_cat":[75,74],"product_tag":[96,91,97,88,98],"class_list":{"0":"post-19048","1":"product","2":"type-product","3":"status-publish","4":"has-post-thumbnail","6":"product_cat-electric-street-sweepers","7":"product_cat-specialized-service-vehicles","8":"product_tag-factory-complex","9":"product_tag-industrial-park","10":"product_tag-municipal-private-roads","11":"product_tag-resort","12":"product_tag-sanitation","14":"first","15":"instock","16":"shipping-taxable","17":"product-type-simple"},"yoast_head":"<!-- This site is optimized with the Yoast SEO plugin v26.9 - https:\/\/yoast.com\/product\/yoast-seo-wordpress\/ -->\n<title>S1900 Electric Street Sweeper | Industrial Cleaning | Factory Direct - ORVIK | ORVIK|Light Commercial Electric Vehicles<\/title>\n<meta name=\"robots\" content=\"index, follow, max-snippet:-1, max-image-preview:large, max-video-preview:-1\" \/>\n<link rel=\"canonical\" href=\"https:\/\/orvikpower.com\/hu\/term\u00e9k\/s1900-electric-street-sweeper-industrial-cleaning-factory-direct-orvik\" \/>\n<meta property=\"og:locale\" content=\"hu_HU\" \/>\n<meta property=\"og:type\" content=\"article\" \/>\n<meta property=\"og:title\" content=\"S1900 Electric Street Sweeper | Industrial Cleaning | Factory Direct - ORVIK | ORVIK|Light Commercial Electric Vehicles\" \/>\n<meta property=\"og:description\" content=\"Electric Street Sweeper S1900. Features 1900mm sweeping width, 200L waste bin, and corrosion-resistant chassis. Ideal for resorts and factories. Inquire for FCL Price.\" \/>\n<meta property=\"og:url\" content=\"https:\/\/orvikpower.com\/hu\/term\u00e9k\/s1900-electric-street-sweeper-industrial-cleaning-factory-direct-orvik\" \/>\n<meta property=\"og:site_name\" content=\"ORVIK|Light Commercial Electric Vehicles\" \/>\n<meta property=\"article:modified_time\" content=\"2026-01-20T15:12:45+00:00\" \/>\n<meta property=\"og:image\" content=\"https:\/\/orvikpower.com\/wp-content\/uploads\/2026\/01\/S1900-Electric-Street-Sweeper-Industrial-Cleaning-Factory-Direct-ORVIK.jpeg\" \/>\n\t<meta property=\"og:image:width\" content=\"1344\" \/>\n\t<meta property=\"og:image:height\" content=\"1302\" \/>\n\t<meta property=\"og:image:type\" content=\"image\/jpeg\" \/>\n<meta name=\"twitter:card\" content=\"summary_large_image\" \/>\n<meta name=\"twitter:label1\" content=\"Becs\u00fclt olvas\u00e1si id\u0151\" \/>\n\t<meta name=\"twitter:data1\" content=\"1 perc\" \/>\n<script type=\"application\/ld+json\" class=\"yoast-schema-graph\">{\"@context\":\"https:\/\/schema.org\",\"@graph\":[{\"@type\":\"WebPage\",\"@id\":\"https:\/\/orvikpower.com\/product\/s1900-electric-street-sweeper-industrial-cleaning-factory-direct-orvik\",\"url\":\"https:\/\/orvikpower.com\/product\/s1900-electric-street-sweeper-industrial-cleaning-factory-direct-orvik\",\"name\":\"S1900 Electric Street Sweeper | Industrial Cleaning | Factory Direct - ORVIK | ORVIK|Light Commercial Electric Vehicles\",\"isPartOf\":{\"@id\":\"https:\/\/orvikpower.com\/#website\"},\"primaryImageOfPage\":{\"@id\":\"https:\/\/orvikpower.com\/product\/s1900-electric-street-sweeper-industrial-cleaning-factory-direct-orvik#primaryimage\"},\"image\":{\"@id\":\"https:\/\/orvikpower.com\/product\/s1900-electric-street-sweeper-industrial-cleaning-factory-direct-orvik#primaryimage\"},\"thumbnailUrl\":\"https:\/\/orvikpower.com\/wp-content\/uploads\/2026\/01\/S1900-Electric-Street-Sweeper-Industrial-Cleaning-Factory-Direct-ORVIK.jpeg\",\"datePublished\":\"2026-01-20T15:08:29+00:00\",\"dateModified\":\"2026-01-20T15:12:45+00:00\",\"breadcrumb\":{\"@id\":\"https:\/\/orvikpower.com\/product\/s1900-electric-street-sweeper-industrial-cleaning-factory-direct-orvik#breadcrumb\"},\"inLanguage\":\"hu\",\"potentialAction\":[{\"@type\":\"ReadAction\",\"target\":[\"https:\/\/orvikpower.com\/product\/s1900-electric-street-sweeper-industrial-cleaning-factory-direct-orvik\"]}]},{\"@type\":\"ImageObject\",\"inLanguage\":\"hu\",\"@id\":\"https:\/\/orvikpower.com\/product\/s1900-electric-street-sweeper-industrial-cleaning-factory-direct-orvik#primaryimage\",\"url\":\"https:\/\/orvikpower.com\/wp-content\/uploads\/2026\/01\/S1900-Electric-Street-Sweeper-Industrial-Cleaning-Factory-Direct-ORVIK.jpeg\",\"contentUrl\":\"https:\/\/orvikpower.com\/wp-content\/uploads\/2026\/01\/S1900-Electric-Street-Sweeper-Industrial-Cleaning-Factory-Direct-ORVIK.jpeg\",\"width\":1344,\"height\":1302,\"caption\":\"Electric Street Sweeper S1900. Features 1900mm sweeping width, 200L waste bin, and corrosion-resistant chassis. Ideal for resorts and factories. Inquire for FCL Price.\"},{\"@type\":\"BreadcrumbList\",\"@id\":\"https:\/\/orvikpower.com\/product\/s1900-electric-street-sweeper-industrial-cleaning-factory-direct-orvik#breadcrumb\",\"itemListElement\":[{\"@type\":\"ListItem\",\"position\":1,\"name\":\"Home\",\"item\":\"https:\/\/orvikpower.com\/\"},{\"@type\":\"ListItem\",\"position\":2,\"name\":\"SHOP\",\"item\":\"https:\/\/orvikpower.com\/shop\"},{\"@type\":\"ListItem\",\"position\":3,\"name\":\"S1900 Electric Street Sweeper | Industrial Cleaning | Factory Direct &#8211; ORVIK\"}]},{\"@type\":\"WebSite\",\"@id\":\"https:\/\/orvikpower.com\/#website\",\"url\":\"https:\/\/orvikpower.com\/\",\"name\":\"ORVIK | Light Commercial Electric Vehicles\",\"description\":\"Premier Manufacturer of Off-road Electric Utility Vehicles, Pickups &amp; Mini Trucks. High-Temp &amp; Arctic Ready designs for farms &amp; mines. Save costs with Factory-Direct FCL. Make work flow. Get a Quote.\",\"publisher\":{\"@id\":\"https:\/\/orvikpower.com\/#organization\"},\"potentialAction\":[{\"@type\":\"SearchAction\",\"target\":{\"@type\":\"EntryPoint\",\"urlTemplate\":\"https:\/\/orvikpower.com\/?s={search_term_string}\"},\"query-input\":{\"@type\":\"PropertyValueSpecification\",\"valueRequired\":true,\"valueName\":\"search_term_string\"}}],\"inLanguage\":\"hu\"},{\"@type\":\"Organization\",\"@id\":\"https:\/\/orvikpower.com\/#organization\",\"name\":\"ORVIK | Light Commercial Electric Vehicles\",\"url\":\"https:\/\/orvikpower.com\/\",\"logo\":{\"@type\":\"ImageObject\",\"inLanguage\":\"hu\",\"@id\":\"https:\/\/orvikpower.com\/#\/schema\/logo\/image\/\",\"url\":\"https:\/\/orvikpower.com\/wp-content\/uploads\/2026\/01\/cropped-logo-h-main-small.png\",\"contentUrl\":\"https:\/\/orvikpower.com\/wp-content\/uploads\/2026\/01\/cropped-logo-h-main-small.png\",\"width\":512,\"height\":512,\"caption\":\"ORVIK | Light Commercial Electric Vehicles\"},\"image\":{\"@id\":\"https:\/\/orvikpower.com\/#\/schema\/logo\/image\/\"},\"sameAs\":[\"https:\/\/www.youtube.com\/@ORVIKOrvikPower\",\"https:\/\/www.pinterest.com\/OrvikPower\/\"]}]}<\/script>\n<!-- \/ Yoast SEO plugin. -->","yoast_head_json":{"title":"S1900 elektromos utcasepr\u0151 | Ipari takar\u00edt\u00e1s | Factory Direct - ORVIK | ORVIK | ORVIK|K\u00f6nny\u0171 haszong\u00e9pj\u00e1rm\u0171vek elektromos j\u00e1rm\u0171vek","robots":{"index":"index","follow":"follow","max-snippet":"max-snippet:-1","max-image-preview":"max-image-preview:large","max-video-preview":"max-video-preview:-1"},"canonical":"https:\/\/orvikpower.com\/hu\/term\u00e9k\/s1900-electric-street-sweeper-industrial-cleaning-factory-direct-orvik","og_locale":"hu_HU","og_type":"article","og_title":"S1900 Electric Street Sweeper | Industrial Cleaning | Factory Direct - ORVIK | ORVIK|Light Commercial Electric Vehicles","og_description":"Electric Street Sweeper S1900. Features 1900mm sweeping width, 200L waste bin, and corrosion-resistant chassis. Ideal for resorts and factories. Inquire for FCL Price.","og_url":"https:\/\/orvikpower.com\/hu\/term\u00e9k\/s1900-electric-street-sweeper-industrial-cleaning-factory-direct-orvik","og_site_name":"ORVIK|Light Commercial Electric Vehicles","article_modified_time":"2026-01-20T15:12:45+00:00","og_image":[{"width":1344,"height":1302,"url":"https:\/\/orvikpower.com\/wp-content\/uploads\/2026\/01\/S1900-Electric-Street-Sweeper-Industrial-Cleaning-Factory-Direct-ORVIK.jpeg","type":"image\/jpeg"}],"twitter_card":"summary_large_image","twitter_misc":{"Becs\u00fclt olvas\u00e1si id\u0151":"1 perc"},"schema":{"@context":"https:\/\/schema.org","@graph":[{"@type":"WebPage","@id":"https:\/\/orvikpower.com\/product\/s1900-electric-street-sweeper-industrial-cleaning-factory-direct-orvik","url":"https:\/\/orvikpower.com\/product\/s1900-electric-street-sweeper-industrial-cleaning-factory-direct-orvik","name":"S1900 elektromos utcasepr\u0151 | Ipari takar\u00edt\u00e1s | Factory Direct - ORVIK | ORVIK | ORVIK|K\u00f6nny\u0171 haszong\u00e9pj\u00e1rm\u0171vek elektromos j\u00e1rm\u0171vek","isPartOf":{"@id":"https:\/\/orvikpower.com\/#website"},"primaryImageOfPage":{"@id":"https:\/\/orvikpower.com\/product\/s1900-electric-street-sweeper-industrial-cleaning-factory-direct-orvik#primaryimage"},"image":{"@id":"https:\/\/orvikpower.com\/product\/s1900-electric-street-sweeper-industrial-cleaning-factory-direct-orvik#primaryimage"},"thumbnailUrl":"https:\/\/orvikpower.com\/wp-content\/uploads\/2026\/01\/S1900-Electric-Street-Sweeper-Industrial-Cleaning-Factory-Direct-ORVIK.jpeg","datePublished":"2026-01-20T15:08:29+00:00","dateModified":"2026-01-20T15:12:45+00:00","breadcrumb":{"@id":"https:\/\/orvikpower.com\/product\/s1900-electric-street-sweeper-industrial-cleaning-factory-direct-orvik#breadcrumb"},"inLanguage":"hu","potentialAction":[{"@type":"ReadAction","target":["https:\/\/orvikpower.com\/product\/s1900-electric-street-sweeper-industrial-cleaning-factory-direct-orvik"]}]},{"@type":"ImageObject","inLanguage":"hu","@id":"https:\/\/orvikpower.com\/product\/s1900-electric-street-sweeper-industrial-cleaning-factory-direct-orvik#primaryimage","url":"https:\/\/orvikpower.com\/wp-content\/uploads\/2026\/01\/S1900-Electric-Street-Sweeper-Industrial-Cleaning-Factory-Direct-ORVIK.jpeg","contentUrl":"https:\/\/orvikpower.com\/wp-content\/uploads\/2026\/01\/S1900-Electric-Street-Sweeper-Industrial-Cleaning-Factory-Direct-ORVIK.jpeg","width":1344,"height":1302,"caption":"Electric Street Sweeper S1900. Features 1900mm sweeping width, 200L waste bin, and corrosion-resistant chassis. Ideal for resorts and factories. Inquire for FCL Price."},{"@type":"BreadcrumbList","@id":"https:\/\/orvikpower.com\/product\/s1900-electric-street-sweeper-industrial-cleaning-factory-direct-orvik#breadcrumb","itemListElement":[{"@type":"ListItem","position":1,"name":"Home","item":"https:\/\/orvikpower.com\/"},{"@type":"ListItem","position":2,"name":"SHOP","item":"https:\/\/orvikpower.com\/shop"},{"@type":"ListItem","position":3,"name":"S1900 Electric Street Sweeper | Industrial Cleaning | Factory Direct &#8211; ORVIK"}]},{"@type":"WebSite","@id":"https:\/\/orvikpower.com\/#website","url":"https:\/\/orvikpower.com\/","name":"ORVIK | K\u00f6nny\u0171 haszong\u00e9pj\u00e1rm\u0171vek","description":"A terepj\u00e1r\u00f3 elektromos haszonj\u00e1rm\u0171vek, pickupok \u00e9s mini teheraut\u00f3k els\u0151sz\u00e1m\u00fa gy\u00e1rt\u00f3ja. High-Temp &amp; Arctic Ready kivitelek farmok \u00e9s b\u00e1ny\u00e1k sz\u00e1m\u00e1ra. K\u00f6lts\u00e9gmegtakar\u00edt\u00e1s a Factory-Direct FCL seg\u00edts\u00e9g\u00e9vel. Tegye a munkafolyamatot. K\u00e9rjen \u00e1raj\u00e1nlatot.","publisher":{"@id":"https:\/\/orvikpower.com\/#organization"},"potentialAction":[{"@type":"SearchAction","target":{"@type":"EntryPoint","urlTemplate":"https:\/\/orvikpower.com\/?s={search_term_string}"},"query-input":{"@type":"PropertyValueSpecification","valueRequired":true,"valueName":"search_term_string"}}],"inLanguage":"hu"},{"@type":"Organization","@id":"https:\/\/orvikpower.com\/#organization","name":"ORVIK | K\u00f6nny\u0171 haszong\u00e9pj\u00e1rm\u0171vek","url":"https:\/\/orvikpower.com\/","logo":{"@type":"ImageObject","inLanguage":"hu","@id":"https:\/\/orvikpower.com\/#\/schema\/logo\/image\/","url":"https:\/\/orvikpower.com\/wp-content\/uploads\/2026\/01\/cropped-logo-h-main-small.png","contentUrl":"https:\/\/orvikpower.com\/wp-content\/uploads\/2026\/01\/cropped-logo-h-main-small.png","width":512,"height":512,"caption":"ORVIK | Light Commercial Electric Vehicles"},"image":{"@id":"https:\/\/orvikpower.com\/#\/schema\/logo\/image\/"},"sameAs":["https:\/\/www.youtube.com\/@ORVIKOrvikPower","https:\/\/www.pinterest.com\/OrvikPower\/"]}]}},"_links":{"self":[{"href":"https:\/\/orvikpower.com\/hu\/wp-json\/wp\/v2\/product\/19048","targetHints":{"allow":["GET"]}}],"collection":[{"href":"https:\/\/orvikpower.com\/hu\/wp-json\/wp\/v2\/product"}],"about":[{"href":"https:\/\/orvikpower.com\/hu\/wp-json\/wp\/v2\/types\/product"}],"replies":[{"embeddable":true,"href":"https:\/\/orvikpower.com\/hu\/wp-json\/wp\/v2\/comments?post=19048"}],"wp:featuredmedia":[{"embeddable":true,"href":"https:\/\/orvikpower.com\/hu\/wp-json\/wp\/v2\/media\/19051"}],"wp:attachment":[{"href":"https:\/\/orvikpower.com\/hu\/wp-json\/wp\/v2\/media?parent=19048"}],"wp:term":[{"taxonomy":"product_brand","embeddable":true,"href":"https:\/\/orvikpower.com\/hu\/wp-json\/wp\/v2\/product_brand?post=19048"},{"taxonomy":"product_cat","embeddable":true,"href":"https:\/\/orvikpower.com\/hu\/wp-json\/wp\/v2\/product_cat?post=19048"},{"taxonomy":"product_tag","embeddable":true,"href":"https:\/\/orvikpower.com\/hu\/wp-json\/wp\/v2\/product_tag?post=19048"}],"curies":[{"name":"wp","href":"https:\/\/api.w.org\/{rel}","templated":true}]}}