{"id":19050,"date":"2026-01-20T15:17:16","date_gmt":"2026-01-20T15:17:16","guid":{"rendered":"https:\/\/orvikpower.com\/?post_type=product&#038;p=19050"},"modified":"2026-01-20T15:17:16","modified_gmt":"2026-01-20T15:17:16","slug":"electric-street-sweeper-g1900-industrial-cleaning-factory-direct-orvik","status":"publish","type":"product","link":"https:\/\/orvikpower.com\/hu\/term%c3%a9k\/electric-street-sweeper-g1900-industrial-cleaning-factory-direct-orvik","title":{"rendered":"Elektromos utcasepr\u0151 G1900 | Ipari takar\u00edt\u00e1s | Factory Direct - ORVIK"},"content":{"rendered":"<p dir=\"auto\"><strong>Maxim\u00e1lja a hat\u00e9konys\u00e1got a G1900 ipari sepr\u0151g\u00e9ppel.<\/strong><br \/>\nAz ORVIK G1900 nagy ig\u00e9nybev\u00e9tel\u0171 ipari \u00e9s kommun\u00e1lis tiszt\u00edt\u00e1shoz k\u00e9sz\u00fclt. Massz\u00edv <strong>1900 mm s\u00f6pr\u00e9si sz\u00e9less\u00e9g<\/strong> \u00e9s egy <strong>nagynyom\u00e1s\u00fa k\u00f6d\u00e1gy\u00fa<\/strong> (Jellemz\u0151), ez a j\u00e1rm\u0171 hat\u00e9konyan elnyomja a port \u00e9s a t\u00f6rmel\u00e9ket magas h\u0151m\u00e9rs\u00e9klet\u0171 vagy poros k\u00f6rnyezetben, p\u00e9ld\u00e1ul b\u00e1nyatelepeken \u00e9s gy\u00e1rakban (El\u0151ny). Azzal, hogy a k\u00e9zi munkaer\u0151t foglalkoztat\u00f3 csapatokat egyetlen hat\u00e9kony egys\u00e9ggel helyettes\u00edti, jelent\u0151sen cs\u00f6kkenti az \u00fczemeltet\u00e9si k\u00f6lts\u00e9geket \u00e9s az ir\u00e1ny\u00edt\u00e1s bonyolults\u00e1g\u00e1t (El\u0151ny).<\/p>\n<ul dir=\"auto\">\n<li class=\"text-start\"><strong>Teljes\u00edtm\u00e9ny testreszab\u00e1s<\/strong>: Kaphat\u00f3 standard 1200 W-os meghajt\u00e1ssal vagy egyedi teljes\u00edtm\u00e9nyv\u00e1ltozatokkal a meredekebb lejt\u0151kh\u00f6z.<\/li>\n<li class=\"text-start\"><strong>Akkumul\u00e1tor opci\u00f3k<\/strong>: Standard \u00f3lom-sav akkumul\u00e1torok a k\u00f6lts\u00e9ghat\u00e9konys\u00e1g \u00e9rdek\u00e9ben, vagy LiFePO4 akkumul\u00e1torokra t\u00f6rt\u00e9n\u0151 friss\u00edt\u00e9s az 5 \u00e9ves \u00e9lettartam \u00e9rdek\u00e9ben.<\/li>\n<li class=\"text-start\"><strong>\u00dagy tervezt\u00fck, hogy a munkafolyamatokat megk\u00f6nny\u00edtse.<\/strong><\/li>\n<\/ul>\n<table class=\"table table-striped-white table-bordered\" style=\"width: 41.4399%; height: 336px;\" data-anchor-id=\"kn99\">\n<thead>\n<tr style=\"height: 24px;\">\n<th style=\"height: 24px;\">Specifik\u00e1ci\u00f3<\/th>\n<th style=\"height: 24px;\">R\u00e9szletek<\/th>\n<\/tr>\n<\/thead>\n<tbody>\n<tr style=\"height: 24px;\">\n<td style=\"height: 24px;\"><strong>Modell k\u00f3d<\/strong><\/td>\n<td style=\"height: 24px;\">ORVIK G1900<\/td>\n<\/tr>\n<tr style=\"height: 24px;\">\n<td style=\"height: 24px;\"><strong>M\u00e9retek (L*S*H)<\/strong><\/td>\n<td style=\"height: 24px;\">2210 \u00d7 1900 \u00d7 2000 mm<\/td>\n<\/tr>\n<tr style=\"height: 24px;\">\n<td style=\"height: 24px;\"><strong>Tiszt\u00edt\u00e1si sz\u00e9less\u00e9g\u00a0<\/strong><\/td>\n<td style=\"height: 24px;\">1900 mm<\/td>\n<\/tr>\n<tr style=\"height: 24px;\">\n<td style=\"height: 24px;\"><strong>Munka hat\u00e9konys\u00e1ga\u00a0<\/strong><\/td>\n<td style=\"height: 24px;\">3-4 \u00f3ra (folyamatos)<\/td>\n<\/tr>\n<tr style=\"height: 24px;\">\n<td style=\"height: 24px;\"><strong>Hajt\u00f3motor<\/strong><\/td>\n<td style=\"height: 24px;\">48V \/ 1,2 kW (1200W)<\/td>\n<\/tr>\n<tr style=\"height: 24px;\">\n<td style=\"height: 24px;\"><strong>Motorok tiszt\u00edt\u00e1sa\u00a0<\/strong><\/td>\n<td style=\"height: 24px;\">F\u0151: 1000W<\/td>\n<\/tr>\n<tr style=\"height: 24px;\">\n<td style=\"height: 24px;\"><strong>Akkumul\u00e1tor<\/strong><\/td>\n<td style=\"height: 24px;\">48V 100Ah (\u00f3lom-sav szabv\u00e1ny \/ Li-ion opcion\u00e1lis)<\/td>\n<\/tr>\n<tr style=\"height: 24px;\">\n<td style=\"height: 24px;\"><strong>Tart\u00e1ly kapacit\u00e1sa<\/strong><\/td>\n<td style=\"height: 24px;\">V\u00edz: 200L<\/td>\n<\/tr>\n<tr style=\"height: 24px;\">\n<td style=\"height: 24px;\"><strong>Porelnyom\u00e1s<\/strong><\/td>\n<td style=\"height: 24px;\">Nagynyom\u00e1s\u00fa v\u00edzipisztoly + k\u00f6d\u00e1gy\u00fa<\/td>\n<\/tr>\n<tr style=\"height: 24px;\">\n<td style=\"height: 24px;\"><strong>F\u00e9krendszer<\/strong><\/td>\n<td style=\"height: 24px;\">Hidraulikus dupla t\u00e1rcsaf\u00e9k<\/td>\n<\/tr>\n<tr style=\"height: 24px;\">\n<td style=\"height: 24px;\"><strong>Alv\u00e1zv\u00e9delem<\/strong><\/td>\n<td style=\"height: 24px;\">P\u00e1col\u00e1s + elektrofor\u00e9zis + porsz\u00f3r\u00e1s<\/td>\n<\/tr>\n<tr style=\"height: 24px;\">\n<td style=\"height: 24px;\"><strong>Gumiabroncsok<\/strong><\/td>\n<td style=\"height: 24px;\">Szil\u00e1rd ipari gumiabroncsok<\/td>\n<\/tr>\n<tr style=\"height: 24px;\">\n<td style=\"height: 24px;\"><strong>Bet\u00f6lt\u00e9s Mennyis\u00e9g<\/strong><\/td>\n<td style=\"height: 24px;\">Kb. 5-6 darab (\u00f6sszeszerelve)\u00a0<em>Est.<\/em><\/td>\n<\/tr>\n<\/tbody>\n<\/table>","protected":false},"excerpt":{"rendered":"<p dir=\"auto\">ORVIK G1900 elektromos sepr\u0151g\u00e9p: 1900 mm tiszt\u00edt\u00e1si sz\u00e9less\u00e9g nagynyom\u00e1s\u00fa k\u00f6d\u00e1gy\u00faval. High-Temp Ready ipari parkok \u00e9s b\u00e1ny\u00e1szat sz\u00e1m\u00e1ra. \u00c9rdekl\u0151dj\u00f6n FCL gy\u00e1ri \u00e1r\u00e9rt.<\/p>\n<div class=\"my-2\"><\/div>\n<p dir=\"auto\">","protected":false},"featured_media":19052,"comment_status":"open","ping_status":"closed","template":"","meta":{"_eb_attr":""},"product_brand":[],"product_cat":[75,74],"product_tag":[101,91,100,99,88],"class_list":{"0":"post-19050","1":"product","2":"type-product","3":"status-publish","4":"has-post-thumbnail","6":"product_cat-electric-street-sweepers","7":"product_cat-specialized-service-vehicles","8":"product_tag-factory-warehouse","9":"product_tag-industrial-park","10":"product_tag-mining-site","11":"product_tag-municipal-cleaning","12":"product_tag-resort","14":"first","15":"instock","16":"shipping-taxable","17":"product-type-simple"},"yoast_head":"<!-- This site is optimized with the Yoast SEO plugin v26.9 - https:\/\/yoast.com\/product\/yoast-seo-wordpress\/ -->\n<title>Electric Street Sweeper G1900 | Industrial Cleaning | Factory Direct - ORVIK | ORVIK|Light Commercial Electric Vehicles<\/title>\n<meta name=\"robots\" content=\"index, follow, max-snippet:-1, max-image-preview:large, max-video-preview:-1\" \/>\n<link rel=\"canonical\" href=\"https:\/\/orvikpower.com\/hu\/term\u00e9k\/electric-street-sweeper-g1900-industrial-cleaning-factory-direct-orvik\" \/>\n<meta property=\"og:locale\" content=\"hu_HU\" \/>\n<meta property=\"og:type\" content=\"article\" \/>\n<meta property=\"og:title\" content=\"Electric Street Sweeper G1900 | Industrial Cleaning | Factory Direct - ORVIK | ORVIK|Light Commercial Electric Vehicles\" \/>\n<meta property=\"og:description\" content=\"ORVIK G1900 Electric Sweeper: 1900mm cleaning width with high-pressure fog cannon. High-Temp Ready for industrial parks &amp; mining. Inquire for FCL factory price.\" \/>\n<meta property=\"og:url\" content=\"https:\/\/orvikpower.com\/hu\/term\u00e9k\/electric-street-sweeper-g1900-industrial-cleaning-factory-direct-orvik\" \/>\n<meta property=\"og:site_name\" content=\"ORVIK|Light Commercial Electric Vehicles\" \/>\n<meta property=\"og:image\" content=\"https:\/\/orvikpower.com\/wp-content\/uploads\/2026\/01\/Electric-Street-Sweeper-G1900-Industrial-Cleaning-Factory-Direct-ORVIK.jpeg\" \/>\n\t<meta property=\"og:image:width\" content=\"1344\" \/>\n\t<meta property=\"og:image:height\" content=\"1248\" \/>\n\t<meta property=\"og:image:type\" content=\"image\/jpeg\" \/>\n<meta name=\"twitter:card\" content=\"summary_large_image\" \/>\n<meta name=\"twitter:label1\" content=\"Becs\u00fclt olvas\u00e1si id\u0151\" \/>\n\t<meta name=\"twitter:data1\" content=\"1 perc\" \/>\n<script type=\"application\/ld+json\" class=\"yoast-schema-graph\">{\"@context\":\"https:\/\/schema.org\",\"@graph\":[{\"@type\":\"WebPage\",\"@id\":\"https:\/\/orvikpower.com\/product\/electric-street-sweeper-g1900-industrial-cleaning-factory-direct-orvik\",\"url\":\"https:\/\/orvikpower.com\/product\/electric-street-sweeper-g1900-industrial-cleaning-factory-direct-orvik\",\"name\":\"Electric Street Sweeper G1900 | Industrial Cleaning | Factory Direct - ORVIK | ORVIK|Light Commercial Electric Vehicles\",\"isPartOf\":{\"@id\":\"https:\/\/orvikpower.com\/#website\"},\"primaryImageOfPage\":{\"@id\":\"https:\/\/orvikpower.com\/product\/electric-street-sweeper-g1900-industrial-cleaning-factory-direct-orvik#primaryimage\"},\"image\":{\"@id\":\"https:\/\/orvikpower.com\/product\/electric-street-sweeper-g1900-industrial-cleaning-factory-direct-orvik#primaryimage\"},\"thumbnailUrl\":\"https:\/\/orvikpower.com\/wp-content\/uploads\/2026\/01\/Electric-Street-Sweeper-G1900-Industrial-Cleaning-Factory-Direct-ORVIK.jpeg\",\"datePublished\":\"2026-01-20T15:17:16+00:00\",\"breadcrumb\":{\"@id\":\"https:\/\/orvikpower.com\/product\/electric-street-sweeper-g1900-industrial-cleaning-factory-direct-orvik#breadcrumb\"},\"inLanguage\":\"hu\",\"potentialAction\":[{\"@type\":\"ReadAction\",\"target\":[\"https:\/\/orvikpower.com\/product\/electric-street-sweeper-g1900-industrial-cleaning-factory-direct-orvik\"]}]},{\"@type\":\"ImageObject\",\"inLanguage\":\"hu\",\"@id\":\"https:\/\/orvikpower.com\/product\/electric-street-sweeper-g1900-industrial-cleaning-factory-direct-orvik#primaryimage\",\"url\":\"https:\/\/orvikpower.com\/wp-content\/uploads\/2026\/01\/Electric-Street-Sweeper-G1900-Industrial-Cleaning-Factory-Direct-ORVIK.jpeg\",\"contentUrl\":\"https:\/\/orvikpower.com\/wp-content\/uploads\/2026\/01\/Electric-Street-Sweeper-G1900-Industrial-Cleaning-Factory-Direct-ORVIK.jpeg\",\"width\":1344,\"height\":1248,\"caption\":\"ORVIK G1900 Electric Sweeper: 1900mm cleaning width with high-pressure fog cannon. High-Temp Ready for industrial parks & mining. Inquire for FCL factory price.\"},{\"@type\":\"BreadcrumbList\",\"@id\":\"https:\/\/orvikpower.com\/product\/electric-street-sweeper-g1900-industrial-cleaning-factory-direct-orvik#breadcrumb\",\"itemListElement\":[{\"@type\":\"ListItem\",\"position\":1,\"name\":\"Home\",\"item\":\"https:\/\/orvikpower.com\/\"},{\"@type\":\"ListItem\",\"position\":2,\"name\":\"SHOP\",\"item\":\"https:\/\/orvikpower.com\/shop\"},{\"@type\":\"ListItem\",\"position\":3,\"name\":\"Electric Street Sweeper G1900 | Industrial Cleaning | Factory Direct &#8211; ORVIK\"}]},{\"@type\":\"WebSite\",\"@id\":\"https:\/\/orvikpower.com\/#website\",\"url\":\"https:\/\/orvikpower.com\/\",\"name\":\"ORVIK | Light Commercial Electric Vehicles\",\"description\":\"Premier Manufacturer of Off-road Electric Utility Vehicles, Pickups &amp; Mini Trucks. High-Temp &amp; Arctic Ready designs for farms &amp; mines. Save costs with Factory-Direct FCL. Make work flow. Get a Quote.\",\"publisher\":{\"@id\":\"https:\/\/orvikpower.com\/#organization\"},\"potentialAction\":[{\"@type\":\"SearchAction\",\"target\":{\"@type\":\"EntryPoint\",\"urlTemplate\":\"https:\/\/orvikpower.com\/?s={search_term_string}\"},\"query-input\":{\"@type\":\"PropertyValueSpecification\",\"valueRequired\":true,\"valueName\":\"search_term_string\"}}],\"inLanguage\":\"hu\"},{\"@type\":\"Organization\",\"@id\":\"https:\/\/orvikpower.com\/#organization\",\"name\":\"ORVIK | Light Commercial Electric Vehicles\",\"url\":\"https:\/\/orvikpower.com\/\",\"logo\":{\"@type\":\"ImageObject\",\"inLanguage\":\"hu\",\"@id\":\"https:\/\/orvikpower.com\/#\/schema\/logo\/image\/\",\"url\":\"https:\/\/orvikpower.com\/wp-content\/uploads\/2026\/01\/cropped-logo-h-main-small.png\",\"contentUrl\":\"https:\/\/orvikpower.com\/wp-content\/uploads\/2026\/01\/cropped-logo-h-main-small.png\",\"width\":512,\"height\":512,\"caption\":\"ORVIK | Light Commercial Electric Vehicles\"},\"image\":{\"@id\":\"https:\/\/orvikpower.com\/#\/schema\/logo\/image\/\"},\"sameAs\":[\"https:\/\/www.youtube.com\/@ORVIKOrvikPower\",\"https:\/\/www.pinterest.com\/OrvikPower\/\"]}]}<\/script>\n<!-- \/ Yoast SEO plugin. -->","yoast_head_json":{"title":"Elektromos utcasepr\u0151 G1900 | Ipari takar\u00edt\u00e1s | Factory Direct - ORVIK | ORVIK | ORVIK | K\u00f6nny\u0171 haszong\u00e9pj\u00e1rm\u0171vek elektromos j\u00e1rm\u0171vek","robots":{"index":"index","follow":"follow","max-snippet":"max-snippet:-1","max-image-preview":"max-image-preview:large","max-video-preview":"max-video-preview:-1"},"canonical":"https:\/\/orvikpower.com\/hu\/term\u00e9k\/electric-street-sweeper-g1900-industrial-cleaning-factory-direct-orvik","og_locale":"hu_HU","og_type":"article","og_title":"Electric Street Sweeper G1900 | Industrial Cleaning | Factory Direct - ORVIK | ORVIK|Light Commercial Electric Vehicles","og_description":"ORVIK G1900 Electric Sweeper: 1900mm cleaning width with high-pressure fog cannon. High-Temp Ready for industrial parks &amp; mining. Inquire for FCL factory price.","og_url":"https:\/\/orvikpower.com\/hu\/term\u00e9k\/electric-street-sweeper-g1900-industrial-cleaning-factory-direct-orvik","og_site_name":"ORVIK|Light Commercial Electric Vehicles","og_image":[{"width":1344,"height":1248,"url":"https:\/\/orvikpower.com\/wp-content\/uploads\/2026\/01\/Electric-Street-Sweeper-G1900-Industrial-Cleaning-Factory-Direct-ORVIK.jpeg","type":"image\/jpeg"}],"twitter_card":"summary_large_image","twitter_misc":{"Becs\u00fclt olvas\u00e1si id\u0151":"1 perc"},"schema":{"@context":"https:\/\/schema.org","@graph":[{"@type":"WebPage","@id":"https:\/\/orvikpower.com\/product\/electric-street-sweeper-g1900-industrial-cleaning-factory-direct-orvik","url":"https:\/\/orvikpower.com\/product\/electric-street-sweeper-g1900-industrial-cleaning-factory-direct-orvik","name":"Elektromos utcasepr\u0151 G1900 | Ipari takar\u00edt\u00e1s | Factory Direct - ORVIK | ORVIK | ORVIK | K\u00f6nny\u0171 haszong\u00e9pj\u00e1rm\u0171vek elektromos j\u00e1rm\u0171vek","isPartOf":{"@id":"https:\/\/orvikpower.com\/#website"},"primaryImageOfPage":{"@id":"https:\/\/orvikpower.com\/product\/electric-street-sweeper-g1900-industrial-cleaning-factory-direct-orvik#primaryimage"},"image":{"@id":"https:\/\/orvikpower.com\/product\/electric-street-sweeper-g1900-industrial-cleaning-factory-direct-orvik#primaryimage"},"thumbnailUrl":"https:\/\/orvikpower.com\/wp-content\/uploads\/2026\/01\/Electric-Street-Sweeper-G1900-Industrial-Cleaning-Factory-Direct-ORVIK.jpeg","datePublished":"2026-01-20T15:17:16+00:00","breadcrumb":{"@id":"https:\/\/orvikpower.com\/product\/electric-street-sweeper-g1900-industrial-cleaning-factory-direct-orvik#breadcrumb"},"inLanguage":"hu","potentialAction":[{"@type":"ReadAction","target":["https:\/\/orvikpower.com\/product\/electric-street-sweeper-g1900-industrial-cleaning-factory-direct-orvik"]}]},{"@type":"ImageObject","inLanguage":"hu","@id":"https:\/\/orvikpower.com\/product\/electric-street-sweeper-g1900-industrial-cleaning-factory-direct-orvik#primaryimage","url":"https:\/\/orvikpower.com\/wp-content\/uploads\/2026\/01\/Electric-Street-Sweeper-G1900-Industrial-Cleaning-Factory-Direct-ORVIK.jpeg","contentUrl":"https:\/\/orvikpower.com\/wp-content\/uploads\/2026\/01\/Electric-Street-Sweeper-G1900-Industrial-Cleaning-Factory-Direct-ORVIK.jpeg","width":1344,"height":1248,"caption":"ORVIK G1900 Electric Sweeper: 1900mm cleaning width with high-pressure fog cannon. High-Temp Ready for industrial parks & mining. Inquire for FCL factory price."},{"@type":"BreadcrumbList","@id":"https:\/\/orvikpower.com\/product\/electric-street-sweeper-g1900-industrial-cleaning-factory-direct-orvik#breadcrumb","itemListElement":[{"@type":"ListItem","position":1,"name":"Home","item":"https:\/\/orvikpower.com\/"},{"@type":"ListItem","position":2,"name":"SHOP","item":"https:\/\/orvikpower.com\/shop"},{"@type":"ListItem","position":3,"name":"Electric Street Sweeper G1900 | Industrial Cleaning | Factory Direct &#8211; ORVIK"}]},{"@type":"WebSite","@id":"https:\/\/orvikpower.com\/#website","url":"https:\/\/orvikpower.com\/","name":"ORVIK | K\u00f6nny\u0171 haszong\u00e9pj\u00e1rm\u0171vek","description":"A terepj\u00e1r\u00f3 elektromos haszonj\u00e1rm\u0171vek, pickupok \u00e9s mini teheraut\u00f3k els\u0151sz\u00e1m\u00fa gy\u00e1rt\u00f3ja. High-Temp &amp; Arctic Ready kivitelek farmok \u00e9s b\u00e1ny\u00e1k sz\u00e1m\u00e1ra. K\u00f6lts\u00e9gmegtakar\u00edt\u00e1s a Factory-Direct FCL seg\u00edts\u00e9g\u00e9vel. Tegye a munkafolyamatot. K\u00e9rjen \u00e1raj\u00e1nlatot.","publisher":{"@id":"https:\/\/orvikpower.com\/#organization"},"potentialAction":[{"@type":"SearchAction","target":{"@type":"EntryPoint","urlTemplate":"https:\/\/orvikpower.com\/?s={search_term_string}"},"query-input":{"@type":"PropertyValueSpecification","valueRequired":true,"valueName":"search_term_string"}}],"inLanguage":"hu"},{"@type":"Organization","@id":"https:\/\/orvikpower.com\/#organization","name":"ORVIK | K\u00f6nny\u0171 haszong\u00e9pj\u00e1rm\u0171vek","url":"https:\/\/orvikpower.com\/","logo":{"@type":"ImageObject","inLanguage":"hu","@id":"https:\/\/orvikpower.com\/#\/schema\/logo\/image\/","url":"https:\/\/orvikpower.com\/wp-content\/uploads\/2026\/01\/cropped-logo-h-main-small.png","contentUrl":"https:\/\/orvikpower.com\/wp-content\/uploads\/2026\/01\/cropped-logo-h-main-small.png","width":512,"height":512,"caption":"ORVIK | Light Commercial Electric Vehicles"},"image":{"@id":"https:\/\/orvikpower.com\/#\/schema\/logo\/image\/"},"sameAs":["https:\/\/www.youtube.com\/@ORVIKOrvikPower","https:\/\/www.pinterest.com\/OrvikPower\/"]}]}},"_links":{"self":[{"href":"https:\/\/orvikpower.com\/hu\/wp-json\/wp\/v2\/product\/19050","targetHints":{"allow":["GET"]}}],"collection":[{"href":"https:\/\/orvikpower.com\/hu\/wp-json\/wp\/v2\/product"}],"about":[{"href":"https:\/\/orvikpower.com\/hu\/wp-json\/wp\/v2\/types\/product"}],"replies":[{"embeddable":true,"href":"https:\/\/orvikpower.com\/hu\/wp-json\/wp\/v2\/comments?post=19050"}],"wp:featuredmedia":[{"embeddable":true,"href":"https:\/\/orvikpower.com\/hu\/wp-json\/wp\/v2\/media\/19052"}],"wp:attachment":[{"href":"https:\/\/orvikpower.com\/hu\/wp-json\/wp\/v2\/media?parent=19050"}],"wp:term":[{"taxonomy":"product_brand","embeddable":true,"href":"https:\/\/orvikpower.com\/hu\/wp-json\/wp\/v2\/product_brand?post=19050"},{"taxonomy":"product_cat","embeddable":true,"href":"https:\/\/orvikpower.com\/hu\/wp-json\/wp\/v2\/product_cat?post=19050"},{"taxonomy":"product_tag","embeddable":true,"href":"https:\/\/orvikpower.com\/hu\/wp-json\/wp\/v2\/product_tag?post=19050"}],"curies":[{"name":"wp","href":"https:\/\/api.w.org\/{rel}","templated":true}]}}