{"id":19058,"date":"2026-01-21T07:37:32","date_gmt":"2026-01-21T07:37:32","guid":{"rendered":"https:\/\/orvikpower.com\/?post_type=product&#038;p=19058"},"modified":"2026-01-21T07:39:23","modified_gmt":"2026-01-21T07:39:23","slug":"model-s2000-electric-street-sweeper-industrial-cleaning-2000mm-factory-direct-fcl-orvik","status":"publish","type":"product","link":"https:\/\/orvikpower.com\/hu\/term%c3%a9k\/model-s2000-electric-street-sweeper-industrial-cleaning-2000mm-factory-direct-fcl-orvik","title":{"rendered":"Modell S2000 elektromos utcasepr\u0151 | Ipari takar\u00edt\u00e1s 2000mm | Factory Direct FCL - ORVIK"},"content":{"rendered":"<p dir=\"auto\"><strong>Maximaliz\u00e1lja a takar\u00edt\u00e1s hat\u00e9konys\u00e1g\u00e1t az ORVIK S2000 k\u00e9sz\u00fcl\u00e9kkel.<\/strong><br \/>\nAz ORVIK S2000 a nagyl\u00e9pt\u00e9k\u0171 l\u00e9tes\u00edtm\u00e9nygazd\u00e1lkod\u00e1shoz tervezett ORVIK S2000 az ipari takar\u00edt\u00e1st munkaig\u00e9nyes teherb\u0151l racionaliz\u00e1lt m\u0171velett\u00e9 alak\u00edtja.<\/p>\n<div class=\"my-2\"><\/div>\n<ul dir=\"auto\">\n<li class=\"text-start\"><strong>Sz\u00e9lesk\u00f6r\u0171 lefedetts\u00e9g (funkci\u00f3):<\/strong> A hatalmas, 2000 mm-es sepr\u0151sz\u00e9less\u00e9ggel \u00e9s kett\u0151s porsz\u00f3r\u00f3 motorral felszerelt j\u00e1rm\u0171 t\u00f6bb ter\u00fcletet fed le r\u00f6videbb id\u0151 alatt.<\/li>\n<li class=\"text-start\"><strong>Ipari tart\u00f3ss\u00e1g (el\u0151ny):<\/strong> Az alv\u00e1z v\u00edz\u00e1ll\u00f3 k\u00e1belez\u00e9si rendszerrel \u00e9s meger\u0151s\u00edtett m\u0171szaki m\u0171anyag testtel rendelkezik, amely m\u00e9g nedves vagy poros k\u00f6rnyezetben is biztos\u00edtja a korr\u00f3zi\u00f3val \u00e9s az elektromos hib\u00e1kkal szembeni ellen\u00e1ll\u00e1st.<\/li>\n<li class=\"text-start\"><strong>Operat\u00edv ROI (haszon):<\/strong> A 240 literes hullad\u00e9kgy\u0171jt\u0151vel \u00e9s 3-5 \u00f3r\u00e1s folyamatos \u00fczemid\u0151vel egyetlen S2000-es k\u00e9sz\u00fcl\u00e9k 8-10 k\u00e9zi takar\u00edt\u00f3t helyettes\u00edti, jelent\u0151sen cs\u00f6kkentve a havi munkaer\u0151k\u00f6lts\u00e9get.<\/li>\n<\/ul>\n<div class=\"my-2\"><\/div>\n<p dir=\"auto\"><strong>Testreszab\u00e1s:<\/strong> Standard 48 V-os \u00f3lom-sav akkumul\u00e1torokkal vagy tov\u00e1bbfejlesztett l\u00edtium-ion akkumul\u00e1torokkal kaphat\u00f3. A motor teljes\u00edtm\u00e9nye be\u00e1ll\u00edthat\u00f3 az adott lejtmenetre vonatkoz\u00f3 k\u00f6vetelm\u00e9nyekhez.<br \/>\n<strong>\u00dagy tervezt\u00fck, hogy a munkafolyamatokat megk\u00f6nny\u00edtse.<\/strong><\/p>\n<table class=\"table table-striped-white table-bordered\" data-anchor-id=\"fbx9\">\n<thead>\n<tr>\n<th>Jellemz\u0151<\/th>\n<th>Specifik\u00e1ci\u00f3<\/th>\n<\/tr>\n<\/thead>\n<tbody>\n<tr>\n<td><strong>Modell<\/strong><\/td>\n<td>ORVIK S2000<\/td>\n<\/tr>\n<tr>\n<td><strong>M\u00e9retek (L*S*H)<\/strong><\/td>\n<td>2300 x 2000 x 2000 mm<\/td>\n<\/tr>\n<tr>\n<td><strong>S\u00f6pr\u0151 sz\u00e9less\u00e9g<\/strong><\/td>\n<td>2000 mm<\/td>\n<\/tr>\n<tr>\n<td><strong>Tiszt\u00edt\u00e1si hat\u00e9konys\u00e1g<\/strong><\/td>\n<td>Kb. 8,000 - 12,000\u00a0<span id=\"MathJax-Element-5-Frame\" class=\"MathJax_SVG\" role=\"textbox\" aria-readonly=\"true\"><\/span>\/h<\/td>\n<\/tr>\n<tr>\n<td><strong>Akkumul\u00e1tor rendszer<\/strong><\/td>\n<td>48V 150Ah (\u00f3lom-savas szabv\u00e1ny \/ LiFePO4 opcion\u00e1lis)<\/td>\n<\/tr>\n<tr>\n<td><strong>Motor konfigur\u00e1ci\u00f3<\/strong><\/td>\n<td>Hajt\u00e1s: 2000W | Oldals\u00f3 kefe: 1000W | Porsz\u00edv\u00f3ventil\u00e1tor: 200W*2<\/td>\n<\/tr>\n<tr>\n<td><strong>Munkaid\u0151<\/strong><\/td>\n<td>3-5 \u00f3ra (folyamatos)<\/td>\n<\/tr>\n<tr>\n<td><strong>Kapacit\u00e1sok<\/strong><\/td>\n<td>V\u00edztart\u00e1ly: 100L | Porgy\u0171jt\u0151: 240L<\/td>\n<\/tr>\n<tr>\n<td><strong>M\u00e1sz\u00f3 k\u00e9pess\u00e9g<\/strong><\/td>\n<td>25%<\/td>\n<\/tr>\n<tr>\n<td><strong>Gumiabroncsok<\/strong><\/td>\n<td>Ipari defektt\u0171r\u0151 t\u00f6m\u00f6r gumiabroncsok<\/td>\n<\/tr>\n<tr>\n<td><strong>Biztons\u00e1gi jellemz\u0151k<\/strong><\/td>\n<td>Hidraulikus kett\u0151s t\u00e1rcsaf\u00e9kek, v\u00edz\u00e1ll\u00f3 k\u00e1belez\u00e9s, alacsony fesz\u00fclts\u00e9g\u0171 rendszer<\/td>\n<\/tr>\n<tr>\n<td><strong>Rakod\u00e1si mennyis\u00e9g (40HQ)<\/strong><\/td>\n<td>Csomagol\u00e1si terv k\u00e9r\u00e9se (kb. 4-6 egys\u00e9g)<\/td>\n<\/tr>\n<\/tbody>\n<\/table>","protected":false},"excerpt":{"rendered":"<p dir=\"auto\">Nagy teherb\u00edr\u00e1s\u00fa elektromos sepr\u0151g\u00e9p 2000 mm tiszt\u00edt\u00e1si sz\u00e9less\u00e9ggel \u00e9s 240 literes porgy\u0171jt\u0151vel. V\u00edz\u00e1ll\u00f3 k\u00e1belez\u00e9ssel \u00e9s 3-5 \u00f3r\u00e1s \u00fczemid\u0151vel rendelkezik. Ide\u00e1lis v\u00e1rosi \u00e9s ipari parkokba. <strong>Get Factory FCL \u00e1raj\u00e1nlat.<\/strong><\/p>\n<div class=\"my-2\"><\/div>\n<p dir=\"auto\">","protected":false},"featured_media":19059,"comment_status":"open","ping_status":"closed","template":"","meta":{"_eb_attr":""},"product_brand":[],"product_cat":[75,74],"product_tag":[106,105,102,103,104,107],"class_list":{"0":"post-19058","1":"product","2":"type-product","3":"status-publish","4":"has-post-thumbnail","6":"product_cat-electric-street-sweepers","7":"product_cat-specialized-service-vehicles","8":"product_tag-dustcontrol","9":"product_tag-factoryhygiene","10":"product_tag-industrialcleaning","11":"product_tag-municipalservices","12":"product_tag-resortmaintenance","13":"product_tag-roadsweeping","15":"first","16":"instock","17":"shipping-taxable","18":"product-type-simple"},"yoast_head":"<!-- This site is optimized with the Yoast SEO plugin v26.9 - https:\/\/yoast.com\/product\/yoast-seo-wordpress\/ -->\n<title>Model S2000 Electric Street Sweeper | Industrial Cleaning 2000mm | Factory Direct FCL - ORVIK | ORVIK|Light Commercial Electric Vehicles<\/title>\n<meta name=\"robots\" content=\"index, follow, max-snippet:-1, max-image-preview:large, max-video-preview:-1\" \/>\n<link rel=\"canonical\" href=\"https:\/\/orvikpower.com\/hu\/term\u00e9k\/model-s2000-electric-street-sweeper-industrial-cleaning-2000mm-factory-direct-fcl-orvik\" \/>\n<meta property=\"og:locale\" content=\"hu_HU\" \/>\n<meta property=\"og:type\" content=\"article\" \/>\n<meta property=\"og:title\" content=\"Model S2000 Electric Street Sweeper | Industrial Cleaning 2000mm | Factory Direct FCL - ORVIK | ORVIK|Light Commercial Electric Vehicles\" \/>\n<meta property=\"og:description\" content=\"Heavy-duty electric sweeper with 2000mm cleaning width and 240L dust bin. Features waterproof cabling and 3-5h runtime. Ideal for municipal and industrial parks. Get Factory FCL Quote.\" \/>\n<meta property=\"og:url\" content=\"https:\/\/orvikpower.com\/hu\/term\u00e9k\/model-s2000-electric-street-sweeper-industrial-cleaning-2000mm-factory-direct-fcl-orvik\" \/>\n<meta property=\"og:site_name\" content=\"ORVIK|Light Commercial Electric Vehicles\" \/>\n<meta property=\"article:modified_time\" content=\"2026-01-21T07:39:23+00:00\" \/>\n<meta property=\"og:image\" content=\"https:\/\/orvikpower.com\/wp-content\/uploads\/2026\/01\/Model-S2000-Electric-Street-Sweeper-Industrial-Cleaning-2000mm-Factory-Direct-FCL-ORVIK.jpeg\" \/>\n\t<meta property=\"og:image:width\" content=\"1396\" \/>\n\t<meta property=\"og:image:height\" content=\"1228\" \/>\n\t<meta property=\"og:image:type\" content=\"image\/jpeg\" \/>\n<meta name=\"twitter:card\" content=\"summary_large_image\" \/>\n<meta name=\"twitter:label1\" content=\"Becs\u00fclt olvas\u00e1si id\u0151\" \/>\n\t<meta name=\"twitter:data1\" content=\"1 perc\" \/>\n<script type=\"application\/ld+json\" class=\"yoast-schema-graph\">{\"@context\":\"https:\/\/schema.org\",\"@graph\":[{\"@type\":\"WebPage\",\"@id\":\"https:\/\/orvikpower.com\/product\/model-s2000-electric-street-sweeper-industrial-cleaning-2000mm-factory-direct-fcl-orvik\",\"url\":\"https:\/\/orvikpower.com\/product\/model-s2000-electric-street-sweeper-industrial-cleaning-2000mm-factory-direct-fcl-orvik\",\"name\":\"Model S2000 Electric Street Sweeper | Industrial Cleaning 2000mm | Factory Direct FCL - ORVIK | ORVIK|Light Commercial Electric Vehicles\",\"isPartOf\":{\"@id\":\"https:\/\/orvikpower.com\/#website\"},\"primaryImageOfPage\":{\"@id\":\"https:\/\/orvikpower.com\/product\/model-s2000-electric-street-sweeper-industrial-cleaning-2000mm-factory-direct-fcl-orvik#primaryimage\"},\"image\":{\"@id\":\"https:\/\/orvikpower.com\/product\/model-s2000-electric-street-sweeper-industrial-cleaning-2000mm-factory-direct-fcl-orvik#primaryimage\"},\"thumbnailUrl\":\"https:\/\/orvikpower.com\/wp-content\/uploads\/2026\/01\/Model-S2000-Electric-Street-Sweeper-Industrial-Cleaning-2000mm-Factory-Direct-FCL-ORVIK.jpeg\",\"datePublished\":\"2026-01-21T07:37:32+00:00\",\"dateModified\":\"2026-01-21T07:39:23+00:00\",\"breadcrumb\":{\"@id\":\"https:\/\/orvikpower.com\/product\/model-s2000-electric-street-sweeper-industrial-cleaning-2000mm-factory-direct-fcl-orvik#breadcrumb\"},\"inLanguage\":\"hu\",\"potentialAction\":[{\"@type\":\"ReadAction\",\"target\":[\"https:\/\/orvikpower.com\/product\/model-s2000-electric-street-sweeper-industrial-cleaning-2000mm-factory-direct-fcl-orvik\"]}]},{\"@type\":\"ImageObject\",\"inLanguage\":\"hu\",\"@id\":\"https:\/\/orvikpower.com\/product\/model-s2000-electric-street-sweeper-industrial-cleaning-2000mm-factory-direct-fcl-orvik#primaryimage\",\"url\":\"https:\/\/orvikpower.com\/wp-content\/uploads\/2026\/01\/Model-S2000-Electric-Street-Sweeper-Industrial-Cleaning-2000mm-Factory-Direct-FCL-ORVIK.jpeg\",\"contentUrl\":\"https:\/\/orvikpower.com\/wp-content\/uploads\/2026\/01\/Model-S2000-Electric-Street-Sweeper-Industrial-Cleaning-2000mm-Factory-Direct-FCL-ORVIK.jpeg\",\"width\":1396,\"height\":1228,\"caption\":\"Heavy-duty electric sweeper with 2000mm cleaning width and 240L dust bin. Features waterproof cabling and 3-5h runtime. Ideal for municipal and industrial parks. Get Factory FCL Quote.\"},{\"@type\":\"BreadcrumbList\",\"@id\":\"https:\/\/orvikpower.com\/product\/model-s2000-electric-street-sweeper-industrial-cleaning-2000mm-factory-direct-fcl-orvik#breadcrumb\",\"itemListElement\":[{\"@type\":\"ListItem\",\"position\":1,\"name\":\"Home\",\"item\":\"https:\/\/orvikpower.com\/\"},{\"@type\":\"ListItem\",\"position\":2,\"name\":\"SHOP\",\"item\":\"https:\/\/orvikpower.com\/shop\"},{\"@type\":\"ListItem\",\"position\":3,\"name\":\"Model S2000 Electric Street Sweeper | Industrial Cleaning 2000mm | Factory Direct FCL &#8211; ORVIK\"}]},{\"@type\":\"WebSite\",\"@id\":\"https:\/\/orvikpower.com\/#website\",\"url\":\"https:\/\/orvikpower.com\/\",\"name\":\"ORVIK | Light Commercial Electric Vehicles\",\"description\":\"Premier Manufacturer of Off-road Electric Utility Vehicles, Pickups &amp; Mini Trucks. High-Temp &amp; Arctic Ready designs for farms &amp; mines. Save costs with Factory-Direct FCL. Make work flow. Get a Quote.\",\"publisher\":{\"@id\":\"https:\/\/orvikpower.com\/#organization\"},\"potentialAction\":[{\"@type\":\"SearchAction\",\"target\":{\"@type\":\"EntryPoint\",\"urlTemplate\":\"https:\/\/orvikpower.com\/?s={search_term_string}\"},\"query-input\":{\"@type\":\"PropertyValueSpecification\",\"valueRequired\":true,\"valueName\":\"search_term_string\"}}],\"inLanguage\":\"hu\"},{\"@type\":\"Organization\",\"@id\":\"https:\/\/orvikpower.com\/#organization\",\"name\":\"ORVIK | Light Commercial Electric Vehicles\",\"url\":\"https:\/\/orvikpower.com\/\",\"logo\":{\"@type\":\"ImageObject\",\"inLanguage\":\"hu\",\"@id\":\"https:\/\/orvikpower.com\/#\/schema\/logo\/image\/\",\"url\":\"https:\/\/orvikpower.com\/wp-content\/uploads\/2026\/01\/cropped-logo-h-main-small.png\",\"contentUrl\":\"https:\/\/orvikpower.com\/wp-content\/uploads\/2026\/01\/cropped-logo-h-main-small.png\",\"width\":512,\"height\":512,\"caption\":\"ORVIK | Light Commercial Electric Vehicles\"},\"image\":{\"@id\":\"https:\/\/orvikpower.com\/#\/schema\/logo\/image\/\"},\"sameAs\":[\"https:\/\/www.youtube.com\/@ORVIKOrvikPower\",\"https:\/\/www.pinterest.com\/OrvikPower\/\"]}]}<\/script>\n<!-- \/ Yoast SEO plugin. -->","yoast_head_json":{"title":"Modell S2000 elektromos utcasepr\u0151 | Ipari takar\u00edt\u00e1s 2000mm | Factory Direct FCL - ORVIK | ORVIK | ORVIK | K\u00f6nny\u0171 haszong\u00e9pj\u00e1rm\u0171vek elektromos j\u00e1rm\u0171vek","robots":{"index":"index","follow":"follow","max-snippet":"max-snippet:-1","max-image-preview":"max-image-preview:large","max-video-preview":"max-video-preview:-1"},"canonical":"https:\/\/orvikpower.com\/hu\/term\u00e9k\/model-s2000-electric-street-sweeper-industrial-cleaning-2000mm-factory-direct-fcl-orvik","og_locale":"hu_HU","og_type":"article","og_title":"Model S2000 Electric Street Sweeper | Industrial Cleaning 2000mm | Factory Direct FCL - ORVIK | ORVIK|Light Commercial Electric Vehicles","og_description":"Heavy-duty electric sweeper with 2000mm cleaning width and 240L dust bin. Features waterproof cabling and 3-5h runtime. Ideal for municipal and industrial parks. Get Factory FCL Quote.","og_url":"https:\/\/orvikpower.com\/hu\/term\u00e9k\/model-s2000-electric-street-sweeper-industrial-cleaning-2000mm-factory-direct-fcl-orvik","og_site_name":"ORVIK|Light Commercial Electric Vehicles","article_modified_time":"2026-01-21T07:39:23+00:00","og_image":[{"width":1396,"height":1228,"url":"https:\/\/orvikpower.com\/wp-content\/uploads\/2026\/01\/Model-S2000-Electric-Street-Sweeper-Industrial-Cleaning-2000mm-Factory-Direct-FCL-ORVIK.jpeg","type":"image\/jpeg"}],"twitter_card":"summary_large_image","twitter_misc":{"Becs\u00fclt olvas\u00e1si id\u0151":"1 perc"},"schema":{"@context":"https:\/\/schema.org","@graph":[{"@type":"WebPage","@id":"https:\/\/orvikpower.com\/product\/model-s2000-electric-street-sweeper-industrial-cleaning-2000mm-factory-direct-fcl-orvik","url":"https:\/\/orvikpower.com\/product\/model-s2000-electric-street-sweeper-industrial-cleaning-2000mm-factory-direct-fcl-orvik","name":"Modell S2000 elektromos utcasepr\u0151 | Ipari takar\u00edt\u00e1s 2000mm | Factory Direct FCL - ORVIK | ORVIK | ORVIK | K\u00f6nny\u0171 haszong\u00e9pj\u00e1rm\u0171vek elektromos j\u00e1rm\u0171vek","isPartOf":{"@id":"https:\/\/orvikpower.com\/#website"},"primaryImageOfPage":{"@id":"https:\/\/orvikpower.com\/product\/model-s2000-electric-street-sweeper-industrial-cleaning-2000mm-factory-direct-fcl-orvik#primaryimage"},"image":{"@id":"https:\/\/orvikpower.com\/product\/model-s2000-electric-street-sweeper-industrial-cleaning-2000mm-factory-direct-fcl-orvik#primaryimage"},"thumbnailUrl":"https:\/\/orvikpower.com\/wp-content\/uploads\/2026\/01\/Model-S2000-Electric-Street-Sweeper-Industrial-Cleaning-2000mm-Factory-Direct-FCL-ORVIK.jpeg","datePublished":"2026-01-21T07:37:32+00:00","dateModified":"2026-01-21T07:39:23+00:00","breadcrumb":{"@id":"https:\/\/orvikpower.com\/product\/model-s2000-electric-street-sweeper-industrial-cleaning-2000mm-factory-direct-fcl-orvik#breadcrumb"},"inLanguage":"hu","potentialAction":[{"@type":"ReadAction","target":["https:\/\/orvikpower.com\/product\/model-s2000-electric-street-sweeper-industrial-cleaning-2000mm-factory-direct-fcl-orvik"]}]},{"@type":"ImageObject","inLanguage":"hu","@id":"https:\/\/orvikpower.com\/product\/model-s2000-electric-street-sweeper-industrial-cleaning-2000mm-factory-direct-fcl-orvik#primaryimage","url":"https:\/\/orvikpower.com\/wp-content\/uploads\/2026\/01\/Model-S2000-Electric-Street-Sweeper-Industrial-Cleaning-2000mm-Factory-Direct-FCL-ORVIK.jpeg","contentUrl":"https:\/\/orvikpower.com\/wp-content\/uploads\/2026\/01\/Model-S2000-Electric-Street-Sweeper-Industrial-Cleaning-2000mm-Factory-Direct-FCL-ORVIK.jpeg","width":1396,"height":1228,"caption":"Heavy-duty electric sweeper with 2000mm cleaning width and 240L dust bin. Features waterproof cabling and 3-5h runtime. Ideal for municipal and industrial parks. Get Factory FCL Quote."},{"@type":"BreadcrumbList","@id":"https:\/\/orvikpower.com\/product\/model-s2000-electric-street-sweeper-industrial-cleaning-2000mm-factory-direct-fcl-orvik#breadcrumb","itemListElement":[{"@type":"ListItem","position":1,"name":"Home","item":"https:\/\/orvikpower.com\/"},{"@type":"ListItem","position":2,"name":"SHOP","item":"https:\/\/orvikpower.com\/shop"},{"@type":"ListItem","position":3,"name":"Model S2000 Electric Street Sweeper | Industrial Cleaning 2000mm | Factory Direct FCL &#8211; ORVIK"}]},{"@type":"WebSite","@id":"https:\/\/orvikpower.com\/#website","url":"https:\/\/orvikpower.com\/","name":"ORVIK | K\u00f6nny\u0171 haszong\u00e9pj\u00e1rm\u0171vek","description":"A terepj\u00e1r\u00f3 elektromos haszonj\u00e1rm\u0171vek, pickupok \u00e9s mini teheraut\u00f3k els\u0151sz\u00e1m\u00fa gy\u00e1rt\u00f3ja. High-Temp &amp; Arctic Ready kivitelek farmok \u00e9s b\u00e1ny\u00e1k sz\u00e1m\u00e1ra. K\u00f6lts\u00e9gmegtakar\u00edt\u00e1s a Factory-Direct FCL seg\u00edts\u00e9g\u00e9vel. Tegye a munkafolyamatot. K\u00e9rjen \u00e1raj\u00e1nlatot.","publisher":{"@id":"https:\/\/orvikpower.com\/#organization"},"potentialAction":[{"@type":"SearchAction","target":{"@type":"EntryPoint","urlTemplate":"https:\/\/orvikpower.com\/?s={search_term_string}"},"query-input":{"@type":"PropertyValueSpecification","valueRequired":true,"valueName":"search_term_string"}}],"inLanguage":"hu"},{"@type":"Organization","@id":"https:\/\/orvikpower.com\/#organization","name":"ORVIK | K\u00f6nny\u0171 haszong\u00e9pj\u00e1rm\u0171vek","url":"https:\/\/orvikpower.com\/","logo":{"@type":"ImageObject","inLanguage":"hu","@id":"https:\/\/orvikpower.com\/#\/schema\/logo\/image\/","url":"https:\/\/orvikpower.com\/wp-content\/uploads\/2026\/01\/cropped-logo-h-main-small.png","contentUrl":"https:\/\/orvikpower.com\/wp-content\/uploads\/2026\/01\/cropped-logo-h-main-small.png","width":512,"height":512,"caption":"ORVIK | Light Commercial Electric Vehicles"},"image":{"@id":"https:\/\/orvikpower.com\/#\/schema\/logo\/image\/"},"sameAs":["https:\/\/www.youtube.com\/@ORVIKOrvikPower","https:\/\/www.pinterest.com\/OrvikPower\/"]}]}},"_links":{"self":[{"href":"https:\/\/orvikpower.com\/hu\/wp-json\/wp\/v2\/product\/19058","targetHints":{"allow":["GET"]}}],"collection":[{"href":"https:\/\/orvikpower.com\/hu\/wp-json\/wp\/v2\/product"}],"about":[{"href":"https:\/\/orvikpower.com\/hu\/wp-json\/wp\/v2\/types\/product"}],"replies":[{"embeddable":true,"href":"https:\/\/orvikpower.com\/hu\/wp-json\/wp\/v2\/comments?post=19058"}],"wp:featuredmedia":[{"embeddable":true,"href":"https:\/\/orvikpower.com\/hu\/wp-json\/wp\/v2\/media\/19059"}],"wp:attachment":[{"href":"https:\/\/orvikpower.com\/hu\/wp-json\/wp\/v2\/media?parent=19058"}],"wp:term":[{"taxonomy":"product_brand","embeddable":true,"href":"https:\/\/orvikpower.com\/hu\/wp-json\/wp\/v2\/product_brand?post=19058"},{"taxonomy":"product_cat","embeddable":true,"href":"https:\/\/orvikpower.com\/hu\/wp-json\/wp\/v2\/product_cat?post=19058"},{"taxonomy":"product_tag","embeddable":true,"href":"https:\/\/orvikpower.com\/hu\/wp-json\/wp\/v2\/product_tag?post=19058"}],"curies":[{"name":"wp","href":"https:\/\/api.w.org\/{rel}","templated":true}]}}