{"id":19060,"date":"2026-01-21T08:13:21","date_gmt":"2026-01-21T08:13:21","guid":{"rendered":"https:\/\/orvikpower.com\/?post_type=product&#038;p=19060"},"modified":"2026-01-21T08:16:14","modified_gmt":"2026-01-21T08:16:14","slug":"g2000-electric-road-sweeper-2000mm-industrial-cleaning-factory-direct-orvik","status":"publish","type":"product","link":"https:\/\/orvikpower.com\/hu\/term%c3%a9k\/g2000-electric-road-sweeper-2000mm-industrial-cleaning-factory-direct-orvik","title":{"rendered":"G2000 elektromos utcasepr\u0151 (2000mm) | Ipari takar\u00edt\u00e1s | Factory Direct - ORVIK"},"content":{"rendered":"<p dir=\"auto\">A <strong>ORVIK G2000 elektromos sepr\u0151g\u00e9p<\/strong> egy nagy ig\u00e9nybev\u00e9tel\u0171 tiszt\u00edt\u00f3 megold\u00e1s, amelyet nagy porral teli ipari k\u00f6rnyezetbe \u00e9s nagy kampuszokra terveztek. A hagyom\u00e1nyos sepr\u0151g\u00e9pekt\u0151l elt\u00e9r\u0151en a G2000 massz\u00edv, nagym\u00e9ret\u0171 <strong>2000 mm-es s\u00f6pr\u00e9si sz\u00e9less\u00e9g<\/strong> kombin\u00e1lva egy speci\u00e1lis <strong>Nagyfesz\u00fclts\u00e9g\u0171 k\u00f6d\u00e1gy\u00fa \u00e9s v\u00edzipisztoly rendszer<\/strong> (Jellemz\u0151). Ez a konfigur\u00e1ci\u00f3 lehet\u0151v\u00e9 teszi, hogy tiszt\u00edt\u00e1s k\u00f6zben hat\u00e9konyan elnyomja a leveg\u0151ben sz\u00e1ll\u00f3 port, \u00edgy ide\u00e1lis cementgy\u00e1rak, b\u00e1nyatelepek \u00e9s olyan \u00e9p\u00edt\u00e9si ter\u00fcletek sz\u00e1m\u00e1ra, ahol a leveg\u0151min\u0151s\u00e9g aggodalomra ad okot (El\u0151ny).<\/p>\n<div class=\"my-2\"><\/div>\n<p dir=\"auto\">\u00c9p\u00fclt egy <strong>m\u00e9rn\u00f6ki kem\u00e9ny m\u0171anyag mennyezet<\/strong> \u00e9s <strong>t\u00f6m\u00f6r gumiabroncsok<\/strong>, a G2000 defektt\u0171r\u0151 \u00e9s id\u0151j\u00e1r\u00e1s\u00e1ll\u00f3, ami jelent\u0151sen cs\u00f6kkenti a karbantart\u00e1si \u00e1ll\u00e1sid\u0151t a l\u00e9ggumiabroncsos modellekhez k\u00e9pest (Benefit). A teljes elektromos rendszer v\u00edz\u00e1ll\u00f3 csomagol\u00e1st haszn\u00e1l, hogy megakad\u00e1lyozza az \u00e1ramk\u00f6r\u00f6k k\u00e1rosod\u00e1s\u00e1t nedves k\u00f6r\u00fclm\u00e9nyek k\u00f6z\u00f6tt. Testreszabhat\u00f3 akkumul\u00e1tor-v\u00e1laszt\u00e9kkal (\u00f3lom-sav vagy LiFePO4) \u00e9s motorteljes\u00edtm\u00e9ny-konfigur\u00e1ci\u00f3kkal kaphat\u00f3, hogy megfeleljen az \u00d6n egyedi helysz\u00edni k\u00f6vetelm\u00e9nyeinek. <strong>\u00dagy tervezt\u00fck, hogy a munkafolyamatokat megk\u00f6nny\u00edtse.<\/strong><\/p>\n<table class=\"table table-striped-white table-bordered\" data-anchor-id=\"fzng\">\n<thead>\n<tr>\n<th>Jellemz\u0151<\/th>\n<th>Adatok<\/th>\n<\/tr>\n<\/thead>\n<tbody>\n<tr>\n<td><strong>Modell<\/strong><\/td>\n<td>G2000<\/td>\n<\/tr>\n<tr>\n<td><strong>M\u00e9retek (L*S*H)<\/strong><\/td>\n<td>2300 x 2000 x 2250 mm<\/td>\n<\/tr>\n<tr>\n<td><strong>Tiszt\u00edt\u00e1si sz\u00e9less\u00e9g<\/strong><\/td>\n<td>2000 mm<\/td>\n<\/tr>\n<tr>\n<td><strong>Munkak\u00e9pess\u00e9g<\/strong><\/td>\n<td>3-5 \u00f3ra (standard \u00f3lom-akkumul\u00e1tor)<\/td>\n<\/tr>\n<tr>\n<td><strong>Akkumul\u00e1tor rendszer<\/strong><\/td>\n<td>48V 150Ah (\u00f3lom-savas szabv\u00e1ny \/ LiFePO4 opcion\u00e1lis)<\/td>\n<\/tr>\n<tr>\n<td><strong>Hajt\u00f3motor<\/strong><\/td>\n<td>2000W<\/td>\n<\/tr>\n<tr>\n<td><strong>Motorok tiszt\u00edt\u00e1sa<\/strong><\/td>\n<td>Oldals\u00f3 kefe: 1000W | F\u0151kefe: 100W*4 (?) | Ventil\u00e1tor: 200W*2<\/td>\n<\/tr>\n<tr>\n<td><strong>Porelnyom\u00e1s<\/strong><\/td>\n<td><strong>Nagynyom\u00e1s\u00fa k\u00f6d\u00e1gy\u00fa + v\u00edzipisztoly<\/strong><\/td>\n<\/tr>\n<tr>\n<td><strong>Tart\u00e1ly kapacit\u00e1sa<\/strong><\/td>\n<td>V\u00edz: 200L | Szem\u00e9t: 240L<\/td>\n<\/tr>\n<tr>\n<td><strong>Gumiabroncsok<\/strong><\/td>\n<td><strong>Szil\u00e1rd gumiabroncsok<\/strong>\u00a0(\u00c1tsz\u00far\u00e1sbiztos az ipar sz\u00e1m\u00e1ra)<\/td>\n<\/tr>\n<tr>\n<td><strong>F\u00e9krendszer<\/strong><\/td>\n<td>Hidraulikus dupla t\u00e1rcsaf\u00e9k<\/td>\n<\/tr>\n<tr>\n<td><strong>M\u00e1sz\u00f3 k\u00e9pess\u00e9g<\/strong><\/td>\n<td>25%<\/td>\n<\/tr>\n<tr>\n<td><strong>V\u00edzszigetel\u00e9s<\/strong><\/td>\n<td>Teljes j\u00e1rm\u0171sor v\u00edz\u00e1ll\u00f3 csomagol\u00e1s<\/td>\n<\/tr>\n<tr>\n<td><strong>Rakod\u00e1si mennyis\u00e9g (40HQ)<\/strong><\/td>\n<td>Kb. 4-5 egys\u00e9g (becs\u00fclt)<\/td>\n<\/tr>\n<\/tbody>\n<\/table>","protected":false},"excerpt":{"rendered":"<p dir=\"auto\">Nagy teherb\u00edr\u00e1s\u00fa G2000 elektromos sepr\u0151g\u00e9p 2000 mm tiszt\u00edt\u00e1si sz\u00e9less\u00e9ggel \u00e9s nagynyom\u00e1s\u00fa k\u00f6d\u00e1gy\u00faval. T\u00f6m\u00f6r gumiabroncsokkal rendelkezik b\u00e1ny\u00e1szati \u00e9s ipari telephelyekhez. \u00c9rdekl\u0151dj\u00f6n az FCL gy\u00e1ri \u00e1rr\u00f3l.<\/p>\n<div class=\"my-2\"><\/div>\n<p dir=\"auto\">","protected":false},"featured_media":19061,"comment_status":"open","ping_status":"closed","template":"","meta":{"_eb_attr":""},"product_brand":[],"product_cat":[75,74],"product_tag":[108,109,91,100,99,88],"class_list":{"0":"post-19060","1":"product","2":"type-product","3":"status-publish","4":"has-post-thumbnail","6":"product_cat-electric-street-sweepers","7":"product_cat-specialized-service-vehicles","8":"product_tag-cement-plant","9":"product_tag-dust-control","10":"product_tag-industrial-park","11":"product_tag-mining-site","12":"product_tag-municipal-cleaning","13":"product_tag-resort","15":"first","16":"instock","17":"shipping-taxable","18":"product-type-simple"},"yoast_head":"<!-- This site is optimized with the Yoast SEO plugin v26.9 - https:\/\/yoast.com\/product\/yoast-seo-wordpress\/ -->\n<title>G2000 Electric Road Sweeper (2000mm) | Industrial Cleaning | Factory Direct - ORVIK | ORVIK|Light Commercial Electric Vehicles<\/title>\n<meta name=\"robots\" content=\"index, follow, max-snippet:-1, max-image-preview:large, max-video-preview:-1\" \/>\n<link rel=\"canonical\" href=\"https:\/\/orvikpower.com\/hu\/term\u00e9k\/g2000-electric-road-sweeper-2000mm-industrial-cleaning-factory-direct-orvik\" \/>\n<meta property=\"og:locale\" content=\"hu_HU\" \/>\n<meta property=\"og:type\" content=\"article\" \/>\n<meta property=\"og:title\" content=\"G2000 Electric Road Sweeper (2000mm) | Industrial Cleaning | Factory Direct - ORVIK | ORVIK|Light Commercial Electric Vehicles\" \/>\n<meta property=\"og:description\" content=\"Heavy-duty G2000 electric sweeper with 2000mm cleaning width and high-pressure fog cannon. Features solid tires for mining &amp; industrial sites. Inquire for FCL Factory Price.\" \/>\n<meta property=\"og:url\" content=\"https:\/\/orvikpower.com\/hu\/term\u00e9k\/g2000-electric-road-sweeper-2000mm-industrial-cleaning-factory-direct-orvik\" \/>\n<meta property=\"og:site_name\" content=\"ORVIK|Light Commercial Electric Vehicles\" \/>\n<meta property=\"article:modified_time\" content=\"2026-01-21T08:16:14+00:00\" \/>\n<meta property=\"og:image\" content=\"https:\/\/orvikpower.com\/wp-content\/uploads\/2026\/01\/G2000-Electric-Road-Sweeper-2000mm-Industrial-Cleaning-Factory-Direct-ORVIK.jpeg\" \/>\n\t<meta property=\"og:image:width\" content=\"1296\" \/>\n\t<meta property=\"og:image:height\" content=\"1169\" \/>\n\t<meta property=\"og:image:type\" content=\"image\/jpeg\" \/>\n<meta name=\"twitter:card\" content=\"summary_large_image\" \/>\n<meta name=\"twitter:label1\" content=\"Becs\u00fclt olvas\u00e1si id\u0151\" \/>\n\t<meta name=\"twitter:data1\" content=\"1 perc\" \/>\n<script type=\"application\/ld+json\" class=\"yoast-schema-graph\">{\"@context\":\"https:\/\/schema.org\",\"@graph\":[{\"@type\":\"WebPage\",\"@id\":\"https:\/\/orvikpower.com\/product\/g2000-electric-road-sweeper-2000mm-industrial-cleaning-factory-direct-orvik\",\"url\":\"https:\/\/orvikpower.com\/product\/g2000-electric-road-sweeper-2000mm-industrial-cleaning-factory-direct-orvik\",\"name\":\"G2000 Electric Road Sweeper (2000mm) | Industrial Cleaning | Factory Direct - ORVIK | ORVIK|Light Commercial Electric Vehicles\",\"isPartOf\":{\"@id\":\"https:\/\/orvikpower.com\/#website\"},\"primaryImageOfPage\":{\"@id\":\"https:\/\/orvikpower.com\/product\/g2000-electric-road-sweeper-2000mm-industrial-cleaning-factory-direct-orvik#primaryimage\"},\"image\":{\"@id\":\"https:\/\/orvikpower.com\/product\/g2000-electric-road-sweeper-2000mm-industrial-cleaning-factory-direct-orvik#primaryimage\"},\"thumbnailUrl\":\"https:\/\/orvikpower.com\/wp-content\/uploads\/2026\/01\/G2000-Electric-Road-Sweeper-2000mm-Industrial-Cleaning-Factory-Direct-ORVIK.jpeg\",\"datePublished\":\"2026-01-21T08:13:21+00:00\",\"dateModified\":\"2026-01-21T08:16:14+00:00\",\"breadcrumb\":{\"@id\":\"https:\/\/orvikpower.com\/product\/g2000-electric-road-sweeper-2000mm-industrial-cleaning-factory-direct-orvik#breadcrumb\"},\"inLanguage\":\"hu\",\"potentialAction\":[{\"@type\":\"ReadAction\",\"target\":[\"https:\/\/orvikpower.com\/product\/g2000-electric-road-sweeper-2000mm-industrial-cleaning-factory-direct-orvik\"]}]},{\"@type\":\"ImageObject\",\"inLanguage\":\"hu\",\"@id\":\"https:\/\/orvikpower.com\/product\/g2000-electric-road-sweeper-2000mm-industrial-cleaning-factory-direct-orvik#primaryimage\",\"url\":\"https:\/\/orvikpower.com\/wp-content\/uploads\/2026\/01\/G2000-Electric-Road-Sweeper-2000mm-Industrial-Cleaning-Factory-Direct-ORVIK.jpeg\",\"contentUrl\":\"https:\/\/orvikpower.com\/wp-content\/uploads\/2026\/01\/G2000-Electric-Road-Sweeper-2000mm-Industrial-Cleaning-Factory-Direct-ORVIK.jpeg\",\"width\":1296,\"height\":1169,\"caption\":\"Heavy-duty G2000 electric sweeper with 2000mm cleaning width and high-pressure fog cannon. Features solid tires for mining & industrial sites. Inquire for FCL Factory Price.\"},{\"@type\":\"BreadcrumbList\",\"@id\":\"https:\/\/orvikpower.com\/product\/g2000-electric-road-sweeper-2000mm-industrial-cleaning-factory-direct-orvik#breadcrumb\",\"itemListElement\":[{\"@type\":\"ListItem\",\"position\":1,\"name\":\"Home\",\"item\":\"https:\/\/orvikpower.com\/\"},{\"@type\":\"ListItem\",\"position\":2,\"name\":\"SHOP\",\"item\":\"https:\/\/orvikpower.com\/shop\"},{\"@type\":\"ListItem\",\"position\":3,\"name\":\"G2000 Electric Road Sweeper (2000mm) | Industrial Cleaning | Factory Direct &#8211; ORVIK\"}]},{\"@type\":\"WebSite\",\"@id\":\"https:\/\/orvikpower.com\/#website\",\"url\":\"https:\/\/orvikpower.com\/\",\"name\":\"ORVIK | Light Commercial Electric Vehicles\",\"description\":\"Premier Manufacturer of Off-road Electric Utility Vehicles, Pickups &amp; Mini Trucks. High-Temp &amp; Arctic Ready designs for farms &amp; mines. Save costs with Factory-Direct FCL. Make work flow. Get a Quote.\",\"publisher\":{\"@id\":\"https:\/\/orvikpower.com\/#organization\"},\"potentialAction\":[{\"@type\":\"SearchAction\",\"target\":{\"@type\":\"EntryPoint\",\"urlTemplate\":\"https:\/\/orvikpower.com\/?s={search_term_string}\"},\"query-input\":{\"@type\":\"PropertyValueSpecification\",\"valueRequired\":true,\"valueName\":\"search_term_string\"}}],\"inLanguage\":\"hu\"},{\"@type\":\"Organization\",\"@id\":\"https:\/\/orvikpower.com\/#organization\",\"name\":\"ORVIK | Light Commercial Electric Vehicles\",\"url\":\"https:\/\/orvikpower.com\/\",\"logo\":{\"@type\":\"ImageObject\",\"inLanguage\":\"hu\",\"@id\":\"https:\/\/orvikpower.com\/#\/schema\/logo\/image\/\",\"url\":\"https:\/\/orvikpower.com\/wp-content\/uploads\/2026\/01\/cropped-logo-h-main-small.png\",\"contentUrl\":\"https:\/\/orvikpower.com\/wp-content\/uploads\/2026\/01\/cropped-logo-h-main-small.png\",\"width\":512,\"height\":512,\"caption\":\"ORVIK | Light Commercial Electric Vehicles\"},\"image\":{\"@id\":\"https:\/\/orvikpower.com\/#\/schema\/logo\/image\/\"},\"sameAs\":[\"https:\/\/www.youtube.com\/@ORVIKOrvikPower\",\"https:\/\/www.pinterest.com\/OrvikPower\/\"]}]}<\/script>\n<!-- \/ Yoast SEO plugin. -->","yoast_head_json":{"title":"G2000 elektromos utcasepr\u0151 (2000mm) | Ipari takar\u00edt\u00e1s | Factory Direct - ORVIK | ORVIK | ORVIK|K\u00f6nny\u0171 haszong\u00e9pj\u00e1rm\u0171vek elektromos j\u00e1rm\u0171vek","robots":{"index":"index","follow":"follow","max-snippet":"max-snippet:-1","max-image-preview":"max-image-preview:large","max-video-preview":"max-video-preview:-1"},"canonical":"https:\/\/orvikpower.com\/hu\/term\u00e9k\/g2000-electric-road-sweeper-2000mm-industrial-cleaning-factory-direct-orvik","og_locale":"hu_HU","og_type":"article","og_title":"G2000 Electric Road Sweeper (2000mm) | Industrial Cleaning | Factory Direct - ORVIK | ORVIK|Light Commercial Electric Vehicles","og_description":"Heavy-duty G2000 electric sweeper with 2000mm cleaning width and high-pressure fog cannon. Features solid tires for mining &amp; industrial sites. Inquire for FCL Factory Price.","og_url":"https:\/\/orvikpower.com\/hu\/term\u00e9k\/g2000-electric-road-sweeper-2000mm-industrial-cleaning-factory-direct-orvik","og_site_name":"ORVIK|Light Commercial Electric Vehicles","article_modified_time":"2026-01-21T08:16:14+00:00","og_image":[{"width":1296,"height":1169,"url":"https:\/\/orvikpower.com\/wp-content\/uploads\/2026\/01\/G2000-Electric-Road-Sweeper-2000mm-Industrial-Cleaning-Factory-Direct-ORVIK.jpeg","type":"image\/jpeg"}],"twitter_card":"summary_large_image","twitter_misc":{"Becs\u00fclt olvas\u00e1si id\u0151":"1 perc"},"schema":{"@context":"https:\/\/schema.org","@graph":[{"@type":"WebPage","@id":"https:\/\/orvikpower.com\/product\/g2000-electric-road-sweeper-2000mm-industrial-cleaning-factory-direct-orvik","url":"https:\/\/orvikpower.com\/product\/g2000-electric-road-sweeper-2000mm-industrial-cleaning-factory-direct-orvik","name":"G2000 elektromos utcasepr\u0151 (2000mm) | Ipari takar\u00edt\u00e1s | Factory Direct - ORVIK | ORVIK | ORVIK|K\u00f6nny\u0171 haszong\u00e9pj\u00e1rm\u0171vek elektromos j\u00e1rm\u0171vek","isPartOf":{"@id":"https:\/\/orvikpower.com\/#website"},"primaryImageOfPage":{"@id":"https:\/\/orvikpower.com\/product\/g2000-electric-road-sweeper-2000mm-industrial-cleaning-factory-direct-orvik#primaryimage"},"image":{"@id":"https:\/\/orvikpower.com\/product\/g2000-electric-road-sweeper-2000mm-industrial-cleaning-factory-direct-orvik#primaryimage"},"thumbnailUrl":"https:\/\/orvikpower.com\/wp-content\/uploads\/2026\/01\/G2000-Electric-Road-Sweeper-2000mm-Industrial-Cleaning-Factory-Direct-ORVIK.jpeg","datePublished":"2026-01-21T08:13:21+00:00","dateModified":"2026-01-21T08:16:14+00:00","breadcrumb":{"@id":"https:\/\/orvikpower.com\/product\/g2000-electric-road-sweeper-2000mm-industrial-cleaning-factory-direct-orvik#breadcrumb"},"inLanguage":"hu","potentialAction":[{"@type":"ReadAction","target":["https:\/\/orvikpower.com\/product\/g2000-electric-road-sweeper-2000mm-industrial-cleaning-factory-direct-orvik"]}]},{"@type":"ImageObject","inLanguage":"hu","@id":"https:\/\/orvikpower.com\/product\/g2000-electric-road-sweeper-2000mm-industrial-cleaning-factory-direct-orvik#primaryimage","url":"https:\/\/orvikpower.com\/wp-content\/uploads\/2026\/01\/G2000-Electric-Road-Sweeper-2000mm-Industrial-Cleaning-Factory-Direct-ORVIK.jpeg","contentUrl":"https:\/\/orvikpower.com\/wp-content\/uploads\/2026\/01\/G2000-Electric-Road-Sweeper-2000mm-Industrial-Cleaning-Factory-Direct-ORVIK.jpeg","width":1296,"height":1169,"caption":"Heavy-duty G2000 electric sweeper with 2000mm cleaning width and high-pressure fog cannon. Features solid tires for mining & industrial sites. Inquire for FCL Factory Price."},{"@type":"BreadcrumbList","@id":"https:\/\/orvikpower.com\/product\/g2000-electric-road-sweeper-2000mm-industrial-cleaning-factory-direct-orvik#breadcrumb","itemListElement":[{"@type":"ListItem","position":1,"name":"Home","item":"https:\/\/orvikpower.com\/"},{"@type":"ListItem","position":2,"name":"SHOP","item":"https:\/\/orvikpower.com\/shop"},{"@type":"ListItem","position":3,"name":"G2000 Electric Road Sweeper (2000mm) | Industrial Cleaning | Factory Direct &#8211; ORVIK"}]},{"@type":"WebSite","@id":"https:\/\/orvikpower.com\/#website","url":"https:\/\/orvikpower.com\/","name":"ORVIK | K\u00f6nny\u0171 haszong\u00e9pj\u00e1rm\u0171vek","description":"A terepj\u00e1r\u00f3 elektromos haszonj\u00e1rm\u0171vek, pickupok \u00e9s mini teheraut\u00f3k els\u0151sz\u00e1m\u00fa gy\u00e1rt\u00f3ja. High-Temp &amp; Arctic Ready kivitelek farmok \u00e9s b\u00e1ny\u00e1k sz\u00e1m\u00e1ra. K\u00f6lts\u00e9gmegtakar\u00edt\u00e1s a Factory-Direct FCL seg\u00edts\u00e9g\u00e9vel. Tegye a munkafolyamatot. K\u00e9rjen \u00e1raj\u00e1nlatot.","publisher":{"@id":"https:\/\/orvikpower.com\/#organization"},"potentialAction":[{"@type":"SearchAction","target":{"@type":"EntryPoint","urlTemplate":"https:\/\/orvikpower.com\/?s={search_term_string}"},"query-input":{"@type":"PropertyValueSpecification","valueRequired":true,"valueName":"search_term_string"}}],"inLanguage":"hu"},{"@type":"Organization","@id":"https:\/\/orvikpower.com\/#organization","name":"ORVIK | K\u00f6nny\u0171 haszong\u00e9pj\u00e1rm\u0171vek","url":"https:\/\/orvikpower.com\/","logo":{"@type":"ImageObject","inLanguage":"hu","@id":"https:\/\/orvikpower.com\/#\/schema\/logo\/image\/","url":"https:\/\/orvikpower.com\/wp-content\/uploads\/2026\/01\/cropped-logo-h-main-small.png","contentUrl":"https:\/\/orvikpower.com\/wp-content\/uploads\/2026\/01\/cropped-logo-h-main-small.png","width":512,"height":512,"caption":"ORVIK | Light Commercial Electric Vehicles"},"image":{"@id":"https:\/\/orvikpower.com\/#\/schema\/logo\/image\/"},"sameAs":["https:\/\/www.youtube.com\/@ORVIKOrvikPower","https:\/\/www.pinterest.com\/OrvikPower\/"]}]}},"_links":{"self":[{"href":"https:\/\/orvikpower.com\/hu\/wp-json\/wp\/v2\/product\/19060","targetHints":{"allow":["GET"]}}],"collection":[{"href":"https:\/\/orvikpower.com\/hu\/wp-json\/wp\/v2\/product"}],"about":[{"href":"https:\/\/orvikpower.com\/hu\/wp-json\/wp\/v2\/types\/product"}],"replies":[{"embeddable":true,"href":"https:\/\/orvikpower.com\/hu\/wp-json\/wp\/v2\/comments?post=19060"}],"wp:featuredmedia":[{"embeddable":true,"href":"https:\/\/orvikpower.com\/hu\/wp-json\/wp\/v2\/media\/19061"}],"wp:attachment":[{"href":"https:\/\/orvikpower.com\/hu\/wp-json\/wp\/v2\/media?parent=19060"}],"wp:term":[{"taxonomy":"product_brand","embeddable":true,"href":"https:\/\/orvikpower.com\/hu\/wp-json\/wp\/v2\/product_brand?post=19060"},{"taxonomy":"product_cat","embeddable":true,"href":"https:\/\/orvikpower.com\/hu\/wp-json\/wp\/v2\/product_cat?post=19060"},{"taxonomy":"product_tag","embeddable":true,"href":"https:\/\/orvikpower.com\/hu\/wp-json\/wp\/v2\/product_tag?post=19060"}],"curies":[{"name":"wp","href":"https:\/\/api.w.org\/{rel}","templated":true}]}}