{"id":19064,"date":"2026-01-21T09:45:02","date_gmt":"2026-01-21T09:45:02","guid":{"rendered":"https:\/\/orvikpower.com\/?post_type=product&#038;p=19064"},"modified":"2026-01-21T09:45:55","modified_gmt":"2026-01-21T09:45:55","slug":"hm4-electric-street-sweeper-with-fog-cannon-factory-direct-wholesale-orvik","status":"publish","type":"product","link":"https:\/\/orvikpower.com\/hu\/term%c3%a9k\/hm4-electric-street-sweeper-with-fog-cannon-factory-direct-wholesale-orvik","title":{"rendered":"HM4 elektromos utcasepr\u0151 k\u00f6d\u00e1gy\u00faval | Gy\u00e1ri k\u00f6zvetlen nagykereskedelem - ORVIK"},"content":{"rendered":"<p dir=\"auto\"><strong>Maxim\u00e1lja a takar\u00edt\u00e1s hat\u00e9konys\u00e1g\u00e1t ipari min\u0151s\u00e9g\u0171 teljes\u00edtm\u00e9ny\u00e9vel.<\/strong><br \/>\nAz ORVIK Titan-sorozat nem csak egy sepr\u0151g\u00e9p; ez egy \u00e1tfog\u00f3 porelh\u00e1r\u00edt\u00f3 megold\u00e1s, amelyet kem\u00e9ny ipari k\u00f6rnyezetre terveztek.<\/p>\n<ul dir=\"auto\">\n<li class=\"text-start\"><strong>Jellemz\u0151:<\/strong> 2300 mm-es ultra-sz\u00e9les s\u00f6pr\u00e9si \u00fatvonallal, 300 literes v\u00edztart\u00e1llyal \u00e9s speci\u00e1lis <strong>Nagynyom\u00e1s\u00fa k\u00f6d\u00e1gy\u00fa<\/strong>. Az alv\u00e1z szigor\u00fa p\u00e1col\u00e1snak, elektrofor\u00e9zisnek \u00e9s magas h\u0151m\u00e9rs\u00e9klet\u0171 porbevonatnak van al\u00e1vetve.<\/li>\n<li class=\"text-start\"><strong>El\u0151ny:<\/strong> A be\u00e9p\u00edtett k\u00f6d\u00e1gy\u00fa hat\u00e9konyan elnyomja a leveg\u0151ben sz\u00e1ll\u00f3 port a b\u00e1nya- vagy \u00e9p\u00edtkez\u00e9si ter\u00fcleteken, m\u00edg a korr\u00f3zi\u00f3g\u00e1tl\u00f3 kezel\u00e9s biztos\u00edtja, hogy a j\u00e1rm\u0171 rozsd\u00e1sod\u00e1s n\u00e9lk\u00fcl ellen\u00e1lljon a nedves vagy savas k\u00f6rnyezetnek. A z\u00e1rt, edzett \u00fcveggel ell\u00e1tott f\u00fclke biztos\u00edtja a kezel\u0151 biztons\u00e1g\u00e1t sz\u00e9ls\u0151s\u00e9ges id\u0151j\u00e1r\u00e1si k\u00f6r\u00fclm\u00e9nyek k\u00f6z\u00f6tt.<\/li>\n<li class=\"text-start\"><strong>El\u0151ny:<\/strong> 10-15 k\u00e9zi munk\u00e1st egyetlen g\u00e9ppel helyettes\u00edthet, jelent\u0151sen cs\u00f6kkentve az \u00fczemeltet\u00e9si k\u00f6lts\u00e9geket (TCO). A robusztus fel\u00e9p\u00edt\u00e9s minimaliz\u00e1lja az \u00e1ll\u00e1sid\u0151t, biztos\u00edtva, hogy l\u00e9tes\u00edtm\u00e9nye megfeleljen a k\u00f6rnyezetv\u00e9delmi porszab\u00e1lyoknak.<\/li>\n<li class=\"text-start\"><strong>Testreszab\u00e1s:<\/strong> Az akkumul\u00e1tor kapacit\u00e1sa (\u00f3lom-sav\/litium) \u00e9s a motor teljes\u00edtm\u00e9nye testre szabhat\u00f3, hogy megfeleljen az \u00d6n egyedi oszt\u00e1lyozhat\u00f3s\u00e1gi k\u00f6vetelm\u00e9nyeinek.<br \/>\n<strong>\u00dagy tervezt\u00fck, hogy a munkafolyamatokat megk\u00f6nny\u00edtse.<\/strong><\/li>\n<\/ul>","protected":false},"excerpt":{"rendered":"<p>Nagy teherb\u00edr\u00e1s\u00fa elektromos sepr\u0151g\u00e9p 2300 mm tiszt\u00edt\u00e1si sz\u00e9less\u00e9ggel \u00e9s nagynyom\u00e1s\u00fa k\u00f6d\u00e1gy\u00faval. Korr\u00f3zi\u00f3\u00e1ll\u00f3 alv\u00e1zzal \u00e9s 300 literes v\u00edztart\u00e1llyal rendelkezik. Ide\u00e1lis b\u00e1ny\u00e1szati \u00e9s ipari parkokba. <strong>\u00c9rdekl\u0151dj\u00f6n az FCL \u00e1rr\u00f3l.<\/strong><\/p>","protected":false},"featured_media":19065,"comment_status":"open","ping_status":"closed","template":"","meta":{"_eb_attr":""},"product_brand":[],"product_cat":[75,74],"product_tag":[116,114,115,94],"class_list":{"0":"post-19064","1":"product","2":"type-product","3":"status-publish","4":"has-post-thumbnail","6":"product_cat-electric-street-sweepers","7":"product_cat-specialized-service-vehicles","8":"product_tag-construction-site","9":"product_tag-industrial-park-cleaning","10":"product_tag-mining-site-dust-control","11":"product_tag-municipal-services","13":"first","14":"instock","15":"shipping-taxable","16":"product-type-simple"},"yoast_head":"<!-- This site is optimized with the Yoast SEO plugin v26.9 - https:\/\/yoast.com\/product\/yoast-seo-wordpress\/ -->\n<title>HM4 Electric Street Sweeper with Fog Cannon | Factory Direct Wholesale - ORVIK | ORVIK|Light Commercial Electric Vehicles<\/title>\n<meta name=\"robots\" content=\"index, follow, max-snippet:-1, max-image-preview:large, max-video-preview:-1\" \/>\n<link rel=\"canonical\" href=\"https:\/\/orvikpower.com\/hu\/term\u00e9k\/hm4-electric-street-sweeper-with-fog-cannon-factory-direct-wholesale-orvik\" \/>\n<meta property=\"og:locale\" content=\"hu_HU\" \/>\n<meta property=\"og:type\" content=\"article\" \/>\n<meta property=\"og:title\" content=\"HM4 Electric Street Sweeper with Fog Cannon | Factory Direct Wholesale - ORVIK | ORVIK|Light Commercial Electric Vehicles\" \/>\n<meta property=\"og:description\" content=\"Heavy-duty electric sweeper with 2300mm cleaning width and high-pressure fog cannon. Features anti-corrosion chassis and 300L water tank. Ideal for mining and industrial parks. Inquire for FCL Price.\" \/>\n<meta property=\"og:url\" content=\"https:\/\/orvikpower.com\/hu\/term\u00e9k\/hm4-electric-street-sweeper-with-fog-cannon-factory-direct-wholesale-orvik\" \/>\n<meta property=\"og:site_name\" content=\"ORVIK|Light Commercial Electric Vehicles\" \/>\n<meta property=\"article:modified_time\" content=\"2026-01-21T09:45:55+00:00\" \/>\n<meta property=\"og:image\" content=\"https:\/\/orvikpower.com\/wp-content\/uploads\/2026\/01\/Electric-Street-Sweeper-with-Fog-Cannon-Factory-Direct-Wholesale-ORVIK.jpeg\" \/>\n\t<meta property=\"og:image:width\" content=\"1869\" \/>\n\t<meta property=\"og:image:height\" content=\"1520\" \/>\n\t<meta property=\"og:image:type\" content=\"image\/jpeg\" \/>\n<meta name=\"twitter:card\" content=\"summary_large_image\" \/>\n<meta name=\"twitter:label1\" content=\"Becs\u00fclt olvas\u00e1si id\u0151\" \/>\n\t<meta name=\"twitter:data1\" content=\"1 perc\" \/>\n<script type=\"application\/ld+json\" class=\"yoast-schema-graph\">{\"@context\":\"https:\/\/schema.org\",\"@graph\":[{\"@type\":\"WebPage\",\"@id\":\"https:\/\/orvikpower.com\/product\/hm4-electric-street-sweeper-with-fog-cannon-factory-direct-wholesale-orvik\",\"url\":\"https:\/\/orvikpower.com\/product\/hm4-electric-street-sweeper-with-fog-cannon-factory-direct-wholesale-orvik\",\"name\":\"HM4 Electric Street Sweeper with Fog Cannon | Factory Direct Wholesale - ORVIK | ORVIK|Light Commercial Electric Vehicles\",\"isPartOf\":{\"@id\":\"https:\/\/orvikpower.com\/#website\"},\"primaryImageOfPage\":{\"@id\":\"https:\/\/orvikpower.com\/product\/hm4-electric-street-sweeper-with-fog-cannon-factory-direct-wholesale-orvik#primaryimage\"},\"image\":{\"@id\":\"https:\/\/orvikpower.com\/product\/hm4-electric-street-sweeper-with-fog-cannon-factory-direct-wholesale-orvik#primaryimage\"},\"thumbnailUrl\":\"https:\/\/orvikpower.com\/wp-content\/uploads\/2026\/01\/Electric-Street-Sweeper-with-Fog-Cannon-Factory-Direct-Wholesale-ORVIK.jpeg\",\"datePublished\":\"2026-01-21T09:45:02+00:00\",\"dateModified\":\"2026-01-21T09:45:55+00:00\",\"breadcrumb\":{\"@id\":\"https:\/\/orvikpower.com\/product\/hm4-electric-street-sweeper-with-fog-cannon-factory-direct-wholesale-orvik#breadcrumb\"},\"inLanguage\":\"hu\",\"potentialAction\":[{\"@type\":\"ReadAction\",\"target\":[\"https:\/\/orvikpower.com\/product\/hm4-electric-street-sweeper-with-fog-cannon-factory-direct-wholesale-orvik\"]}]},{\"@type\":\"ImageObject\",\"inLanguage\":\"hu\",\"@id\":\"https:\/\/orvikpower.com\/product\/hm4-electric-street-sweeper-with-fog-cannon-factory-direct-wholesale-orvik#primaryimage\",\"url\":\"https:\/\/orvikpower.com\/wp-content\/uploads\/2026\/01\/Electric-Street-Sweeper-with-Fog-Cannon-Factory-Direct-Wholesale-ORVIK.jpeg\",\"contentUrl\":\"https:\/\/orvikpower.com\/wp-content\/uploads\/2026\/01\/Electric-Street-Sweeper-with-Fog-Cannon-Factory-Direct-Wholesale-ORVIK.jpeg\",\"width\":1869,\"height\":1520},{\"@type\":\"BreadcrumbList\",\"@id\":\"https:\/\/orvikpower.com\/product\/hm4-electric-street-sweeper-with-fog-cannon-factory-direct-wholesale-orvik#breadcrumb\",\"itemListElement\":[{\"@type\":\"ListItem\",\"position\":1,\"name\":\"Home\",\"item\":\"https:\/\/orvikpower.com\/\"},{\"@type\":\"ListItem\",\"position\":2,\"name\":\"SHOP\",\"item\":\"https:\/\/orvikpower.com\/shop\"},{\"@type\":\"ListItem\",\"position\":3,\"name\":\"HM4 Electric Street Sweeper with Fog Cannon | Factory Direct Wholesale &#8211; ORVIK\"}]},{\"@type\":\"WebSite\",\"@id\":\"https:\/\/orvikpower.com\/#website\",\"url\":\"https:\/\/orvikpower.com\/\",\"name\":\"ORVIK | Light Commercial Electric Vehicles\",\"description\":\"Premier Manufacturer of Off-road Electric Utility Vehicles, Pickups &amp; Mini Trucks. High-Temp &amp; Arctic Ready designs for farms &amp; mines. Save costs with Factory-Direct FCL. Make work flow. Get a Quote.\",\"publisher\":{\"@id\":\"https:\/\/orvikpower.com\/#organization\"},\"potentialAction\":[{\"@type\":\"SearchAction\",\"target\":{\"@type\":\"EntryPoint\",\"urlTemplate\":\"https:\/\/orvikpower.com\/?s={search_term_string}\"},\"query-input\":{\"@type\":\"PropertyValueSpecification\",\"valueRequired\":true,\"valueName\":\"search_term_string\"}}],\"inLanguage\":\"hu\"},{\"@type\":\"Organization\",\"@id\":\"https:\/\/orvikpower.com\/#organization\",\"name\":\"ORVIK | Light Commercial Electric Vehicles\",\"url\":\"https:\/\/orvikpower.com\/\",\"logo\":{\"@type\":\"ImageObject\",\"inLanguage\":\"hu\",\"@id\":\"https:\/\/orvikpower.com\/#\/schema\/logo\/image\/\",\"url\":\"https:\/\/orvikpower.com\/wp-content\/uploads\/2026\/01\/cropped-logo-h-main-small.png\",\"contentUrl\":\"https:\/\/orvikpower.com\/wp-content\/uploads\/2026\/01\/cropped-logo-h-main-small.png\",\"width\":512,\"height\":512,\"caption\":\"ORVIK | Light Commercial Electric Vehicles\"},\"image\":{\"@id\":\"https:\/\/orvikpower.com\/#\/schema\/logo\/image\/\"},\"sameAs\":[\"https:\/\/www.youtube.com\/@ORVIKOrvikPower\",\"https:\/\/www.pinterest.com\/OrvikPower\/\"]}]}<\/script>\n<!-- \/ Yoast SEO plugin. -->","yoast_head_json":{"title":"HM4 elektromos utcasepr\u0151 k\u00f6d\u00e1gy\u00faval | Gy\u00e1ri k\u00f6zvetlen nagykereskedelem - ORVIK | ORVIK | ORVIK | K\u00f6nny\u0171 kereskedelmi elektromos j\u00e1rm\u0171vek","robots":{"index":"index","follow":"follow","max-snippet":"max-snippet:-1","max-image-preview":"max-image-preview:large","max-video-preview":"max-video-preview:-1"},"canonical":"https:\/\/orvikpower.com\/hu\/term\u00e9k\/hm4-electric-street-sweeper-with-fog-cannon-factory-direct-wholesale-orvik","og_locale":"hu_HU","og_type":"article","og_title":"HM4 Electric Street Sweeper with Fog Cannon | Factory Direct Wholesale - ORVIK | ORVIK|Light Commercial Electric Vehicles","og_description":"Heavy-duty electric sweeper with 2300mm cleaning width and high-pressure fog cannon. Features anti-corrosion chassis and 300L water tank. Ideal for mining and industrial parks. Inquire for FCL Price.","og_url":"https:\/\/orvikpower.com\/hu\/term\u00e9k\/hm4-electric-street-sweeper-with-fog-cannon-factory-direct-wholesale-orvik","og_site_name":"ORVIK|Light Commercial Electric Vehicles","article_modified_time":"2026-01-21T09:45:55+00:00","og_image":[{"width":1869,"height":1520,"url":"https:\/\/orvikpower.com\/wp-content\/uploads\/2026\/01\/Electric-Street-Sweeper-with-Fog-Cannon-Factory-Direct-Wholesale-ORVIK.jpeg","type":"image\/jpeg"}],"twitter_card":"summary_large_image","twitter_misc":{"Becs\u00fclt olvas\u00e1si id\u0151":"1 perc"},"schema":{"@context":"https:\/\/schema.org","@graph":[{"@type":"WebPage","@id":"https:\/\/orvikpower.com\/product\/hm4-electric-street-sweeper-with-fog-cannon-factory-direct-wholesale-orvik","url":"https:\/\/orvikpower.com\/product\/hm4-electric-street-sweeper-with-fog-cannon-factory-direct-wholesale-orvik","name":"HM4 elektromos utcasepr\u0151 k\u00f6d\u00e1gy\u00faval | Gy\u00e1ri k\u00f6zvetlen nagykereskedelem - ORVIK | ORVIK | ORVIK | K\u00f6nny\u0171 kereskedelmi elektromos j\u00e1rm\u0171vek","isPartOf":{"@id":"https:\/\/orvikpower.com\/#website"},"primaryImageOfPage":{"@id":"https:\/\/orvikpower.com\/product\/hm4-electric-street-sweeper-with-fog-cannon-factory-direct-wholesale-orvik#primaryimage"},"image":{"@id":"https:\/\/orvikpower.com\/product\/hm4-electric-street-sweeper-with-fog-cannon-factory-direct-wholesale-orvik#primaryimage"},"thumbnailUrl":"https:\/\/orvikpower.com\/wp-content\/uploads\/2026\/01\/Electric-Street-Sweeper-with-Fog-Cannon-Factory-Direct-Wholesale-ORVIK.jpeg","datePublished":"2026-01-21T09:45:02+00:00","dateModified":"2026-01-21T09:45:55+00:00","breadcrumb":{"@id":"https:\/\/orvikpower.com\/product\/hm4-electric-street-sweeper-with-fog-cannon-factory-direct-wholesale-orvik#breadcrumb"},"inLanguage":"hu","potentialAction":[{"@type":"ReadAction","target":["https:\/\/orvikpower.com\/product\/hm4-electric-street-sweeper-with-fog-cannon-factory-direct-wholesale-orvik"]}]},{"@type":"ImageObject","inLanguage":"hu","@id":"https:\/\/orvikpower.com\/product\/hm4-electric-street-sweeper-with-fog-cannon-factory-direct-wholesale-orvik#primaryimage","url":"https:\/\/orvikpower.com\/wp-content\/uploads\/2026\/01\/Electric-Street-Sweeper-with-Fog-Cannon-Factory-Direct-Wholesale-ORVIK.jpeg","contentUrl":"https:\/\/orvikpower.com\/wp-content\/uploads\/2026\/01\/Electric-Street-Sweeper-with-Fog-Cannon-Factory-Direct-Wholesale-ORVIK.jpeg","width":1869,"height":1520},{"@type":"BreadcrumbList","@id":"https:\/\/orvikpower.com\/product\/hm4-electric-street-sweeper-with-fog-cannon-factory-direct-wholesale-orvik#breadcrumb","itemListElement":[{"@type":"ListItem","position":1,"name":"Home","item":"https:\/\/orvikpower.com\/"},{"@type":"ListItem","position":2,"name":"SHOP","item":"https:\/\/orvikpower.com\/shop"},{"@type":"ListItem","position":3,"name":"HM4 Electric Street Sweeper with Fog Cannon | Factory Direct Wholesale &#8211; ORVIK"}]},{"@type":"WebSite","@id":"https:\/\/orvikpower.com\/#website","url":"https:\/\/orvikpower.com\/","name":"ORVIK | K\u00f6nny\u0171 haszong\u00e9pj\u00e1rm\u0171vek","description":"A terepj\u00e1r\u00f3 elektromos haszonj\u00e1rm\u0171vek, pickupok \u00e9s mini teheraut\u00f3k els\u0151sz\u00e1m\u00fa gy\u00e1rt\u00f3ja. High-Temp &amp; Arctic Ready kivitelek farmok \u00e9s b\u00e1ny\u00e1k sz\u00e1m\u00e1ra. K\u00f6lts\u00e9gmegtakar\u00edt\u00e1s a Factory-Direct FCL seg\u00edts\u00e9g\u00e9vel. Tegye a munkafolyamatot. K\u00e9rjen \u00e1raj\u00e1nlatot.","publisher":{"@id":"https:\/\/orvikpower.com\/#organization"},"potentialAction":[{"@type":"SearchAction","target":{"@type":"EntryPoint","urlTemplate":"https:\/\/orvikpower.com\/?s={search_term_string}"},"query-input":{"@type":"PropertyValueSpecification","valueRequired":true,"valueName":"search_term_string"}}],"inLanguage":"hu"},{"@type":"Organization","@id":"https:\/\/orvikpower.com\/#organization","name":"ORVIK | K\u00f6nny\u0171 haszong\u00e9pj\u00e1rm\u0171vek","url":"https:\/\/orvikpower.com\/","logo":{"@type":"ImageObject","inLanguage":"hu","@id":"https:\/\/orvikpower.com\/#\/schema\/logo\/image\/","url":"https:\/\/orvikpower.com\/wp-content\/uploads\/2026\/01\/cropped-logo-h-main-small.png","contentUrl":"https:\/\/orvikpower.com\/wp-content\/uploads\/2026\/01\/cropped-logo-h-main-small.png","width":512,"height":512,"caption":"ORVIK | Light Commercial Electric Vehicles"},"image":{"@id":"https:\/\/orvikpower.com\/#\/schema\/logo\/image\/"},"sameAs":["https:\/\/www.youtube.com\/@ORVIKOrvikPower","https:\/\/www.pinterest.com\/OrvikPower\/"]}]}},"_links":{"self":[{"href":"https:\/\/orvikpower.com\/hu\/wp-json\/wp\/v2\/product\/19064","targetHints":{"allow":["GET"]}}],"collection":[{"href":"https:\/\/orvikpower.com\/hu\/wp-json\/wp\/v2\/product"}],"about":[{"href":"https:\/\/orvikpower.com\/hu\/wp-json\/wp\/v2\/types\/product"}],"replies":[{"embeddable":true,"href":"https:\/\/orvikpower.com\/hu\/wp-json\/wp\/v2\/comments?post=19064"}],"wp:featuredmedia":[{"embeddable":true,"href":"https:\/\/orvikpower.com\/hu\/wp-json\/wp\/v2\/media\/19065"}],"wp:attachment":[{"href":"https:\/\/orvikpower.com\/hu\/wp-json\/wp\/v2\/media?parent=19064"}],"wp:term":[{"taxonomy":"product_brand","embeddable":true,"href":"https:\/\/orvikpower.com\/hu\/wp-json\/wp\/v2\/product_brand?post=19064"},{"taxonomy":"product_cat","embeddable":true,"href":"https:\/\/orvikpower.com\/hu\/wp-json\/wp\/v2\/product_cat?post=19064"},{"taxonomy":"product_tag","embeddable":true,"href":"https:\/\/orvikpower.com\/hu\/wp-json\/wp\/v2\/product_tag?post=19064"}],"curies":[{"name":"wp","href":"https:\/\/api.w.org\/{rel}","templated":true}]}}