{"id":19067,"date":"2026-01-21T10:58:49","date_gmt":"2026-01-21T10:58:49","guid":{"rendered":"https:\/\/orvikpower.com\/?post_type=product&#038;p=19067"},"modified":"2026-01-21T10:58:49","modified_gmt":"2026-01-21T10:58:49","slug":"as560-electric-walk-behind-floor-scrubber-industrial-cleaning-oem-orvik","status":"publish","type":"product","link":"https:\/\/orvikpower.com\/hu\/term%c3%a9k\/as560-electric-walk-behind-floor-scrubber-industrial-cleaning-oem-orvik","title":{"rendered":"AS560 Elektromos padl\u00f3s\u00farol\u00f3g\u00e9p | Ipari takar\u00edt\u00e1s OEM - ORVIK"},"content":{"rendered":"<p dir=\"auto\"><strong>Professzion\u00e1lis padl\u00f3\u00e1pol\u00e1s, leegyszer\u0171s\u00edtve.<\/strong><br \/>\nAz AS560 az ORVIK v\u00e1lasza a munkaig\u00e9nyes padl\u00f3karbantart\u00e1sra. Ez a k\u00f6vetkezetes higi\u00e9niai szabv\u00e1nyokat ig\u00e9nyl\u0151 l\u00e9tes\u00edtm\u00e9nyek sz\u00e1m\u00e1ra tervezett, j\u00e1rhat\u00f3 h\u00e1t\u00fa s\u00farol\u00f3g\u00e9p az ipari tart\u00f3ss\u00e1got k\u00f6nny\u0171 kezelhet\u0151s\u00e9ggel \u00f6tv\u00f6zi.<\/p>\n<div class=\"my-2\"><\/div>\n<ul dir=\"auto\">\n<li class=\"text-start\"><strong>Jellemz\u0151 (robusztus \u00e9p\u00edt\u00e9s):<\/strong> Az alv\u00e1z savas p\u00e1col\u00e1son, elektrofor\u00e9zisen \u00e9s magas h\u0151m\u00e9rs\u00e9klet\u0171 porsz\u00f3r\u00e1son megy kereszt\u00fcl, m\u00edg a karossz\u00e9ria rot\u00e1ci\u00f3s \u00f6nt\u00e9si technol\u00f3gi\u00e1t alkalmaz.<\/li>\n<li class=\"text-start\"><strong>El\u0151ny (tart\u00f3ss\u00e1g):<\/strong> Ez biztos\u00edtja, hogy a g\u00e9p teljesen ellen\u00e1ll az \u00fct\u00e9seknek, a korr\u00f3zi\u00f3nak \u00e9s a rozsd\u00e1nak, m\u00e9g nedves k\u00f6rnyezetben vagy durva vegyszereknek val\u00f3 kitetts\u00e9g eset\u00e9n is.<\/li>\n<li class=\"text-start\"><strong>Haszon (ROI):<\/strong> A l\u00e9tes\u00edtm\u00e9nygazd\u00e1k sz\u00e1m\u00e1ra ez l\u00e9nyegesen hosszabb \u00e9lettartamot \u00e9s kevesebb cser\u00e9t jelent az olcs\u00f3bb m\u0171anyag fr\u00f6ccs\u00f6nt\u00f6tt modellekhez k\u00e9pest.<\/li>\n<\/ul>\n<div class=\"my-2\"><\/div>\n<p dir=\"auto\">A j\u00e1rm\u0171 elektromos rendszere teljesen v\u00edz\u00e1ll\u00f3 kialak\u00edt\u00e1s\u00fa, \u00edgy a kritikus \u00e1ramk\u00f6r\u00f6ket megv\u00e9di a v\u00edz behatol\u00e1s\u00e1t\u00f3l m\u0171k\u00f6d\u00e9s k\u00f6zben.<\/p>\n<ul dir=\"auto\">\n<li class=\"text-start\"><strong>Akkumul\u00e1tor opci\u00f3k:<\/strong> Standard 24V 100Ah \u00f3lom-sav akkumul\u00e1tor (alacsony k\u00f6lts\u00e9g) vagy testreszabhat\u00f3 LiFePO4 (gyors t\u00f6lt\u00e9s).<\/li>\n<li class=\"text-start\"><strong>Teljes\u00edtm\u00e9ny testreszab\u00e1sa:<\/strong> A kefemotor teljes\u00edtm\u00e9nye az adott OEM-k\u00f6vetelm\u00e9nyek alapj\u00e1n hangolhat\u00f3.<\/li>\n<\/ul>\n<div class=\"my-2\"><\/div>\n<p dir=\"auto\"><strong>\u00dagy tervezt\u00fck, hogy a munkafolyamatokat megk\u00f6nny\u00edtse.<\/strong><\/p>\n<p dir=\"auto\">\n<table class=\"table table-striped-white table-bordered\" data-anchor-id=\"zgd0\">\n<thead>\n<tr>\n<th>Param\u00e9ter<\/th>\n<th>Specifik\u00e1ci\u00f3<\/th>\n<\/tr>\n<\/thead>\n<tbody>\n<tr>\n<td><strong>Modell<\/strong><\/td>\n<td>AS560 s\u00e9tah\u00e1t\u00fa s\u00farol\u00f3g\u00e9p<\/td>\n<\/tr>\n<tr>\n<td><strong>M\u00e9retek (L*S*H)<\/strong><\/td>\n<td>1400 \u00d7 830 \u00d7 1020 mm<\/td>\n<\/tr>\n<tr>\n<td><strong>Tiszt\u00edt\u00e1si hat\u00e9konys\u00e1g<\/strong><\/td>\n<td>2,600 m\u00b2\/h<\/td>\n<\/tr>\n<tr>\n<td><strong>Tiszt\u00edt\u00e1si sz\u00e9less\u00e9g<\/strong><\/td>\n<td>520 mm (kefe) \/ 830 mm (facsar\u00f3)<\/td>\n<\/tr>\n<tr>\n<td><strong>Kef\u00e9s t\u00e1rcs\u00e1s motor<\/strong><\/td>\n<td>550W (Standard) -\u00a0<em>Testreszabhat\u00f3<\/em><\/td>\n<\/tr>\n<tr>\n<td><strong>Sz\u00edv\u00f3 motor<\/strong><\/td>\n<td>500W<\/td>\n<\/tr>\n<tr>\n<td><strong>Akkumul\u00e1tor rendszer<\/strong><\/td>\n<td>24V 100Ah (\u00f3lom-sav szabv\u00e1ny \/ Li-ion opcion\u00e1lis)<\/td>\n<\/tr>\n<tr>\n<td><strong>Fut\u00e1si id\u0151<\/strong><\/td>\n<td>2 - 3 \u00f3ra<\/td>\n<\/tr>\n<tr>\n<td><strong>Tart\u00e1ly kapacit\u00e1sa<\/strong><\/td>\n<td>55L (tiszta v\u00edz) \/ 60L (piszkos v\u00edz)<\/td>\n<\/tr>\n<tr>\n<td><strong>G\u00e9p s\u00falya<\/strong><\/td>\n<td>150 KG<\/td>\n<\/tr>\n<tr>\n<td><strong>Alv\u00e1ztechnol\u00f3gia<\/strong><\/td>\n<td>Savas p\u00e1col\u00e1s + elektrofor\u00e9zis + porbevonat<\/td>\n<\/tr>\n<tr>\n<td><strong>Test anyaga<\/strong><\/td>\n<td>Rot\u00e1ci\u00f3san \u00f6nt\u00f6tt polietil\u00e9n (\u00fct\u00e9s\u00e1ll\u00f3)<\/td>\n<\/tr>\n<tr>\n<td><strong>Gumiabroncsok<\/strong><\/td>\n<td>Gumi + PU (nem jel\u00f6l\u0151)<\/td>\n<\/tr>\n<tr>\n<td><strong>Rakod\u00e1si mennyis\u00e9g (40HQ)<\/strong><\/td>\n<td><em>Kapcsolat az optimaliz\u00e1lt cs\u00fasz\u00f3p\u00e1lya csomagol\u00e1si tervhez<\/em><\/td>\n<\/tr>\n<\/tbody>\n<\/table>","protected":false},"excerpt":{"rendered":"<p dir=\"auto\">Maximaliz\u00e1lja a takar\u00edt\u00e1s hat\u00e9konys\u00e1g\u00e1t az AS560 Walk-Behind s\u00farol\u00f3g\u00e9p (2600m\u00b2\/h) seg\u00edts\u00e9g\u00e9vel. Tart\u00f3s, rot\u00e1ci\u00f3san \u00f6nt\u00f6tt testtel, 55L\/60L-es tart\u00e1lyokkal \u00e9s v\u00edz\u00e1ll\u00f3 elektronik\u00e1val rendelkezik. Ide\u00e1lis rakt\u00e1rakba \u00e9s k\u00f3rh\u00e1zakba. K\u00e9rje FCL gy\u00e1ri \u00e1r\u00e1t.<\/p>\n<div class=\"my-2\"><\/div>\n<p dir=\"auto\">","protected":false},"featured_media":19074,"comment_status":"open","ping_status":"closed","template":"","meta":{"_eb_attr":""},"product_brand":[],"product_cat":[75,74],"product_tag":[92,118,121,117,119,120],"class_list":{"0":"post-19067","1":"product","2":"type-product","3":"status-publish","4":"has-post-thumbnail","6":"product_cat-electric-street-sweepers","7":"product_cat-specialized-service-vehicles","8":"product_tag-factory-floor","9":"product_tag-hospital","10":"product_tag-hotel-lobby","11":"product_tag-industrial-warehouse","12":"product_tag-school-campus","13":"product_tag-shopping-mall","15":"first","16":"instock","17":"shipping-taxable","18":"product-type-simple"},"yoast_head":"<!-- This site is optimized with the Yoast SEO plugin v26.9 - https:\/\/yoast.com\/product\/yoast-seo-wordpress\/ -->\n<title>AS560 Electric Walk-Behind Floor Scrubber | Industrial Cleaning OEM - ORVIK | ORVIK|Light Commercial Electric Vehicles<\/title>\n<meta name=\"robots\" content=\"index, follow, max-snippet:-1, max-image-preview:large, max-video-preview:-1\" \/>\n<link rel=\"canonical\" href=\"https:\/\/orvikpower.com\/hu\/term\u00e9k\/as560-electric-walk-behind-floor-scrubber-industrial-cleaning-oem-orvik\" \/>\n<meta property=\"og:locale\" content=\"hu_HU\" \/>\n<meta property=\"og:type\" content=\"article\" \/>\n<meta property=\"og:title\" content=\"AS560 Electric Walk-Behind Floor Scrubber | Industrial Cleaning OEM - ORVIK | ORVIK|Light Commercial Electric Vehicles\" \/>\n<meta property=\"og:description\" content=\"Maximize cleaning efficiency with the AS560 Walk-Behind Scrubber (2600m\u00b2\/h). Features a durable rotomolded body, 55L\/60L tanks, and waterproof electronics. Ideal for warehouses and hospitals. Inquire for FCL factory price.\" \/>\n<meta property=\"og:url\" content=\"https:\/\/orvikpower.com\/hu\/term\u00e9k\/as560-electric-walk-behind-floor-scrubber-industrial-cleaning-oem-orvik\" \/>\n<meta property=\"og:site_name\" content=\"ORVIK|Light Commercial Electric Vehicles\" \/>\n<meta property=\"og:image\" content=\"https:\/\/orvikpower.com\/wp-content\/uploads\/2026\/01\/AS560-Electric-Walk-Behind-Floor-Scrubber-Industrial-Cleaning-OEM-ORVIK.jpeg\" \/>\n\t<meta property=\"og:image:width\" content=\"2340\" \/>\n\t<meta property=\"og:image:height\" content=\"2197\" \/>\n\t<meta property=\"og:image:type\" content=\"image\/jpeg\" \/>\n<meta name=\"twitter:card\" content=\"summary_large_image\" \/>\n<meta name=\"twitter:label1\" content=\"Becs\u00fclt olvas\u00e1si id\u0151\" \/>\n\t<meta name=\"twitter:data1\" content=\"1 perc\" \/>\n<script type=\"application\/ld+json\" class=\"yoast-schema-graph\">{\"@context\":\"https:\/\/schema.org\",\"@graph\":[{\"@type\":\"WebPage\",\"@id\":\"https:\/\/orvikpower.com\/product\/as560-electric-walk-behind-floor-scrubber-industrial-cleaning-oem-orvik\",\"url\":\"https:\/\/orvikpower.com\/product\/as560-electric-walk-behind-floor-scrubber-industrial-cleaning-oem-orvik\",\"name\":\"AS560 Electric Walk-Behind Floor Scrubber | Industrial Cleaning OEM - ORVIK | ORVIK|Light Commercial Electric Vehicles\",\"isPartOf\":{\"@id\":\"https:\/\/orvikpower.com\/#website\"},\"primaryImageOfPage\":{\"@id\":\"https:\/\/orvikpower.com\/product\/as560-electric-walk-behind-floor-scrubber-industrial-cleaning-oem-orvik#primaryimage\"},\"image\":{\"@id\":\"https:\/\/orvikpower.com\/product\/as560-electric-walk-behind-floor-scrubber-industrial-cleaning-oem-orvik#primaryimage\"},\"thumbnailUrl\":\"https:\/\/orvikpower.com\/wp-content\/uploads\/2026\/01\/AS560-Electric-Walk-Behind-Floor-Scrubber-Industrial-Cleaning-OEM-ORVIK.jpeg\",\"datePublished\":\"2026-01-21T10:58:49+00:00\",\"breadcrumb\":{\"@id\":\"https:\/\/orvikpower.com\/product\/as560-electric-walk-behind-floor-scrubber-industrial-cleaning-oem-orvik#breadcrumb\"},\"inLanguage\":\"hu\",\"potentialAction\":[{\"@type\":\"ReadAction\",\"target\":[\"https:\/\/orvikpower.com\/product\/as560-electric-walk-behind-floor-scrubber-industrial-cleaning-oem-orvik\"]}]},{\"@type\":\"ImageObject\",\"inLanguage\":\"hu\",\"@id\":\"https:\/\/orvikpower.com\/product\/as560-electric-walk-behind-floor-scrubber-industrial-cleaning-oem-orvik#primaryimage\",\"url\":\"https:\/\/orvikpower.com\/wp-content\/uploads\/2026\/01\/AS560-Electric-Walk-Behind-Floor-Scrubber-Industrial-Cleaning-OEM-ORVIK.jpeg\",\"contentUrl\":\"https:\/\/orvikpower.com\/wp-content\/uploads\/2026\/01\/AS560-Electric-Walk-Behind-Floor-Scrubber-Industrial-Cleaning-OEM-ORVIK.jpeg\",\"width\":2340,\"height\":2197},{\"@type\":\"BreadcrumbList\",\"@id\":\"https:\/\/orvikpower.com\/product\/as560-electric-walk-behind-floor-scrubber-industrial-cleaning-oem-orvik#breadcrumb\",\"itemListElement\":[{\"@type\":\"ListItem\",\"position\":1,\"name\":\"Home\",\"item\":\"https:\/\/orvikpower.com\/\"},{\"@type\":\"ListItem\",\"position\":2,\"name\":\"SHOP\",\"item\":\"https:\/\/orvikpower.com\/shop\"},{\"@type\":\"ListItem\",\"position\":3,\"name\":\"AS560 Electric Walk-Behind Floor Scrubber | Industrial Cleaning OEM &#8211; ORVIK\"}]},{\"@type\":\"WebSite\",\"@id\":\"https:\/\/orvikpower.com\/#website\",\"url\":\"https:\/\/orvikpower.com\/\",\"name\":\"ORVIK | Light Commercial Electric Vehicles\",\"description\":\"Premier Manufacturer of Off-road Electric Utility Vehicles, Pickups &amp; Mini Trucks. High-Temp &amp; Arctic Ready designs for farms &amp; mines. Save costs with Factory-Direct FCL. Make work flow. Get a Quote.\",\"publisher\":{\"@id\":\"https:\/\/orvikpower.com\/#organization\"},\"potentialAction\":[{\"@type\":\"SearchAction\",\"target\":{\"@type\":\"EntryPoint\",\"urlTemplate\":\"https:\/\/orvikpower.com\/?s={search_term_string}\"},\"query-input\":{\"@type\":\"PropertyValueSpecification\",\"valueRequired\":true,\"valueName\":\"search_term_string\"}}],\"inLanguage\":\"hu\"},{\"@type\":\"Organization\",\"@id\":\"https:\/\/orvikpower.com\/#organization\",\"name\":\"ORVIK | Light Commercial Electric Vehicles\",\"url\":\"https:\/\/orvikpower.com\/\",\"logo\":{\"@type\":\"ImageObject\",\"inLanguage\":\"hu\",\"@id\":\"https:\/\/orvikpower.com\/#\/schema\/logo\/image\/\",\"url\":\"https:\/\/orvikpower.com\/wp-content\/uploads\/2026\/01\/cropped-logo-h-main-small.png\",\"contentUrl\":\"https:\/\/orvikpower.com\/wp-content\/uploads\/2026\/01\/cropped-logo-h-main-small.png\",\"width\":512,\"height\":512,\"caption\":\"ORVIK | Light Commercial Electric Vehicles\"},\"image\":{\"@id\":\"https:\/\/orvikpower.com\/#\/schema\/logo\/image\/\"},\"sameAs\":[\"https:\/\/www.youtube.com\/@ORVIKOrvikPower\",\"https:\/\/www.pinterest.com\/OrvikPower\/\"]}]}<\/script>\n<!-- \/ Yoast SEO plugin. -->","yoast_head_json":{"title":"AS560 elektromos padl\u00f3s\u00farol\u00f3g\u00e9p | Ipari takar\u00edt\u00e1s OEM - ORVIK | ORVIK | ORVIK|K\u00f6nny\u0171 haszonj\u00e1rm\u0171vek elektromos j\u00e1rm\u0171vek","robots":{"index":"index","follow":"follow","max-snippet":"max-snippet:-1","max-image-preview":"max-image-preview:large","max-video-preview":"max-video-preview:-1"},"canonical":"https:\/\/orvikpower.com\/hu\/term\u00e9k\/as560-electric-walk-behind-floor-scrubber-industrial-cleaning-oem-orvik","og_locale":"hu_HU","og_type":"article","og_title":"AS560 Electric Walk-Behind Floor Scrubber | Industrial Cleaning OEM - ORVIK | ORVIK|Light Commercial Electric Vehicles","og_description":"Maximize cleaning efficiency with the AS560 Walk-Behind Scrubber (2600m\u00b2\/h). Features a durable rotomolded body, 55L\/60L tanks, and waterproof electronics. Ideal for warehouses and hospitals. Inquire for FCL factory price.","og_url":"https:\/\/orvikpower.com\/hu\/term\u00e9k\/as560-electric-walk-behind-floor-scrubber-industrial-cleaning-oem-orvik","og_site_name":"ORVIK|Light Commercial Electric Vehicles","og_image":[{"width":2340,"height":2197,"url":"https:\/\/orvikpower.com\/wp-content\/uploads\/2026\/01\/AS560-Electric-Walk-Behind-Floor-Scrubber-Industrial-Cleaning-OEM-ORVIK.jpeg","type":"image\/jpeg"}],"twitter_card":"summary_large_image","twitter_misc":{"Becs\u00fclt olvas\u00e1si id\u0151":"1 perc"},"schema":{"@context":"https:\/\/schema.org","@graph":[{"@type":"WebPage","@id":"https:\/\/orvikpower.com\/product\/as560-electric-walk-behind-floor-scrubber-industrial-cleaning-oem-orvik","url":"https:\/\/orvikpower.com\/product\/as560-electric-walk-behind-floor-scrubber-industrial-cleaning-oem-orvik","name":"AS560 elektromos padl\u00f3s\u00farol\u00f3g\u00e9p | Ipari takar\u00edt\u00e1s OEM - ORVIK | ORVIK | ORVIK|K\u00f6nny\u0171 haszonj\u00e1rm\u0171vek elektromos j\u00e1rm\u0171vek","isPartOf":{"@id":"https:\/\/orvikpower.com\/#website"},"primaryImageOfPage":{"@id":"https:\/\/orvikpower.com\/product\/as560-electric-walk-behind-floor-scrubber-industrial-cleaning-oem-orvik#primaryimage"},"image":{"@id":"https:\/\/orvikpower.com\/product\/as560-electric-walk-behind-floor-scrubber-industrial-cleaning-oem-orvik#primaryimage"},"thumbnailUrl":"https:\/\/orvikpower.com\/wp-content\/uploads\/2026\/01\/AS560-Electric-Walk-Behind-Floor-Scrubber-Industrial-Cleaning-OEM-ORVIK.jpeg","datePublished":"2026-01-21T10:58:49+00:00","breadcrumb":{"@id":"https:\/\/orvikpower.com\/product\/as560-electric-walk-behind-floor-scrubber-industrial-cleaning-oem-orvik#breadcrumb"},"inLanguage":"hu","potentialAction":[{"@type":"ReadAction","target":["https:\/\/orvikpower.com\/product\/as560-electric-walk-behind-floor-scrubber-industrial-cleaning-oem-orvik"]}]},{"@type":"ImageObject","inLanguage":"hu","@id":"https:\/\/orvikpower.com\/product\/as560-electric-walk-behind-floor-scrubber-industrial-cleaning-oem-orvik#primaryimage","url":"https:\/\/orvikpower.com\/wp-content\/uploads\/2026\/01\/AS560-Electric-Walk-Behind-Floor-Scrubber-Industrial-Cleaning-OEM-ORVIK.jpeg","contentUrl":"https:\/\/orvikpower.com\/wp-content\/uploads\/2026\/01\/AS560-Electric-Walk-Behind-Floor-Scrubber-Industrial-Cleaning-OEM-ORVIK.jpeg","width":2340,"height":2197},{"@type":"BreadcrumbList","@id":"https:\/\/orvikpower.com\/product\/as560-electric-walk-behind-floor-scrubber-industrial-cleaning-oem-orvik#breadcrumb","itemListElement":[{"@type":"ListItem","position":1,"name":"Home","item":"https:\/\/orvikpower.com\/"},{"@type":"ListItem","position":2,"name":"SHOP","item":"https:\/\/orvikpower.com\/shop"},{"@type":"ListItem","position":3,"name":"AS560 Electric Walk-Behind Floor Scrubber | Industrial Cleaning OEM &#8211; ORVIK"}]},{"@type":"WebSite","@id":"https:\/\/orvikpower.com\/#website","url":"https:\/\/orvikpower.com\/","name":"ORVIK | K\u00f6nny\u0171 haszong\u00e9pj\u00e1rm\u0171vek","description":"A terepj\u00e1r\u00f3 elektromos haszonj\u00e1rm\u0171vek, pickupok \u00e9s mini teheraut\u00f3k els\u0151sz\u00e1m\u00fa gy\u00e1rt\u00f3ja. High-Temp &amp; Arctic Ready kivitelek farmok \u00e9s b\u00e1ny\u00e1k sz\u00e1m\u00e1ra. K\u00f6lts\u00e9gmegtakar\u00edt\u00e1s a Factory-Direct FCL seg\u00edts\u00e9g\u00e9vel. Tegye a munkafolyamatot. K\u00e9rjen \u00e1raj\u00e1nlatot.","publisher":{"@id":"https:\/\/orvikpower.com\/#organization"},"potentialAction":[{"@type":"SearchAction","target":{"@type":"EntryPoint","urlTemplate":"https:\/\/orvikpower.com\/?s={search_term_string}"},"query-input":{"@type":"PropertyValueSpecification","valueRequired":true,"valueName":"search_term_string"}}],"inLanguage":"hu"},{"@type":"Organization","@id":"https:\/\/orvikpower.com\/#organization","name":"ORVIK | K\u00f6nny\u0171 haszong\u00e9pj\u00e1rm\u0171vek","url":"https:\/\/orvikpower.com\/","logo":{"@type":"ImageObject","inLanguage":"hu","@id":"https:\/\/orvikpower.com\/#\/schema\/logo\/image\/","url":"https:\/\/orvikpower.com\/wp-content\/uploads\/2026\/01\/cropped-logo-h-main-small.png","contentUrl":"https:\/\/orvikpower.com\/wp-content\/uploads\/2026\/01\/cropped-logo-h-main-small.png","width":512,"height":512,"caption":"ORVIK | Light Commercial Electric Vehicles"},"image":{"@id":"https:\/\/orvikpower.com\/#\/schema\/logo\/image\/"},"sameAs":["https:\/\/www.youtube.com\/@ORVIKOrvikPower","https:\/\/www.pinterest.com\/OrvikPower\/"]}]}},"_links":{"self":[{"href":"https:\/\/orvikpower.com\/hu\/wp-json\/wp\/v2\/product\/19067","targetHints":{"allow":["GET"]}}],"collection":[{"href":"https:\/\/orvikpower.com\/hu\/wp-json\/wp\/v2\/product"}],"about":[{"href":"https:\/\/orvikpower.com\/hu\/wp-json\/wp\/v2\/types\/product"}],"replies":[{"embeddable":true,"href":"https:\/\/orvikpower.com\/hu\/wp-json\/wp\/v2\/comments?post=19067"}],"wp:featuredmedia":[{"embeddable":true,"href":"https:\/\/orvikpower.com\/hu\/wp-json\/wp\/v2\/media\/19074"}],"wp:attachment":[{"href":"https:\/\/orvikpower.com\/hu\/wp-json\/wp\/v2\/media?parent=19067"}],"wp:term":[{"taxonomy":"product_brand","embeddable":true,"href":"https:\/\/orvikpower.com\/hu\/wp-json\/wp\/v2\/product_brand?post=19067"},{"taxonomy":"product_cat","embeddable":true,"href":"https:\/\/orvikpower.com\/hu\/wp-json\/wp\/v2\/product_cat?post=19067"},{"taxonomy":"product_tag","embeddable":true,"href":"https:\/\/orvikpower.com\/hu\/wp-json\/wp\/v2\/product_tag?post=19067"}],"curies":[{"name":"wp","href":"https:\/\/api.w.org\/{rel}","templated":true}]}}