{"id":19075,"date":"2026-01-21T11:06:00","date_gmt":"2026-01-21T11:06:00","guid":{"rendered":"https:\/\/orvikpower.com\/?post_type=product&#038;p=19075"},"modified":"2026-01-21T11:06:00","modified_gmt":"2026-01-21T11:06:00","slug":"as700-ride-on-electric-floor-scrubber-industrial-warehouse-cleaning-factory-direct-orvik","status":"publish","type":"product","link":"https:\/\/orvikpower.com\/hu\/term%c3%a9k\/as700-ride-on-electric-floor-scrubber-industrial-warehouse-cleaning-factory-direct-orvik","title":{"rendered":"AS700 Ride-On elektromos padl\u00f3s\u00farol\u00f3 | Ipari rakt\u00e1rtiszt\u00edt\u00e1s | Factory Direct - ORVIK"},"content":{"rendered":"<p dir=\"auto\">\u0151 <strong>AS700 Ride-On elektromos padl\u00f3s\u00farol\u00f3g\u00e9p<\/strong> a robusztus megold\u00e1s a nagym\u00e9ret\u0171 belt\u00e9ri takar\u00edt\u00e1shoz.<\/p>\n<ul dir=\"auto\">\n<li class=\"text-start\"><strong>Jellemz\u0151<\/strong>: Tart\u00f3s rot\u00e1ci\u00f3s \u00f6nt\u00f6tt testtel \u00e9s savval p\u00e1colt, elektroforetikusan kezelt ac\u00e9lv\u00e1zzal k\u00e9sz\u00fclt.<\/li>\n<li class=\"text-start\"><strong>El\u0151ny<\/strong>: Ez a \u201ctart\u00e1lyszer\u0171\u201d konstrukci\u00f3 kiv\u00e1l\u00f3 \u00fct\u00e9s\u00e1ll\u00f3s\u00e1got \u00e9s v\u00e9delmet ny\u00fajt a vegyi korr\u00f3zi\u00f3 ellen, m\u00edg a 90 literes tiszta v\u00edztart\u00e1ly cs\u00f6kkenti az \u00fajrat\u00f6lt\u00e9s gyakoris\u00e1g\u00e1t.<\/li>\n<li class=\"text-start\"><strong>El\u0151ny<\/strong>: Csapata ak\u00e1r <strong>3,000 m\u00b2\/h<\/strong>, drasztikusan cs\u00f6kkentve a munka\u00f3r\u00e1kat \u00e9s az \u00fczemsz\u00fcneteket a k\u00e9zi felmos\u00e1shoz k\u00e9pest.<\/li>\n<li class=\"text-start\"><strong>Testreszab\u00e1s<\/strong>: Standard \u00f3lom-savval vagy tov\u00e1bbfejlesztett \u00f3lom-savval kaphat\u00f3. <strong>LiFePO4 akkumul\u00e1torok<\/strong> 24\/7 m\u0171k\u00f6d\u00e9shez; a motor teljes\u00edtm\u00e9nye be\u00e1ll\u00edthat\u00f3 az adott lejt\u00e9si k\u00f6vetelm\u00e9nyekhez.<\/li>\n<li>\u00a0<strong>\u00dagy tervezt\u00fck, hogy a munkafolyamatokat megk\u00f6nny\u00edtse.<\/strong><\/li>\n<\/ul>\n<p>&nbsp;<\/p>\n<table class=\"table table-striped-white table-bordered\" data-anchor-id=\"zgd0\">\n<thead>\n<tr>\n<th>Specifik\u00e1ci\u00f3<\/th>\n<th>Param\u00e9terek<\/th>\n<\/tr>\n<\/thead>\n<tbody>\n<tr>\n<td><strong>Modell<\/strong><\/td>\n<td>AS700 Egyetlen kefe<\/td>\n<\/tr>\n<tr>\n<td><strong>M\u00e9retek<\/strong><\/td>\n<td>1500 x 950 x 1150 mm<\/td>\n<\/tr>\n<tr>\n<td><strong>Tiszt\u00edt\u00e1si hat\u00e9konys\u00e1g<\/strong><\/td>\n<td>3000 m\u00b2\/h<\/td>\n<\/tr>\n<tr>\n<td><strong>Tiszt\u00edt\u00e1si sz\u00e9less\u00e9g<\/strong><\/td>\n<td>S\u00farol\u00e1s: (22\u2033) \/ S\u00farol\u00f3: 920mm<\/td>\n<\/tr>\n<tr>\n<td><strong>Tart\u00e1ly kapacit\u00e1sa<\/strong><\/td>\n<td>Tiszta: 90L \/ Koszos: 80L<\/td>\n<\/tr>\n<tr>\n<td><strong>Teljes motorteljes\u00edtm\u00e9ny<\/strong><\/td>\n<td>Hajt\u00e1s: 500W<\/td>\n<\/tr>\n<tr>\n<td><strong>Rendszerfesz\u00fclts\u00e9g<\/strong><\/td>\n<td>24V<\/td>\n<\/tr>\n<tr>\n<td><strong>Akkumul\u00e1tor specifik\u00e1ci\u00f3<\/strong><\/td>\n<td>100Ah \u00f3lom-sav akkumul\u00e1tor (Standard) \/\u00a0<strong>LiFePO4 V\u00e1laszthat\u00f3<\/strong><\/td>\n<\/tr>\n<tr>\n<td><strong>Maxim\u00e1lis fut\u00e1si id\u0151<\/strong><\/td>\n<td>2-3 \u00f3ra (a padl\u00f3 t\u00edpus\u00e1t\u00f3l \u00e9s az akkumul\u00e1tor kiv\u00e1laszt\u00e1s\u00e1t\u00f3l f\u00fcgg\u0151en)<\/td>\n<\/tr>\n<tr>\n<td>**Az alv\u00e1z anyaga **<\/td>\n<td>Elektrofor\u00e9zissel kezelt ac\u00e9l<\/td>\n<\/tr>\n<tr>\n<td><strong>Test anyaga<\/strong><\/td>\n<td>Rot\u00e1ci\u00f3s fr\u00f6ccs\u00f6nt\u00e9s (\u00fct\u00e9s\u00e1ll\u00f3)<\/td>\n<\/tr>\n<tr>\n<td>**Felt\u00f6lt\u00e9si mennyis\u00e9g 40HQ **<\/td>\n<td>Kb. 32 darab (a csomagol\u00e1st\u00f3l\/csomagol\u00e1st\u00f3l f\u00fcgg\u0151en)<\/td>\n<\/tr>\n<\/tbody>\n<\/table>","protected":false},"excerpt":{"rendered":"<p dir=\"auto\">Maximaliz\u00e1lja a l\u00e9tes\u00edtm\u00e9ny higi\u00e9ni\u00e1j\u00e1t az AS700 Ride-On s\u00farol\u00f3g\u00e9p seg\u00edts\u00e9g\u00e9vel. Jellemz\u0151i: 3000m\u00b2\/h hat\u00e9konys\u00e1g, 90 literes tart\u00e1ly \u00e9s rot\u00e1ci\u00f3san \u00f6nt\u00f6tt korr\u00f3zi\u00f3g\u00e1tl\u00f3 test. Alacsony karbantart\u00e1si ig\u00e9ny, magas megt\u00e9r\u00fcl\u00e9s. <strong>\u00c9rdekl\u0151dj\u00f6n az FCL nagykereskedelmi \u00e1rr\u00f3l.<\/strong><\/p>\n<div class=\"my-2\"><\/div>\n<p dir=\"auto\">","protected":false},"featured_media":19076,"comment_status":"open","ping_status":"closed","template":"","meta":{"_eb_attr":""},"product_brand":[],"product_cat":[75,74],"product_tag":[92,118,117,120,122],"class_list":{"0":"post-19075","1":"product","2":"type-product","3":"status-publish","4":"has-post-thumbnail","6":"product_cat-electric-street-sweepers","7":"product_cat-specialized-service-vehicles","8":"product_tag-factory-floor","9":"product_tag-hospital","10":"product_tag-industrial-warehouse","11":"product_tag-shopping-mall","12":"product_tag-underground-parking","14":"first","15":"instock","16":"shipping-taxable","17":"product-type-simple"},"yoast_head":"<!-- This site is optimized with the Yoast SEO plugin v26.9 - https:\/\/yoast.com\/product\/yoast-seo-wordpress\/ -->\n<title>AS700 Ride-On Electric Floor Scrubber | Industrial Warehouse Cleaning | Factory Direct - ORVIK | ORVIK|Light Commercial Electric Vehicles<\/title>\n<meta name=\"robots\" content=\"index, follow, max-snippet:-1, max-image-preview:large, max-video-preview:-1\" \/>\n<link rel=\"canonical\" href=\"https:\/\/orvikpower.com\/hu\/term\u00e9k\/as700-ride-on-electric-floor-scrubber-industrial-warehouse-cleaning-factory-direct-orvik\" \/>\n<meta property=\"og:locale\" content=\"hu_HU\" \/>\n<meta property=\"og:type\" content=\"article\" \/>\n<meta property=\"og:title\" content=\"AS700 Ride-On Electric Floor Scrubber | Industrial Warehouse Cleaning | Factory Direct - ORVIK | ORVIK|Light Commercial Electric Vehicles\" \/>\n<meta property=\"og:description\" content=\"Maximize facility hygiene with the AS700 Ride-On Scrubber. Features 3000m\u00b2\/h efficiency, 90L tank, and rotomolded anti-corrosion body. Low maintenance, high ROI. Inquire for FCL Wholesale Price.\" \/>\n<meta property=\"og:url\" content=\"https:\/\/orvikpower.com\/hu\/term\u00e9k\/as700-ride-on-electric-floor-scrubber-industrial-warehouse-cleaning-factory-direct-orvik\" \/>\n<meta property=\"og:site_name\" content=\"ORVIK|Light Commercial Electric Vehicles\" \/>\n<meta property=\"og:image\" content=\"https:\/\/orvikpower.com\/wp-content\/uploads\/2026\/01\/AS700-Ride-On-Electric-Floor-Scrubber-Industrial-Warehouse-Cleaning-Factory-Direct-ORVIK.jpeg\" \/>\n\t<meta property=\"og:image:width\" content=\"1338\" \/>\n\t<meta property=\"og:image:height\" content=\"1279\" \/>\n\t<meta property=\"og:image:type\" content=\"image\/jpeg\" \/>\n<meta name=\"twitter:card\" content=\"summary_large_image\" \/>\n<meta name=\"twitter:label1\" content=\"Becs\u00fclt olvas\u00e1si id\u0151\" \/>\n\t<meta name=\"twitter:data1\" content=\"1 perc\" \/>\n<script type=\"application\/ld+json\" class=\"yoast-schema-graph\">{\"@context\":\"https:\/\/schema.org\",\"@graph\":[{\"@type\":\"WebPage\",\"@id\":\"https:\/\/orvikpower.com\/product\/as700-ride-on-electric-floor-scrubber-industrial-warehouse-cleaning-factory-direct-orvik\",\"url\":\"https:\/\/orvikpower.com\/product\/as700-ride-on-electric-floor-scrubber-industrial-warehouse-cleaning-factory-direct-orvik\",\"name\":\"AS700 Ride-On Electric Floor Scrubber | Industrial Warehouse Cleaning | Factory Direct - ORVIK | ORVIK|Light Commercial Electric Vehicles\",\"isPartOf\":{\"@id\":\"https:\/\/orvikpower.com\/#website\"},\"primaryImageOfPage\":{\"@id\":\"https:\/\/orvikpower.com\/product\/as700-ride-on-electric-floor-scrubber-industrial-warehouse-cleaning-factory-direct-orvik#primaryimage\"},\"image\":{\"@id\":\"https:\/\/orvikpower.com\/product\/as700-ride-on-electric-floor-scrubber-industrial-warehouse-cleaning-factory-direct-orvik#primaryimage\"},\"thumbnailUrl\":\"https:\/\/orvikpower.com\/wp-content\/uploads\/2026\/01\/AS700-Ride-On-Electric-Floor-Scrubber-Industrial-Warehouse-Cleaning-Factory-Direct-ORVIK.jpeg\",\"datePublished\":\"2026-01-21T11:06:00+00:00\",\"breadcrumb\":{\"@id\":\"https:\/\/orvikpower.com\/product\/as700-ride-on-electric-floor-scrubber-industrial-warehouse-cleaning-factory-direct-orvik#breadcrumb\"},\"inLanguage\":\"hu\",\"potentialAction\":[{\"@type\":\"ReadAction\",\"target\":[\"https:\/\/orvikpower.com\/product\/as700-ride-on-electric-floor-scrubber-industrial-warehouse-cleaning-factory-direct-orvik\"]}]},{\"@type\":\"ImageObject\",\"inLanguage\":\"hu\",\"@id\":\"https:\/\/orvikpower.com\/product\/as700-ride-on-electric-floor-scrubber-industrial-warehouse-cleaning-factory-direct-orvik#primaryimage\",\"url\":\"https:\/\/orvikpower.com\/wp-content\/uploads\/2026\/01\/AS700-Ride-On-Electric-Floor-Scrubber-Industrial-Warehouse-Cleaning-Factory-Direct-ORVIK.jpeg\",\"contentUrl\":\"https:\/\/orvikpower.com\/wp-content\/uploads\/2026\/01\/AS700-Ride-On-Electric-Floor-Scrubber-Industrial-Warehouse-Cleaning-Factory-Direct-ORVIK.jpeg\",\"width\":1338,\"height\":1279,\"caption\":\"Maximize facility hygiene with the AS700 Ride-On Scrubber. Features 3000m\u00b2\/h efficiency, 90L tank, and rotomolded anti-corrosion body. Low maintenance, high ROI. Inquire for FCL Wholesale Price.\"},{\"@type\":\"BreadcrumbList\",\"@id\":\"https:\/\/orvikpower.com\/product\/as700-ride-on-electric-floor-scrubber-industrial-warehouse-cleaning-factory-direct-orvik#breadcrumb\",\"itemListElement\":[{\"@type\":\"ListItem\",\"position\":1,\"name\":\"Home\",\"item\":\"https:\/\/orvikpower.com\/\"},{\"@type\":\"ListItem\",\"position\":2,\"name\":\"SHOP\",\"item\":\"https:\/\/orvikpower.com\/shop\"},{\"@type\":\"ListItem\",\"position\":3,\"name\":\"AS700 Ride-On Electric Floor Scrubber | Industrial Warehouse Cleaning | Factory Direct &#8211; ORVIK\"}]},{\"@type\":\"WebSite\",\"@id\":\"https:\/\/orvikpower.com\/#website\",\"url\":\"https:\/\/orvikpower.com\/\",\"name\":\"ORVIK | Light Commercial Electric Vehicles\",\"description\":\"Premier Manufacturer of Off-road Electric Utility Vehicles, Pickups &amp; Mini Trucks. High-Temp &amp; Arctic Ready designs for farms &amp; mines. Save costs with Factory-Direct FCL. Make work flow. Get a Quote.\",\"publisher\":{\"@id\":\"https:\/\/orvikpower.com\/#organization\"},\"potentialAction\":[{\"@type\":\"SearchAction\",\"target\":{\"@type\":\"EntryPoint\",\"urlTemplate\":\"https:\/\/orvikpower.com\/?s={search_term_string}\"},\"query-input\":{\"@type\":\"PropertyValueSpecification\",\"valueRequired\":true,\"valueName\":\"search_term_string\"}}],\"inLanguage\":\"hu\"},{\"@type\":\"Organization\",\"@id\":\"https:\/\/orvikpower.com\/#organization\",\"name\":\"ORVIK | Light Commercial Electric Vehicles\",\"url\":\"https:\/\/orvikpower.com\/\",\"logo\":{\"@type\":\"ImageObject\",\"inLanguage\":\"hu\",\"@id\":\"https:\/\/orvikpower.com\/#\/schema\/logo\/image\/\",\"url\":\"https:\/\/orvikpower.com\/wp-content\/uploads\/2026\/01\/cropped-logo-h-main-small.png\",\"contentUrl\":\"https:\/\/orvikpower.com\/wp-content\/uploads\/2026\/01\/cropped-logo-h-main-small.png\",\"width\":512,\"height\":512,\"caption\":\"ORVIK | Light Commercial Electric Vehicles\"},\"image\":{\"@id\":\"https:\/\/orvikpower.com\/#\/schema\/logo\/image\/\"},\"sameAs\":[\"https:\/\/www.youtube.com\/@ORVIKOrvikPower\",\"https:\/\/www.pinterest.com\/OrvikPower\/\"]}]}<\/script>\n<!-- \/ Yoast SEO plugin. -->","yoast_head_json":{"title":"AS700 Ride-On elektromos padl\u00f3s\u00farol\u00f3 | Ipari rakt\u00e1rtiszt\u00edt\u00e1s | Factory Direct - ORVIK | ORVIK | ORVIK|K\u00f6nny\u0171 haszong\u00e9pj\u00e1rm\u0171vek elektromos j\u00e1rm\u0171vek","robots":{"index":"index","follow":"follow","max-snippet":"max-snippet:-1","max-image-preview":"max-image-preview:large","max-video-preview":"max-video-preview:-1"},"canonical":"https:\/\/orvikpower.com\/hu\/term\u00e9k\/as700-ride-on-electric-floor-scrubber-industrial-warehouse-cleaning-factory-direct-orvik","og_locale":"hu_HU","og_type":"article","og_title":"AS700 Ride-On Electric Floor Scrubber | Industrial Warehouse Cleaning | Factory Direct - ORVIK | ORVIK|Light Commercial Electric Vehicles","og_description":"Maximize facility hygiene with the AS700 Ride-On Scrubber. Features 3000m\u00b2\/h efficiency, 90L tank, and rotomolded anti-corrosion body. Low maintenance, high ROI. Inquire for FCL Wholesale Price.","og_url":"https:\/\/orvikpower.com\/hu\/term\u00e9k\/as700-ride-on-electric-floor-scrubber-industrial-warehouse-cleaning-factory-direct-orvik","og_site_name":"ORVIK|Light Commercial Electric Vehicles","og_image":[{"width":1338,"height":1279,"url":"https:\/\/orvikpower.com\/wp-content\/uploads\/2026\/01\/AS700-Ride-On-Electric-Floor-Scrubber-Industrial-Warehouse-Cleaning-Factory-Direct-ORVIK.jpeg","type":"image\/jpeg"}],"twitter_card":"summary_large_image","twitter_misc":{"Becs\u00fclt olvas\u00e1si id\u0151":"1 perc"},"schema":{"@context":"https:\/\/schema.org","@graph":[{"@type":"WebPage","@id":"https:\/\/orvikpower.com\/product\/as700-ride-on-electric-floor-scrubber-industrial-warehouse-cleaning-factory-direct-orvik","url":"https:\/\/orvikpower.com\/product\/as700-ride-on-electric-floor-scrubber-industrial-warehouse-cleaning-factory-direct-orvik","name":"AS700 Ride-On elektromos padl\u00f3s\u00farol\u00f3 | Ipari rakt\u00e1rtiszt\u00edt\u00e1s | Factory Direct - ORVIK | ORVIK | ORVIK|K\u00f6nny\u0171 haszong\u00e9pj\u00e1rm\u0171vek elektromos j\u00e1rm\u0171vek","isPartOf":{"@id":"https:\/\/orvikpower.com\/#website"},"primaryImageOfPage":{"@id":"https:\/\/orvikpower.com\/product\/as700-ride-on-electric-floor-scrubber-industrial-warehouse-cleaning-factory-direct-orvik#primaryimage"},"image":{"@id":"https:\/\/orvikpower.com\/product\/as700-ride-on-electric-floor-scrubber-industrial-warehouse-cleaning-factory-direct-orvik#primaryimage"},"thumbnailUrl":"https:\/\/orvikpower.com\/wp-content\/uploads\/2026\/01\/AS700-Ride-On-Electric-Floor-Scrubber-Industrial-Warehouse-Cleaning-Factory-Direct-ORVIK.jpeg","datePublished":"2026-01-21T11:06:00+00:00","breadcrumb":{"@id":"https:\/\/orvikpower.com\/product\/as700-ride-on-electric-floor-scrubber-industrial-warehouse-cleaning-factory-direct-orvik#breadcrumb"},"inLanguage":"hu","potentialAction":[{"@type":"ReadAction","target":["https:\/\/orvikpower.com\/product\/as700-ride-on-electric-floor-scrubber-industrial-warehouse-cleaning-factory-direct-orvik"]}]},{"@type":"ImageObject","inLanguage":"hu","@id":"https:\/\/orvikpower.com\/product\/as700-ride-on-electric-floor-scrubber-industrial-warehouse-cleaning-factory-direct-orvik#primaryimage","url":"https:\/\/orvikpower.com\/wp-content\/uploads\/2026\/01\/AS700-Ride-On-Electric-Floor-Scrubber-Industrial-Warehouse-Cleaning-Factory-Direct-ORVIK.jpeg","contentUrl":"https:\/\/orvikpower.com\/wp-content\/uploads\/2026\/01\/AS700-Ride-On-Electric-Floor-Scrubber-Industrial-Warehouse-Cleaning-Factory-Direct-ORVIK.jpeg","width":1338,"height":1279,"caption":"Maximize facility hygiene with the AS700 Ride-On Scrubber. Features 3000m\u00b2\/h efficiency, 90L tank, and rotomolded anti-corrosion body. Low maintenance, high ROI. Inquire for FCL Wholesale Price."},{"@type":"BreadcrumbList","@id":"https:\/\/orvikpower.com\/product\/as700-ride-on-electric-floor-scrubber-industrial-warehouse-cleaning-factory-direct-orvik#breadcrumb","itemListElement":[{"@type":"ListItem","position":1,"name":"Home","item":"https:\/\/orvikpower.com\/"},{"@type":"ListItem","position":2,"name":"SHOP","item":"https:\/\/orvikpower.com\/shop"},{"@type":"ListItem","position":3,"name":"AS700 Ride-On Electric Floor Scrubber | Industrial Warehouse Cleaning | Factory Direct &#8211; ORVIK"}]},{"@type":"WebSite","@id":"https:\/\/orvikpower.com\/#website","url":"https:\/\/orvikpower.com\/","name":"ORVIK | K\u00f6nny\u0171 haszong\u00e9pj\u00e1rm\u0171vek","description":"A terepj\u00e1r\u00f3 elektromos haszonj\u00e1rm\u0171vek, pickupok \u00e9s mini teheraut\u00f3k els\u0151sz\u00e1m\u00fa gy\u00e1rt\u00f3ja. High-Temp &amp; Arctic Ready kivitelek farmok \u00e9s b\u00e1ny\u00e1k sz\u00e1m\u00e1ra. K\u00f6lts\u00e9gmegtakar\u00edt\u00e1s a Factory-Direct FCL seg\u00edts\u00e9g\u00e9vel. Tegye a munkafolyamatot. K\u00e9rjen \u00e1raj\u00e1nlatot.","publisher":{"@id":"https:\/\/orvikpower.com\/#organization"},"potentialAction":[{"@type":"SearchAction","target":{"@type":"EntryPoint","urlTemplate":"https:\/\/orvikpower.com\/?s={search_term_string}"},"query-input":{"@type":"PropertyValueSpecification","valueRequired":true,"valueName":"search_term_string"}}],"inLanguage":"hu"},{"@type":"Organization","@id":"https:\/\/orvikpower.com\/#organization","name":"ORVIK | K\u00f6nny\u0171 haszong\u00e9pj\u00e1rm\u0171vek","url":"https:\/\/orvikpower.com\/","logo":{"@type":"ImageObject","inLanguage":"hu","@id":"https:\/\/orvikpower.com\/#\/schema\/logo\/image\/","url":"https:\/\/orvikpower.com\/wp-content\/uploads\/2026\/01\/cropped-logo-h-main-small.png","contentUrl":"https:\/\/orvikpower.com\/wp-content\/uploads\/2026\/01\/cropped-logo-h-main-small.png","width":512,"height":512,"caption":"ORVIK | Light Commercial Electric Vehicles"},"image":{"@id":"https:\/\/orvikpower.com\/#\/schema\/logo\/image\/"},"sameAs":["https:\/\/www.youtube.com\/@ORVIKOrvikPower","https:\/\/www.pinterest.com\/OrvikPower\/"]}]}},"_links":{"self":[{"href":"https:\/\/orvikpower.com\/hu\/wp-json\/wp\/v2\/product\/19075","targetHints":{"allow":["GET"]}}],"collection":[{"href":"https:\/\/orvikpower.com\/hu\/wp-json\/wp\/v2\/product"}],"about":[{"href":"https:\/\/orvikpower.com\/hu\/wp-json\/wp\/v2\/types\/product"}],"replies":[{"embeddable":true,"href":"https:\/\/orvikpower.com\/hu\/wp-json\/wp\/v2\/comments?post=19075"}],"wp:featuredmedia":[{"embeddable":true,"href":"https:\/\/orvikpower.com\/hu\/wp-json\/wp\/v2\/media\/19076"}],"wp:attachment":[{"href":"https:\/\/orvikpower.com\/hu\/wp-json\/wp\/v2\/media?parent=19075"}],"wp:term":[{"taxonomy":"product_brand","embeddable":true,"href":"https:\/\/orvikpower.com\/hu\/wp-json\/wp\/v2\/product_brand?post=19075"},{"taxonomy":"product_cat","embeddable":true,"href":"https:\/\/orvikpower.com\/hu\/wp-json\/wp\/v2\/product_cat?post=19075"},{"taxonomy":"product_tag","embeddable":true,"href":"https:\/\/orvikpower.com\/hu\/wp-json\/wp\/v2\/product_tag?post=19075"}],"curies":[{"name":"wp","href":"https:\/\/api.w.org\/{rel}","templated":true}]}}