{"id":19077,"date":"2026-01-21T13:43:30","date_gmt":"2026-01-21T13:43:30","guid":{"rendered":"https:\/\/orvikpower.com\/?post_type=product&#038;p=19077"},"modified":"2026-01-21T13:44:07","modified_gmt":"2026-01-21T13:44:07","slug":"as700-plus-electric-ride-on-floor-scrubber-industrial-cleaning-wholesale-orvik","status":"publish","type":"product","link":"https:\/\/orvikpower.com\/hu\/term%c3%a9k\/as700-plus-electric-ride-on-floor-scrubber-industrial-cleaning-wholesale-orvik","title":{"rendered":"AS700 PLUS elektromos felh\u00fazhat\u00f3 padl\u00f3s\u00farol\u00f3 | Ipari takar\u00edt\u00e1s nagykereskedelem - ORVIK"},"content":{"rendered":"<p dir=\"auto\">A <strong>AS700 PLUS<\/strong> \u00fagy tervezt\u00e9k, hogy a munkaig\u00e9nyes k\u00e9zi tiszt\u00edt\u00e1st ipari szint\u0171 hat\u00e9konys\u00e1ggal v\u00e1ltsa fel. Az al\u00e1bbi jellemz\u0151kkel <strong>3600 m\u00b2\/h tiszt\u00edt\u00e1si kapacit\u00e1s<\/strong> \u00e9s a kett\u0151s kef\u00e9s rendszerrel (Jellemz\u0151) ez a felsz\u00e1ll\u00f3 s\u00farol\u00f3g\u00e9p dr\u00e1maian cs\u00f6kkenti a nagy padl\u00f3fel\u00fcletek, p\u00e9ld\u00e1ul rakt\u00e1rak, k\u00f3rh\u00e1zak \u00e9s gy\u00e1rak padl\u00f3inak karbantart\u00e1s\u00e1hoz sz\u00fcks\u00e9ges id\u0151t (El\u0151ny).<\/p>\n<div class=\"my-2\"><\/div>\n<p dir=\"auto\">\u00c9p\u00fclt egy <strong>rot\u00e1ci\u00f3san \u00f6nt\u00f6tt karossz\u00e9ria \u00e9s elektrofor\u00e9zissel kezelt ac\u00e9l alv\u00e1z<\/strong>, Az AS700 ellen\u00e1ll az \u00fct\u00e9snek \u00e9s a korr\u00f3zi\u00f3nak, \u00edgy hossz\u00fa \u00e9lettartamot biztos\u00edt m\u00e9g zord k\u00f6rnyezetben is. A m\u00e1gneses kefekialak\u00edt\u00e1s lehet\u0151v\u00e9 teszi a szersz\u00e1m n\u00e9lk\u00fcli cser\u00e9t, minimaliz\u00e1lva a karbantart\u00e1si \u00e1ll\u00e1sid\u0151t (Haszon). Legyen sz\u00f3 porszab\u00e1lyoz\u00e1sr\u00f3l vagy m\u00e9lys\u00farol\u00e1sr\u00f3l, az AS700-at \u00fagy tervezt\u00e9k, hogy megk\u00f6nny\u00edtse a munkafolyamatokat.<\/p>\n<div class=\"my-2\"><\/div>\n<ul dir=\"auto\">\n<li class=\"text-start\"><strong>Teljes\u00edtm\u00e9ny testreszab\u00e1sa:<\/strong> A motor teljes\u00edtm\u00e9nye \u00e9s nyomat\u00e9ka testre szabhat\u00f3 az adott lejt\u0151re vonatkoz\u00f3 k\u00f6vetelm\u00e9nyekhez.<\/li>\n<li class=\"text-start\"><strong>Akkumul\u00e1tor opci\u00f3k:<\/strong> Alapfelszerelts\u00e9gben 24 V-os \u00f3lom-sav akkumul\u00e1torral; LiFePO4-re b\u0151v\u00edthet\u0151 a hosszabb m\u0171szakok \u00e9s a gyors t\u00f6lt\u00e9s \u00e9rdek\u00e9ben.<\/li>\n<\/ul>\n<table class=\"table table-striped-white table-bordered\" data-anchor-id=\"zgd0\">\n<thead>\n<tr>\n<th>Jellemz\u0151<\/th>\n<th>Specifik\u00e1ci\u00f3<\/th>\n<\/tr>\n<\/thead>\n<tbody>\n<tr>\n<td><strong>Modell<\/strong><\/td>\n<td>AS700 PLUS (dupla kefe)<\/td>\n<\/tr>\n<tr>\n<td><strong>M\u00e9retek (L*S*H)<\/strong><\/td>\n<td>1500 \u00d7 950 \u00d7 1150 mm<\/td>\n<\/tr>\n<tr>\n<td><strong>Tiszt\u00edt\u00e1si hat\u00e9konys\u00e1g<\/strong><\/td>\n<td>3600 m\u00b2\/h<\/td>\n<\/tr>\n<tr>\n<td><strong>Tiszt\u00edt\u00e1si sz\u00e9less\u00e9g<\/strong><\/td>\n<td>S\u00farol\u00e1s: 660mm<\/td>\n<\/tr>\n<tr>\n<td><strong>Tart\u00e1ly kapacit\u00e1sa<\/strong><\/td>\n<td>Tiszta v\u00edz: 90L<\/td>\n<\/tr>\n<tr>\n<td><strong>Rendszerfesz\u00fclts\u00e9g<\/strong><\/td>\n<td>24V<\/td>\n<\/tr>\n<tr>\n<td><strong>Az akkumul\u00e1tor kapacit\u00e1sa<\/strong><\/td>\n<td>100Ah (\u00f3lom-savas szabv\u00e1ny \/ LiFePO4 opcion\u00e1lis)<\/td>\n<\/tr>\n<tr>\n<td><strong>Motor teljes\u00edtm\u00e9ny<\/strong><\/td>\n<td>Hajt\u00e1s: 500W<\/td>\n<\/tr>\n<tr>\n<td><strong>Fut\u00e1si id\u0151<\/strong><\/td>\n<td>2-3 \u00f3ra (Standard csomag)<\/td>\n<\/tr>\n<tr>\n<td><strong>Alv\u00e1z \u00e9s karossz\u00e9ria<\/strong><\/td>\n<td>Elektrofor\u00e9zis ac\u00e9l alv\u00e1z + rot\u00e1ci\u00f3s \u00f6nt\u00f6tt test<\/td>\n<\/tr>\n<tr>\n<td><strong>Gumiabroncs t\u00edpusa<\/strong><\/td>\n<td>Gumi + PU (nem jel\u00f6l\u0151)<\/td>\n<\/tr>\n<tr>\n<td><strong>Rakod\u00e1si mennyis\u00e9g (40HQ)<\/strong><\/td>\n<td><em>Kapcsolat a sz\u00e1m\u00edtott terhel\u00e9si tervhez<\/em><\/td>\n<\/tr>\n<\/tbody>\n<\/table>","protected":false},"excerpt":{"rendered":"<p>Maximaliz\u00e1lja a higi\u00e9niai hat\u00e9konys\u00e1got az AS700 Ride-on s\u00farol\u00f3g\u00e9p seg\u00edts\u00e9g\u00e9vel. Jellemz\u0151i: 3600m\u00b2\/h tiszt\u00edt\u00e1si sebess\u00e9g, 90 literes tart\u00e1ly \u00e9s robusztus rot\u00e1ci\u00f3s \u00f6nt\u00f6tt test. Gy\u00e1ri k\u00f6zvetlen FCL sz\u00e1ll\u00edt\u00e1s. <strong>\u00c9rdekl\u0151dj\u00f6n az FCL \u00e1rr\u00f3l.<\/strong><\/p>","protected":false},"featured_media":19078,"comment_status":"open","ping_status":"closed","template":"","meta":{"_eb_attr":""},"product_brand":[],"product_cat":[75,74],"product_tag":[92,118,124,91,120,123],"class_list":{"0":"post-19077","1":"product","2":"type-product","3":"status-publish","4":"has-post-thumbnail","6":"product_cat-electric-street-sweepers","7":"product_cat-specialized-service-vehicles","8":"product_tag-factory-floor","9":"product_tag-hospital","10":"product_tag-hotel-resort","11":"product_tag-industrial-park","12":"product_tag-shopping-mall","13":"product_tag-warehouse","15":"first","16":"instock","17":"shipping-taxable","18":"product-type-simple"},"yoast_head":"<!-- This site is optimized with the Yoast SEO plugin v26.9 - https:\/\/yoast.com\/product\/yoast-seo-wordpress\/ -->\n<title>AS700 PLUS Electric Ride-on Floor Scrubber | Industrial Cleaning Wholesale - ORVIK | ORVIK|Light Commercial Electric Vehicles<\/title>\n<meta name=\"robots\" content=\"index, follow, max-snippet:-1, max-image-preview:large, max-video-preview:-1\" \/>\n<link rel=\"canonical\" href=\"https:\/\/orvikpower.com\/hu\/term\u00e9k\/as700-plus-electric-ride-on-floor-scrubber-industrial-cleaning-wholesale-orvik\" \/>\n<meta property=\"og:locale\" content=\"hu_HU\" \/>\n<meta property=\"og:type\" content=\"article\" \/>\n<meta property=\"og:title\" content=\"AS700 PLUS Electric Ride-on Floor Scrubber | Industrial Cleaning Wholesale - ORVIK | ORVIK|Light Commercial Electric Vehicles\" \/>\n<meta property=\"og:description\" content=\"Maximize hygiene efficiency with the AS700 Ride-on Scrubber. Features 3600m\u00b2\/h cleaning rate, 90L tank, and robust rotomolded body. Factory direct FCL supply. Inquire for FCL Price.\" \/>\n<meta property=\"og:url\" content=\"https:\/\/orvikpower.com\/hu\/term\u00e9k\/as700-plus-electric-ride-on-floor-scrubber-industrial-cleaning-wholesale-orvik\" \/>\n<meta property=\"og:site_name\" content=\"ORVIK|Light Commercial Electric Vehicles\" \/>\n<meta property=\"article:modified_time\" content=\"2026-01-21T13:44:07+00:00\" \/>\n<meta property=\"og:image\" content=\"https:\/\/orvikpower.com\/wp-content\/uploads\/2026\/01\/AS700-PLUS-Electric-Ride-on-Floor-Scrubber-Industrial-Cleaning-Wholesale-ORVIK.jpeg\" \/>\n\t<meta property=\"og:image:width\" content=\"1385\" \/>\n\t<meta property=\"og:image:height\" content=\"1280\" \/>\n\t<meta property=\"og:image:type\" content=\"image\/jpeg\" \/>\n<meta name=\"twitter:card\" content=\"summary_large_image\" \/>\n<meta name=\"twitter:label1\" content=\"Becs\u00fclt olvas\u00e1si id\u0151\" \/>\n\t<meta name=\"twitter:data1\" content=\"1 perc\" \/>\n<script type=\"application\/ld+json\" class=\"yoast-schema-graph\">{\"@context\":\"https:\/\/schema.org\",\"@graph\":[{\"@type\":\"WebPage\",\"@id\":\"https:\/\/orvikpower.com\/product\/as700-plus-electric-ride-on-floor-scrubber-industrial-cleaning-wholesale-orvik\",\"url\":\"https:\/\/orvikpower.com\/product\/as700-plus-electric-ride-on-floor-scrubber-industrial-cleaning-wholesale-orvik\",\"name\":\"AS700 PLUS Electric Ride-on Floor Scrubber | Industrial Cleaning Wholesale - ORVIK | ORVIK|Light Commercial Electric Vehicles\",\"isPartOf\":{\"@id\":\"https:\/\/orvikpower.com\/#website\"},\"primaryImageOfPage\":{\"@id\":\"https:\/\/orvikpower.com\/product\/as700-plus-electric-ride-on-floor-scrubber-industrial-cleaning-wholesale-orvik#primaryimage\"},\"image\":{\"@id\":\"https:\/\/orvikpower.com\/product\/as700-plus-electric-ride-on-floor-scrubber-industrial-cleaning-wholesale-orvik#primaryimage\"},\"thumbnailUrl\":\"https:\/\/orvikpower.com\/wp-content\/uploads\/2026\/01\/AS700-PLUS-Electric-Ride-on-Floor-Scrubber-Industrial-Cleaning-Wholesale-ORVIK.jpeg\",\"datePublished\":\"2026-01-21T13:43:30+00:00\",\"dateModified\":\"2026-01-21T13:44:07+00:00\",\"breadcrumb\":{\"@id\":\"https:\/\/orvikpower.com\/product\/as700-plus-electric-ride-on-floor-scrubber-industrial-cleaning-wholesale-orvik#breadcrumb\"},\"inLanguage\":\"hu\",\"potentialAction\":[{\"@type\":\"ReadAction\",\"target\":[\"https:\/\/orvikpower.com\/product\/as700-plus-electric-ride-on-floor-scrubber-industrial-cleaning-wholesale-orvik\"]}]},{\"@type\":\"ImageObject\",\"inLanguage\":\"hu\",\"@id\":\"https:\/\/orvikpower.com\/product\/as700-plus-electric-ride-on-floor-scrubber-industrial-cleaning-wholesale-orvik#primaryimage\",\"url\":\"https:\/\/orvikpower.com\/wp-content\/uploads\/2026\/01\/AS700-PLUS-Electric-Ride-on-Floor-Scrubber-Industrial-Cleaning-Wholesale-ORVIK.jpeg\",\"contentUrl\":\"https:\/\/orvikpower.com\/wp-content\/uploads\/2026\/01\/AS700-PLUS-Electric-Ride-on-Floor-Scrubber-Industrial-Cleaning-Wholesale-ORVIK.jpeg\",\"width\":1385,\"height\":1280},{\"@type\":\"BreadcrumbList\",\"@id\":\"https:\/\/orvikpower.com\/product\/as700-plus-electric-ride-on-floor-scrubber-industrial-cleaning-wholesale-orvik#breadcrumb\",\"itemListElement\":[{\"@type\":\"ListItem\",\"position\":1,\"name\":\"Home\",\"item\":\"https:\/\/orvikpower.com\/\"},{\"@type\":\"ListItem\",\"position\":2,\"name\":\"SHOP\",\"item\":\"https:\/\/orvikpower.com\/shop\"},{\"@type\":\"ListItem\",\"position\":3,\"name\":\"AS700 PLUS Electric Ride-on Floor Scrubber | Industrial Cleaning Wholesale &#8211; ORVIK\"}]},{\"@type\":\"WebSite\",\"@id\":\"https:\/\/orvikpower.com\/#website\",\"url\":\"https:\/\/orvikpower.com\/\",\"name\":\"ORVIK | Light Commercial Electric Vehicles\",\"description\":\"Premier Manufacturer of Off-road Electric Utility Vehicles, Pickups &amp; Mini Trucks. High-Temp &amp; Arctic Ready designs for farms &amp; mines. Save costs with Factory-Direct FCL. Make work flow. Get a Quote.\",\"publisher\":{\"@id\":\"https:\/\/orvikpower.com\/#organization\"},\"potentialAction\":[{\"@type\":\"SearchAction\",\"target\":{\"@type\":\"EntryPoint\",\"urlTemplate\":\"https:\/\/orvikpower.com\/?s={search_term_string}\"},\"query-input\":{\"@type\":\"PropertyValueSpecification\",\"valueRequired\":true,\"valueName\":\"search_term_string\"}}],\"inLanguage\":\"hu\"},{\"@type\":\"Organization\",\"@id\":\"https:\/\/orvikpower.com\/#organization\",\"name\":\"ORVIK | Light Commercial Electric Vehicles\",\"url\":\"https:\/\/orvikpower.com\/\",\"logo\":{\"@type\":\"ImageObject\",\"inLanguage\":\"hu\",\"@id\":\"https:\/\/orvikpower.com\/#\/schema\/logo\/image\/\",\"url\":\"https:\/\/orvikpower.com\/wp-content\/uploads\/2026\/01\/cropped-logo-h-main-small.png\",\"contentUrl\":\"https:\/\/orvikpower.com\/wp-content\/uploads\/2026\/01\/cropped-logo-h-main-small.png\",\"width\":512,\"height\":512,\"caption\":\"ORVIK | Light Commercial Electric Vehicles\"},\"image\":{\"@id\":\"https:\/\/orvikpower.com\/#\/schema\/logo\/image\/\"},\"sameAs\":[\"https:\/\/www.youtube.com\/@ORVIKOrvikPower\",\"https:\/\/www.pinterest.com\/OrvikPower\/\"]}]}<\/script>\n<!-- \/ Yoast SEO plugin. -->","yoast_head_json":{"title":"AS700 PLUS elektromos padl\u00f3s\u00farol\u00f3 | Ipari takar\u00edt\u00e1s nagykereskedelem - ORVIK | ORVIK | ORVIK|K\u00f6nny\u0171 haszong\u00e9pj\u00e1rm\u0171vek elektromos j\u00e1rm\u0171vek","robots":{"index":"index","follow":"follow","max-snippet":"max-snippet:-1","max-image-preview":"max-image-preview:large","max-video-preview":"max-video-preview:-1"},"canonical":"https:\/\/orvikpower.com\/hu\/term\u00e9k\/as700-plus-electric-ride-on-floor-scrubber-industrial-cleaning-wholesale-orvik","og_locale":"hu_HU","og_type":"article","og_title":"AS700 PLUS Electric Ride-on Floor Scrubber | Industrial Cleaning Wholesale - ORVIK | ORVIK|Light Commercial Electric Vehicles","og_description":"Maximize hygiene efficiency with the AS700 Ride-on Scrubber. Features 3600m\u00b2\/h cleaning rate, 90L tank, and robust rotomolded body. Factory direct FCL supply. Inquire for FCL Price.","og_url":"https:\/\/orvikpower.com\/hu\/term\u00e9k\/as700-plus-electric-ride-on-floor-scrubber-industrial-cleaning-wholesale-orvik","og_site_name":"ORVIK|Light Commercial Electric Vehicles","article_modified_time":"2026-01-21T13:44:07+00:00","og_image":[{"width":1385,"height":1280,"url":"https:\/\/orvikpower.com\/wp-content\/uploads\/2026\/01\/AS700-PLUS-Electric-Ride-on-Floor-Scrubber-Industrial-Cleaning-Wholesale-ORVIK.jpeg","type":"image\/jpeg"}],"twitter_card":"summary_large_image","twitter_misc":{"Becs\u00fclt olvas\u00e1si id\u0151":"1 perc"},"schema":{"@context":"https:\/\/schema.org","@graph":[{"@type":"WebPage","@id":"https:\/\/orvikpower.com\/product\/as700-plus-electric-ride-on-floor-scrubber-industrial-cleaning-wholesale-orvik","url":"https:\/\/orvikpower.com\/product\/as700-plus-electric-ride-on-floor-scrubber-industrial-cleaning-wholesale-orvik","name":"AS700 PLUS elektromos padl\u00f3s\u00farol\u00f3 | Ipari takar\u00edt\u00e1s nagykereskedelem - ORVIK | ORVIK | ORVIK|K\u00f6nny\u0171 haszong\u00e9pj\u00e1rm\u0171vek elektromos j\u00e1rm\u0171vek","isPartOf":{"@id":"https:\/\/orvikpower.com\/#website"},"primaryImageOfPage":{"@id":"https:\/\/orvikpower.com\/product\/as700-plus-electric-ride-on-floor-scrubber-industrial-cleaning-wholesale-orvik#primaryimage"},"image":{"@id":"https:\/\/orvikpower.com\/product\/as700-plus-electric-ride-on-floor-scrubber-industrial-cleaning-wholesale-orvik#primaryimage"},"thumbnailUrl":"https:\/\/orvikpower.com\/wp-content\/uploads\/2026\/01\/AS700-PLUS-Electric-Ride-on-Floor-Scrubber-Industrial-Cleaning-Wholesale-ORVIK.jpeg","datePublished":"2026-01-21T13:43:30+00:00","dateModified":"2026-01-21T13:44:07+00:00","breadcrumb":{"@id":"https:\/\/orvikpower.com\/product\/as700-plus-electric-ride-on-floor-scrubber-industrial-cleaning-wholesale-orvik#breadcrumb"},"inLanguage":"hu","potentialAction":[{"@type":"ReadAction","target":["https:\/\/orvikpower.com\/product\/as700-plus-electric-ride-on-floor-scrubber-industrial-cleaning-wholesale-orvik"]}]},{"@type":"ImageObject","inLanguage":"hu","@id":"https:\/\/orvikpower.com\/product\/as700-plus-electric-ride-on-floor-scrubber-industrial-cleaning-wholesale-orvik#primaryimage","url":"https:\/\/orvikpower.com\/wp-content\/uploads\/2026\/01\/AS700-PLUS-Electric-Ride-on-Floor-Scrubber-Industrial-Cleaning-Wholesale-ORVIK.jpeg","contentUrl":"https:\/\/orvikpower.com\/wp-content\/uploads\/2026\/01\/AS700-PLUS-Electric-Ride-on-Floor-Scrubber-Industrial-Cleaning-Wholesale-ORVIK.jpeg","width":1385,"height":1280},{"@type":"BreadcrumbList","@id":"https:\/\/orvikpower.com\/product\/as700-plus-electric-ride-on-floor-scrubber-industrial-cleaning-wholesale-orvik#breadcrumb","itemListElement":[{"@type":"ListItem","position":1,"name":"Home","item":"https:\/\/orvikpower.com\/"},{"@type":"ListItem","position":2,"name":"SHOP","item":"https:\/\/orvikpower.com\/shop"},{"@type":"ListItem","position":3,"name":"AS700 PLUS Electric Ride-on Floor Scrubber | Industrial Cleaning Wholesale &#8211; ORVIK"}]},{"@type":"WebSite","@id":"https:\/\/orvikpower.com\/#website","url":"https:\/\/orvikpower.com\/","name":"ORVIK | K\u00f6nny\u0171 haszong\u00e9pj\u00e1rm\u0171vek","description":"A terepj\u00e1r\u00f3 elektromos haszonj\u00e1rm\u0171vek, pickupok \u00e9s mini teheraut\u00f3k els\u0151sz\u00e1m\u00fa gy\u00e1rt\u00f3ja. High-Temp &amp; Arctic Ready kivitelek farmok \u00e9s b\u00e1ny\u00e1k sz\u00e1m\u00e1ra. K\u00f6lts\u00e9gmegtakar\u00edt\u00e1s a Factory-Direct FCL seg\u00edts\u00e9g\u00e9vel. Tegye a munkafolyamatot. K\u00e9rjen \u00e1raj\u00e1nlatot.","publisher":{"@id":"https:\/\/orvikpower.com\/#organization"},"potentialAction":[{"@type":"SearchAction","target":{"@type":"EntryPoint","urlTemplate":"https:\/\/orvikpower.com\/?s={search_term_string}"},"query-input":{"@type":"PropertyValueSpecification","valueRequired":true,"valueName":"search_term_string"}}],"inLanguage":"hu"},{"@type":"Organization","@id":"https:\/\/orvikpower.com\/#organization","name":"ORVIK | K\u00f6nny\u0171 haszong\u00e9pj\u00e1rm\u0171vek","url":"https:\/\/orvikpower.com\/","logo":{"@type":"ImageObject","inLanguage":"hu","@id":"https:\/\/orvikpower.com\/#\/schema\/logo\/image\/","url":"https:\/\/orvikpower.com\/wp-content\/uploads\/2026\/01\/cropped-logo-h-main-small.png","contentUrl":"https:\/\/orvikpower.com\/wp-content\/uploads\/2026\/01\/cropped-logo-h-main-small.png","width":512,"height":512,"caption":"ORVIK | Light Commercial Electric Vehicles"},"image":{"@id":"https:\/\/orvikpower.com\/#\/schema\/logo\/image\/"},"sameAs":["https:\/\/www.youtube.com\/@ORVIKOrvikPower","https:\/\/www.pinterest.com\/OrvikPower\/"]}]}},"_links":{"self":[{"href":"https:\/\/orvikpower.com\/hu\/wp-json\/wp\/v2\/product\/19077","targetHints":{"allow":["GET"]}}],"collection":[{"href":"https:\/\/orvikpower.com\/hu\/wp-json\/wp\/v2\/product"}],"about":[{"href":"https:\/\/orvikpower.com\/hu\/wp-json\/wp\/v2\/types\/product"}],"replies":[{"embeddable":true,"href":"https:\/\/orvikpower.com\/hu\/wp-json\/wp\/v2\/comments?post=19077"}],"wp:featuredmedia":[{"embeddable":true,"href":"https:\/\/orvikpower.com\/hu\/wp-json\/wp\/v2\/media\/19078"}],"wp:attachment":[{"href":"https:\/\/orvikpower.com\/hu\/wp-json\/wp\/v2\/media?parent=19077"}],"wp:term":[{"taxonomy":"product_brand","embeddable":true,"href":"https:\/\/orvikpower.com\/hu\/wp-json\/wp\/v2\/product_brand?post=19077"},{"taxonomy":"product_cat","embeddable":true,"href":"https:\/\/orvikpower.com\/hu\/wp-json\/wp\/v2\/product_cat?post=19077"},{"taxonomy":"product_tag","embeddable":true,"href":"https:\/\/orvikpower.com\/hu\/wp-json\/wp\/v2\/product_tag?post=19077"}],"curies":[{"name":"wp","href":"https:\/\/api.w.org\/{rel}","templated":true}]}}